{"id":856,"date":"2026-01-23T21:42:19","date_gmt":"2026-01-23T19:42:19","guid":{"rendered":"https:\/\/www.transtoyou.com\/pl\/product\/kyleena\/"},"modified":"2026-01-23T21:43:26","modified_gmt":"2026-01-23T19:43:26","slug":"kyleena","status":"publish","type":"product","link":"https:\/\/www.transtoyou.com\/pl\/product\/kyleena\/","title":{"rendered":"Kyleena"},"content":{"rendered":"<p>Kyleena to ma\u0142a, elastyczna wk\u0142adka wewn\u0105trzmaciczna, kt\u00f3ra uwalnia nisk\u0105 dawk\u0119 hormonu lewonorgestrelu bezpo\u015brednio do macicy. Zapewnia d\u0142ugoterminow\u0105, odwracaln\u0105 antykoncepcj\u0119 przez okres do pi\u0119ciu lat i nale\u017cy do najskuteczniejszych metod kontroli urodze\u0144 dost\u0119pnych na rynku. Po umieszczeniu, Kyleena dzia\u0142a nieprzerwanie, nie wymagaj\u0105c codziennej uwagi.<\/p>\n<p>Urz\u0105dzenie umieszczane jest wewn\u0105trz macicy podczas prostego zabiegu. Powoli uwalnia lewonorgestrel, kt\u00f3ry zag\u0119szcza \u015bluz szyjkowy, aby zapobiec dotarciu plemnik\u00f3w do kom\u00f3rki jajowej i mo\u017ce r\u00f3wnie\u017c t\u0142umi\u0107 owulacj\u0119 u niekt\u00f3rych os\u00f3b. Hormon uwalniany jest lokalnie w ma\u0142ych ilo\u015bciach, co zmniejsza prawdopodobie\u0144stwo og\u00f3lnoustrojowych skutk\u00f3w ubocznych.<\/p>\n<p>Kyleena jest mniejsza ni\u017c niekt\u00f3re inne wk\u0142adki IUD i cz\u0119sto wybierana jest przez osoby, kt\u00f3re preferuj\u0105 opcj\u0119 hormonaln\u0105 o niskiej dawce lub kt\u00f3re nie mia\u0142y dzieci. Jest skuteczna w ci\u0105gu 24 godzin od umieszczenia i mo\u017ce by\u0107 usuni\u0119ta w dowolnym momencie, co pozwala na szybki powr\u00f3t p\u0142odno\u015bci. W przeciwie\u0144stwie do codziennych tabletek lub zastrzyk\u00f3w, Kyleena oferuje ci\u0105g\u0142\u0105 ochron\u0119 bez konieczno\u015bci regularnych dzia\u0142a\u0144 ze strony u\u017cytkownika.<\/p>\n<p>Ta wk\u0142adka wewn\u0105trzmaciczna to dyskretna i bardzo niezawodna metoda antykoncepcji, kt\u00f3ra pozwala u\u017cytkownikom unika\u0107 estrogenu i wybra\u0107 d\u0142ugoterminowe, niskonak\u0142adowe rozwi\u0105zanie. Kyleena nie zawiera miedzi i nie jest przeznaczona do antykoncepcji awaryjnej. Mo\u017cesz zam\u00f3wi\u0107 Kyleen\u0119 w Transtoyou, ale musisz um\u00f3wi\u0107 si\u0119 na wizyt\u0119 z profesjonalist\u0105, kt\u00f3ry mo\u017ce umie\u015bci\u0107 wk\u0142adk\u0119 dla Ciebie.<\/p>\n","protected":false},"excerpt":{"rendered":"<ul>\n<li>D\u0142ugoterminowa hormonalna wk\u0142adka wewn\u0119trzna<\/li>\n<li>Skuteczna do pi\u0119ciu lat<\/li>\n<li>Niskodawkowa i wolna od estrogen\u00f3w<\/li>\n<\/ul>\n","protected":false},"featured_media":858,"comment_status":"open","ping_status":"closed","template":"","meta":[],"product_brand":[],"product_cat":[146,139],"product_tag":[],"expert":[19],"class_list":{"0":"post-856","1":"product","2":"type-product","3":"status-publish","4":"has-post-thumbnail","6":"product_cat-tlumienie-menstruacji","7":"product_cat-wkladka-wewnatrzmaciczna-iud","8":"expert-dr-j-vazquez","10":"first","11":"instock","12":"shipping-taxable","13":"product-type-variable"},"yoast_head":"<!-- This site is optimized with the Yoast SEO plugin v27.0 - https:\/\/yoast.com\/product\/yoast-seo-wordpress\/ -->\n<title>Kyleena | Skuteczna D\u0142ugoterminowa Antykoncepcja - Transtoyou<\/title>\n<meta name=\"description\" content=\"Kyleena, dost\u0119pna w Transtoyou, to niezawodna, d\u0142ugoterminowa metoda antykoncepcyjna. Odkryj jej zalety ju\u017c dzi\u015b dla zaufanego planowania rodziny.\" \/>\n<meta name=\"robots\" content=\"noindex, follow, max-snippet:-1, max-image-preview:large, max-video-preview:-1\" \/>\n<meta property=\"og:locale\" content=\"pl_PL\" \/>\n<meta property=\"og:type\" content=\"article\" \/>\n<meta property=\"og:title\" content=\"Kyleena | Skuteczna D\u0142ugoterminowa Antykoncepcja - Transtoyou\" \/>\n<meta property=\"og:description\" content=\"Kyleena, dost\u0119pna w Transtoyou, to niezawodna, d\u0142ugoterminowa metoda antykoncepcyjna. Odkryj jej zalety ju\u017c dzi\u015b dla zaufanego planowania rodziny.\" \/>\n<meta property=\"og:url\" content=\"https:\/\/www.transtoyou.com\/pl\/product\/kyleena\/\" \/>\n<meta property=\"og:site_name\" content=\"Transtoyou - PL\" \/>\n<meta property=\"article:modified_time\" content=\"2026-01-23T19:43:26+00:00\" \/>\n<meta name=\"twitter:card\" content=\"summary_large_image\" \/>\n<meta name=\"twitter:label1\" content=\"Szacowany czas czytania\" \/>\n\t<meta name=\"twitter:data1\" content=\"1 minuta\" \/>\n<script type=\"application\/ld+json\" class=\"yoast-schema-graph\">{\"@context\":\"https:\/\/schema.org\",\"@graph\":[{\"@type\":\"WebPage\",\"@id\":\"https:\/\/www.transtoyou.com\/pl\/product\/kyleena\/\",\"url\":\"https:\/\/www.transtoyou.com\/pl\/product\/kyleena\/\",\"name\":\"Kyleena | Skuteczna D\u0142ugoterminowa Antykoncepcja - Transtoyou\",\"isPartOf\":{\"@id\":\"https:\/\/www.transtoyou.com\/pl\/#website\"},\"primaryImageOfPage\":{\"@id\":\"https:\/\/www.transtoyou.com\/pl\/product\/kyleena\/#primaryimage\"},\"image\":{\"@id\":\"https:\/\/www.transtoyou.com\/pl\/product\/kyleena\/#primaryimage\"},\"thumbnailUrl\":\"https:\/\/www.transtoyou.com\/pl\/wp-content\/uploads\/sites\/11\/2026\/01\/tty-no-product-image-46.webp\",\"datePublished\":\"2026-01-23T19:42:19+00:00\",\"dateModified\":\"2026-01-23T19:43:26+00:00\",\"description\":\"Kyleena, dost\u0119pna w Transtoyou, to niezawodna, d\u0142ugoterminowa metoda antykoncepcyjna. Odkryj jej zalety ju\u017c dzi\u015b dla zaufanego planowania rodziny.\",\"breadcrumb\":{\"@id\":\"https:\/\/www.transtoyou.com\/pl\/product\/kyleena\/#breadcrumb\"},\"inLanguage\":\"pl-PL\",\"potentialAction\":[{\"@type\":\"ReadAction\",\"target\":[\"https:\/\/www.transtoyou.com\/pl\/product\/kyleena\/\"]}]},{\"@type\":\"ImageObject\",\"inLanguage\":\"pl-PL\",\"@id\":\"https:\/\/www.transtoyou.com\/pl\/product\/kyleena\/#primaryimage\",\"url\":\"https:\/\/www.transtoyou.com\/pl\/wp-content\/uploads\/sites\/11\/2026\/01\/tty-no-product-image-46.webp\",\"contentUrl\":\"https:\/\/www.transtoyou.com\/pl\/wp-content\/uploads\/sites\/11\/2026\/01\/tty-no-product-image-46.webp\",\"width\":1000,\"height\":1000,\"caption\":\"Domy\u015blny obraz produktu\"},{\"@type\":\"WebSite\",\"@id\":\"https:\/\/www.transtoyou.com\/pl\/#website\",\"url\":\"https:\/\/www.transtoyou.com\/pl\/\",\"name\":\"Transtoyou - PL\",\"description\":\"\",\"publisher\":{\"@id\":\"https:\/\/www.transtoyou.com\/pl\/#organization\"},\"potentialAction\":[{\"@type\":\"SearchAction\",\"target\":{\"@type\":\"EntryPoint\",\"urlTemplate\":\"https:\/\/www.transtoyou.com\/pl\/?s={search_term_string}\"},\"query-input\":{\"@type\":\"PropertyValueSpecification\",\"valueRequired\":true,\"valueName\":\"search_term_string\"}}],\"inLanguage\":\"pl-PL\"},{\"@type\":\"Organization\",\"@id\":\"https:\/\/www.transtoyou.com\/pl\/#organization\",\"name\":\"Transtoyou - PL\",\"url\":\"https:\/\/www.transtoyou.com\/pl\/\",\"logo\":{\"@type\":\"ImageObject\",\"inLanguage\":\"pl-PL\",\"@id\":\"https:\/\/www.transtoyou.com\/pl\/#\/schema\/logo\/image\/\",\"url\":\"https:\/\/www.transtoyou.com\/pl\/wp-content\/uploads\/sites\/11\/2026\/01\/logo-tty-menu-bar-300x87-1.webp\",\"contentUrl\":\"https:\/\/www.transtoyou.com\/pl\/wp-content\/uploads\/sites\/11\/2026\/01\/logo-tty-menu-bar-300x87-1.webp\",\"width\":300,\"height\":87,\"caption\":\"Transtoyou - PL\"},\"image\":{\"@id\":\"https:\/\/www.transtoyou.com\/pl\/#\/schema\/logo\/image\/\"}}]}<\/script>\n<!-- \/ Yoast SEO plugin. -->","yoast_head_json":{"title":"Kyleena | Skuteczna D\u0142ugoterminowa Antykoncepcja - Transtoyou","description":"Kyleena, dost\u0119pna w Transtoyou, to niezawodna, d\u0142ugoterminowa metoda antykoncepcyjna. Odkryj jej zalety ju\u017c dzi\u015b dla zaufanego planowania rodziny.","robots":{"index":"noindex","follow":"follow","max-snippet":"max-snippet:-1","max-image-preview":"max-image-preview:large","max-video-preview":"max-video-preview:-1"},"og_locale":"pl_PL","og_type":"article","og_title":"Kyleena | Skuteczna D\u0142ugoterminowa Antykoncepcja - Transtoyou","og_description":"Kyleena, dost\u0119pna w Transtoyou, to niezawodna, d\u0142ugoterminowa metoda antykoncepcyjna. Odkryj jej zalety ju\u017c dzi\u015b dla zaufanego planowania rodziny.","og_url":"https:\/\/www.transtoyou.com\/pl\/product\/kyleena\/","og_site_name":"Transtoyou - PL","article_modified_time":"2026-01-23T19:43:26+00:00","twitter_card":"summary_large_image","twitter_misc":{"Szacowany czas czytania":"1 minuta"},"schema":{"@context":"https:\/\/schema.org","@graph":[{"@type":"WebPage","@id":"https:\/\/www.transtoyou.com\/pl\/product\/kyleena\/","url":"https:\/\/www.transtoyou.com\/pl\/product\/kyleena\/","name":"Kyleena | Skuteczna D\u0142ugoterminowa Antykoncepcja - Transtoyou","isPartOf":{"@id":"https:\/\/www.transtoyou.com\/pl\/#website"},"primaryImageOfPage":{"@id":"https:\/\/www.transtoyou.com\/pl\/product\/kyleena\/#primaryimage"},"image":{"@id":"https:\/\/www.transtoyou.com\/pl\/product\/kyleena\/#primaryimage"},"thumbnailUrl":"https:\/\/www.transtoyou.com\/pl\/wp-content\/uploads\/sites\/11\/2026\/01\/tty-no-product-image-46.webp","datePublished":"2026-01-23T19:42:19+00:00","dateModified":"2026-01-23T19:43:26+00:00","description":"Kyleena, dost\u0119pna w Transtoyou, to niezawodna, d\u0142ugoterminowa metoda antykoncepcyjna. Odkryj jej zalety ju\u017c dzi\u015b dla zaufanego planowania rodziny.","breadcrumb":{"@id":"https:\/\/www.transtoyou.com\/pl\/product\/kyleena\/#breadcrumb"},"inLanguage":"pl-PL","potentialAction":[{"@type":"ReadAction","target":["https:\/\/www.transtoyou.com\/pl\/product\/kyleena\/"]}]},{"@type":"ImageObject","inLanguage":"pl-PL","@id":"https:\/\/www.transtoyou.com\/pl\/product\/kyleena\/#primaryimage","url":"https:\/\/www.transtoyou.com\/pl\/wp-content\/uploads\/sites\/11\/2026\/01\/tty-no-product-image-46.webp","contentUrl":"https:\/\/www.transtoyou.com\/pl\/wp-content\/uploads\/sites\/11\/2026\/01\/tty-no-product-image-46.webp","width":1000,"height":1000,"caption":"Domy\u015blny obraz produktu"},{"@type":"WebSite","@id":"https:\/\/www.transtoyou.com\/pl\/#website","url":"https:\/\/www.transtoyou.com\/pl\/","name":"Transtoyou - PL","description":"","publisher":{"@id":"https:\/\/www.transtoyou.com\/pl\/#organization"},"potentialAction":[{"@type":"SearchAction","target":{"@type":"EntryPoint","urlTemplate":"https:\/\/www.transtoyou.com\/pl\/?s={search_term_string}"},"query-input":{"@type":"PropertyValueSpecification","valueRequired":true,"valueName":"search_term_string"}}],"inLanguage":"pl-PL"},{"@type":"Organization","@id":"https:\/\/www.transtoyou.com\/pl\/#organization","name":"Transtoyou - PL","url":"https:\/\/www.transtoyou.com\/pl\/","logo":{"@type":"ImageObject","inLanguage":"pl-PL","@id":"https:\/\/www.transtoyou.com\/pl\/#\/schema\/logo\/image\/","url":"https:\/\/www.transtoyou.com\/pl\/wp-content\/uploads\/sites\/11\/2026\/01\/logo-tty-menu-bar-300x87-1.webp","contentUrl":"https:\/\/www.transtoyou.com\/pl\/wp-content\/uploads\/sites\/11\/2026\/01\/logo-tty-menu-bar-300x87-1.webp","width":300,"height":87,"caption":"Transtoyou - PL"},"image":{"@id":"https:\/\/www.transtoyou.com\/pl\/#\/schema\/logo\/image\/"}}]}},"_links":{"self":[{"href":"https:\/\/www.transtoyou.com\/pl\/wp-json\/wp\/v2\/product\/856","targetHints":{"allow":["GET"]}}],"collection":[{"href":"https:\/\/www.transtoyou.com\/pl\/wp-json\/wp\/v2\/product"}],"about":[{"href":"https:\/\/www.transtoyou.com\/pl\/wp-json\/wp\/v2\/types\/product"}],"replies":[{"embeddable":true,"href":"https:\/\/www.transtoyou.com\/pl\/wp-json\/wp\/v2\/comments?post=856"}],"wp:featuredmedia":[{"embeddable":true,"href":"https:\/\/www.transtoyou.com\/pl\/wp-json\/wp\/v2\/media\/858"}],"wp:attachment":[{"href":"https:\/\/www.transtoyou.com\/pl\/wp-json\/wp\/v2\/media?parent=856"}],"wp:term":[{"taxonomy":"product_brand","embeddable":true,"href":"https:\/\/www.transtoyou.com\/pl\/wp-json\/wp\/v2\/product_brand?post=856"},{"taxonomy":"product_cat","embeddable":true,"href":"https:\/\/www.transtoyou.com\/pl\/wp-json\/wp\/v2\/product_cat?post=856"},{"taxonomy":"product_tag","embeddable":true,"href":"https:\/\/www.transtoyou.com\/pl\/wp-json\/wp\/v2\/product_tag?post=856"},{"taxonomy":"expert","embeddable":true,"href":"https:\/\/www.transtoyou.com\/pl\/wp-json\/wp\/v2\/expert?post=856"}],"curies":[{"name":"wp","href":"https:\/\/api.w.org\/{rel}","templated":true}]}}