{"id":859,"date":"2026-01-23T21:56:42","date_gmt":"2026-01-23T19:56:42","guid":{"rendered":"https:\/\/www.transtoyou.com\/pl\/product\/zumenon\/"},"modified":"2026-01-23T21:57:49","modified_gmt":"2026-01-23T19:57:49","slug":"zumenon","status":"publish","type":"product","link":"https:\/\/www.transtoyou.com\/pl\/product\/zumenon\/","title":{"rendered":"Zumenon"},"content":{"rendered":"<p>Zumenon to lek na recept\u0119 stosowany w terapii zast\u0119pczej hormonami. Ka\u017cda tabletka zawiera estradiol, form\u0119 estrogenu identyczn\u0105 z t\u0105, kt\u00f3ra jest naturalnie produkowana w organizmie. Stosuje si\u0119 go w celu leczenia objaw\u00f3w niedoboru estrogenu u os\u00f3b, kt\u00f3re przesz\u0142y menopauz\u0119, a tak\u017ce mo\u017ce by\u0107 stosowany w terapii hormonami estrogenowymi i feminizuj\u0105cymi.<\/p>\n<p>Dla os\u00f3b do\u015bwiadczaj\u0105cych menopauzy, Zumenon pomaga zmniejszy\u0107 objawy takie jak uderzenia gor\u0105ca, nocne poty, zmiany nastroju i sucho\u015b\u0107 pochwy. Objawy te s\u0105 cz\u0119sto wynikiem spadku poziomu estrogenu. Przywracaj\u0105c poziom estradiolu, Zumenon wspiera r\u00f3wnowag\u0119 hormonaln\u0105 i poprawia komfort w okresie pomenopauzalnym.<\/p>\n<p>Zumenon jest r\u00f3wnie\u017c stosowany w kontek\u015bcie terapii hormonami afirmuj\u0105cymi p\u0142e\u0107. U kobiet transp\u0142ciowych estradiol zawarty w Zumenon mo\u017ce wspiera\u0107 feminizuj\u0105ce zmiany fizyczne, w tym redystrybucj\u0119 tkanki t\u0142uszczowej, zmi\u0119kczenie sk\u00f3ry i rozw\u00f3j piersi. Forma doustna mo\u017ce by\u0107 preferowana przez osoby, kt\u00f3re chc\u0105 prostego, znanego sposobu podawania.<\/p>\n<p>Zumenon zazwyczaj przyjmuje si\u0119 raz dziennie, a dawkowanie mo\u017ce by\u0107 dostosowywane w zale\u017cno\u015bci od indywidualnych cel\u00f3w terapeutycznych. Mo\u017ce by\u0107 stosowany samodzielnie lub razem z progestagenem u os\u00f3b, kt\u00f3re maj\u0105 macic\u0119. Niezale\u017cnie od tego, czy jest stosowany w przypadku menopauzy, czy w trakcie tranzycji p\u0142ciowej, Zumenon oferuje prosty spos\u00f3b na uzupe\u0142nienie poziomu estrogenu i wsparcie d\u0142ugoterminowej r\u00f3wnowagi hormonalnej.<\/p>\n","protected":false},"excerpt":{"rendered":"<ul>\n<li>Dzienna tabletka estrogenowa doustna<\/li>\n<li>Stosowana w okresie menopauzy i przej\u015bcia<\/li>\n<li>Wspiera r\u00f3wnowag\u0119 hormonaln\u0105<\/li>\n<\/ul>\n","protected":false},"featured_media":861,"comment_status":"open","ping_status":"closed","template":"","meta":[],"product_brand":[],"product_cat":[115,137],"product_tag":[],"expert":[19],"class_list":{"0":"post-859","1":"product","2":"type-product","3":"status-publish","4":"has-post-thumbnail","6":"product_cat-estrogen-i-terapia-feminizujaca","7":"product_cat-terapia-zastepcza-hormonami-hrt","8":"expert-dr-j-vazquez","10":"first","11":"instock","12":"shipping-taxable","13":"product-type-variable"},"yoast_head":"<!-- This site is optimized with the Yoast SEO plugin v27.0 - https:\/\/yoast.com\/product\/yoast-seo-wordpress\/ -->\n<title>Zumenon | Wsparcie r\u00f3wnowagi hormonalnej - Transtoyou<\/title>\n<meta name=\"description\" content=\"Zumenon, dost\u0119pny tutaj, oferuje korzy\u015bci z terapii hormonalnej. Kup teraz, aby uzyska\u0107 skuteczn\u0105 ulg\u0119 i lepsze samopoczucie z zaufan\u0105 us\u0142ug\u0105 Transtoyou.\" \/>\n<meta name=\"robots\" content=\"noindex, follow, max-snippet:-1, max-image-preview:large, max-video-preview:-1\" \/>\n<meta property=\"og:locale\" content=\"pl_PL\" \/>\n<meta property=\"og:type\" content=\"article\" \/>\n<meta property=\"og:title\" content=\"Zumenon | Wsparcie r\u00f3wnowagi hormonalnej - Transtoyou\" \/>\n<meta property=\"og:description\" content=\"Zumenon, dost\u0119pny tutaj, oferuje korzy\u015bci z terapii hormonalnej. Kup teraz, aby uzyska\u0107 skuteczn\u0105 ulg\u0119 i lepsze samopoczucie z zaufan\u0105 us\u0142ug\u0105 Transtoyou.\" \/>\n<meta property=\"og:url\" content=\"https:\/\/www.transtoyou.com\/pl\/product\/zumenon\/\" \/>\n<meta property=\"og:site_name\" content=\"Transtoyou - PL\" \/>\n<meta property=\"article:modified_time\" content=\"2026-01-23T19:57:49+00:00\" \/>\n<meta name=\"twitter:card\" content=\"summary_large_image\" \/>\n<meta name=\"twitter:label1\" content=\"Szacowany czas czytania\" \/>\n\t<meta name=\"twitter:data1\" content=\"1 minuta\" \/>\n<script type=\"application\/ld+json\" class=\"yoast-schema-graph\">{\"@context\":\"https:\/\/schema.org\",\"@graph\":[{\"@type\":\"WebPage\",\"@id\":\"https:\/\/www.transtoyou.com\/pl\/product\/zumenon\/\",\"url\":\"https:\/\/www.transtoyou.com\/pl\/product\/zumenon\/\",\"name\":\"Zumenon | Wsparcie r\u00f3wnowagi hormonalnej - Transtoyou\",\"isPartOf\":{\"@id\":\"https:\/\/www.transtoyou.com\/pl\/#website\"},\"primaryImageOfPage\":{\"@id\":\"https:\/\/www.transtoyou.com\/pl\/product\/zumenon\/#primaryimage\"},\"image\":{\"@id\":\"https:\/\/www.transtoyou.com\/pl\/product\/zumenon\/#primaryimage\"},\"thumbnailUrl\":\"https:\/\/www.transtoyou.com\/pl\/wp-content\/uploads\/sites\/11\/2026\/01\/tty-no-product-image-47.webp\",\"datePublished\":\"2026-01-23T19:56:42+00:00\",\"dateModified\":\"2026-01-23T19:57:49+00:00\",\"description\":\"Zumenon, dost\u0119pny tutaj, oferuje korzy\u015bci z terapii hormonalnej. Kup teraz, aby uzyska\u0107 skuteczn\u0105 ulg\u0119 i lepsze samopoczucie z zaufan\u0105 us\u0142ug\u0105 Transtoyou.\",\"breadcrumb\":{\"@id\":\"https:\/\/www.transtoyou.com\/pl\/product\/zumenon\/#breadcrumb\"},\"inLanguage\":\"pl-PL\",\"potentialAction\":[{\"@type\":\"ReadAction\",\"target\":[\"https:\/\/www.transtoyou.com\/pl\/product\/zumenon\/\"]}]},{\"@type\":\"ImageObject\",\"inLanguage\":\"pl-PL\",\"@id\":\"https:\/\/www.transtoyou.com\/pl\/product\/zumenon\/#primaryimage\",\"url\":\"https:\/\/www.transtoyou.com\/pl\/wp-content\/uploads\/sites\/11\/2026\/01\/tty-no-product-image-47.webp\",\"contentUrl\":\"https:\/\/www.transtoyou.com\/pl\/wp-content\/uploads\/sites\/11\/2026\/01\/tty-no-product-image-47.webp\",\"width\":1000,\"height\":1000,\"caption\":\"Domy\u015blny obraz produktu\"},{\"@type\":\"WebSite\",\"@id\":\"https:\/\/www.transtoyou.com\/pl\/#website\",\"url\":\"https:\/\/www.transtoyou.com\/pl\/\",\"name\":\"Transtoyou - PL\",\"description\":\"\",\"publisher\":{\"@id\":\"https:\/\/www.transtoyou.com\/pl\/#organization\"},\"potentialAction\":[{\"@type\":\"SearchAction\",\"target\":{\"@type\":\"EntryPoint\",\"urlTemplate\":\"https:\/\/www.transtoyou.com\/pl\/?s={search_term_string}\"},\"query-input\":{\"@type\":\"PropertyValueSpecification\",\"valueRequired\":true,\"valueName\":\"search_term_string\"}}],\"inLanguage\":\"pl-PL\"},{\"@type\":\"Organization\",\"@id\":\"https:\/\/www.transtoyou.com\/pl\/#organization\",\"name\":\"Transtoyou - PL\",\"url\":\"https:\/\/www.transtoyou.com\/pl\/\",\"logo\":{\"@type\":\"ImageObject\",\"inLanguage\":\"pl-PL\",\"@id\":\"https:\/\/www.transtoyou.com\/pl\/#\/schema\/logo\/image\/\",\"url\":\"https:\/\/www.transtoyou.com\/pl\/wp-content\/uploads\/sites\/11\/2026\/01\/logo-tty-menu-bar-300x87-1.webp\",\"contentUrl\":\"https:\/\/www.transtoyou.com\/pl\/wp-content\/uploads\/sites\/11\/2026\/01\/logo-tty-menu-bar-300x87-1.webp\",\"width\":300,\"height\":87,\"caption\":\"Transtoyou - PL\"},\"image\":{\"@id\":\"https:\/\/www.transtoyou.com\/pl\/#\/schema\/logo\/image\/\"}}]}<\/script>\n<!-- \/ Yoast SEO plugin. -->","yoast_head_json":{"title":"Zumenon | Wsparcie r\u00f3wnowagi hormonalnej - Transtoyou","description":"Zumenon, dost\u0119pny tutaj, oferuje korzy\u015bci z terapii hormonalnej. Kup teraz, aby uzyska\u0107 skuteczn\u0105 ulg\u0119 i lepsze samopoczucie z zaufan\u0105 us\u0142ug\u0105 Transtoyou.","robots":{"index":"noindex","follow":"follow","max-snippet":"max-snippet:-1","max-image-preview":"max-image-preview:large","max-video-preview":"max-video-preview:-1"},"og_locale":"pl_PL","og_type":"article","og_title":"Zumenon | Wsparcie r\u00f3wnowagi hormonalnej - Transtoyou","og_description":"Zumenon, dost\u0119pny tutaj, oferuje korzy\u015bci z terapii hormonalnej. Kup teraz, aby uzyska\u0107 skuteczn\u0105 ulg\u0119 i lepsze samopoczucie z zaufan\u0105 us\u0142ug\u0105 Transtoyou.","og_url":"https:\/\/www.transtoyou.com\/pl\/product\/zumenon\/","og_site_name":"Transtoyou - PL","article_modified_time":"2026-01-23T19:57:49+00:00","twitter_card":"summary_large_image","twitter_misc":{"Szacowany czas czytania":"1 minuta"},"schema":{"@context":"https:\/\/schema.org","@graph":[{"@type":"WebPage","@id":"https:\/\/www.transtoyou.com\/pl\/product\/zumenon\/","url":"https:\/\/www.transtoyou.com\/pl\/product\/zumenon\/","name":"Zumenon | Wsparcie r\u00f3wnowagi hormonalnej - Transtoyou","isPartOf":{"@id":"https:\/\/www.transtoyou.com\/pl\/#website"},"primaryImageOfPage":{"@id":"https:\/\/www.transtoyou.com\/pl\/product\/zumenon\/#primaryimage"},"image":{"@id":"https:\/\/www.transtoyou.com\/pl\/product\/zumenon\/#primaryimage"},"thumbnailUrl":"https:\/\/www.transtoyou.com\/pl\/wp-content\/uploads\/sites\/11\/2026\/01\/tty-no-product-image-47.webp","datePublished":"2026-01-23T19:56:42+00:00","dateModified":"2026-01-23T19:57:49+00:00","description":"Zumenon, dost\u0119pny tutaj, oferuje korzy\u015bci z terapii hormonalnej. Kup teraz, aby uzyska\u0107 skuteczn\u0105 ulg\u0119 i lepsze samopoczucie z zaufan\u0105 us\u0142ug\u0105 Transtoyou.","breadcrumb":{"@id":"https:\/\/www.transtoyou.com\/pl\/product\/zumenon\/#breadcrumb"},"inLanguage":"pl-PL","potentialAction":[{"@type":"ReadAction","target":["https:\/\/www.transtoyou.com\/pl\/product\/zumenon\/"]}]},{"@type":"ImageObject","inLanguage":"pl-PL","@id":"https:\/\/www.transtoyou.com\/pl\/product\/zumenon\/#primaryimage","url":"https:\/\/www.transtoyou.com\/pl\/wp-content\/uploads\/sites\/11\/2026\/01\/tty-no-product-image-47.webp","contentUrl":"https:\/\/www.transtoyou.com\/pl\/wp-content\/uploads\/sites\/11\/2026\/01\/tty-no-product-image-47.webp","width":1000,"height":1000,"caption":"Domy\u015blny obraz produktu"},{"@type":"WebSite","@id":"https:\/\/www.transtoyou.com\/pl\/#website","url":"https:\/\/www.transtoyou.com\/pl\/","name":"Transtoyou - PL","description":"","publisher":{"@id":"https:\/\/www.transtoyou.com\/pl\/#organization"},"potentialAction":[{"@type":"SearchAction","target":{"@type":"EntryPoint","urlTemplate":"https:\/\/www.transtoyou.com\/pl\/?s={search_term_string}"},"query-input":{"@type":"PropertyValueSpecification","valueRequired":true,"valueName":"search_term_string"}}],"inLanguage":"pl-PL"},{"@type":"Organization","@id":"https:\/\/www.transtoyou.com\/pl\/#organization","name":"Transtoyou - PL","url":"https:\/\/www.transtoyou.com\/pl\/","logo":{"@type":"ImageObject","inLanguage":"pl-PL","@id":"https:\/\/www.transtoyou.com\/pl\/#\/schema\/logo\/image\/","url":"https:\/\/www.transtoyou.com\/pl\/wp-content\/uploads\/sites\/11\/2026\/01\/logo-tty-menu-bar-300x87-1.webp","contentUrl":"https:\/\/www.transtoyou.com\/pl\/wp-content\/uploads\/sites\/11\/2026\/01\/logo-tty-menu-bar-300x87-1.webp","width":300,"height":87,"caption":"Transtoyou - PL"},"image":{"@id":"https:\/\/www.transtoyou.com\/pl\/#\/schema\/logo\/image\/"}}]}},"_links":{"self":[{"href":"https:\/\/www.transtoyou.com\/pl\/wp-json\/wp\/v2\/product\/859","targetHints":{"allow":["GET"]}}],"collection":[{"href":"https:\/\/www.transtoyou.com\/pl\/wp-json\/wp\/v2\/product"}],"about":[{"href":"https:\/\/www.transtoyou.com\/pl\/wp-json\/wp\/v2\/types\/product"}],"replies":[{"embeddable":true,"href":"https:\/\/www.transtoyou.com\/pl\/wp-json\/wp\/v2\/comments?post=859"}],"wp:featuredmedia":[{"embeddable":true,"href":"https:\/\/www.transtoyou.com\/pl\/wp-json\/wp\/v2\/media\/861"}],"wp:attachment":[{"href":"https:\/\/www.transtoyou.com\/pl\/wp-json\/wp\/v2\/media?parent=859"}],"wp:term":[{"taxonomy":"product_brand","embeddable":true,"href":"https:\/\/www.transtoyou.com\/pl\/wp-json\/wp\/v2\/product_brand?post=859"},{"taxonomy":"product_cat","embeddable":true,"href":"https:\/\/www.transtoyou.com\/pl\/wp-json\/wp\/v2\/product_cat?post=859"},{"taxonomy":"product_tag","embeddable":true,"href":"https:\/\/www.transtoyou.com\/pl\/wp-json\/wp\/v2\/product_tag?post=859"},{"taxonomy":"expert","embeddable":true,"href":"https:\/\/www.transtoyou.com\/pl\/wp-json\/wp\/v2\/expert?post=859"}],"curies":[{"name":"wp","href":"https:\/\/api.w.org\/{rel}","templated":true}]}}