{"id":874,"date":"2026-01-23T23:20:42","date_gmt":"2026-01-23T21:20:42","guid":{"rendered":"https:\/\/www.transtoyou.com\/pl\/product\/femoston\/"},"modified":"2026-01-23T23:21:41","modified_gmt":"2026-01-23T21:21:41","slug":"femoston","status":"publish","type":"product","link":"https:\/\/www.transtoyou.com\/pl\/product\/femoston\/","title":{"rendered":"Femoston"},"content":{"rendered":"<p>Femoston to tabletka stosowana w ramach terapii hormonalnej w celu z\u0142agodzenia objaw\u00f3w zwi\u0105zanych z niskim poziomem estrogenu. Zawiera dwa hormony: estradiol, form\u0119 estrogenu, oraz dydrogesteron, progestagen, kt\u00f3ry pomaga chroni\u0107 b\u0142on\u0119 macicy. Ta kombinacja jest zazwyczaj stosowana przez osoby, kt\u00f3re osi\u0105gn\u0119\u0142y menopauz\u0119 i nadal maj\u0105 macic\u0119.<\/p>\n<p>Objawy menopauzy, takie jak uderzenia gor\u0105ca, nocne poty, wahania nastroju i sucho\u015b\u0107 pochwy, wyst\u0119puj\u0105 z powodu obni\u017conego poziomu estrogenu. Femoston uzupe\u0142nia ten hormon, aby przywr\u00f3ci\u0107 r\u00f3wnowag\u0119 i zmniejszy\u0107 dyskomfort. Sk\u0142adnik progestagenowy pomaga zapobiega\u0107 zbyt grubemu rozrostowi b\u0142ony macicy, co mo\u017ce si\u0119 zdarzy\u0107, gdy stosuje si\u0119 sam estrogen.<\/p>\n<p>Femoston przyjmuje si\u0119 raz dziennie, dost\u0119pne s\u0105 r\u00f3\u017cne formu\u0142y w zale\u017cno\u015bci od tego, czy potrzebny jest ci\u0105g\u0142y, czy cykliczny wz\u00f3r hormonalny. Systematyczne stosowanie pomaga zarz\u0105dza\u0107 zar\u00f3wno kr\u00f3tkoterminowymi objawami niedoboru estrogenu, jak i przyczynia si\u0119 do d\u0142ugoterminowych cel\u00f3w zwi\u0105zanych z stabilno\u015bci\u0105 hormon\u00f3w i jako\u015bci\u0105 \u017cycia.<\/p>\n","protected":false},"excerpt":{"rendered":"<ul>\n<li>Dzienna tabletka hormonalna do stosowania doustnego<\/li>\n<li>\u0141agodzi objawy menopauzy<\/li>\n<li>\u0141\u0105czy estrogen i progestagen<\/li>\n<\/ul>\n","protected":false},"featured_media":876,"comment_status":"open","ping_status":"closed","template":"","meta":[],"product_brand":[],"product_cat":[137,143],"product_tag":[],"expert":[16],"class_list":{"0":"post-874","1":"product","2":"type-product","3":"status-publish","4":"has-post-thumbnail","6":"product_cat-terapia-zastepcza-hormonami-hrt","7":"product_cat-ulga-w-menopauzie-i-pms","8":"expert-dr-c-alexandru","10":"first","11":"instock","12":"shipping-taxable","13":"product-type-variable"},"yoast_head":"<!-- This site is optimized with the Yoast SEO plugin v27.0 - https:\/\/yoast.com\/product\/yoast-seo-wordpress\/ -->\n<title>Femoston | Wsparcie r\u00f3wnowagi hormonalnej - Transtoyou<\/title>\n<meta name=\"description\" content=\"Femoston, dost\u0119pny w Transtoyou. Odkryj jego korzy\u015bci dla r\u00f3wnowagi hormonalnej i dobrego samopoczucia. Kup teraz zaufane rozwi\u0105zanie.\" \/>\n<meta name=\"robots\" content=\"noindex, follow, max-snippet:-1, max-image-preview:large, max-video-preview:-1\" \/>\n<meta property=\"og:locale\" content=\"pl_PL\" \/>\n<meta property=\"og:type\" content=\"article\" \/>\n<meta property=\"og:title\" content=\"Femoston | Wsparcie r\u00f3wnowagi hormonalnej - Transtoyou\" \/>\n<meta property=\"og:description\" content=\"Femoston, dost\u0119pny w Transtoyou. Odkryj jego korzy\u015bci dla r\u00f3wnowagi hormonalnej i dobrego samopoczucia. Kup teraz zaufane rozwi\u0105zanie.\" \/>\n<meta property=\"og:url\" content=\"https:\/\/www.transtoyou.com\/pl\/product\/femoston\/\" \/>\n<meta property=\"og:site_name\" content=\"Transtoyou - PL\" \/>\n<meta property=\"article:modified_time\" content=\"2026-01-23T21:21:41+00:00\" \/>\n<meta name=\"twitter:card\" content=\"summary_large_image\" \/>\n<meta name=\"twitter:label1\" content=\"Szacowany czas czytania\" \/>\n\t<meta name=\"twitter:data1\" content=\"1 minuta\" \/>\n<script type=\"application\/ld+json\" class=\"yoast-schema-graph\">{\"@context\":\"https:\/\/schema.org\",\"@graph\":[{\"@type\":\"WebPage\",\"@id\":\"https:\/\/www.transtoyou.com\/pl\/product\/femoston\/\",\"url\":\"https:\/\/www.transtoyou.com\/pl\/product\/femoston\/\",\"name\":\"Femoston | Wsparcie r\u00f3wnowagi hormonalnej - Transtoyou\",\"isPartOf\":{\"@id\":\"https:\/\/www.transtoyou.com\/pl\/#website\"},\"primaryImageOfPage\":{\"@id\":\"https:\/\/www.transtoyou.com\/pl\/product\/femoston\/#primaryimage\"},\"image\":{\"@id\":\"https:\/\/www.transtoyou.com\/pl\/product\/femoston\/#primaryimage\"},\"thumbnailUrl\":\"https:\/\/www.transtoyou.com\/pl\/wp-content\/uploads\/sites\/11\/2026\/01\/tty-no-product-image-52.webp\",\"datePublished\":\"2026-01-23T21:20:42+00:00\",\"dateModified\":\"2026-01-23T21:21:41+00:00\",\"description\":\"Femoston, dost\u0119pny w Transtoyou. Odkryj jego korzy\u015bci dla r\u00f3wnowagi hormonalnej i dobrego samopoczucia. Kup teraz zaufane rozwi\u0105zanie.\",\"breadcrumb\":{\"@id\":\"https:\/\/www.transtoyou.com\/pl\/product\/femoston\/#breadcrumb\"},\"inLanguage\":\"pl-PL\",\"potentialAction\":[{\"@type\":\"ReadAction\",\"target\":[\"https:\/\/www.transtoyou.com\/pl\/product\/femoston\/\"]}]},{\"@type\":\"ImageObject\",\"inLanguage\":\"pl-PL\",\"@id\":\"https:\/\/www.transtoyou.com\/pl\/product\/femoston\/#primaryimage\",\"url\":\"https:\/\/www.transtoyou.com\/pl\/wp-content\/uploads\/sites\/11\/2026\/01\/tty-no-product-image-52.webp\",\"contentUrl\":\"https:\/\/www.transtoyou.com\/pl\/wp-content\/uploads\/sites\/11\/2026\/01\/tty-no-product-image-52.webp\",\"width\":1000,\"height\":1000,\"caption\":\"Domy\u015blny obraz produktu\"},{\"@type\":\"WebSite\",\"@id\":\"https:\/\/www.transtoyou.com\/pl\/#website\",\"url\":\"https:\/\/www.transtoyou.com\/pl\/\",\"name\":\"Transtoyou - PL\",\"description\":\"\",\"publisher\":{\"@id\":\"https:\/\/www.transtoyou.com\/pl\/#organization\"},\"potentialAction\":[{\"@type\":\"SearchAction\",\"target\":{\"@type\":\"EntryPoint\",\"urlTemplate\":\"https:\/\/www.transtoyou.com\/pl\/?s={search_term_string}\"},\"query-input\":{\"@type\":\"PropertyValueSpecification\",\"valueRequired\":true,\"valueName\":\"search_term_string\"}}],\"inLanguage\":\"pl-PL\"},{\"@type\":\"Organization\",\"@id\":\"https:\/\/www.transtoyou.com\/pl\/#organization\",\"name\":\"Transtoyou - PL\",\"url\":\"https:\/\/www.transtoyou.com\/pl\/\",\"logo\":{\"@type\":\"ImageObject\",\"inLanguage\":\"pl-PL\",\"@id\":\"https:\/\/www.transtoyou.com\/pl\/#\/schema\/logo\/image\/\",\"url\":\"https:\/\/www.transtoyou.com\/pl\/wp-content\/uploads\/sites\/11\/2026\/01\/logo-tty-menu-bar-300x87-1.webp\",\"contentUrl\":\"https:\/\/www.transtoyou.com\/pl\/wp-content\/uploads\/sites\/11\/2026\/01\/logo-tty-menu-bar-300x87-1.webp\",\"width\":300,\"height\":87,\"caption\":\"Transtoyou - PL\"},\"image\":{\"@id\":\"https:\/\/www.transtoyou.com\/pl\/#\/schema\/logo\/image\/\"}}]}<\/script>\n<!-- \/ Yoast SEO plugin. -->","yoast_head_json":{"title":"Femoston | Wsparcie r\u00f3wnowagi hormonalnej - Transtoyou","description":"Femoston, dost\u0119pny w Transtoyou. Odkryj jego korzy\u015bci dla r\u00f3wnowagi hormonalnej i dobrego samopoczucia. Kup teraz zaufane rozwi\u0105zanie.","robots":{"index":"noindex","follow":"follow","max-snippet":"max-snippet:-1","max-image-preview":"max-image-preview:large","max-video-preview":"max-video-preview:-1"},"og_locale":"pl_PL","og_type":"article","og_title":"Femoston | Wsparcie r\u00f3wnowagi hormonalnej - Transtoyou","og_description":"Femoston, dost\u0119pny w Transtoyou. Odkryj jego korzy\u015bci dla r\u00f3wnowagi hormonalnej i dobrego samopoczucia. Kup teraz zaufane rozwi\u0105zanie.","og_url":"https:\/\/www.transtoyou.com\/pl\/product\/femoston\/","og_site_name":"Transtoyou - PL","article_modified_time":"2026-01-23T21:21:41+00:00","twitter_card":"summary_large_image","twitter_misc":{"Szacowany czas czytania":"1 minuta"},"schema":{"@context":"https:\/\/schema.org","@graph":[{"@type":"WebPage","@id":"https:\/\/www.transtoyou.com\/pl\/product\/femoston\/","url":"https:\/\/www.transtoyou.com\/pl\/product\/femoston\/","name":"Femoston | Wsparcie r\u00f3wnowagi hormonalnej - Transtoyou","isPartOf":{"@id":"https:\/\/www.transtoyou.com\/pl\/#website"},"primaryImageOfPage":{"@id":"https:\/\/www.transtoyou.com\/pl\/product\/femoston\/#primaryimage"},"image":{"@id":"https:\/\/www.transtoyou.com\/pl\/product\/femoston\/#primaryimage"},"thumbnailUrl":"https:\/\/www.transtoyou.com\/pl\/wp-content\/uploads\/sites\/11\/2026\/01\/tty-no-product-image-52.webp","datePublished":"2026-01-23T21:20:42+00:00","dateModified":"2026-01-23T21:21:41+00:00","description":"Femoston, dost\u0119pny w Transtoyou. Odkryj jego korzy\u015bci dla r\u00f3wnowagi hormonalnej i dobrego samopoczucia. Kup teraz zaufane rozwi\u0105zanie.","breadcrumb":{"@id":"https:\/\/www.transtoyou.com\/pl\/product\/femoston\/#breadcrumb"},"inLanguage":"pl-PL","potentialAction":[{"@type":"ReadAction","target":["https:\/\/www.transtoyou.com\/pl\/product\/femoston\/"]}]},{"@type":"ImageObject","inLanguage":"pl-PL","@id":"https:\/\/www.transtoyou.com\/pl\/product\/femoston\/#primaryimage","url":"https:\/\/www.transtoyou.com\/pl\/wp-content\/uploads\/sites\/11\/2026\/01\/tty-no-product-image-52.webp","contentUrl":"https:\/\/www.transtoyou.com\/pl\/wp-content\/uploads\/sites\/11\/2026\/01\/tty-no-product-image-52.webp","width":1000,"height":1000,"caption":"Domy\u015blny obraz produktu"},{"@type":"WebSite","@id":"https:\/\/www.transtoyou.com\/pl\/#website","url":"https:\/\/www.transtoyou.com\/pl\/","name":"Transtoyou - PL","description":"","publisher":{"@id":"https:\/\/www.transtoyou.com\/pl\/#organization"},"potentialAction":[{"@type":"SearchAction","target":{"@type":"EntryPoint","urlTemplate":"https:\/\/www.transtoyou.com\/pl\/?s={search_term_string}"},"query-input":{"@type":"PropertyValueSpecification","valueRequired":true,"valueName":"search_term_string"}}],"inLanguage":"pl-PL"},{"@type":"Organization","@id":"https:\/\/www.transtoyou.com\/pl\/#organization","name":"Transtoyou - PL","url":"https:\/\/www.transtoyou.com\/pl\/","logo":{"@type":"ImageObject","inLanguage":"pl-PL","@id":"https:\/\/www.transtoyou.com\/pl\/#\/schema\/logo\/image\/","url":"https:\/\/www.transtoyou.com\/pl\/wp-content\/uploads\/sites\/11\/2026\/01\/logo-tty-menu-bar-300x87-1.webp","contentUrl":"https:\/\/www.transtoyou.com\/pl\/wp-content\/uploads\/sites\/11\/2026\/01\/logo-tty-menu-bar-300x87-1.webp","width":300,"height":87,"caption":"Transtoyou - PL"},"image":{"@id":"https:\/\/www.transtoyou.com\/pl\/#\/schema\/logo\/image\/"}}]}},"_links":{"self":[{"href":"https:\/\/www.transtoyou.com\/pl\/wp-json\/wp\/v2\/product\/874","targetHints":{"allow":["GET"]}}],"collection":[{"href":"https:\/\/www.transtoyou.com\/pl\/wp-json\/wp\/v2\/product"}],"about":[{"href":"https:\/\/www.transtoyou.com\/pl\/wp-json\/wp\/v2\/types\/product"}],"replies":[{"embeddable":true,"href":"https:\/\/www.transtoyou.com\/pl\/wp-json\/wp\/v2\/comments?post=874"}],"wp:featuredmedia":[{"embeddable":true,"href":"https:\/\/www.transtoyou.com\/pl\/wp-json\/wp\/v2\/media\/876"}],"wp:attachment":[{"href":"https:\/\/www.transtoyou.com\/pl\/wp-json\/wp\/v2\/media?parent=874"}],"wp:term":[{"taxonomy":"product_brand","embeddable":true,"href":"https:\/\/www.transtoyou.com\/pl\/wp-json\/wp\/v2\/product_brand?post=874"},{"taxonomy":"product_cat","embeddable":true,"href":"https:\/\/www.transtoyou.com\/pl\/wp-json\/wp\/v2\/product_cat?post=874"},{"taxonomy":"product_tag","embeddable":true,"href":"https:\/\/www.transtoyou.com\/pl\/wp-json\/wp\/v2\/product_tag?post=874"},{"taxonomy":"expert","embeddable":true,"href":"https:\/\/www.transtoyou.com\/pl\/wp-json\/wp\/v2\/expert?post=874"}],"curies":[{"name":"wp","href":"https:\/\/api.w.org\/{rel}","templated":true}]}}