{"id":877,"date":"2026-01-23T23:34:01","date_gmt":"2026-01-23T21:34:01","guid":{"rendered":"https:\/\/www.transtoyou.com\/pl\/product\/lenzetto\/"},"modified":"2026-01-23T23:35:05","modified_gmt":"2026-01-23T21:35:05","slug":"lenzetto","status":"publish","type":"product","link":"https:\/\/www.transtoyou.com\/pl\/product\/lenzetto\/","title":{"rendered":"Lenzetto"},"content":{"rendered":"<p>Lenzetto to spray stosowany do dostarczania estrogenu przez sk\u00f3r\u0119 do krwiobiegu. Zawiera estradiol, form\u0119 estrogenu identyczn\u0105 z hormonem produkowanym naturalnie w organizmie. Ten lek jest stosowany w terapii zast\u0119pczej hormonami w celu leczenia objaw\u00f3w spowodowanych niskim poziomem estrogenu i jest r\u00f3wnie\u017c odpowiedni do stosowania w terapii hormonami feminizuj\u0105cymi.<\/p>\n<p>Podczas menopauzy lub w sytuacjach, gdy estrogen jest potrzebny z innych powod\u00f3w, osoby mog\u0105 do\u015bwiadcza\u0107 objaw\u00f3w takich jak uderzenia gor\u0105ca, nocne poty, zmiany nastroju i sucho\u015b\u0107 pochwy. Lenzetto przywraca poziom estrogenu, aby pom\u00f3c zmniejszy\u0107 nasilenie tych objaw\u00f3w. Poniewa\u017c spray jest aplikowany na sk\u00f3r\u0119, omija uk\u0142ad pokarmowy i oferuje elastyczn\u0105, nie doustn\u0105 alternatyw\u0119 dla tabletek lub plastr\u00f3w.<\/p>\n<p>Spray aplikuje si\u0119 raz dziennie na czyst\u0105, such\u0105 sk\u00f3r\u0119, zazwyczaj na wewn\u0119trznej stronie przedramienia. Szybko wysycha i nie pozostawia resztek. Lenzetto umo\u017cliwia spersonalizowane dawkowanie oraz dyskretn\u0105, niskonak\u0142adow\u0105 metod\u0119 dostarczania estrogenu zar\u00f3wno w celu z\u0142agodzenia objaw\u00f3w menopauzy, jak i w opiece feminizuj\u0105cej.<\/p>\n","protected":false},"excerpt":{"rendered":"<ul>\n<li>Spray estrogenowy do wch\u0142aniania przez sk\u00f3r\u0119<\/li>\n<li>Stosowany w menopauzie<\/li>\n<li>Regulowana dzienna dawka<\/li>\n<\/ul>\n","protected":false},"featured_media":879,"comment_status":"open","ping_status":"closed","template":"","meta":[],"product_brand":[],"product_cat":[137],"product_tag":[],"expert":[16],"class_list":{"0":"post-877","1":"product","2":"type-product","3":"status-publish","4":"has-post-thumbnail","6":"product_cat-terapia-zastepcza-hormonami-hrt","7":"expert-dr-c-alexandru","9":"first","10":"instock","11":"shipping-taxable","12":"product-type-variable"},"yoast_head":"<!-- This site is optimized with the Yoast SEO plugin v27.0 - https:\/\/yoast.com\/product\/yoast-seo-wordpress\/ -->\n<title>Lenzetto | \u0141atwy w u\u017cyciu spray hormonalny - Transtoyou<\/title>\n<meta name=\"description\" content=\"Lenzetto, dost\u0119pne na Transtoyou, oferuje skuteczn\u0105 ulg\u0119 w objawach menopauzy. Poznaj jego zalety i zam\u00f3w teraz wygodne rozwi\u0105zanie.\" \/>\n<meta name=\"robots\" content=\"noindex, follow, max-snippet:-1, max-image-preview:large, max-video-preview:-1\" \/>\n<meta property=\"og:locale\" content=\"pl_PL\" \/>\n<meta property=\"og:type\" content=\"article\" \/>\n<meta property=\"og:title\" content=\"Lenzetto | \u0141atwy w u\u017cyciu spray hormonalny - Transtoyou\" \/>\n<meta property=\"og:description\" content=\"Lenzetto, dost\u0119pne na Transtoyou, oferuje skuteczn\u0105 ulg\u0119 w objawach menopauzy. Poznaj jego zalety i zam\u00f3w teraz wygodne rozwi\u0105zanie.\" \/>\n<meta property=\"og:url\" content=\"https:\/\/www.transtoyou.com\/pl\/product\/lenzetto\/\" \/>\n<meta property=\"og:site_name\" content=\"Transtoyou - PL\" \/>\n<meta property=\"article:modified_time\" content=\"2026-01-23T21:35:05+00:00\" \/>\n<meta name=\"twitter:card\" content=\"summary_large_image\" \/>\n<meta name=\"twitter:label1\" content=\"Szacowany czas czytania\" \/>\n\t<meta name=\"twitter:data1\" content=\"1 minuta\" \/>\n<script type=\"application\/ld+json\" class=\"yoast-schema-graph\">{\"@context\":\"https:\/\/schema.org\",\"@graph\":[{\"@type\":\"WebPage\",\"@id\":\"https:\/\/www.transtoyou.com\/pl\/product\/lenzetto\/\",\"url\":\"https:\/\/www.transtoyou.com\/pl\/product\/lenzetto\/\",\"name\":\"Lenzetto | \u0141atwy w u\u017cyciu spray hormonalny - Transtoyou\",\"isPartOf\":{\"@id\":\"https:\/\/www.transtoyou.com\/pl\/#website\"},\"primaryImageOfPage\":{\"@id\":\"https:\/\/www.transtoyou.com\/pl\/product\/lenzetto\/#primaryimage\"},\"image\":{\"@id\":\"https:\/\/www.transtoyou.com\/pl\/product\/lenzetto\/#primaryimage\"},\"thumbnailUrl\":\"https:\/\/www.transtoyou.com\/pl\/wp-content\/uploads\/sites\/11\/2026\/01\/tty-no-product-image-53.webp\",\"datePublished\":\"2026-01-23T21:34:01+00:00\",\"dateModified\":\"2026-01-23T21:35:05+00:00\",\"description\":\"Lenzetto, dost\u0119pne na Transtoyou, oferuje skuteczn\u0105 ulg\u0119 w objawach menopauzy. Poznaj jego zalety i zam\u00f3w teraz wygodne rozwi\u0105zanie.\",\"breadcrumb\":{\"@id\":\"https:\/\/www.transtoyou.com\/pl\/product\/lenzetto\/#breadcrumb\"},\"inLanguage\":\"pl-PL\",\"potentialAction\":[{\"@type\":\"ReadAction\",\"target\":[\"https:\/\/www.transtoyou.com\/pl\/product\/lenzetto\/\"]}]},{\"@type\":\"ImageObject\",\"inLanguage\":\"pl-PL\",\"@id\":\"https:\/\/www.transtoyou.com\/pl\/product\/lenzetto\/#primaryimage\",\"url\":\"https:\/\/www.transtoyou.com\/pl\/wp-content\/uploads\/sites\/11\/2026\/01\/tty-no-product-image-53.webp\",\"contentUrl\":\"https:\/\/www.transtoyou.com\/pl\/wp-content\/uploads\/sites\/11\/2026\/01\/tty-no-product-image-53.webp\",\"width\":1000,\"height\":1000,\"caption\":\"Domy\u015blny obraz produktu\"},{\"@type\":\"WebSite\",\"@id\":\"https:\/\/www.transtoyou.com\/pl\/#website\",\"url\":\"https:\/\/www.transtoyou.com\/pl\/\",\"name\":\"Transtoyou - PL\",\"description\":\"\",\"publisher\":{\"@id\":\"https:\/\/www.transtoyou.com\/pl\/#organization\"},\"potentialAction\":[{\"@type\":\"SearchAction\",\"target\":{\"@type\":\"EntryPoint\",\"urlTemplate\":\"https:\/\/www.transtoyou.com\/pl\/?s={search_term_string}\"},\"query-input\":{\"@type\":\"PropertyValueSpecification\",\"valueRequired\":true,\"valueName\":\"search_term_string\"}}],\"inLanguage\":\"pl-PL\"},{\"@type\":\"Organization\",\"@id\":\"https:\/\/www.transtoyou.com\/pl\/#organization\",\"name\":\"Transtoyou - PL\",\"url\":\"https:\/\/www.transtoyou.com\/pl\/\",\"logo\":{\"@type\":\"ImageObject\",\"inLanguage\":\"pl-PL\",\"@id\":\"https:\/\/www.transtoyou.com\/pl\/#\/schema\/logo\/image\/\",\"url\":\"https:\/\/www.transtoyou.com\/pl\/wp-content\/uploads\/sites\/11\/2026\/01\/logo-tty-menu-bar-300x87-1.webp\",\"contentUrl\":\"https:\/\/www.transtoyou.com\/pl\/wp-content\/uploads\/sites\/11\/2026\/01\/logo-tty-menu-bar-300x87-1.webp\",\"width\":300,\"height\":87,\"caption\":\"Transtoyou - PL\"},\"image\":{\"@id\":\"https:\/\/www.transtoyou.com\/pl\/#\/schema\/logo\/image\/\"}}]}<\/script>\n<!-- \/ Yoast SEO plugin. -->","yoast_head_json":{"title":"Lenzetto | \u0141atwy w u\u017cyciu spray hormonalny - Transtoyou","description":"Lenzetto, dost\u0119pne na Transtoyou, oferuje skuteczn\u0105 ulg\u0119 w objawach menopauzy. Poznaj jego zalety i zam\u00f3w teraz wygodne rozwi\u0105zanie.","robots":{"index":"noindex","follow":"follow","max-snippet":"max-snippet:-1","max-image-preview":"max-image-preview:large","max-video-preview":"max-video-preview:-1"},"og_locale":"pl_PL","og_type":"article","og_title":"Lenzetto | \u0141atwy w u\u017cyciu spray hormonalny - Transtoyou","og_description":"Lenzetto, dost\u0119pne na Transtoyou, oferuje skuteczn\u0105 ulg\u0119 w objawach menopauzy. Poznaj jego zalety i zam\u00f3w teraz wygodne rozwi\u0105zanie.","og_url":"https:\/\/www.transtoyou.com\/pl\/product\/lenzetto\/","og_site_name":"Transtoyou - PL","article_modified_time":"2026-01-23T21:35:05+00:00","twitter_card":"summary_large_image","twitter_misc":{"Szacowany czas czytania":"1 minuta"},"schema":{"@context":"https:\/\/schema.org","@graph":[{"@type":"WebPage","@id":"https:\/\/www.transtoyou.com\/pl\/product\/lenzetto\/","url":"https:\/\/www.transtoyou.com\/pl\/product\/lenzetto\/","name":"Lenzetto | \u0141atwy w u\u017cyciu spray hormonalny - Transtoyou","isPartOf":{"@id":"https:\/\/www.transtoyou.com\/pl\/#website"},"primaryImageOfPage":{"@id":"https:\/\/www.transtoyou.com\/pl\/product\/lenzetto\/#primaryimage"},"image":{"@id":"https:\/\/www.transtoyou.com\/pl\/product\/lenzetto\/#primaryimage"},"thumbnailUrl":"https:\/\/www.transtoyou.com\/pl\/wp-content\/uploads\/sites\/11\/2026\/01\/tty-no-product-image-53.webp","datePublished":"2026-01-23T21:34:01+00:00","dateModified":"2026-01-23T21:35:05+00:00","description":"Lenzetto, dost\u0119pne na Transtoyou, oferuje skuteczn\u0105 ulg\u0119 w objawach menopauzy. Poznaj jego zalety i zam\u00f3w teraz wygodne rozwi\u0105zanie.","breadcrumb":{"@id":"https:\/\/www.transtoyou.com\/pl\/product\/lenzetto\/#breadcrumb"},"inLanguage":"pl-PL","potentialAction":[{"@type":"ReadAction","target":["https:\/\/www.transtoyou.com\/pl\/product\/lenzetto\/"]}]},{"@type":"ImageObject","inLanguage":"pl-PL","@id":"https:\/\/www.transtoyou.com\/pl\/product\/lenzetto\/#primaryimage","url":"https:\/\/www.transtoyou.com\/pl\/wp-content\/uploads\/sites\/11\/2026\/01\/tty-no-product-image-53.webp","contentUrl":"https:\/\/www.transtoyou.com\/pl\/wp-content\/uploads\/sites\/11\/2026\/01\/tty-no-product-image-53.webp","width":1000,"height":1000,"caption":"Domy\u015blny obraz produktu"},{"@type":"WebSite","@id":"https:\/\/www.transtoyou.com\/pl\/#website","url":"https:\/\/www.transtoyou.com\/pl\/","name":"Transtoyou - PL","description":"","publisher":{"@id":"https:\/\/www.transtoyou.com\/pl\/#organization"},"potentialAction":[{"@type":"SearchAction","target":{"@type":"EntryPoint","urlTemplate":"https:\/\/www.transtoyou.com\/pl\/?s={search_term_string}"},"query-input":{"@type":"PropertyValueSpecification","valueRequired":true,"valueName":"search_term_string"}}],"inLanguage":"pl-PL"},{"@type":"Organization","@id":"https:\/\/www.transtoyou.com\/pl\/#organization","name":"Transtoyou - PL","url":"https:\/\/www.transtoyou.com\/pl\/","logo":{"@type":"ImageObject","inLanguage":"pl-PL","@id":"https:\/\/www.transtoyou.com\/pl\/#\/schema\/logo\/image\/","url":"https:\/\/www.transtoyou.com\/pl\/wp-content\/uploads\/sites\/11\/2026\/01\/logo-tty-menu-bar-300x87-1.webp","contentUrl":"https:\/\/www.transtoyou.com\/pl\/wp-content\/uploads\/sites\/11\/2026\/01\/logo-tty-menu-bar-300x87-1.webp","width":300,"height":87,"caption":"Transtoyou - PL"},"image":{"@id":"https:\/\/www.transtoyou.com\/pl\/#\/schema\/logo\/image\/"}}]}},"_links":{"self":[{"href":"https:\/\/www.transtoyou.com\/pl\/wp-json\/wp\/v2\/product\/877","targetHints":{"allow":["GET"]}}],"collection":[{"href":"https:\/\/www.transtoyou.com\/pl\/wp-json\/wp\/v2\/product"}],"about":[{"href":"https:\/\/www.transtoyou.com\/pl\/wp-json\/wp\/v2\/types\/product"}],"replies":[{"embeddable":true,"href":"https:\/\/www.transtoyou.com\/pl\/wp-json\/wp\/v2\/comments?post=877"}],"wp:featuredmedia":[{"embeddable":true,"href":"https:\/\/www.transtoyou.com\/pl\/wp-json\/wp\/v2\/media\/879"}],"wp:attachment":[{"href":"https:\/\/www.transtoyou.com\/pl\/wp-json\/wp\/v2\/media?parent=877"}],"wp:term":[{"taxonomy":"product_brand","embeddable":true,"href":"https:\/\/www.transtoyou.com\/pl\/wp-json\/wp\/v2\/product_brand?post=877"},{"taxonomy":"product_cat","embeddable":true,"href":"https:\/\/www.transtoyou.com\/pl\/wp-json\/wp\/v2\/product_cat?post=877"},{"taxonomy":"product_tag","embeddable":true,"href":"https:\/\/www.transtoyou.com\/pl\/wp-json\/wp\/v2\/product_tag?post=877"},{"taxonomy":"expert","embeddable":true,"href":"https:\/\/www.transtoyou.com\/pl\/wp-json\/wp\/v2\/expert?post=877"}],"curies":[{"name":"wp","href":"https:\/\/api.w.org\/{rel}","templated":true}]}}