{"id":886,"date":"2026-01-24T00:21:37","date_gmt":"2026-01-23T22:21:37","guid":{"rendered":"https:\/\/www.transtoyou.com\/pl\/product\/metoprolol\/"},"modified":"2026-02-26T10:47:26","modified_gmt":"2026-02-26T08:47:26","slug":"metoprolol","status":"publish","type":"product","link":"https:\/\/www.transtoyou.com\/pl\/product\/metoprolol\/","title":{"rendered":"Metoprolol"},"content":{"rendered":"<p>Metoprolol to lek nale\u017c\u0105cy do klasy beta-bloker\u00f3w, powszechnie przepisywany w celu zarz\u0105dzania wysokim ci\u015bnieniem krwi. Spowalniaj\u0105c t\u0119tno i redukuj\u0105c si\u0142\u0119 skurcz\u00f3w serca, pomaga sercu pracowa\u0107 wydajniej i zmniejsza ci\u015bnienie na naczynia krwiono\u015bne. Czyni to go opcj\u0105 zar\u00f3wno w pocz\u0105tkowych, jak i d\u0142ugoterminowych planach leczenia nadci\u015bnienia.<\/p>\n<p>Gdy ci\u015bnienie krwi pozostaje podwy\u017cszone przez d\u0142u\u017cszy czas, zwi\u0119ksza to ryzyko powa\u017cnych komplikacji zdrowotnych, takich jak zawa\u0142 serca, udar m\u00f3zgu czy uszkodzenie nerek. Metoprolol dzia\u0142a poprzez blokowanie dzia\u0142ania niekt\u00f3rych naturalnych substancji chemicznych w organizmie, takich jak adrenalina, na serce i naczynia krwiono\u015bne. W rezultacie obni\u017ca t\u0119tno i \u0142agodzi obci\u0105\u017cenie uk\u0142adu sercowo-naczyniowego.<\/p>\n<p>Metoprolol zazwyczaj przyjmuje si\u0119 w postaci tabletek raz lub dwa razy dziennie. Osoby przyjmuj\u0105ce Metoprolol zazwyczaj nie odczuwaj\u0105 jego efekt\u00f3w bezpo\u015brednio, ale z czasem pomaga chroni\u0107 serce i naczynia krwiono\u015bne przed uszkodzeniami spowodowanymi przewlek\u0142ym nadci\u015bnieniem. Regularne stosowanie jest niezb\u0119dne do utrzymania stabilnych poziom\u00f3w ci\u015bnienia krwi i zapobiegania komplikacjom, nawet je\u015bli nie wyst\u0119puj\u0105 \u017cadne objawy.<\/p>\n<p>Metoprolol mo\u017ce powodowa\u0107 pewne \u0142agodne skutki uboczne, takie jak zm\u0119czenie, zimne ko\u0144czyny czy zawroty g\u0142owy, szczeg\u00f3lnie na pocz\u0105tku leczenia. Zwykle ust\u0119puj\u0105 one, gdy organizm si\u0119 przyzwyczaja. Jak w przypadku ka\u017cdego leczenia nadci\u015bnienia, regularne monitorowanie i medyczna kontrola s\u0105 wa\u017cne, aby zapewni\u0107 bezpiecze\u0144stwo i skuteczno\u015b\u0107.<\/p>\n","protected":false},"excerpt":{"rendered":"<ul>\n<li>Blokator sercowy Oncedaily<\/li>\n<li>Udowodnione, \u017ce zmniejsza zgony po zawale serca<\/li>\n<li>Uspokaja t\u0119tno, ci\u015bnienie, ko\u0142atanie serca<\/li>\n<\/ul>\n","protected":false},"featured_media":888,"comment_status":"open","ping_status":"closed","template":"","meta":[],"product_brand":[],"product_cat":[134],"product_tag":[],"expert":[21],"class_list":{"0":"post-886","1":"product","2":"type-product","3":"status-publish","4":"has-post-thumbnail","6":"product_cat-nadcisnienie-tetnicze","7":"expert-dr-m-sharoyko","9":"first","10":"instock","11":"shipping-taxable","12":"product-type-variable"},"yoast_head":"<!-- This site is optimized with the Yoast SEO plugin v27.0 - https:\/\/yoast.com\/product\/yoast-seo-wordpress\/ -->\n<title>Metoprolol | Efektywne zarz\u0105dzanie ci\u015bnieniem krwi - Transtoyou<\/title>\n<meta name=\"description\" content=\"Odkryj Metoprolol, beta-bloker na wysokie ci\u015bnienie krwi, dost\u0119pny w Transtoyou. Zmniejsza obci\u0105\u017cenie serca i poprawia zdrowie sercowo-naczyniowe.\" \/>\n<meta name=\"robots\" content=\"noindex, follow, max-snippet:-1, max-image-preview:large, max-video-preview:-1\" \/>\n<meta property=\"og:locale\" content=\"pl_PL\" \/>\n<meta property=\"og:type\" content=\"article\" \/>\n<meta property=\"og:title\" content=\"Metoprolol | Efektywne zarz\u0105dzanie ci\u015bnieniem krwi - Transtoyou\" \/>\n<meta property=\"og:description\" content=\"Odkryj Metoprolol, beta-bloker na wysokie ci\u015bnienie krwi, dost\u0119pny w Transtoyou. Zmniejsza obci\u0105\u017cenie serca i poprawia zdrowie sercowo-naczyniowe.\" \/>\n<meta property=\"og:url\" content=\"https:\/\/www.transtoyou.com\/pl\/product\/metoprolol\/\" \/>\n<meta property=\"og:site_name\" content=\"Transtoyou - PL\" \/>\n<meta property=\"article:modified_time\" content=\"2026-02-26T08:47:26+00:00\" \/>\n<meta name=\"twitter:card\" content=\"summary_large_image\" \/>\n<meta name=\"twitter:label1\" content=\"Szacowany czas czytania\" \/>\n\t<meta name=\"twitter:data1\" content=\"1 minuta\" \/>\n<script type=\"application\/ld+json\" class=\"yoast-schema-graph\">{\"@context\":\"https:\/\/schema.org\",\"@graph\":[{\"@type\":\"WebPage\",\"@id\":\"https:\/\/www.transtoyou.com\/pl\/product\/metoprolol\/\",\"url\":\"https:\/\/www.transtoyou.com\/pl\/product\/metoprolol\/\",\"name\":\"Metoprolol | Efektywne zarz\u0105dzanie ci\u015bnieniem krwi - Transtoyou\",\"isPartOf\":{\"@id\":\"https:\/\/www.transtoyou.com\/pl\/#website\"},\"primaryImageOfPage\":{\"@id\":\"https:\/\/www.transtoyou.com\/pl\/product\/metoprolol\/#primaryimage\"},\"image\":{\"@id\":\"https:\/\/www.transtoyou.com\/pl\/product\/metoprolol\/#primaryimage\"},\"thumbnailUrl\":\"https:\/\/www.transtoyou.com\/pl\/wp-content\/uploads\/sites\/11\/2026\/01\/tty-no-product-image-56.webp\",\"datePublished\":\"2026-01-23T22:21:37+00:00\",\"dateModified\":\"2026-02-26T08:47:26+00:00\",\"description\":\"Odkryj Metoprolol, beta-bloker na wysokie ci\u015bnienie krwi, dost\u0119pny w Transtoyou. Zmniejsza obci\u0105\u017cenie serca i poprawia zdrowie sercowo-naczyniowe.\",\"breadcrumb\":{\"@id\":\"https:\/\/www.transtoyou.com\/pl\/product\/metoprolol\/#breadcrumb\"},\"inLanguage\":\"pl-PL\",\"potentialAction\":[{\"@type\":\"ReadAction\",\"target\":[\"https:\/\/www.transtoyou.com\/pl\/product\/metoprolol\/\"]}]},{\"@type\":\"ImageObject\",\"inLanguage\":\"pl-PL\",\"@id\":\"https:\/\/www.transtoyou.com\/pl\/product\/metoprolol\/#primaryimage\",\"url\":\"https:\/\/www.transtoyou.com\/pl\/wp-content\/uploads\/sites\/11\/2026\/01\/tty-no-product-image-56.webp\",\"contentUrl\":\"https:\/\/www.transtoyou.com\/pl\/wp-content\/uploads\/sites\/11\/2026\/01\/tty-no-product-image-56.webp\",\"width\":1000,\"height\":1000,\"caption\":\"Domy\u015blny obraz produktu\"},{\"@type\":\"WebSite\",\"@id\":\"https:\/\/www.transtoyou.com\/pl\/#website\",\"url\":\"https:\/\/www.transtoyou.com\/pl\/\",\"name\":\"Transtoyou - PL\",\"description\":\"\",\"publisher\":{\"@id\":\"https:\/\/www.transtoyou.com\/pl\/#organization\"},\"potentialAction\":[{\"@type\":\"SearchAction\",\"target\":{\"@type\":\"EntryPoint\",\"urlTemplate\":\"https:\/\/www.transtoyou.com\/pl\/?s={search_term_string}\"},\"query-input\":{\"@type\":\"PropertyValueSpecification\",\"valueRequired\":true,\"valueName\":\"search_term_string\"}}],\"inLanguage\":\"pl-PL\"},{\"@type\":\"Organization\",\"@id\":\"https:\/\/www.transtoyou.com\/pl\/#organization\",\"name\":\"Transtoyou - PL\",\"url\":\"https:\/\/www.transtoyou.com\/pl\/\",\"logo\":{\"@type\":\"ImageObject\",\"inLanguage\":\"pl-PL\",\"@id\":\"https:\/\/www.transtoyou.com\/pl\/#\/schema\/logo\/image\/\",\"url\":\"https:\/\/www.transtoyou.com\/pl\/wp-content\/uploads\/sites\/11\/2026\/01\/logo-tty-menu-bar-300x87-1.webp\",\"contentUrl\":\"https:\/\/www.transtoyou.com\/pl\/wp-content\/uploads\/sites\/11\/2026\/01\/logo-tty-menu-bar-300x87-1.webp\",\"width\":300,\"height\":87,\"caption\":\"Transtoyou - PL\"},\"image\":{\"@id\":\"https:\/\/www.transtoyou.com\/pl\/#\/schema\/logo\/image\/\"}}]}<\/script>\n<!-- \/ Yoast SEO plugin. -->","yoast_head_json":{"title":"Metoprolol | Efektywne zarz\u0105dzanie ci\u015bnieniem krwi - Transtoyou","description":"Odkryj Metoprolol, beta-bloker na wysokie ci\u015bnienie krwi, dost\u0119pny w Transtoyou. Zmniejsza obci\u0105\u017cenie serca i poprawia zdrowie sercowo-naczyniowe.","robots":{"index":"noindex","follow":"follow","max-snippet":"max-snippet:-1","max-image-preview":"max-image-preview:large","max-video-preview":"max-video-preview:-1"},"og_locale":"pl_PL","og_type":"article","og_title":"Metoprolol | Efektywne zarz\u0105dzanie ci\u015bnieniem krwi - Transtoyou","og_description":"Odkryj Metoprolol, beta-bloker na wysokie ci\u015bnienie krwi, dost\u0119pny w Transtoyou. Zmniejsza obci\u0105\u017cenie serca i poprawia zdrowie sercowo-naczyniowe.","og_url":"https:\/\/www.transtoyou.com\/pl\/product\/metoprolol\/","og_site_name":"Transtoyou - PL","article_modified_time":"2026-02-26T08:47:26+00:00","twitter_card":"summary_large_image","twitter_misc":{"Szacowany czas czytania":"1 minuta"},"schema":{"@context":"https:\/\/schema.org","@graph":[{"@type":"WebPage","@id":"https:\/\/www.transtoyou.com\/pl\/product\/metoprolol\/","url":"https:\/\/www.transtoyou.com\/pl\/product\/metoprolol\/","name":"Metoprolol | Efektywne zarz\u0105dzanie ci\u015bnieniem krwi - Transtoyou","isPartOf":{"@id":"https:\/\/www.transtoyou.com\/pl\/#website"},"primaryImageOfPage":{"@id":"https:\/\/www.transtoyou.com\/pl\/product\/metoprolol\/#primaryimage"},"image":{"@id":"https:\/\/www.transtoyou.com\/pl\/product\/metoprolol\/#primaryimage"},"thumbnailUrl":"https:\/\/www.transtoyou.com\/pl\/wp-content\/uploads\/sites\/11\/2026\/01\/tty-no-product-image-56.webp","datePublished":"2026-01-23T22:21:37+00:00","dateModified":"2026-02-26T08:47:26+00:00","description":"Odkryj Metoprolol, beta-bloker na wysokie ci\u015bnienie krwi, dost\u0119pny w Transtoyou. Zmniejsza obci\u0105\u017cenie serca i poprawia zdrowie sercowo-naczyniowe.","breadcrumb":{"@id":"https:\/\/www.transtoyou.com\/pl\/product\/metoprolol\/#breadcrumb"},"inLanguage":"pl-PL","potentialAction":[{"@type":"ReadAction","target":["https:\/\/www.transtoyou.com\/pl\/product\/metoprolol\/"]}]},{"@type":"ImageObject","inLanguage":"pl-PL","@id":"https:\/\/www.transtoyou.com\/pl\/product\/metoprolol\/#primaryimage","url":"https:\/\/www.transtoyou.com\/pl\/wp-content\/uploads\/sites\/11\/2026\/01\/tty-no-product-image-56.webp","contentUrl":"https:\/\/www.transtoyou.com\/pl\/wp-content\/uploads\/sites\/11\/2026\/01\/tty-no-product-image-56.webp","width":1000,"height":1000,"caption":"Domy\u015blny obraz produktu"},{"@type":"WebSite","@id":"https:\/\/www.transtoyou.com\/pl\/#website","url":"https:\/\/www.transtoyou.com\/pl\/","name":"Transtoyou - PL","description":"","publisher":{"@id":"https:\/\/www.transtoyou.com\/pl\/#organization"},"potentialAction":[{"@type":"SearchAction","target":{"@type":"EntryPoint","urlTemplate":"https:\/\/www.transtoyou.com\/pl\/?s={search_term_string}"},"query-input":{"@type":"PropertyValueSpecification","valueRequired":true,"valueName":"search_term_string"}}],"inLanguage":"pl-PL"},{"@type":"Organization","@id":"https:\/\/www.transtoyou.com\/pl\/#organization","name":"Transtoyou - PL","url":"https:\/\/www.transtoyou.com\/pl\/","logo":{"@type":"ImageObject","inLanguage":"pl-PL","@id":"https:\/\/www.transtoyou.com\/pl\/#\/schema\/logo\/image\/","url":"https:\/\/www.transtoyou.com\/pl\/wp-content\/uploads\/sites\/11\/2026\/01\/logo-tty-menu-bar-300x87-1.webp","contentUrl":"https:\/\/www.transtoyou.com\/pl\/wp-content\/uploads\/sites\/11\/2026\/01\/logo-tty-menu-bar-300x87-1.webp","width":300,"height":87,"caption":"Transtoyou - PL"},"image":{"@id":"https:\/\/www.transtoyou.com\/pl\/#\/schema\/logo\/image\/"}}]}},"_links":{"self":[{"href":"https:\/\/www.transtoyou.com\/pl\/wp-json\/wp\/v2\/product\/886","targetHints":{"allow":["GET"]}}],"collection":[{"href":"https:\/\/www.transtoyou.com\/pl\/wp-json\/wp\/v2\/product"}],"about":[{"href":"https:\/\/www.transtoyou.com\/pl\/wp-json\/wp\/v2\/types\/product"}],"replies":[{"embeddable":true,"href":"https:\/\/www.transtoyou.com\/pl\/wp-json\/wp\/v2\/comments?post=886"}],"wp:featuredmedia":[{"embeddable":true,"href":"https:\/\/www.transtoyou.com\/pl\/wp-json\/wp\/v2\/media\/888"}],"wp:attachment":[{"href":"https:\/\/www.transtoyou.com\/pl\/wp-json\/wp\/v2\/media?parent=886"}],"wp:term":[{"taxonomy":"product_brand","embeddable":true,"href":"https:\/\/www.transtoyou.com\/pl\/wp-json\/wp\/v2\/product_brand?post=886"},{"taxonomy":"product_cat","embeddable":true,"href":"https:\/\/www.transtoyou.com\/pl\/wp-json\/wp\/v2\/product_cat?post=886"},{"taxonomy":"product_tag","embeddable":true,"href":"https:\/\/www.transtoyou.com\/pl\/wp-json\/wp\/v2\/product_tag?post=886"},{"taxonomy":"expert","embeddable":true,"href":"https:\/\/www.transtoyou.com\/pl\/wp-json\/wp\/v2\/expert?post=886"}],"curies":[{"name":"wp","href":"https:\/\/api.w.org\/{rel}","templated":true}]}}