{"id":909,"date":"2026-01-24T02:30:17","date_gmt":"2026-01-24T00:30:17","guid":{"rendered":"https:\/\/www.transtoyou.com\/pl\/product\/noriday\/"},"modified":"2026-01-24T02:31:15","modified_gmt":"2026-01-24T00:31:15","slug":"noriday","status":"publish","type":"product","link":"https:\/\/www.transtoyou.com\/pl\/product\/noriday\/","title":{"rendered":"Noriday"},"content":{"rendered":"<p>Noriday to tabletka antykoncepcyjna zawieraj\u0105ca tylko progestagen, powszechnie nazywana mini pigu\u0142k\u0105. Zawiera norethisteron, syntetyczn\u0105 wersj\u0119 hormonu progesteronu, i jest stosowana w celu zapobiegania ci\u0105\u017cy. Noriday to opcja wolna od estrogen\u00f3w, co czyni j\u0105 odpowiedni\u0105 dla os\u00f3b, kt\u00f3re nie mog\u0105 lub nie chc\u0105 stosowa\u0107 antykoncepcji opartej na estrogenie.<\/p>\n<p>Tabletka ta dzia\u0142a g\u0142\u00f3wnie poprzez zag\u0119szczenie \u015bluzu szyjkowego, co pomaga zmniejszy\u0107 prawdopodobie\u0144stwo dotarcia plemnik\u00f3w do kom\u00f3rki jajowej. Wp\u0142ywa r\u00f3wnie\u017c na wy\u015bci\u00f3\u0142k\u0119 macicy, aby zmniejszy\u0107 prawdopodobie\u0144stwo implantacji. U niekt\u00f3rych os\u00f3b mo\u017ce r\u00f3wnie\u017c t\u0142umi\u0107 owulacj\u0119, ale nie jest to jej g\u0142\u00f3wny spos\u00f3b dzia\u0142ania. Noriday nale\u017cy przyjmowa\u0107 o tej samej porze ka\u017cdego dnia, bez przerw mi\u0119dzy opakowaniami.<\/p>\n<p>Noriday mo\u017ce by\u0107 uznawana za odpowiedni\u0105 dla kobiet karmi\u0105cych, powy\u017cej 35. roku \u017cycia lub maj\u0105cych problemy zdrowotne, kt\u00f3re czyni\u0105 stosowanie tabletek skojarzonych nieodpowiednim. Mo\u017ce by\u0107 r\u00f3wnie\u017c wybierana przez osoby szukaj\u0105ce antykoncepcji o niskiej dawce, opartej tylko na hormonach. Jak w przypadku wielu mini pigu\u0142ek, niekt\u00f3rzy u\u017cytkownicy do\u015bwiadczaj\u0105 zmian w swoim cyklu menstruacyjnym, takich jak plamienia, nieregularne cykle lub ca\u0142kowity brak miesi\u0105czek.<\/p>\n<p>Aby zachowa\u0107 skuteczno\u015b\u0107, Noriday nale\u017cy przyjmowa\u0107 w ci\u0105gu trzech godzin ka\u017cdego dnia. Je\u015bli zostanie przyj\u0119ta p\u00f3\u017aniej, ochrona antykoncepcyjna mo\u017ce by\u0107 zmniejszona, a dodatkowa antykoncepcja jest zalecana na nast\u0119pne dwa dni. Noriday oferuje dyskretn\u0105 i niezawodn\u0105 opcj\u0119 dla tych, kt\u00f3rzy szukaj\u0105 antykoncepcji hormonalnej bez estrogen\u00f3w, gdy jest stosowana prawid\u0142owo.<\/p>\n","protected":false},"excerpt":{"rendered":"<ul>\n<li>Codzienna tabletka bez estrogen\u00f3w<\/li>\n<li>Zag\u0119szcza \u015bluz szyjkowy i zmienia wy\u015bci\u00f3\u0142k\u0119 macicy<\/li>\n<li>Preferowana przez osoby z nietolerancj\u0105 estrogen\u00f3w<\/li>\n<\/ul>\n","protected":false},"featured_media":911,"comment_status":"open","ping_status":"closed","template":"","meta":[],"product_brand":[],"product_cat":[150],"product_tag":[],"expert":[19],"class_list":{"0":"post-909","1":"product","2":"type-product","3":"status-publish","4":"has-post-thumbnail","6":"product_cat-mini-tabletka","7":"expert-dr-j-vazquez","9":"first","10":"instock","11":"shipping-taxable","12":"product-type-variable"},"yoast_head":"<!-- This site is optimized with the Yoast SEO plugin v27.0 - https:\/\/yoast.com\/product\/yoast-seo-wordpress\/ -->\n<title>Noriday | Antykoncepcyjna pigu\u0142ka bez estrogen\u00f3w - Transtoyou<\/title>\n<meta name=\"description\" content=\"Noriday mini pigu\u0142ka, antykoncepcja bez estrogen\u00f3w, zag\u0119szcza \u015bluz szyjkowy, aby zapobiec ci\u0105\u017cy. Kup Noriday ju\u017c dzi\u015b dla zr\u00f3wnowa\u017conego wyboru hormonalnego.\" \/>\n<meta name=\"robots\" content=\"noindex, follow, max-snippet:-1, max-image-preview:large, max-video-preview:-1\" \/>\n<meta property=\"og:locale\" content=\"pl_PL\" \/>\n<meta property=\"og:type\" content=\"article\" \/>\n<meta property=\"og:title\" content=\"Noriday | Antykoncepcyjna pigu\u0142ka bez estrogen\u00f3w - Transtoyou\" \/>\n<meta property=\"og:description\" content=\"Noriday mini pigu\u0142ka, antykoncepcja bez estrogen\u00f3w, zag\u0119szcza \u015bluz szyjkowy, aby zapobiec ci\u0105\u017cy. Kup Noriday ju\u017c dzi\u015b dla zr\u00f3wnowa\u017conego wyboru hormonalnego.\" \/>\n<meta property=\"og:url\" content=\"https:\/\/www.transtoyou.com\/pl\/product\/noriday\/\" \/>\n<meta property=\"og:site_name\" content=\"Transtoyou - PL\" \/>\n<meta property=\"article:modified_time\" content=\"2026-01-24T00:31:15+00:00\" \/>\n<meta name=\"twitter:card\" content=\"summary_large_image\" \/>\n<meta name=\"twitter:label1\" content=\"Szacowany czas czytania\" \/>\n\t<meta name=\"twitter:data1\" content=\"1 minuta\" \/>\n<script type=\"application\/ld+json\" class=\"yoast-schema-graph\">{\"@context\":\"https:\/\/schema.org\",\"@graph\":[{\"@type\":\"WebPage\",\"@id\":\"https:\/\/www.transtoyou.com\/pl\/product\/noriday\/\",\"url\":\"https:\/\/www.transtoyou.com\/pl\/product\/noriday\/\",\"name\":\"Noriday | Antykoncepcyjna pigu\u0142ka bez estrogen\u00f3w - Transtoyou\",\"isPartOf\":{\"@id\":\"https:\/\/www.transtoyou.com\/pl\/#website\"},\"primaryImageOfPage\":{\"@id\":\"https:\/\/www.transtoyou.com\/pl\/product\/noriday\/#primaryimage\"},\"image\":{\"@id\":\"https:\/\/www.transtoyou.com\/pl\/product\/noriday\/#primaryimage\"},\"thumbnailUrl\":\"https:\/\/www.transtoyou.com\/pl\/wp-content\/uploads\/sites\/11\/2026\/01\/tty-no-product-image-64.webp\",\"datePublished\":\"2026-01-24T00:30:17+00:00\",\"dateModified\":\"2026-01-24T00:31:15+00:00\",\"description\":\"Noriday mini pigu\u0142ka, antykoncepcja bez estrogen\u00f3w, zag\u0119szcza \u015bluz szyjkowy, aby zapobiec ci\u0105\u017cy. Kup Noriday ju\u017c dzi\u015b dla zr\u00f3wnowa\u017conego wyboru hormonalnego.\",\"breadcrumb\":{\"@id\":\"https:\/\/www.transtoyou.com\/pl\/product\/noriday\/#breadcrumb\"},\"inLanguage\":\"pl-PL\",\"potentialAction\":[{\"@type\":\"ReadAction\",\"target\":[\"https:\/\/www.transtoyou.com\/pl\/product\/noriday\/\"]}]},{\"@type\":\"ImageObject\",\"inLanguage\":\"pl-PL\",\"@id\":\"https:\/\/www.transtoyou.com\/pl\/product\/noriday\/#primaryimage\",\"url\":\"https:\/\/www.transtoyou.com\/pl\/wp-content\/uploads\/sites\/11\/2026\/01\/tty-no-product-image-64.webp\",\"contentUrl\":\"https:\/\/www.transtoyou.com\/pl\/wp-content\/uploads\/sites\/11\/2026\/01\/tty-no-product-image-64.webp\",\"width\":1000,\"height\":1000,\"caption\":\"Domy\u015blny obraz produktu\"},{\"@type\":\"WebSite\",\"@id\":\"https:\/\/www.transtoyou.com\/pl\/#website\",\"url\":\"https:\/\/www.transtoyou.com\/pl\/\",\"name\":\"Transtoyou - PL\",\"description\":\"\",\"publisher\":{\"@id\":\"https:\/\/www.transtoyou.com\/pl\/#organization\"},\"potentialAction\":[{\"@type\":\"SearchAction\",\"target\":{\"@type\":\"EntryPoint\",\"urlTemplate\":\"https:\/\/www.transtoyou.com\/pl\/?s={search_term_string}\"},\"query-input\":{\"@type\":\"PropertyValueSpecification\",\"valueRequired\":true,\"valueName\":\"search_term_string\"}}],\"inLanguage\":\"pl-PL\"},{\"@type\":\"Organization\",\"@id\":\"https:\/\/www.transtoyou.com\/pl\/#organization\",\"name\":\"Transtoyou - PL\",\"url\":\"https:\/\/www.transtoyou.com\/pl\/\",\"logo\":{\"@type\":\"ImageObject\",\"inLanguage\":\"pl-PL\",\"@id\":\"https:\/\/www.transtoyou.com\/pl\/#\/schema\/logo\/image\/\",\"url\":\"https:\/\/www.transtoyou.com\/pl\/wp-content\/uploads\/sites\/11\/2026\/01\/logo-tty-menu-bar-300x87-1.webp\",\"contentUrl\":\"https:\/\/www.transtoyou.com\/pl\/wp-content\/uploads\/sites\/11\/2026\/01\/logo-tty-menu-bar-300x87-1.webp\",\"width\":300,\"height\":87,\"caption\":\"Transtoyou - PL\"},\"image\":{\"@id\":\"https:\/\/www.transtoyou.com\/pl\/#\/schema\/logo\/image\/\"}}]}<\/script>\n<!-- \/ Yoast SEO plugin. -->","yoast_head_json":{"title":"Noriday | Antykoncepcyjna pigu\u0142ka bez estrogen\u00f3w - Transtoyou","description":"Noriday mini pigu\u0142ka, antykoncepcja bez estrogen\u00f3w, zag\u0119szcza \u015bluz szyjkowy, aby zapobiec ci\u0105\u017cy. Kup Noriday ju\u017c dzi\u015b dla zr\u00f3wnowa\u017conego wyboru hormonalnego.","robots":{"index":"noindex","follow":"follow","max-snippet":"max-snippet:-1","max-image-preview":"max-image-preview:large","max-video-preview":"max-video-preview:-1"},"og_locale":"pl_PL","og_type":"article","og_title":"Noriday | Antykoncepcyjna pigu\u0142ka bez estrogen\u00f3w - Transtoyou","og_description":"Noriday mini pigu\u0142ka, antykoncepcja bez estrogen\u00f3w, zag\u0119szcza \u015bluz szyjkowy, aby zapobiec ci\u0105\u017cy. Kup Noriday ju\u017c dzi\u015b dla zr\u00f3wnowa\u017conego wyboru hormonalnego.","og_url":"https:\/\/www.transtoyou.com\/pl\/product\/noriday\/","og_site_name":"Transtoyou - PL","article_modified_time":"2026-01-24T00:31:15+00:00","twitter_card":"summary_large_image","twitter_misc":{"Szacowany czas czytania":"1 minuta"},"schema":{"@context":"https:\/\/schema.org","@graph":[{"@type":"WebPage","@id":"https:\/\/www.transtoyou.com\/pl\/product\/noriday\/","url":"https:\/\/www.transtoyou.com\/pl\/product\/noriday\/","name":"Noriday | Antykoncepcyjna pigu\u0142ka bez estrogen\u00f3w - Transtoyou","isPartOf":{"@id":"https:\/\/www.transtoyou.com\/pl\/#website"},"primaryImageOfPage":{"@id":"https:\/\/www.transtoyou.com\/pl\/product\/noriday\/#primaryimage"},"image":{"@id":"https:\/\/www.transtoyou.com\/pl\/product\/noriday\/#primaryimage"},"thumbnailUrl":"https:\/\/www.transtoyou.com\/pl\/wp-content\/uploads\/sites\/11\/2026\/01\/tty-no-product-image-64.webp","datePublished":"2026-01-24T00:30:17+00:00","dateModified":"2026-01-24T00:31:15+00:00","description":"Noriday mini pigu\u0142ka, antykoncepcja bez estrogen\u00f3w, zag\u0119szcza \u015bluz szyjkowy, aby zapobiec ci\u0105\u017cy. Kup Noriday ju\u017c dzi\u015b dla zr\u00f3wnowa\u017conego wyboru hormonalnego.","breadcrumb":{"@id":"https:\/\/www.transtoyou.com\/pl\/product\/noriday\/#breadcrumb"},"inLanguage":"pl-PL","potentialAction":[{"@type":"ReadAction","target":["https:\/\/www.transtoyou.com\/pl\/product\/noriday\/"]}]},{"@type":"ImageObject","inLanguage":"pl-PL","@id":"https:\/\/www.transtoyou.com\/pl\/product\/noriday\/#primaryimage","url":"https:\/\/www.transtoyou.com\/pl\/wp-content\/uploads\/sites\/11\/2026\/01\/tty-no-product-image-64.webp","contentUrl":"https:\/\/www.transtoyou.com\/pl\/wp-content\/uploads\/sites\/11\/2026\/01\/tty-no-product-image-64.webp","width":1000,"height":1000,"caption":"Domy\u015blny obraz produktu"},{"@type":"WebSite","@id":"https:\/\/www.transtoyou.com\/pl\/#website","url":"https:\/\/www.transtoyou.com\/pl\/","name":"Transtoyou - PL","description":"","publisher":{"@id":"https:\/\/www.transtoyou.com\/pl\/#organization"},"potentialAction":[{"@type":"SearchAction","target":{"@type":"EntryPoint","urlTemplate":"https:\/\/www.transtoyou.com\/pl\/?s={search_term_string}"},"query-input":{"@type":"PropertyValueSpecification","valueRequired":true,"valueName":"search_term_string"}}],"inLanguage":"pl-PL"},{"@type":"Organization","@id":"https:\/\/www.transtoyou.com\/pl\/#organization","name":"Transtoyou - PL","url":"https:\/\/www.transtoyou.com\/pl\/","logo":{"@type":"ImageObject","inLanguage":"pl-PL","@id":"https:\/\/www.transtoyou.com\/pl\/#\/schema\/logo\/image\/","url":"https:\/\/www.transtoyou.com\/pl\/wp-content\/uploads\/sites\/11\/2026\/01\/logo-tty-menu-bar-300x87-1.webp","contentUrl":"https:\/\/www.transtoyou.com\/pl\/wp-content\/uploads\/sites\/11\/2026\/01\/logo-tty-menu-bar-300x87-1.webp","width":300,"height":87,"caption":"Transtoyou - PL"},"image":{"@id":"https:\/\/www.transtoyou.com\/pl\/#\/schema\/logo\/image\/"}}]}},"_links":{"self":[{"href":"https:\/\/www.transtoyou.com\/pl\/wp-json\/wp\/v2\/product\/909","targetHints":{"allow":["GET"]}}],"collection":[{"href":"https:\/\/www.transtoyou.com\/pl\/wp-json\/wp\/v2\/product"}],"about":[{"href":"https:\/\/www.transtoyou.com\/pl\/wp-json\/wp\/v2\/types\/product"}],"replies":[{"embeddable":true,"href":"https:\/\/www.transtoyou.com\/pl\/wp-json\/wp\/v2\/comments?post=909"}],"wp:featuredmedia":[{"embeddable":true,"href":"https:\/\/www.transtoyou.com\/pl\/wp-json\/wp\/v2\/media\/911"}],"wp:attachment":[{"href":"https:\/\/www.transtoyou.com\/pl\/wp-json\/wp\/v2\/media?parent=909"}],"wp:term":[{"taxonomy":"product_brand","embeddable":true,"href":"https:\/\/www.transtoyou.com\/pl\/wp-json\/wp\/v2\/product_brand?post=909"},{"taxonomy":"product_cat","embeddable":true,"href":"https:\/\/www.transtoyou.com\/pl\/wp-json\/wp\/v2\/product_cat?post=909"},{"taxonomy":"product_tag","embeddable":true,"href":"https:\/\/www.transtoyou.com\/pl\/wp-json\/wp\/v2\/product_tag?post=909"},{"taxonomy":"expert","embeddable":true,"href":"https:\/\/www.transtoyou.com\/pl\/wp-json\/wp\/v2\/expert?post=909"}],"curies":[{"name":"wp","href":"https:\/\/api.w.org\/{rel}","templated":true}]}}