{"id":915,"date":"2026-01-24T02:58:00","date_gmt":"2026-01-24T00:58:00","guid":{"rendered":"https:\/\/www.transtoyou.com\/pl\/product\/lyrica\/"},"modified":"2026-02-25T09:16:57","modified_gmt":"2026-02-25T07:16:57","slug":"lyrica","status":"publish","type":"product","link":"https:\/\/www.transtoyou.com\/pl\/product\/lyrica\/","title":{"rendered":"Lyrica"},"content":{"rendered":"<p>Lyrica, znana r\u00f3wnie\u017c pod nazw\u0105 og\u00f3ln\u0105 pregabalina, jest lekiem na recept\u0119 stosowanym w leczeniu b\u00f3lu nerwowego i fibromialgii. Jest r\u00f3wnie\u017c zatwierdzona do stosowania w przypadku uog\u00f3lnionego zaburzenia l\u0119kowego oraz jako terapia wspomagaj\u0105ca w przypadku napad\u00f3w cz\u0119\u015bciowych. Lyrica dzia\u0142a, uspokajaj\u0105c nadaktywne sygna\u0142y nerwowe w m\u00f3zgu i rdzeniu kr\u0119gowym, kt\u00f3re powoduj\u0105 przewlek\u0142y b\u00f3l, wra\u017cliwo\u015b\u0107 lub nietypowe odczucia.<\/p>\n<p>Jest powszechnie przepisywana na b\u00f3l nerwowy zwi\u0105zany z cukrzyc\u0105, p\u00f3\u0142pa\u015bcem (neuralgia pop\u00f3\u0142pa\u015bcowa) lub urazem rdzenia kr\u0119gowego. W przypadku fibromialgii mo\u017ce pom\u00f3c w z\u0142agodzeniu rozleg\u0142ego b\u00f3lu, wra\u017cliwo\u015bci mi\u0119\u015bni i zm\u0119czenia. W przeciwie\u0144stwie do opioid\u00f3w, Lyrica nie dzia\u0142a bezpo\u015brednio na receptory b\u00f3lowe, lecz moduluje kana\u0142y wapniowe w uk\u0142adzie nerwowym, aby zmniejszy\u0107 nadmiern\u0105 aktywno\u015b\u0107 nerwow\u0105.<\/p>\n<p>Lyrica jest przyjmowana doustnie, zazwyczaj dwa razy dziennie, a dawki s\u0105 stopniowo dostosowywane, aby zr\u00f3wnowa\u017cy\u0107 skuteczno\u015b\u0107 i tolerancj\u0119. Wi\u0119kszo\u015b\u0107 u\u017cytkownik\u00f3w zaczyna odczuwa\u0107 ulg\u0119 w ci\u0105gu pierwszego tygodnia, chocia\u017c mo\u017ce min\u0105\u0107 kilka tygodni, aby uzyska\u0107 pe\u0142ne korzy\u015bci. Niekt\u00f3re powszechne skutki uboczne to zawroty g\u0142owy, senno\u015b\u0107, obrz\u0119ki lub sucho\u015b\u0107 w ustach. Te efekty cz\u0119sto poprawiaj\u0105 si\u0119, gdy organizm przystosowuje si\u0119 do leku.<\/p>\n","protected":false},"excerpt":{"rendered":"<ul>\n<li>Celowane z\u0142agodzenie b\u00f3lu nerwowego i fibromialgii<\/li>\n<li>Moduluje sygna\u0142y nerwowe, aby zmniejszy\u0107 dyskomfort<\/li>\n<li>Nieopioidowe, doustne leczenie stosowane regularnie<\/li>\n<\/ul>\n","protected":false},"featured_media":917,"comment_status":"open","ping_status":"closed","template":"","meta":[],"product_brand":[],"product_cat":[151,121],"product_tag":[],"expert":[19],"class_list":{"0":"post-915","1":"product","2":"type-product","3":"status-publish","4":"has-post-thumbnail","6":"product_cat-bol-nerwowy","7":"product_cat-fibromialgia","8":"expert-dr-j-vazquez","10":"first","11":"instock","12":"shipping-taxable","13":"product-type-variable"},"yoast_head":"<!-- This site is optimized with the Yoast SEO plugin v27.0 - https:\/\/yoast.com\/product\/yoast-seo-wordpress\/ -->\n<title>Lyrica | Ulga w b\u00f3lu nerwowym i wsparcie w fibromialgii - Transtoyou<\/title>\n<meta name=\"description\" content=\"Lyrica \u0142agodzi b\u00f3l nerwowy, fibromialgi\u0119 i l\u0119ki. Odkryj jej zalety ju\u017c dzi\u015b w Transtoyou, gdzie profesjonalna opieka \u0142\u0105czy si\u0119 z wygod\u0105.\" \/>\n<meta name=\"robots\" content=\"noindex, follow, max-snippet:-1, max-image-preview:large, max-video-preview:-1\" \/>\n<meta property=\"og:locale\" content=\"pl_PL\" \/>\n<meta property=\"og:type\" content=\"article\" \/>\n<meta property=\"og:title\" content=\"Lyrica | Ulga w b\u00f3lu nerwowym i wsparcie w fibromialgii - Transtoyou\" \/>\n<meta property=\"og:description\" content=\"Lyrica \u0142agodzi b\u00f3l nerwowy, fibromialgi\u0119 i l\u0119ki. Odkryj jej zalety ju\u017c dzi\u015b w Transtoyou, gdzie profesjonalna opieka \u0142\u0105czy si\u0119 z wygod\u0105.\" \/>\n<meta property=\"og:url\" content=\"https:\/\/www.transtoyou.com\/pl\/product\/lyrica\/\" \/>\n<meta property=\"og:site_name\" content=\"Transtoyou - PL\" \/>\n<meta property=\"article:modified_time\" content=\"2026-02-25T07:16:57+00:00\" \/>\n<meta name=\"twitter:card\" content=\"summary_large_image\" \/>\n<meta name=\"twitter:label1\" content=\"Szacowany czas czytania\" \/>\n\t<meta name=\"twitter:data1\" content=\"1 minuta\" \/>\n<script type=\"application\/ld+json\" class=\"yoast-schema-graph\">{\"@context\":\"https:\/\/schema.org\",\"@graph\":[{\"@type\":\"WebPage\",\"@id\":\"https:\/\/www.transtoyou.com\/pl\/product\/lyrica\/\",\"url\":\"https:\/\/www.transtoyou.com\/pl\/product\/lyrica\/\",\"name\":\"Lyrica | Ulga w b\u00f3lu nerwowym i wsparcie w fibromialgii - Transtoyou\",\"isPartOf\":{\"@id\":\"https:\/\/www.transtoyou.com\/pl\/#website\"},\"primaryImageOfPage\":{\"@id\":\"https:\/\/www.transtoyou.com\/pl\/product\/lyrica\/#primaryimage\"},\"image\":{\"@id\":\"https:\/\/www.transtoyou.com\/pl\/product\/lyrica\/#primaryimage\"},\"thumbnailUrl\":\"https:\/\/www.transtoyou.com\/pl\/wp-content\/uploads\/sites\/11\/2026\/01\/tty-no-product-image-66.webp\",\"datePublished\":\"2026-01-24T00:58:00+00:00\",\"dateModified\":\"2026-02-25T07:16:57+00:00\",\"description\":\"Lyrica \u0142agodzi b\u00f3l nerwowy, fibromialgi\u0119 i l\u0119ki. Odkryj jej zalety ju\u017c dzi\u015b w Transtoyou, gdzie profesjonalna opieka \u0142\u0105czy si\u0119 z wygod\u0105.\",\"breadcrumb\":{\"@id\":\"https:\/\/www.transtoyou.com\/pl\/product\/lyrica\/#breadcrumb\"},\"inLanguage\":\"pl-PL\",\"potentialAction\":[{\"@type\":\"ReadAction\",\"target\":[\"https:\/\/www.transtoyou.com\/pl\/product\/lyrica\/\"]}]},{\"@type\":\"ImageObject\",\"inLanguage\":\"pl-PL\",\"@id\":\"https:\/\/www.transtoyou.com\/pl\/product\/lyrica\/#primaryimage\",\"url\":\"https:\/\/www.transtoyou.com\/pl\/wp-content\/uploads\/sites\/11\/2026\/01\/tty-no-product-image-66.webp\",\"contentUrl\":\"https:\/\/www.transtoyou.com\/pl\/wp-content\/uploads\/sites\/11\/2026\/01\/tty-no-product-image-66.webp\",\"width\":1000,\"height\":1000,\"caption\":\"Domy\u015blny obraz produktu\"},{\"@type\":\"WebSite\",\"@id\":\"https:\/\/www.transtoyou.com\/pl\/#website\",\"url\":\"https:\/\/www.transtoyou.com\/pl\/\",\"name\":\"Transtoyou - PL\",\"description\":\"\",\"publisher\":{\"@id\":\"https:\/\/www.transtoyou.com\/pl\/#organization\"},\"potentialAction\":[{\"@type\":\"SearchAction\",\"target\":{\"@type\":\"EntryPoint\",\"urlTemplate\":\"https:\/\/www.transtoyou.com\/pl\/?s={search_term_string}\"},\"query-input\":{\"@type\":\"PropertyValueSpecification\",\"valueRequired\":true,\"valueName\":\"search_term_string\"}}],\"inLanguage\":\"pl-PL\"},{\"@type\":\"Organization\",\"@id\":\"https:\/\/www.transtoyou.com\/pl\/#organization\",\"name\":\"Transtoyou - PL\",\"url\":\"https:\/\/www.transtoyou.com\/pl\/\",\"logo\":{\"@type\":\"ImageObject\",\"inLanguage\":\"pl-PL\",\"@id\":\"https:\/\/www.transtoyou.com\/pl\/#\/schema\/logo\/image\/\",\"url\":\"https:\/\/www.transtoyou.com\/pl\/wp-content\/uploads\/sites\/11\/2026\/01\/logo-tty-menu-bar-300x87-1.webp\",\"contentUrl\":\"https:\/\/www.transtoyou.com\/pl\/wp-content\/uploads\/sites\/11\/2026\/01\/logo-tty-menu-bar-300x87-1.webp\",\"width\":300,\"height\":87,\"caption\":\"Transtoyou - PL\"},\"image\":{\"@id\":\"https:\/\/www.transtoyou.com\/pl\/#\/schema\/logo\/image\/\"}}]}<\/script>\n<!-- \/ Yoast SEO plugin. -->","yoast_head_json":{"title":"Lyrica | Ulga w b\u00f3lu nerwowym i wsparcie w fibromialgii - Transtoyou","description":"Lyrica \u0142agodzi b\u00f3l nerwowy, fibromialgi\u0119 i l\u0119ki. Odkryj jej zalety ju\u017c dzi\u015b w Transtoyou, gdzie profesjonalna opieka \u0142\u0105czy si\u0119 z wygod\u0105.","robots":{"index":"noindex","follow":"follow","max-snippet":"max-snippet:-1","max-image-preview":"max-image-preview:large","max-video-preview":"max-video-preview:-1"},"og_locale":"pl_PL","og_type":"article","og_title":"Lyrica | Ulga w b\u00f3lu nerwowym i wsparcie w fibromialgii - Transtoyou","og_description":"Lyrica \u0142agodzi b\u00f3l nerwowy, fibromialgi\u0119 i l\u0119ki. Odkryj jej zalety ju\u017c dzi\u015b w Transtoyou, gdzie profesjonalna opieka \u0142\u0105czy si\u0119 z wygod\u0105.","og_url":"https:\/\/www.transtoyou.com\/pl\/product\/lyrica\/","og_site_name":"Transtoyou - PL","article_modified_time":"2026-02-25T07:16:57+00:00","twitter_card":"summary_large_image","twitter_misc":{"Szacowany czas czytania":"1 minuta"},"schema":{"@context":"https:\/\/schema.org","@graph":[{"@type":"WebPage","@id":"https:\/\/www.transtoyou.com\/pl\/product\/lyrica\/","url":"https:\/\/www.transtoyou.com\/pl\/product\/lyrica\/","name":"Lyrica | Ulga w b\u00f3lu nerwowym i wsparcie w fibromialgii - Transtoyou","isPartOf":{"@id":"https:\/\/www.transtoyou.com\/pl\/#website"},"primaryImageOfPage":{"@id":"https:\/\/www.transtoyou.com\/pl\/product\/lyrica\/#primaryimage"},"image":{"@id":"https:\/\/www.transtoyou.com\/pl\/product\/lyrica\/#primaryimage"},"thumbnailUrl":"https:\/\/www.transtoyou.com\/pl\/wp-content\/uploads\/sites\/11\/2026\/01\/tty-no-product-image-66.webp","datePublished":"2026-01-24T00:58:00+00:00","dateModified":"2026-02-25T07:16:57+00:00","description":"Lyrica \u0142agodzi b\u00f3l nerwowy, fibromialgi\u0119 i l\u0119ki. Odkryj jej zalety ju\u017c dzi\u015b w Transtoyou, gdzie profesjonalna opieka \u0142\u0105czy si\u0119 z wygod\u0105.","breadcrumb":{"@id":"https:\/\/www.transtoyou.com\/pl\/product\/lyrica\/#breadcrumb"},"inLanguage":"pl-PL","potentialAction":[{"@type":"ReadAction","target":["https:\/\/www.transtoyou.com\/pl\/product\/lyrica\/"]}]},{"@type":"ImageObject","inLanguage":"pl-PL","@id":"https:\/\/www.transtoyou.com\/pl\/product\/lyrica\/#primaryimage","url":"https:\/\/www.transtoyou.com\/pl\/wp-content\/uploads\/sites\/11\/2026\/01\/tty-no-product-image-66.webp","contentUrl":"https:\/\/www.transtoyou.com\/pl\/wp-content\/uploads\/sites\/11\/2026\/01\/tty-no-product-image-66.webp","width":1000,"height":1000,"caption":"Domy\u015blny obraz produktu"},{"@type":"WebSite","@id":"https:\/\/www.transtoyou.com\/pl\/#website","url":"https:\/\/www.transtoyou.com\/pl\/","name":"Transtoyou - PL","description":"","publisher":{"@id":"https:\/\/www.transtoyou.com\/pl\/#organization"},"potentialAction":[{"@type":"SearchAction","target":{"@type":"EntryPoint","urlTemplate":"https:\/\/www.transtoyou.com\/pl\/?s={search_term_string}"},"query-input":{"@type":"PropertyValueSpecification","valueRequired":true,"valueName":"search_term_string"}}],"inLanguage":"pl-PL"},{"@type":"Organization","@id":"https:\/\/www.transtoyou.com\/pl\/#organization","name":"Transtoyou - PL","url":"https:\/\/www.transtoyou.com\/pl\/","logo":{"@type":"ImageObject","inLanguage":"pl-PL","@id":"https:\/\/www.transtoyou.com\/pl\/#\/schema\/logo\/image\/","url":"https:\/\/www.transtoyou.com\/pl\/wp-content\/uploads\/sites\/11\/2026\/01\/logo-tty-menu-bar-300x87-1.webp","contentUrl":"https:\/\/www.transtoyou.com\/pl\/wp-content\/uploads\/sites\/11\/2026\/01\/logo-tty-menu-bar-300x87-1.webp","width":300,"height":87,"caption":"Transtoyou - PL"},"image":{"@id":"https:\/\/www.transtoyou.com\/pl\/#\/schema\/logo\/image\/"}}]}},"_links":{"self":[{"href":"https:\/\/www.transtoyou.com\/pl\/wp-json\/wp\/v2\/product\/915","targetHints":{"allow":["GET"]}}],"collection":[{"href":"https:\/\/www.transtoyou.com\/pl\/wp-json\/wp\/v2\/product"}],"about":[{"href":"https:\/\/www.transtoyou.com\/pl\/wp-json\/wp\/v2\/types\/product"}],"replies":[{"embeddable":true,"href":"https:\/\/www.transtoyou.com\/pl\/wp-json\/wp\/v2\/comments?post=915"}],"wp:featuredmedia":[{"embeddable":true,"href":"https:\/\/www.transtoyou.com\/pl\/wp-json\/wp\/v2\/media\/917"}],"wp:attachment":[{"href":"https:\/\/www.transtoyou.com\/pl\/wp-json\/wp\/v2\/media?parent=915"}],"wp:term":[{"taxonomy":"product_brand","embeddable":true,"href":"https:\/\/www.transtoyou.com\/pl\/wp-json\/wp\/v2\/product_brand?post=915"},{"taxonomy":"product_cat","embeddable":true,"href":"https:\/\/www.transtoyou.com\/pl\/wp-json\/wp\/v2\/product_cat?post=915"},{"taxonomy":"product_tag","embeddable":true,"href":"https:\/\/www.transtoyou.com\/pl\/wp-json\/wp\/v2\/product_tag?post=915"},{"taxonomy":"expert","embeddable":true,"href":"https:\/\/www.transtoyou.com\/pl\/wp-json\/wp\/v2\/expert?post=915"}],"curies":[{"name":"wp","href":"https:\/\/api.w.org\/{rel}","templated":true}]}}