{"id":918,"date":"2026-01-24T03:11:46","date_gmt":"2026-01-24T01:11:46","guid":{"rendered":"https:\/\/www.transtoyou.com\/pl\/product\/alendronic-acid\/"},"modified":"2026-02-05T13:56:06","modified_gmt":"2026-02-05T11:56:06","slug":"kwas-alendronowy","status":"publish","type":"product","link":"https:\/\/www.transtoyou.com\/pl\/product\/kwas-alendronowy\/","title":{"rendered":"Kwas alendronowy"},"content":{"rendered":"<p>Kwas alendronowy to lek stosowany w celu zapobiegania i leczenia osteoporozy, stanu, w kt\u00f3rym ko\u015bci staj\u0105 si\u0119 s\u0142abe i kruche. Nale\u017cy do grupy lek\u00f3w zwanych bisfosfonianami, kt\u00f3re dzia\u0142aj\u0105 poprzez spowolnienie tempa, w jakim ko\u015bci s\u0105 rozk\u0142adane w organizmie. Pomaga to utrzyma\u0107 g\u0119sto\u015b\u0107 ko\u015bci i zmniejszy\u0107 ryzyko z\u0142ama\u0144, szczeg\u00f3lnie w kr\u0119gos\u0142upie, biodrach i nadgarstkach.<\/p>\n<p>Kwas alendronowy jest najcz\u0119\u015bciej przepisywany kobietom po menopauzie oraz osobom, kt\u00f3re s\u0105 w zwi\u0119kszonym ryzyku utraty ko\u015bci z powodu wieku, d\u0142ugoterminowego stosowania steryd\u00f3w lub istniej\u0105cych schorze\u0144. Poprzez zmniejszenie obrotu kostnego, wzmacnia ko\u015bci i wspiera d\u0142ugoterminowe zdrowie szkieletu.<\/p>\n<p>Zazwyczaj przyjmuje si\u0119 go raz w tygodniu w postaci tabletki. Aby maksymalnie zwi\u0119kszy\u0107 wch\u0142anianie i unikn\u0105\u0107 podra\u017cnienia prze\u0142yku, tabletk\u0119 nale\u017cy po\u0142kn\u0105\u0107 w ca\u0142o\u015bci, popijaj\u0105c pe\u0142n\u0105 szklank\u0105 wody na czczo. U\u017cytkownicy musz\u0105 pozosta\u0107 w pozycji pionowej przez co najmniej 30 minut po przyj\u0119ciu dawki i powinni unika\u0107 jedzenia i picia (opr\u00f3cz wody) oraz przyjmowania innych lek\u00f3w w tym czasie.<\/p>\n","protected":false},"excerpt":{"rendered":"<ul>\n<li>Tygodniowa tabletka wzmacniaj\u0105ca ko\u015bci<\/li>\n<li>Zmniejsza ryzyko z\u0142ama\u0144<\/li>\n<li>Spowalnia utrat\u0119 ko\u015bci w osteoporozie<\/li>\n<\/ul>\n","protected":false},"featured_media":920,"comment_status":"open","ping_status":"closed","template":"","meta":[],"product_brand":[],"product_cat":[152],"product_tag":[],"expert":[21],"class_list":{"0":"post-918","1":"product","2":"type-product","3":"status-publish","4":"has-post-thumbnail","6":"product_cat-osteoporoza","7":"expert-dr-m-sharoyko","9":"first","10":"instock","11":"shipping-taxable","12":"product-type-variable"},"yoast_head":"<!-- This site is optimized with the Yoast SEO plugin v27.0 - https:\/\/yoast.com\/product\/yoast-seo-wordpress\/ -->\n<title>Kwas alendronowy | Wzmacnia ko\u015bci, redukuje z\u0142amania - Transtoyou<\/title>\n<meta name=\"description\" content=\"Kwas alendronowy w Transtoyou wspiera zdrowie ko\u015bci i zmniejsza ryzyko osteoporozy. Kup ju\u017c dzi\u015b i wzmocnij swoje ko\u015bci!\" \/>\n<meta name=\"robots\" content=\"noindex, follow, max-snippet:-1, max-image-preview:large, max-video-preview:-1\" \/>\n<meta property=\"og:locale\" content=\"pl_PL\" \/>\n<meta property=\"og:type\" content=\"article\" \/>\n<meta property=\"og:title\" content=\"Kwas alendronowy | Wzmacnia ko\u015bci, redukuje z\u0142amania - Transtoyou\" \/>\n<meta property=\"og:description\" content=\"Kwas alendronowy w Transtoyou wspiera zdrowie ko\u015bci i zmniejsza ryzyko osteoporozy. Kup ju\u017c dzi\u015b i wzmocnij swoje ko\u015bci!\" \/>\n<meta property=\"og:url\" content=\"https:\/\/www.transtoyou.com\/pl\/product\/alendronic-acid\/\" \/>\n<meta property=\"og:site_name\" content=\"Transtoyou - PL\" \/>\n<meta property=\"article:modified_time\" content=\"2026-02-05T11:56:06+00:00\" \/>\n<meta name=\"twitter:card\" content=\"summary_large_image\" \/>\n<meta name=\"twitter:label1\" content=\"Szacowany czas czytania\" \/>\n\t<meta name=\"twitter:data1\" content=\"1 minuta\" \/>\n<script type=\"application\/ld+json\" class=\"yoast-schema-graph\">{\"@context\":\"https:\/\/schema.org\",\"@graph\":[{\"@type\":\"WebPage\",\"@id\":\"https:\/\/www.transtoyou.com\/pl\/product\/alendronic-acid\/\",\"url\":\"https:\/\/www.transtoyou.com\/pl\/product\/alendronic-acid\/\",\"name\":\"Kwas alendronowy | Wzmacnia ko\u015bci, redukuje z\u0142amania - Transtoyou\",\"isPartOf\":{\"@id\":\"https:\/\/www.transtoyou.com\/pl\/#website\"},\"primaryImageOfPage\":{\"@id\":\"https:\/\/www.transtoyou.com\/pl\/product\/alendronic-acid\/#primaryimage\"},\"image\":{\"@id\":\"https:\/\/www.transtoyou.com\/pl\/product\/alendronic-acid\/#primaryimage\"},\"thumbnailUrl\":\"https:\/\/www.transtoyou.com\/pl\/wp-content\/uploads\/sites\/11\/2026\/01\/tty-no-product-image-67.webp\",\"datePublished\":\"2026-01-24T01:11:46+00:00\",\"dateModified\":\"2026-02-05T11:56:06+00:00\",\"description\":\"Kwas alendronowy w Transtoyou wspiera zdrowie ko\u015bci i zmniejsza ryzyko osteoporozy. Kup ju\u017c dzi\u015b i wzmocnij swoje ko\u015bci!\",\"breadcrumb\":{\"@id\":\"https:\/\/www.transtoyou.com\/pl\/product\/alendronic-acid\/#breadcrumb\"},\"inLanguage\":\"pl-PL\",\"potentialAction\":[{\"@type\":\"ReadAction\",\"target\":[\"https:\/\/www.transtoyou.com\/pl\/product\/alendronic-acid\/\"]}]},{\"@type\":\"ImageObject\",\"inLanguage\":\"pl-PL\",\"@id\":\"https:\/\/www.transtoyou.com\/pl\/product\/alendronic-acid\/#primaryimage\",\"url\":\"https:\/\/www.transtoyou.com\/pl\/wp-content\/uploads\/sites\/11\/2026\/01\/tty-no-product-image-67.webp\",\"contentUrl\":\"https:\/\/www.transtoyou.com\/pl\/wp-content\/uploads\/sites\/11\/2026\/01\/tty-no-product-image-67.webp\",\"width\":1000,\"height\":1000,\"caption\":\"Domy\u015blny obraz produktu\"},{\"@type\":\"WebSite\",\"@id\":\"https:\/\/www.transtoyou.com\/pl\/#website\",\"url\":\"https:\/\/www.transtoyou.com\/pl\/\",\"name\":\"Transtoyou - PL\",\"description\":\"\",\"publisher\":{\"@id\":\"https:\/\/www.transtoyou.com\/pl\/#organization\"},\"potentialAction\":[{\"@type\":\"SearchAction\",\"target\":{\"@type\":\"EntryPoint\",\"urlTemplate\":\"https:\/\/www.transtoyou.com\/pl\/?s={search_term_string}\"},\"query-input\":{\"@type\":\"PropertyValueSpecification\",\"valueRequired\":true,\"valueName\":\"search_term_string\"}}],\"inLanguage\":\"pl-PL\"},{\"@type\":\"Organization\",\"@id\":\"https:\/\/www.transtoyou.com\/pl\/#organization\",\"name\":\"Transtoyou - PL\",\"url\":\"https:\/\/www.transtoyou.com\/pl\/\",\"logo\":{\"@type\":\"ImageObject\",\"inLanguage\":\"pl-PL\",\"@id\":\"https:\/\/www.transtoyou.com\/pl\/#\/schema\/logo\/image\/\",\"url\":\"https:\/\/www.transtoyou.com\/pl\/wp-content\/uploads\/sites\/11\/2026\/01\/logo-tty-menu-bar-300x87-1.webp\",\"contentUrl\":\"https:\/\/www.transtoyou.com\/pl\/wp-content\/uploads\/sites\/11\/2026\/01\/logo-tty-menu-bar-300x87-1.webp\",\"width\":300,\"height\":87,\"caption\":\"Transtoyou - PL\"},\"image\":{\"@id\":\"https:\/\/www.transtoyou.com\/pl\/#\/schema\/logo\/image\/\"}}]}<\/script>\n<!-- \/ Yoast SEO plugin. -->","yoast_head_json":{"title":"Kwas alendronowy | Wzmacnia ko\u015bci, redukuje z\u0142amania - Transtoyou","description":"Kwas alendronowy w Transtoyou wspiera zdrowie ko\u015bci i zmniejsza ryzyko osteoporozy. Kup ju\u017c dzi\u015b i wzmocnij swoje ko\u015bci!","robots":{"index":"noindex","follow":"follow","max-snippet":"max-snippet:-1","max-image-preview":"max-image-preview:large","max-video-preview":"max-video-preview:-1"},"og_locale":"pl_PL","og_type":"article","og_title":"Kwas alendronowy | Wzmacnia ko\u015bci, redukuje z\u0142amania - Transtoyou","og_description":"Kwas alendronowy w Transtoyou wspiera zdrowie ko\u015bci i zmniejsza ryzyko osteoporozy. Kup ju\u017c dzi\u015b i wzmocnij swoje ko\u015bci!","og_url":"https:\/\/www.transtoyou.com\/pl\/product\/alendronic-acid\/","og_site_name":"Transtoyou - PL","article_modified_time":"2026-02-05T11:56:06+00:00","twitter_card":"summary_large_image","twitter_misc":{"Szacowany czas czytania":"1 minuta"},"schema":{"@context":"https:\/\/schema.org","@graph":[{"@type":"WebPage","@id":"https:\/\/www.transtoyou.com\/pl\/product\/alendronic-acid\/","url":"https:\/\/www.transtoyou.com\/pl\/product\/alendronic-acid\/","name":"Kwas alendronowy | Wzmacnia ko\u015bci, redukuje z\u0142amania - Transtoyou","isPartOf":{"@id":"https:\/\/www.transtoyou.com\/pl\/#website"},"primaryImageOfPage":{"@id":"https:\/\/www.transtoyou.com\/pl\/product\/alendronic-acid\/#primaryimage"},"image":{"@id":"https:\/\/www.transtoyou.com\/pl\/product\/alendronic-acid\/#primaryimage"},"thumbnailUrl":"https:\/\/www.transtoyou.com\/pl\/wp-content\/uploads\/sites\/11\/2026\/01\/tty-no-product-image-67.webp","datePublished":"2026-01-24T01:11:46+00:00","dateModified":"2026-02-05T11:56:06+00:00","description":"Kwas alendronowy w Transtoyou wspiera zdrowie ko\u015bci i zmniejsza ryzyko osteoporozy. Kup ju\u017c dzi\u015b i wzmocnij swoje ko\u015bci!","breadcrumb":{"@id":"https:\/\/www.transtoyou.com\/pl\/product\/alendronic-acid\/#breadcrumb"},"inLanguage":"pl-PL","potentialAction":[{"@type":"ReadAction","target":["https:\/\/www.transtoyou.com\/pl\/product\/alendronic-acid\/"]}]},{"@type":"ImageObject","inLanguage":"pl-PL","@id":"https:\/\/www.transtoyou.com\/pl\/product\/alendronic-acid\/#primaryimage","url":"https:\/\/www.transtoyou.com\/pl\/wp-content\/uploads\/sites\/11\/2026\/01\/tty-no-product-image-67.webp","contentUrl":"https:\/\/www.transtoyou.com\/pl\/wp-content\/uploads\/sites\/11\/2026\/01\/tty-no-product-image-67.webp","width":1000,"height":1000,"caption":"Domy\u015blny obraz produktu"},{"@type":"WebSite","@id":"https:\/\/www.transtoyou.com\/pl\/#website","url":"https:\/\/www.transtoyou.com\/pl\/","name":"Transtoyou - PL","description":"","publisher":{"@id":"https:\/\/www.transtoyou.com\/pl\/#organization"},"potentialAction":[{"@type":"SearchAction","target":{"@type":"EntryPoint","urlTemplate":"https:\/\/www.transtoyou.com\/pl\/?s={search_term_string}"},"query-input":{"@type":"PropertyValueSpecification","valueRequired":true,"valueName":"search_term_string"}}],"inLanguage":"pl-PL"},{"@type":"Organization","@id":"https:\/\/www.transtoyou.com\/pl\/#organization","name":"Transtoyou - PL","url":"https:\/\/www.transtoyou.com\/pl\/","logo":{"@type":"ImageObject","inLanguage":"pl-PL","@id":"https:\/\/www.transtoyou.com\/pl\/#\/schema\/logo\/image\/","url":"https:\/\/www.transtoyou.com\/pl\/wp-content\/uploads\/sites\/11\/2026\/01\/logo-tty-menu-bar-300x87-1.webp","contentUrl":"https:\/\/www.transtoyou.com\/pl\/wp-content\/uploads\/sites\/11\/2026\/01\/logo-tty-menu-bar-300x87-1.webp","width":300,"height":87,"caption":"Transtoyou - PL"},"image":{"@id":"https:\/\/www.transtoyou.com\/pl\/#\/schema\/logo\/image\/"}}]}},"_links":{"self":[{"href":"https:\/\/www.transtoyou.com\/pl\/wp-json\/wp\/v2\/product\/918","targetHints":{"allow":["GET"]}}],"collection":[{"href":"https:\/\/www.transtoyou.com\/pl\/wp-json\/wp\/v2\/product"}],"about":[{"href":"https:\/\/www.transtoyou.com\/pl\/wp-json\/wp\/v2\/types\/product"}],"replies":[{"embeddable":true,"href":"https:\/\/www.transtoyou.com\/pl\/wp-json\/wp\/v2\/comments?post=918"}],"wp:featuredmedia":[{"embeddable":true,"href":"https:\/\/www.transtoyou.com\/pl\/wp-json\/wp\/v2\/media\/920"}],"wp:attachment":[{"href":"https:\/\/www.transtoyou.com\/pl\/wp-json\/wp\/v2\/media?parent=918"}],"wp:term":[{"taxonomy":"product_brand","embeddable":true,"href":"https:\/\/www.transtoyou.com\/pl\/wp-json\/wp\/v2\/product_brand?post=918"},{"taxonomy":"product_cat","embeddable":true,"href":"https:\/\/www.transtoyou.com\/pl\/wp-json\/wp\/v2\/product_cat?post=918"},{"taxonomy":"product_tag","embeddable":true,"href":"https:\/\/www.transtoyou.com\/pl\/wp-json\/wp\/v2\/product_tag?post=918"},{"taxonomy":"expert","embeddable":true,"href":"https:\/\/www.transtoyou.com\/pl\/wp-json\/wp\/v2\/expert?post=918"}],"curies":[{"name":"wp","href":"https:\/\/api.w.org\/{rel}","templated":true}]}}