{"id":927,"date":"2026-01-24T03:53:09","date_gmt":"2026-01-24T01:53:09","guid":{"rendered":"https:\/\/www.transtoyou.com\/pl\/product\/avodart\/"},"modified":"2026-01-24T03:54:07","modified_gmt":"2026-01-24T01:54:07","slug":"avodart","status":"publish","type":"product","link":"https:\/\/www.transtoyou.com\/pl\/product\/avodart\/","title":{"rendered":"Avodart"},"content":{"rendered":"<p>Avodart zawiera dutasteryd, lek stosowany w leczeniu \u0142agodnego przerostu prostaty, schorzenia powszechnie znanego jako powi\u0119kszona prostata. Schorzenie to dotyka wielu m\u0119\u017cczyzn w miar\u0119 starzenia si\u0119 i mo\u017ce prowadzi\u0107 do objaw\u00f3w ze strony uk\u0142adu moczowego, takich jak cz\u0119ste oddawanie moczu, trudno\u015bci w rozpocz\u0119ciu lub zatrzymaniu strumienia oraz s\u0142aby strumie\u0144. Avodart dzia\u0142a poprzez zmniejszenie prostaty w czasie, co pomaga z\u0142agodzi\u0107 te objawy i poprawi\u0107 przep\u0142yw moczu.<\/p>\n<p>Dutasteryd nale\u017cy do grupy lek\u00f3w zwanych inhibitorami 5-alfa-reduktazy. Obni\u017ca poziom dihydrotestosteronu, hormonu, kt\u00f3ry powoduje wzrost prostaty. Ni\u017csze poziomy hormon\u00f3w prowadz\u0105 do mniejszej prostaty, co z kolei zmniejsza ucisk na cewk\u0119 moczow\u0105 i u\u0142atwia oddawanie moczu. Efekty narastaj\u0105 stopniowo i mog\u0105 zaj\u0105\u0107 kilka miesi\u0119cy, aby pokaza\u0107 popraw\u0119.<\/p>\n<p>Avodart przyjmuje si\u0119 w postaci codziennej kapsu\u0142ki (jako kapsu\u0142k\u0119 raz dziennie) i nale\u017cy j\u0105 po\u0142yka\u0107 w ca\u0142o\u015bci, popijaj\u0105c wod\u0105. Regularno\u015b\u0107 jest wa\u017cna, poniewa\u017c pomini\u0119cie dawek mo\u017ce zmniejszy\u0107 skuteczno\u015b\u0107. Cz\u0119sto stosuje si\u0119 go przez d\u0142u\u017cszy czas, aby utrzyma\u0107 korzy\u015bci i zmniejszy\u0107 ryzyko powik\u0142a\u0144, takich jak ostra retencja moczu lub konieczno\u015b\u0107 operacji prostaty.<\/p>\n<p>Avodart jest zazwyczaj dobrze tolerowany. Dzia\u0142ania niepo\u017c\u0105dane mog\u0105 obejmowa\u0107 zmniejszenie libido, tkliwo\u015b\u0107 piersi lub dysfunkcj\u0119 seksualn\u0105. Te efekty maj\u0105 tendencj\u0119 do poprawy z czasem lub po zaprzestaniu stosowania.<\/p>\n","protected":false},"excerpt":{"rendered":"<ul>\n<li>Dzienna kapsu\u0142ka na powi\u0119kszon\u0105 prostat\u0119<\/li>\n<li>Redukuje rozmiar prostaty i objawy ze strony uk\u0142adu moczowego<\/li>\n<li>Pomaga zapobiega\u0107 d\u0142ugoterminowym powik\u0142aniom prostaty<\/li>\n<\/ul>\n","protected":false},"featured_media":929,"comment_status":"open","ping_status":"closed","template":"","meta":[],"product_brand":[],"product_cat":[156],"product_tag":[],"expert":[21],"class_list":{"0":"post-927","1":"product","2":"type-product","3":"status-publish","4":"has-post-thumbnail","6":"product_cat-zdrowie-prostaty","7":"expert-dr-m-sharoyko","9":"first","10":"instock","11":"shipping-taxable","12":"product-type-variable"},"yoast_head":"<!-- This site is optimized with the Yoast SEO plugin v27.0 - https:\/\/yoast.com\/product\/yoast-seo-wordpress\/ -->\n<title>Avodart | Szybka ulga w objawach prostaty - Transtoyou<\/title>\n<meta name=\"description\" content=\"Odkryj Avodart na Transtoyou, kt\u00f3ry \u0142agodzi objawy powi\u0119kszonej prostaty. Do\u015bwiadcz ulgi dzi\u0119ki dutasterydowi. Kup teraz.\" \/>\n<meta name=\"robots\" content=\"noindex, follow, max-snippet:-1, max-image-preview:large, max-video-preview:-1\" \/>\n<meta property=\"og:locale\" content=\"pl_PL\" \/>\n<meta property=\"og:type\" content=\"article\" \/>\n<meta property=\"og:title\" content=\"Avodart | Szybka ulga w objawach prostaty - Transtoyou\" \/>\n<meta property=\"og:description\" content=\"Odkryj Avodart na Transtoyou, kt\u00f3ry \u0142agodzi objawy powi\u0119kszonej prostaty. Do\u015bwiadcz ulgi dzi\u0119ki dutasterydowi. Kup teraz.\" \/>\n<meta property=\"og:url\" content=\"https:\/\/www.transtoyou.com\/pl\/product\/avodart\/\" \/>\n<meta property=\"og:site_name\" content=\"Transtoyou - PL\" \/>\n<meta property=\"article:modified_time\" content=\"2026-01-24T01:54:07+00:00\" \/>\n<meta name=\"twitter:card\" content=\"summary_large_image\" \/>\n<meta name=\"twitter:label1\" content=\"Szacowany czas czytania\" \/>\n\t<meta name=\"twitter:data1\" content=\"1 minuta\" \/>\n<script type=\"application\/ld+json\" class=\"yoast-schema-graph\">{\"@context\":\"https:\/\/schema.org\",\"@graph\":[{\"@type\":\"WebPage\",\"@id\":\"https:\/\/www.transtoyou.com\/pl\/product\/avodart\/\",\"url\":\"https:\/\/www.transtoyou.com\/pl\/product\/avodart\/\",\"name\":\"Avodart | Szybka ulga w objawach prostaty - Transtoyou\",\"isPartOf\":{\"@id\":\"https:\/\/www.transtoyou.com\/pl\/#website\"},\"primaryImageOfPage\":{\"@id\":\"https:\/\/www.transtoyou.com\/pl\/product\/avodart\/#primaryimage\"},\"image\":{\"@id\":\"https:\/\/www.transtoyou.com\/pl\/product\/avodart\/#primaryimage\"},\"thumbnailUrl\":\"https:\/\/www.transtoyou.com\/pl\/wp-content\/uploads\/sites\/11\/2026\/01\/tty-no-product-image-70.webp\",\"datePublished\":\"2026-01-24T01:53:09+00:00\",\"dateModified\":\"2026-01-24T01:54:07+00:00\",\"description\":\"Odkryj Avodart na Transtoyou, kt\u00f3ry \u0142agodzi objawy powi\u0119kszonej prostaty. Do\u015bwiadcz ulgi dzi\u0119ki dutasterydowi. Kup teraz.\",\"breadcrumb\":{\"@id\":\"https:\/\/www.transtoyou.com\/pl\/product\/avodart\/#breadcrumb\"},\"inLanguage\":\"pl-PL\",\"potentialAction\":[{\"@type\":\"ReadAction\",\"target\":[\"https:\/\/www.transtoyou.com\/pl\/product\/avodart\/\"]}]},{\"@type\":\"ImageObject\",\"inLanguage\":\"pl-PL\",\"@id\":\"https:\/\/www.transtoyou.com\/pl\/product\/avodart\/#primaryimage\",\"url\":\"https:\/\/www.transtoyou.com\/pl\/wp-content\/uploads\/sites\/11\/2026\/01\/tty-no-product-image-70.webp\",\"contentUrl\":\"https:\/\/www.transtoyou.com\/pl\/wp-content\/uploads\/sites\/11\/2026\/01\/tty-no-product-image-70.webp\",\"width\":1000,\"height\":1000,\"caption\":\"Domy\u015blny obraz produktu\"},{\"@type\":\"WebSite\",\"@id\":\"https:\/\/www.transtoyou.com\/pl\/#website\",\"url\":\"https:\/\/www.transtoyou.com\/pl\/\",\"name\":\"Transtoyou - PL\",\"description\":\"\",\"publisher\":{\"@id\":\"https:\/\/www.transtoyou.com\/pl\/#organization\"},\"potentialAction\":[{\"@type\":\"SearchAction\",\"target\":{\"@type\":\"EntryPoint\",\"urlTemplate\":\"https:\/\/www.transtoyou.com\/pl\/?s={search_term_string}\"},\"query-input\":{\"@type\":\"PropertyValueSpecification\",\"valueRequired\":true,\"valueName\":\"search_term_string\"}}],\"inLanguage\":\"pl-PL\"},{\"@type\":\"Organization\",\"@id\":\"https:\/\/www.transtoyou.com\/pl\/#organization\",\"name\":\"Transtoyou - PL\",\"url\":\"https:\/\/www.transtoyou.com\/pl\/\",\"logo\":{\"@type\":\"ImageObject\",\"inLanguage\":\"pl-PL\",\"@id\":\"https:\/\/www.transtoyou.com\/pl\/#\/schema\/logo\/image\/\",\"url\":\"https:\/\/www.transtoyou.com\/pl\/wp-content\/uploads\/sites\/11\/2026\/01\/logo-tty-menu-bar-300x87-1.webp\",\"contentUrl\":\"https:\/\/www.transtoyou.com\/pl\/wp-content\/uploads\/sites\/11\/2026\/01\/logo-tty-menu-bar-300x87-1.webp\",\"width\":300,\"height\":87,\"caption\":\"Transtoyou - PL\"},\"image\":{\"@id\":\"https:\/\/www.transtoyou.com\/pl\/#\/schema\/logo\/image\/\"}}]}<\/script>\n<!-- \/ Yoast SEO plugin. -->","yoast_head_json":{"title":"Avodart | Szybka ulga w objawach prostaty - Transtoyou","description":"Odkryj Avodart na Transtoyou, kt\u00f3ry \u0142agodzi objawy powi\u0119kszonej prostaty. Do\u015bwiadcz ulgi dzi\u0119ki dutasterydowi. Kup teraz.","robots":{"index":"noindex","follow":"follow","max-snippet":"max-snippet:-1","max-image-preview":"max-image-preview:large","max-video-preview":"max-video-preview:-1"},"og_locale":"pl_PL","og_type":"article","og_title":"Avodart | Szybka ulga w objawach prostaty - Transtoyou","og_description":"Odkryj Avodart na Transtoyou, kt\u00f3ry \u0142agodzi objawy powi\u0119kszonej prostaty. Do\u015bwiadcz ulgi dzi\u0119ki dutasterydowi. Kup teraz.","og_url":"https:\/\/www.transtoyou.com\/pl\/product\/avodart\/","og_site_name":"Transtoyou - PL","article_modified_time":"2026-01-24T01:54:07+00:00","twitter_card":"summary_large_image","twitter_misc":{"Szacowany czas czytania":"1 minuta"},"schema":{"@context":"https:\/\/schema.org","@graph":[{"@type":"WebPage","@id":"https:\/\/www.transtoyou.com\/pl\/product\/avodart\/","url":"https:\/\/www.transtoyou.com\/pl\/product\/avodart\/","name":"Avodart | Szybka ulga w objawach prostaty - Transtoyou","isPartOf":{"@id":"https:\/\/www.transtoyou.com\/pl\/#website"},"primaryImageOfPage":{"@id":"https:\/\/www.transtoyou.com\/pl\/product\/avodart\/#primaryimage"},"image":{"@id":"https:\/\/www.transtoyou.com\/pl\/product\/avodart\/#primaryimage"},"thumbnailUrl":"https:\/\/www.transtoyou.com\/pl\/wp-content\/uploads\/sites\/11\/2026\/01\/tty-no-product-image-70.webp","datePublished":"2026-01-24T01:53:09+00:00","dateModified":"2026-01-24T01:54:07+00:00","description":"Odkryj Avodart na Transtoyou, kt\u00f3ry \u0142agodzi objawy powi\u0119kszonej prostaty. Do\u015bwiadcz ulgi dzi\u0119ki dutasterydowi. Kup teraz.","breadcrumb":{"@id":"https:\/\/www.transtoyou.com\/pl\/product\/avodart\/#breadcrumb"},"inLanguage":"pl-PL","potentialAction":[{"@type":"ReadAction","target":["https:\/\/www.transtoyou.com\/pl\/product\/avodart\/"]}]},{"@type":"ImageObject","inLanguage":"pl-PL","@id":"https:\/\/www.transtoyou.com\/pl\/product\/avodart\/#primaryimage","url":"https:\/\/www.transtoyou.com\/pl\/wp-content\/uploads\/sites\/11\/2026\/01\/tty-no-product-image-70.webp","contentUrl":"https:\/\/www.transtoyou.com\/pl\/wp-content\/uploads\/sites\/11\/2026\/01\/tty-no-product-image-70.webp","width":1000,"height":1000,"caption":"Domy\u015blny obraz produktu"},{"@type":"WebSite","@id":"https:\/\/www.transtoyou.com\/pl\/#website","url":"https:\/\/www.transtoyou.com\/pl\/","name":"Transtoyou - PL","description":"","publisher":{"@id":"https:\/\/www.transtoyou.com\/pl\/#organization"},"potentialAction":[{"@type":"SearchAction","target":{"@type":"EntryPoint","urlTemplate":"https:\/\/www.transtoyou.com\/pl\/?s={search_term_string}"},"query-input":{"@type":"PropertyValueSpecification","valueRequired":true,"valueName":"search_term_string"}}],"inLanguage":"pl-PL"},{"@type":"Organization","@id":"https:\/\/www.transtoyou.com\/pl\/#organization","name":"Transtoyou - PL","url":"https:\/\/www.transtoyou.com\/pl\/","logo":{"@type":"ImageObject","inLanguage":"pl-PL","@id":"https:\/\/www.transtoyou.com\/pl\/#\/schema\/logo\/image\/","url":"https:\/\/www.transtoyou.com\/pl\/wp-content\/uploads\/sites\/11\/2026\/01\/logo-tty-menu-bar-300x87-1.webp","contentUrl":"https:\/\/www.transtoyou.com\/pl\/wp-content\/uploads\/sites\/11\/2026\/01\/logo-tty-menu-bar-300x87-1.webp","width":300,"height":87,"caption":"Transtoyou - PL"},"image":{"@id":"https:\/\/www.transtoyou.com\/pl\/#\/schema\/logo\/image\/"}}]}},"_links":{"self":[{"href":"https:\/\/www.transtoyou.com\/pl\/wp-json\/wp\/v2\/product\/927","targetHints":{"allow":["GET"]}}],"collection":[{"href":"https:\/\/www.transtoyou.com\/pl\/wp-json\/wp\/v2\/product"}],"about":[{"href":"https:\/\/www.transtoyou.com\/pl\/wp-json\/wp\/v2\/types\/product"}],"replies":[{"embeddable":true,"href":"https:\/\/www.transtoyou.com\/pl\/wp-json\/wp\/v2\/comments?post=927"}],"wp:featuredmedia":[{"embeddable":true,"href":"https:\/\/www.transtoyou.com\/pl\/wp-json\/wp\/v2\/media\/929"}],"wp:attachment":[{"href":"https:\/\/www.transtoyou.com\/pl\/wp-json\/wp\/v2\/media?parent=927"}],"wp:term":[{"taxonomy":"product_brand","embeddable":true,"href":"https:\/\/www.transtoyou.com\/pl\/wp-json\/wp\/v2\/product_brand?post=927"},{"taxonomy":"product_cat","embeddable":true,"href":"https:\/\/www.transtoyou.com\/pl\/wp-json\/wp\/v2\/product_cat?post=927"},{"taxonomy":"product_tag","embeddable":true,"href":"https:\/\/www.transtoyou.com\/pl\/wp-json\/wp\/v2\/product_tag?post=927"},{"taxonomy":"expert","embeddable":true,"href":"https:\/\/www.transtoyou.com\/pl\/wp-json\/wp\/v2\/expert?post=927"}],"curies":[{"name":"wp","href":"https:\/\/api.w.org\/{rel}","templated":true}]}}