{"id":936,"date":"2026-01-24T04:36:44","date_gmt":"2026-01-24T02:36:44","guid":{"rendered":"https:\/\/www.transtoyou.com\/pl\/product\/loceryl\/"},"modified":"2026-01-24T04:37:51","modified_gmt":"2026-01-24T02:37:51","slug":"loceryl","status":"publish","type":"product","link":"https:\/\/www.transtoyou.com\/pl\/product\/loceryl\/","title":{"rendered":"Loceryl"},"content":{"rendered":"<p>Loceryl to miejscowe leczenie grzybicze, kt\u00f3re zosta\u0142o specjalnie zaprojektowane do zwalczania infekcji grzybiczych paznokci u n\u00f3g i r\u0105k. Zawiera substancj\u0119 czynn\u0105 amorolfin\u0119, kt\u00f3ra dzia\u0142a poprzez zak\u0142\u00f3canie struktury b\u0142on kom\u00f3rkowych grzyb\u00f3w. To zapobiega ich wzrostowi i ostatecznie prowadzi do ich \u015bmierci.<\/p>\n<p>Loceryl jest najcz\u0119\u015bciej stosowany w leczeniu onychomikozy, uporczywej grzybiczej infekcji paznokci, kt\u00f3ra powoduje ich pogrubienie, przebarwienia lub krucho\u015b\u0107. Czasami stosuje si\u0119 go r\u00f3wnie\u017c w przypadku grzybiczych infekcji sk\u00f3ry, takich jak grzybica st\u00f3p, gdy dotykaj\u0105 one obszaru wok\u00f3\u0142 paznokcia. W przeciwie\u0144stwie do doustnych lek\u00f3w przeciwgrzybiczych, Loceryl jest stosowany bezpo\u015brednio na dotkni\u0119ty paznokie\u0107 i otaczaj\u0105c\u0105 sk\u00f3r\u0119, co pozwala na miejscowe leczenie bez og\u00f3lnoustrojowych skutk\u00f3w ubocznych.<\/p>\n<p>Lakier zazwyczaj stosuje si\u0119 raz lub dwa razy w tygodniu, w zale\u017cno\u015bci od nasilenia infekcji i planu leczenia. Po na\u0142o\u017ceniu schnie, tworz\u0105c ochronny film, co pozwala substancji czynnej na przenikanie do paznokcia w czasie. Ten efekt powolnego uwalniania umo\u017cliwia lekom pozostanie aktywnym przez kilka dni przy ka\u017cdym u\u017cyciu.<\/p>\n<p>Widoczna poprawa mo\u017ce zaj\u0105\u0107 kilka tygodni, a pe\u0142ne leczenie mo\u017ce trwa\u0107 od 6 do 12 miesi\u0119cy, poniewa\u017c potrzeba czasu, aby zainfekowany paznokie\u0107 odr\u00f3s\u0142 i zosta\u0142 zast\u0105piony zdrow\u0105 tkank\u0105.<\/p>\n<p>Dzia\u0142ania niepo\u017c\u0105dane s\u0105 rzadkie, ale mog\u0105 obejmowa\u0107 \u0142agodne podra\u017cnienie, pieczenie lub zaczerwienienie wok\u00f3\u0142 paznokcia. Loceryl jest zazwyczaj dobrze tolerowany i uwa\u017cany za bezpieczny do d\u0142ugoterminowego stosowania.<\/p>\n","protected":false},"excerpt":{"rendered":"<ul>\n<li>Topowe miejscowe leczenie grzybicy paznokci<\/li>\n<li>Celuje w infekcje grzybicze paznokci<\/li>\n<li>D\u0142ugotrwa\u0142a formu\u0142a lakieru<\/li>\n<\/ul>\n","protected":false},"featured_media":937,"comment_status":"open","ping_status":"closed","template":"","meta":[],"product_brand":[],"product_cat":[169],"product_tag":[],"expert":[18],"class_list":{"0":"post-936","1":"product","2":"type-product","3":"status-publish","4":"has-post-thumbnail","6":"product_cat-grzybica-paznokci-i-stopy","7":"expert-dr-g-varbanov","9":"first","10":"instock","11":"shipping-taxable","12":"product-type-simple"},"yoast_head":"<!-- This site is optimized with the Yoast SEO plugin v27.0 - https:\/\/yoast.com\/product\/yoast-seo-wordpress\/ -->\n<title>Loceryl | Skuteczne rozwi\u0105zanie przeciwgrzybicze - Transtoyou<\/title>\n<meta name=\"description\" content=\"Lakier przeciwgrzybiczy Loceryl zwalcza infekcje paznokci za pomoc\u0105 amorolfiny. Dost\u0119pny tutaj, oferuje miejscowe leczenie bez efekt\u00f3w og\u00f3lnoustrojowych.\" \/>\n<meta name=\"robots\" content=\"noindex, follow, max-snippet:-1, max-image-preview:large, max-video-preview:-1\" \/>\n<meta property=\"og:locale\" content=\"pl_PL\" \/>\n<meta property=\"og:type\" content=\"article\" \/>\n<meta property=\"og:title\" content=\"Loceryl | Skuteczne rozwi\u0105zanie przeciwgrzybicze - Transtoyou\" \/>\n<meta property=\"og:description\" content=\"Lakier przeciwgrzybiczy Loceryl zwalcza infekcje paznokci za pomoc\u0105 amorolfiny. Dost\u0119pny tutaj, oferuje miejscowe leczenie bez efekt\u00f3w og\u00f3lnoustrojowych.\" \/>\n<meta property=\"og:url\" content=\"https:\/\/www.transtoyou.com\/pl\/product\/loceryl\/\" \/>\n<meta property=\"og:site_name\" content=\"Transtoyou - PL\" \/>\n<meta property=\"article:modified_time\" content=\"2026-01-24T02:37:51+00:00\" \/>\n<meta name=\"twitter:card\" content=\"summary_large_image\" \/>\n<meta name=\"twitter:label1\" content=\"Szacowany czas czytania\" \/>\n\t<meta name=\"twitter:data1\" content=\"1 minuta\" \/>\n<script type=\"application\/ld+json\" class=\"yoast-schema-graph\">{\"@context\":\"https:\/\/schema.org\",\"@graph\":[{\"@type\":\"WebPage\",\"@id\":\"https:\/\/www.transtoyou.com\/pl\/product\/loceryl\/\",\"url\":\"https:\/\/www.transtoyou.com\/pl\/product\/loceryl\/\",\"name\":\"Loceryl | Skuteczne rozwi\u0105zanie przeciwgrzybicze - Transtoyou\",\"isPartOf\":{\"@id\":\"https:\/\/www.transtoyou.com\/pl\/#website\"},\"primaryImageOfPage\":{\"@id\":\"https:\/\/www.transtoyou.com\/pl\/product\/loceryl\/#primaryimage\"},\"image\":{\"@id\":\"https:\/\/www.transtoyou.com\/pl\/product\/loceryl\/#primaryimage\"},\"thumbnailUrl\":\"https:\/\/www.transtoyou.com\/pl\/wp-content\/uploads\/sites\/11\/2026\/01\/tty-no-product-image-73.webp\",\"datePublished\":\"2026-01-24T02:36:44+00:00\",\"dateModified\":\"2026-01-24T02:37:51+00:00\",\"description\":\"Lakier przeciwgrzybiczy Loceryl zwalcza infekcje paznokci za pomoc\u0105 amorolfiny. Dost\u0119pny tutaj, oferuje miejscowe leczenie bez efekt\u00f3w og\u00f3lnoustrojowych.\",\"breadcrumb\":{\"@id\":\"https:\/\/www.transtoyou.com\/pl\/product\/loceryl\/#breadcrumb\"},\"inLanguage\":\"pl-PL\",\"potentialAction\":[{\"@type\":\"ReadAction\",\"target\":[\"https:\/\/www.transtoyou.com\/pl\/product\/loceryl\/\"]}]},{\"@type\":\"ImageObject\",\"inLanguage\":\"pl-PL\",\"@id\":\"https:\/\/www.transtoyou.com\/pl\/product\/loceryl\/#primaryimage\",\"url\":\"https:\/\/www.transtoyou.com\/pl\/wp-content\/uploads\/sites\/11\/2026\/01\/tty-no-product-image-73.webp\",\"contentUrl\":\"https:\/\/www.transtoyou.com\/pl\/wp-content\/uploads\/sites\/11\/2026\/01\/tty-no-product-image-73.webp\",\"width\":1000,\"height\":1000,\"caption\":\"Domy\u015blny obraz produktu\"},{\"@type\":\"WebSite\",\"@id\":\"https:\/\/www.transtoyou.com\/pl\/#website\",\"url\":\"https:\/\/www.transtoyou.com\/pl\/\",\"name\":\"Transtoyou - PL\",\"description\":\"\",\"publisher\":{\"@id\":\"https:\/\/www.transtoyou.com\/pl\/#organization\"},\"potentialAction\":[{\"@type\":\"SearchAction\",\"target\":{\"@type\":\"EntryPoint\",\"urlTemplate\":\"https:\/\/www.transtoyou.com\/pl\/?s={search_term_string}\"},\"query-input\":{\"@type\":\"PropertyValueSpecification\",\"valueRequired\":true,\"valueName\":\"search_term_string\"}}],\"inLanguage\":\"pl-PL\"},{\"@type\":\"Organization\",\"@id\":\"https:\/\/www.transtoyou.com\/pl\/#organization\",\"name\":\"Transtoyou - PL\",\"url\":\"https:\/\/www.transtoyou.com\/pl\/\",\"logo\":{\"@type\":\"ImageObject\",\"inLanguage\":\"pl-PL\",\"@id\":\"https:\/\/www.transtoyou.com\/pl\/#\/schema\/logo\/image\/\",\"url\":\"https:\/\/www.transtoyou.com\/pl\/wp-content\/uploads\/sites\/11\/2026\/01\/logo-tty-menu-bar-300x87-1.webp\",\"contentUrl\":\"https:\/\/www.transtoyou.com\/pl\/wp-content\/uploads\/sites\/11\/2026\/01\/logo-tty-menu-bar-300x87-1.webp\",\"width\":300,\"height\":87,\"caption\":\"Transtoyou - PL\"},\"image\":{\"@id\":\"https:\/\/www.transtoyou.com\/pl\/#\/schema\/logo\/image\/\"}}]}<\/script>\n<!-- \/ Yoast SEO plugin. -->","yoast_head_json":{"title":"Loceryl | Skuteczne rozwi\u0105zanie przeciwgrzybicze - Transtoyou","description":"Lakier przeciwgrzybiczy Loceryl zwalcza infekcje paznokci za pomoc\u0105 amorolfiny. Dost\u0119pny tutaj, oferuje miejscowe leczenie bez efekt\u00f3w og\u00f3lnoustrojowych.","robots":{"index":"noindex","follow":"follow","max-snippet":"max-snippet:-1","max-image-preview":"max-image-preview:large","max-video-preview":"max-video-preview:-1"},"og_locale":"pl_PL","og_type":"article","og_title":"Loceryl | Skuteczne rozwi\u0105zanie przeciwgrzybicze - Transtoyou","og_description":"Lakier przeciwgrzybiczy Loceryl zwalcza infekcje paznokci za pomoc\u0105 amorolfiny. Dost\u0119pny tutaj, oferuje miejscowe leczenie bez efekt\u00f3w og\u00f3lnoustrojowych.","og_url":"https:\/\/www.transtoyou.com\/pl\/product\/loceryl\/","og_site_name":"Transtoyou - PL","article_modified_time":"2026-01-24T02:37:51+00:00","twitter_card":"summary_large_image","twitter_misc":{"Szacowany czas czytania":"1 minuta"},"schema":{"@context":"https:\/\/schema.org","@graph":[{"@type":"WebPage","@id":"https:\/\/www.transtoyou.com\/pl\/product\/loceryl\/","url":"https:\/\/www.transtoyou.com\/pl\/product\/loceryl\/","name":"Loceryl | Skuteczne rozwi\u0105zanie przeciwgrzybicze - Transtoyou","isPartOf":{"@id":"https:\/\/www.transtoyou.com\/pl\/#website"},"primaryImageOfPage":{"@id":"https:\/\/www.transtoyou.com\/pl\/product\/loceryl\/#primaryimage"},"image":{"@id":"https:\/\/www.transtoyou.com\/pl\/product\/loceryl\/#primaryimage"},"thumbnailUrl":"https:\/\/www.transtoyou.com\/pl\/wp-content\/uploads\/sites\/11\/2026\/01\/tty-no-product-image-73.webp","datePublished":"2026-01-24T02:36:44+00:00","dateModified":"2026-01-24T02:37:51+00:00","description":"Lakier przeciwgrzybiczy Loceryl zwalcza infekcje paznokci za pomoc\u0105 amorolfiny. Dost\u0119pny tutaj, oferuje miejscowe leczenie bez efekt\u00f3w og\u00f3lnoustrojowych.","breadcrumb":{"@id":"https:\/\/www.transtoyou.com\/pl\/product\/loceryl\/#breadcrumb"},"inLanguage":"pl-PL","potentialAction":[{"@type":"ReadAction","target":["https:\/\/www.transtoyou.com\/pl\/product\/loceryl\/"]}]},{"@type":"ImageObject","inLanguage":"pl-PL","@id":"https:\/\/www.transtoyou.com\/pl\/product\/loceryl\/#primaryimage","url":"https:\/\/www.transtoyou.com\/pl\/wp-content\/uploads\/sites\/11\/2026\/01\/tty-no-product-image-73.webp","contentUrl":"https:\/\/www.transtoyou.com\/pl\/wp-content\/uploads\/sites\/11\/2026\/01\/tty-no-product-image-73.webp","width":1000,"height":1000,"caption":"Domy\u015blny obraz produktu"},{"@type":"WebSite","@id":"https:\/\/www.transtoyou.com\/pl\/#website","url":"https:\/\/www.transtoyou.com\/pl\/","name":"Transtoyou - PL","description":"","publisher":{"@id":"https:\/\/www.transtoyou.com\/pl\/#organization"},"potentialAction":[{"@type":"SearchAction","target":{"@type":"EntryPoint","urlTemplate":"https:\/\/www.transtoyou.com\/pl\/?s={search_term_string}"},"query-input":{"@type":"PropertyValueSpecification","valueRequired":true,"valueName":"search_term_string"}}],"inLanguage":"pl-PL"},{"@type":"Organization","@id":"https:\/\/www.transtoyou.com\/pl\/#organization","name":"Transtoyou - PL","url":"https:\/\/www.transtoyou.com\/pl\/","logo":{"@type":"ImageObject","inLanguage":"pl-PL","@id":"https:\/\/www.transtoyou.com\/pl\/#\/schema\/logo\/image\/","url":"https:\/\/www.transtoyou.com\/pl\/wp-content\/uploads\/sites\/11\/2026\/01\/logo-tty-menu-bar-300x87-1.webp","contentUrl":"https:\/\/www.transtoyou.com\/pl\/wp-content\/uploads\/sites\/11\/2026\/01\/logo-tty-menu-bar-300x87-1.webp","width":300,"height":87,"caption":"Transtoyou - PL"},"image":{"@id":"https:\/\/www.transtoyou.com\/pl\/#\/schema\/logo\/image\/"}}]}},"_links":{"self":[{"href":"https:\/\/www.transtoyou.com\/pl\/wp-json\/wp\/v2\/product\/936","targetHints":{"allow":["GET"]}}],"collection":[{"href":"https:\/\/www.transtoyou.com\/pl\/wp-json\/wp\/v2\/product"}],"about":[{"href":"https:\/\/www.transtoyou.com\/pl\/wp-json\/wp\/v2\/types\/product"}],"replies":[{"embeddable":true,"href":"https:\/\/www.transtoyou.com\/pl\/wp-json\/wp\/v2\/comments?post=936"}],"wp:featuredmedia":[{"embeddable":true,"href":"https:\/\/www.transtoyou.com\/pl\/wp-json\/wp\/v2\/media\/937"}],"wp:attachment":[{"href":"https:\/\/www.transtoyou.com\/pl\/wp-json\/wp\/v2\/media?parent=936"}],"wp:term":[{"taxonomy":"product_brand","embeddable":true,"href":"https:\/\/www.transtoyou.com\/pl\/wp-json\/wp\/v2\/product_brand?post=936"},{"taxonomy":"product_cat","embeddable":true,"href":"https:\/\/www.transtoyou.com\/pl\/wp-json\/wp\/v2\/product_cat?post=936"},{"taxonomy":"product_tag","embeddable":true,"href":"https:\/\/www.transtoyou.com\/pl\/wp-json\/wp\/v2\/product_tag?post=936"},{"taxonomy":"expert","embeddable":true,"href":"https:\/\/www.transtoyou.com\/pl\/wp-json\/wp\/v2\/expert?post=936"}],"curies":[{"name":"wp","href":"https:\/\/api.w.org\/{rel}","templated":true}]}}