{"id":946,"date":"2026-01-24T05:38:34","date_gmt":"2026-01-24T03:38:34","guid":{"rendered":"https:\/\/www.transtoyou.com\/pl\/product\/sumatriptan\/"},"modified":"2026-03-05T16:32:04","modified_gmt":"2026-03-05T14:32:04","slug":"sumatriptan","status":"publish","type":"product","link":"https:\/\/www.transtoyou.com\/pl\/product\/sumatriptan\/","title":{"rendered":"Sumatriptan"},"content":{"rendered":"<p>Sumatriptan to lek stosowany w leczeniu ostrych napad\u00f3w migreny i b\u00f3l\u00f3w g\u0142owy klasterowych. Nale\u017cy do grupy lek\u00f3w znanych jako triptany, kt\u00f3re s\u0105 specjalnie zaprojektowane, aby \u0142agodzi\u0107 objawy migreny, gdy si\u0119 pojawi\u0105. Sumatriptan nie jest stosowany w celu zapobiegania migrenom, lecz raczej do przerwania ataku po jego rozpocz\u0119ciu.<\/p>\n<p>Objawy migreny mog\u0105 obejmowa\u0107 pulsuj\u0105cy b\u00f3l g\u0142owy, nudno\u015bci, wra\u017cliwo\u015b\u0107 na \u015bwiat\u0142o lub d\u017awi\u0119k oraz zaburzenia wzroku. Sumatriptan dzia\u0142a poprzez zw\u0119\u017canie rozszerzonych naczy\u0144 krwiono\u015bnych w m\u00f3zgu i blokowanie uwalniania niekt\u00f3rych substancji chemicznych, kt\u00f3re uwa\u017ca si\u0119 za wyzwalacze objaw\u00f3w migreny. Dzia\u0142anie to pomaga zmniejszy\u0107 b\u00f3l i zwi\u0105zane z nim objawy w stosunkowo kr\u00f3tkim czasie.<\/p>\n<p>Dla tabletek doustnych zwyk\u0142a dawka wynosi 50 mg lub 100 mg, przyjmowana na pocz\u0105tku migreny. Je\u015bli objawy powr\u00f3c\u0105, drug\u0105 dawk\u0119 mo\u017cna przyj\u0105\u0107 po co najmniej dw\u00f3ch godzinach, ale nie nale\u017cy przyjmowa\u0107 wi\u0119cej ni\u017c dwie dawki w ci\u0105gu 24 godzin.<\/p>\n<p>Sumatriptan dzia\u0142a najlepiej, gdy jest przyjmowany wcze\u015bnie w trakcie ataku migreny, zanim b\u00f3l g\u0142owy stanie si\u0119 bardziej intensywny. Wiele os\u00f3b do\u015bwiadcza znacznej ulgi w ci\u0105gu 30 do 60 minut po przyj\u0119ciu leku.<\/p>\n<p>Typowe dzia\u0142ania niepo\u017c\u0105dane mog\u0105 obejmowa\u0107 mrowienie, zaczerwienienie, zm\u0119czenie lub uczucie ucisku w klatce piersiowej lub gardle. Efekty te zazwyczaj s\u0105 kr\u00f3tkotrwa\u0142e. Sumatriptan mo\u017ce nie by\u0107 odpowiedni dla os\u00f3b z niekt\u00f3rymi schorzeniami sercowo-naczyniowymi, poniewa\u017c wp\u0142ywa na naczynia krwiono\u015bne.<\/p>\n","protected":false},"excerpt":{"rendered":"<ul>\n<li>Fast relief from migraine symptoms<\/li>\n<li>Targets the vascular cause of headache<\/li>\n<li>Effectively treats cluster headaches as well<\/li>\n<\/ul>\n","protected":false},"featured_media":948,"comment_status":"open","ping_status":"closed","template":"","meta":[],"product_brand":[],"product_cat":[128],"product_tag":[],"expert":[16],"class_list":{"0":"post-946","1":"product","2":"type-product","3":"status-publish","4":"has-post-thumbnail","6":"product_cat-bole-glowy-i-migreny","7":"expert-dr-c-alexandru","9":"first","10":"instock","11":"shipping-taxable","12":"product-type-variable"},"yoast_head":"<!-- This site is optimized with the Yoast SEO plugin v27.0 - https:\/\/yoast.com\/product\/yoast-seo-wordpress\/ -->\n<title>Sumatriptan | Szybka ulga w migrenach - Transtoyou<\/title>\n<meta name=\"description\" content=\"Sumatriptan dost\u0119pny w Transtoyou, szybko \u0142agodzi ostre migreny. Sprawd\u017a objawy szybko i skutecznie dzi\u0119ki temu zaufanemu rozwi\u0105zaniu.\" \/>\n<meta name=\"robots\" content=\"noindex, follow, max-snippet:-1, max-image-preview:large, max-video-preview:-1\" \/>\n<meta property=\"og:locale\" content=\"pl_PL\" \/>\n<meta property=\"og:type\" content=\"article\" \/>\n<meta property=\"og:title\" content=\"Sumatriptan | Szybka ulga w migrenach - Transtoyou\" \/>\n<meta property=\"og:description\" content=\"Sumatriptan dost\u0119pny w Transtoyou, szybko \u0142agodzi ostre migreny. Sprawd\u017a objawy szybko i skutecznie dzi\u0119ki temu zaufanemu rozwi\u0105zaniu.\" \/>\n<meta property=\"og:url\" content=\"https:\/\/www.transtoyou.com\/pl\/product\/sumatriptan\/\" \/>\n<meta property=\"og:site_name\" content=\"Transtoyou - PL\" \/>\n<meta property=\"article:modified_time\" content=\"2026-03-05T14:32:04+00:00\" \/>\n<meta name=\"twitter:card\" content=\"summary_large_image\" \/>\n<meta name=\"twitter:label1\" content=\"Szacowany czas czytania\" \/>\n\t<meta name=\"twitter:data1\" content=\"1 minuta\" \/>\n<script type=\"application\/ld+json\" class=\"yoast-schema-graph\">{\"@context\":\"https:\/\/schema.org\",\"@graph\":[{\"@type\":\"WebPage\",\"@id\":\"https:\/\/www.transtoyou.com\/pl\/product\/sumatriptan\/\",\"url\":\"https:\/\/www.transtoyou.com\/pl\/product\/sumatriptan\/\",\"name\":\"Sumatriptan | Szybka ulga w migrenach - Transtoyou\",\"isPartOf\":{\"@id\":\"https:\/\/www.transtoyou.com\/pl\/#website\"},\"primaryImageOfPage\":{\"@id\":\"https:\/\/www.transtoyou.com\/pl\/product\/sumatriptan\/#primaryimage\"},\"image\":{\"@id\":\"https:\/\/www.transtoyou.com\/pl\/product\/sumatriptan\/#primaryimage\"},\"thumbnailUrl\":\"https:\/\/www.transtoyou.com\/pl\/wp-content\/uploads\/sites\/11\/2026\/01\/tty-no-product-image-77.webp\",\"datePublished\":\"2026-01-24T03:38:34+00:00\",\"dateModified\":\"2026-03-05T14:32:04+00:00\",\"description\":\"Sumatriptan dost\u0119pny w Transtoyou, szybko \u0142agodzi ostre migreny. Sprawd\u017a objawy szybko i skutecznie dzi\u0119ki temu zaufanemu rozwi\u0105zaniu.\",\"breadcrumb\":{\"@id\":\"https:\/\/www.transtoyou.com\/pl\/product\/sumatriptan\/#breadcrumb\"},\"inLanguage\":\"pl-PL\",\"potentialAction\":[{\"@type\":\"ReadAction\",\"target\":[\"https:\/\/www.transtoyou.com\/pl\/product\/sumatriptan\/\"]}]},{\"@type\":\"ImageObject\",\"inLanguage\":\"pl-PL\",\"@id\":\"https:\/\/www.transtoyou.com\/pl\/product\/sumatriptan\/#primaryimage\",\"url\":\"https:\/\/www.transtoyou.com\/pl\/wp-content\/uploads\/sites\/11\/2026\/01\/tty-no-product-image-77.webp\",\"contentUrl\":\"https:\/\/www.transtoyou.com\/pl\/wp-content\/uploads\/sites\/11\/2026\/01\/tty-no-product-image-77.webp\",\"width\":1000,\"height\":1000,\"caption\":\"Domy\u015blny obraz produktu\"},{\"@type\":\"WebSite\",\"@id\":\"https:\/\/www.transtoyou.com\/pl\/#website\",\"url\":\"https:\/\/www.transtoyou.com\/pl\/\",\"name\":\"Transtoyou - PL\",\"description\":\"\",\"publisher\":{\"@id\":\"https:\/\/www.transtoyou.com\/pl\/#organization\"},\"potentialAction\":[{\"@type\":\"SearchAction\",\"target\":{\"@type\":\"EntryPoint\",\"urlTemplate\":\"https:\/\/www.transtoyou.com\/pl\/?s={search_term_string}\"},\"query-input\":{\"@type\":\"PropertyValueSpecification\",\"valueRequired\":true,\"valueName\":\"search_term_string\"}}],\"inLanguage\":\"pl-PL\"},{\"@type\":\"Organization\",\"@id\":\"https:\/\/www.transtoyou.com\/pl\/#organization\",\"name\":\"Transtoyou - PL\",\"url\":\"https:\/\/www.transtoyou.com\/pl\/\",\"logo\":{\"@type\":\"ImageObject\",\"inLanguage\":\"pl-PL\",\"@id\":\"https:\/\/www.transtoyou.com\/pl\/#\/schema\/logo\/image\/\",\"url\":\"https:\/\/www.transtoyou.com\/pl\/wp-content\/uploads\/sites\/11\/2026\/01\/logo-tty-menu-bar-300x87-1.webp\",\"contentUrl\":\"https:\/\/www.transtoyou.com\/pl\/wp-content\/uploads\/sites\/11\/2026\/01\/logo-tty-menu-bar-300x87-1.webp\",\"width\":300,\"height\":87,\"caption\":\"Transtoyou - PL\"},\"image\":{\"@id\":\"https:\/\/www.transtoyou.com\/pl\/#\/schema\/logo\/image\/\"}}]}<\/script>\n<!-- \/ Yoast SEO plugin. -->","yoast_head_json":{"title":"Sumatriptan | Szybka ulga w migrenach - Transtoyou","description":"Sumatriptan dost\u0119pny w Transtoyou, szybko \u0142agodzi ostre migreny. Sprawd\u017a objawy szybko i skutecznie dzi\u0119ki temu zaufanemu rozwi\u0105zaniu.","robots":{"index":"noindex","follow":"follow","max-snippet":"max-snippet:-1","max-image-preview":"max-image-preview:large","max-video-preview":"max-video-preview:-1"},"og_locale":"pl_PL","og_type":"article","og_title":"Sumatriptan | Szybka ulga w migrenach - Transtoyou","og_description":"Sumatriptan dost\u0119pny w Transtoyou, szybko \u0142agodzi ostre migreny. Sprawd\u017a objawy szybko i skutecznie dzi\u0119ki temu zaufanemu rozwi\u0105zaniu.","og_url":"https:\/\/www.transtoyou.com\/pl\/product\/sumatriptan\/","og_site_name":"Transtoyou - PL","article_modified_time":"2026-03-05T14:32:04+00:00","twitter_card":"summary_large_image","twitter_misc":{"Szacowany czas czytania":"1 minuta"},"schema":{"@context":"https:\/\/schema.org","@graph":[{"@type":"WebPage","@id":"https:\/\/www.transtoyou.com\/pl\/product\/sumatriptan\/","url":"https:\/\/www.transtoyou.com\/pl\/product\/sumatriptan\/","name":"Sumatriptan | Szybka ulga w migrenach - Transtoyou","isPartOf":{"@id":"https:\/\/www.transtoyou.com\/pl\/#website"},"primaryImageOfPage":{"@id":"https:\/\/www.transtoyou.com\/pl\/product\/sumatriptan\/#primaryimage"},"image":{"@id":"https:\/\/www.transtoyou.com\/pl\/product\/sumatriptan\/#primaryimage"},"thumbnailUrl":"https:\/\/www.transtoyou.com\/pl\/wp-content\/uploads\/sites\/11\/2026\/01\/tty-no-product-image-77.webp","datePublished":"2026-01-24T03:38:34+00:00","dateModified":"2026-03-05T14:32:04+00:00","description":"Sumatriptan dost\u0119pny w Transtoyou, szybko \u0142agodzi ostre migreny. Sprawd\u017a objawy szybko i skutecznie dzi\u0119ki temu zaufanemu rozwi\u0105zaniu.","breadcrumb":{"@id":"https:\/\/www.transtoyou.com\/pl\/product\/sumatriptan\/#breadcrumb"},"inLanguage":"pl-PL","potentialAction":[{"@type":"ReadAction","target":["https:\/\/www.transtoyou.com\/pl\/product\/sumatriptan\/"]}]},{"@type":"ImageObject","inLanguage":"pl-PL","@id":"https:\/\/www.transtoyou.com\/pl\/product\/sumatriptan\/#primaryimage","url":"https:\/\/www.transtoyou.com\/pl\/wp-content\/uploads\/sites\/11\/2026\/01\/tty-no-product-image-77.webp","contentUrl":"https:\/\/www.transtoyou.com\/pl\/wp-content\/uploads\/sites\/11\/2026\/01\/tty-no-product-image-77.webp","width":1000,"height":1000,"caption":"Domy\u015blny obraz produktu"},{"@type":"WebSite","@id":"https:\/\/www.transtoyou.com\/pl\/#website","url":"https:\/\/www.transtoyou.com\/pl\/","name":"Transtoyou - PL","description":"","publisher":{"@id":"https:\/\/www.transtoyou.com\/pl\/#organization"},"potentialAction":[{"@type":"SearchAction","target":{"@type":"EntryPoint","urlTemplate":"https:\/\/www.transtoyou.com\/pl\/?s={search_term_string}"},"query-input":{"@type":"PropertyValueSpecification","valueRequired":true,"valueName":"search_term_string"}}],"inLanguage":"pl-PL"},{"@type":"Organization","@id":"https:\/\/www.transtoyou.com\/pl\/#organization","name":"Transtoyou - PL","url":"https:\/\/www.transtoyou.com\/pl\/","logo":{"@type":"ImageObject","inLanguage":"pl-PL","@id":"https:\/\/www.transtoyou.com\/pl\/#\/schema\/logo\/image\/","url":"https:\/\/www.transtoyou.com\/pl\/wp-content\/uploads\/sites\/11\/2026\/01\/logo-tty-menu-bar-300x87-1.webp","contentUrl":"https:\/\/www.transtoyou.com\/pl\/wp-content\/uploads\/sites\/11\/2026\/01\/logo-tty-menu-bar-300x87-1.webp","width":300,"height":87,"caption":"Transtoyou - PL"},"image":{"@id":"https:\/\/www.transtoyou.com\/pl\/#\/schema\/logo\/image\/"}}]}},"_links":{"self":[{"href":"https:\/\/www.transtoyou.com\/pl\/wp-json\/wp\/v2\/product\/946","targetHints":{"allow":["GET"]}}],"collection":[{"href":"https:\/\/www.transtoyou.com\/pl\/wp-json\/wp\/v2\/product"}],"about":[{"href":"https:\/\/www.transtoyou.com\/pl\/wp-json\/wp\/v2\/types\/product"}],"replies":[{"embeddable":true,"href":"https:\/\/www.transtoyou.com\/pl\/wp-json\/wp\/v2\/comments?post=946"}],"wp:featuredmedia":[{"embeddable":true,"href":"https:\/\/www.transtoyou.com\/pl\/wp-json\/wp\/v2\/media\/948"}],"wp:attachment":[{"href":"https:\/\/www.transtoyou.com\/pl\/wp-json\/wp\/v2\/media?parent=946"}],"wp:term":[{"taxonomy":"product_brand","embeddable":true,"href":"https:\/\/www.transtoyou.com\/pl\/wp-json\/wp\/v2\/product_brand?post=946"},{"taxonomy":"product_cat","embeddable":true,"href":"https:\/\/www.transtoyou.com\/pl\/wp-json\/wp\/v2\/product_cat?post=946"},{"taxonomy":"product_tag","embeddable":true,"href":"https:\/\/www.transtoyou.com\/pl\/wp-json\/wp\/v2\/product_tag?post=946"},{"taxonomy":"expert","embeddable":true,"href":"https:\/\/www.transtoyou.com\/pl\/wp-json\/wp\/v2\/expert?post=946"}],"curies":[{"name":"wp","href":"https:\/\/api.w.org\/{rel}","templated":true}]}}