{"id":949,"date":"2026-01-24T05:56:48","date_gmt":"2026-01-24T03:56:48","guid":{"rendered":"https:\/\/www.transtoyou.com\/pl\/product\/rizatriptan\/"},"modified":"2026-03-02T17:52:45","modified_gmt":"2026-03-02T15:52:45","slug":"rizatriptan","status":"publish","type":"product","link":"https:\/\/www.transtoyou.com\/pl\/product\/rizatriptan\/","title":{"rendered":"Rizatriptan"},"content":{"rendered":"<p>Rizatriptan to lek na recept\u0119, kt\u00f3ry jest klasyfikowany jako selektywny agonista receptor\u00f3w serotoniny, znany r\u00f3wnie\u017c jako Triptan. Jest g\u0142\u00f3wnie stosowany w leczeniu ostrym migrenowych b\u00f3l\u00f3w g\u0142owy, z aur\u0105 lub bez. Rizatriptan dzia\u0142a poprzez stymulacj\u0119 receptor\u00f3w serotoniny (5-HT1B i 5-HT1D) w m\u00f3zgu, co prowadzi do zw\u0119\u017cenia rozszerzonych naczy\u0144 krwiono\u015bnych. To zw\u0119\u017cenie naczy\u0144 pomaga z\u0142agodzi\u0107 b\u00f3l, nudno\u015bci oraz wra\u017cliwo\u015b\u0107 na \u015bwiat\u0142o i d\u017awi\u0119k, kt\u00f3re cz\u0119sto towarzysz\u0105 migrenom.<\/p>\n<p>Ten lek nie zapobiega migrenom, ale skutecznie leczy ataki migrenowe, gdy ju\u017c si\u0119 rozpoczn\u0105. Rizatriptan jest najskuteczniejszy, gdy jest przyjmowany przy pierwszych objawach migreny. Nie leczy innych rodzaj\u00f3w b\u00f3l\u00f3w g\u0142owy, takich jak b\u00f3le g\u0142owy napi\u0119ciowe czy b\u00f3le klasterowe.<\/p>\n<p>Dzia\u0142anie Rizatriptanu pomaga zmniejszy\u0107 stan zapalny wok\u00f3\u0142 naczy\u0144 krwiono\u015bnych m\u00f3zgu, zapewniaj\u0105c celowane z\u0142agodzenie bez wp\u0142ywu na inne uk\u0142ady cia\u0142a. Zwykle zaczyna dzia\u0142a\u0107 w ci\u0105gu 30 do 60 minut po spo\u017cyciu i mo\u017ce przynie\u015b\u0107 ulg\u0119 na kilka godzin. Jedn\u0105 z zalet Rizatriptanu jest szybkie dzia\u0142anie i skuteczno\u015b\u0107, nawet gdy objawy migreny obejmuj\u0105 nudno\u015bci lub wymioty.<\/p>\n<p>Pacjenci cz\u0119sto do\u015bwiadczaj\u0105 mniej dzia\u0142a\u0144 niepo\u017c\u0105danych w por\u00f3wnaniu do innych metod leczenia migreny, a opcja tabletek do rozpuszczenia w jamie ustnej oferuje wygod\u0119 i szybkie wch\u0142anianie, zw\u0142aszcza gdy jest przyjmowana bez wody.<\/p>\n","protected":false},"excerpt":{"rendered":"<ul>\n<li>Fast relief from migraine<\/li>\n<li>Works within 30 minutes<\/li>\n<li>Convenient oral tablet<\/li>\n<\/ul>\n","protected":false},"featured_media":951,"comment_status":"open","ping_status":"closed","template":"","meta":[],"product_brand":[],"product_cat":[128],"product_tag":[],"expert":[16],"class_list":{"0":"post-949","1":"product","2":"type-product","3":"status-publish","4":"has-post-thumbnail","6":"product_cat-bole-glowy-i-migreny","7":"expert-dr-c-alexandru","9":"first","10":"instock","11":"shipping-taxable","12":"product-type-variable"},"yoast_head":"<!-- This site is optimized with the Yoast SEO plugin v27.0 - https:\/\/yoast.com\/product\/yoast-seo-wordpress\/ -->\n<title>Rizatriptan | Szybka ulga w migrenie - Transtoyou<\/title>\n<meta name=\"description\" content=\"Rizatriptan: Skuteczna ulga w migrenie dost\u0119pna na Transtoyou. Zyskaj profesjonaln\u0105 pomoc i bezpieczne recepty, aby poczu\u0107 ulg\u0119 w b\u00f3lu g\u0142owy.\" \/>\n<meta name=\"robots\" content=\"noindex, follow, max-snippet:-1, max-image-preview:large, max-video-preview:-1\" \/>\n<meta property=\"og:locale\" content=\"pl_PL\" \/>\n<meta property=\"og:type\" content=\"article\" \/>\n<meta property=\"og:title\" content=\"Rizatriptan | Szybka ulga w migrenie - Transtoyou\" \/>\n<meta property=\"og:description\" content=\"Rizatriptan: Skuteczna ulga w migrenie dost\u0119pna na Transtoyou. Zyskaj profesjonaln\u0105 pomoc i bezpieczne recepty, aby poczu\u0107 ulg\u0119 w b\u00f3lu g\u0142owy.\" \/>\n<meta property=\"og:url\" content=\"https:\/\/www.transtoyou.com\/pl\/product\/rizatriptan\/\" \/>\n<meta property=\"og:site_name\" content=\"Transtoyou - PL\" \/>\n<meta property=\"article:modified_time\" content=\"2026-03-02T15:52:45+00:00\" \/>\n<meta name=\"twitter:card\" content=\"summary_large_image\" \/>\n<meta name=\"twitter:label1\" content=\"Szacowany czas czytania\" \/>\n\t<meta name=\"twitter:data1\" content=\"1 minuta\" \/>\n<script type=\"application\/ld+json\" class=\"yoast-schema-graph\">{\"@context\":\"https:\/\/schema.org\",\"@graph\":[{\"@type\":\"WebPage\",\"@id\":\"https:\/\/www.transtoyou.com\/pl\/product\/rizatriptan\/\",\"url\":\"https:\/\/www.transtoyou.com\/pl\/product\/rizatriptan\/\",\"name\":\"Rizatriptan | Szybka ulga w migrenie - Transtoyou\",\"isPartOf\":{\"@id\":\"https:\/\/www.transtoyou.com\/pl\/#website\"},\"primaryImageOfPage\":{\"@id\":\"https:\/\/www.transtoyou.com\/pl\/product\/rizatriptan\/#primaryimage\"},\"image\":{\"@id\":\"https:\/\/www.transtoyou.com\/pl\/product\/rizatriptan\/#primaryimage\"},\"thumbnailUrl\":\"https:\/\/www.transtoyou.com\/pl\/wp-content\/uploads\/sites\/11\/2026\/01\/tty-no-product-image-78.webp\",\"datePublished\":\"2026-01-24T03:56:48+00:00\",\"dateModified\":\"2026-03-02T15:52:45+00:00\",\"description\":\"Rizatriptan: Skuteczna ulga w migrenie dost\u0119pna na Transtoyou. Zyskaj profesjonaln\u0105 pomoc i bezpieczne recepty, aby poczu\u0107 ulg\u0119 w b\u00f3lu g\u0142owy.\",\"breadcrumb\":{\"@id\":\"https:\/\/www.transtoyou.com\/pl\/product\/rizatriptan\/#breadcrumb\"},\"inLanguage\":\"pl-PL\",\"potentialAction\":[{\"@type\":\"ReadAction\",\"target\":[\"https:\/\/www.transtoyou.com\/pl\/product\/rizatriptan\/\"]}]},{\"@type\":\"ImageObject\",\"inLanguage\":\"pl-PL\",\"@id\":\"https:\/\/www.transtoyou.com\/pl\/product\/rizatriptan\/#primaryimage\",\"url\":\"https:\/\/www.transtoyou.com\/pl\/wp-content\/uploads\/sites\/11\/2026\/01\/tty-no-product-image-78.webp\",\"contentUrl\":\"https:\/\/www.transtoyou.com\/pl\/wp-content\/uploads\/sites\/11\/2026\/01\/tty-no-product-image-78.webp\",\"width\":1000,\"height\":1000,\"caption\":\"Domy\u015blny obraz produktu\"},{\"@type\":\"WebSite\",\"@id\":\"https:\/\/www.transtoyou.com\/pl\/#website\",\"url\":\"https:\/\/www.transtoyou.com\/pl\/\",\"name\":\"Transtoyou - PL\",\"description\":\"\",\"publisher\":{\"@id\":\"https:\/\/www.transtoyou.com\/pl\/#organization\"},\"potentialAction\":[{\"@type\":\"SearchAction\",\"target\":{\"@type\":\"EntryPoint\",\"urlTemplate\":\"https:\/\/www.transtoyou.com\/pl\/?s={search_term_string}\"},\"query-input\":{\"@type\":\"PropertyValueSpecification\",\"valueRequired\":true,\"valueName\":\"search_term_string\"}}],\"inLanguage\":\"pl-PL\"},{\"@type\":\"Organization\",\"@id\":\"https:\/\/www.transtoyou.com\/pl\/#organization\",\"name\":\"Transtoyou - PL\",\"url\":\"https:\/\/www.transtoyou.com\/pl\/\",\"logo\":{\"@type\":\"ImageObject\",\"inLanguage\":\"pl-PL\",\"@id\":\"https:\/\/www.transtoyou.com\/pl\/#\/schema\/logo\/image\/\",\"url\":\"https:\/\/www.transtoyou.com\/pl\/wp-content\/uploads\/sites\/11\/2026\/01\/logo-tty-menu-bar-300x87-1.webp\",\"contentUrl\":\"https:\/\/www.transtoyou.com\/pl\/wp-content\/uploads\/sites\/11\/2026\/01\/logo-tty-menu-bar-300x87-1.webp\",\"width\":300,\"height\":87,\"caption\":\"Transtoyou - PL\"},\"image\":{\"@id\":\"https:\/\/www.transtoyou.com\/pl\/#\/schema\/logo\/image\/\"}}]}<\/script>\n<!-- \/ Yoast SEO plugin. -->","yoast_head_json":{"title":"Rizatriptan | Szybka ulga w migrenie - Transtoyou","description":"Rizatriptan: Skuteczna ulga w migrenie dost\u0119pna na Transtoyou. Zyskaj profesjonaln\u0105 pomoc i bezpieczne recepty, aby poczu\u0107 ulg\u0119 w b\u00f3lu g\u0142owy.","robots":{"index":"noindex","follow":"follow","max-snippet":"max-snippet:-1","max-image-preview":"max-image-preview:large","max-video-preview":"max-video-preview:-1"},"og_locale":"pl_PL","og_type":"article","og_title":"Rizatriptan | Szybka ulga w migrenie - Transtoyou","og_description":"Rizatriptan: Skuteczna ulga w migrenie dost\u0119pna na Transtoyou. Zyskaj profesjonaln\u0105 pomoc i bezpieczne recepty, aby poczu\u0107 ulg\u0119 w b\u00f3lu g\u0142owy.","og_url":"https:\/\/www.transtoyou.com\/pl\/product\/rizatriptan\/","og_site_name":"Transtoyou - PL","article_modified_time":"2026-03-02T15:52:45+00:00","twitter_card":"summary_large_image","twitter_misc":{"Szacowany czas czytania":"1 minuta"},"schema":{"@context":"https:\/\/schema.org","@graph":[{"@type":"WebPage","@id":"https:\/\/www.transtoyou.com\/pl\/product\/rizatriptan\/","url":"https:\/\/www.transtoyou.com\/pl\/product\/rizatriptan\/","name":"Rizatriptan | Szybka ulga w migrenie - Transtoyou","isPartOf":{"@id":"https:\/\/www.transtoyou.com\/pl\/#website"},"primaryImageOfPage":{"@id":"https:\/\/www.transtoyou.com\/pl\/product\/rizatriptan\/#primaryimage"},"image":{"@id":"https:\/\/www.transtoyou.com\/pl\/product\/rizatriptan\/#primaryimage"},"thumbnailUrl":"https:\/\/www.transtoyou.com\/pl\/wp-content\/uploads\/sites\/11\/2026\/01\/tty-no-product-image-78.webp","datePublished":"2026-01-24T03:56:48+00:00","dateModified":"2026-03-02T15:52:45+00:00","description":"Rizatriptan: Skuteczna ulga w migrenie dost\u0119pna na Transtoyou. Zyskaj profesjonaln\u0105 pomoc i bezpieczne recepty, aby poczu\u0107 ulg\u0119 w b\u00f3lu g\u0142owy.","breadcrumb":{"@id":"https:\/\/www.transtoyou.com\/pl\/product\/rizatriptan\/#breadcrumb"},"inLanguage":"pl-PL","potentialAction":[{"@type":"ReadAction","target":["https:\/\/www.transtoyou.com\/pl\/product\/rizatriptan\/"]}]},{"@type":"ImageObject","inLanguage":"pl-PL","@id":"https:\/\/www.transtoyou.com\/pl\/product\/rizatriptan\/#primaryimage","url":"https:\/\/www.transtoyou.com\/pl\/wp-content\/uploads\/sites\/11\/2026\/01\/tty-no-product-image-78.webp","contentUrl":"https:\/\/www.transtoyou.com\/pl\/wp-content\/uploads\/sites\/11\/2026\/01\/tty-no-product-image-78.webp","width":1000,"height":1000,"caption":"Domy\u015blny obraz produktu"},{"@type":"WebSite","@id":"https:\/\/www.transtoyou.com\/pl\/#website","url":"https:\/\/www.transtoyou.com\/pl\/","name":"Transtoyou - PL","description":"","publisher":{"@id":"https:\/\/www.transtoyou.com\/pl\/#organization"},"potentialAction":[{"@type":"SearchAction","target":{"@type":"EntryPoint","urlTemplate":"https:\/\/www.transtoyou.com\/pl\/?s={search_term_string}"},"query-input":{"@type":"PropertyValueSpecification","valueRequired":true,"valueName":"search_term_string"}}],"inLanguage":"pl-PL"},{"@type":"Organization","@id":"https:\/\/www.transtoyou.com\/pl\/#organization","name":"Transtoyou - PL","url":"https:\/\/www.transtoyou.com\/pl\/","logo":{"@type":"ImageObject","inLanguage":"pl-PL","@id":"https:\/\/www.transtoyou.com\/pl\/#\/schema\/logo\/image\/","url":"https:\/\/www.transtoyou.com\/pl\/wp-content\/uploads\/sites\/11\/2026\/01\/logo-tty-menu-bar-300x87-1.webp","contentUrl":"https:\/\/www.transtoyou.com\/pl\/wp-content\/uploads\/sites\/11\/2026\/01\/logo-tty-menu-bar-300x87-1.webp","width":300,"height":87,"caption":"Transtoyou - PL"},"image":{"@id":"https:\/\/www.transtoyou.com\/pl\/#\/schema\/logo\/image\/"}}]}},"_links":{"self":[{"href":"https:\/\/www.transtoyou.com\/pl\/wp-json\/wp\/v2\/product\/949","targetHints":{"allow":["GET"]}}],"collection":[{"href":"https:\/\/www.transtoyou.com\/pl\/wp-json\/wp\/v2\/product"}],"about":[{"href":"https:\/\/www.transtoyou.com\/pl\/wp-json\/wp\/v2\/types\/product"}],"replies":[{"embeddable":true,"href":"https:\/\/www.transtoyou.com\/pl\/wp-json\/wp\/v2\/comments?post=949"}],"wp:featuredmedia":[{"embeddable":true,"href":"https:\/\/www.transtoyou.com\/pl\/wp-json\/wp\/v2\/media\/951"}],"wp:attachment":[{"href":"https:\/\/www.transtoyou.com\/pl\/wp-json\/wp\/v2\/media?parent=949"}],"wp:term":[{"taxonomy":"product_brand","embeddable":true,"href":"https:\/\/www.transtoyou.com\/pl\/wp-json\/wp\/v2\/product_brand?post=949"},{"taxonomy":"product_cat","embeddable":true,"href":"https:\/\/www.transtoyou.com\/pl\/wp-json\/wp\/v2\/product_cat?post=949"},{"taxonomy":"product_tag","embeddable":true,"href":"https:\/\/www.transtoyou.com\/pl\/wp-json\/wp\/v2\/product_tag?post=949"},{"taxonomy":"expert","embeddable":true,"href":"https:\/\/www.transtoyou.com\/pl\/wp-json\/wp\/v2\/expert?post=949"}],"curies":[{"name":"wp","href":"https:\/\/api.w.org\/{rel}","templated":true}]}}