{"id":960,"date":"2026-01-24T06:56:09","date_gmt":"2026-01-24T04:56:09","guid":{"rendered":"https:\/\/www.transtoyou.com\/pl\/product\/clomifen\/"},"modified":"2026-01-24T06:57:18","modified_gmt":"2026-01-24T04:57:18","slug":"clomifen","status":"publish","type":"product","link":"https:\/\/www.transtoyou.com\/pl\/product\/clomifen\/","title":{"rendered":"Clomifen"},"content":{"rendered":"<p>Clomifen, znany r\u00f3wnie\u017c jako cytrynian klomifenu, to lek stosowany w indukcji owulacji u os\u00f3b do\u015bwiadczaj\u0105cych niep\u0142odno\u015bci. Jest powszechnie przepisywany osobom, kt\u00f3re nie owuluj\u0105 regularnie lub wcale, w tym tym z takimi schorzeniami jak zesp\u00f3\u0142 policystycznych jajnik\u00f3w (PCOS) lub innymi zaburzeniami hormonalnymi wp\u0142ywaj\u0105cymi na cykl menstruacyjny.<\/p>\n<p>Clomifen dzia\u0142a poprzez wp\u0142ywanie na sygna\u0142y hormonalne w m\u00f3zgu, kt\u00f3re reguluj\u0105 uk\u0142ad rozrodczy. Konkretnie, stymuluje przysadk\u0119 m\u00f3zgow\u0105 do uwalniania wy\u017cszych poziom\u00f3w hormonu folikulotropowego (FSH) i hormonu luteinizuj\u0105cego (LH). Hormony te wspieraj\u0105 rozw\u00f3j i uwalnianie dojrza\u0142ego jajka z jajnik\u00f3w, zwi\u0119kszaj\u0105c tym samym prawdopodobie\u0144stwo zap\u0142odnienia podczas naturalnego cyklu menstruacyjnego.<\/p>\n<p>Leczenie zazwyczaj przyjmuje si\u0119 w postaci kr\u00f3tkiej kuracji tabletkami, raz dziennie przez pi\u0119\u0107 kolejnych dni, zazwyczaj rozpoczynaj\u0105c wcze\u015bnie w cyklu menstruacyjnym. Dok\u0142adny czas i dawka mog\u0105 si\u0119 r\u00f3\u017cni\u0107 w zale\u017cno\u015bci od wzorca cyklu danej osoby i jej reakcji na lek. Owulacja zazwyczaj wyst\u0119puje 5 do 10 dni po ostatniej dawce, a w tym okresie cz\u0119sto zaleca si\u0119 wsp\u00f3\u0142\u017cycie w odpowiednim czasie.<\/p>\n<p>Clomifen jest opcj\u0105 w leczeniu niep\u0142odno\u015bci i cz\u0119sto jest jednym z pierwszych wybor\u00f3w w terapii zaburze\u0144 owulacyjnych. Niekt\u00f3re osoby mog\u0105 do\u015bwiadcza\u0107 skutk\u00f3w ubocznych, w tym wzd\u0119\u0107, zmian nastroju lub tymczasowych zaburze\u0144 widzenia. Poniewa\u017c Clomifen zwi\u0119ksza prawdopodobie\u0144stwo owulacji, istnieje r\u00f3wnie\u017c nieznacznie zwi\u0119kszone ryzyko ci\u0105\u017c mnogich, takich jak ci\u0105\u017ce bli\u017aniacze.<\/p>\n","protected":false},"excerpt":{"rendered":"<ul>\n<li>Naturalnie stymuluje owulacj\u0119<\/li>\n<li>Poprawia wyniki p\u0142odno\u015bci<\/li>\n<li>Nieinwazyjna terapia doustna<\/li>\n<\/ul>\n","protected":false},"featured_media":962,"comment_status":"open","ping_status":"closed","template":"","meta":[],"product_brand":[],"product_cat":[119],"product_tag":[],"expert":[19],"class_list":{"0":"post-960","1":"product","2":"type-product","3":"status-publish","4":"has-post-thumbnail","6":"product_cat-plodnosc-i-owulacja","7":"expert-dr-j-vazquez","9":"first","10":"instock","11":"shipping-taxable","12":"product-type-variable"},"yoast_head":"<!-- This site is optimized with the Yoast SEO plugin v27.0 - https:\/\/yoast.com\/product\/yoast-seo-wordpress\/ -->\n<title>Clomifen | Wspiera owulacj\u0119 i p\u0142odno\u015b\u0107 - Transtoyou<\/title>\n<meta name=\"description\" content=\"Clomifen wspiera owulacj\u0119 w przypadku p\u0142odno\u015bci, idealny dla PCOS. Odkryj jego korzy\u015bci na Transtoyou. Zapewnij r\u00f3wnowag\u0119 hormonaln\u0105, zam\u00f3w teraz.\" \/>\n<meta name=\"robots\" content=\"noindex, follow, max-snippet:-1, max-image-preview:large, max-video-preview:-1\" \/>\n<meta property=\"og:locale\" content=\"pl_PL\" \/>\n<meta property=\"og:type\" content=\"article\" \/>\n<meta property=\"og:title\" content=\"Clomifen | Wspiera owulacj\u0119 i p\u0142odno\u015b\u0107 - Transtoyou\" \/>\n<meta property=\"og:description\" content=\"Clomifen wspiera owulacj\u0119 w przypadku p\u0142odno\u015bci, idealny dla PCOS. Odkryj jego korzy\u015bci na Transtoyou. Zapewnij r\u00f3wnowag\u0119 hormonaln\u0105, zam\u00f3w teraz.\" \/>\n<meta property=\"og:url\" content=\"https:\/\/www.transtoyou.com\/pl\/product\/clomifen\/\" \/>\n<meta property=\"og:site_name\" content=\"Transtoyou - PL\" \/>\n<meta property=\"article:modified_time\" content=\"2026-01-24T04:57:18+00:00\" \/>\n<meta name=\"twitter:card\" content=\"summary_large_image\" \/>\n<meta name=\"twitter:label1\" content=\"Szacowany czas czytania\" \/>\n\t<meta name=\"twitter:data1\" content=\"1 minuta\" \/>\n<script type=\"application\/ld+json\" class=\"yoast-schema-graph\">{\"@context\":\"https:\/\/schema.org\",\"@graph\":[{\"@type\":\"WebPage\",\"@id\":\"https:\/\/www.transtoyou.com\/pl\/product\/clomifen\/\",\"url\":\"https:\/\/www.transtoyou.com\/pl\/product\/clomifen\/\",\"name\":\"Clomifen | Wspiera owulacj\u0119 i p\u0142odno\u015b\u0107 - Transtoyou\",\"isPartOf\":{\"@id\":\"https:\/\/www.transtoyou.com\/pl\/#website\"},\"primaryImageOfPage\":{\"@id\":\"https:\/\/www.transtoyou.com\/pl\/product\/clomifen\/#primaryimage\"},\"image\":{\"@id\":\"https:\/\/www.transtoyou.com\/pl\/product\/clomifen\/#primaryimage\"},\"thumbnailUrl\":\"https:\/\/www.transtoyou.com\/pl\/wp-content\/uploads\/sites\/11\/2026\/01\/tty-no-product-image-82.webp\",\"datePublished\":\"2026-01-24T04:56:09+00:00\",\"dateModified\":\"2026-01-24T04:57:18+00:00\",\"description\":\"Clomifen wspiera owulacj\u0119 w przypadku p\u0142odno\u015bci, idealny dla PCOS. Odkryj jego korzy\u015bci na Transtoyou. Zapewnij r\u00f3wnowag\u0119 hormonaln\u0105, zam\u00f3w teraz.\",\"breadcrumb\":{\"@id\":\"https:\/\/www.transtoyou.com\/pl\/product\/clomifen\/#breadcrumb\"},\"inLanguage\":\"pl-PL\",\"potentialAction\":[{\"@type\":\"ReadAction\",\"target\":[\"https:\/\/www.transtoyou.com\/pl\/product\/clomifen\/\"]}]},{\"@type\":\"ImageObject\",\"inLanguage\":\"pl-PL\",\"@id\":\"https:\/\/www.transtoyou.com\/pl\/product\/clomifen\/#primaryimage\",\"url\":\"https:\/\/www.transtoyou.com\/pl\/wp-content\/uploads\/sites\/11\/2026\/01\/tty-no-product-image-82.webp\",\"contentUrl\":\"https:\/\/www.transtoyou.com\/pl\/wp-content\/uploads\/sites\/11\/2026\/01\/tty-no-product-image-82.webp\",\"width\":1000,\"height\":1000,\"caption\":\"Domy\u015blny obraz produktu\"},{\"@type\":\"WebSite\",\"@id\":\"https:\/\/www.transtoyou.com\/pl\/#website\",\"url\":\"https:\/\/www.transtoyou.com\/pl\/\",\"name\":\"Transtoyou - PL\",\"description\":\"\",\"publisher\":{\"@id\":\"https:\/\/www.transtoyou.com\/pl\/#organization\"},\"potentialAction\":[{\"@type\":\"SearchAction\",\"target\":{\"@type\":\"EntryPoint\",\"urlTemplate\":\"https:\/\/www.transtoyou.com\/pl\/?s={search_term_string}\"},\"query-input\":{\"@type\":\"PropertyValueSpecification\",\"valueRequired\":true,\"valueName\":\"search_term_string\"}}],\"inLanguage\":\"pl-PL\"},{\"@type\":\"Organization\",\"@id\":\"https:\/\/www.transtoyou.com\/pl\/#organization\",\"name\":\"Transtoyou - PL\",\"url\":\"https:\/\/www.transtoyou.com\/pl\/\",\"logo\":{\"@type\":\"ImageObject\",\"inLanguage\":\"pl-PL\",\"@id\":\"https:\/\/www.transtoyou.com\/pl\/#\/schema\/logo\/image\/\",\"url\":\"https:\/\/www.transtoyou.com\/pl\/wp-content\/uploads\/sites\/11\/2026\/01\/logo-tty-menu-bar-300x87-1.webp\",\"contentUrl\":\"https:\/\/www.transtoyou.com\/pl\/wp-content\/uploads\/sites\/11\/2026\/01\/logo-tty-menu-bar-300x87-1.webp\",\"width\":300,\"height\":87,\"caption\":\"Transtoyou - PL\"},\"image\":{\"@id\":\"https:\/\/www.transtoyou.com\/pl\/#\/schema\/logo\/image\/\"}}]}<\/script>\n<!-- \/ Yoast SEO plugin. -->","yoast_head_json":{"title":"Clomifen | Wspiera owulacj\u0119 i p\u0142odno\u015b\u0107 - Transtoyou","description":"Clomifen wspiera owulacj\u0119 w przypadku p\u0142odno\u015bci, idealny dla PCOS. Odkryj jego korzy\u015bci na Transtoyou. Zapewnij r\u00f3wnowag\u0119 hormonaln\u0105, zam\u00f3w teraz.","robots":{"index":"noindex","follow":"follow","max-snippet":"max-snippet:-1","max-image-preview":"max-image-preview:large","max-video-preview":"max-video-preview:-1"},"og_locale":"pl_PL","og_type":"article","og_title":"Clomifen | Wspiera owulacj\u0119 i p\u0142odno\u015b\u0107 - Transtoyou","og_description":"Clomifen wspiera owulacj\u0119 w przypadku p\u0142odno\u015bci, idealny dla PCOS. Odkryj jego korzy\u015bci na Transtoyou. Zapewnij r\u00f3wnowag\u0119 hormonaln\u0105, zam\u00f3w teraz.","og_url":"https:\/\/www.transtoyou.com\/pl\/product\/clomifen\/","og_site_name":"Transtoyou - PL","article_modified_time":"2026-01-24T04:57:18+00:00","twitter_card":"summary_large_image","twitter_misc":{"Szacowany czas czytania":"1 minuta"},"schema":{"@context":"https:\/\/schema.org","@graph":[{"@type":"WebPage","@id":"https:\/\/www.transtoyou.com\/pl\/product\/clomifen\/","url":"https:\/\/www.transtoyou.com\/pl\/product\/clomifen\/","name":"Clomifen | Wspiera owulacj\u0119 i p\u0142odno\u015b\u0107 - Transtoyou","isPartOf":{"@id":"https:\/\/www.transtoyou.com\/pl\/#website"},"primaryImageOfPage":{"@id":"https:\/\/www.transtoyou.com\/pl\/product\/clomifen\/#primaryimage"},"image":{"@id":"https:\/\/www.transtoyou.com\/pl\/product\/clomifen\/#primaryimage"},"thumbnailUrl":"https:\/\/www.transtoyou.com\/pl\/wp-content\/uploads\/sites\/11\/2026\/01\/tty-no-product-image-82.webp","datePublished":"2026-01-24T04:56:09+00:00","dateModified":"2026-01-24T04:57:18+00:00","description":"Clomifen wspiera owulacj\u0119 w przypadku p\u0142odno\u015bci, idealny dla PCOS. Odkryj jego korzy\u015bci na Transtoyou. Zapewnij r\u00f3wnowag\u0119 hormonaln\u0105, zam\u00f3w teraz.","breadcrumb":{"@id":"https:\/\/www.transtoyou.com\/pl\/product\/clomifen\/#breadcrumb"},"inLanguage":"pl-PL","potentialAction":[{"@type":"ReadAction","target":["https:\/\/www.transtoyou.com\/pl\/product\/clomifen\/"]}]},{"@type":"ImageObject","inLanguage":"pl-PL","@id":"https:\/\/www.transtoyou.com\/pl\/product\/clomifen\/#primaryimage","url":"https:\/\/www.transtoyou.com\/pl\/wp-content\/uploads\/sites\/11\/2026\/01\/tty-no-product-image-82.webp","contentUrl":"https:\/\/www.transtoyou.com\/pl\/wp-content\/uploads\/sites\/11\/2026\/01\/tty-no-product-image-82.webp","width":1000,"height":1000,"caption":"Domy\u015blny obraz produktu"},{"@type":"WebSite","@id":"https:\/\/www.transtoyou.com\/pl\/#website","url":"https:\/\/www.transtoyou.com\/pl\/","name":"Transtoyou - PL","description":"","publisher":{"@id":"https:\/\/www.transtoyou.com\/pl\/#organization"},"potentialAction":[{"@type":"SearchAction","target":{"@type":"EntryPoint","urlTemplate":"https:\/\/www.transtoyou.com\/pl\/?s={search_term_string}"},"query-input":{"@type":"PropertyValueSpecification","valueRequired":true,"valueName":"search_term_string"}}],"inLanguage":"pl-PL"},{"@type":"Organization","@id":"https:\/\/www.transtoyou.com\/pl\/#organization","name":"Transtoyou - PL","url":"https:\/\/www.transtoyou.com\/pl\/","logo":{"@type":"ImageObject","inLanguage":"pl-PL","@id":"https:\/\/www.transtoyou.com\/pl\/#\/schema\/logo\/image\/","url":"https:\/\/www.transtoyou.com\/pl\/wp-content\/uploads\/sites\/11\/2026\/01\/logo-tty-menu-bar-300x87-1.webp","contentUrl":"https:\/\/www.transtoyou.com\/pl\/wp-content\/uploads\/sites\/11\/2026\/01\/logo-tty-menu-bar-300x87-1.webp","width":300,"height":87,"caption":"Transtoyou - PL"},"image":{"@id":"https:\/\/www.transtoyou.com\/pl\/#\/schema\/logo\/image\/"}}]}},"_links":{"self":[{"href":"https:\/\/www.transtoyou.com\/pl\/wp-json\/wp\/v2\/product\/960","targetHints":{"allow":["GET"]}}],"collection":[{"href":"https:\/\/www.transtoyou.com\/pl\/wp-json\/wp\/v2\/product"}],"about":[{"href":"https:\/\/www.transtoyou.com\/pl\/wp-json\/wp\/v2\/types\/product"}],"replies":[{"embeddable":true,"href":"https:\/\/www.transtoyou.com\/pl\/wp-json\/wp\/v2\/comments?post=960"}],"wp:featuredmedia":[{"embeddable":true,"href":"https:\/\/www.transtoyou.com\/pl\/wp-json\/wp\/v2\/media\/962"}],"wp:attachment":[{"href":"https:\/\/www.transtoyou.com\/pl\/wp-json\/wp\/v2\/media?parent=960"}],"wp:term":[{"taxonomy":"product_brand","embeddable":true,"href":"https:\/\/www.transtoyou.com\/pl\/wp-json\/wp\/v2\/product_brand?post=960"},{"taxonomy":"product_cat","embeddable":true,"href":"https:\/\/www.transtoyou.com\/pl\/wp-json\/wp\/v2\/product_cat?post=960"},{"taxonomy":"product_tag","embeddable":true,"href":"https:\/\/www.transtoyou.com\/pl\/wp-json\/wp\/v2\/product_tag?post=960"},{"taxonomy":"expert","embeddable":true,"href":"https:\/\/www.transtoyou.com\/pl\/wp-json\/wp\/v2\/expert?post=960"}],"curies":[{"name":"wp","href":"https:\/\/api.w.org\/{rel}","templated":true}]}}