{"id":963,"date":"2026-01-24T07:11:05","date_gmt":"2026-01-24T05:11:05","guid":{"rendered":"https:\/\/www.transtoyou.com\/pl\/product\/vaniqa\/"},"modified":"2026-03-06T17:03:02","modified_gmt":"2026-03-06T15:03:02","slug":"vaniqa","status":"publish","type":"product","link":"https:\/\/www.transtoyou.com\/pl\/product\/vaniqa\/","title":{"rendered":"Vaniqa"},"content":{"rendered":"<p>Vaniqa to krem miejscowy stosowany w celu zmniejszenia wzrostu niechcianego ow\u0142osienia na twarzy, szczeg\u00f3lnie u kobiet zdiagnozowanych z hirsutyzmem twarzy. Zawiera hydrochlorowodorek eflornityny, substancj\u0119, kt\u00f3ra dzia\u0142a poprzez spowolnienie tempa wzrostu w\u0142os\u00f3w na poziomie mieszka w\u0142osowego. W przeciwie\u0144stwie do metod usuwania w\u0142os\u00f3w, takich jak golenie czy woskowanie, Vaniqa dzia\u0142a na poziomie mieszka w\u0142osowego, aby spowolni\u0107 wzrost i jest stosowana jako opcja d\u0142ugoterminowa.<\/p>\n<p>Krem nale\u017cy stosowa\u0107 bezpo\u015brednio na dotkni\u0119te obszary twarzy, takie jak g\u00f3rna warga, broda lub linia \u017cuchwy, dwa razy dziennie, z co najmniej o\u015bmiogodzinn\u0105 przerw\u0105 mi\u0119dzy aplikacjami. Nie jest to produkt do usuwania w\u0142os\u00f3w, ale ma na celu zmniejszenie szybko\u015bci i grubo\u015bci odrostu w czasie. Widoczna poprawa mo\u017ce zaj\u0105\u0107 od czterech do o\u015bmiu tygodni, a kontynuacja stosowania jest niezb\u0119dna, aby utrzyma\u0107 wyniki. Je\u015bli krem zostanie przerwany, wzrost w\u0142os\u00f3w zazwyczaj wraca do poprzedniego wzoru.<\/p>\n<p>Vaniqa cz\u0119sto jest stosowana obok kosmetycznych metod usuwania w\u0142os\u00f3w. Z biegiem czasu niekt\u00f3rzy mog\u0105 zauwa\u017cy\u0107 zmniejszenie cz\u0119stotliwo\u015bci zabieg\u00f3w usuwania w\u0142os\u00f3w, a wygl\u0105d odrostu mo\u017ce sta\u0107 si\u0119 cie\u0144szy i ja\u015bniejszy. Mo\u017ce by\u0107 stosowana d\u0142ugoterminowo pod nadzorem medycznym, chocia\u017c efekty r\u00f3\u017cni\u0105 si\u0119 mi\u0119dzy osobami.<\/p>\n<p>Typowe dzia\u0142ania niepo\u017c\u0105dane s\u0105 zazwyczaj \u0142agodne i mog\u0105 obejmowa\u0107 zaczerwienienie, mrowienie, pieczenie lub lekkie podra\u017cnienie sk\u00f3ry w miejscu aplikacji. Objawy te cz\u0119sto ust\u0119puj\u0105, gdy sk\u00f3ra dostosowuje si\u0119 do kremu. Vaniqa powinna by\u0107 stosowana tylko na czyst\u0105, such\u0105 sk\u00f3r\u0119, a zaleca si\u0119 kr\u00f3tki czas oczekiwania przed na\u0142o\u017ceniem makija\u017cu lub filtr\u00f3w przeciws\u0142onecznych.<\/p>\n","protected":false},"excerpt":{"rendered":"<ul>\n<li>Spowalnia odrastanie ow\u0142osienia na twarzy<\/li>\n<li>Niehormonalne leczenie miejscowe<\/li>\n<li>Wyg\u0142adza wygl\u0105d sk\u00f3ry<\/li>\n<\/ul>\n","protected":false},"featured_media":965,"comment_status":"open","ping_status":"closed","template":"","meta":[],"product_brand":[],"product_cat":[135,118],"product_tag":[],"expert":[19],"class_list":{"0":"post-963","1":"product","2":"type-product","3":"status-publish","4":"has-post-thumbnail","6":"product_cat-hirsutyzm-i-owlosienie-na-twarzy","7":"product_cat-redukcja-wlosow-na-twarzy","8":"expert-dr-j-vazquez","10":"first","11":"instock","12":"shipping-taxable","13":"product-type-variable"},"yoast_head":"<!-- This site is optimized with the Yoast SEO plugin v27.0 - https:\/\/yoast.com\/product\/yoast-seo-wordpress\/ -->\n<title>Vaniqa | Skutecznie zmniejsza wzrost ow\u0142osienia na twarzy - Transtoyou<\/title>\n<meta name=\"description\" content=\"Krem Vaniqa redukuje niechciane ow\u0142osienie na twarzy, dzia\u0142aj\u0105c na przyczyny. Osi\u0105gnij g\u0142adk\u0105 sk\u00f3r\u0119 i pewno\u015b\u0107 siebie ju\u017c dzi\u015b!\" \/>\n<meta name=\"robots\" content=\"noindex, follow, max-snippet:-1, max-image-preview:large, max-video-preview:-1\" \/>\n<meta property=\"og:locale\" content=\"pl_PL\" \/>\n<meta property=\"og:type\" content=\"article\" \/>\n<meta property=\"og:title\" content=\"Vaniqa | Skutecznie zmniejsza wzrost ow\u0142osienia na twarzy - Transtoyou\" \/>\n<meta property=\"og:description\" content=\"Krem Vaniqa redukuje niechciane ow\u0142osienie na twarzy, dzia\u0142aj\u0105c na przyczyny. Osi\u0105gnij g\u0142adk\u0105 sk\u00f3r\u0119 i pewno\u015b\u0107 siebie ju\u017c dzi\u015b!\" \/>\n<meta property=\"og:url\" content=\"https:\/\/www.transtoyou.com\/pl\/product\/vaniqa\/\" \/>\n<meta property=\"og:site_name\" content=\"Transtoyou - PL\" \/>\n<meta property=\"article:modified_time\" content=\"2026-03-06T15:03:02+00:00\" \/>\n<meta name=\"twitter:card\" content=\"summary_large_image\" \/>\n<meta name=\"twitter:label1\" content=\"Szacowany czas czytania\" \/>\n\t<meta name=\"twitter:data1\" content=\"1 minuta\" \/>\n<script type=\"application\/ld+json\" class=\"yoast-schema-graph\">{\"@context\":\"https:\/\/schema.org\",\"@graph\":[{\"@type\":\"WebPage\",\"@id\":\"https:\/\/www.transtoyou.com\/pl\/product\/vaniqa\/\",\"url\":\"https:\/\/www.transtoyou.com\/pl\/product\/vaniqa\/\",\"name\":\"Vaniqa | Skutecznie zmniejsza wzrost ow\u0142osienia na twarzy - Transtoyou\",\"isPartOf\":{\"@id\":\"https:\/\/www.transtoyou.com\/pl\/#website\"},\"primaryImageOfPage\":{\"@id\":\"https:\/\/www.transtoyou.com\/pl\/product\/vaniqa\/#primaryimage\"},\"image\":{\"@id\":\"https:\/\/www.transtoyou.com\/pl\/product\/vaniqa\/#primaryimage\"},\"thumbnailUrl\":\"https:\/\/www.transtoyou.com\/pl\/wp-content\/uploads\/sites\/11\/2026\/01\/tty-no-product-image-83.webp\",\"datePublished\":\"2026-01-24T05:11:05+00:00\",\"dateModified\":\"2026-03-06T15:03:02+00:00\",\"description\":\"Krem Vaniqa redukuje niechciane ow\u0142osienie na twarzy, dzia\u0142aj\u0105c na przyczyny. Osi\u0105gnij g\u0142adk\u0105 sk\u00f3r\u0119 i pewno\u015b\u0107 siebie ju\u017c dzi\u015b!\",\"breadcrumb\":{\"@id\":\"https:\/\/www.transtoyou.com\/pl\/product\/vaniqa\/#breadcrumb\"},\"inLanguage\":\"pl-PL\",\"potentialAction\":[{\"@type\":\"ReadAction\",\"target\":[\"https:\/\/www.transtoyou.com\/pl\/product\/vaniqa\/\"]}]},{\"@type\":\"ImageObject\",\"inLanguage\":\"pl-PL\",\"@id\":\"https:\/\/www.transtoyou.com\/pl\/product\/vaniqa\/#primaryimage\",\"url\":\"https:\/\/www.transtoyou.com\/pl\/wp-content\/uploads\/sites\/11\/2026\/01\/tty-no-product-image-83.webp\",\"contentUrl\":\"https:\/\/www.transtoyou.com\/pl\/wp-content\/uploads\/sites\/11\/2026\/01\/tty-no-product-image-83.webp\",\"width\":1000,\"height\":1000,\"caption\":\"Domy\u015blny obraz produktu\"},{\"@type\":\"WebSite\",\"@id\":\"https:\/\/www.transtoyou.com\/pl\/#website\",\"url\":\"https:\/\/www.transtoyou.com\/pl\/\",\"name\":\"Transtoyou - PL\",\"description\":\"\",\"publisher\":{\"@id\":\"https:\/\/www.transtoyou.com\/pl\/#organization\"},\"potentialAction\":[{\"@type\":\"SearchAction\",\"target\":{\"@type\":\"EntryPoint\",\"urlTemplate\":\"https:\/\/www.transtoyou.com\/pl\/?s={search_term_string}\"},\"query-input\":{\"@type\":\"PropertyValueSpecification\",\"valueRequired\":true,\"valueName\":\"search_term_string\"}}],\"inLanguage\":\"pl-PL\"},{\"@type\":\"Organization\",\"@id\":\"https:\/\/www.transtoyou.com\/pl\/#organization\",\"name\":\"Transtoyou - PL\",\"url\":\"https:\/\/www.transtoyou.com\/pl\/\",\"logo\":{\"@type\":\"ImageObject\",\"inLanguage\":\"pl-PL\",\"@id\":\"https:\/\/www.transtoyou.com\/pl\/#\/schema\/logo\/image\/\",\"url\":\"https:\/\/www.transtoyou.com\/pl\/wp-content\/uploads\/sites\/11\/2026\/01\/logo-tty-menu-bar-300x87-1.webp\",\"contentUrl\":\"https:\/\/www.transtoyou.com\/pl\/wp-content\/uploads\/sites\/11\/2026\/01\/logo-tty-menu-bar-300x87-1.webp\",\"width\":300,\"height\":87,\"caption\":\"Transtoyou - PL\"},\"image\":{\"@id\":\"https:\/\/www.transtoyou.com\/pl\/#\/schema\/logo\/image\/\"}}]}<\/script>\n<!-- \/ Yoast SEO plugin. -->","yoast_head_json":{"title":"Vaniqa | Skutecznie zmniejsza wzrost ow\u0142osienia na twarzy - Transtoyou","description":"Krem Vaniqa redukuje niechciane ow\u0142osienie na twarzy, dzia\u0142aj\u0105c na przyczyny. Osi\u0105gnij g\u0142adk\u0105 sk\u00f3r\u0119 i pewno\u015b\u0107 siebie ju\u017c dzi\u015b!","robots":{"index":"noindex","follow":"follow","max-snippet":"max-snippet:-1","max-image-preview":"max-image-preview:large","max-video-preview":"max-video-preview:-1"},"og_locale":"pl_PL","og_type":"article","og_title":"Vaniqa | Skutecznie zmniejsza wzrost ow\u0142osienia na twarzy - Transtoyou","og_description":"Krem Vaniqa redukuje niechciane ow\u0142osienie na twarzy, dzia\u0142aj\u0105c na przyczyny. Osi\u0105gnij g\u0142adk\u0105 sk\u00f3r\u0119 i pewno\u015b\u0107 siebie ju\u017c dzi\u015b!","og_url":"https:\/\/www.transtoyou.com\/pl\/product\/vaniqa\/","og_site_name":"Transtoyou - PL","article_modified_time":"2026-03-06T15:03:02+00:00","twitter_card":"summary_large_image","twitter_misc":{"Szacowany czas czytania":"1 minuta"},"schema":{"@context":"https:\/\/schema.org","@graph":[{"@type":"WebPage","@id":"https:\/\/www.transtoyou.com\/pl\/product\/vaniqa\/","url":"https:\/\/www.transtoyou.com\/pl\/product\/vaniqa\/","name":"Vaniqa | Skutecznie zmniejsza wzrost ow\u0142osienia na twarzy - Transtoyou","isPartOf":{"@id":"https:\/\/www.transtoyou.com\/pl\/#website"},"primaryImageOfPage":{"@id":"https:\/\/www.transtoyou.com\/pl\/product\/vaniqa\/#primaryimage"},"image":{"@id":"https:\/\/www.transtoyou.com\/pl\/product\/vaniqa\/#primaryimage"},"thumbnailUrl":"https:\/\/www.transtoyou.com\/pl\/wp-content\/uploads\/sites\/11\/2026\/01\/tty-no-product-image-83.webp","datePublished":"2026-01-24T05:11:05+00:00","dateModified":"2026-03-06T15:03:02+00:00","description":"Krem Vaniqa redukuje niechciane ow\u0142osienie na twarzy, dzia\u0142aj\u0105c na przyczyny. Osi\u0105gnij g\u0142adk\u0105 sk\u00f3r\u0119 i pewno\u015b\u0107 siebie ju\u017c dzi\u015b!","breadcrumb":{"@id":"https:\/\/www.transtoyou.com\/pl\/product\/vaniqa\/#breadcrumb"},"inLanguage":"pl-PL","potentialAction":[{"@type":"ReadAction","target":["https:\/\/www.transtoyou.com\/pl\/product\/vaniqa\/"]}]},{"@type":"ImageObject","inLanguage":"pl-PL","@id":"https:\/\/www.transtoyou.com\/pl\/product\/vaniqa\/#primaryimage","url":"https:\/\/www.transtoyou.com\/pl\/wp-content\/uploads\/sites\/11\/2026\/01\/tty-no-product-image-83.webp","contentUrl":"https:\/\/www.transtoyou.com\/pl\/wp-content\/uploads\/sites\/11\/2026\/01\/tty-no-product-image-83.webp","width":1000,"height":1000,"caption":"Domy\u015blny obraz produktu"},{"@type":"WebSite","@id":"https:\/\/www.transtoyou.com\/pl\/#website","url":"https:\/\/www.transtoyou.com\/pl\/","name":"Transtoyou - PL","description":"","publisher":{"@id":"https:\/\/www.transtoyou.com\/pl\/#organization"},"potentialAction":[{"@type":"SearchAction","target":{"@type":"EntryPoint","urlTemplate":"https:\/\/www.transtoyou.com\/pl\/?s={search_term_string}"},"query-input":{"@type":"PropertyValueSpecification","valueRequired":true,"valueName":"search_term_string"}}],"inLanguage":"pl-PL"},{"@type":"Organization","@id":"https:\/\/www.transtoyou.com\/pl\/#organization","name":"Transtoyou - PL","url":"https:\/\/www.transtoyou.com\/pl\/","logo":{"@type":"ImageObject","inLanguage":"pl-PL","@id":"https:\/\/www.transtoyou.com\/pl\/#\/schema\/logo\/image\/","url":"https:\/\/www.transtoyou.com\/pl\/wp-content\/uploads\/sites\/11\/2026\/01\/logo-tty-menu-bar-300x87-1.webp","contentUrl":"https:\/\/www.transtoyou.com\/pl\/wp-content\/uploads\/sites\/11\/2026\/01\/logo-tty-menu-bar-300x87-1.webp","width":300,"height":87,"caption":"Transtoyou - PL"},"image":{"@id":"https:\/\/www.transtoyou.com\/pl\/#\/schema\/logo\/image\/"}}]}},"_links":{"self":[{"href":"https:\/\/www.transtoyou.com\/pl\/wp-json\/wp\/v2\/product\/963","targetHints":{"allow":["GET"]}}],"collection":[{"href":"https:\/\/www.transtoyou.com\/pl\/wp-json\/wp\/v2\/product"}],"about":[{"href":"https:\/\/www.transtoyou.com\/pl\/wp-json\/wp\/v2\/types\/product"}],"replies":[{"embeddable":true,"href":"https:\/\/www.transtoyou.com\/pl\/wp-json\/wp\/v2\/comments?post=963"}],"wp:featuredmedia":[{"embeddable":true,"href":"https:\/\/www.transtoyou.com\/pl\/wp-json\/wp\/v2\/media\/965"}],"wp:attachment":[{"href":"https:\/\/www.transtoyou.com\/pl\/wp-json\/wp\/v2\/media?parent=963"}],"wp:term":[{"taxonomy":"product_brand","embeddable":true,"href":"https:\/\/www.transtoyou.com\/pl\/wp-json\/wp\/v2\/product_brand?post=963"},{"taxonomy":"product_cat","embeddable":true,"href":"https:\/\/www.transtoyou.com\/pl\/wp-json\/wp\/v2\/product_cat?post=963"},{"taxonomy":"product_tag","embeddable":true,"href":"https:\/\/www.transtoyou.com\/pl\/wp-json\/wp\/v2\/product_tag?post=963"},{"taxonomy":"expert","embeddable":true,"href":"https:\/\/www.transtoyou.com\/pl\/wp-json\/wp\/v2\/expert?post=963"}],"curies":[{"name":"wp","href":"https:\/\/api.w.org\/{rel}","templated":true}]}}