{"id":976,"date":"2026-01-24T08:38:03","date_gmt":"2026-01-24T06:38:03","guid":{"rendered":"https:\/\/www.transtoyou.com\/pl\/product\/viridal\/"},"modified":"2026-03-07T16:54:18","modified_gmt":"2026-03-07T14:54:18","slug":"viridal","status":"publish","type":"product","link":"https:\/\/www.transtoyou.com\/pl\/product\/viridal\/","title":{"rendered":"Viridal"},"content":{"rendered":"<p>Viridal to lek stosowany w leczeniu zaburze\u0144 erekcji, szczeg\u00f3lnie w przypadkach, gdy leki doustne mog\u0105 by\u0107 nieskuteczne lub nieodpowiednie. Zawiera alprostadil, syntetyczn\u0105 wersj\u0119 naturalnie wyst\u0119puj\u0105cej substancji, kt\u00f3ra pomaga zwi\u0119kszy\u0107 przep\u0142yw krwi do penisa. Poprzez rozszerzenie lokalnych naczy\u0144 krwiono\u015bnych wspiera fizyczny proces prowadz\u0105cy do erekcji.<\/p>\n<p>Viridal podawany jest w formie zastrzyku do cia\u0142a jamistego. Ta metoda pozwala lekowi dzia\u0142a\u0107 bezpo\u015brednio w miejscu, gdzie jest potrzebny. W wi\u0119kszo\u015bci przypadk\u00f3w efekt zaczyna si\u0119 w ci\u0105gu 5 do 15 minut, a uzyskana erekcja zazwyczaj trwa oko\u0142o 30 do 60 minut, chocia\u017c mo\u017ce to r\u00f3\u017cni\u0107 si\u0119 mi\u0119dzy osobami.<\/p>\n<p>Lek wyst\u0119puje w postaci proszku, kt\u00f3ry przed u\u017cyciem miesza si\u0119 z ja\u0142owym roztworem. Do zastrzyku u\u017cywa si\u0119 cienkiej ig\u0142y, a wa\u017cne jest, aby za ka\u017cdym razem zmienia\u0107 miejsce wk\u0142ucia, aby zredukowa\u0107 ryzyko uszkodzenia tkanki. Dawkowanie zazwyczaj dostosowuje si\u0119 do reakcji i tolerancji danej osoby.<\/p>\n<p>Viridal mo\u017ce by\u0107 stosowany przez osoby z r\u00f3\u017cnymi przyczynami zaburze\u0144 erekcji, w tym z problemami naczyniowymi, neurologicznymi lub pooperacyjnymi. Do powszechnych dzia\u0142a\u0144 niepo\u017c\u0105danych mog\u0105 nale\u017ce\u0107 \u0142agodne dolegliwo\u015bci w miejscu wstrzykni\u0119cia lub uczucie ucisku w penisie. W niekt\u00f3rych przypadkach u\u017cytkownicy mog\u0105 do\u015bwiadcza\u0107 przed\u0142u\u017conych erekcji lub lokalnej fibryzy lub guzk\u00f3w w penisie, kt\u00f3re powinny by\u0107 ocenione, je\u015bli s\u0105 uporczywe.<\/p>\n","protected":false},"excerpt":{"rendered":"<ul>\n<li>Fast, reliable erection within 5-15 minutes<\/li>\n<li>Bypasses the digestive system &#8211; works even when pills fail<\/li>\n<li>Adjustable dosage using a dual-chamber automatic syringe<\/li>\n<\/ul>\n","protected":false},"featured_media":978,"comment_status":"open","ping_status":"closed","template":"","meta":[],"product_brand":[],"product_cat":[114],"product_tag":[],"expert":[21],"class_list":{"0":"post-976","1":"product","2":"type-product","3":"status-publish","4":"has-post-thumbnail","6":"product_cat-leczenie-zaburzen-erekcji","7":"expert-dr-m-sharoyko","9":"first","10":"instock","11":"shipping-taxable","12":"product-type-variable"},"yoast_head":"<!-- This site is optimized with the Yoast SEO plugin v27.0 - https:\/\/yoast.com\/product\/yoast-seo-wordpress\/ -->\n<title>Viridal | Szybko dzia\u0142aj\u0105ce rozwi\u0105zanie na ED - Transtoyou<\/title>\n<meta name=\"description\" content=\"Odkryj Viridal, unikalne rozwi\u0105zanie na zaburzenia erekcji. Zawiera alprostadil dla skutecznych rezultat\u00f3w. Dost\u0119pne w Transtoyou.\" \/>\n<meta name=\"robots\" content=\"noindex, follow, max-snippet:-1, max-image-preview:large, max-video-preview:-1\" \/>\n<meta property=\"og:locale\" content=\"pl_PL\" \/>\n<meta property=\"og:type\" content=\"article\" \/>\n<meta property=\"og:title\" content=\"Viridal | Szybko dzia\u0142aj\u0105ce rozwi\u0105zanie na ED - Transtoyou\" \/>\n<meta property=\"og:description\" content=\"Odkryj Viridal, unikalne rozwi\u0105zanie na zaburzenia erekcji. Zawiera alprostadil dla skutecznych rezultat\u00f3w. Dost\u0119pne w Transtoyou.\" \/>\n<meta property=\"og:url\" content=\"https:\/\/www.transtoyou.com\/pl\/product\/viridal\/\" \/>\n<meta property=\"og:site_name\" content=\"Transtoyou - PL\" \/>\n<meta property=\"article:modified_time\" content=\"2026-03-07T14:54:18+00:00\" \/>\n<meta name=\"twitter:card\" content=\"summary_large_image\" \/>\n<meta name=\"twitter:label1\" content=\"Szacowany czas czytania\" \/>\n\t<meta name=\"twitter:data1\" content=\"1 minuta\" \/>\n<script type=\"application\/ld+json\" class=\"yoast-schema-graph\">{\"@context\":\"https:\/\/schema.org\",\"@graph\":[{\"@type\":\"WebPage\",\"@id\":\"https:\/\/www.transtoyou.com\/pl\/product\/viridal\/\",\"url\":\"https:\/\/www.transtoyou.com\/pl\/product\/viridal\/\",\"name\":\"Viridal | Szybko dzia\u0142aj\u0105ce rozwi\u0105zanie na ED - Transtoyou\",\"isPartOf\":{\"@id\":\"https:\/\/www.transtoyou.com\/pl\/#website\"},\"primaryImageOfPage\":{\"@id\":\"https:\/\/www.transtoyou.com\/pl\/product\/viridal\/#primaryimage\"},\"image\":{\"@id\":\"https:\/\/www.transtoyou.com\/pl\/product\/viridal\/#primaryimage\"},\"thumbnailUrl\":\"https:\/\/www.transtoyou.com\/pl\/wp-content\/uploads\/sites\/11\/2026\/01\/tty-no-product-image-88.webp\",\"datePublished\":\"2026-01-24T06:38:03+00:00\",\"dateModified\":\"2026-03-07T14:54:18+00:00\",\"description\":\"Odkryj Viridal, unikalne rozwi\u0105zanie na zaburzenia erekcji. Zawiera alprostadil dla skutecznych rezultat\u00f3w. Dost\u0119pne w Transtoyou.\",\"breadcrumb\":{\"@id\":\"https:\/\/www.transtoyou.com\/pl\/product\/viridal\/#breadcrumb\"},\"inLanguage\":\"pl-PL\",\"potentialAction\":[{\"@type\":\"ReadAction\",\"target\":[\"https:\/\/www.transtoyou.com\/pl\/product\/viridal\/\"]}]},{\"@type\":\"ImageObject\",\"inLanguage\":\"pl-PL\",\"@id\":\"https:\/\/www.transtoyou.com\/pl\/product\/viridal\/#primaryimage\",\"url\":\"https:\/\/www.transtoyou.com\/pl\/wp-content\/uploads\/sites\/11\/2026\/01\/tty-no-product-image-88.webp\",\"contentUrl\":\"https:\/\/www.transtoyou.com\/pl\/wp-content\/uploads\/sites\/11\/2026\/01\/tty-no-product-image-88.webp\",\"width\":1000,\"height\":1000,\"caption\":\"Domy\u015blny obraz produktu\"},{\"@type\":\"WebSite\",\"@id\":\"https:\/\/www.transtoyou.com\/pl\/#website\",\"url\":\"https:\/\/www.transtoyou.com\/pl\/\",\"name\":\"Transtoyou - PL\",\"description\":\"\",\"publisher\":{\"@id\":\"https:\/\/www.transtoyou.com\/pl\/#organization\"},\"potentialAction\":[{\"@type\":\"SearchAction\",\"target\":{\"@type\":\"EntryPoint\",\"urlTemplate\":\"https:\/\/www.transtoyou.com\/pl\/?s={search_term_string}\"},\"query-input\":{\"@type\":\"PropertyValueSpecification\",\"valueRequired\":true,\"valueName\":\"search_term_string\"}}],\"inLanguage\":\"pl-PL\"},{\"@type\":\"Organization\",\"@id\":\"https:\/\/www.transtoyou.com\/pl\/#organization\",\"name\":\"Transtoyou - PL\",\"url\":\"https:\/\/www.transtoyou.com\/pl\/\",\"logo\":{\"@type\":\"ImageObject\",\"inLanguage\":\"pl-PL\",\"@id\":\"https:\/\/www.transtoyou.com\/pl\/#\/schema\/logo\/image\/\",\"url\":\"https:\/\/www.transtoyou.com\/pl\/wp-content\/uploads\/sites\/11\/2026\/01\/logo-tty-menu-bar-300x87-1.webp\",\"contentUrl\":\"https:\/\/www.transtoyou.com\/pl\/wp-content\/uploads\/sites\/11\/2026\/01\/logo-tty-menu-bar-300x87-1.webp\",\"width\":300,\"height\":87,\"caption\":\"Transtoyou - PL\"},\"image\":{\"@id\":\"https:\/\/www.transtoyou.com\/pl\/#\/schema\/logo\/image\/\"}}]}<\/script>\n<!-- \/ Yoast SEO plugin. -->","yoast_head_json":{"title":"Viridal | Szybko dzia\u0142aj\u0105ce rozwi\u0105zanie na ED - Transtoyou","description":"Odkryj Viridal, unikalne rozwi\u0105zanie na zaburzenia erekcji. Zawiera alprostadil dla skutecznych rezultat\u00f3w. Dost\u0119pne w Transtoyou.","robots":{"index":"noindex","follow":"follow","max-snippet":"max-snippet:-1","max-image-preview":"max-image-preview:large","max-video-preview":"max-video-preview:-1"},"og_locale":"pl_PL","og_type":"article","og_title":"Viridal | Szybko dzia\u0142aj\u0105ce rozwi\u0105zanie na ED - Transtoyou","og_description":"Odkryj Viridal, unikalne rozwi\u0105zanie na zaburzenia erekcji. Zawiera alprostadil dla skutecznych rezultat\u00f3w. Dost\u0119pne w Transtoyou.","og_url":"https:\/\/www.transtoyou.com\/pl\/product\/viridal\/","og_site_name":"Transtoyou - PL","article_modified_time":"2026-03-07T14:54:18+00:00","twitter_card":"summary_large_image","twitter_misc":{"Szacowany czas czytania":"1 minuta"},"schema":{"@context":"https:\/\/schema.org","@graph":[{"@type":"WebPage","@id":"https:\/\/www.transtoyou.com\/pl\/product\/viridal\/","url":"https:\/\/www.transtoyou.com\/pl\/product\/viridal\/","name":"Viridal | Szybko dzia\u0142aj\u0105ce rozwi\u0105zanie na ED - Transtoyou","isPartOf":{"@id":"https:\/\/www.transtoyou.com\/pl\/#website"},"primaryImageOfPage":{"@id":"https:\/\/www.transtoyou.com\/pl\/product\/viridal\/#primaryimage"},"image":{"@id":"https:\/\/www.transtoyou.com\/pl\/product\/viridal\/#primaryimage"},"thumbnailUrl":"https:\/\/www.transtoyou.com\/pl\/wp-content\/uploads\/sites\/11\/2026\/01\/tty-no-product-image-88.webp","datePublished":"2026-01-24T06:38:03+00:00","dateModified":"2026-03-07T14:54:18+00:00","description":"Odkryj Viridal, unikalne rozwi\u0105zanie na zaburzenia erekcji. Zawiera alprostadil dla skutecznych rezultat\u00f3w. Dost\u0119pne w Transtoyou.","breadcrumb":{"@id":"https:\/\/www.transtoyou.com\/pl\/product\/viridal\/#breadcrumb"},"inLanguage":"pl-PL","potentialAction":[{"@type":"ReadAction","target":["https:\/\/www.transtoyou.com\/pl\/product\/viridal\/"]}]},{"@type":"ImageObject","inLanguage":"pl-PL","@id":"https:\/\/www.transtoyou.com\/pl\/product\/viridal\/#primaryimage","url":"https:\/\/www.transtoyou.com\/pl\/wp-content\/uploads\/sites\/11\/2026\/01\/tty-no-product-image-88.webp","contentUrl":"https:\/\/www.transtoyou.com\/pl\/wp-content\/uploads\/sites\/11\/2026\/01\/tty-no-product-image-88.webp","width":1000,"height":1000,"caption":"Domy\u015blny obraz produktu"},{"@type":"WebSite","@id":"https:\/\/www.transtoyou.com\/pl\/#website","url":"https:\/\/www.transtoyou.com\/pl\/","name":"Transtoyou - PL","description":"","publisher":{"@id":"https:\/\/www.transtoyou.com\/pl\/#organization"},"potentialAction":[{"@type":"SearchAction","target":{"@type":"EntryPoint","urlTemplate":"https:\/\/www.transtoyou.com\/pl\/?s={search_term_string}"},"query-input":{"@type":"PropertyValueSpecification","valueRequired":true,"valueName":"search_term_string"}}],"inLanguage":"pl-PL"},{"@type":"Organization","@id":"https:\/\/www.transtoyou.com\/pl\/#organization","name":"Transtoyou - PL","url":"https:\/\/www.transtoyou.com\/pl\/","logo":{"@type":"ImageObject","inLanguage":"pl-PL","@id":"https:\/\/www.transtoyou.com\/pl\/#\/schema\/logo\/image\/","url":"https:\/\/www.transtoyou.com\/pl\/wp-content\/uploads\/sites\/11\/2026\/01\/logo-tty-menu-bar-300x87-1.webp","contentUrl":"https:\/\/www.transtoyou.com\/pl\/wp-content\/uploads\/sites\/11\/2026\/01\/logo-tty-menu-bar-300x87-1.webp","width":300,"height":87,"caption":"Transtoyou - PL"},"image":{"@id":"https:\/\/www.transtoyou.com\/pl\/#\/schema\/logo\/image\/"}}]}},"_links":{"self":[{"href":"https:\/\/www.transtoyou.com\/pl\/wp-json\/wp\/v2\/product\/976","targetHints":{"allow":["GET"]}}],"collection":[{"href":"https:\/\/www.transtoyou.com\/pl\/wp-json\/wp\/v2\/product"}],"about":[{"href":"https:\/\/www.transtoyou.com\/pl\/wp-json\/wp\/v2\/types\/product"}],"replies":[{"embeddable":true,"href":"https:\/\/www.transtoyou.com\/pl\/wp-json\/wp\/v2\/comments?post=976"}],"wp:featuredmedia":[{"embeddable":true,"href":"https:\/\/www.transtoyou.com\/pl\/wp-json\/wp\/v2\/media\/978"}],"wp:attachment":[{"href":"https:\/\/www.transtoyou.com\/pl\/wp-json\/wp\/v2\/media?parent=976"}],"wp:term":[{"taxonomy":"product_brand","embeddable":true,"href":"https:\/\/www.transtoyou.com\/pl\/wp-json\/wp\/v2\/product_brand?post=976"},{"taxonomy":"product_cat","embeddable":true,"href":"https:\/\/www.transtoyou.com\/pl\/wp-json\/wp\/v2\/product_cat?post=976"},{"taxonomy":"product_tag","embeddable":true,"href":"https:\/\/www.transtoyou.com\/pl\/wp-json\/wp\/v2\/product_tag?post=976"},{"taxonomy":"expert","embeddable":true,"href":"https:\/\/www.transtoyou.com\/pl\/wp-json\/wp\/v2\/expert?post=976"}],"curies":[{"name":"wp","href":"https:\/\/api.w.org\/{rel}","templated":true}]}}