{"id":979,"date":"2026-01-24T08:54:40","date_gmt":"2026-01-24T06:54:40","guid":{"rendered":"https:\/\/www.transtoyou.com\/pl\/product\/viagra\/"},"modified":"2026-03-18T16:15:37","modified_gmt":"2026-03-18T14:15:37","slug":"viagra","status":"publish","type":"product","link":"https:\/\/www.transtoyou.com\/pl\/product\/viagra\/","title":{"rendered":"Viagra"},"content":{"rendered":"<p>Viagra to lek na zaburzenia erekcji, kt\u00f3ry pomaga m\u0119\u017cczyznom osi\u0105gn\u0105\u0107 i utrzyma\u0107 erekcj\u0119 odpowiedni\u0105 do aktywno\u015bci seksualnej. Jego sk\u0142adnik aktywny, cytrynian sildenafilu, dzia\u0142a poprzez zwi\u0119kszenie przep\u0142ywu krwi do penisa, gdy m\u0119\u017cczyzna jest podniecony seksualnie. To poprawia naturaln\u0105 zdolno\u015b\u0107 organizmu do reagowania na intymno\u015b\u0107, wspieraj\u0105c silniejsze i bardziej niezawodne erekcje.<\/p>\n<p>Viagra nale\u017cy do klasy lek\u00f3w zwanych inhibitorami PDE5, kt\u00f3re rozlu\u017aniaj\u0105 naczynia krwiono\u015bne w penisie, pozwalaj\u0105c na wi\u0119kszy nap\u0142yw krwi podczas stymulacji. Nie powoduje erekcji samodzielnie, nadal wymagana jest stymulacja seksualna, aby lek by\u0142 skuteczny. Po aktywacji w organizmie, Viagra zazwyczaj zaczyna dzia\u0142a\u0107 w ci\u0105gu 30 do 60 minut, a jej efekty mog\u0105 utrzymywa\u0107 si\u0119 przez oko\u0142o cztery do pi\u0119ciu godzin.<\/p>\n<p>Standardowa dawka pocz\u0105tkowa wynosi 50 mg, przyjmowana oko\u0142o godzin\u0119 przed aktywno\u015bci\u0105 seksualn\u0105, chocia\u017c mo\u017ce by\u0107 dostosowana w zale\u017cno\u015bci od indywidualnej reakcji i tolerancji. Niekt\u00f3rzy m\u0119\u017cczy\u017ani mog\u0105 skorzysta\u0107 z ni\u017cszej dawki (25 mg), podczas gdy inni mog\u0105 potrzebowa\u0107 do 100 mg. Przyjmuje si\u0119 doustnie i mo\u017cna stosowa\u0107 z jedzeniem lub bez, chocia\u017c posi\u0142ki bogate w t\u0142uszcz mog\u0105 nieznacznie op\u00f3\u017ani\u0107 pocz\u0105tek dzia\u0142ania.<\/p>\n<p>Viagra jest zazwyczaj dobrze tolerowana. Niekt\u00f3rzy u\u017cytkownicy mog\u0105 do\u015bwiadcza\u0107 dzia\u0142a\u0144 niepo\u017c\u0105danych, takich jak b\u00f3le g\u0142owy, zaczerwienienie twarzy, zatkanie nosa, niestrawno\u015b\u0107 lub tymczasowe zmiany w widzeniu (takie jak niebieski odcie\u0144). Te efekty s\u0105 zazwyczaj \u0142agodne i kr\u00f3tkotrwa\u0142e. Nie nale\u017cy jej stosowa\u0107 razem z nitratami ani lekami, kt\u00f3re znacznie obni\u017caj\u0105 ci\u015bnienie krwi.<\/p>\n","protected":false},"excerpt":{"rendered":"<ul>\n<li>Supports natural sexual response<\/li>\n<li>Improves erection function<\/li>\n<li>Globally recognized in managing ED<\/li>\n<\/ul>\n","protected":false},"featured_media":981,"comment_status":"open","ping_status":"closed","template":"","meta":[],"product_brand":[],"product_cat":[114],"product_tag":[],"expert":[16],"class_list":{"0":"post-979","1":"product","2":"type-product","3":"status-publish","4":"has-post-thumbnail","6":"product_cat-leczenie-zaburzen-erekcji","7":"expert-dr-c-alexandru","9":"first","10":"instock","11":"shipping-taxable","12":"purchasable","13":"product-type-variable"},"yoast_head":"<!-- This site is optimized with the Yoast SEO plugin v27.0 - https:\/\/yoast.com\/product\/yoast-seo-wordpress\/ -->\n<title>Viagra | Zwi\u0119ksz swoj\u0105 wydajno\u015b\u0107 i pewno\u015b\u0107 siebie - Transtoyou<\/title>\n<meta name=\"description\" content=\"Odkryj Viagra w Transtoyou, poprawiaj\u0105c funkcje erekcji w bezpieczny spos\u00f3b. Klinicznie udowodnione z cytrynianem sildenafilu. Zam\u00f3w ju\u017c teraz!\" \/>\n<meta name=\"robots\" content=\"noindex, follow, max-snippet:-1, max-image-preview:large, max-video-preview:-1\" \/>\n<meta property=\"og:locale\" content=\"pl_PL\" \/>\n<meta property=\"og:type\" content=\"article\" \/>\n<meta property=\"og:title\" content=\"Viagra | Zwi\u0119ksz swoj\u0105 wydajno\u015b\u0107 i pewno\u015b\u0107 siebie - Transtoyou\" \/>\n<meta property=\"og:description\" content=\"Odkryj Viagra w Transtoyou, poprawiaj\u0105c funkcje erekcji w bezpieczny spos\u00f3b. Klinicznie udowodnione z cytrynianem sildenafilu. Zam\u00f3w ju\u017c teraz!\" \/>\n<meta property=\"og:url\" content=\"https:\/\/www.transtoyou.com\/pl\/product\/viagra\/\" \/>\n<meta property=\"og:site_name\" content=\"Transtoyou - PL\" \/>\n<meta property=\"article:modified_time\" content=\"2026-03-18T14:15:37+00:00\" \/>\n<meta name=\"twitter:card\" content=\"summary_large_image\" \/>\n<meta name=\"twitter:label1\" content=\"Szacowany czas czytania\" \/>\n\t<meta name=\"twitter:data1\" content=\"1 minuta\" \/>\n<script type=\"application\/ld+json\" class=\"yoast-schema-graph\">{\"@context\":\"https:\/\/schema.org\",\"@graph\":[{\"@type\":\"WebPage\",\"@id\":\"https:\/\/www.transtoyou.com\/pl\/product\/viagra\/\",\"url\":\"https:\/\/www.transtoyou.com\/pl\/product\/viagra\/\",\"name\":\"Viagra | Zwi\u0119ksz swoj\u0105 wydajno\u015b\u0107 i pewno\u015b\u0107 siebie - Transtoyou\",\"isPartOf\":{\"@id\":\"https:\/\/www.transtoyou.com\/pl\/#website\"},\"primaryImageOfPage\":{\"@id\":\"https:\/\/www.transtoyou.com\/pl\/product\/viagra\/#primaryimage\"},\"image\":{\"@id\":\"https:\/\/www.transtoyou.com\/pl\/product\/viagra\/#primaryimage\"},\"thumbnailUrl\":\"https:\/\/www.transtoyou.com\/pl\/wp-content\/uploads\/sites\/11\/2026\/01\/tty-no-product-image-89.webp\",\"datePublished\":\"2026-01-24T06:54:40+00:00\",\"dateModified\":\"2026-03-18T14:15:37+00:00\",\"description\":\"Odkryj Viagra w Transtoyou, poprawiaj\u0105c funkcje erekcji w bezpieczny spos\u00f3b. Klinicznie udowodnione z cytrynianem sildenafilu. Zam\u00f3w ju\u017c teraz!\",\"breadcrumb\":{\"@id\":\"https:\/\/www.transtoyou.com\/pl\/product\/viagra\/#breadcrumb\"},\"inLanguage\":\"pl-PL\",\"potentialAction\":[{\"@type\":\"ReadAction\",\"target\":[\"https:\/\/www.transtoyou.com\/pl\/product\/viagra\/\"]}]},{\"@type\":\"ImageObject\",\"inLanguage\":\"pl-PL\",\"@id\":\"https:\/\/www.transtoyou.com\/pl\/product\/viagra\/#primaryimage\",\"url\":\"https:\/\/www.transtoyou.com\/pl\/wp-content\/uploads\/sites\/11\/2026\/01\/tty-no-product-image-89.webp\",\"contentUrl\":\"https:\/\/www.transtoyou.com\/pl\/wp-content\/uploads\/sites\/11\/2026\/01\/tty-no-product-image-89.webp\",\"width\":1000,\"height\":1000,\"caption\":\"Domy\u015blny obraz produktu\"},{\"@type\":\"WebSite\",\"@id\":\"https:\/\/www.transtoyou.com\/pl\/#website\",\"url\":\"https:\/\/www.transtoyou.com\/pl\/\",\"name\":\"Transtoyou - PL\",\"description\":\"\",\"publisher\":{\"@id\":\"https:\/\/www.transtoyou.com\/pl\/#organization\"},\"potentialAction\":[{\"@type\":\"SearchAction\",\"target\":{\"@type\":\"EntryPoint\",\"urlTemplate\":\"https:\/\/www.transtoyou.com\/pl\/?s={search_term_string}\"},\"query-input\":{\"@type\":\"PropertyValueSpecification\",\"valueRequired\":true,\"valueName\":\"search_term_string\"}}],\"inLanguage\":\"pl-PL\"},{\"@type\":\"Organization\",\"@id\":\"https:\/\/www.transtoyou.com\/pl\/#organization\",\"name\":\"Transtoyou - PL\",\"url\":\"https:\/\/www.transtoyou.com\/pl\/\",\"logo\":{\"@type\":\"ImageObject\",\"inLanguage\":\"pl-PL\",\"@id\":\"https:\/\/www.transtoyou.com\/pl\/#\/schema\/logo\/image\/\",\"url\":\"https:\/\/www.transtoyou.com\/pl\/wp-content\/uploads\/sites\/11\/2026\/01\/logo-tty-menu-bar-300x87-1.webp\",\"contentUrl\":\"https:\/\/www.transtoyou.com\/pl\/wp-content\/uploads\/sites\/11\/2026\/01\/logo-tty-menu-bar-300x87-1.webp\",\"width\":300,\"height\":87,\"caption\":\"Transtoyou - PL\"},\"image\":{\"@id\":\"https:\/\/www.transtoyou.com\/pl\/#\/schema\/logo\/image\/\"}}]}<\/script>\n<!-- \/ Yoast SEO plugin. -->","yoast_head_json":{"title":"Viagra | Zwi\u0119ksz swoj\u0105 wydajno\u015b\u0107 i pewno\u015b\u0107 siebie - Transtoyou","description":"Odkryj Viagra w Transtoyou, poprawiaj\u0105c funkcje erekcji w bezpieczny spos\u00f3b. Klinicznie udowodnione z cytrynianem sildenafilu. Zam\u00f3w ju\u017c teraz!","robots":{"index":"noindex","follow":"follow","max-snippet":"max-snippet:-1","max-image-preview":"max-image-preview:large","max-video-preview":"max-video-preview:-1"},"og_locale":"pl_PL","og_type":"article","og_title":"Viagra | Zwi\u0119ksz swoj\u0105 wydajno\u015b\u0107 i pewno\u015b\u0107 siebie - Transtoyou","og_description":"Odkryj Viagra w Transtoyou, poprawiaj\u0105c funkcje erekcji w bezpieczny spos\u00f3b. Klinicznie udowodnione z cytrynianem sildenafilu. Zam\u00f3w ju\u017c teraz!","og_url":"https:\/\/www.transtoyou.com\/pl\/product\/viagra\/","og_site_name":"Transtoyou - PL","article_modified_time":"2026-03-18T14:15:37+00:00","twitter_card":"summary_large_image","twitter_misc":{"Szacowany czas czytania":"1 minuta"},"schema":{"@context":"https:\/\/schema.org","@graph":[{"@type":"WebPage","@id":"https:\/\/www.transtoyou.com\/pl\/product\/viagra\/","url":"https:\/\/www.transtoyou.com\/pl\/product\/viagra\/","name":"Viagra | Zwi\u0119ksz swoj\u0105 wydajno\u015b\u0107 i pewno\u015b\u0107 siebie - Transtoyou","isPartOf":{"@id":"https:\/\/www.transtoyou.com\/pl\/#website"},"primaryImageOfPage":{"@id":"https:\/\/www.transtoyou.com\/pl\/product\/viagra\/#primaryimage"},"image":{"@id":"https:\/\/www.transtoyou.com\/pl\/product\/viagra\/#primaryimage"},"thumbnailUrl":"https:\/\/www.transtoyou.com\/pl\/wp-content\/uploads\/sites\/11\/2026\/01\/tty-no-product-image-89.webp","datePublished":"2026-01-24T06:54:40+00:00","dateModified":"2026-03-18T14:15:37+00:00","description":"Odkryj Viagra w Transtoyou, poprawiaj\u0105c funkcje erekcji w bezpieczny spos\u00f3b. Klinicznie udowodnione z cytrynianem sildenafilu. Zam\u00f3w ju\u017c teraz!","breadcrumb":{"@id":"https:\/\/www.transtoyou.com\/pl\/product\/viagra\/#breadcrumb"},"inLanguage":"pl-PL","potentialAction":[{"@type":"ReadAction","target":["https:\/\/www.transtoyou.com\/pl\/product\/viagra\/"]}]},{"@type":"ImageObject","inLanguage":"pl-PL","@id":"https:\/\/www.transtoyou.com\/pl\/product\/viagra\/#primaryimage","url":"https:\/\/www.transtoyou.com\/pl\/wp-content\/uploads\/sites\/11\/2026\/01\/tty-no-product-image-89.webp","contentUrl":"https:\/\/www.transtoyou.com\/pl\/wp-content\/uploads\/sites\/11\/2026\/01\/tty-no-product-image-89.webp","width":1000,"height":1000,"caption":"Domy\u015blny obraz produktu"},{"@type":"WebSite","@id":"https:\/\/www.transtoyou.com\/pl\/#website","url":"https:\/\/www.transtoyou.com\/pl\/","name":"Transtoyou - PL","description":"","publisher":{"@id":"https:\/\/www.transtoyou.com\/pl\/#organization"},"potentialAction":[{"@type":"SearchAction","target":{"@type":"EntryPoint","urlTemplate":"https:\/\/www.transtoyou.com\/pl\/?s={search_term_string}"},"query-input":{"@type":"PropertyValueSpecification","valueRequired":true,"valueName":"search_term_string"}}],"inLanguage":"pl-PL"},{"@type":"Organization","@id":"https:\/\/www.transtoyou.com\/pl\/#organization","name":"Transtoyou - PL","url":"https:\/\/www.transtoyou.com\/pl\/","logo":{"@type":"ImageObject","inLanguage":"pl-PL","@id":"https:\/\/www.transtoyou.com\/pl\/#\/schema\/logo\/image\/","url":"https:\/\/www.transtoyou.com\/pl\/wp-content\/uploads\/sites\/11\/2026\/01\/logo-tty-menu-bar-300x87-1.webp","contentUrl":"https:\/\/www.transtoyou.com\/pl\/wp-content\/uploads\/sites\/11\/2026\/01\/logo-tty-menu-bar-300x87-1.webp","width":300,"height":87,"caption":"Transtoyou - PL"},"image":{"@id":"https:\/\/www.transtoyou.com\/pl\/#\/schema\/logo\/image\/"}}]}},"_links":{"self":[{"href":"https:\/\/www.transtoyou.com\/pl\/wp-json\/wp\/v2\/product\/979","targetHints":{"allow":["GET"]}}],"collection":[{"href":"https:\/\/www.transtoyou.com\/pl\/wp-json\/wp\/v2\/product"}],"about":[{"href":"https:\/\/www.transtoyou.com\/pl\/wp-json\/wp\/v2\/types\/product"}],"replies":[{"embeddable":true,"href":"https:\/\/www.transtoyou.com\/pl\/wp-json\/wp\/v2\/comments?post=979"}],"wp:featuredmedia":[{"embeddable":true,"href":"https:\/\/www.transtoyou.com\/pl\/wp-json\/wp\/v2\/media\/981"}],"wp:attachment":[{"href":"https:\/\/www.transtoyou.com\/pl\/wp-json\/wp\/v2\/media?parent=979"}],"wp:term":[{"taxonomy":"product_brand","embeddable":true,"href":"https:\/\/www.transtoyou.com\/pl\/wp-json\/wp\/v2\/product_brand?post=979"},{"taxonomy":"product_cat","embeddable":true,"href":"https:\/\/www.transtoyou.com\/pl\/wp-json\/wp\/v2\/product_cat?post=979"},{"taxonomy":"product_tag","embeddable":true,"href":"https:\/\/www.transtoyou.com\/pl\/wp-json\/wp\/v2\/product_tag?post=979"},{"taxonomy":"expert","embeddable":true,"href":"https:\/\/www.transtoyou.com\/pl\/wp-json\/wp\/v2\/expert?post=979"}],"curies":[{"name":"wp","href":"https:\/\/api.w.org\/{rel}","templated":true}]}}