{"id":982,"date":"2026-01-24T09:10:45","date_gmt":"2026-01-24T07:10:45","guid":{"rendered":"https:\/\/www.transtoyou.com\/pl\/product\/tadalafil\/"},"modified":"2026-03-05T17:33:06","modified_gmt":"2026-03-05T15:33:06","slug":"tadalafil","status":"publish","type":"product","link":"https:\/\/www.transtoyou.com\/pl\/product\/tadalafil\/","title":{"rendered":"Tadalafil"},"content":{"rendered":"<p>Tadalafil to lek stosowany w leczeniu zaburze\u0144 erekcji, kt\u00f3ry wspiera m\u0119\u017cczyzn w osi\u0105ganiu i utrzymywaniu erekcji wystarczaj\u0105cej do aktywno\u015bci seksualnej. Nale\u017cy do klasy lek\u00f3w zwanych inhibitorami PDE5, kt\u00f3re poprawiaj\u0105 przep\u0142yw krwi do penisa poprzez rozlu\u017anienie mi\u0119\u015bni g\u0142adkich w \u015bcianach naczy\u0144 krwiono\u015bnych.<\/p>\n<p>Czym Tadalafil r\u00f3\u017cni si\u0119 od innych metod leczenia ED, to jego d\u0142ugi czas dzia\u0142ania. Po za\u017cyciu pojedynczej dawki, efekty mog\u0105 utrzymywa\u0107 si\u0119 do 36 godzin, co oferuje bardziej elastyczne i naturalne do\u015bwiadczenie w sferze intymnej. Ten wyd\u0142u\u017cony czas dzia\u0142ania zyska\u0142 Tadalafilowi reputacj\u0119 \u201etabletki weekendowej\u201d, pozwalaj\u0105c m\u0119\u017cczyznom i ich partnerom na anga\u017cowanie si\u0119 w aktywno\u015b\u0107 seksualn\u0105 bez presji precyzyjnego timing.<\/p>\n<p>Tadalafil mo\u017cna przyjmowa\u0107 na dwa sposoby.<\/p>\n<ol>\n<li>Pierwszy spos\u00f3b to na \u017c\u0105danie, zazwyczaj w dawce 10 mg lub 20 mg, przyjmowanej oko\u0142o 30 minut przed planowan\u0105 aktywno\u015bci\u0105 seksualn\u0105.<\/li>\n<li>Drugi spos\u00f3b to raz dziennie, w znacznie ni\u017cszej dawce (2,5 mg lub 5 mg), co utrzymuje sta\u0142y poziom leku w organizmie. To codzienne podej\u015bcie jest idealne dla m\u0119\u017cczyzn, kt\u00f3rzy wol\u0105 by\u0107 gotowi w ka\u017cdej chwili, bez potrzeby planowania z wyprzedzeniem.<\/li>\n<\/ol>\n<p>Lek przyjmuje si\u0119 doustnie i mo\u017ce by\u0107 stosowany z jedzeniem lub bez. Czas dzia\u0142ania zazwyczaj wynosi od 30 do 60 minut. Wi\u0119kszo\u015b\u0107 u\u017cytkownik\u00f3w dobrze go toleruje, chocia\u017c niekt\u00f3rzy mog\u0105 do\u015bwiadcza\u0107 \u0142agodnych skutk\u00f3w ubocznych, takich jak b\u00f3l g\u0142owy, b\u00f3l mi\u0119\u015bni, niestrawno\u015b\u0107 lub przekrwienie nosa. Tadalafil nie powinien by\u0107 przyjmowany z nitratami ani niekt\u00f3rymi lekami na ci\u015bnienie krwi z powodu ryzyka powa\u017cnych spadk\u00f3w ci\u015bnienia krwi.<\/p>\n","protected":false},"excerpt":{"rendered":"<ul>\n<li>Trwa\u0142e leczenie ED: do 36 godzin skuteczno\u015bci<\/li>\n<li>Wspiera r\u00f3wnie\u017c objawy uk\u0142adu moczowego zwi\u0105zane z BPH<\/li>\n<li>Opcja codziennego lub dora\u017anego dawkowania<\/li>\n<\/ul>\n","protected":false},"featured_media":984,"comment_status":"open","ping_status":"closed","template":"","meta":[],"product_brand":[],"product_cat":[114],"product_tag":[],"expert":[16],"class_list":{"0":"post-982","1":"product","2":"type-product","3":"status-publish","4":"has-post-thumbnail","6":"product_cat-leczenie-zaburzen-erekcji","7":"expert-dr-c-alexandru","9":"first","10":"instock","11":"shipping-taxable","12":"product-type-variable"},"yoast_head":"<!-- This site is optimized with the Yoast SEO plugin v27.0 - https:\/\/yoast.com\/product\/yoast-seo-wordpress\/ -->\n<title>Tadalafil | D\u0142ugotrwa\u0142e rozwi\u0105zanie na ED - Transtoyou<\/title>\n<meta name=\"description\" content=\"Tadalafil, d\u0142ugotrwa\u0142e leczenie ED, poprawia przep\u0142yw krwi do 36 godzin. Odkryj now\u0105 jako\u015b\u0107 intymno\u015bci. Dowiedz si\u0119 wi\u0119cej ju\u017c dzi\u015b.\" \/>\n<meta name=\"robots\" content=\"noindex, follow, max-snippet:-1, max-image-preview:large, max-video-preview:-1\" \/>\n<meta property=\"og:locale\" content=\"pl_PL\" \/>\n<meta property=\"og:type\" content=\"article\" \/>\n<meta property=\"og:title\" content=\"Tadalafil | D\u0142ugotrwa\u0142e rozwi\u0105zanie na ED - Transtoyou\" \/>\n<meta property=\"og:description\" content=\"Tadalafil, d\u0142ugotrwa\u0142e leczenie ED, poprawia przep\u0142yw krwi do 36 godzin. Odkryj now\u0105 jako\u015b\u0107 intymno\u015bci. Dowiedz si\u0119 wi\u0119cej ju\u017c dzi\u015b.\" \/>\n<meta property=\"og:url\" content=\"https:\/\/www.transtoyou.com\/pl\/product\/tadalafil\/\" \/>\n<meta property=\"og:site_name\" content=\"Transtoyou - PL\" \/>\n<meta property=\"article:modified_time\" content=\"2026-03-05T15:33:06+00:00\" \/>\n<meta name=\"twitter:card\" content=\"summary_large_image\" \/>\n<meta name=\"twitter:label1\" content=\"Szacowany czas czytania\" \/>\n\t<meta name=\"twitter:data1\" content=\"1 minuta\" \/>\n<script type=\"application\/ld+json\" class=\"yoast-schema-graph\">{\"@context\":\"https:\/\/schema.org\",\"@graph\":[{\"@type\":\"WebPage\",\"@id\":\"https:\/\/www.transtoyou.com\/pl\/product\/tadalafil\/\",\"url\":\"https:\/\/www.transtoyou.com\/pl\/product\/tadalafil\/\",\"name\":\"Tadalafil | D\u0142ugotrwa\u0142e rozwi\u0105zanie na ED - Transtoyou\",\"isPartOf\":{\"@id\":\"https:\/\/www.transtoyou.com\/pl\/#website\"},\"primaryImageOfPage\":{\"@id\":\"https:\/\/www.transtoyou.com\/pl\/product\/tadalafil\/#primaryimage\"},\"image\":{\"@id\":\"https:\/\/www.transtoyou.com\/pl\/product\/tadalafil\/#primaryimage\"},\"thumbnailUrl\":\"https:\/\/www.transtoyou.com\/pl\/wp-content\/uploads\/sites\/11\/2026\/01\/tty-no-product-image-90.webp\",\"datePublished\":\"2026-01-24T07:10:45+00:00\",\"dateModified\":\"2026-03-05T15:33:06+00:00\",\"description\":\"Tadalafil, d\u0142ugotrwa\u0142e leczenie ED, poprawia przep\u0142yw krwi do 36 godzin. Odkryj now\u0105 jako\u015b\u0107 intymno\u015bci. Dowiedz si\u0119 wi\u0119cej ju\u017c dzi\u015b.\",\"breadcrumb\":{\"@id\":\"https:\/\/www.transtoyou.com\/pl\/product\/tadalafil\/#breadcrumb\"},\"inLanguage\":\"pl-PL\",\"potentialAction\":[{\"@type\":\"ReadAction\",\"target\":[\"https:\/\/www.transtoyou.com\/pl\/product\/tadalafil\/\"]}]},{\"@type\":\"ImageObject\",\"inLanguage\":\"pl-PL\",\"@id\":\"https:\/\/www.transtoyou.com\/pl\/product\/tadalafil\/#primaryimage\",\"url\":\"https:\/\/www.transtoyou.com\/pl\/wp-content\/uploads\/sites\/11\/2026\/01\/tty-no-product-image-90.webp\",\"contentUrl\":\"https:\/\/www.transtoyou.com\/pl\/wp-content\/uploads\/sites\/11\/2026\/01\/tty-no-product-image-90.webp\",\"width\":1000,\"height\":1000,\"caption\":\"Domy\u015blny obraz produktu\"},{\"@type\":\"WebSite\",\"@id\":\"https:\/\/www.transtoyou.com\/pl\/#website\",\"url\":\"https:\/\/www.transtoyou.com\/pl\/\",\"name\":\"Transtoyou - PL\",\"description\":\"\",\"publisher\":{\"@id\":\"https:\/\/www.transtoyou.com\/pl\/#organization\"},\"potentialAction\":[{\"@type\":\"SearchAction\",\"target\":{\"@type\":\"EntryPoint\",\"urlTemplate\":\"https:\/\/www.transtoyou.com\/pl\/?s={search_term_string}\"},\"query-input\":{\"@type\":\"PropertyValueSpecification\",\"valueRequired\":true,\"valueName\":\"search_term_string\"}}],\"inLanguage\":\"pl-PL\"},{\"@type\":\"Organization\",\"@id\":\"https:\/\/www.transtoyou.com\/pl\/#organization\",\"name\":\"Transtoyou - PL\",\"url\":\"https:\/\/www.transtoyou.com\/pl\/\",\"logo\":{\"@type\":\"ImageObject\",\"inLanguage\":\"pl-PL\",\"@id\":\"https:\/\/www.transtoyou.com\/pl\/#\/schema\/logo\/image\/\",\"url\":\"https:\/\/www.transtoyou.com\/pl\/wp-content\/uploads\/sites\/11\/2026\/01\/logo-tty-menu-bar-300x87-1.webp\",\"contentUrl\":\"https:\/\/www.transtoyou.com\/pl\/wp-content\/uploads\/sites\/11\/2026\/01\/logo-tty-menu-bar-300x87-1.webp\",\"width\":300,\"height\":87,\"caption\":\"Transtoyou - PL\"},\"image\":{\"@id\":\"https:\/\/www.transtoyou.com\/pl\/#\/schema\/logo\/image\/\"}}]}<\/script>\n<!-- \/ Yoast SEO plugin. -->","yoast_head_json":{"title":"Tadalafil | D\u0142ugotrwa\u0142e rozwi\u0105zanie na ED - Transtoyou","description":"Tadalafil, d\u0142ugotrwa\u0142e leczenie ED, poprawia przep\u0142yw krwi do 36 godzin. Odkryj now\u0105 jako\u015b\u0107 intymno\u015bci. Dowiedz si\u0119 wi\u0119cej ju\u017c dzi\u015b.","robots":{"index":"noindex","follow":"follow","max-snippet":"max-snippet:-1","max-image-preview":"max-image-preview:large","max-video-preview":"max-video-preview:-1"},"og_locale":"pl_PL","og_type":"article","og_title":"Tadalafil | D\u0142ugotrwa\u0142e rozwi\u0105zanie na ED - Transtoyou","og_description":"Tadalafil, d\u0142ugotrwa\u0142e leczenie ED, poprawia przep\u0142yw krwi do 36 godzin. Odkryj now\u0105 jako\u015b\u0107 intymno\u015bci. Dowiedz si\u0119 wi\u0119cej ju\u017c dzi\u015b.","og_url":"https:\/\/www.transtoyou.com\/pl\/product\/tadalafil\/","og_site_name":"Transtoyou - PL","article_modified_time":"2026-03-05T15:33:06+00:00","twitter_card":"summary_large_image","twitter_misc":{"Szacowany czas czytania":"1 minuta"},"schema":{"@context":"https:\/\/schema.org","@graph":[{"@type":"WebPage","@id":"https:\/\/www.transtoyou.com\/pl\/product\/tadalafil\/","url":"https:\/\/www.transtoyou.com\/pl\/product\/tadalafil\/","name":"Tadalafil | D\u0142ugotrwa\u0142e rozwi\u0105zanie na ED - Transtoyou","isPartOf":{"@id":"https:\/\/www.transtoyou.com\/pl\/#website"},"primaryImageOfPage":{"@id":"https:\/\/www.transtoyou.com\/pl\/product\/tadalafil\/#primaryimage"},"image":{"@id":"https:\/\/www.transtoyou.com\/pl\/product\/tadalafil\/#primaryimage"},"thumbnailUrl":"https:\/\/www.transtoyou.com\/pl\/wp-content\/uploads\/sites\/11\/2026\/01\/tty-no-product-image-90.webp","datePublished":"2026-01-24T07:10:45+00:00","dateModified":"2026-03-05T15:33:06+00:00","description":"Tadalafil, d\u0142ugotrwa\u0142e leczenie ED, poprawia przep\u0142yw krwi do 36 godzin. Odkryj now\u0105 jako\u015b\u0107 intymno\u015bci. Dowiedz si\u0119 wi\u0119cej ju\u017c dzi\u015b.","breadcrumb":{"@id":"https:\/\/www.transtoyou.com\/pl\/product\/tadalafil\/#breadcrumb"},"inLanguage":"pl-PL","potentialAction":[{"@type":"ReadAction","target":["https:\/\/www.transtoyou.com\/pl\/product\/tadalafil\/"]}]},{"@type":"ImageObject","inLanguage":"pl-PL","@id":"https:\/\/www.transtoyou.com\/pl\/product\/tadalafil\/#primaryimage","url":"https:\/\/www.transtoyou.com\/pl\/wp-content\/uploads\/sites\/11\/2026\/01\/tty-no-product-image-90.webp","contentUrl":"https:\/\/www.transtoyou.com\/pl\/wp-content\/uploads\/sites\/11\/2026\/01\/tty-no-product-image-90.webp","width":1000,"height":1000,"caption":"Domy\u015blny obraz produktu"},{"@type":"WebSite","@id":"https:\/\/www.transtoyou.com\/pl\/#website","url":"https:\/\/www.transtoyou.com\/pl\/","name":"Transtoyou - PL","description":"","publisher":{"@id":"https:\/\/www.transtoyou.com\/pl\/#organization"},"potentialAction":[{"@type":"SearchAction","target":{"@type":"EntryPoint","urlTemplate":"https:\/\/www.transtoyou.com\/pl\/?s={search_term_string}"},"query-input":{"@type":"PropertyValueSpecification","valueRequired":true,"valueName":"search_term_string"}}],"inLanguage":"pl-PL"},{"@type":"Organization","@id":"https:\/\/www.transtoyou.com\/pl\/#organization","name":"Transtoyou - PL","url":"https:\/\/www.transtoyou.com\/pl\/","logo":{"@type":"ImageObject","inLanguage":"pl-PL","@id":"https:\/\/www.transtoyou.com\/pl\/#\/schema\/logo\/image\/","url":"https:\/\/www.transtoyou.com\/pl\/wp-content\/uploads\/sites\/11\/2026\/01\/logo-tty-menu-bar-300x87-1.webp","contentUrl":"https:\/\/www.transtoyou.com\/pl\/wp-content\/uploads\/sites\/11\/2026\/01\/logo-tty-menu-bar-300x87-1.webp","width":300,"height":87,"caption":"Transtoyou - PL"},"image":{"@id":"https:\/\/www.transtoyou.com\/pl\/#\/schema\/logo\/image\/"}}]}},"_links":{"self":[{"href":"https:\/\/www.transtoyou.com\/pl\/wp-json\/wp\/v2\/product\/982","targetHints":{"allow":["GET"]}}],"collection":[{"href":"https:\/\/www.transtoyou.com\/pl\/wp-json\/wp\/v2\/product"}],"about":[{"href":"https:\/\/www.transtoyou.com\/pl\/wp-json\/wp\/v2\/types\/product"}],"replies":[{"embeddable":true,"href":"https:\/\/www.transtoyou.com\/pl\/wp-json\/wp\/v2\/comments?post=982"}],"wp:featuredmedia":[{"embeddable":true,"href":"https:\/\/www.transtoyou.com\/pl\/wp-json\/wp\/v2\/media\/984"}],"wp:attachment":[{"href":"https:\/\/www.transtoyou.com\/pl\/wp-json\/wp\/v2\/media?parent=982"}],"wp:term":[{"taxonomy":"product_brand","embeddable":true,"href":"https:\/\/www.transtoyou.com\/pl\/wp-json\/wp\/v2\/product_brand?post=982"},{"taxonomy":"product_cat","embeddable":true,"href":"https:\/\/www.transtoyou.com\/pl\/wp-json\/wp\/v2\/product_cat?post=982"},{"taxonomy":"product_tag","embeddable":true,"href":"https:\/\/www.transtoyou.com\/pl\/wp-json\/wp\/v2\/product_tag?post=982"},{"taxonomy":"expert","embeddable":true,"href":"https:\/\/www.transtoyou.com\/pl\/wp-json\/wp\/v2\/expert?post=982"}],"curies":[{"name":"wp","href":"https:\/\/api.w.org\/{rel}","templated":true}]}}