{"id":985,"date":"2026-01-24T09:26:24","date_gmt":"2026-01-24T07:26:24","guid":{"rendered":"https:\/\/www.transtoyou.com\/pl\/product\/vardenafil\/"},"modified":"2026-03-07T14:59:58","modified_gmt":"2026-03-07T12:59:58","slug":"vardenafil","status":"publish","type":"product","link":"https:\/\/www.transtoyou.com\/pl\/product\/vardenafil\/","title":{"rendered":"Wardenafil"},"content":{"rendered":"<p>Wardenafil to lek stosowany w leczeniu zaburze\u0144 erekcji, pomagaj\u0105cy m\u0119\u017cczyznom odzyska\u0107 pewno\u015b\u0107 siebie i aktywno\u015b\u0107 seksualn\u0105. Nale\u017cy do klasy lek\u00f3w znanych jako inhibitory PDE5, kt\u00f3re dzia\u0142aj\u0105 poprzez zwi\u0119kszenie przep\u0142ywu krwi do penisa podczas stymulacji seksualnej. To prowadzi do silniejszej i bardziej niezawodnej erekcji, co u\u0142atwia nawi\u0105zywanie i utrzymywanie intymno\u015bci.<\/p>\n<p>Wardenafil dzia\u0142a poprzez rozlu\u017anienie mi\u0119\u015bni g\u0142adkich w naczyniach krwiono\u015bnych penisa. Gdy m\u0119\u017cczyzna jest seksualnie podniecony, to rozlu\u017anienie pozwala na wi\u0119kszy nap\u0142yw krwi do tkanki erekcyjnej, co prowadzi do naturalnie odczuwanej erekcji. Lek nie wywo\u0142uje erekcji samodzielnie, dlatego nadal potrzebna jest stymulacja seksualna, aby zadzia\u0142a\u0142.<\/p>\n<p>Ten lek zazwyczaj przyjmuje si\u0119 w postaci tabletki, oko\u0142o 25 do 60 minut przed aktywno\u015bci\u0105 seksualn\u0105. Jego dzia\u0142anie mo\u017ce trwa\u0107 oko\u0142o czterech do pi\u0119ciu godzin, oferuj\u0105c komfortowy czas na spontaniczn\u0105 intymno\u015b\u0107. W niekt\u00f3rych przypadkach m\u0119\u017cczy\u017ani mog\u0105 zauwa\u017cy\u0107, \u017ce zaczyna dzia\u0142a\u0107 ju\u017c po 15 minutach, chocia\u017c to r\u00f3\u017cni si\u0119 w zale\u017cno\u015bci od osoby. Wardenafil cz\u0119sto przepisywany jest w dawce pocz\u0105tkowej 10 mg, kt\u00f3ra mo\u017ce by\u0107 dostosowywana w zale\u017cno\u015bci od reakcji i tolerancji.<\/p>\n<p>Wardenafil mo\u017cna przyjmowa\u0107 z jedzeniem lub bez, chocia\u017c ci\u0119\u017cki lub bogaty w t\u0142uszcze posi\u0142ek mo\u017ce nieco op\u00f3\u017ani\u0107 jego dzia\u0142anie. Do powszechnych dzia\u0142a\u0144 niepo\u017c\u0105danych nale\u017c\u0105 \u0142agodne b\u00f3le g\u0142owy, zaczerwienienie, zatory nosowe lub niestrawno\u015b\u0107. Te efekty maj\u0105 tendencj\u0119 do bycia tymczasowymi i ust\u0119puj\u0105 w miar\u0119 ust\u0119powania dzia\u0142ania leku. Nie nale\u017cy go stosowa\u0107 z lekami zawieraj\u0105cymi azotany ani innymi substancjami obni\u017caj\u0105cymi ci\u015bnienie krwi.<\/p>\n","protected":false},"excerpt":{"rendered":"<ul>\n<li>Szybko dzia\u0142aj\u0105ce rozwi\u0105zanie na zaburzenia erekcji<\/li>\n<li>Poprawia przep\u0142yw krwi dla naturalnej reakcji erekcyjnej<\/li>\n<li>Pomaga przywr\u00f3ci\u0107 pewno\u015b\u0107 siebie i intymno\u015b\u0107<\/li>\n<\/ul>\n","protected":false},"featured_media":987,"comment_status":"open","ping_status":"closed","template":"","meta":[],"product_brand":[],"product_cat":[114],"product_tag":[],"expert":[16],"class_list":{"0":"post-985","1":"product","2":"type-product","3":"status-publish","4":"has-post-thumbnail","6":"product_cat-leczenie-zaburzen-erekcji","7":"expert-dr-c-alexandru","9":"first","10":"instock","11":"shipping-taxable","12":"product-type-variable"},"yoast_head":"<!-- This site is optimized with the Yoast SEO plugin v27.0 - https:\/\/yoast.com\/product\/yoast-seo-wordpress\/ -->\n<title>Wardenafil | Zwi\u0119ksza Wydajno\u015b\u0107 i Pewno\u015b\u0107 Siebie - Transtoyou<\/title>\n<meta name=\"description\" content=\"Vardenafil dost\u0119pny w Transtoyou zwi\u0119ksza intymno\u015b\u0107, poprawiaj\u0105c przep\u0142yw krwi dla silniejszej erekcji. Zam\u00f3w teraz, aby uzyska\u0107 skuteczn\u0105 pomoc.\" \/>\n<meta name=\"robots\" content=\"noindex, follow, max-snippet:-1, max-image-preview:large, max-video-preview:-1\" \/>\n<meta property=\"og:locale\" content=\"pl_PL\" \/>\n<meta property=\"og:type\" content=\"article\" \/>\n<meta property=\"og:title\" content=\"Wardenafil | Zwi\u0119ksza Wydajno\u015b\u0107 i Pewno\u015b\u0107 Siebie - Transtoyou\" \/>\n<meta property=\"og:description\" content=\"Vardenafil dost\u0119pny w Transtoyou zwi\u0119ksza intymno\u015b\u0107, poprawiaj\u0105c przep\u0142yw krwi dla silniejszej erekcji. Zam\u00f3w teraz, aby uzyska\u0107 skuteczn\u0105 pomoc.\" \/>\n<meta property=\"og:url\" content=\"https:\/\/www.transtoyou.com\/pl\/product\/vardenafil\/\" \/>\n<meta property=\"og:site_name\" content=\"Transtoyou - PL\" \/>\n<meta property=\"article:modified_time\" content=\"2026-03-07T12:59:58+00:00\" \/>\n<meta name=\"twitter:card\" content=\"summary_large_image\" \/>\n<meta name=\"twitter:label1\" content=\"Szacowany czas czytania\" \/>\n\t<meta name=\"twitter:data1\" content=\"1 minuta\" \/>\n<script type=\"application\/ld+json\" class=\"yoast-schema-graph\">{\"@context\":\"https:\/\/schema.org\",\"@graph\":[{\"@type\":\"WebPage\",\"@id\":\"https:\/\/www.transtoyou.com\/pl\/product\/vardenafil\/\",\"url\":\"https:\/\/www.transtoyou.com\/pl\/product\/vardenafil\/\",\"name\":\"Wardenafil | Zwi\u0119ksza Wydajno\u015b\u0107 i Pewno\u015b\u0107 Siebie - Transtoyou\",\"isPartOf\":{\"@id\":\"https:\/\/www.transtoyou.com\/pl\/#website\"},\"primaryImageOfPage\":{\"@id\":\"https:\/\/www.transtoyou.com\/pl\/product\/vardenafil\/#primaryimage\"},\"image\":{\"@id\":\"https:\/\/www.transtoyou.com\/pl\/product\/vardenafil\/#primaryimage\"},\"thumbnailUrl\":\"https:\/\/www.transtoyou.com\/pl\/wp-content\/uploads\/sites\/11\/2026\/01\/tty-no-product-image-91.webp\",\"datePublished\":\"2026-01-24T07:26:24+00:00\",\"dateModified\":\"2026-03-07T12:59:58+00:00\",\"description\":\"Vardenafil dost\u0119pny w Transtoyou zwi\u0119ksza intymno\u015b\u0107, poprawiaj\u0105c przep\u0142yw krwi dla silniejszej erekcji. Zam\u00f3w teraz, aby uzyska\u0107 skuteczn\u0105 pomoc.\",\"breadcrumb\":{\"@id\":\"https:\/\/www.transtoyou.com\/pl\/product\/vardenafil\/#breadcrumb\"},\"inLanguage\":\"pl-PL\",\"potentialAction\":[{\"@type\":\"ReadAction\",\"target\":[\"https:\/\/www.transtoyou.com\/pl\/product\/vardenafil\/\"]}]},{\"@type\":\"ImageObject\",\"inLanguage\":\"pl-PL\",\"@id\":\"https:\/\/www.transtoyou.com\/pl\/product\/vardenafil\/#primaryimage\",\"url\":\"https:\/\/www.transtoyou.com\/pl\/wp-content\/uploads\/sites\/11\/2026\/01\/tty-no-product-image-91.webp\",\"contentUrl\":\"https:\/\/www.transtoyou.com\/pl\/wp-content\/uploads\/sites\/11\/2026\/01\/tty-no-product-image-91.webp\",\"width\":1000,\"height\":1000,\"caption\":\"Domy\u015blny obraz produktu\"},{\"@type\":\"WebSite\",\"@id\":\"https:\/\/www.transtoyou.com\/pl\/#website\",\"url\":\"https:\/\/www.transtoyou.com\/pl\/\",\"name\":\"Transtoyou - PL\",\"description\":\"\",\"publisher\":{\"@id\":\"https:\/\/www.transtoyou.com\/pl\/#organization\"},\"potentialAction\":[{\"@type\":\"SearchAction\",\"target\":{\"@type\":\"EntryPoint\",\"urlTemplate\":\"https:\/\/www.transtoyou.com\/pl\/?s={search_term_string}\"},\"query-input\":{\"@type\":\"PropertyValueSpecification\",\"valueRequired\":true,\"valueName\":\"search_term_string\"}}],\"inLanguage\":\"pl-PL\"},{\"@type\":\"Organization\",\"@id\":\"https:\/\/www.transtoyou.com\/pl\/#organization\",\"name\":\"Transtoyou - PL\",\"url\":\"https:\/\/www.transtoyou.com\/pl\/\",\"logo\":{\"@type\":\"ImageObject\",\"inLanguage\":\"pl-PL\",\"@id\":\"https:\/\/www.transtoyou.com\/pl\/#\/schema\/logo\/image\/\",\"url\":\"https:\/\/www.transtoyou.com\/pl\/wp-content\/uploads\/sites\/11\/2026\/01\/logo-tty-menu-bar-300x87-1.webp\",\"contentUrl\":\"https:\/\/www.transtoyou.com\/pl\/wp-content\/uploads\/sites\/11\/2026\/01\/logo-tty-menu-bar-300x87-1.webp\",\"width\":300,\"height\":87,\"caption\":\"Transtoyou - PL\"},\"image\":{\"@id\":\"https:\/\/www.transtoyou.com\/pl\/#\/schema\/logo\/image\/\"}}]}<\/script>\n<!-- \/ Yoast SEO plugin. -->","yoast_head_json":{"title":"Wardenafil | Zwi\u0119ksza Wydajno\u015b\u0107 i Pewno\u015b\u0107 Siebie - Transtoyou","description":"Vardenafil dost\u0119pny w Transtoyou zwi\u0119ksza intymno\u015b\u0107, poprawiaj\u0105c przep\u0142yw krwi dla silniejszej erekcji. Zam\u00f3w teraz, aby uzyska\u0107 skuteczn\u0105 pomoc.","robots":{"index":"noindex","follow":"follow","max-snippet":"max-snippet:-1","max-image-preview":"max-image-preview:large","max-video-preview":"max-video-preview:-1"},"og_locale":"pl_PL","og_type":"article","og_title":"Wardenafil | Zwi\u0119ksza Wydajno\u015b\u0107 i Pewno\u015b\u0107 Siebie - Transtoyou","og_description":"Vardenafil dost\u0119pny w Transtoyou zwi\u0119ksza intymno\u015b\u0107, poprawiaj\u0105c przep\u0142yw krwi dla silniejszej erekcji. Zam\u00f3w teraz, aby uzyska\u0107 skuteczn\u0105 pomoc.","og_url":"https:\/\/www.transtoyou.com\/pl\/product\/vardenafil\/","og_site_name":"Transtoyou - PL","article_modified_time":"2026-03-07T12:59:58+00:00","twitter_card":"summary_large_image","twitter_misc":{"Szacowany czas czytania":"1 minuta"},"schema":{"@context":"https:\/\/schema.org","@graph":[{"@type":"WebPage","@id":"https:\/\/www.transtoyou.com\/pl\/product\/vardenafil\/","url":"https:\/\/www.transtoyou.com\/pl\/product\/vardenafil\/","name":"Wardenafil | Zwi\u0119ksza Wydajno\u015b\u0107 i Pewno\u015b\u0107 Siebie - Transtoyou","isPartOf":{"@id":"https:\/\/www.transtoyou.com\/pl\/#website"},"primaryImageOfPage":{"@id":"https:\/\/www.transtoyou.com\/pl\/product\/vardenafil\/#primaryimage"},"image":{"@id":"https:\/\/www.transtoyou.com\/pl\/product\/vardenafil\/#primaryimage"},"thumbnailUrl":"https:\/\/www.transtoyou.com\/pl\/wp-content\/uploads\/sites\/11\/2026\/01\/tty-no-product-image-91.webp","datePublished":"2026-01-24T07:26:24+00:00","dateModified":"2026-03-07T12:59:58+00:00","description":"Vardenafil dost\u0119pny w Transtoyou zwi\u0119ksza intymno\u015b\u0107, poprawiaj\u0105c przep\u0142yw krwi dla silniejszej erekcji. Zam\u00f3w teraz, aby uzyska\u0107 skuteczn\u0105 pomoc.","breadcrumb":{"@id":"https:\/\/www.transtoyou.com\/pl\/product\/vardenafil\/#breadcrumb"},"inLanguage":"pl-PL","potentialAction":[{"@type":"ReadAction","target":["https:\/\/www.transtoyou.com\/pl\/product\/vardenafil\/"]}]},{"@type":"ImageObject","inLanguage":"pl-PL","@id":"https:\/\/www.transtoyou.com\/pl\/product\/vardenafil\/#primaryimage","url":"https:\/\/www.transtoyou.com\/pl\/wp-content\/uploads\/sites\/11\/2026\/01\/tty-no-product-image-91.webp","contentUrl":"https:\/\/www.transtoyou.com\/pl\/wp-content\/uploads\/sites\/11\/2026\/01\/tty-no-product-image-91.webp","width":1000,"height":1000,"caption":"Domy\u015blny obraz produktu"},{"@type":"WebSite","@id":"https:\/\/www.transtoyou.com\/pl\/#website","url":"https:\/\/www.transtoyou.com\/pl\/","name":"Transtoyou - PL","description":"","publisher":{"@id":"https:\/\/www.transtoyou.com\/pl\/#organization"},"potentialAction":[{"@type":"SearchAction","target":{"@type":"EntryPoint","urlTemplate":"https:\/\/www.transtoyou.com\/pl\/?s={search_term_string}"},"query-input":{"@type":"PropertyValueSpecification","valueRequired":true,"valueName":"search_term_string"}}],"inLanguage":"pl-PL"},{"@type":"Organization","@id":"https:\/\/www.transtoyou.com\/pl\/#organization","name":"Transtoyou - PL","url":"https:\/\/www.transtoyou.com\/pl\/","logo":{"@type":"ImageObject","inLanguage":"pl-PL","@id":"https:\/\/www.transtoyou.com\/pl\/#\/schema\/logo\/image\/","url":"https:\/\/www.transtoyou.com\/pl\/wp-content\/uploads\/sites\/11\/2026\/01\/logo-tty-menu-bar-300x87-1.webp","contentUrl":"https:\/\/www.transtoyou.com\/pl\/wp-content\/uploads\/sites\/11\/2026\/01\/logo-tty-menu-bar-300x87-1.webp","width":300,"height":87,"caption":"Transtoyou - PL"},"image":{"@id":"https:\/\/www.transtoyou.com\/pl\/#\/schema\/logo\/image\/"}}]}},"_links":{"self":[{"href":"https:\/\/www.transtoyou.com\/pl\/wp-json\/wp\/v2\/product\/985","targetHints":{"allow":["GET"]}}],"collection":[{"href":"https:\/\/www.transtoyou.com\/pl\/wp-json\/wp\/v2\/product"}],"about":[{"href":"https:\/\/www.transtoyou.com\/pl\/wp-json\/wp\/v2\/types\/product"}],"replies":[{"embeddable":true,"href":"https:\/\/www.transtoyou.com\/pl\/wp-json\/wp\/v2\/comments?post=985"}],"wp:featuredmedia":[{"embeddable":true,"href":"https:\/\/www.transtoyou.com\/pl\/wp-json\/wp\/v2\/media\/987"}],"wp:attachment":[{"href":"https:\/\/www.transtoyou.com\/pl\/wp-json\/wp\/v2\/media?parent=985"}],"wp:term":[{"taxonomy":"product_brand","embeddable":true,"href":"https:\/\/www.transtoyou.com\/pl\/wp-json\/wp\/v2\/product_brand?post=985"},{"taxonomy":"product_cat","embeddable":true,"href":"https:\/\/www.transtoyou.com\/pl\/wp-json\/wp\/v2\/product_cat?post=985"},{"taxonomy":"product_tag","embeddable":true,"href":"https:\/\/www.transtoyou.com\/pl\/wp-json\/wp\/v2\/product_tag?post=985"},{"taxonomy":"expert","embeddable":true,"href":"https:\/\/www.transtoyou.com\/pl\/wp-json\/wp\/v2\/expert?post=985"}],"curies":[{"name":"wp","href":"https:\/\/api.w.org\/{rel}","templated":true}]}}