{"id":988,"date":"2026-01-24T09:42:01","date_gmt":"2026-01-24T07:42:01","guid":{"rendered":"https:\/\/www.transtoyou.com\/pl\/product\/viagra-connect\/"},"modified":"2026-01-24T09:43:03","modified_gmt":"2026-01-24T07:43:03","slug":"viagra-kontakt","status":"publish","type":"product","link":"https:\/\/www.transtoyou.com\/pl\/product\/viagra-kontakt\/","title":{"rendered":"Viagra Connect"},"content":{"rendered":"<p>Viagra Connect to lek dost\u0119pny bez recepty stosowany w leczeniu zaburze\u0144 erekcji (ED) u doros\u0142ych m\u0119\u017cczyzn. Zawiera cytrynian sildenafilu 50 mg, kt\u00f3ry nale\u017cy do klasy lek\u00f3w znanych jako inhibitory fosfodiesterazy typu 5 (PDE5).<\/p>\n<p>Lek dzia\u0142a poprzez zwi\u0119kszenie przep\u0142ywu krwi do penisa podczas podniecenia seksualnego. Robi to, hamuj\u0105c enzym PDE5, kt\u00f3ry rozk\u0142ada cykliczny guanozynomonofosforan (cGMP). To substancja chemiczna odpowiedzialna za rozlu\u017anienie mi\u0119\u015bni g\u0142adkich i umo\u017cliwienie zwi\u0119kszonego przep\u0142ywu krwi w tkance erekcyjnej. Przy stymulacji seksualnej ten proces pomaga osi\u0105gn\u0105\u0107 i utrzyma\u0107 erekcj\u0119.<\/p>\n<p>Viagra Connect jest wskazana w leczeniu zaburze\u0144 erekcji, stanu, w kt\u00f3rym m\u0119\u017cczyzna ma trudno\u015bci z osi\u0105gni\u0119ciem lub utrzymaniem erekcji odpowiedniej do aktywno\u015bci seksualnej. Nie jest przeznaczona do stosowania przez osoby bez ED ani jako \u015brodek wspomagaj\u0105cy.<\/p>\n<p>Dzia\u0142anie zazwyczaj zaczyna si\u0119 w ci\u0105gu 30 do 60 minut po za\u017cyciu tabletki, a korzy\u015bci mog\u0105 utrzymywa\u0107 si\u0119 do 4 godzin, w zale\u017cno\u015bci od indywidualnej reakcji i czynnik\u00f3w zewn\u0119trznych, takich jak spo\u017cycie pokarmu.<\/p>\n<p>Korzy\u015bci z Viagra Connect obejmuj\u0105 szybki pocz\u0105tek dzia\u0142ania, \u0142atwy dost\u0119p bez recepty oraz dobrze ugruntowany profil bezpiecze\u0144stwa. Oferuje niezawodne i wygodne rozwi\u0105zanie dla m\u0119\u017cczyzn z \u0142agodnymi do umiarkowanymi zaburzeniami erekcji, szczeg\u00f3lnie gdy jest stosowane pod odpowiednim nadzorem medycznym.<\/p>\n<p>Nale\u017cy pami\u0119ta\u0107, \u017ce chocia\u017c lek nie powoduje erekcji samodzielnie, wspiera naturalne reakcje fizjologiczne na podniecenie seksualne.<\/p>\n","protected":false},"excerpt":{"rendered":"<ul>\n<li>Szybko dzia\u0142aj\u0105ca terapia na zaburzenia erekcji<\/li>\n<li>Skuteczna do 4 godzin<\/li>\n<li>Dost\u0119pna bez recepty<\/li>\n<\/ul>\n","protected":false},"featured_media":990,"comment_status":"open","ping_status":"closed","template":"","meta":[],"product_brand":[],"product_cat":[114],"product_tag":[],"expert":[19],"class_list":{"0":"post-988","1":"product","2":"type-product","3":"status-publish","4":"has-post-thumbnail","6":"product_cat-leczenie-zaburzen-erekcji","7":"expert-dr-j-vazquez","9":"first","10":"instock","11":"shipping-taxable","12":"product-type-variable"},"yoast_head":"<!-- This site is optimized with the Yoast SEO plugin v27.0 - https:\/\/yoast.com\/product\/yoast-seo-wordpress\/ -->\n<title>Viagra Connect | Naturalne zwi\u0119kszenie przep\u0142ywu krwi - Transtoyou<\/title>\n<meta name=\"description\" content=\"Viagra Connect, dost\u0119pny tutaj, pomaga w leczeniu zaburze\u0144 erekcji poprzez zwi\u0119kszenie przep\u0142ywu krwi. Kup teraz skuteczne leki bez recepty.\" \/>\n<meta name=\"robots\" content=\"noindex, follow, max-snippet:-1, max-image-preview:large, max-video-preview:-1\" \/>\n<meta property=\"og:locale\" content=\"pl_PL\" \/>\n<meta property=\"og:type\" content=\"article\" \/>\n<meta property=\"og:title\" content=\"Viagra Connect | Naturalne zwi\u0119kszenie przep\u0142ywu krwi - Transtoyou\" \/>\n<meta property=\"og:description\" content=\"Viagra Connect, dost\u0119pny tutaj, pomaga w leczeniu zaburze\u0144 erekcji poprzez zwi\u0119kszenie przep\u0142ywu krwi. Kup teraz skuteczne leki bez recepty.\" \/>\n<meta property=\"og:url\" content=\"https:\/\/www.transtoyou.com\/pl\/product\/viagra-connect\/\" \/>\n<meta property=\"og:site_name\" content=\"Transtoyou - PL\" \/>\n<meta property=\"article:modified_time\" content=\"2026-01-24T07:43:03+00:00\" \/>\n<meta name=\"twitter:card\" content=\"summary_large_image\" \/>\n<meta name=\"twitter:label1\" content=\"Szacowany czas czytania\" \/>\n\t<meta name=\"twitter:data1\" content=\"1 minuta\" \/>\n<script type=\"application\/ld+json\" class=\"yoast-schema-graph\">{\"@context\":\"https:\/\/schema.org\",\"@graph\":[{\"@type\":\"WebPage\",\"@id\":\"https:\/\/www.transtoyou.com\/pl\/product\/viagra-connect\/\",\"url\":\"https:\/\/www.transtoyou.com\/pl\/product\/viagra-connect\/\",\"name\":\"Viagra Connect | Naturalne zwi\u0119kszenie przep\u0142ywu krwi - Transtoyou\",\"isPartOf\":{\"@id\":\"https:\/\/www.transtoyou.com\/pl\/#website\"},\"primaryImageOfPage\":{\"@id\":\"https:\/\/www.transtoyou.com\/pl\/product\/viagra-connect\/#primaryimage\"},\"image\":{\"@id\":\"https:\/\/www.transtoyou.com\/pl\/product\/viagra-connect\/#primaryimage\"},\"thumbnailUrl\":\"https:\/\/www.transtoyou.com\/pl\/wp-content\/uploads\/sites\/11\/2026\/01\/tty-no-product-image-92.webp\",\"datePublished\":\"2026-01-24T07:42:01+00:00\",\"dateModified\":\"2026-01-24T07:43:03+00:00\",\"description\":\"Viagra Connect, dost\u0119pny tutaj, pomaga w leczeniu zaburze\u0144 erekcji poprzez zwi\u0119kszenie przep\u0142ywu krwi. Kup teraz skuteczne leki bez recepty.\",\"breadcrumb\":{\"@id\":\"https:\/\/www.transtoyou.com\/pl\/product\/viagra-connect\/#breadcrumb\"},\"inLanguage\":\"pl-PL\",\"potentialAction\":[{\"@type\":\"ReadAction\",\"target\":[\"https:\/\/www.transtoyou.com\/pl\/product\/viagra-connect\/\"]}]},{\"@type\":\"ImageObject\",\"inLanguage\":\"pl-PL\",\"@id\":\"https:\/\/www.transtoyou.com\/pl\/product\/viagra-connect\/#primaryimage\",\"url\":\"https:\/\/www.transtoyou.com\/pl\/wp-content\/uploads\/sites\/11\/2026\/01\/tty-no-product-image-92.webp\",\"contentUrl\":\"https:\/\/www.transtoyou.com\/pl\/wp-content\/uploads\/sites\/11\/2026\/01\/tty-no-product-image-92.webp\",\"width\":1000,\"height\":1000,\"caption\":\"Domy\u015blny obraz produktu\"},{\"@type\":\"WebSite\",\"@id\":\"https:\/\/www.transtoyou.com\/pl\/#website\",\"url\":\"https:\/\/www.transtoyou.com\/pl\/\",\"name\":\"Transtoyou - PL\",\"description\":\"\",\"publisher\":{\"@id\":\"https:\/\/www.transtoyou.com\/pl\/#organization\"},\"potentialAction\":[{\"@type\":\"SearchAction\",\"target\":{\"@type\":\"EntryPoint\",\"urlTemplate\":\"https:\/\/www.transtoyou.com\/pl\/?s={search_term_string}\"},\"query-input\":{\"@type\":\"PropertyValueSpecification\",\"valueRequired\":true,\"valueName\":\"search_term_string\"}}],\"inLanguage\":\"pl-PL\"},{\"@type\":\"Organization\",\"@id\":\"https:\/\/www.transtoyou.com\/pl\/#organization\",\"name\":\"Transtoyou - PL\",\"url\":\"https:\/\/www.transtoyou.com\/pl\/\",\"logo\":{\"@type\":\"ImageObject\",\"inLanguage\":\"pl-PL\",\"@id\":\"https:\/\/www.transtoyou.com\/pl\/#\/schema\/logo\/image\/\",\"url\":\"https:\/\/www.transtoyou.com\/pl\/wp-content\/uploads\/sites\/11\/2026\/01\/logo-tty-menu-bar-300x87-1.webp\",\"contentUrl\":\"https:\/\/www.transtoyou.com\/pl\/wp-content\/uploads\/sites\/11\/2026\/01\/logo-tty-menu-bar-300x87-1.webp\",\"width\":300,\"height\":87,\"caption\":\"Transtoyou - PL\"},\"image\":{\"@id\":\"https:\/\/www.transtoyou.com\/pl\/#\/schema\/logo\/image\/\"}}]}<\/script>\n<!-- \/ Yoast SEO plugin. -->","yoast_head_json":{"title":"Viagra Connect | Naturalne zwi\u0119kszenie przep\u0142ywu krwi - Transtoyou","description":"Viagra Connect, dost\u0119pny tutaj, pomaga w leczeniu zaburze\u0144 erekcji poprzez zwi\u0119kszenie przep\u0142ywu krwi. Kup teraz skuteczne leki bez recepty.","robots":{"index":"noindex","follow":"follow","max-snippet":"max-snippet:-1","max-image-preview":"max-image-preview:large","max-video-preview":"max-video-preview:-1"},"og_locale":"pl_PL","og_type":"article","og_title":"Viagra Connect | Naturalne zwi\u0119kszenie przep\u0142ywu krwi - Transtoyou","og_description":"Viagra Connect, dost\u0119pny tutaj, pomaga w leczeniu zaburze\u0144 erekcji poprzez zwi\u0119kszenie przep\u0142ywu krwi. Kup teraz skuteczne leki bez recepty.","og_url":"https:\/\/www.transtoyou.com\/pl\/product\/viagra-connect\/","og_site_name":"Transtoyou - PL","article_modified_time":"2026-01-24T07:43:03+00:00","twitter_card":"summary_large_image","twitter_misc":{"Szacowany czas czytania":"1 minuta"},"schema":{"@context":"https:\/\/schema.org","@graph":[{"@type":"WebPage","@id":"https:\/\/www.transtoyou.com\/pl\/product\/viagra-connect\/","url":"https:\/\/www.transtoyou.com\/pl\/product\/viagra-connect\/","name":"Viagra Connect | Naturalne zwi\u0119kszenie przep\u0142ywu krwi - Transtoyou","isPartOf":{"@id":"https:\/\/www.transtoyou.com\/pl\/#website"},"primaryImageOfPage":{"@id":"https:\/\/www.transtoyou.com\/pl\/product\/viagra-connect\/#primaryimage"},"image":{"@id":"https:\/\/www.transtoyou.com\/pl\/product\/viagra-connect\/#primaryimage"},"thumbnailUrl":"https:\/\/www.transtoyou.com\/pl\/wp-content\/uploads\/sites\/11\/2026\/01\/tty-no-product-image-92.webp","datePublished":"2026-01-24T07:42:01+00:00","dateModified":"2026-01-24T07:43:03+00:00","description":"Viagra Connect, dost\u0119pny tutaj, pomaga w leczeniu zaburze\u0144 erekcji poprzez zwi\u0119kszenie przep\u0142ywu krwi. Kup teraz skuteczne leki bez recepty.","breadcrumb":{"@id":"https:\/\/www.transtoyou.com\/pl\/product\/viagra-connect\/#breadcrumb"},"inLanguage":"pl-PL","potentialAction":[{"@type":"ReadAction","target":["https:\/\/www.transtoyou.com\/pl\/product\/viagra-connect\/"]}]},{"@type":"ImageObject","inLanguage":"pl-PL","@id":"https:\/\/www.transtoyou.com\/pl\/product\/viagra-connect\/#primaryimage","url":"https:\/\/www.transtoyou.com\/pl\/wp-content\/uploads\/sites\/11\/2026\/01\/tty-no-product-image-92.webp","contentUrl":"https:\/\/www.transtoyou.com\/pl\/wp-content\/uploads\/sites\/11\/2026\/01\/tty-no-product-image-92.webp","width":1000,"height":1000,"caption":"Domy\u015blny obraz produktu"},{"@type":"WebSite","@id":"https:\/\/www.transtoyou.com\/pl\/#website","url":"https:\/\/www.transtoyou.com\/pl\/","name":"Transtoyou - PL","description":"","publisher":{"@id":"https:\/\/www.transtoyou.com\/pl\/#organization"},"potentialAction":[{"@type":"SearchAction","target":{"@type":"EntryPoint","urlTemplate":"https:\/\/www.transtoyou.com\/pl\/?s={search_term_string}"},"query-input":{"@type":"PropertyValueSpecification","valueRequired":true,"valueName":"search_term_string"}}],"inLanguage":"pl-PL"},{"@type":"Organization","@id":"https:\/\/www.transtoyou.com\/pl\/#organization","name":"Transtoyou - PL","url":"https:\/\/www.transtoyou.com\/pl\/","logo":{"@type":"ImageObject","inLanguage":"pl-PL","@id":"https:\/\/www.transtoyou.com\/pl\/#\/schema\/logo\/image\/","url":"https:\/\/www.transtoyou.com\/pl\/wp-content\/uploads\/sites\/11\/2026\/01\/logo-tty-menu-bar-300x87-1.webp","contentUrl":"https:\/\/www.transtoyou.com\/pl\/wp-content\/uploads\/sites\/11\/2026\/01\/logo-tty-menu-bar-300x87-1.webp","width":300,"height":87,"caption":"Transtoyou - PL"},"image":{"@id":"https:\/\/www.transtoyou.com\/pl\/#\/schema\/logo\/image\/"}}]}},"_links":{"self":[{"href":"https:\/\/www.transtoyou.com\/pl\/wp-json\/wp\/v2\/product\/988","targetHints":{"allow":["GET"]}}],"collection":[{"href":"https:\/\/www.transtoyou.com\/pl\/wp-json\/wp\/v2\/product"}],"about":[{"href":"https:\/\/www.transtoyou.com\/pl\/wp-json\/wp\/v2\/types\/product"}],"replies":[{"embeddable":true,"href":"https:\/\/www.transtoyou.com\/pl\/wp-json\/wp\/v2\/comments?post=988"}],"wp:featuredmedia":[{"embeddable":true,"href":"https:\/\/www.transtoyou.com\/pl\/wp-json\/wp\/v2\/media\/990"}],"wp:attachment":[{"href":"https:\/\/www.transtoyou.com\/pl\/wp-json\/wp\/v2\/media?parent=988"}],"wp:term":[{"taxonomy":"product_brand","embeddable":true,"href":"https:\/\/www.transtoyou.com\/pl\/wp-json\/wp\/v2\/product_brand?post=988"},{"taxonomy":"product_cat","embeddable":true,"href":"https:\/\/www.transtoyou.com\/pl\/wp-json\/wp\/v2\/product_cat?post=988"},{"taxonomy":"product_tag","embeddable":true,"href":"https:\/\/www.transtoyou.com\/pl\/wp-json\/wp\/v2\/product_tag?post=988"},{"taxonomy":"expert","embeddable":true,"href":"https:\/\/www.transtoyou.com\/pl\/wp-json\/wp\/v2\/expert?post=988"}],"curies":[{"name":"wp","href":"https:\/\/api.w.org\/{rel}","templated":true}]}}