{"id":1258,"date":"2026-01-26T06:13:41","date_gmt":"2026-01-26T06:13:41","guid":{"rendered":"https:\/\/www.transtoyou.com\/pt\/?page_id=1258"},"modified":"2026-01-26T06:13:41","modified_gmt":"2026-01-26T06:13:41","slug":"diario-tty","status":"publish","type":"page","link":"https:\/\/www.transtoyou.com\/pt\/diario-tty\/","title":{"rendered":"Use Di\u00e1rio Pessoal"},"content":{"rendered":"","protected":false},"excerpt":{"rendered":"","protected":false},"author":13,"featured_media":0,"parent":0,"menu_order":0,"comment_status":"closed","ping_status":"closed","template":"","meta":{"footnotes":""},"class_list":["post-1258","page","type-page","status-publish","hentry"],"yoast_head":"<!-- This site is optimized with the Yoast SEO plugin v27.0 - https:\/\/yoast.com\/product\/yoast-seo-wordpress\/ -->\n<title>Use Di\u00e1rio Pessoal para Monitoramento de Sa\u00fade - Transtoyou<\/title>\n<meta name=\"description\" content=\"Saiba como usar o Di\u00e1rio Pessoal para acompanhar sintomas e anota\u00e7\u00f5es de sa\u00fade, apoiar consultas online e organizar informa\u00e7\u00f5es para os m\u00e9dicos do Transtoyou.\" \/>\n<meta name=\"robots\" content=\"noindex, follow, max-snippet:-1, max-image-preview:large, max-video-preview:-1\" \/>\n<meta property=\"og:locale\" content=\"pt_PT\" \/>\n<meta property=\"og:type\" content=\"article\" \/>\n<meta property=\"og:title\" content=\"Use Di\u00e1rio Pessoal para Monitoramento de Sa\u00fade - Transtoyou\" \/>\n<meta property=\"og:description\" content=\"Saiba como usar o Di\u00e1rio Pessoal para acompanhar sintomas e anota\u00e7\u00f5es de sa\u00fade, apoiar consultas online e organizar informa\u00e7\u00f5es para os m\u00e9dicos do Transtoyou.\" \/>\n<meta property=\"og:url\" content=\"https:\/\/www.transtoyou.com\/pt\/diario-tty\/\" \/>\n<meta property=\"og:site_name\" content=\"Transtoyou - PT\" \/>\n<meta name=\"twitter:card\" content=\"summary_large_image\" \/>\n<script type=\"application\/ld+json\" class=\"yoast-schema-graph\">{\"@context\":\"https:\/\/schema.org\",\"@graph\":[{\"@type\":\"WebPage\",\"@id\":\"https:\/\/www.transtoyou.com\/pt\/diario-tty\/\",\"url\":\"https:\/\/www.transtoyou.com\/pt\/diario-tty\/\",\"name\":\"Use Di\u00e1rio Pessoal para Monitoramento de Sa\u00fade - Transtoyou\",\"isPartOf\":{\"@id\":\"https:\/\/www.transtoyou.com\/pt\/#website\"},\"datePublished\":\"2026-01-26T06:13:41+00:00\",\"description\":\"Saiba como usar o Di\u00e1rio Pessoal para acompanhar sintomas e anota\u00e7\u00f5es de sa\u00fade, apoiar consultas online e organizar informa\u00e7\u00f5es para os m\u00e9dicos do Transtoyou.\",\"breadcrumb\":{\"@id\":\"https:\/\/www.transtoyou.com\/pt\/diario-tty\/#breadcrumb\"},\"inLanguage\":\"pt-PT\",\"potentialAction\":[{\"@type\":\"ReadAction\",\"target\":[\"https:\/\/www.transtoyou.com\/pt\/diario-tty\/\"]}]},{\"@type\":\"WebSite\",\"@id\":\"https:\/\/www.transtoyou.com\/pt\/#website\",\"url\":\"https:\/\/www.transtoyou.com\/pt\/\",\"name\":\"Transtoyou - PT\",\"description\":\"\",\"publisher\":{\"@id\":\"https:\/\/www.transtoyou.com\/pt\/#organization\"},\"potentialAction\":[{\"@type\":\"SearchAction\",\"target\":{\"@type\":\"EntryPoint\",\"urlTemplate\":\"https:\/\/www.transtoyou.com\/pt\/?s={search_term_string}\"},\"query-input\":{\"@type\":\"PropertyValueSpecification\",\"valueRequired\":true,\"valueName\":\"search_term_string\"}}],\"inLanguage\":\"pt-PT\"},{\"@type\":\"Organization\",\"@id\":\"https:\/\/www.transtoyou.com\/pt\/#organization\",\"name\":\"Transtoyou - PT\",\"url\":\"https:\/\/www.transtoyou.com\/pt\/\",\"logo\":{\"@type\":\"ImageObject\",\"inLanguage\":\"pt-PT\",\"@id\":\"https:\/\/www.transtoyou.com\/pt\/#\/schema\/logo\/image\/\",\"url\":\"https:\/\/www.transtoyou.com\/pt\/wp-content\/uploads\/sites\/12\/2026\/01\/logo-tty-menu-bar-300x87-1.webp\",\"contentUrl\":\"https:\/\/www.transtoyou.com\/pt\/wp-content\/uploads\/sites\/12\/2026\/01\/logo-tty-menu-bar-300x87-1.webp\",\"width\":300,\"height\":87,\"caption\":\"Transtoyou - PT\"},\"image\":{\"@id\":\"https:\/\/www.transtoyou.com\/pt\/#\/schema\/logo\/image\/\"}}]}<\/script>\n<!-- \/ Yoast SEO plugin. -->","yoast_head_json":{"title":"Use Di\u00e1rio Pessoal para Monitoramento de Sa\u00fade - Transtoyou","description":"Saiba como usar o Di\u00e1rio Pessoal para acompanhar sintomas e anota\u00e7\u00f5es de sa\u00fade, apoiar consultas online e organizar informa\u00e7\u00f5es para os m\u00e9dicos do Transtoyou.","robots":{"index":"noindex","follow":"follow","max-snippet":"max-snippet:-1","max-image-preview":"max-image-preview:large","max-video-preview":"max-video-preview:-1"},"og_locale":"pt_PT","og_type":"article","og_title":"Use Di\u00e1rio Pessoal para Monitoramento de Sa\u00fade - Transtoyou","og_description":"Saiba como usar o Di\u00e1rio Pessoal para acompanhar sintomas e anota\u00e7\u00f5es de sa\u00fade, apoiar consultas online e organizar informa\u00e7\u00f5es para os m\u00e9dicos do Transtoyou.","og_url":"https:\/\/www.transtoyou.com\/pt\/diario-tty\/","og_site_name":"Transtoyou - PT","twitter_card":"summary_large_image","schema":{"@context":"https:\/\/schema.org","@graph":[{"@type":"WebPage","@id":"https:\/\/www.transtoyou.com\/pt\/diario-tty\/","url":"https:\/\/www.transtoyou.com\/pt\/diario-tty\/","name":"Use Di\u00e1rio Pessoal para Monitoramento de Sa\u00fade - Transtoyou","isPartOf":{"@id":"https:\/\/www.transtoyou.com\/pt\/#website"},"datePublished":"2026-01-26T06:13:41+00:00","description":"Saiba como usar o Di\u00e1rio Pessoal para acompanhar sintomas e anota\u00e7\u00f5es de sa\u00fade, apoiar consultas online e organizar informa\u00e7\u00f5es para os m\u00e9dicos do Transtoyou.","breadcrumb":{"@id":"https:\/\/www.transtoyou.com\/pt\/diario-tty\/#breadcrumb"},"inLanguage":"pt-PT","potentialAction":[{"@type":"ReadAction","target":["https:\/\/www.transtoyou.com\/pt\/diario-tty\/"]}]},{"@type":"WebSite","@id":"https:\/\/www.transtoyou.com\/pt\/#website","url":"https:\/\/www.transtoyou.com\/pt\/","name":"Transtoyou - PT","description":"","publisher":{"@id":"https:\/\/www.transtoyou.com\/pt\/#organization"},"potentialAction":[{"@type":"SearchAction","target":{"@type":"EntryPoint","urlTemplate":"https:\/\/www.transtoyou.com\/pt\/?s={search_term_string}"},"query-input":{"@type":"PropertyValueSpecification","valueRequired":true,"valueName":"search_term_string"}}],"inLanguage":"pt-PT"},{"@type":"Organization","@id":"https:\/\/www.transtoyou.com\/pt\/#organization","name":"Transtoyou - PT","url":"https:\/\/www.transtoyou.com\/pt\/","logo":{"@type":"ImageObject","inLanguage":"pt-PT","@id":"https:\/\/www.transtoyou.com\/pt\/#\/schema\/logo\/image\/","url":"https:\/\/www.transtoyou.com\/pt\/wp-content\/uploads\/sites\/12\/2026\/01\/logo-tty-menu-bar-300x87-1.webp","contentUrl":"https:\/\/www.transtoyou.com\/pt\/wp-content\/uploads\/sites\/12\/2026\/01\/logo-tty-menu-bar-300x87-1.webp","width":300,"height":87,"caption":"Transtoyou - PT"},"image":{"@id":"https:\/\/www.transtoyou.com\/pt\/#\/schema\/logo\/image\/"}}]}},"_links":{"self":[{"href":"https:\/\/www.transtoyou.com\/pt\/wp-json\/wp\/v2\/pages\/1258","targetHints":{"allow":["GET"]}}],"collection":[{"href":"https:\/\/www.transtoyou.com\/pt\/wp-json\/wp\/v2\/pages"}],"about":[{"href":"https:\/\/www.transtoyou.com\/pt\/wp-json\/wp\/v2\/types\/page"}],"author":[{"embeddable":true,"href":"https:\/\/www.transtoyou.com\/pt\/wp-json\/wp\/v2\/users\/13"}],"replies":[{"embeddable":true,"href":"https:\/\/www.transtoyou.com\/pt\/wp-json\/wp\/v2\/comments?post=1258"}],"version-history":[{"count":1,"href":"https:\/\/www.transtoyou.com\/pt\/wp-json\/wp\/v2\/pages\/1258\/revisions"}],"predecessor-version":[{"id":1259,"href":"https:\/\/www.transtoyou.com\/pt\/wp-json\/wp\/v2\/pages\/1258\/revisions\/1259"}],"wp:attachment":[{"href":"https:\/\/www.transtoyou.com\/pt\/wp-json\/wp\/v2\/media?parent=1258"}],"curies":[{"name":"wp","href":"https:\/\/api.w.org\/{rel}","templated":true}]}}