{"id":145,"date":"2026-01-19T13:46:56","date_gmt":"2026-01-19T13:46:56","guid":{"rendered":"https:\/\/www.transtoyou.com\/pt\/?page_id=145"},"modified":"2026-01-26T07:46:51","modified_gmt":"2026-01-26T07:46:51","slug":"seguranca-de-privacidade-dos-dados","status":"publish","type":"page","link":"https:\/\/www.transtoyou.com\/pt\/seguranca-de-privacidade-dos-dados\/","title":{"rendered":"Privacidade e Seguran\u00e7a de Dados"},"content":{"rendered":"","protected":false},"excerpt":{"rendered":"","protected":false},"author":13,"featured_media":0,"parent":0,"menu_order":0,"comment_status":"closed","ping_status":"closed","template":"","meta":{"footnotes":""},"class_list":["post-145","page","type-page","status-publish","hentry"],"yoast_head":"<!-- This site is optimized with the Yoast SEO plugin v27.0 - https:\/\/yoast.com\/product\/yoast-seo-wordpress\/ -->\n<title>Como Protegemos a Sua Privacidade de Dados? - Transtoyou<\/title>\n<meta name=\"description\" content=\"Descubra como a Transtoyou garante a privacidade e seguran\u00e7a dos dados, cumprindo o GDPR, para proteger suas informa\u00e7\u00f5es de sa\u00fade no Reino Unido e na UE.\" \/>\n<meta name=\"robots\" content=\"noindex, follow, max-snippet:-1, max-image-preview:large, max-video-preview:-1\" \/>\n<meta property=\"og:locale\" content=\"pt_PT\" \/>\n<meta property=\"og:type\" content=\"article\" \/>\n<meta property=\"og:title\" content=\"Como Protegemos a Sua Privacidade de Dados? - Transtoyou\" \/>\n<meta property=\"og:description\" content=\"Descubra como a Transtoyou garante a privacidade e seguran\u00e7a dos dados, cumprindo o GDPR, para proteger suas informa\u00e7\u00f5es de sa\u00fade no Reino Unido e na UE.\" \/>\n<meta property=\"og:url\" content=\"https:\/\/www.transtoyou.com\/pt\/seguranca-de-privacidade-dos-dados\/\" \/>\n<meta property=\"og:site_name\" content=\"Transtoyou - PT\" \/>\n<meta property=\"article:modified_time\" content=\"2026-01-26T07:46:51+00:00\" \/>\n<meta name=\"twitter:card\" content=\"summary_large_image\" \/>\n<script type=\"application\/ld+json\" class=\"yoast-schema-graph\">{\"@context\":\"https:\/\/schema.org\",\"@graph\":[{\"@type\":\"WebPage\",\"@id\":\"https:\/\/www.transtoyou.com\/pt\/seguranca-de-privacidade-dos-dados\/\",\"url\":\"https:\/\/www.transtoyou.com\/pt\/seguranca-de-privacidade-dos-dados\/\",\"name\":\"Como Protegemos a Sua Privacidade de Dados? - Transtoyou\",\"isPartOf\":{\"@id\":\"https:\/\/www.transtoyou.com\/pt\/#website\"},\"datePublished\":\"2026-01-19T13:46:56+00:00\",\"dateModified\":\"2026-01-26T07:46:51+00:00\",\"description\":\"Descubra como a Transtoyou garante a privacidade e seguran\u00e7a dos dados, cumprindo o GDPR, para proteger suas informa\u00e7\u00f5es de sa\u00fade no Reino Unido e na UE.\",\"breadcrumb\":{\"@id\":\"https:\/\/www.transtoyou.com\/pt\/seguranca-de-privacidade-dos-dados\/#breadcrumb\"},\"inLanguage\":\"pt-PT\",\"potentialAction\":[{\"@type\":\"ReadAction\",\"target\":[\"https:\/\/www.transtoyou.com\/pt\/seguranca-de-privacidade-dos-dados\/\"]}]},{\"@type\":\"WebSite\",\"@id\":\"https:\/\/www.transtoyou.com\/pt\/#website\",\"url\":\"https:\/\/www.transtoyou.com\/pt\/\",\"name\":\"Transtoyou - PT\",\"description\":\"\",\"publisher\":{\"@id\":\"https:\/\/www.transtoyou.com\/pt\/#organization\"},\"potentialAction\":[{\"@type\":\"SearchAction\",\"target\":{\"@type\":\"EntryPoint\",\"urlTemplate\":\"https:\/\/www.transtoyou.com\/pt\/?s={search_term_string}\"},\"query-input\":{\"@type\":\"PropertyValueSpecification\",\"valueRequired\":true,\"valueName\":\"search_term_string\"}}],\"inLanguage\":\"pt-PT\"},{\"@type\":\"Organization\",\"@id\":\"https:\/\/www.transtoyou.com\/pt\/#organization\",\"name\":\"Transtoyou - PT\",\"url\":\"https:\/\/www.transtoyou.com\/pt\/\",\"logo\":{\"@type\":\"ImageObject\",\"inLanguage\":\"pt-PT\",\"@id\":\"https:\/\/www.transtoyou.com\/pt\/#\/schema\/logo\/image\/\",\"url\":\"https:\/\/www.transtoyou.com\/pt\/wp-content\/uploads\/sites\/12\/2026\/01\/logo-tty-menu-bar-300x87-1.webp\",\"contentUrl\":\"https:\/\/www.transtoyou.com\/pt\/wp-content\/uploads\/sites\/12\/2026\/01\/logo-tty-menu-bar-300x87-1.webp\",\"width\":300,\"height\":87,\"caption\":\"Transtoyou - PT\"},\"image\":{\"@id\":\"https:\/\/www.transtoyou.com\/pt\/#\/schema\/logo\/image\/\"}}]}<\/script>\n<!-- \/ Yoast SEO plugin. -->","yoast_head_json":{"title":"Como Protegemos a Sua Privacidade de Dados? - Transtoyou","description":"Descubra como a Transtoyou garante a privacidade e seguran\u00e7a dos dados, cumprindo o GDPR, para proteger suas informa\u00e7\u00f5es de sa\u00fade no Reino Unido e na UE.","robots":{"index":"noindex","follow":"follow","max-snippet":"max-snippet:-1","max-image-preview":"max-image-preview:large","max-video-preview":"max-video-preview:-1"},"og_locale":"pt_PT","og_type":"article","og_title":"Como Protegemos a Sua Privacidade de Dados? - Transtoyou","og_description":"Descubra como a Transtoyou garante a privacidade e seguran\u00e7a dos dados, cumprindo o GDPR, para proteger suas informa\u00e7\u00f5es de sa\u00fade no Reino Unido e na UE.","og_url":"https:\/\/www.transtoyou.com\/pt\/seguranca-de-privacidade-dos-dados\/","og_site_name":"Transtoyou - PT","article_modified_time":"2026-01-26T07:46:51+00:00","twitter_card":"summary_large_image","schema":{"@context":"https:\/\/schema.org","@graph":[{"@type":"WebPage","@id":"https:\/\/www.transtoyou.com\/pt\/seguranca-de-privacidade-dos-dados\/","url":"https:\/\/www.transtoyou.com\/pt\/seguranca-de-privacidade-dos-dados\/","name":"Como Protegemos a Sua Privacidade de Dados? - Transtoyou","isPartOf":{"@id":"https:\/\/www.transtoyou.com\/pt\/#website"},"datePublished":"2026-01-19T13:46:56+00:00","dateModified":"2026-01-26T07:46:51+00:00","description":"Descubra como a Transtoyou garante a privacidade e seguran\u00e7a dos dados, cumprindo o GDPR, para proteger suas informa\u00e7\u00f5es de sa\u00fade no Reino Unido e na UE.","breadcrumb":{"@id":"https:\/\/www.transtoyou.com\/pt\/seguranca-de-privacidade-dos-dados\/#breadcrumb"},"inLanguage":"pt-PT","potentialAction":[{"@type":"ReadAction","target":["https:\/\/www.transtoyou.com\/pt\/seguranca-de-privacidade-dos-dados\/"]}]},{"@type":"WebSite","@id":"https:\/\/www.transtoyou.com\/pt\/#website","url":"https:\/\/www.transtoyou.com\/pt\/","name":"Transtoyou - PT","description":"","publisher":{"@id":"https:\/\/www.transtoyou.com\/pt\/#organization"},"potentialAction":[{"@type":"SearchAction","target":{"@type":"EntryPoint","urlTemplate":"https:\/\/www.transtoyou.com\/pt\/?s={search_term_string}"},"query-input":{"@type":"PropertyValueSpecification","valueRequired":true,"valueName":"search_term_string"}}],"inLanguage":"pt-PT"},{"@type":"Organization","@id":"https:\/\/www.transtoyou.com\/pt\/#organization","name":"Transtoyou - PT","url":"https:\/\/www.transtoyou.com\/pt\/","logo":{"@type":"ImageObject","inLanguage":"pt-PT","@id":"https:\/\/www.transtoyou.com\/pt\/#\/schema\/logo\/image\/","url":"https:\/\/www.transtoyou.com\/pt\/wp-content\/uploads\/sites\/12\/2026\/01\/logo-tty-menu-bar-300x87-1.webp","contentUrl":"https:\/\/www.transtoyou.com\/pt\/wp-content\/uploads\/sites\/12\/2026\/01\/logo-tty-menu-bar-300x87-1.webp","width":300,"height":87,"caption":"Transtoyou - PT"},"image":{"@id":"https:\/\/www.transtoyou.com\/pt\/#\/schema\/logo\/image\/"}}]}},"_links":{"self":[{"href":"https:\/\/www.transtoyou.com\/pt\/wp-json\/wp\/v2\/pages\/145","targetHints":{"allow":["GET"]}}],"collection":[{"href":"https:\/\/www.transtoyou.com\/pt\/wp-json\/wp\/v2\/pages"}],"about":[{"href":"https:\/\/www.transtoyou.com\/pt\/wp-json\/wp\/v2\/types\/page"}],"author":[{"embeddable":true,"href":"https:\/\/www.transtoyou.com\/pt\/wp-json\/wp\/v2\/users\/13"}],"replies":[{"embeddable":true,"href":"https:\/\/www.transtoyou.com\/pt\/wp-json\/wp\/v2\/comments?post=145"}],"version-history":[{"count":1,"href":"https:\/\/www.transtoyou.com\/pt\/wp-json\/wp\/v2\/pages\/145\/revisions"}],"predecessor-version":[{"id":146,"href":"https:\/\/www.transtoyou.com\/pt\/wp-json\/wp\/v2\/pages\/145\/revisions\/146"}],"wp:attachment":[{"href":"https:\/\/www.transtoyou.com\/pt\/wp-json\/wp\/v2\/media?parent=145"}],"curies":[{"name":"wp","href":"https:\/\/api.w.org\/{rel}","templated":true}]}}