{"id":2646,"date":"2026-04-15T09:04:11","date_gmt":"2026-04-15T06:04:11","guid":{"rendered":"https:\/\/www.transtoyou.com\/pt\/?page_id=2646"},"modified":"2026-04-15T09:04:29","modified_gmt":"2026-04-15T06:04:29","slug":"farmacias-parceiras","status":"publish","type":"page","link":"https:\/\/www.transtoyou.com\/pt\/farmacias-parceiras\/","title":{"rendered":"Farm\u00e1cias parceiras"},"content":{"rendered":"","protected":false},"excerpt":{"rendered":"","protected":false},"author":13,"featured_media":0,"parent":0,"menu_order":0,"comment_status":"closed","ping_status":"closed","template":"","meta":{"footnotes":""},"class_list":["post-2646","page","type-page","status-publish","hentry"],"yoast_head":"<!-- This site is optimized with the Yoast SEO plugin v27.6 - https:\/\/yoast.com\/product\/yoast-seo-wordpress\/ -->\n<title>Farm\u00e1cias Parceiras - Transtoyou<\/title>\n<meta name=\"description\" content=\"Descobre as farm\u00e1cias parceiras da Transtoyou e v\u00ea como a tua receita \u00e9 revista, dispensada e entregue com seguran\u00e7a no Reino Unido e na UE.\" \/>\n<meta name=\"robots\" content=\"noindex, follow, max-snippet:-1, max-image-preview:large, max-video-preview:-1\" \/>\n<meta property=\"og:locale\" content=\"pt_PT\" \/>\n<meta property=\"og:type\" content=\"article\" \/>\n<meta property=\"og:title\" content=\"Farm\u00e1cias Parceiras - Transtoyou\" \/>\n<meta property=\"og:description\" content=\"Descobre as farm\u00e1cias parceiras da Transtoyou e v\u00ea como a tua receita \u00e9 revista, dispensada e entregue com seguran\u00e7a no Reino Unido e na UE.\" \/>\n<meta property=\"og:url\" content=\"https:\/\/www.transtoyou.com\/pt\/farmacias-parceiras\/\" \/>\n<meta property=\"og:site_name\" content=\"Transtoyou - PT\" \/>\n<meta property=\"article:modified_time\" content=\"2026-04-15T06:04:29+00:00\" \/>\n<meta name=\"twitter:card\" content=\"summary_large_image\" \/>\n<script type=\"application\/ld+json\" class=\"yoast-schema-graph\">{\"@context\":\"https:\\\/\\\/schema.org\",\"@graph\":[{\"@type\":\"WebPage\",\"@id\":\"https:\\\/\\\/www.transtoyou.com\\\/pt\\\/farmacias-parceiras\\\/\",\"url\":\"https:\\\/\\\/www.transtoyou.com\\\/pt\\\/farmacias-parceiras\\\/\",\"name\":\"Farm\u00e1cias Parceiras - Transtoyou\",\"isPartOf\":{\"@id\":\"https:\\\/\\\/www.transtoyou.com\\\/pt\\\/#website\"},\"datePublished\":\"2026-04-15T06:04:11+00:00\",\"dateModified\":\"2026-04-15T06:04:29+00:00\",\"description\":\"Descobre as farm\u00e1cias parceiras da Transtoyou e v\u00ea como a tua receita \u00e9 revista, dispensada e entregue com seguran\u00e7a no Reino Unido e na UE.\",\"breadcrumb\":{\"@id\":\"https:\\\/\\\/www.transtoyou.com\\\/pt\\\/farmacias-parceiras\\\/#breadcrumb\"},\"inLanguage\":\"pt-PT\",\"potentialAction\":[{\"@type\":\"ReadAction\",\"target\":[\"https:\\\/\\\/www.transtoyou.com\\\/pt\\\/farmacias-parceiras\\\/\"]}]},{\"@type\":\"WebSite\",\"@id\":\"https:\\\/\\\/www.transtoyou.com\\\/pt\\\/#website\",\"url\":\"https:\\\/\\\/www.transtoyou.com\\\/pt\\\/\",\"name\":\"Transtoyou - PT\",\"description\":\"\",\"publisher\":{\"@id\":\"https:\\\/\\\/www.transtoyou.com\\\/pt\\\/#organization\"},\"potentialAction\":[{\"@type\":\"SearchAction\",\"target\":{\"@type\":\"EntryPoint\",\"urlTemplate\":\"https:\\\/\\\/www.transtoyou.com\\\/pt\\\/?s={search_term_string}\"},\"query-input\":{\"@type\":\"PropertyValueSpecification\",\"valueRequired\":true,\"valueName\":\"search_term_string\"}}],\"inLanguage\":\"pt-PT\"},{\"@type\":\"Organization\",\"@id\":\"https:\\\/\\\/www.transtoyou.com\\\/pt\\\/#organization\",\"name\":\"Transtoyou - PT\",\"url\":\"https:\\\/\\\/www.transtoyou.com\\\/pt\\\/\",\"logo\":{\"@type\":\"ImageObject\",\"inLanguage\":\"pt-PT\",\"@id\":\"https:\\\/\\\/www.transtoyou.com\\\/pt\\\/#\\\/schema\\\/logo\\\/image\\\/\",\"url\":\"https:\\\/\\\/www.transtoyou.com\\\/pt\\\/wp-content\\\/uploads\\\/sites\\\/12\\\/2026\\\/01\\\/logo-tty-menu-bar-300x87-1.webp\",\"contentUrl\":\"https:\\\/\\\/www.transtoyou.com\\\/pt\\\/wp-content\\\/uploads\\\/sites\\\/12\\\/2026\\\/01\\\/logo-tty-menu-bar-300x87-1.webp\",\"width\":300,\"height\":87,\"caption\":\"Transtoyou - PT\"},\"image\":{\"@id\":\"https:\\\/\\\/www.transtoyou.com\\\/pt\\\/#\\\/schema\\\/logo\\\/image\\\/\"}}]}<\/script>\n<!-- \/ Yoast SEO plugin. -->","yoast_head_json":{"title":"Farm\u00e1cias Parceiras - Transtoyou","description":"Descobre as farm\u00e1cias parceiras da Transtoyou e v\u00ea como a tua receita \u00e9 revista, dispensada e entregue com seguran\u00e7a no Reino Unido e na UE.","robots":{"index":"noindex","follow":"follow","max-snippet":"max-snippet:-1","max-image-preview":"max-image-preview:large","max-video-preview":"max-video-preview:-1"},"og_locale":"pt_PT","og_type":"article","og_title":"Farm\u00e1cias Parceiras - Transtoyou","og_description":"Descobre as farm\u00e1cias parceiras da Transtoyou e v\u00ea como a tua receita \u00e9 revista, dispensada e entregue com seguran\u00e7a no Reino Unido e na UE.","og_url":"https:\/\/www.transtoyou.com\/pt\/farmacias-parceiras\/","og_site_name":"Transtoyou - PT","article_modified_time":"2026-04-15T06:04:29+00:00","twitter_card":"summary_large_image","schema":{"@context":"https:\/\/schema.org","@graph":[{"@type":"WebPage","@id":"https:\/\/www.transtoyou.com\/pt\/farmacias-parceiras\/","url":"https:\/\/www.transtoyou.com\/pt\/farmacias-parceiras\/","name":"Farm\u00e1cias Parceiras - Transtoyou","isPartOf":{"@id":"https:\/\/www.transtoyou.com\/pt\/#website"},"datePublished":"2026-04-15T06:04:11+00:00","dateModified":"2026-04-15T06:04:29+00:00","description":"Descobre as farm\u00e1cias parceiras da Transtoyou e v\u00ea como a tua receita \u00e9 revista, dispensada e entregue com seguran\u00e7a no Reino Unido e na UE.","breadcrumb":{"@id":"https:\/\/www.transtoyou.com\/pt\/farmacias-parceiras\/#breadcrumb"},"inLanguage":"pt-PT","potentialAction":[{"@type":"ReadAction","target":["https:\/\/www.transtoyou.com\/pt\/farmacias-parceiras\/"]}]},{"@type":"WebSite","@id":"https:\/\/www.transtoyou.com\/pt\/#website","url":"https:\/\/www.transtoyou.com\/pt\/","name":"Transtoyou - PT","description":"","publisher":{"@id":"https:\/\/www.transtoyou.com\/pt\/#organization"},"potentialAction":[{"@type":"SearchAction","target":{"@type":"EntryPoint","urlTemplate":"https:\/\/www.transtoyou.com\/pt\/?s={search_term_string}"},"query-input":{"@type":"PropertyValueSpecification","valueRequired":true,"valueName":"search_term_string"}}],"inLanguage":"pt-PT"},{"@type":"Organization","@id":"https:\/\/www.transtoyou.com\/pt\/#organization","name":"Transtoyou - PT","url":"https:\/\/www.transtoyou.com\/pt\/","logo":{"@type":"ImageObject","inLanguage":"pt-PT","@id":"https:\/\/www.transtoyou.com\/pt\/#\/schema\/logo\/image\/","url":"https:\/\/www.transtoyou.com\/pt\/wp-content\/uploads\/sites\/12\/2026\/01\/logo-tty-menu-bar-300x87-1.webp","contentUrl":"https:\/\/www.transtoyou.com\/pt\/wp-content\/uploads\/sites\/12\/2026\/01\/logo-tty-menu-bar-300x87-1.webp","width":300,"height":87,"caption":"Transtoyou - PT"},"image":{"@id":"https:\/\/www.transtoyou.com\/pt\/#\/schema\/logo\/image\/"}}]}},"_links":{"self":[{"href":"https:\/\/www.transtoyou.com\/pt\/wp-json\/wp\/v2\/pages\/2646","targetHints":{"allow":["GET"]}}],"collection":[{"href":"https:\/\/www.transtoyou.com\/pt\/wp-json\/wp\/v2\/pages"}],"about":[{"href":"https:\/\/www.transtoyou.com\/pt\/wp-json\/wp\/v2\/types\/page"}],"author":[{"embeddable":true,"href":"https:\/\/www.transtoyou.com\/pt\/wp-json\/wp\/v2\/users\/13"}],"replies":[{"embeddable":true,"href":"https:\/\/www.transtoyou.com\/pt\/wp-json\/wp\/v2\/comments?post=2646"}],"version-history":[{"count":2,"href":"https:\/\/www.transtoyou.com\/pt\/wp-json\/wp\/v2\/pages\/2646\/revisions"}],"predecessor-version":[{"id":2648,"href":"https:\/\/www.transtoyou.com\/pt\/wp-json\/wp\/v2\/pages\/2646\/revisions\/2648"}],"wp:attachment":[{"href":"https:\/\/www.transtoyou.com\/pt\/wp-json\/wp\/v2\/media?parent=2646"}],"curies":[{"name":"wp","href":"https:\/\/api.w.org\/{rel}","templated":true}]}}