{"id":46,"date":"2026-01-18T00:35:01","date_gmt":"2026-01-18T00:35:01","guid":{"rendered":"https:\/\/www.transtoyou.com\/pt\/?page_id=46"},"modified":"2026-01-18T00:35:16","modified_gmt":"2026-01-18T00:35:16","slug":"programa-afiliado","status":"publish","type":"page","link":"https:\/\/www.transtoyou.com\/pt\/programa-afiliado\/","title":{"rendered":"Programa de Afiliados"},"content":{"rendered":"","protected":false},"excerpt":{"rendered":"","protected":false},"author":13,"featured_media":47,"parent":0,"menu_order":0,"comment_status":"closed","ping_status":"closed","template":"","meta":{"footnotes":""},"class_list":["post-46","page","type-page","status-publish","has-post-thumbnail","hentry"],"yoast_head":"<!-- This site is optimized with the Yoast SEO plugin v27.0 - https:\/\/yoast.com\/product\/yoast-seo-wordpress\/ -->\n<title>Vis\u00e3o Geral do Programa de Afiliados - Transtoyou<\/title>\n<meta name=\"description\" content=\"Explore o Programa de Afiliados da Transtoyou, conectando voc\u00ea a servi\u00e7os de sa\u00fade digital, an\u00e1lises de receitas e produtos de bem-estar no Reino Unido e na UE.\" \/>\n<meta name=\"robots\" content=\"noindex, follow, max-snippet:-1, max-image-preview:large, max-video-preview:-1\" \/>\n<meta property=\"og:locale\" content=\"pt_PT\" \/>\n<meta property=\"og:type\" content=\"article\" \/>\n<meta property=\"og:title\" content=\"Affiliate Program Overview - Transtoyou\" \/>\n<meta property=\"og:description\" content=\"Explore o Programa de Afiliados da Transtoyou, conectando voc\u00ea a servi\u00e7os de sa\u00fade digital, an\u00e1lises de receitas e produtos de bem-estar no Reino Unido e na UE.\" \/>\n<meta property=\"og:url\" content=\"https:\/\/www.transtoyou.com\/pt\/programa-afiliado\/\" \/>\n<meta property=\"og:site_name\" content=\"Transtoyou - PT\" \/>\n<meta property=\"article:modified_time\" content=\"2026-01-18T00:35:16+00:00\" \/>\n<meta property=\"og:image\" content=\"https:\/\/www.transtoyou.com\/pt\/wp-content\/uploads\/sites\/12\/2026\/01\/Logo-500x500-bg-1.png\" \/>\n\t<meta property=\"og:image:width\" content=\"500\" \/>\n\t<meta property=\"og:image:height\" content=\"500\" \/>\n\t<meta property=\"og:image:type\" content=\"image\/png\" \/>\n<meta name=\"twitter:card\" content=\"summary_large_image\" \/>\n<meta name=\"twitter:title\" content=\"Affiliate Program Overview - Transtoyou\" \/>\n<meta name=\"twitter:label1\" content=\"Tempo estimado de leitura\" \/>\n\t<meta name=\"twitter:data1\" content=\"1 minuto\" \/>\n<script type=\"application\/ld+json\" class=\"yoast-schema-graph\">{\"@context\":\"https:\/\/schema.org\",\"@graph\":[{\"@type\":\"WebPage\",\"@id\":\"https:\/\/www.transtoyou.com\/pt\/programa-afiliado\/\",\"url\":\"https:\/\/www.transtoyou.com\/pt\/programa-afiliado\/\",\"name\":\"Vis\u00e3o Geral do Programa de Afiliados - Transtoyou\",\"isPartOf\":{\"@id\":\"https:\/\/www.transtoyou.com\/pt\/#website\"},\"primaryImageOfPage\":{\"@id\":\"https:\/\/www.transtoyou.com\/pt\/programa-afiliado\/#primaryimage\"},\"image\":{\"@id\":\"https:\/\/www.transtoyou.com\/pt\/programa-afiliado\/#primaryimage\"},\"thumbnailUrl\":\"https:\/\/www.transtoyou.com\/pt\/wp-content\/uploads\/sites\/12\/2026\/01\/Logo-500x500-bg-1.png\",\"datePublished\":\"2026-01-18T00:35:01+00:00\",\"dateModified\":\"2026-01-18T00:35:16+00:00\",\"description\":\"Explore o Programa de Afiliados da Transtoyou, conectando voc\u00ea a servi\u00e7os de sa\u00fade digital, an\u00e1lises de receitas e produtos de bem-estar no Reino Unido e na UE.\",\"breadcrumb\":{\"@id\":\"https:\/\/www.transtoyou.com\/pt\/programa-afiliado\/#breadcrumb\"},\"inLanguage\":\"pt-PT\",\"potentialAction\":[{\"@type\":\"ReadAction\",\"target\":[\"https:\/\/www.transtoyou.com\/pt\/programa-afiliado\/\"]}]},{\"@type\":\"ImageObject\",\"inLanguage\":\"pt-PT\",\"@id\":\"https:\/\/www.transtoyou.com\/pt\/programa-afiliado\/#primaryimage\",\"url\":\"https:\/\/www.transtoyou.com\/pt\/wp-content\/uploads\/sites\/12\/2026\/01\/Logo-500x500-bg-1.png\",\"contentUrl\":\"https:\/\/www.transtoyou.com\/pt\/wp-content\/uploads\/sites\/12\/2026\/01\/Logo-500x500-bg-1.png\",\"width\":500,\"height\":500,\"caption\":\"Logotipo Transtoyou\"},{\"@type\":\"WebSite\",\"@id\":\"https:\/\/www.transtoyou.com\/pt\/#website\",\"url\":\"https:\/\/www.transtoyou.com\/pt\/\",\"name\":\"Transtoyou - PT\",\"description\":\"\",\"publisher\":{\"@id\":\"https:\/\/www.transtoyou.com\/pt\/#organization\"},\"potentialAction\":[{\"@type\":\"SearchAction\",\"target\":{\"@type\":\"EntryPoint\",\"urlTemplate\":\"https:\/\/www.transtoyou.com\/pt\/?s={search_term_string}\"},\"query-input\":{\"@type\":\"PropertyValueSpecification\",\"valueRequired\":true,\"valueName\":\"search_term_string\"}}],\"inLanguage\":\"pt-PT\"},{\"@type\":\"Organization\",\"@id\":\"https:\/\/www.transtoyou.com\/pt\/#organization\",\"name\":\"Transtoyou - PT\",\"url\":\"https:\/\/www.transtoyou.com\/pt\/\",\"logo\":{\"@type\":\"ImageObject\",\"inLanguage\":\"pt-PT\",\"@id\":\"https:\/\/www.transtoyou.com\/pt\/#\/schema\/logo\/image\/\",\"url\":\"https:\/\/www.transtoyou.com\/pt\/wp-content\/uploads\/sites\/12\/2026\/01\/logo-tty-menu-bar-300x87-1.webp\",\"contentUrl\":\"https:\/\/www.transtoyou.com\/pt\/wp-content\/uploads\/sites\/12\/2026\/01\/logo-tty-menu-bar-300x87-1.webp\",\"width\":300,\"height\":87,\"caption\":\"Transtoyou - PT\"},\"image\":{\"@id\":\"https:\/\/www.transtoyou.com\/pt\/#\/schema\/logo\/image\/\"}}]}<\/script>\n<!-- \/ Yoast SEO plugin. -->","yoast_head_json":{"title":"Vis\u00e3o Geral do Programa de Afiliados - Transtoyou","description":"Explore o Programa de Afiliados da Transtoyou, conectando voc\u00ea a servi\u00e7os de sa\u00fade digital, an\u00e1lises de receitas e produtos de bem-estar no Reino Unido e na UE.","robots":{"index":"noindex","follow":"follow","max-snippet":"max-snippet:-1","max-image-preview":"max-image-preview:large","max-video-preview":"max-video-preview:-1"},"og_locale":"pt_PT","og_type":"article","og_title":"Affiliate Program Overview - Transtoyou","og_description":"Explore o Programa de Afiliados da Transtoyou, conectando voc\u00ea a servi\u00e7os de sa\u00fade digital, an\u00e1lises de receitas e produtos de bem-estar no Reino Unido e na UE.","og_url":"https:\/\/www.transtoyou.com\/pt\/programa-afiliado\/","og_site_name":"Transtoyou - PT","article_modified_time":"2026-01-18T00:35:16+00:00","og_image":[{"width":500,"height":500,"url":"https:\/\/www.transtoyou.com\/pt\/wp-content\/uploads\/sites\/12\/2026\/01\/Logo-500x500-bg-1.png","type":"image\/png"}],"twitter_card":"summary_large_image","twitter_title":"Affiliate Program Overview - Transtoyou","twitter_misc":{"Tempo estimado de leitura":"1 minuto"},"schema":{"@context":"https:\/\/schema.org","@graph":[{"@type":"WebPage","@id":"https:\/\/www.transtoyou.com\/pt\/programa-afiliado\/","url":"https:\/\/www.transtoyou.com\/pt\/programa-afiliado\/","name":"Vis\u00e3o Geral do Programa de Afiliados - Transtoyou","isPartOf":{"@id":"https:\/\/www.transtoyou.com\/pt\/#website"},"primaryImageOfPage":{"@id":"https:\/\/www.transtoyou.com\/pt\/programa-afiliado\/#primaryimage"},"image":{"@id":"https:\/\/www.transtoyou.com\/pt\/programa-afiliado\/#primaryimage"},"thumbnailUrl":"https:\/\/www.transtoyou.com\/pt\/wp-content\/uploads\/sites\/12\/2026\/01\/Logo-500x500-bg-1.png","datePublished":"2026-01-18T00:35:01+00:00","dateModified":"2026-01-18T00:35:16+00:00","description":"Explore o Programa de Afiliados da Transtoyou, conectando voc\u00ea a servi\u00e7os de sa\u00fade digital, an\u00e1lises de receitas e produtos de bem-estar no Reino Unido e na UE.","breadcrumb":{"@id":"https:\/\/www.transtoyou.com\/pt\/programa-afiliado\/#breadcrumb"},"inLanguage":"pt-PT","potentialAction":[{"@type":"ReadAction","target":["https:\/\/www.transtoyou.com\/pt\/programa-afiliado\/"]}]},{"@type":"ImageObject","inLanguage":"pt-PT","@id":"https:\/\/www.transtoyou.com\/pt\/programa-afiliado\/#primaryimage","url":"https:\/\/www.transtoyou.com\/pt\/wp-content\/uploads\/sites\/12\/2026\/01\/Logo-500x500-bg-1.png","contentUrl":"https:\/\/www.transtoyou.com\/pt\/wp-content\/uploads\/sites\/12\/2026\/01\/Logo-500x500-bg-1.png","width":500,"height":500,"caption":"Logotipo Transtoyou"},{"@type":"WebSite","@id":"https:\/\/www.transtoyou.com\/pt\/#website","url":"https:\/\/www.transtoyou.com\/pt\/","name":"Transtoyou - PT","description":"","publisher":{"@id":"https:\/\/www.transtoyou.com\/pt\/#organization"},"potentialAction":[{"@type":"SearchAction","target":{"@type":"EntryPoint","urlTemplate":"https:\/\/www.transtoyou.com\/pt\/?s={search_term_string}"},"query-input":{"@type":"PropertyValueSpecification","valueRequired":true,"valueName":"search_term_string"}}],"inLanguage":"pt-PT"},{"@type":"Organization","@id":"https:\/\/www.transtoyou.com\/pt\/#organization","name":"Transtoyou - PT","url":"https:\/\/www.transtoyou.com\/pt\/","logo":{"@type":"ImageObject","inLanguage":"pt-PT","@id":"https:\/\/www.transtoyou.com\/pt\/#\/schema\/logo\/image\/","url":"https:\/\/www.transtoyou.com\/pt\/wp-content\/uploads\/sites\/12\/2026\/01\/logo-tty-menu-bar-300x87-1.webp","contentUrl":"https:\/\/www.transtoyou.com\/pt\/wp-content\/uploads\/sites\/12\/2026\/01\/logo-tty-menu-bar-300x87-1.webp","width":300,"height":87,"caption":"Transtoyou - PT"},"image":{"@id":"https:\/\/www.transtoyou.com\/pt\/#\/schema\/logo\/image\/"}}]}},"_links":{"self":[{"href":"https:\/\/www.transtoyou.com\/pt\/wp-json\/wp\/v2\/pages\/46","targetHints":{"allow":["GET"]}}],"collection":[{"href":"https:\/\/www.transtoyou.com\/pt\/wp-json\/wp\/v2\/pages"}],"about":[{"href":"https:\/\/www.transtoyou.com\/pt\/wp-json\/wp\/v2\/types\/page"}],"author":[{"embeddable":true,"href":"https:\/\/www.transtoyou.com\/pt\/wp-json\/wp\/v2\/users\/13"}],"replies":[{"embeddable":true,"href":"https:\/\/www.transtoyou.com\/pt\/wp-json\/wp\/v2\/comments?post=46"}],"version-history":[{"count":1,"href":"https:\/\/www.transtoyou.com\/pt\/wp-json\/wp\/v2\/pages\/46\/revisions"}],"predecessor-version":[{"id":48,"href":"https:\/\/www.transtoyou.com\/pt\/wp-json\/wp\/v2\/pages\/46\/revisions\/48"}],"wp:featuredmedia":[{"embeddable":true,"href":"https:\/\/www.transtoyou.com\/pt\/wp-json\/wp\/v2\/media\/47"}],"wp:attachment":[{"href":"https:\/\/www.transtoyou.com\/pt\/wp-json\/wp\/v2\/media?parent=46"}],"curies":[{"name":"wp","href":"https:\/\/api.w.org\/{rel}","templated":true}]}}