{"id":89,"date":"2026-01-19T13:20:55","date_gmt":"2026-01-19T13:20:55","guid":{"rendered":"https:\/\/www.transtoyou.com\/pt\/?page_id=89"},"modified":"2026-01-26T08:56:02","modified_gmt":"2026-01-26T08:56:02","slug":"politica-de-devolucao-e-reembolso","status":"publish","type":"page","link":"https:\/\/www.transtoyou.com\/pt\/politica-de-devolucao-e-reembolso\/","title":{"rendered":"Pol\u00edtica de Devolu\u00e7\u00e3o e Reembolso"},"content":{"rendered":"","protected":false},"excerpt":{"rendered":"","protected":false},"author":13,"featured_media":90,"parent":0,"menu_order":0,"comment_status":"closed","ping_status":"closed","template":"","meta":{"footnotes":""},"class_list":["post-89","page","type-page","status-publish","has-post-thumbnail","hentry"],"yoast_head":"<!-- This site is optimized with the Yoast SEO plugin v27.0 - https:\/\/yoast.com\/product\/yoast-seo-wordpress\/ -->\n<title>Detalhes da Pol\u00edtica de Retorno e Reembolso - Transtoyou<\/title>\n<meta name=\"description\" content=\"Saiba mais sobre a Pol\u00edtica de Devolu\u00e7\u00e3o e Reembolso da Transtoyou, incluindo diretrizes para produtos e servi\u00e7os de sa\u00fade. Entenda seus direitos.\" \/>\n<meta name=\"robots\" content=\"noindex, follow, max-snippet:-1, max-image-preview:large, max-video-preview:-1\" \/>\n<meta property=\"og:locale\" content=\"pt_PT\" \/>\n<meta property=\"og:type\" content=\"article\" \/>\n<meta property=\"og:title\" content=\"Detalhes da Pol\u00edtica de Retorno e Reembolso - Transtoyou\" \/>\n<meta property=\"og:description\" content=\"Saiba mais sobre a Pol\u00edtica de Devolu\u00e7\u00e3o e Reembolso da Transtoyou, incluindo diretrizes para produtos e servi\u00e7os de sa\u00fade. Entenda seus direitos.\" \/>\n<meta property=\"og:url\" content=\"https:\/\/www.transtoyou.com\/pt\/politica-de-devolucao-e-reembolso\/\" \/>\n<meta property=\"og:site_name\" content=\"Transtoyou - PT\" \/>\n<meta property=\"article:modified_time\" content=\"2026-01-26T08:56:02+00:00\" \/>\n<meta property=\"og:image\" content=\"https:\/\/www.transtoyou.com\/pt\/wp-content\/uploads\/sites\/12\/2026\/01\/Logo-500x500-bg-7.png\" \/>\n\t<meta property=\"og:image:width\" content=\"500\" \/>\n\t<meta property=\"og:image:height\" content=\"500\" \/>\n\t<meta property=\"og:image:type\" content=\"image\/png\" \/>\n<meta name=\"twitter:card\" content=\"summary_large_image\" \/>\n<meta name=\"twitter:label1\" content=\"Tempo estimado de leitura\" \/>\n\t<meta name=\"twitter:data1\" content=\"1 minuto\" \/>\n<script type=\"application\/ld+json\" class=\"yoast-schema-graph\">{\"@context\":\"https:\/\/schema.org\",\"@graph\":[{\"@type\":\"WebPage\",\"@id\":\"https:\/\/www.transtoyou.com\/pt\/politica-de-devolucao-e-reembolso\/\",\"url\":\"https:\/\/www.transtoyou.com\/pt\/politica-de-devolucao-e-reembolso\/\",\"name\":\"Detalhes da Pol\u00edtica de Retorno e Reembolso - Transtoyou\",\"isPartOf\":{\"@id\":\"https:\/\/www.transtoyou.com\/pt\/#website\"},\"primaryImageOfPage\":{\"@id\":\"https:\/\/www.transtoyou.com\/pt\/politica-de-devolucao-e-reembolso\/#primaryimage\"},\"image\":{\"@id\":\"https:\/\/www.transtoyou.com\/pt\/politica-de-devolucao-e-reembolso\/#primaryimage\"},\"thumbnailUrl\":\"https:\/\/www.transtoyou.com\/pt\/wp-content\/uploads\/sites\/12\/2026\/01\/Logo-500x500-bg-7.png\",\"datePublished\":\"2026-01-19T13:20:55+00:00\",\"dateModified\":\"2026-01-26T08:56:02+00:00\",\"description\":\"Saiba mais sobre a Pol\u00edtica de Devolu\u00e7\u00e3o e Reembolso da Transtoyou, incluindo diretrizes para produtos e servi\u00e7os de sa\u00fade. Entenda seus direitos.\",\"breadcrumb\":{\"@id\":\"https:\/\/www.transtoyou.com\/pt\/politica-de-devolucao-e-reembolso\/#breadcrumb\"},\"inLanguage\":\"pt-PT\",\"potentialAction\":[{\"@type\":\"ReadAction\",\"target\":[\"https:\/\/www.transtoyou.com\/pt\/politica-de-devolucao-e-reembolso\/\"]}]},{\"@type\":\"ImageObject\",\"inLanguage\":\"pt-PT\",\"@id\":\"https:\/\/www.transtoyou.com\/pt\/politica-de-devolucao-e-reembolso\/#primaryimage\",\"url\":\"https:\/\/www.transtoyou.com\/pt\/wp-content\/uploads\/sites\/12\/2026\/01\/Logo-500x500-bg-7.png\",\"contentUrl\":\"https:\/\/www.transtoyou.com\/pt\/wp-content\/uploads\/sites\/12\/2026\/01\/Logo-500x500-bg-7.png\",\"width\":500,\"height\":500,\"caption\":\"Logotipo Transtoyou\"},{\"@type\":\"WebSite\",\"@id\":\"https:\/\/www.transtoyou.com\/pt\/#website\",\"url\":\"https:\/\/www.transtoyou.com\/pt\/\",\"name\":\"Transtoyou - PT\",\"description\":\"\",\"publisher\":{\"@id\":\"https:\/\/www.transtoyou.com\/pt\/#organization\"},\"potentialAction\":[{\"@type\":\"SearchAction\",\"target\":{\"@type\":\"EntryPoint\",\"urlTemplate\":\"https:\/\/www.transtoyou.com\/pt\/?s={search_term_string}\"},\"query-input\":{\"@type\":\"PropertyValueSpecification\",\"valueRequired\":true,\"valueName\":\"search_term_string\"}}],\"inLanguage\":\"pt-PT\"},{\"@type\":\"Organization\",\"@id\":\"https:\/\/www.transtoyou.com\/pt\/#organization\",\"name\":\"Transtoyou - PT\",\"url\":\"https:\/\/www.transtoyou.com\/pt\/\",\"logo\":{\"@type\":\"ImageObject\",\"inLanguage\":\"pt-PT\",\"@id\":\"https:\/\/www.transtoyou.com\/pt\/#\/schema\/logo\/image\/\",\"url\":\"https:\/\/www.transtoyou.com\/pt\/wp-content\/uploads\/sites\/12\/2026\/01\/logo-tty-menu-bar-300x87-1.webp\",\"contentUrl\":\"https:\/\/www.transtoyou.com\/pt\/wp-content\/uploads\/sites\/12\/2026\/01\/logo-tty-menu-bar-300x87-1.webp\",\"width\":300,\"height\":87,\"caption\":\"Transtoyou - PT\"},\"image\":{\"@id\":\"https:\/\/www.transtoyou.com\/pt\/#\/schema\/logo\/image\/\"}}]}<\/script>\n<!-- \/ Yoast SEO plugin. -->","yoast_head_json":{"title":"Detalhes da Pol\u00edtica de Retorno e Reembolso - Transtoyou","description":"Saiba mais sobre a Pol\u00edtica de Devolu\u00e7\u00e3o e Reembolso da Transtoyou, incluindo diretrizes para produtos e servi\u00e7os de sa\u00fade. Entenda seus direitos.","robots":{"index":"noindex","follow":"follow","max-snippet":"max-snippet:-1","max-image-preview":"max-image-preview:large","max-video-preview":"max-video-preview:-1"},"og_locale":"pt_PT","og_type":"article","og_title":"Detalhes da Pol\u00edtica de Retorno e Reembolso - Transtoyou","og_description":"Saiba mais sobre a Pol\u00edtica de Devolu\u00e7\u00e3o e Reembolso da Transtoyou, incluindo diretrizes para produtos e servi\u00e7os de sa\u00fade. Entenda seus direitos.","og_url":"https:\/\/www.transtoyou.com\/pt\/politica-de-devolucao-e-reembolso\/","og_site_name":"Transtoyou - PT","article_modified_time":"2026-01-26T08:56:02+00:00","og_image":[{"width":500,"height":500,"url":"https:\/\/www.transtoyou.com\/pt\/wp-content\/uploads\/sites\/12\/2026\/01\/Logo-500x500-bg-7.png","type":"image\/png"}],"twitter_card":"summary_large_image","twitter_misc":{"Tempo estimado de leitura":"1 minuto"},"schema":{"@context":"https:\/\/schema.org","@graph":[{"@type":"WebPage","@id":"https:\/\/www.transtoyou.com\/pt\/politica-de-devolucao-e-reembolso\/","url":"https:\/\/www.transtoyou.com\/pt\/politica-de-devolucao-e-reembolso\/","name":"Detalhes da Pol\u00edtica de Retorno e Reembolso - Transtoyou","isPartOf":{"@id":"https:\/\/www.transtoyou.com\/pt\/#website"},"primaryImageOfPage":{"@id":"https:\/\/www.transtoyou.com\/pt\/politica-de-devolucao-e-reembolso\/#primaryimage"},"image":{"@id":"https:\/\/www.transtoyou.com\/pt\/politica-de-devolucao-e-reembolso\/#primaryimage"},"thumbnailUrl":"https:\/\/www.transtoyou.com\/pt\/wp-content\/uploads\/sites\/12\/2026\/01\/Logo-500x500-bg-7.png","datePublished":"2026-01-19T13:20:55+00:00","dateModified":"2026-01-26T08:56:02+00:00","description":"Saiba mais sobre a Pol\u00edtica de Devolu\u00e7\u00e3o e Reembolso da Transtoyou, incluindo diretrizes para produtos e servi\u00e7os de sa\u00fade. Entenda seus direitos.","breadcrumb":{"@id":"https:\/\/www.transtoyou.com\/pt\/politica-de-devolucao-e-reembolso\/#breadcrumb"},"inLanguage":"pt-PT","potentialAction":[{"@type":"ReadAction","target":["https:\/\/www.transtoyou.com\/pt\/politica-de-devolucao-e-reembolso\/"]}]},{"@type":"ImageObject","inLanguage":"pt-PT","@id":"https:\/\/www.transtoyou.com\/pt\/politica-de-devolucao-e-reembolso\/#primaryimage","url":"https:\/\/www.transtoyou.com\/pt\/wp-content\/uploads\/sites\/12\/2026\/01\/Logo-500x500-bg-7.png","contentUrl":"https:\/\/www.transtoyou.com\/pt\/wp-content\/uploads\/sites\/12\/2026\/01\/Logo-500x500-bg-7.png","width":500,"height":500,"caption":"Logotipo Transtoyou"},{"@type":"WebSite","@id":"https:\/\/www.transtoyou.com\/pt\/#website","url":"https:\/\/www.transtoyou.com\/pt\/","name":"Transtoyou - PT","description":"","publisher":{"@id":"https:\/\/www.transtoyou.com\/pt\/#organization"},"potentialAction":[{"@type":"SearchAction","target":{"@type":"EntryPoint","urlTemplate":"https:\/\/www.transtoyou.com\/pt\/?s={search_term_string}"},"query-input":{"@type":"PropertyValueSpecification","valueRequired":true,"valueName":"search_term_string"}}],"inLanguage":"pt-PT"},{"@type":"Organization","@id":"https:\/\/www.transtoyou.com\/pt\/#organization","name":"Transtoyou - PT","url":"https:\/\/www.transtoyou.com\/pt\/","logo":{"@type":"ImageObject","inLanguage":"pt-PT","@id":"https:\/\/www.transtoyou.com\/pt\/#\/schema\/logo\/image\/","url":"https:\/\/www.transtoyou.com\/pt\/wp-content\/uploads\/sites\/12\/2026\/01\/logo-tty-menu-bar-300x87-1.webp","contentUrl":"https:\/\/www.transtoyou.com\/pt\/wp-content\/uploads\/sites\/12\/2026\/01\/logo-tty-menu-bar-300x87-1.webp","width":300,"height":87,"caption":"Transtoyou - PT"},"image":{"@id":"https:\/\/www.transtoyou.com\/pt\/#\/schema\/logo\/image\/"}}]}},"_links":{"self":[{"href":"https:\/\/www.transtoyou.com\/pt\/wp-json\/wp\/v2\/pages\/89","targetHints":{"allow":["GET"]}}],"collection":[{"href":"https:\/\/www.transtoyou.com\/pt\/wp-json\/wp\/v2\/pages"}],"about":[{"href":"https:\/\/www.transtoyou.com\/pt\/wp-json\/wp\/v2\/types\/page"}],"author":[{"embeddable":true,"href":"https:\/\/www.transtoyou.com\/pt\/wp-json\/wp\/v2\/users\/13"}],"replies":[{"embeddable":true,"href":"https:\/\/www.transtoyou.com\/pt\/wp-json\/wp\/v2\/comments?post=89"}],"version-history":[{"count":1,"href":"https:\/\/www.transtoyou.com\/pt\/wp-json\/wp\/v2\/pages\/89\/revisions"}],"predecessor-version":[{"id":91,"href":"https:\/\/www.transtoyou.com\/pt\/wp-json\/wp\/v2\/pages\/89\/revisions\/91"}],"wp:featuredmedia":[{"embeddable":true,"href":"https:\/\/www.transtoyou.com\/pt\/wp-json\/wp\/v2\/media\/90"}],"wp:attachment":[{"href":"https:\/\/www.transtoyou.com\/pt\/wp-json\/wp\/v2\/media?parent=89"}],"curies":[{"name":"wp","href":"https:\/\/api.w.org\/{rel}","templated":true}]}}