{"id":1004,"date":"2026-01-24T12:18:04","date_gmt":"2026-01-24T10:18:04","guid":{"rendered":"https:\/\/www.transtoyou.com\/pt\/product\/primolut-n\/"},"modified":"2026-03-01T14:13:02","modified_gmt":"2026-03-01T12:13:02","slug":"primolut-n","status":"publish","type":"product","link":"https:\/\/www.transtoyou.com\/pt\/product\/primolut-n\/","title":{"rendered":"Primolut N"},"content":{"rendered":"<p>Primolut N \u00e9 um comprimido que cont\u00e9m norethisterona, um progest\u00e1geno sint\u00e9tico utilizado para gerenciar e manipular o ciclo menstrual. \u00c9 comumente prescrito para atrasar a menstrua\u00e7\u00e3o por raz\u00f5es de curto prazo, como viagens, esportes ou eventos especiais, e tamb\u00e9m \u00e9 usado para supress\u00e3o do ciclo em casos de per\u00edodos irregulares, intensos ou dolorosos.<\/p>\n<p>Primolut N funciona mantendo altos n\u00edveis de progest\u00e1geno no corpo, o que impede a queda hormonal que normalmente desencadeia a menstrua\u00e7\u00e3o. Quando os comprimidos s\u00e3o interrompidos, os n\u00edveis hormonais caem e ocorre um sangramento de abstin\u00eancia, semelhante a um per\u00edodo natural. Esse mecanismo permite que os usu\u00e1rios controlem quando sua menstrua\u00e7\u00e3o come\u00e7a.<\/p>\n<p>Primolut N \u00e9 adequado para indiv\u00edduos que preferem uma maneira de curto prazo e sem estrog\u00eanio para gerenciar seus ciclos. Geralmente \u00e9 iniciado alguns dias antes do per\u00edodo esperado e tomado enquanto o atraso for desejado. Para fins m\u00e9dicos, tamb\u00e9m pode ser utilizado em regimes de tratamento mais longos sob supervis\u00e3o m\u00e9dica.<\/p>\n<p>O comprimido \u00e9 f\u00e1cil de usar e bem tolerado pela maioria. N\u00e3o fornece contracep\u00e7\u00e3o, ent\u00e3o prote\u00e7\u00e3o adicional \u00e9 necess\u00e1ria se evitar a gravidez tamb\u00e9m for uma preocupa\u00e7\u00e3o. Uma vez descontinuado, o ciclo natural geralmente retoma rapidamente.<\/p>\n","protected":false},"excerpt":{"rendered":"<ul>\n<li>Retarda os per\u00edodos menstruais<\/li>\n<li>Comprimido apenas de progest\u00e1geno<\/li>\n<li>Adequado para uso a curto prazo<\/li>\n<\/ul>\n","protected":false},"featured_media":1006,"comment_status":"open","ping_status":"closed","template":"","meta":[],"product_brand":[],"product_cat":[129,128],"product_tag":[],"expert":[21],"class_list":{"0":"post-1004","1":"product","2":"type-product","3":"status-publish","4":"has-post-thumbnail","6":"product_cat-atraso-menstrual","7":"product_cat-supressao-menstrual","8":"expert-dr-m-sharoyko","10":"first","11":"instock","12":"shipping-taxable","13":"product-type-variable"},"yoast_head":"<!-- This site is optimized with the Yoast SEO plugin v27.0 - https:\/\/yoast.com\/product\/yoast-seo-wordpress\/ -->\n<title>Primolut N | Apoio ao Equil\u00edbrio Hormonal - Transtoyou<\/title>\n<meta name=\"description\" content=\"Descubra o Primolut N na Transtoyou, dispon\u00edvel agora. Gerencie seu ciclo menstrual de forma eficaz com esta solu\u00e7\u00e3o confi\u00e1vel. Compre com seguran\u00e7a hoje.\" \/>\n<meta name=\"robots\" content=\"noindex, follow, max-snippet:-1, max-image-preview:large, max-video-preview:-1\" \/>\n<meta property=\"og:locale\" content=\"pt_PT\" \/>\n<meta property=\"og:type\" content=\"article\" \/>\n<meta property=\"og:title\" content=\"Primolut N | Apoio ao Equil\u00edbrio Hormonal - Transtoyou\" \/>\n<meta property=\"og:description\" content=\"Descubra o Primolut N na Transtoyou, dispon\u00edvel agora. Gerencie seu ciclo menstrual de forma eficaz com esta solu\u00e7\u00e3o confi\u00e1vel. Compre com seguran\u00e7a hoje.\" \/>\n<meta property=\"og:url\" content=\"https:\/\/www.transtoyou.com\/pt\/product\/primolut-n\/\" \/>\n<meta property=\"og:site_name\" content=\"Transtoyou - PT\" \/>\n<meta property=\"article:modified_time\" content=\"2026-03-01T12:13:02+00:00\" \/>\n<meta name=\"twitter:card\" content=\"summary_large_image\" \/>\n<meta name=\"twitter:label1\" content=\"Tempo estimado de leitura\" \/>\n\t<meta name=\"twitter:data1\" content=\"1 minuto\" \/>\n<script type=\"application\/ld+json\" class=\"yoast-schema-graph\">{\"@context\":\"https:\/\/schema.org\",\"@graph\":[{\"@type\":\"WebPage\",\"@id\":\"https:\/\/www.transtoyou.com\/pt\/product\/primolut-n\/\",\"url\":\"https:\/\/www.transtoyou.com\/pt\/product\/primolut-n\/\",\"name\":\"Primolut N | Apoio ao Equil\u00edbrio Hormonal - Transtoyou\",\"isPartOf\":{\"@id\":\"https:\/\/www.transtoyou.com\/pt\/#website\"},\"primaryImageOfPage\":{\"@id\":\"https:\/\/www.transtoyou.com\/pt\/product\/primolut-n\/#primaryimage\"},\"image\":{\"@id\":\"https:\/\/www.transtoyou.com\/pt\/product\/primolut-n\/#primaryimage\"},\"thumbnailUrl\":\"https:\/\/www.transtoyou.com\/pt\/wp-content\/uploads\/sites\/12\/2026\/01\/tty-no-product-image-101.webp\",\"datePublished\":\"2026-01-24T10:18:04+00:00\",\"dateModified\":\"2026-03-01T12:13:02+00:00\",\"description\":\"Descubra o Primolut N na Transtoyou, dispon\u00edvel agora. Gerencie seu ciclo menstrual de forma eficaz com esta solu\u00e7\u00e3o confi\u00e1vel. Compre com seguran\u00e7a hoje.\",\"breadcrumb\":{\"@id\":\"https:\/\/www.transtoyou.com\/pt\/product\/primolut-n\/#breadcrumb\"},\"inLanguage\":\"pt-PT\",\"potentialAction\":[{\"@type\":\"ReadAction\",\"target\":[\"https:\/\/www.transtoyou.com\/pt\/product\/primolut-n\/\"]}]},{\"@type\":\"ImageObject\",\"inLanguage\":\"pt-PT\",\"@id\":\"https:\/\/www.transtoyou.com\/pt\/product\/primolut-n\/#primaryimage\",\"url\":\"https:\/\/www.transtoyou.com\/pt\/wp-content\/uploads\/sites\/12\/2026\/01\/tty-no-product-image-101.webp\",\"contentUrl\":\"https:\/\/www.transtoyou.com\/pt\/wp-content\/uploads\/sites\/12\/2026\/01\/tty-no-product-image-101.webp\",\"width\":1000,\"height\":1000,\"caption\":\"Imagem padr\u00e3o do produto\"},{\"@type\":\"WebSite\",\"@id\":\"https:\/\/www.transtoyou.com\/pt\/#website\",\"url\":\"https:\/\/www.transtoyou.com\/pt\/\",\"name\":\"Transtoyou - PT\",\"description\":\"\",\"publisher\":{\"@id\":\"https:\/\/www.transtoyou.com\/pt\/#organization\"},\"potentialAction\":[{\"@type\":\"SearchAction\",\"target\":{\"@type\":\"EntryPoint\",\"urlTemplate\":\"https:\/\/www.transtoyou.com\/pt\/?s={search_term_string}\"},\"query-input\":{\"@type\":\"PropertyValueSpecification\",\"valueRequired\":true,\"valueName\":\"search_term_string\"}}],\"inLanguage\":\"pt-PT\"},{\"@type\":\"Organization\",\"@id\":\"https:\/\/www.transtoyou.com\/pt\/#organization\",\"name\":\"Transtoyou - PT\",\"url\":\"https:\/\/www.transtoyou.com\/pt\/\",\"logo\":{\"@type\":\"ImageObject\",\"inLanguage\":\"pt-PT\",\"@id\":\"https:\/\/www.transtoyou.com\/pt\/#\/schema\/logo\/image\/\",\"url\":\"https:\/\/www.transtoyou.com\/pt\/wp-content\/uploads\/sites\/12\/2026\/01\/logo-tty-menu-bar-300x87-1.webp\",\"contentUrl\":\"https:\/\/www.transtoyou.com\/pt\/wp-content\/uploads\/sites\/12\/2026\/01\/logo-tty-menu-bar-300x87-1.webp\",\"width\":300,\"height\":87,\"caption\":\"Transtoyou - PT\"},\"image\":{\"@id\":\"https:\/\/www.transtoyou.com\/pt\/#\/schema\/logo\/image\/\"}}]}<\/script>\n<!-- \/ Yoast SEO plugin. -->","yoast_head_json":{"title":"Primolut N | Apoio ao Equil\u00edbrio Hormonal - Transtoyou","description":"Descubra o Primolut N na Transtoyou, dispon\u00edvel agora. Gerencie seu ciclo menstrual de forma eficaz com esta solu\u00e7\u00e3o confi\u00e1vel. Compre com seguran\u00e7a hoje.","robots":{"index":"noindex","follow":"follow","max-snippet":"max-snippet:-1","max-image-preview":"max-image-preview:large","max-video-preview":"max-video-preview:-1"},"og_locale":"pt_PT","og_type":"article","og_title":"Primolut N | Apoio ao Equil\u00edbrio Hormonal - Transtoyou","og_description":"Descubra o Primolut N na Transtoyou, dispon\u00edvel agora. Gerencie seu ciclo menstrual de forma eficaz com esta solu\u00e7\u00e3o confi\u00e1vel. Compre com seguran\u00e7a hoje.","og_url":"https:\/\/www.transtoyou.com\/pt\/product\/primolut-n\/","og_site_name":"Transtoyou - PT","article_modified_time":"2026-03-01T12:13:02+00:00","twitter_card":"summary_large_image","twitter_misc":{"Tempo estimado de leitura":"1 minuto"},"schema":{"@context":"https:\/\/schema.org","@graph":[{"@type":"WebPage","@id":"https:\/\/www.transtoyou.com\/pt\/product\/primolut-n\/","url":"https:\/\/www.transtoyou.com\/pt\/product\/primolut-n\/","name":"Primolut N | Apoio ao Equil\u00edbrio Hormonal - Transtoyou","isPartOf":{"@id":"https:\/\/www.transtoyou.com\/pt\/#website"},"primaryImageOfPage":{"@id":"https:\/\/www.transtoyou.com\/pt\/product\/primolut-n\/#primaryimage"},"image":{"@id":"https:\/\/www.transtoyou.com\/pt\/product\/primolut-n\/#primaryimage"},"thumbnailUrl":"https:\/\/www.transtoyou.com\/pt\/wp-content\/uploads\/sites\/12\/2026\/01\/tty-no-product-image-101.webp","datePublished":"2026-01-24T10:18:04+00:00","dateModified":"2026-03-01T12:13:02+00:00","description":"Descubra o Primolut N na Transtoyou, dispon\u00edvel agora. Gerencie seu ciclo menstrual de forma eficaz com esta solu\u00e7\u00e3o confi\u00e1vel. Compre com seguran\u00e7a hoje.","breadcrumb":{"@id":"https:\/\/www.transtoyou.com\/pt\/product\/primolut-n\/#breadcrumb"},"inLanguage":"pt-PT","potentialAction":[{"@type":"ReadAction","target":["https:\/\/www.transtoyou.com\/pt\/product\/primolut-n\/"]}]},{"@type":"ImageObject","inLanguage":"pt-PT","@id":"https:\/\/www.transtoyou.com\/pt\/product\/primolut-n\/#primaryimage","url":"https:\/\/www.transtoyou.com\/pt\/wp-content\/uploads\/sites\/12\/2026\/01\/tty-no-product-image-101.webp","contentUrl":"https:\/\/www.transtoyou.com\/pt\/wp-content\/uploads\/sites\/12\/2026\/01\/tty-no-product-image-101.webp","width":1000,"height":1000,"caption":"Imagem padr\u00e3o do produto"},{"@type":"WebSite","@id":"https:\/\/www.transtoyou.com\/pt\/#website","url":"https:\/\/www.transtoyou.com\/pt\/","name":"Transtoyou - PT","description":"","publisher":{"@id":"https:\/\/www.transtoyou.com\/pt\/#organization"},"potentialAction":[{"@type":"SearchAction","target":{"@type":"EntryPoint","urlTemplate":"https:\/\/www.transtoyou.com\/pt\/?s={search_term_string}"},"query-input":{"@type":"PropertyValueSpecification","valueRequired":true,"valueName":"search_term_string"}}],"inLanguage":"pt-PT"},{"@type":"Organization","@id":"https:\/\/www.transtoyou.com\/pt\/#organization","name":"Transtoyou - PT","url":"https:\/\/www.transtoyou.com\/pt\/","logo":{"@type":"ImageObject","inLanguage":"pt-PT","@id":"https:\/\/www.transtoyou.com\/pt\/#\/schema\/logo\/image\/","url":"https:\/\/www.transtoyou.com\/pt\/wp-content\/uploads\/sites\/12\/2026\/01\/logo-tty-menu-bar-300x87-1.webp","contentUrl":"https:\/\/www.transtoyou.com\/pt\/wp-content\/uploads\/sites\/12\/2026\/01\/logo-tty-menu-bar-300x87-1.webp","width":300,"height":87,"caption":"Transtoyou - PT"},"image":{"@id":"https:\/\/www.transtoyou.com\/pt\/#\/schema\/logo\/image\/"}}]}},"_links":{"self":[{"href":"https:\/\/www.transtoyou.com\/pt\/wp-json\/wp\/v2\/product\/1004","targetHints":{"allow":["GET"]}}],"collection":[{"href":"https:\/\/www.transtoyou.com\/pt\/wp-json\/wp\/v2\/product"}],"about":[{"href":"https:\/\/www.transtoyou.com\/pt\/wp-json\/wp\/v2\/types\/product"}],"replies":[{"embeddable":true,"href":"https:\/\/www.transtoyou.com\/pt\/wp-json\/wp\/v2\/comments?post=1004"}],"wp:featuredmedia":[{"embeddable":true,"href":"https:\/\/www.transtoyou.com\/pt\/wp-json\/wp\/v2\/media\/1006"}],"wp:attachment":[{"href":"https:\/\/www.transtoyou.com\/pt\/wp-json\/wp\/v2\/media?parent=1004"}],"wp:term":[{"taxonomy":"product_brand","embeddable":true,"href":"https:\/\/www.transtoyou.com\/pt\/wp-json\/wp\/v2\/product_brand?post=1004"},{"taxonomy":"product_cat","embeddable":true,"href":"https:\/\/www.transtoyou.com\/pt\/wp-json\/wp\/v2\/product_cat?post=1004"},{"taxonomy":"product_tag","embeddable":true,"href":"https:\/\/www.transtoyou.com\/pt\/wp-json\/wp\/v2\/product_tag?post=1004"},{"taxonomy":"expert","embeddable":true,"href":"https:\/\/www.transtoyou.com\/pt\/wp-json\/wp\/v2\/expert?post=1004"}],"curies":[{"name":"wp","href":"https:\/\/api.w.org\/{rel}","templated":true}]}}