{"id":1007,"date":"2026-01-24T10:31:37","date_gmt":"2026-01-24T10:31:37","guid":{"rendered":"https:\/\/www.transtoyou.com\/pt\/product\/cerazette\/"},"modified":"2026-01-31T07:44:37","modified_gmt":"2026-01-31T07:44:37","slug":"cerazette","status":"publish","type":"product","link":"https:\/\/www.transtoyou.com\/pt\/product\/cerazette\/","title":{"rendered":"Cerazette"},"content":{"rendered":"<p>Cerazette \u00e9 um contraceptivo oral apenas com progest\u00e1geno, tamb\u00e9m conhecido como mini p\u00edlula. Cont\u00e9m desogestrel, que previne a gravidez inibindo a ovula\u00e7\u00e3o, espessando o muco cervical e alterando o revestimento uterino para reduzir a probabilidade de implanta\u00e7\u00e3o. Ao contr\u00e1rio das p\u00edlulas combinadas, Cerazette n\u00e3o cont\u00e9m estrog\u00eanio, tornando-a adequada para indiv\u00edduos que s\u00e3o sens\u00edveis ou t\u00eam contraindica\u00e7\u00f5es \u00e0 contracep\u00e7\u00e3o que cont\u00e9m estrog\u00eanio.<\/p>\n<p>Al\u00e9m de seus efeitos contraceptivos, Cerazette \u00e9 frequentemente utilizada para supress\u00e3o menstrual. Muitos usu\u00e1rios experimentam per\u00edodos mais leves, sangramentos irregulares ou amenorreia (aus\u00eancia de menstrua\u00e7\u00e3o) enquanto tomam Cerazette. Isso pode ser ben\u00e9fico para pessoas com ciclos pesados ou dolorosos ou aquelas que buscam controle do ciclo a longo prazo.<\/p>\n<p>Cerazette deve ser tomada uma vez ao dia, no mesmo hor\u00e1rio todos os dias, sem intervalos entre as cartelas. \u00c9 importante manter um hor\u00e1rio consistente, pois perder uma dose por mais de 12 horas pode reduzir a efic\u00e1cia contraceptiva. A prote\u00e7\u00e3o contraceptiva come\u00e7a 48 horas ap\u00f3s o in\u00edcio da primeira tablet (se n\u00e3o for tomada no primeiro dia do ciclo menstrual), e Cerazette \u00e9 considerada segura para uso durante a amamenta\u00e7\u00e3o.<\/p>\n<p>Cerazette oferece uma op\u00e7\u00e3o simples, livre de estrog\u00eanio, para contracep\u00e7\u00e3o confi\u00e1vel e supress\u00e3o menstrual com a conveni\u00eancia de uma tablet di\u00e1ria.<\/p>\n","protected":false},"excerpt":{"rendered":"<ul>\n<li>Contraceptivo di\u00e1rio apenas com progest\u00f3geno<\/li>\n<li>Adequado para usu\u00e1rios sens\u00edveis ao estrog\u00eanio<\/li>\n<li>Ajuda a suprimir a menstrua\u00e7\u00e3o<\/li>\n<\/ul>\n","protected":false},"featured_media":1009,"comment_status":"open","ping_status":"closed","template":"","meta":[],"product_brand":[],"product_cat":[132,128],"product_tag":[],"expert":[21],"class_list":{"0":"post-1007","1":"product","2":"type-product","3":"status-publish","4":"has-post-thumbnail","6":"product_cat-mini-pilula","7":"product_cat-supressao-menstrual","8":"expert-dr-m-sharoyko","10":"first","11":"instock","12":"shipping-taxable","13":"purchasable","14":"product-type-variable"},"yoast_head":"<!-- This site is optimized with the Yoast SEO plugin v27.0 - https:\/\/yoast.com\/product\/yoast-seo-wordpress\/ -->\n<title>Cerazette | Solu\u00e7\u00e3o Contraceptiva Eficaz - Transtoyou<\/title>\n<meta name=\"description\" content=\"Descubra Cerazette, dispon\u00edvel na Transtoyou. Aproveite a prote\u00e7\u00e3o contraceptiva confi\u00e1vel. Compre agora para acesso conveniente a solu\u00e7\u00f5es de sa\u00fade confi\u00e1veis.\" \/>\n<meta name=\"robots\" content=\"noindex, follow, max-snippet:-1, max-image-preview:large, max-video-preview:-1\" \/>\n<meta property=\"og:locale\" content=\"pt_PT\" \/>\n<meta property=\"og:type\" content=\"article\" \/>\n<meta property=\"og:title\" content=\"Cerazette | Solu\u00e7\u00e3o Contraceptiva Eficaz - Transtoyou\" \/>\n<meta property=\"og:description\" content=\"Descubra Cerazette, dispon\u00edvel na Transtoyou. Aproveite a prote\u00e7\u00e3o contraceptiva confi\u00e1vel. Compre agora para acesso conveniente a solu\u00e7\u00f5es de sa\u00fade confi\u00e1veis.\" \/>\n<meta property=\"og:url\" content=\"https:\/\/www.transtoyou.com\/pt\/product\/cerazette\/\" \/>\n<meta property=\"og:site_name\" content=\"Transtoyou - PT\" \/>\n<meta property=\"article:modified_time\" content=\"2026-01-31T07:44:37+00:00\" \/>\n<meta name=\"twitter:card\" content=\"summary_large_image\" \/>\n<meta name=\"twitter:label1\" content=\"Tempo estimado de leitura\" \/>\n\t<meta name=\"twitter:data1\" content=\"1 minuto\" \/>\n<script type=\"application\/ld+json\" class=\"yoast-schema-graph\">{\"@context\":\"https:\/\/schema.org\",\"@graph\":[{\"@type\":\"WebPage\",\"@id\":\"https:\/\/www.transtoyou.com\/pt\/product\/cerazette\/\",\"url\":\"https:\/\/www.transtoyou.com\/pt\/product\/cerazette\/\",\"name\":\"Cerazette | Solu\u00e7\u00e3o Contraceptiva Eficaz - Transtoyou\",\"isPartOf\":{\"@id\":\"https:\/\/www.transtoyou.com\/pt\/#website\"},\"primaryImageOfPage\":{\"@id\":\"https:\/\/www.transtoyou.com\/pt\/product\/cerazette\/#primaryimage\"},\"image\":{\"@id\":\"https:\/\/www.transtoyou.com\/pt\/product\/cerazette\/#primaryimage\"},\"thumbnailUrl\":\"https:\/\/www.transtoyou.com\/pt\/wp-content\/uploads\/sites\/12\/2026\/01\/tty-no-product-image-102.webp\",\"datePublished\":\"2026-01-24T10:31:37+00:00\",\"dateModified\":\"2026-01-31T07:44:37+00:00\",\"description\":\"Descubra Cerazette, dispon\u00edvel na Transtoyou. Aproveite a prote\u00e7\u00e3o contraceptiva confi\u00e1vel. Compre agora para acesso conveniente a solu\u00e7\u00f5es de sa\u00fade confi\u00e1veis.\",\"breadcrumb\":{\"@id\":\"https:\/\/www.transtoyou.com\/pt\/product\/cerazette\/#breadcrumb\"},\"inLanguage\":\"pt-PT\",\"potentialAction\":[{\"@type\":\"ReadAction\",\"target\":[\"https:\/\/www.transtoyou.com\/pt\/product\/cerazette\/\"]}]},{\"@type\":\"ImageObject\",\"inLanguage\":\"pt-PT\",\"@id\":\"https:\/\/www.transtoyou.com\/pt\/product\/cerazette\/#primaryimage\",\"url\":\"https:\/\/www.transtoyou.com\/pt\/wp-content\/uploads\/sites\/12\/2026\/01\/tty-no-product-image-102.webp\",\"contentUrl\":\"https:\/\/www.transtoyou.com\/pt\/wp-content\/uploads\/sites\/12\/2026\/01\/tty-no-product-image-102.webp\",\"width\":1000,\"height\":1000,\"caption\":\"Imagem padr\u00e3o do produto\"},{\"@type\":\"WebSite\",\"@id\":\"https:\/\/www.transtoyou.com\/pt\/#website\",\"url\":\"https:\/\/www.transtoyou.com\/pt\/\",\"name\":\"Transtoyou - PT\",\"description\":\"\",\"publisher\":{\"@id\":\"https:\/\/www.transtoyou.com\/pt\/#organization\"},\"potentialAction\":[{\"@type\":\"SearchAction\",\"target\":{\"@type\":\"EntryPoint\",\"urlTemplate\":\"https:\/\/www.transtoyou.com\/pt\/?s={search_term_string}\"},\"query-input\":{\"@type\":\"PropertyValueSpecification\",\"valueRequired\":true,\"valueName\":\"search_term_string\"}}],\"inLanguage\":\"pt-PT\"},{\"@type\":\"Organization\",\"@id\":\"https:\/\/www.transtoyou.com\/pt\/#organization\",\"name\":\"Transtoyou - PT\",\"url\":\"https:\/\/www.transtoyou.com\/pt\/\",\"logo\":{\"@type\":\"ImageObject\",\"inLanguage\":\"pt-PT\",\"@id\":\"https:\/\/www.transtoyou.com\/pt\/#\/schema\/logo\/image\/\",\"url\":\"https:\/\/www.transtoyou.com\/pt\/wp-content\/uploads\/sites\/12\/2026\/01\/logo-tty-menu-bar-300x87-1.webp\",\"contentUrl\":\"https:\/\/www.transtoyou.com\/pt\/wp-content\/uploads\/sites\/12\/2026\/01\/logo-tty-menu-bar-300x87-1.webp\",\"width\":300,\"height\":87,\"caption\":\"Transtoyou - PT\"},\"image\":{\"@id\":\"https:\/\/www.transtoyou.com\/pt\/#\/schema\/logo\/image\/\"}}]}<\/script>\n<!-- \/ Yoast SEO plugin. -->","yoast_head_json":{"title":"Cerazette | Solu\u00e7\u00e3o Contraceptiva Eficaz - Transtoyou","description":"Descubra Cerazette, dispon\u00edvel na Transtoyou. Aproveite a prote\u00e7\u00e3o contraceptiva confi\u00e1vel. Compre agora para acesso conveniente a solu\u00e7\u00f5es de sa\u00fade confi\u00e1veis.","robots":{"index":"noindex","follow":"follow","max-snippet":"max-snippet:-1","max-image-preview":"max-image-preview:large","max-video-preview":"max-video-preview:-1"},"og_locale":"pt_PT","og_type":"article","og_title":"Cerazette | Solu\u00e7\u00e3o Contraceptiva Eficaz - Transtoyou","og_description":"Descubra Cerazette, dispon\u00edvel na Transtoyou. Aproveite a prote\u00e7\u00e3o contraceptiva confi\u00e1vel. Compre agora para acesso conveniente a solu\u00e7\u00f5es de sa\u00fade confi\u00e1veis.","og_url":"https:\/\/www.transtoyou.com\/pt\/product\/cerazette\/","og_site_name":"Transtoyou - PT","article_modified_time":"2026-01-31T07:44:37+00:00","twitter_card":"summary_large_image","twitter_misc":{"Tempo estimado de leitura":"1 minuto"},"schema":{"@context":"https:\/\/schema.org","@graph":[{"@type":"WebPage","@id":"https:\/\/www.transtoyou.com\/pt\/product\/cerazette\/","url":"https:\/\/www.transtoyou.com\/pt\/product\/cerazette\/","name":"Cerazette | Solu\u00e7\u00e3o Contraceptiva Eficaz - Transtoyou","isPartOf":{"@id":"https:\/\/www.transtoyou.com\/pt\/#website"},"primaryImageOfPage":{"@id":"https:\/\/www.transtoyou.com\/pt\/product\/cerazette\/#primaryimage"},"image":{"@id":"https:\/\/www.transtoyou.com\/pt\/product\/cerazette\/#primaryimage"},"thumbnailUrl":"https:\/\/www.transtoyou.com\/pt\/wp-content\/uploads\/sites\/12\/2026\/01\/tty-no-product-image-102.webp","datePublished":"2026-01-24T10:31:37+00:00","dateModified":"2026-01-31T07:44:37+00:00","description":"Descubra Cerazette, dispon\u00edvel na Transtoyou. Aproveite a prote\u00e7\u00e3o contraceptiva confi\u00e1vel. Compre agora para acesso conveniente a solu\u00e7\u00f5es de sa\u00fade confi\u00e1veis.","breadcrumb":{"@id":"https:\/\/www.transtoyou.com\/pt\/product\/cerazette\/#breadcrumb"},"inLanguage":"pt-PT","potentialAction":[{"@type":"ReadAction","target":["https:\/\/www.transtoyou.com\/pt\/product\/cerazette\/"]}]},{"@type":"ImageObject","inLanguage":"pt-PT","@id":"https:\/\/www.transtoyou.com\/pt\/product\/cerazette\/#primaryimage","url":"https:\/\/www.transtoyou.com\/pt\/wp-content\/uploads\/sites\/12\/2026\/01\/tty-no-product-image-102.webp","contentUrl":"https:\/\/www.transtoyou.com\/pt\/wp-content\/uploads\/sites\/12\/2026\/01\/tty-no-product-image-102.webp","width":1000,"height":1000,"caption":"Imagem padr\u00e3o do produto"},{"@type":"WebSite","@id":"https:\/\/www.transtoyou.com\/pt\/#website","url":"https:\/\/www.transtoyou.com\/pt\/","name":"Transtoyou - PT","description":"","publisher":{"@id":"https:\/\/www.transtoyou.com\/pt\/#organization"},"potentialAction":[{"@type":"SearchAction","target":{"@type":"EntryPoint","urlTemplate":"https:\/\/www.transtoyou.com\/pt\/?s={search_term_string}"},"query-input":{"@type":"PropertyValueSpecification","valueRequired":true,"valueName":"search_term_string"}}],"inLanguage":"pt-PT"},{"@type":"Organization","@id":"https:\/\/www.transtoyou.com\/pt\/#organization","name":"Transtoyou - PT","url":"https:\/\/www.transtoyou.com\/pt\/","logo":{"@type":"ImageObject","inLanguage":"pt-PT","@id":"https:\/\/www.transtoyou.com\/pt\/#\/schema\/logo\/image\/","url":"https:\/\/www.transtoyou.com\/pt\/wp-content\/uploads\/sites\/12\/2026\/01\/logo-tty-menu-bar-300x87-1.webp","contentUrl":"https:\/\/www.transtoyou.com\/pt\/wp-content\/uploads\/sites\/12\/2026\/01\/logo-tty-menu-bar-300x87-1.webp","width":300,"height":87,"caption":"Transtoyou - PT"},"image":{"@id":"https:\/\/www.transtoyou.com\/pt\/#\/schema\/logo\/image\/"}}]}},"_links":{"self":[{"href":"https:\/\/www.transtoyou.com\/pt\/wp-json\/wp\/v2\/product\/1007","targetHints":{"allow":["GET"]}}],"collection":[{"href":"https:\/\/www.transtoyou.com\/pt\/wp-json\/wp\/v2\/product"}],"about":[{"href":"https:\/\/www.transtoyou.com\/pt\/wp-json\/wp\/v2\/types\/product"}],"replies":[{"embeddable":true,"href":"https:\/\/www.transtoyou.com\/pt\/wp-json\/wp\/v2\/comments?post=1007"}],"wp:featuredmedia":[{"embeddable":true,"href":"https:\/\/www.transtoyou.com\/pt\/wp-json\/wp\/v2\/media\/1009"}],"wp:attachment":[{"href":"https:\/\/www.transtoyou.com\/pt\/wp-json\/wp\/v2\/media?parent=1007"}],"wp:term":[{"taxonomy":"product_brand","embeddable":true,"href":"https:\/\/www.transtoyou.com\/pt\/wp-json\/wp\/v2\/product_brand?post=1007"},{"taxonomy":"product_cat","embeddable":true,"href":"https:\/\/www.transtoyou.com\/pt\/wp-json\/wp\/v2\/product_cat?post=1007"},{"taxonomy":"product_tag","embeddable":true,"href":"https:\/\/www.transtoyou.com\/pt\/wp-json\/wp\/v2\/product_tag?post=1007"},{"taxonomy":"expert","embeddable":true,"href":"https:\/\/www.transtoyou.com\/pt\/wp-json\/wp\/v2\/expert?post=1007"}],"curies":[{"name":"wp","href":"https:\/\/api.w.org\/{rel}","templated":true}]}}