{"id":1016,"date":"2026-01-24T17:53:24","date_gmt":"2026-01-24T17:53:24","guid":{"rendered":"https:\/\/www.transtoyou.com\/pt\/product\/proscar\/"},"modified":"2026-03-02T13:29:20","modified_gmt":"2026-03-02T11:29:20","slug":"proscar","status":"publish","type":"product","link":"https:\/\/www.transtoyou.com\/pt\/product\/proscar\/","title":{"rendered":"Proscar"},"content":{"rendered":"<p>Proscar \u00e9 um medicamento prescrito usado para tratar a hiperplasia prost\u00e1tica benigna, comumente referida como pr\u00f3stata aumentada. Cont\u00e9m finasterida, um inibidor da 5-alfa-redutase que atua reduzindo os n\u00edveis de dihidrotestosterona, um horm\u00f4nio que faz a pr\u00f3stata crescer. Ao reduzir os n\u00edveis hormonais, Proscar ajuda a encolher a pr\u00f3stata, melhorar o fluxo urin\u00e1rio e aliviar os sintomas associados.<\/p>\n<p>Uma pr\u00f3stata aumentada pode levar a mic\u00e7\u00f5es frequentes, jato fraco, dificuldade para iniciar ou parar a mic\u00e7\u00e3o e sono interrompido devido \u00e0 mic\u00e7\u00e3o noturna. Proscar aborda esses problemas reduzindo gradualmente o tamanho da pr\u00f3stata e aliviando a press\u00e3o na uretra. Esse processo geralmente leva v\u00e1rios meses, mas pode melhorar significativamente o conforto e a qualidade de vida ao longo do tempo.<\/p>\n<p>Proscar \u00e9 tomado como um comprimido uma vez ao dia e \u00e9 tipicamente prescrito para uso a longo prazo. Pode ser usado sozinho ou em combina\u00e7\u00e3o com outros medicamentos, como bloqueadores alfa para homens com sintomas mais graves. Embora alguns usu\u00e1rios experimentem efeitos colaterais leves, como redu\u00e7\u00e3o da libido ou altera\u00e7\u00f5es na ejacula\u00e7\u00e3o, esses efeitos costumam ser tempor\u00e1rios e diminuem com o uso cont\u00ednuo.<\/p>\n<p>\u00c9 importante notar que Proscar reduz os n\u00edveis do ant\u00edgeno prost\u00e1tico espec\u00edfico (PSA), que s\u00e3o medidos durante a triagem para c\u00e2ncer de pr\u00f3stata. Os profissionais de sa\u00fade levar\u00e3o isso em considera\u00e7\u00e3o ao interpretar os resultados.<\/p>\n","protected":false},"excerpt":{"rendered":"<ul>\n<li>Trata a pr\u00f3stata aumentada<\/li>\n<li>Melhora o fluxo urin\u00e1rio<\/li>\n<li>Comprimido oral di\u00e1rio<\/li>\n<\/ul>\n","protected":false},"featured_media":1018,"comment_status":"open","ping_status":"closed","template":"","meta":[],"product_brand":[],"product_cat":[138],"product_tag":[],"expert":[18],"class_list":{"0":"post-1016","1":"product","2":"type-product","3":"status-publish","4":"has-post-thumbnail","6":"product_cat-saude-da-prostata","7":"expert-dr-g-varbanov","9":"first","10":"instock","11":"shipping-taxable","12":"product-type-variable"},"yoast_head":"<!-- This site is optimized with the Yoast SEO plugin v27.0 - https:\/\/yoast.com\/product\/yoast-seo-wordpress\/ -->\n<title>Proscar | Al\u00edvio Eficaz da Pr\u00f3stata - Transtoyou<\/title>\n<meta name=\"description\" content=\"Proscar trata a pr\u00f3stata aumentada, aliviando os sintomas e melhorando sua qualidade de vida. Dispon\u00edvel agora no Transtoyou.\" \/>\n<meta name=\"robots\" content=\"noindex, follow, max-snippet:-1, max-image-preview:large, max-video-preview:-1\" \/>\n<meta property=\"og:locale\" content=\"pt_PT\" \/>\n<meta property=\"og:type\" content=\"article\" \/>\n<meta property=\"og:title\" content=\"Proscar | Al\u00edvio Eficaz da Pr\u00f3stata - Transtoyou\" \/>\n<meta property=\"og:description\" content=\"Proscar trata a pr\u00f3stata aumentada, aliviando os sintomas e melhorando sua qualidade de vida. Dispon\u00edvel agora no Transtoyou.\" \/>\n<meta property=\"og:url\" content=\"https:\/\/www.transtoyou.com\/pt\/product\/proscar\/\" \/>\n<meta property=\"og:site_name\" content=\"Transtoyou - PT\" \/>\n<meta property=\"article:modified_time\" content=\"2026-03-02T11:29:20+00:00\" \/>\n<meta name=\"twitter:card\" content=\"summary_large_image\" \/>\n<meta name=\"twitter:label1\" content=\"Tempo estimado de leitura\" \/>\n\t<meta name=\"twitter:data1\" content=\"1 minuto\" \/>\n<script type=\"application\/ld+json\" class=\"yoast-schema-graph\">{\"@context\":\"https:\/\/schema.org\",\"@graph\":[{\"@type\":\"WebPage\",\"@id\":\"https:\/\/www.transtoyou.com\/pt\/product\/proscar\/\",\"url\":\"https:\/\/www.transtoyou.com\/pt\/product\/proscar\/\",\"name\":\"Proscar | Al\u00edvio Eficaz da Pr\u00f3stata - Transtoyou\",\"isPartOf\":{\"@id\":\"https:\/\/www.transtoyou.com\/pt\/#website\"},\"primaryImageOfPage\":{\"@id\":\"https:\/\/www.transtoyou.com\/pt\/product\/proscar\/#primaryimage\"},\"image\":{\"@id\":\"https:\/\/www.transtoyou.com\/pt\/product\/proscar\/#primaryimage\"},\"thumbnailUrl\":\"https:\/\/www.transtoyou.com\/pt\/wp-content\/uploads\/sites\/12\/2026\/01\/tty-no-product-image-105.webp\",\"datePublished\":\"2026-01-24T17:53:24+00:00\",\"dateModified\":\"2026-03-02T11:29:20+00:00\",\"description\":\"Proscar trata a pr\u00f3stata aumentada, aliviando os sintomas e melhorando sua qualidade de vida. Dispon\u00edvel agora no Transtoyou.\",\"breadcrumb\":{\"@id\":\"https:\/\/www.transtoyou.com\/pt\/product\/proscar\/#breadcrumb\"},\"inLanguage\":\"pt-PT\",\"potentialAction\":[{\"@type\":\"ReadAction\",\"target\":[\"https:\/\/www.transtoyou.com\/pt\/product\/proscar\/\"]}]},{\"@type\":\"ImageObject\",\"inLanguage\":\"pt-PT\",\"@id\":\"https:\/\/www.transtoyou.com\/pt\/product\/proscar\/#primaryimage\",\"url\":\"https:\/\/www.transtoyou.com\/pt\/wp-content\/uploads\/sites\/12\/2026\/01\/tty-no-product-image-105.webp\",\"contentUrl\":\"https:\/\/www.transtoyou.com\/pt\/wp-content\/uploads\/sites\/12\/2026\/01\/tty-no-product-image-105.webp\",\"width\":1000,\"height\":1000,\"caption\":\"Imagem padr\u00e3o do produto\"},{\"@type\":\"WebSite\",\"@id\":\"https:\/\/www.transtoyou.com\/pt\/#website\",\"url\":\"https:\/\/www.transtoyou.com\/pt\/\",\"name\":\"Transtoyou - PT\",\"description\":\"\",\"publisher\":{\"@id\":\"https:\/\/www.transtoyou.com\/pt\/#organization\"},\"potentialAction\":[{\"@type\":\"SearchAction\",\"target\":{\"@type\":\"EntryPoint\",\"urlTemplate\":\"https:\/\/www.transtoyou.com\/pt\/?s={search_term_string}\"},\"query-input\":{\"@type\":\"PropertyValueSpecification\",\"valueRequired\":true,\"valueName\":\"search_term_string\"}}],\"inLanguage\":\"pt-PT\"},{\"@type\":\"Organization\",\"@id\":\"https:\/\/www.transtoyou.com\/pt\/#organization\",\"name\":\"Transtoyou - PT\",\"url\":\"https:\/\/www.transtoyou.com\/pt\/\",\"logo\":{\"@type\":\"ImageObject\",\"inLanguage\":\"pt-PT\",\"@id\":\"https:\/\/www.transtoyou.com\/pt\/#\/schema\/logo\/image\/\",\"url\":\"https:\/\/www.transtoyou.com\/pt\/wp-content\/uploads\/sites\/12\/2026\/01\/logo-tty-menu-bar-300x87-1.webp\",\"contentUrl\":\"https:\/\/www.transtoyou.com\/pt\/wp-content\/uploads\/sites\/12\/2026\/01\/logo-tty-menu-bar-300x87-1.webp\",\"width\":300,\"height\":87,\"caption\":\"Transtoyou - PT\"},\"image\":{\"@id\":\"https:\/\/www.transtoyou.com\/pt\/#\/schema\/logo\/image\/\"}}]}<\/script>\n<!-- \/ Yoast SEO plugin. -->","yoast_head_json":{"title":"Proscar | Al\u00edvio Eficaz da Pr\u00f3stata - Transtoyou","description":"Proscar trata a pr\u00f3stata aumentada, aliviando os sintomas e melhorando sua qualidade de vida. Dispon\u00edvel agora no Transtoyou.","robots":{"index":"noindex","follow":"follow","max-snippet":"max-snippet:-1","max-image-preview":"max-image-preview:large","max-video-preview":"max-video-preview:-1"},"og_locale":"pt_PT","og_type":"article","og_title":"Proscar | Al\u00edvio Eficaz da Pr\u00f3stata - Transtoyou","og_description":"Proscar trata a pr\u00f3stata aumentada, aliviando os sintomas e melhorando sua qualidade de vida. Dispon\u00edvel agora no Transtoyou.","og_url":"https:\/\/www.transtoyou.com\/pt\/product\/proscar\/","og_site_name":"Transtoyou - PT","article_modified_time":"2026-03-02T11:29:20+00:00","twitter_card":"summary_large_image","twitter_misc":{"Tempo estimado de leitura":"1 minuto"},"schema":{"@context":"https:\/\/schema.org","@graph":[{"@type":"WebPage","@id":"https:\/\/www.transtoyou.com\/pt\/product\/proscar\/","url":"https:\/\/www.transtoyou.com\/pt\/product\/proscar\/","name":"Proscar | Al\u00edvio Eficaz da Pr\u00f3stata - Transtoyou","isPartOf":{"@id":"https:\/\/www.transtoyou.com\/pt\/#website"},"primaryImageOfPage":{"@id":"https:\/\/www.transtoyou.com\/pt\/product\/proscar\/#primaryimage"},"image":{"@id":"https:\/\/www.transtoyou.com\/pt\/product\/proscar\/#primaryimage"},"thumbnailUrl":"https:\/\/www.transtoyou.com\/pt\/wp-content\/uploads\/sites\/12\/2026\/01\/tty-no-product-image-105.webp","datePublished":"2026-01-24T17:53:24+00:00","dateModified":"2026-03-02T11:29:20+00:00","description":"Proscar trata a pr\u00f3stata aumentada, aliviando os sintomas e melhorando sua qualidade de vida. Dispon\u00edvel agora no Transtoyou.","breadcrumb":{"@id":"https:\/\/www.transtoyou.com\/pt\/product\/proscar\/#breadcrumb"},"inLanguage":"pt-PT","potentialAction":[{"@type":"ReadAction","target":["https:\/\/www.transtoyou.com\/pt\/product\/proscar\/"]}]},{"@type":"ImageObject","inLanguage":"pt-PT","@id":"https:\/\/www.transtoyou.com\/pt\/product\/proscar\/#primaryimage","url":"https:\/\/www.transtoyou.com\/pt\/wp-content\/uploads\/sites\/12\/2026\/01\/tty-no-product-image-105.webp","contentUrl":"https:\/\/www.transtoyou.com\/pt\/wp-content\/uploads\/sites\/12\/2026\/01\/tty-no-product-image-105.webp","width":1000,"height":1000,"caption":"Imagem padr\u00e3o do produto"},{"@type":"WebSite","@id":"https:\/\/www.transtoyou.com\/pt\/#website","url":"https:\/\/www.transtoyou.com\/pt\/","name":"Transtoyou - PT","description":"","publisher":{"@id":"https:\/\/www.transtoyou.com\/pt\/#organization"},"potentialAction":[{"@type":"SearchAction","target":{"@type":"EntryPoint","urlTemplate":"https:\/\/www.transtoyou.com\/pt\/?s={search_term_string}"},"query-input":{"@type":"PropertyValueSpecification","valueRequired":true,"valueName":"search_term_string"}}],"inLanguage":"pt-PT"},{"@type":"Organization","@id":"https:\/\/www.transtoyou.com\/pt\/#organization","name":"Transtoyou - PT","url":"https:\/\/www.transtoyou.com\/pt\/","logo":{"@type":"ImageObject","inLanguage":"pt-PT","@id":"https:\/\/www.transtoyou.com\/pt\/#\/schema\/logo\/image\/","url":"https:\/\/www.transtoyou.com\/pt\/wp-content\/uploads\/sites\/12\/2026\/01\/logo-tty-menu-bar-300x87-1.webp","contentUrl":"https:\/\/www.transtoyou.com\/pt\/wp-content\/uploads\/sites\/12\/2026\/01\/logo-tty-menu-bar-300x87-1.webp","width":300,"height":87,"caption":"Transtoyou - PT"},"image":{"@id":"https:\/\/www.transtoyou.com\/pt\/#\/schema\/logo\/image\/"}}]}},"_links":{"self":[{"href":"https:\/\/www.transtoyou.com\/pt\/wp-json\/wp\/v2\/product\/1016","targetHints":{"allow":["GET"]}}],"collection":[{"href":"https:\/\/www.transtoyou.com\/pt\/wp-json\/wp\/v2\/product"}],"about":[{"href":"https:\/\/www.transtoyou.com\/pt\/wp-json\/wp\/v2\/types\/product"}],"replies":[{"embeddable":true,"href":"https:\/\/www.transtoyou.com\/pt\/wp-json\/wp\/v2\/comments?post=1016"}],"wp:featuredmedia":[{"embeddable":true,"href":"https:\/\/www.transtoyou.com\/pt\/wp-json\/wp\/v2\/media\/1018"}],"wp:attachment":[{"href":"https:\/\/www.transtoyou.com\/pt\/wp-json\/wp\/v2\/media?parent=1016"}],"wp:term":[{"taxonomy":"product_brand","embeddable":true,"href":"https:\/\/www.transtoyou.com\/pt\/wp-json\/wp\/v2\/product_brand?post=1016"},{"taxonomy":"product_cat","embeddable":true,"href":"https:\/\/www.transtoyou.com\/pt\/wp-json\/wp\/v2\/product_cat?post=1016"},{"taxonomy":"product_tag","embeddable":true,"href":"https:\/\/www.transtoyou.com\/pt\/wp-json\/wp\/v2\/product_tag?post=1016"},{"taxonomy":"expert","embeddable":true,"href":"https:\/\/www.transtoyou.com\/pt\/wp-json\/wp\/v2\/expert?post=1016"}],"curies":[{"name":"wp","href":"https:\/\/api.w.org\/{rel}","templated":true}]}}