{"id":1019,"date":"2026-01-24T18:10:58","date_gmt":"2026-01-24T18:10:58","guid":{"rendered":"https:\/\/www.transtoyou.com\/pt\/product\/efracea-oracea\/"},"modified":"2026-01-24T18:12:04","modified_gmt":"2026-01-24T18:12:04","slug":"efracea-oracea","status":"publish","type":"product","link":"https:\/\/www.transtoyou.com\/pt\/product\/efracea-oracea\/","title":{"rendered":"Efracea (Oracea)"},"content":{"rendered":"<p>Efracea, tamb\u00e9m conhecido pelo seu nome internacional Oracea, \u00e9 um tratamento oral tomado uma vez ao dia, utilizado para gerenciar as les\u00f5es inflamat\u00f3rias e crises associadas \u00e0 ros\u00e1cea. Cont\u00e9m doxiciclina em uma dosagem baixa de libera\u00e7\u00e3o controlada. Ao contr\u00e1rio dos antibi\u00f3ticos usados para combater infec\u00e7\u00f5es, Efracea \u00e9 classificado como um tratamento anti-inflamat\u00f3rio n\u00e3o antimicrobiano, o que significa que visa a inflama\u00e7\u00e3o da pele sem promover resist\u00eancia bacteriana.<\/p>\n<p>A ros\u00e1cea \u00e9 uma condi\u00e7\u00e3o cr\u00f4nica da pele que causa vermelhid\u00e3o, vasos sangu\u00edneos vis\u00edveis e, \u00e0s vezes, protuber\u00e2ncias semelhantes a acne, particularmente na parte central do rosto. Efracea ajuda a reduzir essas protuber\u00e2ncias e p\u00fastulas, suprimindo a resposta inflamat\u00f3ria na pele. Com o tempo, o uso consistente pode levar a uma pele mais clara, menos crises e uma redu\u00e7\u00e3o no desconforto.<\/p>\n<p>Esta formula\u00e7\u00e3o de baixa dosagem \u00e9 especificamente projetada para uso a longo prazo e n\u00e3o age como um antibi\u00f3tico t\u00edpico. Funciona gradualmente, com melhorias vis\u00edveis geralmente aparecendo em quatro a seis semanas. Como n\u00e3o depende do seu efeito antibacteriano, Efracea tem menos probabilidade de perturbar a flora natural do corpo e n\u00e3o \u00e9 destinado ao tratamento de infec\u00e7\u00f5es bacterianas.<\/p>\n<p>Efracea \u00e9 geralmente bem tolerado, mas alguns usu\u00e1rios podem experimentar desconforto gastrointestinal, sensibilidade ao sol ou boca seca. N\u00e3o deve ser tomado com leite ou anti\u00e1cidos, pois estes podem interferir na absor\u00e7\u00e3o. Este medicamento n\u00e3o \u00e9 adequado durante a gravidez ou enquanto estiver amamentando.<\/p>\n","protected":false},"excerpt":{"rendered":"<ul>\n<li>Tratamento oral uma vez ao dia<\/li>\n<li>Reduz a inflama\u00e7\u00e3o da ros\u00e1cea<\/li>\n<li>Efeito n\u00e3o antibi\u00f3tico em baixa dose<\/li>\n<\/ul>\n","protected":false},"featured_media":1021,"comment_status":"open","ping_status":"closed","template":"","meta":[],"product_brand":[],"product_cat":[140],"product_tag":[],"expert":[18],"class_list":{"0":"post-1019","1":"product","2":"type-product","3":"status-publish","4":"has-post-thumbnail","6":"product_cat-rosacea","7":"expert-dr-g-varbanov","9":"first","10":"instock","11":"shipping-taxable","12":"product-type-variable"},"yoast_head":"<!-- This site is optimized with the Yoast SEO plugin v27.0 - https:\/\/yoast.com\/product\/yoast-seo-wordpress\/ -->\n<title>Efracea (Oracea) | Pele Mais Clara, Anti-inflamat\u00f3rio - Transtoyou<\/title>\n<meta name=\"description\" content=\"Descubra Efracea, um tratamento oral para crises de ros\u00e1cea. Aproveite uma pele mais clara com seus benef\u00edcios anti-inflamat\u00f3rios. Dispon\u00edvel agora no Transtoyou.\" \/>\n<meta name=\"robots\" content=\"noindex, follow, max-snippet:-1, max-image-preview:large, max-video-preview:-1\" \/>\n<meta property=\"og:locale\" content=\"pt_PT\" \/>\n<meta property=\"og:type\" content=\"article\" \/>\n<meta property=\"og:title\" content=\"Efracea (Oracea) | Pele Mais Clara, Anti-inflamat\u00f3rio - Transtoyou\" \/>\n<meta property=\"og:description\" content=\"Descubra Efracea, um tratamento oral para crises de ros\u00e1cea. Aproveite uma pele mais clara com seus benef\u00edcios anti-inflamat\u00f3rios. Dispon\u00edvel agora no Transtoyou.\" \/>\n<meta property=\"og:url\" content=\"https:\/\/www.transtoyou.com\/pt\/product\/efracea-oracea\/\" \/>\n<meta property=\"og:site_name\" content=\"Transtoyou - PT\" \/>\n<meta property=\"article:modified_time\" content=\"2026-01-24T18:12:04+00:00\" \/>\n<meta name=\"twitter:card\" content=\"summary_large_image\" \/>\n<meta name=\"twitter:label1\" content=\"Tempo estimado de leitura\" \/>\n\t<meta name=\"twitter:data1\" content=\"1 minuto\" \/>\n<script type=\"application\/ld+json\" class=\"yoast-schema-graph\">{\"@context\":\"https:\/\/schema.org\",\"@graph\":[{\"@type\":\"WebPage\",\"@id\":\"https:\/\/www.transtoyou.com\/pt\/product\/efracea-oracea\/\",\"url\":\"https:\/\/www.transtoyou.com\/pt\/product\/efracea-oracea\/\",\"name\":\"Efracea (Oracea) | Pele Mais Clara, Anti-inflamat\u00f3rio - Transtoyou\",\"isPartOf\":{\"@id\":\"https:\/\/www.transtoyou.com\/pt\/#website\"},\"primaryImageOfPage\":{\"@id\":\"https:\/\/www.transtoyou.com\/pt\/product\/efracea-oracea\/#primaryimage\"},\"image\":{\"@id\":\"https:\/\/www.transtoyou.com\/pt\/product\/efracea-oracea\/#primaryimage\"},\"thumbnailUrl\":\"https:\/\/www.transtoyou.com\/pt\/wp-content\/uploads\/sites\/12\/2026\/01\/tty-no-product-image-106.webp\",\"datePublished\":\"2026-01-24T18:10:58+00:00\",\"dateModified\":\"2026-01-24T18:12:04+00:00\",\"description\":\"Descubra Efracea, um tratamento oral para crises de ros\u00e1cea. Aproveite uma pele mais clara com seus benef\u00edcios anti-inflamat\u00f3rios. Dispon\u00edvel agora no Transtoyou.\",\"breadcrumb\":{\"@id\":\"https:\/\/www.transtoyou.com\/pt\/product\/efracea-oracea\/#breadcrumb\"},\"inLanguage\":\"pt-PT\",\"potentialAction\":[{\"@type\":\"ReadAction\",\"target\":[\"https:\/\/www.transtoyou.com\/pt\/product\/efracea-oracea\/\"]}]},{\"@type\":\"ImageObject\",\"inLanguage\":\"pt-PT\",\"@id\":\"https:\/\/www.transtoyou.com\/pt\/product\/efracea-oracea\/#primaryimage\",\"url\":\"https:\/\/www.transtoyou.com\/pt\/wp-content\/uploads\/sites\/12\/2026\/01\/tty-no-product-image-106.webp\",\"contentUrl\":\"https:\/\/www.transtoyou.com\/pt\/wp-content\/uploads\/sites\/12\/2026\/01\/tty-no-product-image-106.webp\",\"width\":1000,\"height\":1000,\"caption\":\"Imagem padr\u00e3o do produto\"},{\"@type\":\"WebSite\",\"@id\":\"https:\/\/www.transtoyou.com\/pt\/#website\",\"url\":\"https:\/\/www.transtoyou.com\/pt\/\",\"name\":\"Transtoyou - PT\",\"description\":\"\",\"publisher\":{\"@id\":\"https:\/\/www.transtoyou.com\/pt\/#organization\"},\"potentialAction\":[{\"@type\":\"SearchAction\",\"target\":{\"@type\":\"EntryPoint\",\"urlTemplate\":\"https:\/\/www.transtoyou.com\/pt\/?s={search_term_string}\"},\"query-input\":{\"@type\":\"PropertyValueSpecification\",\"valueRequired\":true,\"valueName\":\"search_term_string\"}}],\"inLanguage\":\"pt-PT\"},{\"@type\":\"Organization\",\"@id\":\"https:\/\/www.transtoyou.com\/pt\/#organization\",\"name\":\"Transtoyou - PT\",\"url\":\"https:\/\/www.transtoyou.com\/pt\/\",\"logo\":{\"@type\":\"ImageObject\",\"inLanguage\":\"pt-PT\",\"@id\":\"https:\/\/www.transtoyou.com\/pt\/#\/schema\/logo\/image\/\",\"url\":\"https:\/\/www.transtoyou.com\/pt\/wp-content\/uploads\/sites\/12\/2026\/01\/logo-tty-menu-bar-300x87-1.webp\",\"contentUrl\":\"https:\/\/www.transtoyou.com\/pt\/wp-content\/uploads\/sites\/12\/2026\/01\/logo-tty-menu-bar-300x87-1.webp\",\"width\":300,\"height\":87,\"caption\":\"Transtoyou - PT\"},\"image\":{\"@id\":\"https:\/\/www.transtoyou.com\/pt\/#\/schema\/logo\/image\/\"}}]}<\/script>\n<!-- \/ Yoast SEO plugin. -->","yoast_head_json":{"title":"Efracea (Oracea) | Pele Mais Clara, Anti-inflamat\u00f3rio - Transtoyou","description":"Descubra Efracea, um tratamento oral para crises de ros\u00e1cea. Aproveite uma pele mais clara com seus benef\u00edcios anti-inflamat\u00f3rios. Dispon\u00edvel agora no Transtoyou.","robots":{"index":"noindex","follow":"follow","max-snippet":"max-snippet:-1","max-image-preview":"max-image-preview:large","max-video-preview":"max-video-preview:-1"},"og_locale":"pt_PT","og_type":"article","og_title":"Efracea (Oracea) | Pele Mais Clara, Anti-inflamat\u00f3rio - Transtoyou","og_description":"Descubra Efracea, um tratamento oral para crises de ros\u00e1cea. Aproveite uma pele mais clara com seus benef\u00edcios anti-inflamat\u00f3rios. Dispon\u00edvel agora no Transtoyou.","og_url":"https:\/\/www.transtoyou.com\/pt\/product\/efracea-oracea\/","og_site_name":"Transtoyou - PT","article_modified_time":"2026-01-24T18:12:04+00:00","twitter_card":"summary_large_image","twitter_misc":{"Tempo estimado de leitura":"1 minuto"},"schema":{"@context":"https:\/\/schema.org","@graph":[{"@type":"WebPage","@id":"https:\/\/www.transtoyou.com\/pt\/product\/efracea-oracea\/","url":"https:\/\/www.transtoyou.com\/pt\/product\/efracea-oracea\/","name":"Efracea (Oracea) | Pele Mais Clara, Anti-inflamat\u00f3rio - Transtoyou","isPartOf":{"@id":"https:\/\/www.transtoyou.com\/pt\/#website"},"primaryImageOfPage":{"@id":"https:\/\/www.transtoyou.com\/pt\/product\/efracea-oracea\/#primaryimage"},"image":{"@id":"https:\/\/www.transtoyou.com\/pt\/product\/efracea-oracea\/#primaryimage"},"thumbnailUrl":"https:\/\/www.transtoyou.com\/pt\/wp-content\/uploads\/sites\/12\/2026\/01\/tty-no-product-image-106.webp","datePublished":"2026-01-24T18:10:58+00:00","dateModified":"2026-01-24T18:12:04+00:00","description":"Descubra Efracea, um tratamento oral para crises de ros\u00e1cea. Aproveite uma pele mais clara com seus benef\u00edcios anti-inflamat\u00f3rios. Dispon\u00edvel agora no Transtoyou.","breadcrumb":{"@id":"https:\/\/www.transtoyou.com\/pt\/product\/efracea-oracea\/#breadcrumb"},"inLanguage":"pt-PT","potentialAction":[{"@type":"ReadAction","target":["https:\/\/www.transtoyou.com\/pt\/product\/efracea-oracea\/"]}]},{"@type":"ImageObject","inLanguage":"pt-PT","@id":"https:\/\/www.transtoyou.com\/pt\/product\/efracea-oracea\/#primaryimage","url":"https:\/\/www.transtoyou.com\/pt\/wp-content\/uploads\/sites\/12\/2026\/01\/tty-no-product-image-106.webp","contentUrl":"https:\/\/www.transtoyou.com\/pt\/wp-content\/uploads\/sites\/12\/2026\/01\/tty-no-product-image-106.webp","width":1000,"height":1000,"caption":"Imagem padr\u00e3o do produto"},{"@type":"WebSite","@id":"https:\/\/www.transtoyou.com\/pt\/#website","url":"https:\/\/www.transtoyou.com\/pt\/","name":"Transtoyou - PT","description":"","publisher":{"@id":"https:\/\/www.transtoyou.com\/pt\/#organization"},"potentialAction":[{"@type":"SearchAction","target":{"@type":"EntryPoint","urlTemplate":"https:\/\/www.transtoyou.com\/pt\/?s={search_term_string}"},"query-input":{"@type":"PropertyValueSpecification","valueRequired":true,"valueName":"search_term_string"}}],"inLanguage":"pt-PT"},{"@type":"Organization","@id":"https:\/\/www.transtoyou.com\/pt\/#organization","name":"Transtoyou - PT","url":"https:\/\/www.transtoyou.com\/pt\/","logo":{"@type":"ImageObject","inLanguage":"pt-PT","@id":"https:\/\/www.transtoyou.com\/pt\/#\/schema\/logo\/image\/","url":"https:\/\/www.transtoyou.com\/pt\/wp-content\/uploads\/sites\/12\/2026\/01\/logo-tty-menu-bar-300x87-1.webp","contentUrl":"https:\/\/www.transtoyou.com\/pt\/wp-content\/uploads\/sites\/12\/2026\/01\/logo-tty-menu-bar-300x87-1.webp","width":300,"height":87,"caption":"Transtoyou - PT"},"image":{"@id":"https:\/\/www.transtoyou.com\/pt\/#\/schema\/logo\/image\/"}}]}},"_links":{"self":[{"href":"https:\/\/www.transtoyou.com\/pt\/wp-json\/wp\/v2\/product\/1019","targetHints":{"allow":["GET"]}}],"collection":[{"href":"https:\/\/www.transtoyou.com\/pt\/wp-json\/wp\/v2\/product"}],"about":[{"href":"https:\/\/www.transtoyou.com\/pt\/wp-json\/wp\/v2\/types\/product"}],"replies":[{"embeddable":true,"href":"https:\/\/www.transtoyou.com\/pt\/wp-json\/wp\/v2\/comments?post=1019"}],"wp:featuredmedia":[{"embeddable":true,"href":"https:\/\/www.transtoyou.com\/pt\/wp-json\/wp\/v2\/media\/1021"}],"wp:attachment":[{"href":"https:\/\/www.transtoyou.com\/pt\/wp-json\/wp\/v2\/media?parent=1019"}],"wp:term":[{"taxonomy":"product_brand","embeddable":true,"href":"https:\/\/www.transtoyou.com\/pt\/wp-json\/wp\/v2\/product_brand?post=1019"},{"taxonomy":"product_cat","embeddable":true,"href":"https:\/\/www.transtoyou.com\/pt\/wp-json\/wp\/v2\/product_cat?post=1019"},{"taxonomy":"product_tag","embeddable":true,"href":"https:\/\/www.transtoyou.com\/pt\/wp-json\/wp\/v2\/product_tag?post=1019"},{"taxonomy":"expert","embeddable":true,"href":"https:\/\/www.transtoyou.com\/pt\/wp-json\/wp\/v2\/expert?post=1019"}],"curies":[{"name":"wp","href":"https:\/\/api.w.org\/{rel}","templated":true}]}}