{"id":1028,"date":"2026-01-24T19:01:30","date_gmt":"2026-01-24T19:01:30","guid":{"rendered":"https:\/\/www.transtoyou.com\/pt\/product\/circadin\/"},"modified":"2026-01-24T19:02:24","modified_gmt":"2026-01-24T19:02:24","slug":"circadin","status":"publish","type":"product","link":"https:\/\/www.transtoyou.com\/pt\/product\/circadin\/","title":{"rendered":"Circadin"},"content":{"rendered":"<p>Circadin \u00e9 um medicamento sob prescri\u00e7\u00e3o que cont\u00e9m 2 mg de melatonina de libera\u00e7\u00e3o prolongada, desenvolvido especificamente para apoiar o ciclo natural de sono-vig\u00edlia. \u00c9 prescrito principalmente para adultos com 55 anos ou mais que apresentam baixa qualidade de sono devido \u00e0 ins\u00f4nia ou mudan\u00e7as relacionadas \u00e0 idade na produ\u00e7\u00e3o de melatonina. Ao contr\u00e1rio dos suplementos de melatonina padr\u00e3o, Circadin \u00e9 projetado para imitar a libera\u00e7\u00e3o natural de melatonina do corpo durante a noite, ajudando a promover um sono mais longo e reparador.<\/p>\n<p>A melatonina \u00e9 um horm\u00f4nio que o corpo produz naturalmente em resposta \u00e0 escurid\u00e3o. Circadin suplementa esse horm\u00f4nio em uma forma de libera\u00e7\u00e3o controlada, ajudando as pessoas a adormecer mais r\u00e1pido, dormir mais profundamente e reduzir os despertares noturnos. Oferece uma alternativa suave aos comprimidos tradicionais para dormir, sem causar depend\u00eancia ou sonol\u00eancia significativa durante o dia.<\/p>\n<p>Circadin \u00e9 tomado por via oral, uma a duas horas antes de dormir, e \u00e9 mais eficaz quando combinado com boas pr\u00e1ticas de higiene do sono, como evitar telas antes de dormir e manter uma rotina regular de sono. Come\u00e7a a agir dentro dos primeiros dias, com os benef\u00edcios completos geralmente percebidos ap\u00f3s uma a duas semanas de uso consistente.<\/p>\n<p>Geralmente \u00e9 bem tolerado, embora algumas pessoas possam experimentar efeitos colaterais leves, como dor de cabe\u00e7a, n\u00e1usea ou sonol\u00eancia. N\u00e3o deve ser usado em conjunto com \u00e1lcool ou sedativos fortes, pois isso pode prejudicar sua efic\u00e1cia.<\/p>\n","protected":false},"excerpt":{"rendered":"<ul>\n<li>Suporte para sono com receita<\/li>\n<li>Melatonina de libera\u00e7\u00e3o prolongada<\/li>\n<li>Melhora a qualidade do sono<\/li>\n<\/ul>\n","protected":false},"featured_media":1030,"comment_status":"open","ping_status":"closed","template":"","meta":[],"product_brand":[],"product_cat":[144],"product_tag":[],"expert":[16],"class_list":{"0":"post-1028","1":"product","2":"type-product","3":"status-publish","4":"has-post-thumbnail","6":"product_cat-disturbios-do-sono","7":"expert-dr-c-alexandru","9":"first","10":"instock","11":"shipping-taxable","12":"product-type-variable"},"yoast_head":"<!-- This site is optimized with the Yoast SEO plugin v27.0 - https:\/\/yoast.com\/product\/yoast-seo-wordpress\/ -->\n<title>Circadin | Suporte ao Sono - Transtoyou<\/title>\n<meta name=\"description\" content=\"Circadin dispon\u00edvel aqui, apoia um sono reparador de forma natural. Compre agora uma solu\u00e7\u00e3o clinicamente revisada para melhorar a qualidade do sono com facilidade.\" \/>\n<meta name=\"robots\" content=\"noindex, follow, max-snippet:-1, max-image-preview:large, max-video-preview:-1\" \/>\n<meta property=\"og:locale\" content=\"pt_PT\" \/>\n<meta property=\"og:type\" content=\"article\" \/>\n<meta property=\"og:title\" content=\"Circadin | Suporte ao Sono - Transtoyou\" \/>\n<meta property=\"og:description\" content=\"Circadin dispon\u00edvel aqui, apoia um sono reparador de forma natural. Compre agora uma solu\u00e7\u00e3o clinicamente revisada para melhorar a qualidade do sono com facilidade.\" \/>\n<meta property=\"og:url\" content=\"https:\/\/www.transtoyou.com\/pt\/product\/circadin\/\" \/>\n<meta property=\"og:site_name\" content=\"Transtoyou - PT\" \/>\n<meta property=\"article:modified_time\" content=\"2026-01-24T19:02:24+00:00\" \/>\n<meta name=\"twitter:card\" content=\"summary_large_image\" \/>\n<meta name=\"twitter:label1\" content=\"Tempo estimado de leitura\" \/>\n\t<meta name=\"twitter:data1\" content=\"1 minuto\" \/>\n<script type=\"application\/ld+json\" class=\"yoast-schema-graph\">{\"@context\":\"https:\/\/schema.org\",\"@graph\":[{\"@type\":\"WebPage\",\"@id\":\"https:\/\/www.transtoyou.com\/pt\/product\/circadin\/\",\"url\":\"https:\/\/www.transtoyou.com\/pt\/product\/circadin\/\",\"name\":\"Circadin | Suporte ao Sono - Transtoyou\",\"isPartOf\":{\"@id\":\"https:\/\/www.transtoyou.com\/pt\/#website\"},\"primaryImageOfPage\":{\"@id\":\"https:\/\/www.transtoyou.com\/pt\/product\/circadin\/#primaryimage\"},\"image\":{\"@id\":\"https:\/\/www.transtoyou.com\/pt\/product\/circadin\/#primaryimage\"},\"thumbnailUrl\":\"https:\/\/www.transtoyou.com\/pt\/wp-content\/uploads\/sites\/12\/2026\/01\/tty-no-product-image-109.webp\",\"datePublished\":\"2026-01-24T19:01:30+00:00\",\"dateModified\":\"2026-01-24T19:02:24+00:00\",\"description\":\"Circadin dispon\u00edvel aqui, apoia um sono reparador de forma natural. Compre agora uma solu\u00e7\u00e3o clinicamente revisada para melhorar a qualidade do sono com facilidade.\",\"breadcrumb\":{\"@id\":\"https:\/\/www.transtoyou.com\/pt\/product\/circadin\/#breadcrumb\"},\"inLanguage\":\"pt-PT\",\"potentialAction\":[{\"@type\":\"ReadAction\",\"target\":[\"https:\/\/www.transtoyou.com\/pt\/product\/circadin\/\"]}]},{\"@type\":\"ImageObject\",\"inLanguage\":\"pt-PT\",\"@id\":\"https:\/\/www.transtoyou.com\/pt\/product\/circadin\/#primaryimage\",\"url\":\"https:\/\/www.transtoyou.com\/pt\/wp-content\/uploads\/sites\/12\/2026\/01\/tty-no-product-image-109.webp\",\"contentUrl\":\"https:\/\/www.transtoyou.com\/pt\/wp-content\/uploads\/sites\/12\/2026\/01\/tty-no-product-image-109.webp\",\"width\":1000,\"height\":1000,\"caption\":\"Imagem padr\u00e3o do produto\"},{\"@type\":\"WebSite\",\"@id\":\"https:\/\/www.transtoyou.com\/pt\/#website\",\"url\":\"https:\/\/www.transtoyou.com\/pt\/\",\"name\":\"Transtoyou - PT\",\"description\":\"\",\"publisher\":{\"@id\":\"https:\/\/www.transtoyou.com\/pt\/#organization\"},\"potentialAction\":[{\"@type\":\"SearchAction\",\"target\":{\"@type\":\"EntryPoint\",\"urlTemplate\":\"https:\/\/www.transtoyou.com\/pt\/?s={search_term_string}\"},\"query-input\":{\"@type\":\"PropertyValueSpecification\",\"valueRequired\":true,\"valueName\":\"search_term_string\"}}],\"inLanguage\":\"pt-PT\"},{\"@type\":\"Organization\",\"@id\":\"https:\/\/www.transtoyou.com\/pt\/#organization\",\"name\":\"Transtoyou - PT\",\"url\":\"https:\/\/www.transtoyou.com\/pt\/\",\"logo\":{\"@type\":\"ImageObject\",\"inLanguage\":\"pt-PT\",\"@id\":\"https:\/\/www.transtoyou.com\/pt\/#\/schema\/logo\/image\/\",\"url\":\"https:\/\/www.transtoyou.com\/pt\/wp-content\/uploads\/sites\/12\/2026\/01\/logo-tty-menu-bar-300x87-1.webp\",\"contentUrl\":\"https:\/\/www.transtoyou.com\/pt\/wp-content\/uploads\/sites\/12\/2026\/01\/logo-tty-menu-bar-300x87-1.webp\",\"width\":300,\"height\":87,\"caption\":\"Transtoyou - PT\"},\"image\":{\"@id\":\"https:\/\/www.transtoyou.com\/pt\/#\/schema\/logo\/image\/\"}}]}<\/script>\n<!-- \/ Yoast SEO plugin. -->","yoast_head_json":{"title":"Circadin | Suporte ao Sono - Transtoyou","description":"Circadin dispon\u00edvel aqui, apoia um sono reparador de forma natural. Compre agora uma solu\u00e7\u00e3o clinicamente revisada para melhorar a qualidade do sono com facilidade.","robots":{"index":"noindex","follow":"follow","max-snippet":"max-snippet:-1","max-image-preview":"max-image-preview:large","max-video-preview":"max-video-preview:-1"},"og_locale":"pt_PT","og_type":"article","og_title":"Circadin | Suporte ao Sono - Transtoyou","og_description":"Circadin dispon\u00edvel aqui, apoia um sono reparador de forma natural. Compre agora uma solu\u00e7\u00e3o clinicamente revisada para melhorar a qualidade do sono com facilidade.","og_url":"https:\/\/www.transtoyou.com\/pt\/product\/circadin\/","og_site_name":"Transtoyou - PT","article_modified_time":"2026-01-24T19:02:24+00:00","twitter_card":"summary_large_image","twitter_misc":{"Tempo estimado de leitura":"1 minuto"},"schema":{"@context":"https:\/\/schema.org","@graph":[{"@type":"WebPage","@id":"https:\/\/www.transtoyou.com\/pt\/product\/circadin\/","url":"https:\/\/www.transtoyou.com\/pt\/product\/circadin\/","name":"Circadin | Suporte ao Sono - Transtoyou","isPartOf":{"@id":"https:\/\/www.transtoyou.com\/pt\/#website"},"primaryImageOfPage":{"@id":"https:\/\/www.transtoyou.com\/pt\/product\/circadin\/#primaryimage"},"image":{"@id":"https:\/\/www.transtoyou.com\/pt\/product\/circadin\/#primaryimage"},"thumbnailUrl":"https:\/\/www.transtoyou.com\/pt\/wp-content\/uploads\/sites\/12\/2026\/01\/tty-no-product-image-109.webp","datePublished":"2026-01-24T19:01:30+00:00","dateModified":"2026-01-24T19:02:24+00:00","description":"Circadin dispon\u00edvel aqui, apoia um sono reparador de forma natural. Compre agora uma solu\u00e7\u00e3o clinicamente revisada para melhorar a qualidade do sono com facilidade.","breadcrumb":{"@id":"https:\/\/www.transtoyou.com\/pt\/product\/circadin\/#breadcrumb"},"inLanguage":"pt-PT","potentialAction":[{"@type":"ReadAction","target":["https:\/\/www.transtoyou.com\/pt\/product\/circadin\/"]}]},{"@type":"ImageObject","inLanguage":"pt-PT","@id":"https:\/\/www.transtoyou.com\/pt\/product\/circadin\/#primaryimage","url":"https:\/\/www.transtoyou.com\/pt\/wp-content\/uploads\/sites\/12\/2026\/01\/tty-no-product-image-109.webp","contentUrl":"https:\/\/www.transtoyou.com\/pt\/wp-content\/uploads\/sites\/12\/2026\/01\/tty-no-product-image-109.webp","width":1000,"height":1000,"caption":"Imagem padr\u00e3o do produto"},{"@type":"WebSite","@id":"https:\/\/www.transtoyou.com\/pt\/#website","url":"https:\/\/www.transtoyou.com\/pt\/","name":"Transtoyou - PT","description":"","publisher":{"@id":"https:\/\/www.transtoyou.com\/pt\/#organization"},"potentialAction":[{"@type":"SearchAction","target":{"@type":"EntryPoint","urlTemplate":"https:\/\/www.transtoyou.com\/pt\/?s={search_term_string}"},"query-input":{"@type":"PropertyValueSpecification","valueRequired":true,"valueName":"search_term_string"}}],"inLanguage":"pt-PT"},{"@type":"Organization","@id":"https:\/\/www.transtoyou.com\/pt\/#organization","name":"Transtoyou - PT","url":"https:\/\/www.transtoyou.com\/pt\/","logo":{"@type":"ImageObject","inLanguage":"pt-PT","@id":"https:\/\/www.transtoyou.com\/pt\/#\/schema\/logo\/image\/","url":"https:\/\/www.transtoyou.com\/pt\/wp-content\/uploads\/sites\/12\/2026\/01\/logo-tty-menu-bar-300x87-1.webp","contentUrl":"https:\/\/www.transtoyou.com\/pt\/wp-content\/uploads\/sites\/12\/2026\/01\/logo-tty-menu-bar-300x87-1.webp","width":300,"height":87,"caption":"Transtoyou - PT"},"image":{"@id":"https:\/\/www.transtoyou.com\/pt\/#\/schema\/logo\/image\/"}}]}},"_links":{"self":[{"href":"https:\/\/www.transtoyou.com\/pt\/wp-json\/wp\/v2\/product\/1028","targetHints":{"allow":["GET"]}}],"collection":[{"href":"https:\/\/www.transtoyou.com\/pt\/wp-json\/wp\/v2\/product"}],"about":[{"href":"https:\/\/www.transtoyou.com\/pt\/wp-json\/wp\/v2\/types\/product"}],"replies":[{"embeddable":true,"href":"https:\/\/www.transtoyou.com\/pt\/wp-json\/wp\/v2\/comments?post=1028"}],"wp:featuredmedia":[{"embeddable":true,"href":"https:\/\/www.transtoyou.com\/pt\/wp-json\/wp\/v2\/media\/1030"}],"wp:attachment":[{"href":"https:\/\/www.transtoyou.com\/pt\/wp-json\/wp\/v2\/media?parent=1028"}],"wp:term":[{"taxonomy":"product_brand","embeddable":true,"href":"https:\/\/www.transtoyou.com\/pt\/wp-json\/wp\/v2\/product_brand?post=1028"},{"taxonomy":"product_cat","embeddable":true,"href":"https:\/\/www.transtoyou.com\/pt\/wp-json\/wp\/v2\/product_cat?post=1028"},{"taxonomy":"product_tag","embeddable":true,"href":"https:\/\/www.transtoyou.com\/pt\/wp-json\/wp\/v2\/product_tag?post=1028"},{"taxonomy":"expert","embeddable":true,"href":"https:\/\/www.transtoyou.com\/pt\/wp-json\/wp\/v2\/expert?post=1028"}],"curies":[{"name":"wp","href":"https:\/\/api.w.org\/{rel}","templated":true}]}}