{"id":1037,"date":"2026-01-24T19:52:38","date_gmt":"2026-01-24T19:52:38","guid":{"rendered":"https:\/\/www.transtoyou.com\/pt\/product\/zolpidem\/"},"modified":"2026-03-08T13:28:21","modified_gmt":"2026-03-08T11:28:21","slug":"zolpidem","status":"publish","type":"product","link":"https:\/\/www.transtoyou.com\/pt\/product\/zolpidem\/","title":{"rendered":"Zolpidem"},"content":{"rendered":"<p>Zolpidem \u00e9 uma medica\u00e7\u00e3o prescrita usada para tratar a ins\u00f4nia de curto prazo. Pertence a uma classe de medicamentos conhecidos como hipn\u00f3ticos n\u00e3o-benzodiazep\u00ednicos e \u00e9 projetada para ajudar as pessoas a adormecer rapidamente. Zolpidem \u00e9 comumente prescrito quando a dificuldade em adormecer se torna disruptiva para o funcionamento di\u00e1rio, embora n\u00e3o seja destinado ao uso a longo prazo.<\/p>\n<p>A medica\u00e7\u00e3o atua em receptores no c\u00e9rebro que regulam o sono, ajudando a iniciar o ciclo natural do sono de forma mais eficaz. Ao contr\u00e1rio dos antigos comprimidos para dormir, Zolpidem tende a ter menos efeitos colaterais relacionados \u00e0 seda\u00e7\u00e3o diurna ou sonol\u00eancia quando usado conforme as orienta\u00e7\u00f5es. Est\u00e1 dispon\u00edvel em formas de libera\u00e7\u00e3o imediata e de libera\u00e7\u00e3o prolongada, dependendo se o objetivo \u00e9 adormecer mais r\u00e1pido ou permanecer dormindo por mais tempo.<\/p>\n<p>Zolpidem \u00e9 geralmente tomado logo antes de dormir e come\u00e7a a agir dentro de 15 a 30 minutos. Como age rapidamente, os usu\u00e1rios devem garantir que est\u00e3o prontos para dormir por pelo menos sete a oito horas ap\u00f3s tom\u00e1-lo para evitar sonol\u00eancia no dia seguinte. \u00c9 importante evitar atividades que exijam aten\u00e7\u00e3o, como dirigir, ap\u00f3s tomar zolpidem.<\/p>\n<p>Esta medica\u00e7\u00e3o n\u00e3o deve ser usada com \u00e1lcool ou outros sedativos, pois essas combina\u00e7\u00f5es aumentam o risco de efeitos colaterais perigosos. Algumas pessoas podem experimentar comportamentos de sono incomuns, como sonambulismo, comer ou dirigir sem plena consci\u00eancia. Esses comportamentos s\u00e3o raros, mas devem ser relatados imediatamente se ocorrerem.<\/p>\n<p>Zolpidem \u00e9 tipicamente prescrito por curtos per\u00edodos para evitar depend\u00eancia ou toler\u00e2ncia.<\/p>\n","protected":false},"excerpt":{"rendered":"<ul>\n<li>Tratamento para ins\u00f4nia de curto prazo<\/li>\n<li>Apoio r\u00e1pido para in\u00edcio do sono<\/li>\n<li>Auxiliar para sono somente com receita<\/li>\n<\/ul>\n","protected":false},"featured_media":1039,"comment_status":"open","ping_status":"closed","template":"","meta":[],"product_brand":[],"product_cat":[144],"product_tag":[],"expert":[16],"class_list":{"0":"post-1037","1":"product","2":"type-product","3":"status-publish","4":"has-post-thumbnail","6":"product_cat-disturbios-do-sono","7":"expert-dr-c-alexandru","9":"first","10":"instock","11":"shipping-taxable","12":"product-type-variable"},"yoast_head":"<!-- This site is optimized with the Yoast SEO plugin v27.0 - https:\/\/yoast.com\/product\/yoast-seo-wordpress\/ -->\n<title>Zolpidem | Solu\u00e7\u00e3o R\u00e1pida para Dormir - Transtoyou<\/title>\n<meta name=\"description\" content=\"Descubra o Zolpidem para al\u00edvio da ins\u00f4nia a curto prazo, dispon\u00edvel com receita m\u00e9dica. Apoio r\u00e1pido para um sono melhor, seguindo orienta\u00e7\u00f5es m\u00e9dicas.\" \/>\n<meta name=\"robots\" content=\"noindex, follow, max-snippet:-1, max-image-preview:large, max-video-preview:-1\" \/>\n<meta property=\"og:locale\" content=\"pt_PT\" \/>\n<meta property=\"og:type\" content=\"article\" \/>\n<meta property=\"og:title\" content=\"Zolpidem | Solu\u00e7\u00e3o R\u00e1pida para Dormir - Transtoyou\" \/>\n<meta property=\"og:description\" content=\"Descubra o Zolpidem para al\u00edvio da ins\u00f4nia a curto prazo, dispon\u00edvel com receita m\u00e9dica. Apoio r\u00e1pido para um sono melhor, seguindo orienta\u00e7\u00f5es m\u00e9dicas.\" \/>\n<meta property=\"og:url\" content=\"https:\/\/www.transtoyou.com\/pt\/product\/zolpidem\/\" \/>\n<meta property=\"og:site_name\" content=\"Transtoyou - PT\" \/>\n<meta property=\"article:modified_time\" content=\"2026-03-08T11:28:21+00:00\" \/>\n<meta name=\"twitter:card\" content=\"summary_large_image\" \/>\n<meta name=\"twitter:label1\" content=\"Tempo estimado de leitura\" \/>\n\t<meta name=\"twitter:data1\" content=\"1 minuto\" \/>\n<script type=\"application\/ld+json\" class=\"yoast-schema-graph\">{\"@context\":\"https:\/\/schema.org\",\"@graph\":[{\"@type\":\"WebPage\",\"@id\":\"https:\/\/www.transtoyou.com\/pt\/product\/zolpidem\/\",\"url\":\"https:\/\/www.transtoyou.com\/pt\/product\/zolpidem\/\",\"name\":\"Zolpidem | Solu\u00e7\u00e3o R\u00e1pida para Dormir - Transtoyou\",\"isPartOf\":{\"@id\":\"https:\/\/www.transtoyou.com\/pt\/#website\"},\"primaryImageOfPage\":{\"@id\":\"https:\/\/www.transtoyou.com\/pt\/product\/zolpidem\/#primaryimage\"},\"image\":{\"@id\":\"https:\/\/www.transtoyou.com\/pt\/product\/zolpidem\/#primaryimage\"},\"thumbnailUrl\":\"https:\/\/www.transtoyou.com\/pt\/wp-content\/uploads\/sites\/12\/2026\/01\/tty-no-product-image-112.webp\",\"datePublished\":\"2026-01-24T19:52:38+00:00\",\"dateModified\":\"2026-03-08T11:28:21+00:00\",\"description\":\"Descubra o Zolpidem para al\u00edvio da ins\u00f4nia a curto prazo, dispon\u00edvel com receita m\u00e9dica. Apoio r\u00e1pido para um sono melhor, seguindo orienta\u00e7\u00f5es m\u00e9dicas.\",\"breadcrumb\":{\"@id\":\"https:\/\/www.transtoyou.com\/pt\/product\/zolpidem\/#breadcrumb\"},\"inLanguage\":\"pt-PT\",\"potentialAction\":[{\"@type\":\"ReadAction\",\"target\":[\"https:\/\/www.transtoyou.com\/pt\/product\/zolpidem\/\"]}]},{\"@type\":\"ImageObject\",\"inLanguage\":\"pt-PT\",\"@id\":\"https:\/\/www.transtoyou.com\/pt\/product\/zolpidem\/#primaryimage\",\"url\":\"https:\/\/www.transtoyou.com\/pt\/wp-content\/uploads\/sites\/12\/2026\/01\/tty-no-product-image-112.webp\",\"contentUrl\":\"https:\/\/www.transtoyou.com\/pt\/wp-content\/uploads\/sites\/12\/2026\/01\/tty-no-product-image-112.webp\",\"width\":1000,\"height\":1000,\"caption\":\"Imagem padr\u00e3o do produto\"},{\"@type\":\"WebSite\",\"@id\":\"https:\/\/www.transtoyou.com\/pt\/#website\",\"url\":\"https:\/\/www.transtoyou.com\/pt\/\",\"name\":\"Transtoyou - PT\",\"description\":\"\",\"publisher\":{\"@id\":\"https:\/\/www.transtoyou.com\/pt\/#organization\"},\"potentialAction\":[{\"@type\":\"SearchAction\",\"target\":{\"@type\":\"EntryPoint\",\"urlTemplate\":\"https:\/\/www.transtoyou.com\/pt\/?s={search_term_string}\"},\"query-input\":{\"@type\":\"PropertyValueSpecification\",\"valueRequired\":true,\"valueName\":\"search_term_string\"}}],\"inLanguage\":\"pt-PT\"},{\"@type\":\"Organization\",\"@id\":\"https:\/\/www.transtoyou.com\/pt\/#organization\",\"name\":\"Transtoyou - PT\",\"url\":\"https:\/\/www.transtoyou.com\/pt\/\",\"logo\":{\"@type\":\"ImageObject\",\"inLanguage\":\"pt-PT\",\"@id\":\"https:\/\/www.transtoyou.com\/pt\/#\/schema\/logo\/image\/\",\"url\":\"https:\/\/www.transtoyou.com\/pt\/wp-content\/uploads\/sites\/12\/2026\/01\/logo-tty-menu-bar-300x87-1.webp\",\"contentUrl\":\"https:\/\/www.transtoyou.com\/pt\/wp-content\/uploads\/sites\/12\/2026\/01\/logo-tty-menu-bar-300x87-1.webp\",\"width\":300,\"height\":87,\"caption\":\"Transtoyou - PT\"},\"image\":{\"@id\":\"https:\/\/www.transtoyou.com\/pt\/#\/schema\/logo\/image\/\"}}]}<\/script>\n<!-- \/ Yoast SEO plugin. -->","yoast_head_json":{"title":"Zolpidem | Solu\u00e7\u00e3o R\u00e1pida para Dormir - Transtoyou","description":"Descubra o Zolpidem para al\u00edvio da ins\u00f4nia a curto prazo, dispon\u00edvel com receita m\u00e9dica. Apoio r\u00e1pido para um sono melhor, seguindo orienta\u00e7\u00f5es m\u00e9dicas.","robots":{"index":"noindex","follow":"follow","max-snippet":"max-snippet:-1","max-image-preview":"max-image-preview:large","max-video-preview":"max-video-preview:-1"},"og_locale":"pt_PT","og_type":"article","og_title":"Zolpidem | Solu\u00e7\u00e3o R\u00e1pida para Dormir - Transtoyou","og_description":"Descubra o Zolpidem para al\u00edvio da ins\u00f4nia a curto prazo, dispon\u00edvel com receita m\u00e9dica. Apoio r\u00e1pido para um sono melhor, seguindo orienta\u00e7\u00f5es m\u00e9dicas.","og_url":"https:\/\/www.transtoyou.com\/pt\/product\/zolpidem\/","og_site_name":"Transtoyou - PT","article_modified_time":"2026-03-08T11:28:21+00:00","twitter_card":"summary_large_image","twitter_misc":{"Tempo estimado de leitura":"1 minuto"},"schema":{"@context":"https:\/\/schema.org","@graph":[{"@type":"WebPage","@id":"https:\/\/www.transtoyou.com\/pt\/product\/zolpidem\/","url":"https:\/\/www.transtoyou.com\/pt\/product\/zolpidem\/","name":"Zolpidem | Solu\u00e7\u00e3o R\u00e1pida para Dormir - Transtoyou","isPartOf":{"@id":"https:\/\/www.transtoyou.com\/pt\/#website"},"primaryImageOfPage":{"@id":"https:\/\/www.transtoyou.com\/pt\/product\/zolpidem\/#primaryimage"},"image":{"@id":"https:\/\/www.transtoyou.com\/pt\/product\/zolpidem\/#primaryimage"},"thumbnailUrl":"https:\/\/www.transtoyou.com\/pt\/wp-content\/uploads\/sites\/12\/2026\/01\/tty-no-product-image-112.webp","datePublished":"2026-01-24T19:52:38+00:00","dateModified":"2026-03-08T11:28:21+00:00","description":"Descubra o Zolpidem para al\u00edvio da ins\u00f4nia a curto prazo, dispon\u00edvel com receita m\u00e9dica. Apoio r\u00e1pido para um sono melhor, seguindo orienta\u00e7\u00f5es m\u00e9dicas.","breadcrumb":{"@id":"https:\/\/www.transtoyou.com\/pt\/product\/zolpidem\/#breadcrumb"},"inLanguage":"pt-PT","potentialAction":[{"@type":"ReadAction","target":["https:\/\/www.transtoyou.com\/pt\/product\/zolpidem\/"]}]},{"@type":"ImageObject","inLanguage":"pt-PT","@id":"https:\/\/www.transtoyou.com\/pt\/product\/zolpidem\/#primaryimage","url":"https:\/\/www.transtoyou.com\/pt\/wp-content\/uploads\/sites\/12\/2026\/01\/tty-no-product-image-112.webp","contentUrl":"https:\/\/www.transtoyou.com\/pt\/wp-content\/uploads\/sites\/12\/2026\/01\/tty-no-product-image-112.webp","width":1000,"height":1000,"caption":"Imagem padr\u00e3o do produto"},{"@type":"WebSite","@id":"https:\/\/www.transtoyou.com\/pt\/#website","url":"https:\/\/www.transtoyou.com\/pt\/","name":"Transtoyou - PT","description":"","publisher":{"@id":"https:\/\/www.transtoyou.com\/pt\/#organization"},"potentialAction":[{"@type":"SearchAction","target":{"@type":"EntryPoint","urlTemplate":"https:\/\/www.transtoyou.com\/pt\/?s={search_term_string}"},"query-input":{"@type":"PropertyValueSpecification","valueRequired":true,"valueName":"search_term_string"}}],"inLanguage":"pt-PT"},{"@type":"Organization","@id":"https:\/\/www.transtoyou.com\/pt\/#organization","name":"Transtoyou - PT","url":"https:\/\/www.transtoyou.com\/pt\/","logo":{"@type":"ImageObject","inLanguage":"pt-PT","@id":"https:\/\/www.transtoyou.com\/pt\/#\/schema\/logo\/image\/","url":"https:\/\/www.transtoyou.com\/pt\/wp-content\/uploads\/sites\/12\/2026\/01\/logo-tty-menu-bar-300x87-1.webp","contentUrl":"https:\/\/www.transtoyou.com\/pt\/wp-content\/uploads\/sites\/12\/2026\/01\/logo-tty-menu-bar-300x87-1.webp","width":300,"height":87,"caption":"Transtoyou - PT"},"image":{"@id":"https:\/\/www.transtoyou.com\/pt\/#\/schema\/logo\/image\/"}}]}},"_links":{"self":[{"href":"https:\/\/www.transtoyou.com\/pt\/wp-json\/wp\/v2\/product\/1037","targetHints":{"allow":["GET"]}}],"collection":[{"href":"https:\/\/www.transtoyou.com\/pt\/wp-json\/wp\/v2\/product"}],"about":[{"href":"https:\/\/www.transtoyou.com\/pt\/wp-json\/wp\/v2\/types\/product"}],"replies":[{"embeddable":true,"href":"https:\/\/www.transtoyou.com\/pt\/wp-json\/wp\/v2\/comments?post=1037"}],"wp:featuredmedia":[{"embeddable":true,"href":"https:\/\/www.transtoyou.com\/pt\/wp-json\/wp\/v2\/media\/1039"}],"wp:attachment":[{"href":"https:\/\/www.transtoyou.com\/pt\/wp-json\/wp\/v2\/media?parent=1037"}],"wp:term":[{"taxonomy":"product_brand","embeddable":true,"href":"https:\/\/www.transtoyou.com\/pt\/wp-json\/wp\/v2\/product_brand?post=1037"},{"taxonomy":"product_cat","embeddable":true,"href":"https:\/\/www.transtoyou.com\/pt\/wp-json\/wp\/v2\/product_cat?post=1037"},{"taxonomy":"product_tag","embeddable":true,"href":"https:\/\/www.transtoyou.com\/pt\/wp-json\/wp\/v2\/product_tag?post=1037"},{"taxonomy":"expert","embeddable":true,"href":"https:\/\/www.transtoyou.com\/pt\/wp-json\/wp\/v2\/expert?post=1037"}],"curies":[{"name":"wp","href":"https:\/\/api.w.org\/{rel}","templated":true}]}}