{"id":1043,"date":"2026-01-24T20:25:25","date_gmt":"2026-01-24T20:25:25","guid":{"rendered":"https:\/\/www.transtoyou.com\/pt\/product\/invicorp\/"},"modified":"2026-01-24T20:26:17","modified_gmt":"2026-01-24T20:26:17","slug":"invicorp","status":"publish","type":"product","link":"https:\/\/www.transtoyou.com\/pt\/product\/invicorp\/","title":{"rendered":"Invicorp"},"content":{"rendered":"<p>Invicorp \u00e9 uma medica\u00e7\u00e3o usada para tratar a disfun\u00e7\u00e3o er\u00e9til (DE). Cont\u00e9m duas subst\u00e2ncias ativas: aviptadil e fentolamina, que trabalham juntas para melhorar o fluxo sangu\u00edneo para o p\u00eanis e reduzir o escoamento sangu\u00edneo. Essa a\u00e7\u00e3o dupla permite uma ere\u00e7\u00e3o firme adequada para a atividade sexual.<\/p>\n<p>Aviptadil \u00e9 uma vers\u00e3o sint\u00e9tica do pept\u00eddeo intestinal vasoativo (VIP), que ajuda a relaxar o m\u00fasculo liso e reduzir o escoamento sangu\u00edneo do p\u00eanis. Fentolamina \u00e9 um bloqueador alfa que aumenta o fluxo sangu\u00edneo para o tecido peniano ao dilatar os vasos sangu\u00edneos. Juntas, elas ajudam a alcan\u00e7ar e manter uma ere\u00e7\u00e3o restaurando o equil\u00edbrio natural do fluxo sangu\u00edneo para dentro e para fora do p\u00eanis.<\/p>\n<p>Invicorp \u00e9 utilizado em homens com disfun\u00e7\u00e3o er\u00e9til, especialmente naqueles para quem outros tratamentos, como medicamentos orais, n\u00e3o s\u00e3o eficazes ou n\u00e3o s\u00e3o recomendados. \u00c9 injetado diretamente nos corpos cavernosos (o tecido mole de cada lado do eixo do p\u00eanis). Os efeitos geralmente come\u00e7am logo ap\u00f3s a inje\u00e7\u00e3o e normalmente duram n\u00e3o mais do que uma hora.<\/p>\n","protected":false},"excerpt":{"rendered":"<ul>\n<li>Apoio r\u00e1pido e confi\u00e1vel para ere\u00e7\u00e3o<\/li>\n<li>Funciona quando os medicamentos orais para ED falham<\/li>\n<li>Injetado diretamente no p\u00eanis<\/li>\n<\/ul>\n","protected":false},"featured_media":1045,"comment_status":"open","ping_status":"closed","template":"","meta":[],"product_brand":[],"product_cat":[95],"product_tag":[],"expert":[17],"class_list":{"0":"post-1043","1":"product","2":"type-product","3":"status-publish","4":"has-post-thumbnail","6":"product_cat-tratamentos-para-disfuncao-eretil","7":"expert-dr-c-munoz-parada","9":"first","10":"instock","11":"shipping-taxable","12":"product-type-variable"},"yoast_head":"<!-- This site is optimized with the Yoast SEO plugin v27.0 - https:\/\/yoast.com\/product\/yoast-seo-wordpress\/ -->\n<title>Invicorp | Melhore o Fluxo Sangu\u00edneo para Al\u00edvio da Disfun\u00e7\u00e3o Er\u00e9til - Transtoyou<\/title>\n<meta name=\"description\" content=\"Descubra o Invicorp na Transtoyou, melhorando desempenho e confian\u00e7a. Compre agora uma solu\u00e7\u00e3o eficaz para apoiar seus objetivos de sa\u00fade.\" \/>\n<meta name=\"robots\" content=\"noindex, follow, max-snippet:-1, max-image-preview:large, max-video-preview:-1\" \/>\n<meta property=\"og:locale\" content=\"pt_PT\" \/>\n<meta property=\"og:type\" content=\"article\" \/>\n<meta property=\"og:title\" content=\"Invicorp | Melhore o Fluxo Sangu\u00edneo para Al\u00edvio da Disfun\u00e7\u00e3o Er\u00e9til - Transtoyou\" \/>\n<meta property=\"og:description\" content=\"Descubra o Invicorp na Transtoyou, melhorando desempenho e confian\u00e7a. Compre agora uma solu\u00e7\u00e3o eficaz para apoiar seus objetivos de sa\u00fade.\" \/>\n<meta property=\"og:url\" content=\"https:\/\/www.transtoyou.com\/pt\/product\/invicorp\/\" \/>\n<meta property=\"og:site_name\" content=\"Transtoyou - PT\" \/>\n<meta property=\"article:modified_time\" content=\"2026-01-24T20:26:17+00:00\" \/>\n<meta name=\"twitter:card\" content=\"summary_large_image\" \/>\n<meta name=\"twitter:label1\" content=\"Tempo estimado de leitura\" \/>\n\t<meta name=\"twitter:data1\" content=\"1 minuto\" \/>\n<script type=\"application\/ld+json\" class=\"yoast-schema-graph\">{\"@context\":\"https:\/\/schema.org\",\"@graph\":[{\"@type\":\"WebPage\",\"@id\":\"https:\/\/www.transtoyou.com\/pt\/product\/invicorp\/\",\"url\":\"https:\/\/www.transtoyou.com\/pt\/product\/invicorp\/\",\"name\":\"Invicorp | Melhore o Fluxo Sangu\u00edneo para Al\u00edvio da Disfun\u00e7\u00e3o Er\u00e9til - Transtoyou\",\"isPartOf\":{\"@id\":\"https:\/\/www.transtoyou.com\/pt\/#website\"},\"primaryImageOfPage\":{\"@id\":\"https:\/\/www.transtoyou.com\/pt\/product\/invicorp\/#primaryimage\"},\"image\":{\"@id\":\"https:\/\/www.transtoyou.com\/pt\/product\/invicorp\/#primaryimage\"},\"thumbnailUrl\":\"https:\/\/www.transtoyou.com\/pt\/wp-content\/uploads\/sites\/12\/2026\/01\/tty-no-product-image-114.webp\",\"datePublished\":\"2026-01-24T20:25:25+00:00\",\"dateModified\":\"2026-01-24T20:26:17+00:00\",\"description\":\"Descubra o Invicorp na Transtoyou, melhorando desempenho e confian\u00e7a. Compre agora uma solu\u00e7\u00e3o eficaz para apoiar seus objetivos de sa\u00fade.\",\"breadcrumb\":{\"@id\":\"https:\/\/www.transtoyou.com\/pt\/product\/invicorp\/#breadcrumb\"},\"inLanguage\":\"pt-PT\",\"potentialAction\":[{\"@type\":\"ReadAction\",\"target\":[\"https:\/\/www.transtoyou.com\/pt\/product\/invicorp\/\"]}]},{\"@type\":\"ImageObject\",\"inLanguage\":\"pt-PT\",\"@id\":\"https:\/\/www.transtoyou.com\/pt\/product\/invicorp\/#primaryimage\",\"url\":\"https:\/\/www.transtoyou.com\/pt\/wp-content\/uploads\/sites\/12\/2026\/01\/tty-no-product-image-114.webp\",\"contentUrl\":\"https:\/\/www.transtoyou.com\/pt\/wp-content\/uploads\/sites\/12\/2026\/01\/tty-no-product-image-114.webp\",\"width\":1000,\"height\":1000,\"caption\":\"Imagem padr\u00e3o do produto\"},{\"@type\":\"WebSite\",\"@id\":\"https:\/\/www.transtoyou.com\/pt\/#website\",\"url\":\"https:\/\/www.transtoyou.com\/pt\/\",\"name\":\"Transtoyou - PT\",\"description\":\"\",\"publisher\":{\"@id\":\"https:\/\/www.transtoyou.com\/pt\/#organization\"},\"potentialAction\":[{\"@type\":\"SearchAction\",\"target\":{\"@type\":\"EntryPoint\",\"urlTemplate\":\"https:\/\/www.transtoyou.com\/pt\/?s={search_term_string}\"},\"query-input\":{\"@type\":\"PropertyValueSpecification\",\"valueRequired\":true,\"valueName\":\"search_term_string\"}}],\"inLanguage\":\"pt-PT\"},{\"@type\":\"Organization\",\"@id\":\"https:\/\/www.transtoyou.com\/pt\/#organization\",\"name\":\"Transtoyou - PT\",\"url\":\"https:\/\/www.transtoyou.com\/pt\/\",\"logo\":{\"@type\":\"ImageObject\",\"inLanguage\":\"pt-PT\",\"@id\":\"https:\/\/www.transtoyou.com\/pt\/#\/schema\/logo\/image\/\",\"url\":\"https:\/\/www.transtoyou.com\/pt\/wp-content\/uploads\/sites\/12\/2026\/01\/logo-tty-menu-bar-300x87-1.webp\",\"contentUrl\":\"https:\/\/www.transtoyou.com\/pt\/wp-content\/uploads\/sites\/12\/2026\/01\/logo-tty-menu-bar-300x87-1.webp\",\"width\":300,\"height\":87,\"caption\":\"Transtoyou - PT\"},\"image\":{\"@id\":\"https:\/\/www.transtoyou.com\/pt\/#\/schema\/logo\/image\/\"}}]}<\/script>\n<!-- \/ Yoast SEO plugin. -->","yoast_head_json":{"title":"Invicorp | Melhore o Fluxo Sangu\u00edneo para Al\u00edvio da Disfun\u00e7\u00e3o Er\u00e9til - Transtoyou","description":"Descubra o Invicorp na Transtoyou, melhorando desempenho e confian\u00e7a. Compre agora uma solu\u00e7\u00e3o eficaz para apoiar seus objetivos de sa\u00fade.","robots":{"index":"noindex","follow":"follow","max-snippet":"max-snippet:-1","max-image-preview":"max-image-preview:large","max-video-preview":"max-video-preview:-1"},"og_locale":"pt_PT","og_type":"article","og_title":"Invicorp | Melhore o Fluxo Sangu\u00edneo para Al\u00edvio da Disfun\u00e7\u00e3o Er\u00e9til - Transtoyou","og_description":"Descubra o Invicorp na Transtoyou, melhorando desempenho e confian\u00e7a. Compre agora uma solu\u00e7\u00e3o eficaz para apoiar seus objetivos de sa\u00fade.","og_url":"https:\/\/www.transtoyou.com\/pt\/product\/invicorp\/","og_site_name":"Transtoyou - PT","article_modified_time":"2026-01-24T20:26:17+00:00","twitter_card":"summary_large_image","twitter_misc":{"Tempo estimado de leitura":"1 minuto"},"schema":{"@context":"https:\/\/schema.org","@graph":[{"@type":"WebPage","@id":"https:\/\/www.transtoyou.com\/pt\/product\/invicorp\/","url":"https:\/\/www.transtoyou.com\/pt\/product\/invicorp\/","name":"Invicorp | Melhore o Fluxo Sangu\u00edneo para Al\u00edvio da Disfun\u00e7\u00e3o Er\u00e9til - Transtoyou","isPartOf":{"@id":"https:\/\/www.transtoyou.com\/pt\/#website"},"primaryImageOfPage":{"@id":"https:\/\/www.transtoyou.com\/pt\/product\/invicorp\/#primaryimage"},"image":{"@id":"https:\/\/www.transtoyou.com\/pt\/product\/invicorp\/#primaryimage"},"thumbnailUrl":"https:\/\/www.transtoyou.com\/pt\/wp-content\/uploads\/sites\/12\/2026\/01\/tty-no-product-image-114.webp","datePublished":"2026-01-24T20:25:25+00:00","dateModified":"2026-01-24T20:26:17+00:00","description":"Descubra o Invicorp na Transtoyou, melhorando desempenho e confian\u00e7a. Compre agora uma solu\u00e7\u00e3o eficaz para apoiar seus objetivos de sa\u00fade.","breadcrumb":{"@id":"https:\/\/www.transtoyou.com\/pt\/product\/invicorp\/#breadcrumb"},"inLanguage":"pt-PT","potentialAction":[{"@type":"ReadAction","target":["https:\/\/www.transtoyou.com\/pt\/product\/invicorp\/"]}]},{"@type":"ImageObject","inLanguage":"pt-PT","@id":"https:\/\/www.transtoyou.com\/pt\/product\/invicorp\/#primaryimage","url":"https:\/\/www.transtoyou.com\/pt\/wp-content\/uploads\/sites\/12\/2026\/01\/tty-no-product-image-114.webp","contentUrl":"https:\/\/www.transtoyou.com\/pt\/wp-content\/uploads\/sites\/12\/2026\/01\/tty-no-product-image-114.webp","width":1000,"height":1000,"caption":"Imagem padr\u00e3o do produto"},{"@type":"WebSite","@id":"https:\/\/www.transtoyou.com\/pt\/#website","url":"https:\/\/www.transtoyou.com\/pt\/","name":"Transtoyou - PT","description":"","publisher":{"@id":"https:\/\/www.transtoyou.com\/pt\/#organization"},"potentialAction":[{"@type":"SearchAction","target":{"@type":"EntryPoint","urlTemplate":"https:\/\/www.transtoyou.com\/pt\/?s={search_term_string}"},"query-input":{"@type":"PropertyValueSpecification","valueRequired":true,"valueName":"search_term_string"}}],"inLanguage":"pt-PT"},{"@type":"Organization","@id":"https:\/\/www.transtoyou.com\/pt\/#organization","name":"Transtoyou - PT","url":"https:\/\/www.transtoyou.com\/pt\/","logo":{"@type":"ImageObject","inLanguage":"pt-PT","@id":"https:\/\/www.transtoyou.com\/pt\/#\/schema\/logo\/image\/","url":"https:\/\/www.transtoyou.com\/pt\/wp-content\/uploads\/sites\/12\/2026\/01\/logo-tty-menu-bar-300x87-1.webp","contentUrl":"https:\/\/www.transtoyou.com\/pt\/wp-content\/uploads\/sites\/12\/2026\/01\/logo-tty-menu-bar-300x87-1.webp","width":300,"height":87,"caption":"Transtoyou - PT"},"image":{"@id":"https:\/\/www.transtoyou.com\/pt\/#\/schema\/logo\/image\/"}}]}},"_links":{"self":[{"href":"https:\/\/www.transtoyou.com\/pt\/wp-json\/wp\/v2\/product\/1043","targetHints":{"allow":["GET"]}}],"collection":[{"href":"https:\/\/www.transtoyou.com\/pt\/wp-json\/wp\/v2\/product"}],"about":[{"href":"https:\/\/www.transtoyou.com\/pt\/wp-json\/wp\/v2\/types\/product"}],"replies":[{"embeddable":true,"href":"https:\/\/www.transtoyou.com\/pt\/wp-json\/wp\/v2\/comments?post=1043"}],"wp:featuredmedia":[{"embeddable":true,"href":"https:\/\/www.transtoyou.com\/pt\/wp-json\/wp\/v2\/media\/1045"}],"wp:attachment":[{"href":"https:\/\/www.transtoyou.com\/pt\/wp-json\/wp\/v2\/media?parent=1043"}],"wp:term":[{"taxonomy":"product_brand","embeddable":true,"href":"https:\/\/www.transtoyou.com\/pt\/wp-json\/wp\/v2\/product_brand?post=1043"},{"taxonomy":"product_cat","embeddable":true,"href":"https:\/\/www.transtoyou.com\/pt\/wp-json\/wp\/v2\/product_cat?post=1043"},{"taxonomy":"product_tag","embeddable":true,"href":"https:\/\/www.transtoyou.com\/pt\/wp-json\/wp\/v2\/product_tag?post=1043"},{"taxonomy":"expert","embeddable":true,"href":"https:\/\/www.transtoyou.com\/pt\/wp-json\/wp\/v2\/expert?post=1043"}],"curies":[{"name":"wp","href":"https:\/\/api.w.org\/{rel}","templated":true}]}}