{"id":1055,"date":"2026-01-24T21:31:39","date_gmt":"2026-01-24T21:31:39","guid":{"rendered":"https:\/\/www.transtoyou.com\/pt\/product\/diamicron\/"},"modified":"2026-01-24T21:32:45","modified_gmt":"2026-01-24T21:32:45","slug":"diamicron","status":"publish","type":"product","link":"https:\/\/www.transtoyou.com\/pt\/product\/diamicron\/","title":{"rendered":"Diamicron"},"content":{"rendered":"<p>Diamicron \u00e9 um medicamento oral que pertence \u00e0 classe das sulfonilureias. Ele ajuda a controlar os n\u00edveis de a\u00e7\u00facar no sangue em pessoas com diabetes tipo 2. Diamicron atua estimulando o p\u00e2ncreas a liberar mais insulina, um horm\u00f4nio que ajuda a reduzir os n\u00edveis de glicose no sangue. Isso o torna especialmente \u00fatil para pessoas cujos corpos ainda produzem insulina, mas n\u00e3o respondem a ela de forma eficaz.<\/p>\n<p>No diabetes tipo 2, o corpo se torna resistente \u00e0 insulina ou n\u00e3o produz o suficiente para manter o a\u00e7\u00facar no sangue sob controle. Diamicron aborda isso incentivando uma libera\u00e7\u00e3o mais natural de insulina em resposta \u00e0s refei\u00e7\u00f5es, ajudando a reduzir os picos de a\u00e7\u00facar no sangue ap\u00f3s comer. Como resultado, ele desempenha um papel na manuten\u00e7\u00e3o de n\u00edveis est\u00e1veis de glicose no sangue ao longo do dia.<\/p>\n<p>Diamicron \u00e9 geralmente tomado uma vez ao dia, frequentemente com o caf\u00e9 da manh\u00e3. Embora seja eficaz, Diamicron pode, \u00e0s vezes, causar hipoglicemia, especialmente se as refei\u00e7\u00f5es forem puladas ou se a atividade f\u00edsica aumentar inesperadamente. Por essa raz\u00e3o, \u00e9 importante monitorar os n\u00edveis de glicose regularmente e estar atento a sintomas como tremores, sudorese, tontura ou confus\u00e3o. Outros poss\u00edveis efeitos colaterais incluem leve desconforto gastrointestinal ou ganho de peso.<\/p>\n","protected":false},"excerpt":{"rendered":"<ul>\n<li>Gliclazida de libera\u00e7\u00e3o modificada uma vez ao dia para controle constante do a\u00e7\u00facar<\/li>\n<li>Reduz HbA1c e protege nervos, olhos e rins<\/li>\n<li>Perfil de seguran\u00e7a comprovado com mais de 30 anos de uso<\/li>\n<\/ul>\n","protected":false},"featured_media":1057,"comment_status":"open","ping_status":"closed","template":"","meta":[],"product_brand":[],"product_cat":[83],"product_tag":[],"expert":[21],"class_list":{"0":"post-1055","1":"product","2":"type-product","3":"status-publish","4":"has-post-thumbnail","6":"product_cat-diabetes","7":"expert-dr-m-sharoyko","9":"first","10":"instock","11":"shipping-taxable","12":"product-type-variable"},"yoast_head":"<!-- This site is optimized with the Yoast SEO plugin v27.0 - https:\/\/yoast.com\/product\/yoast-seo-wordpress\/ -->\n<title>Diamicron | Gerencie o A\u00e7\u00facar no Sangue de Forma Eficaz - Transtoyou<\/title>\n<meta name=\"description\" content=\"Gerencie o diabetes tipo 2 com Diamicron, dispon\u00edvel na Transtoyou. Apoia a libera\u00e7\u00e3o de insulina para um a\u00e7\u00facar no sangue est\u00e1vel. Compre agora para controle eficaz.\" \/>\n<meta name=\"robots\" content=\"noindex, follow, max-snippet:-1, max-image-preview:large, max-video-preview:-1\" \/>\n<meta property=\"og:locale\" content=\"pt_PT\" \/>\n<meta property=\"og:type\" content=\"article\" \/>\n<meta property=\"og:title\" content=\"Diamicron | Gerencie o A\u00e7\u00facar no Sangue de Forma Eficaz - Transtoyou\" \/>\n<meta property=\"og:description\" content=\"Gerencie o diabetes tipo 2 com Diamicron, dispon\u00edvel na Transtoyou. Apoia a libera\u00e7\u00e3o de insulina para um a\u00e7\u00facar no sangue est\u00e1vel. Compre agora para controle eficaz.\" \/>\n<meta property=\"og:url\" content=\"https:\/\/www.transtoyou.com\/pt\/product\/diamicron\/\" \/>\n<meta property=\"og:site_name\" content=\"Transtoyou - PT\" \/>\n<meta property=\"article:modified_time\" content=\"2026-01-24T21:32:45+00:00\" \/>\n<meta name=\"twitter:card\" content=\"summary_large_image\" \/>\n<meta name=\"twitter:label1\" content=\"Tempo estimado de leitura\" \/>\n\t<meta name=\"twitter:data1\" content=\"1 minuto\" \/>\n<script type=\"application\/ld+json\" class=\"yoast-schema-graph\">{\"@context\":\"https:\/\/schema.org\",\"@graph\":[{\"@type\":\"WebPage\",\"@id\":\"https:\/\/www.transtoyou.com\/pt\/product\/diamicron\/\",\"url\":\"https:\/\/www.transtoyou.com\/pt\/product\/diamicron\/\",\"name\":\"Diamicron | Gerencie o A\u00e7\u00facar no Sangue de Forma Eficaz - Transtoyou\",\"isPartOf\":{\"@id\":\"https:\/\/www.transtoyou.com\/pt\/#website\"},\"primaryImageOfPage\":{\"@id\":\"https:\/\/www.transtoyou.com\/pt\/product\/diamicron\/#primaryimage\"},\"image\":{\"@id\":\"https:\/\/www.transtoyou.com\/pt\/product\/diamicron\/#primaryimage\"},\"thumbnailUrl\":\"https:\/\/www.transtoyou.com\/pt\/wp-content\/uploads\/sites\/12\/2026\/01\/tty-no-product-image-118.webp\",\"datePublished\":\"2026-01-24T21:31:39+00:00\",\"dateModified\":\"2026-01-24T21:32:45+00:00\",\"description\":\"Gerencie o diabetes tipo 2 com Diamicron, dispon\u00edvel na Transtoyou. Apoia a libera\u00e7\u00e3o de insulina para um a\u00e7\u00facar no sangue est\u00e1vel. Compre agora para controle eficaz.\",\"breadcrumb\":{\"@id\":\"https:\/\/www.transtoyou.com\/pt\/product\/diamicron\/#breadcrumb\"},\"inLanguage\":\"pt-PT\",\"potentialAction\":[{\"@type\":\"ReadAction\",\"target\":[\"https:\/\/www.transtoyou.com\/pt\/product\/diamicron\/\"]}]},{\"@type\":\"ImageObject\",\"inLanguage\":\"pt-PT\",\"@id\":\"https:\/\/www.transtoyou.com\/pt\/product\/diamicron\/#primaryimage\",\"url\":\"https:\/\/www.transtoyou.com\/pt\/wp-content\/uploads\/sites\/12\/2026\/01\/tty-no-product-image-118.webp\",\"contentUrl\":\"https:\/\/www.transtoyou.com\/pt\/wp-content\/uploads\/sites\/12\/2026\/01\/tty-no-product-image-118.webp\",\"width\":1000,\"height\":1000,\"caption\":\"Imagem padr\u00e3o do produto\"},{\"@type\":\"WebSite\",\"@id\":\"https:\/\/www.transtoyou.com\/pt\/#website\",\"url\":\"https:\/\/www.transtoyou.com\/pt\/\",\"name\":\"Transtoyou - PT\",\"description\":\"\",\"publisher\":{\"@id\":\"https:\/\/www.transtoyou.com\/pt\/#organization\"},\"potentialAction\":[{\"@type\":\"SearchAction\",\"target\":{\"@type\":\"EntryPoint\",\"urlTemplate\":\"https:\/\/www.transtoyou.com\/pt\/?s={search_term_string}\"},\"query-input\":{\"@type\":\"PropertyValueSpecification\",\"valueRequired\":true,\"valueName\":\"search_term_string\"}}],\"inLanguage\":\"pt-PT\"},{\"@type\":\"Organization\",\"@id\":\"https:\/\/www.transtoyou.com\/pt\/#organization\",\"name\":\"Transtoyou - PT\",\"url\":\"https:\/\/www.transtoyou.com\/pt\/\",\"logo\":{\"@type\":\"ImageObject\",\"inLanguage\":\"pt-PT\",\"@id\":\"https:\/\/www.transtoyou.com\/pt\/#\/schema\/logo\/image\/\",\"url\":\"https:\/\/www.transtoyou.com\/pt\/wp-content\/uploads\/sites\/12\/2026\/01\/logo-tty-menu-bar-300x87-1.webp\",\"contentUrl\":\"https:\/\/www.transtoyou.com\/pt\/wp-content\/uploads\/sites\/12\/2026\/01\/logo-tty-menu-bar-300x87-1.webp\",\"width\":300,\"height\":87,\"caption\":\"Transtoyou - PT\"},\"image\":{\"@id\":\"https:\/\/www.transtoyou.com\/pt\/#\/schema\/logo\/image\/\"}}]}<\/script>\n<!-- \/ Yoast SEO plugin. -->","yoast_head_json":{"title":"Diamicron | Gerencie o A\u00e7\u00facar no Sangue de Forma Eficaz - Transtoyou","description":"Gerencie o diabetes tipo 2 com Diamicron, dispon\u00edvel na Transtoyou. Apoia a libera\u00e7\u00e3o de insulina para um a\u00e7\u00facar no sangue est\u00e1vel. Compre agora para controle eficaz.","robots":{"index":"noindex","follow":"follow","max-snippet":"max-snippet:-1","max-image-preview":"max-image-preview:large","max-video-preview":"max-video-preview:-1"},"og_locale":"pt_PT","og_type":"article","og_title":"Diamicron | Gerencie o A\u00e7\u00facar no Sangue de Forma Eficaz - Transtoyou","og_description":"Gerencie o diabetes tipo 2 com Diamicron, dispon\u00edvel na Transtoyou. Apoia a libera\u00e7\u00e3o de insulina para um a\u00e7\u00facar no sangue est\u00e1vel. Compre agora para controle eficaz.","og_url":"https:\/\/www.transtoyou.com\/pt\/product\/diamicron\/","og_site_name":"Transtoyou - PT","article_modified_time":"2026-01-24T21:32:45+00:00","twitter_card":"summary_large_image","twitter_misc":{"Tempo estimado de leitura":"1 minuto"},"schema":{"@context":"https:\/\/schema.org","@graph":[{"@type":"WebPage","@id":"https:\/\/www.transtoyou.com\/pt\/product\/diamicron\/","url":"https:\/\/www.transtoyou.com\/pt\/product\/diamicron\/","name":"Diamicron | Gerencie o A\u00e7\u00facar no Sangue de Forma Eficaz - Transtoyou","isPartOf":{"@id":"https:\/\/www.transtoyou.com\/pt\/#website"},"primaryImageOfPage":{"@id":"https:\/\/www.transtoyou.com\/pt\/product\/diamicron\/#primaryimage"},"image":{"@id":"https:\/\/www.transtoyou.com\/pt\/product\/diamicron\/#primaryimage"},"thumbnailUrl":"https:\/\/www.transtoyou.com\/pt\/wp-content\/uploads\/sites\/12\/2026\/01\/tty-no-product-image-118.webp","datePublished":"2026-01-24T21:31:39+00:00","dateModified":"2026-01-24T21:32:45+00:00","description":"Gerencie o diabetes tipo 2 com Diamicron, dispon\u00edvel na Transtoyou. Apoia a libera\u00e7\u00e3o de insulina para um a\u00e7\u00facar no sangue est\u00e1vel. Compre agora para controle eficaz.","breadcrumb":{"@id":"https:\/\/www.transtoyou.com\/pt\/product\/diamicron\/#breadcrumb"},"inLanguage":"pt-PT","potentialAction":[{"@type":"ReadAction","target":["https:\/\/www.transtoyou.com\/pt\/product\/diamicron\/"]}]},{"@type":"ImageObject","inLanguage":"pt-PT","@id":"https:\/\/www.transtoyou.com\/pt\/product\/diamicron\/#primaryimage","url":"https:\/\/www.transtoyou.com\/pt\/wp-content\/uploads\/sites\/12\/2026\/01\/tty-no-product-image-118.webp","contentUrl":"https:\/\/www.transtoyou.com\/pt\/wp-content\/uploads\/sites\/12\/2026\/01\/tty-no-product-image-118.webp","width":1000,"height":1000,"caption":"Imagem padr\u00e3o do produto"},{"@type":"WebSite","@id":"https:\/\/www.transtoyou.com\/pt\/#website","url":"https:\/\/www.transtoyou.com\/pt\/","name":"Transtoyou - PT","description":"","publisher":{"@id":"https:\/\/www.transtoyou.com\/pt\/#organization"},"potentialAction":[{"@type":"SearchAction","target":{"@type":"EntryPoint","urlTemplate":"https:\/\/www.transtoyou.com\/pt\/?s={search_term_string}"},"query-input":{"@type":"PropertyValueSpecification","valueRequired":true,"valueName":"search_term_string"}}],"inLanguage":"pt-PT"},{"@type":"Organization","@id":"https:\/\/www.transtoyou.com\/pt\/#organization","name":"Transtoyou - PT","url":"https:\/\/www.transtoyou.com\/pt\/","logo":{"@type":"ImageObject","inLanguage":"pt-PT","@id":"https:\/\/www.transtoyou.com\/pt\/#\/schema\/logo\/image\/","url":"https:\/\/www.transtoyou.com\/pt\/wp-content\/uploads\/sites\/12\/2026\/01\/logo-tty-menu-bar-300x87-1.webp","contentUrl":"https:\/\/www.transtoyou.com\/pt\/wp-content\/uploads\/sites\/12\/2026\/01\/logo-tty-menu-bar-300x87-1.webp","width":300,"height":87,"caption":"Transtoyou - PT"},"image":{"@id":"https:\/\/www.transtoyou.com\/pt\/#\/schema\/logo\/image\/"}}]}},"_links":{"self":[{"href":"https:\/\/www.transtoyou.com\/pt\/wp-json\/wp\/v2\/product\/1055","targetHints":{"allow":["GET"]}}],"collection":[{"href":"https:\/\/www.transtoyou.com\/pt\/wp-json\/wp\/v2\/product"}],"about":[{"href":"https:\/\/www.transtoyou.com\/pt\/wp-json\/wp\/v2\/types\/product"}],"replies":[{"embeddable":true,"href":"https:\/\/www.transtoyou.com\/pt\/wp-json\/wp\/v2\/comments?post=1055"}],"wp:featuredmedia":[{"embeddable":true,"href":"https:\/\/www.transtoyou.com\/pt\/wp-json\/wp\/v2\/media\/1057"}],"wp:attachment":[{"href":"https:\/\/www.transtoyou.com\/pt\/wp-json\/wp\/v2\/media?parent=1055"}],"wp:term":[{"taxonomy":"product_brand","embeddable":true,"href":"https:\/\/www.transtoyou.com\/pt\/wp-json\/wp\/v2\/product_brand?post=1055"},{"taxonomy":"product_cat","embeddable":true,"href":"https:\/\/www.transtoyou.com\/pt\/wp-json\/wp\/v2\/product_cat?post=1055"},{"taxonomy":"product_tag","embeddable":true,"href":"https:\/\/www.transtoyou.com\/pt\/wp-json\/wp\/v2\/product_tag?post=1055"},{"taxonomy":"expert","embeddable":true,"href":"https:\/\/www.transtoyou.com\/pt\/wp-json\/wp\/v2\/expert?post=1055"}],"curies":[{"name":"wp","href":"https:\/\/api.w.org\/{rel}","templated":true}]}}