{"id":1061,"date":"2026-01-25T00:08:00","date_gmt":"2026-01-24T22:08:00","guid":{"rendered":"https:\/\/www.transtoyou.com\/pt\/product\/ozempic\/"},"modified":"2026-03-01T12:13:23","modified_gmt":"2026-03-01T10:13:23","slug":"ozempic","status":"publish","type":"product","link":"https:\/\/www.transtoyou.com\/pt\/product\/ozempic\/","title":{"rendered":"Ozempic"},"content":{"rendered":"<p>Ozempic \u00e9 um medicamento injet\u00e1vel administrado uma vez por semana, utilizado para controlar o diabetes tipo 2 e apoiar o controle a longo prazo da glicose no sangue. Ele cont\u00e9m semaglutida, um composto que imita um horm\u00f4nio natural chamado GLP-1 (pept\u00eddeo semelhante ao glucagon-1). Esse horm\u00f4nio ajuda a regular os n\u00edveis de glicose no sangue, aumentando a secre\u00e7\u00e3o de insulina, suprimindo a produ\u00e7\u00e3o hep\u00e1tica de glicose e retardando o esvaziamento g\u00e1strico.<\/p>\n<p>Para indiv\u00edduos com diabetes tipo 2, Ozempic oferece uma solu\u00e7\u00e3o para melhorar a regula\u00e7\u00e3o da glicose no sangue, ao mesmo tempo em que contribui para a redu\u00e7\u00e3o de peso. Ao contr\u00e1rio da insulina, que reduz diretamente a glicose no sangue, Ozempic trabalha em harmonia com os pr\u00f3prios sistemas do corpo para ajudar a responder de forma mais eficaz \u00e0 ingest\u00e3o de alimentos e gerenciar os n\u00edveis de glicose de maneira mais consistente ao longo do dia.<\/p>\n<p>Ozempic \u00e9 administrado por meio de uma pequena inje\u00e7\u00e3o sob a pele, geralmente uma vez por semana. A maioria das pessoas inicia o tratamento com uma dose baixa, que \u00e9 gradualmente aumentada para minimizar quaisquer efeitos colaterais digestivos, como n\u00e1useas, incha\u00e7o ou constipa\u00e7\u00e3o.<\/p>\n<p>Ozempic n\u00e3o apenas reduz os n\u00edveis de HbA1c, mas tamb\u00e9m ajuda a reduzir o apetite e o peso corporal em muitos pacientes. Esses benef\u00edcios adicionais fazem dele uma escolha valiosa para indiv\u00edduos que gerenciam tanto o diabetes tipo 2 quanto a obesidade.<\/p>\n","protected":false},"excerpt":{"rendered":"<ul>\n<li>Injet\u00e1vel uma vez por semana para diabetes tipo 2<\/li>\n<li>Estimula a secre\u00e7\u00e3o de insulina e controla a libera\u00e7\u00e3o de glicose do f\u00edgado<\/li>\n<li>Pode ajudar no controle de peso em certos pacientes<\/li>\n<\/ul>\n","protected":false},"featured_media":1063,"comment_status":"open","ping_status":"closed","template":"","meta":[],"product_brand":[],"product_cat":[83],"product_tag":[],"expert":[21],"class_list":{"0":"post-1061","1":"product","2":"type-product","3":"status-publish","4":"has-post-thumbnail","6":"product_cat-diabetes","7":"expert-dr-m-sharoyko","9":"first","10":"instock","11":"shipping-taxable","12":"product-type-variable"},"yoast_head":"<!-- This site is optimized with the Yoast SEO plugin v27.0 - https:\/\/yoast.com\/product\/yoast-seo-wordpress\/ -->\n<title>Ozempic | Controle o Diabetes e Melhore a Sa\u00fade - Transtoyou<\/title>\n<meta name=\"description\" content=\"Descubra Ozempic na Transtoyou, um injet\u00e1vel semanal para controlar o diabetes tipo 2, ajudando na glicose e na perda de peso. Compre agora.\" \/>\n<meta name=\"robots\" content=\"noindex, follow, max-snippet:-1, max-image-preview:large, max-video-preview:-1\" \/>\n<meta property=\"og:locale\" content=\"pt_PT\" \/>\n<meta property=\"og:type\" content=\"article\" \/>\n<meta property=\"og:title\" content=\"Ozempic | Controle o Diabetes e Melhore a Sa\u00fade - Transtoyou\" \/>\n<meta property=\"og:description\" content=\"Descubra Ozempic na Transtoyou, um injet\u00e1vel semanal para controlar o diabetes tipo 2, ajudando na glicose e na perda de peso. Compre agora.\" \/>\n<meta property=\"og:url\" content=\"https:\/\/www.transtoyou.com\/pt\/product\/ozempic\/\" \/>\n<meta property=\"og:site_name\" content=\"Transtoyou - PT\" \/>\n<meta property=\"article:modified_time\" content=\"2026-03-01T10:13:23+00:00\" \/>\n<meta name=\"twitter:card\" content=\"summary_large_image\" \/>\n<meta name=\"twitter:label1\" content=\"Tempo estimado de leitura\" \/>\n\t<meta name=\"twitter:data1\" content=\"1 minuto\" \/>\n<script type=\"application\/ld+json\" class=\"yoast-schema-graph\">{\"@context\":\"https:\/\/schema.org\",\"@graph\":[{\"@type\":\"WebPage\",\"@id\":\"https:\/\/www.transtoyou.com\/pt\/product\/ozempic\/\",\"url\":\"https:\/\/www.transtoyou.com\/pt\/product\/ozempic\/\",\"name\":\"Ozempic | Controle o Diabetes e Melhore a Sa\u00fade - Transtoyou\",\"isPartOf\":{\"@id\":\"https:\/\/www.transtoyou.com\/pt\/#website\"},\"primaryImageOfPage\":{\"@id\":\"https:\/\/www.transtoyou.com\/pt\/product\/ozempic\/#primaryimage\"},\"image\":{\"@id\":\"https:\/\/www.transtoyou.com\/pt\/product\/ozempic\/#primaryimage\"},\"thumbnailUrl\":\"https:\/\/www.transtoyou.com\/pt\/wp-content\/uploads\/sites\/12\/2026\/01\/tty-no-product-image-120.webp\",\"datePublished\":\"2026-01-24T22:08:00+00:00\",\"dateModified\":\"2026-03-01T10:13:23+00:00\",\"description\":\"Descubra Ozempic na Transtoyou, um injet\u00e1vel semanal para controlar o diabetes tipo 2, ajudando na glicose e na perda de peso. Compre agora.\",\"breadcrumb\":{\"@id\":\"https:\/\/www.transtoyou.com\/pt\/product\/ozempic\/#breadcrumb\"},\"inLanguage\":\"pt-PT\",\"potentialAction\":[{\"@type\":\"ReadAction\",\"target\":[\"https:\/\/www.transtoyou.com\/pt\/product\/ozempic\/\"]}]},{\"@type\":\"ImageObject\",\"inLanguage\":\"pt-PT\",\"@id\":\"https:\/\/www.transtoyou.com\/pt\/product\/ozempic\/#primaryimage\",\"url\":\"https:\/\/www.transtoyou.com\/pt\/wp-content\/uploads\/sites\/12\/2026\/01\/tty-no-product-image-120.webp\",\"contentUrl\":\"https:\/\/www.transtoyou.com\/pt\/wp-content\/uploads\/sites\/12\/2026\/01\/tty-no-product-image-120.webp\",\"width\":1000,\"height\":1000,\"caption\":\"Imagem padr\u00e3o do produto\"},{\"@type\":\"WebSite\",\"@id\":\"https:\/\/www.transtoyou.com\/pt\/#website\",\"url\":\"https:\/\/www.transtoyou.com\/pt\/\",\"name\":\"Transtoyou - PT\",\"description\":\"\",\"publisher\":{\"@id\":\"https:\/\/www.transtoyou.com\/pt\/#organization\"},\"potentialAction\":[{\"@type\":\"SearchAction\",\"target\":{\"@type\":\"EntryPoint\",\"urlTemplate\":\"https:\/\/www.transtoyou.com\/pt\/?s={search_term_string}\"},\"query-input\":{\"@type\":\"PropertyValueSpecification\",\"valueRequired\":true,\"valueName\":\"search_term_string\"}}],\"inLanguage\":\"pt-PT\"},{\"@type\":\"Organization\",\"@id\":\"https:\/\/www.transtoyou.com\/pt\/#organization\",\"name\":\"Transtoyou - PT\",\"url\":\"https:\/\/www.transtoyou.com\/pt\/\",\"logo\":{\"@type\":\"ImageObject\",\"inLanguage\":\"pt-PT\",\"@id\":\"https:\/\/www.transtoyou.com\/pt\/#\/schema\/logo\/image\/\",\"url\":\"https:\/\/www.transtoyou.com\/pt\/wp-content\/uploads\/sites\/12\/2026\/01\/logo-tty-menu-bar-300x87-1.webp\",\"contentUrl\":\"https:\/\/www.transtoyou.com\/pt\/wp-content\/uploads\/sites\/12\/2026\/01\/logo-tty-menu-bar-300x87-1.webp\",\"width\":300,\"height\":87,\"caption\":\"Transtoyou - PT\"},\"image\":{\"@id\":\"https:\/\/www.transtoyou.com\/pt\/#\/schema\/logo\/image\/\"}}]}<\/script>\n<!-- \/ Yoast SEO plugin. -->","yoast_head_json":{"title":"Ozempic | Controle o Diabetes e Melhore a Sa\u00fade - Transtoyou","description":"Descubra Ozempic na Transtoyou, um injet\u00e1vel semanal para controlar o diabetes tipo 2, ajudando na glicose e na perda de peso. Compre agora.","robots":{"index":"noindex","follow":"follow","max-snippet":"max-snippet:-1","max-image-preview":"max-image-preview:large","max-video-preview":"max-video-preview:-1"},"og_locale":"pt_PT","og_type":"article","og_title":"Ozempic | Controle o Diabetes e Melhore a Sa\u00fade - Transtoyou","og_description":"Descubra Ozempic na Transtoyou, um injet\u00e1vel semanal para controlar o diabetes tipo 2, ajudando na glicose e na perda de peso. Compre agora.","og_url":"https:\/\/www.transtoyou.com\/pt\/product\/ozempic\/","og_site_name":"Transtoyou - PT","article_modified_time":"2026-03-01T10:13:23+00:00","twitter_card":"summary_large_image","twitter_misc":{"Tempo estimado de leitura":"1 minuto"},"schema":{"@context":"https:\/\/schema.org","@graph":[{"@type":"WebPage","@id":"https:\/\/www.transtoyou.com\/pt\/product\/ozempic\/","url":"https:\/\/www.transtoyou.com\/pt\/product\/ozempic\/","name":"Ozempic | Controle o Diabetes e Melhore a Sa\u00fade - Transtoyou","isPartOf":{"@id":"https:\/\/www.transtoyou.com\/pt\/#website"},"primaryImageOfPage":{"@id":"https:\/\/www.transtoyou.com\/pt\/product\/ozempic\/#primaryimage"},"image":{"@id":"https:\/\/www.transtoyou.com\/pt\/product\/ozempic\/#primaryimage"},"thumbnailUrl":"https:\/\/www.transtoyou.com\/pt\/wp-content\/uploads\/sites\/12\/2026\/01\/tty-no-product-image-120.webp","datePublished":"2026-01-24T22:08:00+00:00","dateModified":"2026-03-01T10:13:23+00:00","description":"Descubra Ozempic na Transtoyou, um injet\u00e1vel semanal para controlar o diabetes tipo 2, ajudando na glicose e na perda de peso. Compre agora.","breadcrumb":{"@id":"https:\/\/www.transtoyou.com\/pt\/product\/ozempic\/#breadcrumb"},"inLanguage":"pt-PT","potentialAction":[{"@type":"ReadAction","target":["https:\/\/www.transtoyou.com\/pt\/product\/ozempic\/"]}]},{"@type":"ImageObject","inLanguage":"pt-PT","@id":"https:\/\/www.transtoyou.com\/pt\/product\/ozempic\/#primaryimage","url":"https:\/\/www.transtoyou.com\/pt\/wp-content\/uploads\/sites\/12\/2026\/01\/tty-no-product-image-120.webp","contentUrl":"https:\/\/www.transtoyou.com\/pt\/wp-content\/uploads\/sites\/12\/2026\/01\/tty-no-product-image-120.webp","width":1000,"height":1000,"caption":"Imagem padr\u00e3o do produto"},{"@type":"WebSite","@id":"https:\/\/www.transtoyou.com\/pt\/#website","url":"https:\/\/www.transtoyou.com\/pt\/","name":"Transtoyou - PT","description":"","publisher":{"@id":"https:\/\/www.transtoyou.com\/pt\/#organization"},"potentialAction":[{"@type":"SearchAction","target":{"@type":"EntryPoint","urlTemplate":"https:\/\/www.transtoyou.com\/pt\/?s={search_term_string}"},"query-input":{"@type":"PropertyValueSpecification","valueRequired":true,"valueName":"search_term_string"}}],"inLanguage":"pt-PT"},{"@type":"Organization","@id":"https:\/\/www.transtoyou.com\/pt\/#organization","name":"Transtoyou - PT","url":"https:\/\/www.transtoyou.com\/pt\/","logo":{"@type":"ImageObject","inLanguage":"pt-PT","@id":"https:\/\/www.transtoyou.com\/pt\/#\/schema\/logo\/image\/","url":"https:\/\/www.transtoyou.com\/pt\/wp-content\/uploads\/sites\/12\/2026\/01\/logo-tty-menu-bar-300x87-1.webp","contentUrl":"https:\/\/www.transtoyou.com\/pt\/wp-content\/uploads\/sites\/12\/2026\/01\/logo-tty-menu-bar-300x87-1.webp","width":300,"height":87,"caption":"Transtoyou - PT"},"image":{"@id":"https:\/\/www.transtoyou.com\/pt\/#\/schema\/logo\/image\/"}}]}},"_links":{"self":[{"href":"https:\/\/www.transtoyou.com\/pt\/wp-json\/wp\/v2\/product\/1061","targetHints":{"allow":["GET"]}}],"collection":[{"href":"https:\/\/www.transtoyou.com\/pt\/wp-json\/wp\/v2\/product"}],"about":[{"href":"https:\/\/www.transtoyou.com\/pt\/wp-json\/wp\/v2\/types\/product"}],"replies":[{"embeddable":true,"href":"https:\/\/www.transtoyou.com\/pt\/wp-json\/wp\/v2\/comments?post=1061"}],"wp:featuredmedia":[{"embeddable":true,"href":"https:\/\/www.transtoyou.com\/pt\/wp-json\/wp\/v2\/media\/1063"}],"wp:attachment":[{"href":"https:\/\/www.transtoyou.com\/pt\/wp-json\/wp\/v2\/media?parent=1061"}],"wp:term":[{"taxonomy":"product_brand","embeddable":true,"href":"https:\/\/www.transtoyou.com\/pt\/wp-json\/wp\/v2\/product_brand?post=1061"},{"taxonomy":"product_cat","embeddable":true,"href":"https:\/\/www.transtoyou.com\/pt\/wp-json\/wp\/v2\/product_cat?post=1061"},{"taxonomy":"product_tag","embeddable":true,"href":"https:\/\/www.transtoyou.com\/pt\/wp-json\/wp\/v2\/product_tag?post=1061"},{"taxonomy":"expert","embeddable":true,"href":"https:\/\/www.transtoyou.com\/pt\/wp-json\/wp\/v2\/expert?post=1061"}],"curies":[{"name":"wp","href":"https:\/\/api.w.org\/{rel}","templated":true}]}}