{"id":1070,"date":"2026-01-24T23:03:41","date_gmt":"2026-01-24T23:03:41","guid":{"rendered":"https:\/\/www.transtoyou.com\/pt\/product\/norlevo-levonelle\/"},"modified":"2026-01-24T23:04:38","modified_gmt":"2026-01-24T23:04:38","slug":"norlevo-levonelle","status":"publish","type":"product","link":"https:\/\/www.transtoyou.com\/pt\/product\/norlevo-levonelle\/","title":{"rendered":"Norlevo (Levonelle)"},"content":{"rendered":"<p>Norlevo, tamb\u00e9m conhecido como Levonelle, \u00e9 uma p\u00edlula contraceptiva de emerg\u00eancia (PCE) projetada para prevenir a gravidez ap\u00f3s rela\u00e7\u00f5es sexuais desprotegidas ou falha contraceptiva (por exemplo, preservativo rompido ou p\u00edlula esquecida). Cont\u00e9m levonorgestrel, um horm\u00f4nio progestog\u00eanio sint\u00e9tico que imita a progesterona natural do corpo.<\/p>\n<p>Norlevo atua principalmente atrasando ou inibindo a ovula\u00e7\u00e3o, o que significa que impede a libera\u00e7\u00e3o de um \u00f3vulo do ov\u00e1rio. Sem um \u00f3vulo, a fertiliza\u00e7\u00e3o n\u00e3o pode ocorrer. Tamb\u00e9m pode alterar o muco cervical e o revestimento endometrial, dificultando a chegada dos espermatozoides a um \u00f3vulo ou a implanta\u00e7\u00e3o de um \u00f3vulo fertilizado, embora esse seja um mecanismo secund\u00e1rio e menos bem estabelecido.<\/p>\n<p>\u00c9 mais eficaz quando tomado o mais r\u00e1pido poss\u00edvel, idealmente dentro de 12 horas, mas pode ser tomado at\u00e9 72 horas (3 dias) ap\u00f3s a rela\u00e7\u00e3o sexual desprotegida. Sua efic\u00e1cia diminui quanto maior for o atraso.<\/p>\n<p>Norlevo n\u00e3o interrompe uma gravidez existente e n\u00e3o \u00e9 destinado ao uso contraceptivo regular. N\u00e3o \u00e9 eficaz se a ovula\u00e7\u00e3o j\u00e1 ocorreu. Tamb\u00e9m n\u00e3o protege contra ISTs.<\/p>\n<p>Os benef\u00edcios incluem ser amplamente acess\u00edvel, f\u00e1cil de usar e bem tolerado, especialmente quando tomado rapidamente. Os efeitos colaterais s\u00e3o geralmente leves e tempor\u00e1rios, como n\u00e1useas, dor de cabe\u00e7a, sensibilidade nos seios, tontura ou altera\u00e7\u00f5es no ciclo menstrual.<\/p>\n","protected":false},"excerpt":{"rendered":"<ul>\n<li>Tomar dentro de 72 horas<\/li>\n<li>Retarda a ovula\u00e7\u00e3o<\/li>\n<li>Contracep\u00e7\u00e3o de emerg\u00eancia<\/li>\n<\/ul>\n","protected":false},"featured_media":1071,"comment_status":"open","ping_status":"closed","template":"","meta":[],"product_brand":[],"product_cat":[90],"product_tag":[],"expert":[19],"class_list":{"0":"post-1070","1":"product","2":"type-product","3":"status-publish","4":"has-post-thumbnail","6":"product_cat-contracepcao-de-emergencia","7":"expert-dr-j-vazquez","9":"first","10":"instock","11":"shipping-taxable","12":"product-type-simple"},"yoast_head":"<!-- This site is optimized with the Yoast SEO plugin v27.0 - https:\/\/yoast.com\/product\/yoast-seo-wordpress\/ -->\n<title>Norlevo (Levonelle) | ECP de A\u00e7\u00e3o R\u00e1pida - Transtoyou<\/title>\n<meta name=\"description\" content=\"Norlevo (Levonelle) ECP previne a gravidez ap\u00f3s sexo desprotegido. Dispon\u00edvel aqui para acesso r\u00e1pido. Eficaz at\u00e9 72 horas. Compre agora na Transtoyou.\" \/>\n<meta name=\"robots\" content=\"noindex, follow, max-snippet:-1, max-image-preview:large, max-video-preview:-1\" \/>\n<meta property=\"og:locale\" content=\"pt_PT\" \/>\n<meta property=\"og:type\" content=\"article\" \/>\n<meta property=\"og:title\" content=\"Norlevo (Levonelle) | ECP de A\u00e7\u00e3o R\u00e1pida - Transtoyou\" \/>\n<meta property=\"og:description\" content=\"Norlevo (Levonelle) ECP previne a gravidez ap\u00f3s sexo desprotegido. Dispon\u00edvel aqui para acesso r\u00e1pido. Eficaz at\u00e9 72 horas. Compre agora na Transtoyou.\" \/>\n<meta property=\"og:url\" content=\"https:\/\/www.transtoyou.com\/pt\/product\/norlevo-levonelle\/\" \/>\n<meta property=\"og:site_name\" content=\"Transtoyou - PT\" \/>\n<meta property=\"article:modified_time\" content=\"2026-01-24T23:04:38+00:00\" \/>\n<meta name=\"twitter:card\" content=\"summary_large_image\" \/>\n<meta name=\"twitter:label1\" content=\"Tempo estimado de leitura\" \/>\n\t<meta name=\"twitter:data1\" content=\"1 minuto\" \/>\n<script type=\"application\/ld+json\" class=\"yoast-schema-graph\">{\"@context\":\"https:\/\/schema.org\",\"@graph\":[{\"@type\":\"WebPage\",\"@id\":\"https:\/\/www.transtoyou.com\/pt\/product\/norlevo-levonelle\/\",\"url\":\"https:\/\/www.transtoyou.com\/pt\/product\/norlevo-levonelle\/\",\"name\":\"Norlevo (Levonelle) | ECP de A\u00e7\u00e3o R\u00e1pida - Transtoyou\",\"isPartOf\":{\"@id\":\"https:\/\/www.transtoyou.com\/pt\/#website\"},\"primaryImageOfPage\":{\"@id\":\"https:\/\/www.transtoyou.com\/pt\/product\/norlevo-levonelle\/#primaryimage\"},\"image\":{\"@id\":\"https:\/\/www.transtoyou.com\/pt\/product\/norlevo-levonelle\/#primaryimage\"},\"thumbnailUrl\":\"https:\/\/www.transtoyou.com\/pt\/wp-content\/uploads\/sites\/12\/2026\/01\/tty-no-product-image-123.webp\",\"datePublished\":\"2026-01-24T23:03:41+00:00\",\"dateModified\":\"2026-01-24T23:04:38+00:00\",\"description\":\"Norlevo (Levonelle) ECP previne a gravidez ap\u00f3s sexo desprotegido. Dispon\u00edvel aqui para acesso r\u00e1pido. Eficaz at\u00e9 72 horas. Compre agora na Transtoyou.\",\"breadcrumb\":{\"@id\":\"https:\/\/www.transtoyou.com\/pt\/product\/norlevo-levonelle\/#breadcrumb\"},\"inLanguage\":\"pt-PT\",\"potentialAction\":[{\"@type\":\"ReadAction\",\"target\":[\"https:\/\/www.transtoyou.com\/pt\/product\/norlevo-levonelle\/\"]}]},{\"@type\":\"ImageObject\",\"inLanguage\":\"pt-PT\",\"@id\":\"https:\/\/www.transtoyou.com\/pt\/product\/norlevo-levonelle\/#primaryimage\",\"url\":\"https:\/\/www.transtoyou.com\/pt\/wp-content\/uploads\/sites\/12\/2026\/01\/tty-no-product-image-123.webp\",\"contentUrl\":\"https:\/\/www.transtoyou.com\/pt\/wp-content\/uploads\/sites\/12\/2026\/01\/tty-no-product-image-123.webp\",\"width\":1000,\"height\":1000,\"caption\":\"Imagem padr\u00e3o do produto\"},{\"@type\":\"WebSite\",\"@id\":\"https:\/\/www.transtoyou.com\/pt\/#website\",\"url\":\"https:\/\/www.transtoyou.com\/pt\/\",\"name\":\"Transtoyou - PT\",\"description\":\"\",\"publisher\":{\"@id\":\"https:\/\/www.transtoyou.com\/pt\/#organization\"},\"potentialAction\":[{\"@type\":\"SearchAction\",\"target\":{\"@type\":\"EntryPoint\",\"urlTemplate\":\"https:\/\/www.transtoyou.com\/pt\/?s={search_term_string}\"},\"query-input\":{\"@type\":\"PropertyValueSpecification\",\"valueRequired\":true,\"valueName\":\"search_term_string\"}}],\"inLanguage\":\"pt-PT\"},{\"@type\":\"Organization\",\"@id\":\"https:\/\/www.transtoyou.com\/pt\/#organization\",\"name\":\"Transtoyou - PT\",\"url\":\"https:\/\/www.transtoyou.com\/pt\/\",\"logo\":{\"@type\":\"ImageObject\",\"inLanguage\":\"pt-PT\",\"@id\":\"https:\/\/www.transtoyou.com\/pt\/#\/schema\/logo\/image\/\",\"url\":\"https:\/\/www.transtoyou.com\/pt\/wp-content\/uploads\/sites\/12\/2026\/01\/logo-tty-menu-bar-300x87-1.webp\",\"contentUrl\":\"https:\/\/www.transtoyou.com\/pt\/wp-content\/uploads\/sites\/12\/2026\/01\/logo-tty-menu-bar-300x87-1.webp\",\"width\":300,\"height\":87,\"caption\":\"Transtoyou - PT\"},\"image\":{\"@id\":\"https:\/\/www.transtoyou.com\/pt\/#\/schema\/logo\/image\/\"}}]}<\/script>\n<!-- \/ Yoast SEO plugin. -->","yoast_head_json":{"title":"Norlevo (Levonelle) | ECP de A\u00e7\u00e3o R\u00e1pida - Transtoyou","description":"Norlevo (Levonelle) ECP previne a gravidez ap\u00f3s sexo desprotegido. Dispon\u00edvel aqui para acesso r\u00e1pido. Eficaz at\u00e9 72 horas. Compre agora na Transtoyou.","robots":{"index":"noindex","follow":"follow","max-snippet":"max-snippet:-1","max-image-preview":"max-image-preview:large","max-video-preview":"max-video-preview:-1"},"og_locale":"pt_PT","og_type":"article","og_title":"Norlevo (Levonelle) | ECP de A\u00e7\u00e3o R\u00e1pida - Transtoyou","og_description":"Norlevo (Levonelle) ECP previne a gravidez ap\u00f3s sexo desprotegido. Dispon\u00edvel aqui para acesso r\u00e1pido. Eficaz at\u00e9 72 horas. Compre agora na Transtoyou.","og_url":"https:\/\/www.transtoyou.com\/pt\/product\/norlevo-levonelle\/","og_site_name":"Transtoyou - PT","article_modified_time":"2026-01-24T23:04:38+00:00","twitter_card":"summary_large_image","twitter_misc":{"Tempo estimado de leitura":"1 minuto"},"schema":{"@context":"https:\/\/schema.org","@graph":[{"@type":"WebPage","@id":"https:\/\/www.transtoyou.com\/pt\/product\/norlevo-levonelle\/","url":"https:\/\/www.transtoyou.com\/pt\/product\/norlevo-levonelle\/","name":"Norlevo (Levonelle) | ECP de A\u00e7\u00e3o R\u00e1pida - Transtoyou","isPartOf":{"@id":"https:\/\/www.transtoyou.com\/pt\/#website"},"primaryImageOfPage":{"@id":"https:\/\/www.transtoyou.com\/pt\/product\/norlevo-levonelle\/#primaryimage"},"image":{"@id":"https:\/\/www.transtoyou.com\/pt\/product\/norlevo-levonelle\/#primaryimage"},"thumbnailUrl":"https:\/\/www.transtoyou.com\/pt\/wp-content\/uploads\/sites\/12\/2026\/01\/tty-no-product-image-123.webp","datePublished":"2026-01-24T23:03:41+00:00","dateModified":"2026-01-24T23:04:38+00:00","description":"Norlevo (Levonelle) ECP previne a gravidez ap\u00f3s sexo desprotegido. Dispon\u00edvel aqui para acesso r\u00e1pido. Eficaz at\u00e9 72 horas. Compre agora na Transtoyou.","breadcrumb":{"@id":"https:\/\/www.transtoyou.com\/pt\/product\/norlevo-levonelle\/#breadcrumb"},"inLanguage":"pt-PT","potentialAction":[{"@type":"ReadAction","target":["https:\/\/www.transtoyou.com\/pt\/product\/norlevo-levonelle\/"]}]},{"@type":"ImageObject","inLanguage":"pt-PT","@id":"https:\/\/www.transtoyou.com\/pt\/product\/norlevo-levonelle\/#primaryimage","url":"https:\/\/www.transtoyou.com\/pt\/wp-content\/uploads\/sites\/12\/2026\/01\/tty-no-product-image-123.webp","contentUrl":"https:\/\/www.transtoyou.com\/pt\/wp-content\/uploads\/sites\/12\/2026\/01\/tty-no-product-image-123.webp","width":1000,"height":1000,"caption":"Imagem padr\u00e3o do produto"},{"@type":"WebSite","@id":"https:\/\/www.transtoyou.com\/pt\/#website","url":"https:\/\/www.transtoyou.com\/pt\/","name":"Transtoyou - PT","description":"","publisher":{"@id":"https:\/\/www.transtoyou.com\/pt\/#organization"},"potentialAction":[{"@type":"SearchAction","target":{"@type":"EntryPoint","urlTemplate":"https:\/\/www.transtoyou.com\/pt\/?s={search_term_string}"},"query-input":{"@type":"PropertyValueSpecification","valueRequired":true,"valueName":"search_term_string"}}],"inLanguage":"pt-PT"},{"@type":"Organization","@id":"https:\/\/www.transtoyou.com\/pt\/#organization","name":"Transtoyou - PT","url":"https:\/\/www.transtoyou.com\/pt\/","logo":{"@type":"ImageObject","inLanguage":"pt-PT","@id":"https:\/\/www.transtoyou.com\/pt\/#\/schema\/logo\/image\/","url":"https:\/\/www.transtoyou.com\/pt\/wp-content\/uploads\/sites\/12\/2026\/01\/logo-tty-menu-bar-300x87-1.webp","contentUrl":"https:\/\/www.transtoyou.com\/pt\/wp-content\/uploads\/sites\/12\/2026\/01\/logo-tty-menu-bar-300x87-1.webp","width":300,"height":87,"caption":"Transtoyou - PT"},"image":{"@id":"https:\/\/www.transtoyou.com\/pt\/#\/schema\/logo\/image\/"}}]}},"_links":{"self":[{"href":"https:\/\/www.transtoyou.com\/pt\/wp-json\/wp\/v2\/product\/1070","targetHints":{"allow":["GET"]}}],"collection":[{"href":"https:\/\/www.transtoyou.com\/pt\/wp-json\/wp\/v2\/product"}],"about":[{"href":"https:\/\/www.transtoyou.com\/pt\/wp-json\/wp\/v2\/types\/product"}],"replies":[{"embeddable":true,"href":"https:\/\/www.transtoyou.com\/pt\/wp-json\/wp\/v2\/comments?post=1070"}],"wp:featuredmedia":[{"embeddable":true,"href":"https:\/\/www.transtoyou.com\/pt\/wp-json\/wp\/v2\/media\/1071"}],"wp:attachment":[{"href":"https:\/\/www.transtoyou.com\/pt\/wp-json\/wp\/v2\/media?parent=1070"}],"wp:term":[{"taxonomy":"product_brand","embeddable":true,"href":"https:\/\/www.transtoyou.com\/pt\/wp-json\/wp\/v2\/product_brand?post=1070"},{"taxonomy":"product_cat","embeddable":true,"href":"https:\/\/www.transtoyou.com\/pt\/wp-json\/wp\/v2\/product_cat?post=1070"},{"taxonomy":"product_tag","embeddable":true,"href":"https:\/\/www.transtoyou.com\/pt\/wp-json\/wp\/v2\/product_tag?post=1070"},{"taxonomy":"expert","embeddable":true,"href":"https:\/\/www.transtoyou.com\/pt\/wp-json\/wp\/v2\/expert?post=1070"}],"curies":[{"name":"wp","href":"https:\/\/api.w.org\/{rel}","templated":true}]}}