{"id":1077,"date":"2026-01-24T23:51:48","date_gmt":"2026-01-24T23:51:48","guid":{"rendered":"https:\/\/www.transtoyou.com\/pt\/product\/postinor\/"},"modified":"2026-01-24T23:52:44","modified_gmt":"2026-01-24T23:52:44","slug":"postinor","status":"publish","type":"product","link":"https:\/\/www.transtoyou.com\/pt\/product\/postinor\/","title":{"rendered":"Postinor"},"content":{"rendered":"<p>Postinor \u00e9 uma p\u00edlula contraceptiva de emerg\u00eancia usada para prevenir a gravidez ap\u00f3s rela\u00e7\u00f5es sexuais desprotegidas ou falha contraceptiva (por exemplo, p\u00edlula esquecida ou rompimento de preservativo). O ingrediente ativo \u00e9 o levonorgestrel, um horm\u00f4nio progestog\u00eanio sint\u00e9tico que imita a progesterona natural.<\/p>\n<p>O principal mecanismo de a\u00e7\u00e3o \u00e9 atrasar ou inibir a ovula\u00e7\u00e3o, a libera\u00e7\u00e3o de um \u00f3vulo do ov\u00e1rio. Ao fazer isso, Postinor reduz a probabilidade de fertiliza\u00e7\u00e3o. Tamb\u00e9m pode causar altera\u00e7\u00f5es no muco cervical e no revestimento endometrial, dificultando a chegada dos espermatozoides ao \u00f3vulo ou a implanta\u00e7\u00e3o de um \u00f3vulo fertilizado no \u00fatero. No entanto, n\u00e3o interrompe uma gravidez existente e n\u00e3o tem efeito uma vez que a implanta\u00e7\u00e3o ocorreu.<\/p>\n<p>Postinor deve ser tomado o mais r\u00e1pido poss\u00edvel ap\u00f3s sexo desprotegido, preferencialmente dentro de 12 horas, e n\u00e3o mais tarde do que 72 horas (3 dias). Quanto mais cedo for tomado, mais eficaz ele \u00e9. N\u00e3o \u00e9 destinado ao uso contraceptivo regular e n\u00e3o deve substituir m\u00e9todos de controle de natalidade em andamento. Tamb\u00e9m n\u00e3o protege contra infec\u00e7\u00f5es sexualmente transmiss\u00edveis (ISTs).<\/p>\n<p>Os benef\u00edcios do Postinor incluem facilidade de acesso, administra\u00e7\u00e3o simples em dose \u00fanica e efeitos colaterais geralmente leves. Alguns usu\u00e1rios podem experimentar n\u00e1useas, altera\u00e7\u00f5es no ciclo menstrual, sensibilidade nos seios, fadiga ou desconforto abdominal. A maioria dos efeitos colaterais se resolve em poucos dias.<\/p>\n","protected":false},"excerpt":{"rendered":"<ul>\n<li>Tomar dentro de 72 horas<\/li>\n<li>Retarda a ovula\u00e7\u00e3o<\/li>\n<li>Contracep\u00e7\u00e3o de emerg\u00eancia em dose \u00fanica<\/li>\n<\/ul>\n","protected":false},"featured_media":1078,"comment_status":"open","ping_status":"closed","template":"","meta":[],"product_brand":[],"product_cat":[90],"product_tag":[],"expert":[19],"class_list":{"0":"post-1077","1":"product","2":"type-product","3":"status-publish","4":"has-post-thumbnail","6":"product_cat-contracepcao-de-emergencia","7":"expert-dr-j-vazquez","9":"first","10":"instock","11":"shipping-taxable","12":"product-type-simple"},"yoast_head":"<!-- This site is optimized with the Yoast SEO plugin v27.0 - https:\/\/yoast.com\/product\/yoast-seo-wordpress\/ -->\n<title>Postinor | Solu\u00e7\u00e3o Contraceptiva de Emerg\u00eancia - Transtoyou<\/title>\n<meta name=\"description\" content=\"Previna a gravidez ap\u00f3s sexo desprotegido com Postinor, dispon\u00edvel agora na Transtoyou. A\u00e7\u00e3o r\u00e1pida em at\u00e9 72 horas aumenta a efic\u00e1cia.\" \/>\n<meta name=\"robots\" content=\"noindex, follow, max-snippet:-1, max-image-preview:large, max-video-preview:-1\" \/>\n<meta property=\"og:locale\" content=\"pt_PT\" \/>\n<meta property=\"og:type\" content=\"article\" \/>\n<meta property=\"og:title\" content=\"Postinor | Solu\u00e7\u00e3o Contraceptiva de Emerg\u00eancia - Transtoyou\" \/>\n<meta property=\"og:description\" content=\"Previna a gravidez ap\u00f3s sexo desprotegido com Postinor, dispon\u00edvel agora na Transtoyou. A\u00e7\u00e3o r\u00e1pida em at\u00e9 72 horas aumenta a efic\u00e1cia.\" \/>\n<meta property=\"og:url\" content=\"https:\/\/www.transtoyou.com\/pt\/product\/postinor\/\" \/>\n<meta property=\"og:site_name\" content=\"Transtoyou - PT\" \/>\n<meta property=\"article:modified_time\" content=\"2026-01-24T23:52:44+00:00\" \/>\n<meta name=\"twitter:card\" content=\"summary_large_image\" \/>\n<meta name=\"twitter:label1\" content=\"Tempo estimado de leitura\" \/>\n\t<meta name=\"twitter:data1\" content=\"1 minuto\" \/>\n<script type=\"application\/ld+json\" class=\"yoast-schema-graph\">{\"@context\":\"https:\/\/schema.org\",\"@graph\":[{\"@type\":\"WebPage\",\"@id\":\"https:\/\/www.transtoyou.com\/pt\/product\/postinor\/\",\"url\":\"https:\/\/www.transtoyou.com\/pt\/product\/postinor\/\",\"name\":\"Postinor | Solu\u00e7\u00e3o Contraceptiva de Emerg\u00eancia - Transtoyou\",\"isPartOf\":{\"@id\":\"https:\/\/www.transtoyou.com\/pt\/#website\"},\"primaryImageOfPage\":{\"@id\":\"https:\/\/www.transtoyou.com\/pt\/product\/postinor\/#primaryimage\"},\"image\":{\"@id\":\"https:\/\/www.transtoyou.com\/pt\/product\/postinor\/#primaryimage\"},\"thumbnailUrl\":\"https:\/\/www.transtoyou.com\/pt\/wp-content\/uploads\/sites\/12\/2026\/01\/tty-no-product-image-126.webp\",\"datePublished\":\"2026-01-24T23:51:48+00:00\",\"dateModified\":\"2026-01-24T23:52:44+00:00\",\"description\":\"Previna a gravidez ap\u00f3s sexo desprotegido com Postinor, dispon\u00edvel agora na Transtoyou. A\u00e7\u00e3o r\u00e1pida em at\u00e9 72 horas aumenta a efic\u00e1cia.\",\"breadcrumb\":{\"@id\":\"https:\/\/www.transtoyou.com\/pt\/product\/postinor\/#breadcrumb\"},\"inLanguage\":\"pt-PT\",\"potentialAction\":[{\"@type\":\"ReadAction\",\"target\":[\"https:\/\/www.transtoyou.com\/pt\/product\/postinor\/\"]}]},{\"@type\":\"ImageObject\",\"inLanguage\":\"pt-PT\",\"@id\":\"https:\/\/www.transtoyou.com\/pt\/product\/postinor\/#primaryimage\",\"url\":\"https:\/\/www.transtoyou.com\/pt\/wp-content\/uploads\/sites\/12\/2026\/01\/tty-no-product-image-126.webp\",\"contentUrl\":\"https:\/\/www.transtoyou.com\/pt\/wp-content\/uploads\/sites\/12\/2026\/01\/tty-no-product-image-126.webp\",\"width\":1000,\"height\":1000,\"caption\":\"Imagem padr\u00e3o do produto\"},{\"@type\":\"WebSite\",\"@id\":\"https:\/\/www.transtoyou.com\/pt\/#website\",\"url\":\"https:\/\/www.transtoyou.com\/pt\/\",\"name\":\"Transtoyou - PT\",\"description\":\"\",\"publisher\":{\"@id\":\"https:\/\/www.transtoyou.com\/pt\/#organization\"},\"potentialAction\":[{\"@type\":\"SearchAction\",\"target\":{\"@type\":\"EntryPoint\",\"urlTemplate\":\"https:\/\/www.transtoyou.com\/pt\/?s={search_term_string}\"},\"query-input\":{\"@type\":\"PropertyValueSpecification\",\"valueRequired\":true,\"valueName\":\"search_term_string\"}}],\"inLanguage\":\"pt-PT\"},{\"@type\":\"Organization\",\"@id\":\"https:\/\/www.transtoyou.com\/pt\/#organization\",\"name\":\"Transtoyou - PT\",\"url\":\"https:\/\/www.transtoyou.com\/pt\/\",\"logo\":{\"@type\":\"ImageObject\",\"inLanguage\":\"pt-PT\",\"@id\":\"https:\/\/www.transtoyou.com\/pt\/#\/schema\/logo\/image\/\",\"url\":\"https:\/\/www.transtoyou.com\/pt\/wp-content\/uploads\/sites\/12\/2026\/01\/logo-tty-menu-bar-300x87-1.webp\",\"contentUrl\":\"https:\/\/www.transtoyou.com\/pt\/wp-content\/uploads\/sites\/12\/2026\/01\/logo-tty-menu-bar-300x87-1.webp\",\"width\":300,\"height\":87,\"caption\":\"Transtoyou - PT\"},\"image\":{\"@id\":\"https:\/\/www.transtoyou.com\/pt\/#\/schema\/logo\/image\/\"}}]}<\/script>\n<!-- \/ Yoast SEO plugin. -->","yoast_head_json":{"title":"Postinor | Solu\u00e7\u00e3o Contraceptiva de Emerg\u00eancia - Transtoyou","description":"Previna a gravidez ap\u00f3s sexo desprotegido com Postinor, dispon\u00edvel agora na Transtoyou. A\u00e7\u00e3o r\u00e1pida em at\u00e9 72 horas aumenta a efic\u00e1cia.","robots":{"index":"noindex","follow":"follow","max-snippet":"max-snippet:-1","max-image-preview":"max-image-preview:large","max-video-preview":"max-video-preview:-1"},"og_locale":"pt_PT","og_type":"article","og_title":"Postinor | Solu\u00e7\u00e3o Contraceptiva de Emerg\u00eancia - Transtoyou","og_description":"Previna a gravidez ap\u00f3s sexo desprotegido com Postinor, dispon\u00edvel agora na Transtoyou. A\u00e7\u00e3o r\u00e1pida em at\u00e9 72 horas aumenta a efic\u00e1cia.","og_url":"https:\/\/www.transtoyou.com\/pt\/product\/postinor\/","og_site_name":"Transtoyou - PT","article_modified_time":"2026-01-24T23:52:44+00:00","twitter_card":"summary_large_image","twitter_misc":{"Tempo estimado de leitura":"1 minuto"},"schema":{"@context":"https:\/\/schema.org","@graph":[{"@type":"WebPage","@id":"https:\/\/www.transtoyou.com\/pt\/product\/postinor\/","url":"https:\/\/www.transtoyou.com\/pt\/product\/postinor\/","name":"Postinor | Solu\u00e7\u00e3o Contraceptiva de Emerg\u00eancia - Transtoyou","isPartOf":{"@id":"https:\/\/www.transtoyou.com\/pt\/#website"},"primaryImageOfPage":{"@id":"https:\/\/www.transtoyou.com\/pt\/product\/postinor\/#primaryimage"},"image":{"@id":"https:\/\/www.transtoyou.com\/pt\/product\/postinor\/#primaryimage"},"thumbnailUrl":"https:\/\/www.transtoyou.com\/pt\/wp-content\/uploads\/sites\/12\/2026\/01\/tty-no-product-image-126.webp","datePublished":"2026-01-24T23:51:48+00:00","dateModified":"2026-01-24T23:52:44+00:00","description":"Previna a gravidez ap\u00f3s sexo desprotegido com Postinor, dispon\u00edvel agora na Transtoyou. A\u00e7\u00e3o r\u00e1pida em at\u00e9 72 horas aumenta a efic\u00e1cia.","breadcrumb":{"@id":"https:\/\/www.transtoyou.com\/pt\/product\/postinor\/#breadcrumb"},"inLanguage":"pt-PT","potentialAction":[{"@type":"ReadAction","target":["https:\/\/www.transtoyou.com\/pt\/product\/postinor\/"]}]},{"@type":"ImageObject","inLanguage":"pt-PT","@id":"https:\/\/www.transtoyou.com\/pt\/product\/postinor\/#primaryimage","url":"https:\/\/www.transtoyou.com\/pt\/wp-content\/uploads\/sites\/12\/2026\/01\/tty-no-product-image-126.webp","contentUrl":"https:\/\/www.transtoyou.com\/pt\/wp-content\/uploads\/sites\/12\/2026\/01\/tty-no-product-image-126.webp","width":1000,"height":1000,"caption":"Imagem padr\u00e3o do produto"},{"@type":"WebSite","@id":"https:\/\/www.transtoyou.com\/pt\/#website","url":"https:\/\/www.transtoyou.com\/pt\/","name":"Transtoyou - PT","description":"","publisher":{"@id":"https:\/\/www.transtoyou.com\/pt\/#organization"},"potentialAction":[{"@type":"SearchAction","target":{"@type":"EntryPoint","urlTemplate":"https:\/\/www.transtoyou.com\/pt\/?s={search_term_string}"},"query-input":{"@type":"PropertyValueSpecification","valueRequired":true,"valueName":"search_term_string"}}],"inLanguage":"pt-PT"},{"@type":"Organization","@id":"https:\/\/www.transtoyou.com\/pt\/#organization","name":"Transtoyou - PT","url":"https:\/\/www.transtoyou.com\/pt\/","logo":{"@type":"ImageObject","inLanguage":"pt-PT","@id":"https:\/\/www.transtoyou.com\/pt\/#\/schema\/logo\/image\/","url":"https:\/\/www.transtoyou.com\/pt\/wp-content\/uploads\/sites\/12\/2026\/01\/logo-tty-menu-bar-300x87-1.webp","contentUrl":"https:\/\/www.transtoyou.com\/pt\/wp-content\/uploads\/sites\/12\/2026\/01\/logo-tty-menu-bar-300x87-1.webp","width":300,"height":87,"caption":"Transtoyou - PT"},"image":{"@id":"https:\/\/www.transtoyou.com\/pt\/#\/schema\/logo\/image\/"}}]}},"_links":{"self":[{"href":"https:\/\/www.transtoyou.com\/pt\/wp-json\/wp\/v2\/product\/1077","targetHints":{"allow":["GET"]}}],"collection":[{"href":"https:\/\/www.transtoyou.com\/pt\/wp-json\/wp\/v2\/product"}],"about":[{"href":"https:\/\/www.transtoyou.com\/pt\/wp-json\/wp\/v2\/types\/product"}],"replies":[{"embeddable":true,"href":"https:\/\/www.transtoyou.com\/pt\/wp-json\/wp\/v2\/comments?post=1077"}],"wp:featuredmedia":[{"embeddable":true,"href":"https:\/\/www.transtoyou.com\/pt\/wp-json\/wp\/v2\/media\/1078"}],"wp:attachment":[{"href":"https:\/\/www.transtoyou.com\/pt\/wp-json\/wp\/v2\/media?parent=1077"}],"wp:term":[{"taxonomy":"product_brand","embeddable":true,"href":"https:\/\/www.transtoyou.com\/pt\/wp-json\/wp\/v2\/product_brand?post=1077"},{"taxonomy":"product_cat","embeddable":true,"href":"https:\/\/www.transtoyou.com\/pt\/wp-json\/wp\/v2\/product_cat?post=1077"},{"taxonomy":"product_tag","embeddable":true,"href":"https:\/\/www.transtoyou.com\/pt\/wp-json\/wp\/v2\/product_tag?post=1077"},{"taxonomy":"expert","embeddable":true,"href":"https:\/\/www.transtoyou.com\/pt\/wp-json\/wp\/v2\/expert?post=1077"}],"curies":[{"name":"wp","href":"https:\/\/api.w.org\/{rel}","templated":true}]}}