{"id":1082,"date":"2026-01-25T00:26:49","date_gmt":"2026-01-25T00:26:49","guid":{"rendered":"https:\/\/www.transtoyou.com\/pt\/product\/ebixa\/"},"modified":"2026-01-25T00:27:46","modified_gmt":"2026-01-25T00:27:46","slug":"ebixa","status":"publish","type":"product","link":"https:\/\/www.transtoyou.com\/pt\/product\/ebixa\/","title":{"rendered":"Ebixa"},"content":{"rendered":"<p>Ebixa \u00e9 uma medica\u00e7\u00e3o prescrita usada para tratar est\u00e1gios moderados a graves da doen\u00e7a de Alzheimer. Cont\u00e9m o ingrediente ativo memantina, que atua regulando a atividade do glutamato no c\u00e9rebro, um mensageiro qu\u00edmico envolvido no aprendizado, mem\u00f3ria e cogni\u00e7\u00e3o. Na doen\u00e7a de Alzheimer, a atividade excessiva de glutamato pode levar \u00e0 superestimula\u00e7\u00e3o e danos \u00e0s c\u00e9lulas nervosas. Ebixa ajuda a restaurar o equil\u00edbrio e protege o c\u00e9rebro dessa superestimula\u00e7\u00e3o, o que pode ajudar a manter a fun\u00e7\u00e3o cognitiva por mais tempo.<\/p>\n<p>Embora a doen\u00e7a de Alzheimer seja progressiva e n\u00e3o possa ser curada, Ebixa pode ajudar a aliviar certos sintomas relacionados \u00e0 mem\u00f3ria, pensamento e comportamento. Pode apoiar os pacientes a se manterem engajados em atividades di\u00e1rias, interagindo de forma mais clara com os outros e mantendo alguma independ\u00eancia por mais tempo. Embora os efeitos variem de pessoa para pessoa, muitos experimentam estabiliza\u00e7\u00e3o ou leve melhora nos sintomas cognitivos ao longo do tempo.<\/p>\n<p>Ebixa geralmente \u00e9 tomada uma vez por dia. O tratamento normalmente come\u00e7a com uma dose baixa que \u00e9 gradualmente aumentada ao longo de v\u00e1rias semanas para permitir que o corpo se ajuste. A medica\u00e7\u00e3o \u00e9 mais eficaz quando tomada de forma consistente como parte de um plano de tratamento de longo prazo.<\/p>\n<p>Os efeitos colaterais s\u00e3o geralmente leves e podem incluir tontura, dor de cabe\u00e7a, constipa\u00e7\u00e3o ou confus\u00e3o nos est\u00e1gios iniciais do tratamento. Esses sintomas costumam diminuir \u00e0 medida que o corpo se adapta. Ebixa \u00e9 considerada segura para a maioria dos pacientes, mas pode n\u00e3o ser adequada para aqueles com problemas renais graves ou certas outras condi\u00e7\u00f5es m\u00e9dicas.<\/p>\n","protected":false},"excerpt":{"rendered":"<ul>\n<li>Pode melhorar a mem\u00f3ria, a aten\u00e7\u00e3o e a fun\u00e7\u00e3o di\u00e1ria<\/li>\n<li>Reduz dist\u00farbios comportamentais<\/li>\n<li>Adequado para uso com outros medicamentos para dem\u00eancia<\/li>\n<\/ul>\n","protected":false},"featured_media":1084,"comment_status":"open","ping_status":"closed","template":"","meta":[],"product_brand":[],"product_cat":[82],"product_tag":[],"expert":[16],"class_list":{"0":"post-1082","1":"product","2":"type-product","3":"status-publish","4":"has-post-thumbnail","6":"product_cat-demencia-e-cerebro","7":"expert-dr-c-alexandru","9":"first","10":"instock","11":"shipping-taxable","12":"product-type-variable"},"yoast_head":"<!-- This site is optimized with the Yoast SEO plugin v27.0 - https:\/\/yoast.com\/product\/yoast-seo-wordpress\/ -->\n<title>Ebixa | Apoia a Sa\u00fade Cognitiva - Transtoyou<\/title>\n<meta name=\"description\" content=\"Descubra o Ebixa na Transtoyou, um tratamento clinicamente aprovado para Alzheimer moderado a grave, ajudando a manter a fun\u00e7\u00e3o cognitiva com memantina.\" \/>\n<meta name=\"robots\" content=\"noindex, follow, max-snippet:-1, max-image-preview:large, max-video-preview:-1\" \/>\n<meta property=\"og:locale\" content=\"pt_PT\" \/>\n<meta property=\"og:type\" content=\"article\" \/>\n<meta property=\"og:title\" content=\"Ebixa | Apoia a Sa\u00fade Cognitiva - Transtoyou\" \/>\n<meta property=\"og:description\" content=\"Descubra o Ebixa na Transtoyou, um tratamento clinicamente aprovado para Alzheimer moderado a grave, ajudando a manter a fun\u00e7\u00e3o cognitiva com memantina.\" \/>\n<meta property=\"og:url\" content=\"https:\/\/www.transtoyou.com\/pt\/product\/ebixa\/\" \/>\n<meta property=\"og:site_name\" content=\"Transtoyou - PT\" \/>\n<meta property=\"article:modified_time\" content=\"2026-01-25T00:27:46+00:00\" \/>\n<meta name=\"twitter:card\" content=\"summary_large_image\" \/>\n<meta name=\"twitter:label1\" content=\"Tempo estimado de leitura\" \/>\n\t<meta name=\"twitter:data1\" content=\"1 minuto\" \/>\n<script type=\"application\/ld+json\" class=\"yoast-schema-graph\">{\"@context\":\"https:\/\/schema.org\",\"@graph\":[{\"@type\":\"WebPage\",\"@id\":\"https:\/\/www.transtoyou.com\/pt\/product\/ebixa\/\",\"url\":\"https:\/\/www.transtoyou.com\/pt\/product\/ebixa\/\",\"name\":\"Ebixa | Apoia a Sa\u00fade Cognitiva - Transtoyou\",\"isPartOf\":{\"@id\":\"https:\/\/www.transtoyou.com\/pt\/#website\"},\"primaryImageOfPage\":{\"@id\":\"https:\/\/www.transtoyou.com\/pt\/product\/ebixa\/#primaryimage\"},\"image\":{\"@id\":\"https:\/\/www.transtoyou.com\/pt\/product\/ebixa\/#primaryimage\"},\"thumbnailUrl\":\"https:\/\/www.transtoyou.com\/pt\/wp-content\/uploads\/sites\/12\/2026\/01\/tty-no-product-image-128.webp\",\"datePublished\":\"2026-01-25T00:26:49+00:00\",\"dateModified\":\"2026-01-25T00:27:46+00:00\",\"description\":\"Descubra o Ebixa na Transtoyou, um tratamento clinicamente aprovado para Alzheimer moderado a grave, ajudando a manter a fun\u00e7\u00e3o cognitiva com memantina.\",\"breadcrumb\":{\"@id\":\"https:\/\/www.transtoyou.com\/pt\/product\/ebixa\/#breadcrumb\"},\"inLanguage\":\"pt-PT\",\"potentialAction\":[{\"@type\":\"ReadAction\",\"target\":[\"https:\/\/www.transtoyou.com\/pt\/product\/ebixa\/\"]}]},{\"@type\":\"ImageObject\",\"inLanguage\":\"pt-PT\",\"@id\":\"https:\/\/www.transtoyou.com\/pt\/product\/ebixa\/#primaryimage\",\"url\":\"https:\/\/www.transtoyou.com\/pt\/wp-content\/uploads\/sites\/12\/2026\/01\/tty-no-product-image-128.webp\",\"contentUrl\":\"https:\/\/www.transtoyou.com\/pt\/wp-content\/uploads\/sites\/12\/2026\/01\/tty-no-product-image-128.webp\",\"width\":1000,\"height\":1000,\"caption\":\"Imagem padr\u00e3o do produto\"},{\"@type\":\"WebSite\",\"@id\":\"https:\/\/www.transtoyou.com\/pt\/#website\",\"url\":\"https:\/\/www.transtoyou.com\/pt\/\",\"name\":\"Transtoyou - PT\",\"description\":\"\",\"publisher\":{\"@id\":\"https:\/\/www.transtoyou.com\/pt\/#organization\"},\"potentialAction\":[{\"@type\":\"SearchAction\",\"target\":{\"@type\":\"EntryPoint\",\"urlTemplate\":\"https:\/\/www.transtoyou.com\/pt\/?s={search_term_string}\"},\"query-input\":{\"@type\":\"PropertyValueSpecification\",\"valueRequired\":true,\"valueName\":\"search_term_string\"}}],\"inLanguage\":\"pt-PT\"},{\"@type\":\"Organization\",\"@id\":\"https:\/\/www.transtoyou.com\/pt\/#organization\",\"name\":\"Transtoyou - PT\",\"url\":\"https:\/\/www.transtoyou.com\/pt\/\",\"logo\":{\"@type\":\"ImageObject\",\"inLanguage\":\"pt-PT\",\"@id\":\"https:\/\/www.transtoyou.com\/pt\/#\/schema\/logo\/image\/\",\"url\":\"https:\/\/www.transtoyou.com\/pt\/wp-content\/uploads\/sites\/12\/2026\/01\/logo-tty-menu-bar-300x87-1.webp\",\"contentUrl\":\"https:\/\/www.transtoyou.com\/pt\/wp-content\/uploads\/sites\/12\/2026\/01\/logo-tty-menu-bar-300x87-1.webp\",\"width\":300,\"height\":87,\"caption\":\"Transtoyou - PT\"},\"image\":{\"@id\":\"https:\/\/www.transtoyou.com\/pt\/#\/schema\/logo\/image\/\"}}]}<\/script>\n<!-- \/ Yoast SEO plugin. -->","yoast_head_json":{"title":"Ebixa | Apoia a Sa\u00fade Cognitiva - Transtoyou","description":"Descubra o Ebixa na Transtoyou, um tratamento clinicamente aprovado para Alzheimer moderado a grave, ajudando a manter a fun\u00e7\u00e3o cognitiva com memantina.","robots":{"index":"noindex","follow":"follow","max-snippet":"max-snippet:-1","max-image-preview":"max-image-preview:large","max-video-preview":"max-video-preview:-1"},"og_locale":"pt_PT","og_type":"article","og_title":"Ebixa | Apoia a Sa\u00fade Cognitiva - Transtoyou","og_description":"Descubra o Ebixa na Transtoyou, um tratamento clinicamente aprovado para Alzheimer moderado a grave, ajudando a manter a fun\u00e7\u00e3o cognitiva com memantina.","og_url":"https:\/\/www.transtoyou.com\/pt\/product\/ebixa\/","og_site_name":"Transtoyou - PT","article_modified_time":"2026-01-25T00:27:46+00:00","twitter_card":"summary_large_image","twitter_misc":{"Tempo estimado de leitura":"1 minuto"},"schema":{"@context":"https:\/\/schema.org","@graph":[{"@type":"WebPage","@id":"https:\/\/www.transtoyou.com\/pt\/product\/ebixa\/","url":"https:\/\/www.transtoyou.com\/pt\/product\/ebixa\/","name":"Ebixa | Apoia a Sa\u00fade Cognitiva - Transtoyou","isPartOf":{"@id":"https:\/\/www.transtoyou.com\/pt\/#website"},"primaryImageOfPage":{"@id":"https:\/\/www.transtoyou.com\/pt\/product\/ebixa\/#primaryimage"},"image":{"@id":"https:\/\/www.transtoyou.com\/pt\/product\/ebixa\/#primaryimage"},"thumbnailUrl":"https:\/\/www.transtoyou.com\/pt\/wp-content\/uploads\/sites\/12\/2026\/01\/tty-no-product-image-128.webp","datePublished":"2026-01-25T00:26:49+00:00","dateModified":"2026-01-25T00:27:46+00:00","description":"Descubra o Ebixa na Transtoyou, um tratamento clinicamente aprovado para Alzheimer moderado a grave, ajudando a manter a fun\u00e7\u00e3o cognitiva com memantina.","breadcrumb":{"@id":"https:\/\/www.transtoyou.com\/pt\/product\/ebixa\/#breadcrumb"},"inLanguage":"pt-PT","potentialAction":[{"@type":"ReadAction","target":["https:\/\/www.transtoyou.com\/pt\/product\/ebixa\/"]}]},{"@type":"ImageObject","inLanguage":"pt-PT","@id":"https:\/\/www.transtoyou.com\/pt\/product\/ebixa\/#primaryimage","url":"https:\/\/www.transtoyou.com\/pt\/wp-content\/uploads\/sites\/12\/2026\/01\/tty-no-product-image-128.webp","contentUrl":"https:\/\/www.transtoyou.com\/pt\/wp-content\/uploads\/sites\/12\/2026\/01\/tty-no-product-image-128.webp","width":1000,"height":1000,"caption":"Imagem padr\u00e3o do produto"},{"@type":"WebSite","@id":"https:\/\/www.transtoyou.com\/pt\/#website","url":"https:\/\/www.transtoyou.com\/pt\/","name":"Transtoyou - PT","description":"","publisher":{"@id":"https:\/\/www.transtoyou.com\/pt\/#organization"},"potentialAction":[{"@type":"SearchAction","target":{"@type":"EntryPoint","urlTemplate":"https:\/\/www.transtoyou.com\/pt\/?s={search_term_string}"},"query-input":{"@type":"PropertyValueSpecification","valueRequired":true,"valueName":"search_term_string"}}],"inLanguage":"pt-PT"},{"@type":"Organization","@id":"https:\/\/www.transtoyou.com\/pt\/#organization","name":"Transtoyou - PT","url":"https:\/\/www.transtoyou.com\/pt\/","logo":{"@type":"ImageObject","inLanguage":"pt-PT","@id":"https:\/\/www.transtoyou.com\/pt\/#\/schema\/logo\/image\/","url":"https:\/\/www.transtoyou.com\/pt\/wp-content\/uploads\/sites\/12\/2026\/01\/logo-tty-menu-bar-300x87-1.webp","contentUrl":"https:\/\/www.transtoyou.com\/pt\/wp-content\/uploads\/sites\/12\/2026\/01\/logo-tty-menu-bar-300x87-1.webp","width":300,"height":87,"caption":"Transtoyou - PT"},"image":{"@id":"https:\/\/www.transtoyou.com\/pt\/#\/schema\/logo\/image\/"}}]}},"_links":{"self":[{"href":"https:\/\/www.transtoyou.com\/pt\/wp-json\/wp\/v2\/product\/1082","targetHints":{"allow":["GET"]}}],"collection":[{"href":"https:\/\/www.transtoyou.com\/pt\/wp-json\/wp\/v2\/product"}],"about":[{"href":"https:\/\/www.transtoyou.com\/pt\/wp-json\/wp\/v2\/types\/product"}],"replies":[{"embeddable":true,"href":"https:\/\/www.transtoyou.com\/pt\/wp-json\/wp\/v2\/comments?post=1082"}],"wp:featuredmedia":[{"embeddable":true,"href":"https:\/\/www.transtoyou.com\/pt\/wp-json\/wp\/v2\/media\/1084"}],"wp:attachment":[{"href":"https:\/\/www.transtoyou.com\/pt\/wp-json\/wp\/v2\/media?parent=1082"}],"wp:term":[{"taxonomy":"product_brand","embeddable":true,"href":"https:\/\/www.transtoyou.com\/pt\/wp-json\/wp\/v2\/product_brand?post=1082"},{"taxonomy":"product_cat","embeddable":true,"href":"https:\/\/www.transtoyou.com\/pt\/wp-json\/wp\/v2\/product_cat?post=1082"},{"taxonomy":"product_tag","embeddable":true,"href":"https:\/\/www.transtoyou.com\/pt\/wp-json\/wp\/v2\/product_tag?post=1082"},{"taxonomy":"expert","embeddable":true,"href":"https:\/\/www.transtoyou.com\/pt\/wp-json\/wp\/v2\/expert?post=1082"}],"curies":[{"name":"wp","href":"https:\/\/api.w.org\/{rel}","templated":true}]}}