{"id":1111,"date":"2026-01-25T03:12:27","date_gmt":"2026-01-25T03:12:27","guid":{"rendered":"https:\/\/www.transtoyou.com\/pt\/product\/ezetimibe-ezetrol\/"},"modified":"2026-01-25T03:13:26","modified_gmt":"2026-01-25T03:13:26","slug":"ezetimibe-ezetrol","status":"publish","type":"product","link":"https:\/\/www.transtoyou.com\/pt\/product\/ezetimibe-ezetrol\/","title":{"rendered":"Ezetimibe (Ezetrol)"},"content":{"rendered":"<p>Ezetimibe, conhecido pelo nome da marca Ezetrol, \u00e9 um medicamento especificamente projetado para reduzir a absor\u00e7\u00e3o de colesterol do intestino delgado. Ao contr\u00e1rio das estatinas, que atuam no f\u00edgado inibindo a produ\u00e7\u00e3o de colesterol, o Ezetimibe ataca diretamente a absor\u00e7\u00e3o de colesterol diet\u00e9tico e biliar no trato gastrointestinal. Ao reduzir o influxo geral de colesterol na corrente sangu\u00ednea, ajuda a diminuir os n\u00edveis prejudiciais de LDL e pode ser usado em combina\u00e7\u00e3o com estatinas ou sozinho, caso as estatinas n\u00e3o sejam toleradas.<\/p>\n<p>A principal vantagem do Ezetimibe \u00e9 seu mecanismo de a\u00e7\u00e3o complementar, que pode levar a uma diminui\u00e7\u00e3o adicional nos n\u00edveis de colesterol LDL quando adicionado a um regime de estatinas. Para muitos pacientes, essa abordagem combinada otimiza o controle lip\u00eddico sem aumentar significativamente o risco de efeitos colaterais. O Ezetimibe \u00e9 geralmente bem tolerado, embora algumas pessoas possam experimentar sintomas gastrointestinais leves ou fadiga.<\/p>\n<p>Al\u00e9m de reduzir o LDL, o Ezetimibe pode proporcionar um efeito modesto sobre o colesterol total e os triglicer\u00eddeos. Os profissionais de sa\u00fade costumam recomendar seu uso juntamente com medidas de estilo de vida, como uma dieta balanceada, exerc\u00edcios regulares e controle de peso para indiv\u00edduos em risco de doen\u00e7a cardiovascular ateroscler\u00f3tica.<\/p>\n<p>O monitoramento regular dos perfis lip\u00eddicos ajuda a acompanhar o progresso, garantindo que os pacientes alcancem suas metas personalizadas de colesterol. A dosagem de Ezetimibe uma vez ao dia pode melhorar a ades\u00e3o, que \u00e9 um fator importante na gest\u00e3o eficaz a longo prazo da dislipidemia.<\/p>\n","protected":false},"excerpt":{"rendered":"<ul>\n<li>Reduz a absor\u00e7\u00e3o de colesterol intestinal<\/li>\n<li>Complementa ou substitui a terapia com estatinas<\/li>\n<li>Ajuda a otimizar a redu\u00e7\u00e3o de LDL<\/li>\n<\/ul>\n","protected":false},"featured_media":1113,"comment_status":"open","ping_status":"closed","template":"","meta":[],"product_brand":[],"product_cat":[72],"product_tag":[],"expert":[21],"class_list":{"0":"post-1111","1":"product","2":"type-product","3":"status-publish","4":"has-post-thumbnail","6":"product_cat-controle-de-colesterol","7":"expert-dr-m-sharoyko","9":"first","10":"instock","11":"shipping-taxable","12":"product-type-variable"},"yoast_head":"<!-- This site is optimized with the Yoast SEO plugin v27.0 - https:\/\/yoast.com\/product\/yoast-seo-wordpress\/ -->\n<title>Ezetimibe (Ezetrol) | Reduz o Colesterol LDL - Transtoyou<\/title>\n<meta name=\"description\" content=\"Ezetimibe (Ezetrol) reduz a absor\u00e7\u00e3o de colesterol, melhorando o controle do LDL. Descubra seus benef\u00edcios no Transtoyou hoje.\" \/>\n<meta name=\"robots\" content=\"noindex, follow, max-snippet:-1, max-image-preview:large, max-video-preview:-1\" \/>\n<meta property=\"og:locale\" content=\"pt_PT\" \/>\n<meta property=\"og:type\" content=\"article\" \/>\n<meta property=\"og:title\" content=\"Ezetimibe (Ezetrol) | Reduz o Colesterol LDL - Transtoyou\" \/>\n<meta property=\"og:description\" content=\"Ezetimibe (Ezetrol) reduz a absor\u00e7\u00e3o de colesterol, melhorando o controle do LDL. Descubra seus benef\u00edcios no Transtoyou hoje.\" \/>\n<meta property=\"og:url\" content=\"https:\/\/www.transtoyou.com\/pt\/product\/ezetimibe-ezetrol\/\" \/>\n<meta property=\"og:site_name\" content=\"Transtoyou - PT\" \/>\n<meta property=\"article:modified_time\" content=\"2026-01-25T03:13:26+00:00\" \/>\n<meta name=\"twitter:card\" content=\"summary_large_image\" \/>\n<meta name=\"twitter:label1\" content=\"Tempo estimado de leitura\" \/>\n\t<meta name=\"twitter:data1\" content=\"1 minuto\" \/>\n<script type=\"application\/ld+json\" class=\"yoast-schema-graph\">{\"@context\":\"https:\/\/schema.org\",\"@graph\":[{\"@type\":\"WebPage\",\"@id\":\"https:\/\/www.transtoyou.com\/pt\/product\/ezetimibe-ezetrol\/\",\"url\":\"https:\/\/www.transtoyou.com\/pt\/product\/ezetimibe-ezetrol\/\",\"name\":\"Ezetimibe (Ezetrol) | Reduz o Colesterol LDL - Transtoyou\",\"isPartOf\":{\"@id\":\"https:\/\/www.transtoyou.com\/pt\/#website\"},\"primaryImageOfPage\":{\"@id\":\"https:\/\/www.transtoyou.com\/pt\/product\/ezetimibe-ezetrol\/#primaryimage\"},\"image\":{\"@id\":\"https:\/\/www.transtoyou.com\/pt\/product\/ezetimibe-ezetrol\/#primaryimage\"},\"thumbnailUrl\":\"https:\/\/www.transtoyou.com\/pt\/wp-content\/uploads\/sites\/12\/2026\/01\/tty-no-product-image-138.webp\",\"datePublished\":\"2026-01-25T03:12:27+00:00\",\"dateModified\":\"2026-01-25T03:13:26+00:00\",\"description\":\"Ezetimibe (Ezetrol) reduz a absor\u00e7\u00e3o de colesterol, melhorando o controle do LDL. Descubra seus benef\u00edcios no Transtoyou hoje.\",\"breadcrumb\":{\"@id\":\"https:\/\/www.transtoyou.com\/pt\/product\/ezetimibe-ezetrol\/#breadcrumb\"},\"inLanguage\":\"pt-PT\",\"potentialAction\":[{\"@type\":\"ReadAction\",\"target\":[\"https:\/\/www.transtoyou.com\/pt\/product\/ezetimibe-ezetrol\/\"]}]},{\"@type\":\"ImageObject\",\"inLanguage\":\"pt-PT\",\"@id\":\"https:\/\/www.transtoyou.com\/pt\/product\/ezetimibe-ezetrol\/#primaryimage\",\"url\":\"https:\/\/www.transtoyou.com\/pt\/wp-content\/uploads\/sites\/12\/2026\/01\/tty-no-product-image-138.webp\",\"contentUrl\":\"https:\/\/www.transtoyou.com\/pt\/wp-content\/uploads\/sites\/12\/2026\/01\/tty-no-product-image-138.webp\",\"width\":1000,\"height\":1000,\"caption\":\"Imagem padr\u00e3o do produto\"},{\"@type\":\"WebSite\",\"@id\":\"https:\/\/www.transtoyou.com\/pt\/#website\",\"url\":\"https:\/\/www.transtoyou.com\/pt\/\",\"name\":\"Transtoyou - PT\",\"description\":\"\",\"publisher\":{\"@id\":\"https:\/\/www.transtoyou.com\/pt\/#organization\"},\"potentialAction\":[{\"@type\":\"SearchAction\",\"target\":{\"@type\":\"EntryPoint\",\"urlTemplate\":\"https:\/\/www.transtoyou.com\/pt\/?s={search_term_string}\"},\"query-input\":{\"@type\":\"PropertyValueSpecification\",\"valueRequired\":true,\"valueName\":\"search_term_string\"}}],\"inLanguage\":\"pt-PT\"},{\"@type\":\"Organization\",\"@id\":\"https:\/\/www.transtoyou.com\/pt\/#organization\",\"name\":\"Transtoyou - PT\",\"url\":\"https:\/\/www.transtoyou.com\/pt\/\",\"logo\":{\"@type\":\"ImageObject\",\"inLanguage\":\"pt-PT\",\"@id\":\"https:\/\/www.transtoyou.com\/pt\/#\/schema\/logo\/image\/\",\"url\":\"https:\/\/www.transtoyou.com\/pt\/wp-content\/uploads\/sites\/12\/2026\/01\/logo-tty-menu-bar-300x87-1.webp\",\"contentUrl\":\"https:\/\/www.transtoyou.com\/pt\/wp-content\/uploads\/sites\/12\/2026\/01\/logo-tty-menu-bar-300x87-1.webp\",\"width\":300,\"height\":87,\"caption\":\"Transtoyou - PT\"},\"image\":{\"@id\":\"https:\/\/www.transtoyou.com\/pt\/#\/schema\/logo\/image\/\"}}]}<\/script>\n<!-- \/ Yoast SEO plugin. -->","yoast_head_json":{"title":"Ezetimibe (Ezetrol) | Reduz o Colesterol LDL - Transtoyou","description":"Ezetimibe (Ezetrol) reduz a absor\u00e7\u00e3o de colesterol, melhorando o controle do LDL. Descubra seus benef\u00edcios no Transtoyou hoje.","robots":{"index":"noindex","follow":"follow","max-snippet":"max-snippet:-1","max-image-preview":"max-image-preview:large","max-video-preview":"max-video-preview:-1"},"og_locale":"pt_PT","og_type":"article","og_title":"Ezetimibe (Ezetrol) | Reduz o Colesterol LDL - Transtoyou","og_description":"Ezetimibe (Ezetrol) reduz a absor\u00e7\u00e3o de colesterol, melhorando o controle do LDL. Descubra seus benef\u00edcios no Transtoyou hoje.","og_url":"https:\/\/www.transtoyou.com\/pt\/product\/ezetimibe-ezetrol\/","og_site_name":"Transtoyou - PT","article_modified_time":"2026-01-25T03:13:26+00:00","twitter_card":"summary_large_image","twitter_misc":{"Tempo estimado de leitura":"1 minuto"},"schema":{"@context":"https:\/\/schema.org","@graph":[{"@type":"WebPage","@id":"https:\/\/www.transtoyou.com\/pt\/product\/ezetimibe-ezetrol\/","url":"https:\/\/www.transtoyou.com\/pt\/product\/ezetimibe-ezetrol\/","name":"Ezetimibe (Ezetrol) | Reduz o Colesterol LDL - Transtoyou","isPartOf":{"@id":"https:\/\/www.transtoyou.com\/pt\/#website"},"primaryImageOfPage":{"@id":"https:\/\/www.transtoyou.com\/pt\/product\/ezetimibe-ezetrol\/#primaryimage"},"image":{"@id":"https:\/\/www.transtoyou.com\/pt\/product\/ezetimibe-ezetrol\/#primaryimage"},"thumbnailUrl":"https:\/\/www.transtoyou.com\/pt\/wp-content\/uploads\/sites\/12\/2026\/01\/tty-no-product-image-138.webp","datePublished":"2026-01-25T03:12:27+00:00","dateModified":"2026-01-25T03:13:26+00:00","description":"Ezetimibe (Ezetrol) reduz a absor\u00e7\u00e3o de colesterol, melhorando o controle do LDL. Descubra seus benef\u00edcios no Transtoyou hoje.","breadcrumb":{"@id":"https:\/\/www.transtoyou.com\/pt\/product\/ezetimibe-ezetrol\/#breadcrumb"},"inLanguage":"pt-PT","potentialAction":[{"@type":"ReadAction","target":["https:\/\/www.transtoyou.com\/pt\/product\/ezetimibe-ezetrol\/"]}]},{"@type":"ImageObject","inLanguage":"pt-PT","@id":"https:\/\/www.transtoyou.com\/pt\/product\/ezetimibe-ezetrol\/#primaryimage","url":"https:\/\/www.transtoyou.com\/pt\/wp-content\/uploads\/sites\/12\/2026\/01\/tty-no-product-image-138.webp","contentUrl":"https:\/\/www.transtoyou.com\/pt\/wp-content\/uploads\/sites\/12\/2026\/01\/tty-no-product-image-138.webp","width":1000,"height":1000,"caption":"Imagem padr\u00e3o do produto"},{"@type":"WebSite","@id":"https:\/\/www.transtoyou.com\/pt\/#website","url":"https:\/\/www.transtoyou.com\/pt\/","name":"Transtoyou - PT","description":"","publisher":{"@id":"https:\/\/www.transtoyou.com\/pt\/#organization"},"potentialAction":[{"@type":"SearchAction","target":{"@type":"EntryPoint","urlTemplate":"https:\/\/www.transtoyou.com\/pt\/?s={search_term_string}"},"query-input":{"@type":"PropertyValueSpecification","valueRequired":true,"valueName":"search_term_string"}}],"inLanguage":"pt-PT"},{"@type":"Organization","@id":"https:\/\/www.transtoyou.com\/pt\/#organization","name":"Transtoyou - PT","url":"https:\/\/www.transtoyou.com\/pt\/","logo":{"@type":"ImageObject","inLanguage":"pt-PT","@id":"https:\/\/www.transtoyou.com\/pt\/#\/schema\/logo\/image\/","url":"https:\/\/www.transtoyou.com\/pt\/wp-content\/uploads\/sites\/12\/2026\/01\/logo-tty-menu-bar-300x87-1.webp","contentUrl":"https:\/\/www.transtoyou.com\/pt\/wp-content\/uploads\/sites\/12\/2026\/01\/logo-tty-menu-bar-300x87-1.webp","width":300,"height":87,"caption":"Transtoyou - PT"},"image":{"@id":"https:\/\/www.transtoyou.com\/pt\/#\/schema\/logo\/image\/"}}]}},"_links":{"self":[{"href":"https:\/\/www.transtoyou.com\/pt\/wp-json\/wp\/v2\/product\/1111","targetHints":{"allow":["GET"]}}],"collection":[{"href":"https:\/\/www.transtoyou.com\/pt\/wp-json\/wp\/v2\/product"}],"about":[{"href":"https:\/\/www.transtoyou.com\/pt\/wp-json\/wp\/v2\/types\/product"}],"replies":[{"embeddable":true,"href":"https:\/\/www.transtoyou.com\/pt\/wp-json\/wp\/v2\/comments?post=1111"}],"wp:featuredmedia":[{"embeddable":true,"href":"https:\/\/www.transtoyou.com\/pt\/wp-json\/wp\/v2\/media\/1113"}],"wp:attachment":[{"href":"https:\/\/www.transtoyou.com\/pt\/wp-json\/wp\/v2\/media?parent=1111"}],"wp:term":[{"taxonomy":"product_brand","embeddable":true,"href":"https:\/\/www.transtoyou.com\/pt\/wp-json\/wp\/v2\/product_brand?post=1111"},{"taxonomy":"product_cat","embeddable":true,"href":"https:\/\/www.transtoyou.com\/pt\/wp-json\/wp\/v2\/product_cat?post=1111"},{"taxonomy":"product_tag","embeddable":true,"href":"https:\/\/www.transtoyou.com\/pt\/wp-json\/wp\/v2\/product_tag?post=1111"},{"taxonomy":"expert","embeddable":true,"href":"https:\/\/www.transtoyou.com\/pt\/wp-json\/wp\/v2\/expert?post=1111"}],"curies":[{"name":"wp","href":"https:\/\/api.w.org\/{rel}","templated":true}]}}