{"id":1114,"date":"2026-01-25T03:29:30","date_gmt":"2026-01-25T03:29:30","guid":{"rendered":"https:\/\/www.transtoyou.com\/pt\/product\/nystan\/"},"modified":"2026-02-28T13:36:54","modified_gmt":"2026-02-28T11:36:54","slug":"nystan","status":"publish","type":"product","link":"https:\/\/www.transtoyou.com\/pt\/product\/nystan\/","title":{"rendered":"Nystan"},"content":{"rendered":"<p>Nystan, contendo o ingrediente ativo nistatina, \u00e9 um medicamento antif\u00fangico usado para tratar infec\u00e7\u00f5es causadas por Candida, um tipo de fungo que afeta comumente a pele e as membranas mucosas. \u00c9 particularmente eficaz para o manejo de infec\u00e7\u00f5es f\u00fangicas localizadas, como candid\u00edase oral, candid\u00edase intestinal e infec\u00e7\u00f5es vaginais por fungos.<\/p>\n<p>A nistatina atua ligando-se \u00e0 membrana celular do fungo, criando buracos que fazem com que o conte\u00fado celular vaze. Essa a\u00e7\u00e3o direcionada mata o fungo e impede o crescimento adicional, permitindo que os tecidos afetados cicatrizem e os sintomas se resolvam. Como atua apenas na \u00e1rea onde \u00e9 aplicada ou ingerida, a nistatina \u00e9 considerada um tratamento localizado e n\u00e3o \u00e9 absorvida significativamente na corrente sangu\u00ednea.<\/p>\n<p>Para infec\u00e7\u00f5es vaginais, Nystan \u00e9 usado para aliviar a coceira, a irrita\u00e7\u00e3o e a secre\u00e7\u00e3o anormal associadas \u00e0 candid\u00edase vaginal.<\/p>\n<p>A nistatina tamb\u00e9m \u00e9 utilizada em suspens\u00e3o oral ou pastilhas para tratar infec\u00e7\u00f5es orais por Candida (candid\u00edase), particularmente em pacientes que usam esteroides inalat\u00f3rios, usam pr\u00f3teses dent\u00e1rias ou apresentam imunidade enfraquecida. Quando prescrita para candid\u00edase intestinal, ajuda a controlar o crescimento excessivo de fungos no trato digestivo.<\/p>\n<p>Nystan \u00e9 geralmente bem tolerado, e os efeitos colaterais s\u00e3o raros, mas podem incluir leve desconforto gastrointestinal ou irrita\u00e7\u00e3o local.<\/p>\n","protected":false},"excerpt":{"rendered":"<ul>\n<li>Alvo para o crescimento excessivo local de Candida<\/li>\n<li>Tratamento antif\u00fangico suave e n\u00e3o sist\u00eamico<\/li>\n<li>Alivia a candid\u00edase e infec\u00e7\u00f5es por fungos<\/li>\n<\/ul>\n","protected":false},"featured_media":1116,"comment_status":"open","ping_status":"closed","template":"","meta":[],"product_brand":[],"product_cat":[69,154],"product_tag":[],"expert":[16],"class_list":{"0":"post-1114","1":"product","2":"type-product","3":"status-publish","4":"has-post-thumbnail","6":"product_cat-candidiase","7":"product_cat-infeccoes-vaginais-antifungicos","8":"expert-dr-c-alexandru","10":"first","11":"instock","12":"shipping-taxable","13":"product-type-variable"},"yoast_head":"<!-- This site is optimized with the Yoast SEO plugin v27.0 - https:\/\/yoast.com\/product\/yoast-seo-wordpress\/ -->\n<title>Nystan | Solu\u00e7\u00e3o Antif\u00fangica Eficaz - Transtoyou<\/title>\n<meta name=\"description\" content=\"Nystan combate infec\u00e7\u00f5es por Candida, como candid\u00edase oral e vaginal. Compre agora para al\u00edvio eficaz e tratamento localizado na Transtoyou.\" \/>\n<meta name=\"robots\" content=\"noindex, follow, max-snippet:-1, max-image-preview:large, max-video-preview:-1\" \/>\n<meta property=\"og:locale\" content=\"pt_PT\" \/>\n<meta property=\"og:type\" content=\"article\" \/>\n<meta property=\"og:title\" content=\"Nystan | Solu\u00e7\u00e3o Antif\u00fangica Eficaz - Transtoyou\" \/>\n<meta property=\"og:description\" content=\"Nystan combate infec\u00e7\u00f5es por Candida, como candid\u00edase oral e vaginal. Compre agora para al\u00edvio eficaz e tratamento localizado na Transtoyou.\" \/>\n<meta property=\"og:url\" content=\"https:\/\/www.transtoyou.com\/pt\/product\/nystan\/\" \/>\n<meta property=\"og:site_name\" content=\"Transtoyou - PT\" \/>\n<meta property=\"article:modified_time\" content=\"2026-02-28T11:36:54+00:00\" \/>\n<meta name=\"twitter:card\" content=\"summary_large_image\" \/>\n<meta name=\"twitter:label1\" content=\"Tempo estimado de leitura\" \/>\n\t<meta name=\"twitter:data1\" content=\"1 minuto\" \/>\n<script type=\"application\/ld+json\" class=\"yoast-schema-graph\">{\"@context\":\"https:\/\/schema.org\",\"@graph\":[{\"@type\":\"WebPage\",\"@id\":\"https:\/\/www.transtoyou.com\/pt\/product\/nystan\/\",\"url\":\"https:\/\/www.transtoyou.com\/pt\/product\/nystan\/\",\"name\":\"Nystan | Solu\u00e7\u00e3o Antif\u00fangica Eficaz - Transtoyou\",\"isPartOf\":{\"@id\":\"https:\/\/www.transtoyou.com\/pt\/#website\"},\"primaryImageOfPage\":{\"@id\":\"https:\/\/www.transtoyou.com\/pt\/product\/nystan\/#primaryimage\"},\"image\":{\"@id\":\"https:\/\/www.transtoyou.com\/pt\/product\/nystan\/#primaryimage\"},\"thumbnailUrl\":\"https:\/\/www.transtoyou.com\/pt\/wp-content\/uploads\/sites\/12\/2026\/01\/tty-no-product-image-139.webp\",\"datePublished\":\"2026-01-25T03:29:30+00:00\",\"dateModified\":\"2026-02-28T11:36:54+00:00\",\"description\":\"Nystan combate infec\u00e7\u00f5es por Candida, como candid\u00edase oral e vaginal. Compre agora para al\u00edvio eficaz e tratamento localizado na Transtoyou.\",\"breadcrumb\":{\"@id\":\"https:\/\/www.transtoyou.com\/pt\/product\/nystan\/#breadcrumb\"},\"inLanguage\":\"pt-PT\",\"potentialAction\":[{\"@type\":\"ReadAction\",\"target\":[\"https:\/\/www.transtoyou.com\/pt\/product\/nystan\/\"]}]},{\"@type\":\"ImageObject\",\"inLanguage\":\"pt-PT\",\"@id\":\"https:\/\/www.transtoyou.com\/pt\/product\/nystan\/#primaryimage\",\"url\":\"https:\/\/www.transtoyou.com\/pt\/wp-content\/uploads\/sites\/12\/2026\/01\/tty-no-product-image-139.webp\",\"contentUrl\":\"https:\/\/www.transtoyou.com\/pt\/wp-content\/uploads\/sites\/12\/2026\/01\/tty-no-product-image-139.webp\",\"width\":1000,\"height\":1000,\"caption\":\"Imagem padr\u00e3o do produto\"},{\"@type\":\"WebSite\",\"@id\":\"https:\/\/www.transtoyou.com\/pt\/#website\",\"url\":\"https:\/\/www.transtoyou.com\/pt\/\",\"name\":\"Transtoyou - PT\",\"description\":\"\",\"publisher\":{\"@id\":\"https:\/\/www.transtoyou.com\/pt\/#organization\"},\"potentialAction\":[{\"@type\":\"SearchAction\",\"target\":{\"@type\":\"EntryPoint\",\"urlTemplate\":\"https:\/\/www.transtoyou.com\/pt\/?s={search_term_string}\"},\"query-input\":{\"@type\":\"PropertyValueSpecification\",\"valueRequired\":true,\"valueName\":\"search_term_string\"}}],\"inLanguage\":\"pt-PT\"},{\"@type\":\"Organization\",\"@id\":\"https:\/\/www.transtoyou.com\/pt\/#organization\",\"name\":\"Transtoyou - PT\",\"url\":\"https:\/\/www.transtoyou.com\/pt\/\",\"logo\":{\"@type\":\"ImageObject\",\"inLanguage\":\"pt-PT\",\"@id\":\"https:\/\/www.transtoyou.com\/pt\/#\/schema\/logo\/image\/\",\"url\":\"https:\/\/www.transtoyou.com\/pt\/wp-content\/uploads\/sites\/12\/2026\/01\/logo-tty-menu-bar-300x87-1.webp\",\"contentUrl\":\"https:\/\/www.transtoyou.com\/pt\/wp-content\/uploads\/sites\/12\/2026\/01\/logo-tty-menu-bar-300x87-1.webp\",\"width\":300,\"height\":87,\"caption\":\"Transtoyou - PT\"},\"image\":{\"@id\":\"https:\/\/www.transtoyou.com\/pt\/#\/schema\/logo\/image\/\"}}]}<\/script>\n<!-- \/ Yoast SEO plugin. -->","yoast_head_json":{"title":"Nystan | Solu\u00e7\u00e3o Antif\u00fangica Eficaz - Transtoyou","description":"Nystan combate infec\u00e7\u00f5es por Candida, como candid\u00edase oral e vaginal. Compre agora para al\u00edvio eficaz e tratamento localizado na Transtoyou.","robots":{"index":"noindex","follow":"follow","max-snippet":"max-snippet:-1","max-image-preview":"max-image-preview:large","max-video-preview":"max-video-preview:-1"},"og_locale":"pt_PT","og_type":"article","og_title":"Nystan | Solu\u00e7\u00e3o Antif\u00fangica Eficaz - Transtoyou","og_description":"Nystan combate infec\u00e7\u00f5es por Candida, como candid\u00edase oral e vaginal. Compre agora para al\u00edvio eficaz e tratamento localizado na Transtoyou.","og_url":"https:\/\/www.transtoyou.com\/pt\/product\/nystan\/","og_site_name":"Transtoyou - PT","article_modified_time":"2026-02-28T11:36:54+00:00","twitter_card":"summary_large_image","twitter_misc":{"Tempo estimado de leitura":"1 minuto"},"schema":{"@context":"https:\/\/schema.org","@graph":[{"@type":"WebPage","@id":"https:\/\/www.transtoyou.com\/pt\/product\/nystan\/","url":"https:\/\/www.transtoyou.com\/pt\/product\/nystan\/","name":"Nystan | Solu\u00e7\u00e3o Antif\u00fangica Eficaz - Transtoyou","isPartOf":{"@id":"https:\/\/www.transtoyou.com\/pt\/#website"},"primaryImageOfPage":{"@id":"https:\/\/www.transtoyou.com\/pt\/product\/nystan\/#primaryimage"},"image":{"@id":"https:\/\/www.transtoyou.com\/pt\/product\/nystan\/#primaryimage"},"thumbnailUrl":"https:\/\/www.transtoyou.com\/pt\/wp-content\/uploads\/sites\/12\/2026\/01\/tty-no-product-image-139.webp","datePublished":"2026-01-25T03:29:30+00:00","dateModified":"2026-02-28T11:36:54+00:00","description":"Nystan combate infec\u00e7\u00f5es por Candida, como candid\u00edase oral e vaginal. Compre agora para al\u00edvio eficaz e tratamento localizado na Transtoyou.","breadcrumb":{"@id":"https:\/\/www.transtoyou.com\/pt\/product\/nystan\/#breadcrumb"},"inLanguage":"pt-PT","potentialAction":[{"@type":"ReadAction","target":["https:\/\/www.transtoyou.com\/pt\/product\/nystan\/"]}]},{"@type":"ImageObject","inLanguage":"pt-PT","@id":"https:\/\/www.transtoyou.com\/pt\/product\/nystan\/#primaryimage","url":"https:\/\/www.transtoyou.com\/pt\/wp-content\/uploads\/sites\/12\/2026\/01\/tty-no-product-image-139.webp","contentUrl":"https:\/\/www.transtoyou.com\/pt\/wp-content\/uploads\/sites\/12\/2026\/01\/tty-no-product-image-139.webp","width":1000,"height":1000,"caption":"Imagem padr\u00e3o do produto"},{"@type":"WebSite","@id":"https:\/\/www.transtoyou.com\/pt\/#website","url":"https:\/\/www.transtoyou.com\/pt\/","name":"Transtoyou - PT","description":"","publisher":{"@id":"https:\/\/www.transtoyou.com\/pt\/#organization"},"potentialAction":[{"@type":"SearchAction","target":{"@type":"EntryPoint","urlTemplate":"https:\/\/www.transtoyou.com\/pt\/?s={search_term_string}"},"query-input":{"@type":"PropertyValueSpecification","valueRequired":true,"valueName":"search_term_string"}}],"inLanguage":"pt-PT"},{"@type":"Organization","@id":"https:\/\/www.transtoyou.com\/pt\/#organization","name":"Transtoyou - PT","url":"https:\/\/www.transtoyou.com\/pt\/","logo":{"@type":"ImageObject","inLanguage":"pt-PT","@id":"https:\/\/www.transtoyou.com\/pt\/#\/schema\/logo\/image\/","url":"https:\/\/www.transtoyou.com\/pt\/wp-content\/uploads\/sites\/12\/2026\/01\/logo-tty-menu-bar-300x87-1.webp","contentUrl":"https:\/\/www.transtoyou.com\/pt\/wp-content\/uploads\/sites\/12\/2026\/01\/logo-tty-menu-bar-300x87-1.webp","width":300,"height":87,"caption":"Transtoyou - PT"},"image":{"@id":"https:\/\/www.transtoyou.com\/pt\/#\/schema\/logo\/image\/"}}]}},"_links":{"self":[{"href":"https:\/\/www.transtoyou.com\/pt\/wp-json\/wp\/v2\/product\/1114","targetHints":{"allow":["GET"]}}],"collection":[{"href":"https:\/\/www.transtoyou.com\/pt\/wp-json\/wp\/v2\/product"}],"about":[{"href":"https:\/\/www.transtoyou.com\/pt\/wp-json\/wp\/v2\/types\/product"}],"replies":[{"embeddable":true,"href":"https:\/\/www.transtoyou.com\/pt\/wp-json\/wp\/v2\/comments?post=1114"}],"wp:featuredmedia":[{"embeddable":true,"href":"https:\/\/www.transtoyou.com\/pt\/wp-json\/wp\/v2\/media\/1116"}],"wp:attachment":[{"href":"https:\/\/www.transtoyou.com\/pt\/wp-json\/wp\/v2\/media?parent=1114"}],"wp:term":[{"taxonomy":"product_brand","embeddable":true,"href":"https:\/\/www.transtoyou.com\/pt\/wp-json\/wp\/v2\/product_brand?post=1114"},{"taxonomy":"product_cat","embeddable":true,"href":"https:\/\/www.transtoyou.com\/pt\/wp-json\/wp\/v2\/product_cat?post=1114"},{"taxonomy":"product_tag","embeddable":true,"href":"https:\/\/www.transtoyou.com\/pt\/wp-json\/wp\/v2\/product_tag?post=1114"},{"taxonomy":"expert","embeddable":true,"href":"https:\/\/www.transtoyou.com\/pt\/wp-json\/wp\/v2\/expert?post=1114"}],"curies":[{"name":"wp","href":"https:\/\/api.w.org\/{rel}","templated":true}]}}