{"id":1156,"date":"2026-01-25T17:42:53","date_gmt":"2026-01-25T17:42:53","guid":{"rendered":"https:\/\/www.transtoyou.com\/pt\/product\/co-amoxiclav\/"},"modified":"2026-01-25T17:44:13","modified_gmt":"2026-01-25T17:44:13","slug":"co-amoxiclav","status":"publish","type":"product","link":"https:\/\/www.transtoyou.com\/pt\/product\/co-amoxiclav\/","title":{"rendered":"Co-Amoxiclav"},"content":{"rendered":"<p>Co-amoxiclav \u00e9 um antibi\u00f3tico combinado usado para tratar muitas infec\u00e7\u00f5es bacterianas diferentes. Ele cont\u00e9m dois ingredientes ativos: amoxicilina e \u00e1cido clavul\u00e2nico. Esses ingredientes trabalham juntos para impedir que as bact\u00e9rias cres\u00e7am e se espalhem pelo corpo.<\/p>\n<p>A amoxicilina \u00e9 um tipo de penicilina que mata as bact\u00e9rias danificando sua parede celular externa. Essa parede protege as bact\u00e9rias, ent\u00e3o, quando ela \u00e9 enfraquecida, as bact\u00e9rias se quebram e morrem. No entanto, algumas bact\u00e9rias podem se defender produzindo uma enzima (chamada beta-lactamase) que destr\u00f3i a amoxicilina. \u00c9 a\u00ed que entra o \u00e1cido clavul\u00e2nico, ele bloqueia essa enzima e impede que as bact\u00e9rias se protejam. Isso permite que a amoxicilina fa\u00e7a seu trabalho corretamente, mesmo contra bact\u00e9rias que normalmente s\u00e3o resistentes.<\/p>\n<p>Co-amoxiclav \u00e9 usado para tratar uma ampla gama de infec\u00e7\u00f5es. Isso inclui infec\u00e7\u00f5es respirat\u00f3rias como bronquite, pneumonia e infec\u00e7\u00f5es sinusais; infec\u00e7\u00f5es do trato urin\u00e1rio como cistite ou infec\u00e7\u00f5es renais; infec\u00e7\u00f5es de pele e tecidos moles, como abscessos, celulite ou feridas infectadas; e infec\u00e7\u00f5es dent\u00e1rias. Tamb\u00e9m \u00e9 usado \u00e0s vezes para infec\u00e7\u00f5es \u00f3sseas ou articulares e infec\u00e7\u00f5es na \u00e1rea abdominal.<\/p>\n<p>Este medicamento n\u00e3o reduz a dor ou o incha\u00e7o diretamente. Em vez disso, ele trata a causa do problema, as bact\u00e9rias. \u00c0 medida que a infec\u00e7\u00e3o se dissipa, sintomas como dor, febre ou incha\u00e7o geralmente melhoram por conta pr\u00f3pria.<\/p>\n","protected":false},"excerpt":{"rendered":"<ul>\n<li>Antibi\u00f3tico de amplo espectro para muitas infec\u00e7\u00f5es<\/li>\n<li>\u00c1cido clavul\u00e2nico aumenta a defesa bacteriana<\/li>\n<li>Al\u00edvio r\u00e1pido dos sintomas e da inflama\u00e7\u00e3o<\/li>\n<\/ul>\n","protected":false},"featured_media":1158,"comment_status":"open","ping_status":"closed","template":"","meta":[],"product_brand":[],"product_cat":[59,66],"product_tag":[],"expert":[18],"class_list":{"0":"post-1156","1":"product","2":"type-product","3":"status-publish","4":"has-post-thumbnail","6":"product_cat-antibioticos-e-infeccoes","7":"product_cat-bexiga-e-infeccoes-urinarias","8":"expert-dr-g-varbanov","10":"first","11":"instock","12":"shipping-taxable","13":"product-type-variable"},"yoast_head":"<!-- This site is optimized with the Yoast SEO plugin v27.0 - https:\/\/yoast.com\/product\/yoast-seo-wordpress\/ -->\n<title>Co-Amoxiclav | Tratamento Eficaz de Infec\u00e7\u00f5es - Transtoyou<\/title>\n<meta name=\"description\" content=\"Descubra o Co-Amoxiclav na Transtoyou, um antibi\u00f3tico eficaz para v\u00e1rias infec\u00e7\u00f5es, combinando amoxicilina e \u00e1cido clavul\u00e2nico para combater bact\u00e9rias resistentes.\" \/>\n<meta name=\"robots\" content=\"noindex, follow, max-snippet:-1, max-image-preview:large, max-video-preview:-1\" \/>\n<meta property=\"og:locale\" content=\"pt_PT\" \/>\n<meta property=\"og:type\" content=\"article\" \/>\n<meta property=\"og:title\" content=\"Co-Amoxiclav | Tratamento Eficaz de Infec\u00e7\u00f5es - Transtoyou\" \/>\n<meta property=\"og:description\" content=\"Descubra o Co-Amoxiclav na Transtoyou, um antibi\u00f3tico eficaz para v\u00e1rias infec\u00e7\u00f5es, combinando amoxicilina e \u00e1cido clavul\u00e2nico para combater bact\u00e9rias resistentes.\" \/>\n<meta property=\"og:url\" content=\"https:\/\/www.transtoyou.com\/pt\/product\/co-amoxiclav\/\" \/>\n<meta property=\"og:site_name\" content=\"Transtoyou - PT\" \/>\n<meta property=\"article:modified_time\" content=\"2026-01-25T17:44:13+00:00\" \/>\n<meta name=\"twitter:card\" content=\"summary_large_image\" \/>\n<meta name=\"twitter:label1\" content=\"Tempo estimado de leitura\" \/>\n\t<meta name=\"twitter:data1\" content=\"1 minuto\" \/>\n<script type=\"application\/ld+json\" class=\"yoast-schema-graph\">{\"@context\":\"https:\/\/schema.org\",\"@graph\":[{\"@type\":\"WebPage\",\"@id\":\"https:\/\/www.transtoyou.com\/pt\/product\/co-amoxiclav\/\",\"url\":\"https:\/\/www.transtoyou.com\/pt\/product\/co-amoxiclav\/\",\"name\":\"Co-Amoxiclav | Tratamento Eficaz de Infec\u00e7\u00f5es - Transtoyou\",\"isPartOf\":{\"@id\":\"https:\/\/www.transtoyou.com\/pt\/#website\"},\"primaryImageOfPage\":{\"@id\":\"https:\/\/www.transtoyou.com\/pt\/product\/co-amoxiclav\/#primaryimage\"},\"image\":{\"@id\":\"https:\/\/www.transtoyou.com\/pt\/product\/co-amoxiclav\/#primaryimage\"},\"thumbnailUrl\":\"https:\/\/www.transtoyou.com\/pt\/wp-content\/uploads\/sites\/12\/2026\/01\/tty-no-product-image-153.webp\",\"datePublished\":\"2026-01-25T17:42:53+00:00\",\"dateModified\":\"2026-01-25T17:44:13+00:00\",\"description\":\"Descubra o Co-Amoxiclav na Transtoyou, um antibi\u00f3tico eficaz para v\u00e1rias infec\u00e7\u00f5es, combinando amoxicilina e \u00e1cido clavul\u00e2nico para combater bact\u00e9rias resistentes.\",\"breadcrumb\":{\"@id\":\"https:\/\/www.transtoyou.com\/pt\/product\/co-amoxiclav\/#breadcrumb\"},\"inLanguage\":\"pt-PT\",\"potentialAction\":[{\"@type\":\"ReadAction\",\"target\":[\"https:\/\/www.transtoyou.com\/pt\/product\/co-amoxiclav\/\"]}]},{\"@type\":\"ImageObject\",\"inLanguage\":\"pt-PT\",\"@id\":\"https:\/\/www.transtoyou.com\/pt\/product\/co-amoxiclav\/#primaryimage\",\"url\":\"https:\/\/www.transtoyou.com\/pt\/wp-content\/uploads\/sites\/12\/2026\/01\/tty-no-product-image-153.webp\",\"contentUrl\":\"https:\/\/www.transtoyou.com\/pt\/wp-content\/uploads\/sites\/12\/2026\/01\/tty-no-product-image-153.webp\",\"width\":1000,\"height\":1000,\"caption\":\"Imagem padr\u00e3o do produto\"},{\"@type\":\"WebSite\",\"@id\":\"https:\/\/www.transtoyou.com\/pt\/#website\",\"url\":\"https:\/\/www.transtoyou.com\/pt\/\",\"name\":\"Transtoyou - PT\",\"description\":\"\",\"publisher\":{\"@id\":\"https:\/\/www.transtoyou.com\/pt\/#organization\"},\"potentialAction\":[{\"@type\":\"SearchAction\",\"target\":{\"@type\":\"EntryPoint\",\"urlTemplate\":\"https:\/\/www.transtoyou.com\/pt\/?s={search_term_string}\"},\"query-input\":{\"@type\":\"PropertyValueSpecification\",\"valueRequired\":true,\"valueName\":\"search_term_string\"}}],\"inLanguage\":\"pt-PT\"},{\"@type\":\"Organization\",\"@id\":\"https:\/\/www.transtoyou.com\/pt\/#organization\",\"name\":\"Transtoyou - PT\",\"url\":\"https:\/\/www.transtoyou.com\/pt\/\",\"logo\":{\"@type\":\"ImageObject\",\"inLanguage\":\"pt-PT\",\"@id\":\"https:\/\/www.transtoyou.com\/pt\/#\/schema\/logo\/image\/\",\"url\":\"https:\/\/www.transtoyou.com\/pt\/wp-content\/uploads\/sites\/12\/2026\/01\/logo-tty-menu-bar-300x87-1.webp\",\"contentUrl\":\"https:\/\/www.transtoyou.com\/pt\/wp-content\/uploads\/sites\/12\/2026\/01\/logo-tty-menu-bar-300x87-1.webp\",\"width\":300,\"height\":87,\"caption\":\"Transtoyou - PT\"},\"image\":{\"@id\":\"https:\/\/www.transtoyou.com\/pt\/#\/schema\/logo\/image\/\"}}]}<\/script>\n<!-- \/ Yoast SEO plugin. -->","yoast_head_json":{"title":"Co-Amoxiclav | Tratamento Eficaz de Infec\u00e7\u00f5es - Transtoyou","description":"Descubra o Co-Amoxiclav na Transtoyou, um antibi\u00f3tico eficaz para v\u00e1rias infec\u00e7\u00f5es, combinando amoxicilina e \u00e1cido clavul\u00e2nico para combater bact\u00e9rias resistentes.","robots":{"index":"noindex","follow":"follow","max-snippet":"max-snippet:-1","max-image-preview":"max-image-preview:large","max-video-preview":"max-video-preview:-1"},"og_locale":"pt_PT","og_type":"article","og_title":"Co-Amoxiclav | Tratamento Eficaz de Infec\u00e7\u00f5es - Transtoyou","og_description":"Descubra o Co-Amoxiclav na Transtoyou, um antibi\u00f3tico eficaz para v\u00e1rias infec\u00e7\u00f5es, combinando amoxicilina e \u00e1cido clavul\u00e2nico para combater bact\u00e9rias resistentes.","og_url":"https:\/\/www.transtoyou.com\/pt\/product\/co-amoxiclav\/","og_site_name":"Transtoyou - PT","article_modified_time":"2026-01-25T17:44:13+00:00","twitter_card":"summary_large_image","twitter_misc":{"Tempo estimado de leitura":"1 minuto"},"schema":{"@context":"https:\/\/schema.org","@graph":[{"@type":"WebPage","@id":"https:\/\/www.transtoyou.com\/pt\/product\/co-amoxiclav\/","url":"https:\/\/www.transtoyou.com\/pt\/product\/co-amoxiclav\/","name":"Co-Amoxiclav | Tratamento Eficaz de Infec\u00e7\u00f5es - Transtoyou","isPartOf":{"@id":"https:\/\/www.transtoyou.com\/pt\/#website"},"primaryImageOfPage":{"@id":"https:\/\/www.transtoyou.com\/pt\/product\/co-amoxiclav\/#primaryimage"},"image":{"@id":"https:\/\/www.transtoyou.com\/pt\/product\/co-amoxiclav\/#primaryimage"},"thumbnailUrl":"https:\/\/www.transtoyou.com\/pt\/wp-content\/uploads\/sites\/12\/2026\/01\/tty-no-product-image-153.webp","datePublished":"2026-01-25T17:42:53+00:00","dateModified":"2026-01-25T17:44:13+00:00","description":"Descubra o Co-Amoxiclav na Transtoyou, um antibi\u00f3tico eficaz para v\u00e1rias infec\u00e7\u00f5es, combinando amoxicilina e \u00e1cido clavul\u00e2nico para combater bact\u00e9rias resistentes.","breadcrumb":{"@id":"https:\/\/www.transtoyou.com\/pt\/product\/co-amoxiclav\/#breadcrumb"},"inLanguage":"pt-PT","potentialAction":[{"@type":"ReadAction","target":["https:\/\/www.transtoyou.com\/pt\/product\/co-amoxiclav\/"]}]},{"@type":"ImageObject","inLanguage":"pt-PT","@id":"https:\/\/www.transtoyou.com\/pt\/product\/co-amoxiclav\/#primaryimage","url":"https:\/\/www.transtoyou.com\/pt\/wp-content\/uploads\/sites\/12\/2026\/01\/tty-no-product-image-153.webp","contentUrl":"https:\/\/www.transtoyou.com\/pt\/wp-content\/uploads\/sites\/12\/2026\/01\/tty-no-product-image-153.webp","width":1000,"height":1000,"caption":"Imagem padr\u00e3o do produto"},{"@type":"WebSite","@id":"https:\/\/www.transtoyou.com\/pt\/#website","url":"https:\/\/www.transtoyou.com\/pt\/","name":"Transtoyou - PT","description":"","publisher":{"@id":"https:\/\/www.transtoyou.com\/pt\/#organization"},"potentialAction":[{"@type":"SearchAction","target":{"@type":"EntryPoint","urlTemplate":"https:\/\/www.transtoyou.com\/pt\/?s={search_term_string}"},"query-input":{"@type":"PropertyValueSpecification","valueRequired":true,"valueName":"search_term_string"}}],"inLanguage":"pt-PT"},{"@type":"Organization","@id":"https:\/\/www.transtoyou.com\/pt\/#organization","name":"Transtoyou - PT","url":"https:\/\/www.transtoyou.com\/pt\/","logo":{"@type":"ImageObject","inLanguage":"pt-PT","@id":"https:\/\/www.transtoyou.com\/pt\/#\/schema\/logo\/image\/","url":"https:\/\/www.transtoyou.com\/pt\/wp-content\/uploads\/sites\/12\/2026\/01\/logo-tty-menu-bar-300x87-1.webp","contentUrl":"https:\/\/www.transtoyou.com\/pt\/wp-content\/uploads\/sites\/12\/2026\/01\/logo-tty-menu-bar-300x87-1.webp","width":300,"height":87,"caption":"Transtoyou - PT"},"image":{"@id":"https:\/\/www.transtoyou.com\/pt\/#\/schema\/logo\/image\/"}}]}},"_links":{"self":[{"href":"https:\/\/www.transtoyou.com\/pt\/wp-json\/wp\/v2\/product\/1156","targetHints":{"allow":["GET"]}}],"collection":[{"href":"https:\/\/www.transtoyou.com\/pt\/wp-json\/wp\/v2\/product"}],"about":[{"href":"https:\/\/www.transtoyou.com\/pt\/wp-json\/wp\/v2\/types\/product"}],"replies":[{"embeddable":true,"href":"https:\/\/www.transtoyou.com\/pt\/wp-json\/wp\/v2\/comments?post=1156"}],"wp:featuredmedia":[{"embeddable":true,"href":"https:\/\/www.transtoyou.com\/pt\/wp-json\/wp\/v2\/media\/1158"}],"wp:attachment":[{"href":"https:\/\/www.transtoyou.com\/pt\/wp-json\/wp\/v2\/media?parent=1156"}],"wp:term":[{"taxonomy":"product_brand","embeddable":true,"href":"https:\/\/www.transtoyou.com\/pt\/wp-json\/wp\/v2\/product_brand?post=1156"},{"taxonomy":"product_cat","embeddable":true,"href":"https:\/\/www.transtoyou.com\/pt\/wp-json\/wp\/v2\/product_cat?post=1156"},{"taxonomy":"product_tag","embeddable":true,"href":"https:\/\/www.transtoyou.com\/pt\/wp-json\/wp\/v2\/product_tag?post=1156"},{"taxonomy":"expert","embeddable":true,"href":"https:\/\/www.transtoyou.com\/pt\/wp-json\/wp\/v2\/expert?post=1156"}],"curies":[{"name":"wp","href":"https:\/\/api.w.org\/{rel}","templated":true}]}}