{"id":1162,"date":"2026-01-25T18:25:25","date_gmt":"2026-01-25T18:25:25","guid":{"rendered":"https:\/\/www.transtoyou.com\/pt\/product\/antabuse\/"},"modified":"2026-01-25T18:26:23","modified_gmt":"2026-01-25T18:26:23","slug":"antabuse","status":"publish","type":"product","link":"https:\/\/www.transtoyou.com\/pt\/product\/antabuse\/","title":{"rendered":"Antabuse"},"content":{"rendered":"<p>Antabuse (disulfiram) \u00e9 uma medica\u00e7\u00e3o prescrita projetada para apoiar indiv\u00edduos na recupera\u00e7\u00e3o da depend\u00eancia de \u00e1lcool. Funciona criando uma sensibilidade aguda ao \u00e1lcool. Quando o \u00e1lcool \u00e9 consumido enquanto se toma Antabuse, causa efeitos desagrad\u00e1veis como n\u00e1useas, rubor e batimento card\u00edaco acelerado, desestimulando a ingest\u00e3o de \u00e1lcool.<\/p>\n<p>Antabuse \u00e9 tipicamente utilizado como parte de um plano de tratamento abrangente que inclui aconselhamento e programas de apoio. N\u00e3o \u00e9 uma cura para o alcoolismo, mas serve como um desencorajador para a bebida, ajudando os indiv\u00edduos a manterem a sobriedade.<\/p>\n<p>Antabuse \u00e9 geralmente prescrito para uso a longo prazo sob estrita supervis\u00e3o m\u00e9dica para garantir a ades\u00e3o e efic\u00e1cia. Est\u00e1 dispon\u00edvel em forma de comprimido e deve ser tomado por via oral uma vez ao dia, preferencialmente pela manh\u00e3.<\/p>\n<p>Os efeitos colaterais comuns incluem sonol\u00eancia, dor de cabe\u00e7a e um gosto met\u00e1lico na boca. Efeitos colaterais raros, mas graves, podem incluir toxicidade hep\u00e1tica, que requer monitoramento regular da fun\u00e7\u00e3o hep\u00e1tica durante o tratamento. Antabuse nunca deve ser tomado com \u00e1lcool ou produtos que contenham \u00e1lcool, como certos xaropes para tosse ou molhos.<\/p>\n","protected":false},"excerpt":{"rendered":"<ul>\n<li>Suporta a recupera\u00e7\u00e3o da depend\u00eancia de \u00e1lcool<\/li>\n<li>Age como um dissuasor ao consumo de \u00e1lcool<\/li>\n<li>Parte de um plano de tratamento abrangente<\/li>\n<\/ul>\n","protected":false},"featured_media":1164,"comment_status":"open","ping_status":"closed","template":"","meta":[],"product_brand":[],"product_cat":[54],"product_tag":[],"expert":[19],"class_list":{"0":"post-1162","1":"product","2":"type-product","3":"status-publish","4":"has-post-thumbnail","6":"product_cat-auxilios-para-recuperacao-de-alcool","7":"expert-dr-j-vazquez","9":"first","10":"instock","11":"shipping-taxable","12":"product-type-variable"},"yoast_head":"<!-- This site is optimized with the Yoast SEO plugin v27.0 - https:\/\/yoast.com\/product\/yoast-seo-wordpress\/ -->\n<title>Antabuse | Apoie a Sobriedade de Forma Eficaz - Transtoyou<\/title>\n<meta name=\"description\" content=\"Descubra o Antabuse, um medicamento prescrito para depend\u00eancia de \u00e1lcool, dispon\u00edvel na Transtoyou. Apoia a sobriedade com supervis\u00e3o m\u00e9dica. Saiba mais hoje.\" \/>\n<meta name=\"robots\" content=\"noindex, follow, max-snippet:-1, max-image-preview:large, max-video-preview:-1\" \/>\n<meta property=\"og:locale\" content=\"pt_PT\" \/>\n<meta property=\"og:type\" content=\"article\" \/>\n<meta property=\"og:title\" content=\"Antabuse | Apoie a Sobriedade de Forma Eficaz - Transtoyou\" \/>\n<meta property=\"og:description\" content=\"Descubra o Antabuse, um medicamento prescrito para depend\u00eancia de \u00e1lcool, dispon\u00edvel na Transtoyou. Apoia a sobriedade com supervis\u00e3o m\u00e9dica. Saiba mais hoje.\" \/>\n<meta property=\"og:url\" content=\"https:\/\/www.transtoyou.com\/pt\/product\/antabuse\/\" \/>\n<meta property=\"og:site_name\" content=\"Transtoyou - PT\" \/>\n<meta property=\"article:modified_time\" content=\"2026-01-25T18:26:23+00:00\" \/>\n<meta name=\"twitter:card\" content=\"summary_large_image\" \/>\n<meta name=\"twitter:label1\" content=\"Tempo estimado de leitura\" \/>\n\t<meta name=\"twitter:data1\" content=\"1 minuto\" \/>\n<script type=\"application\/ld+json\" class=\"yoast-schema-graph\">{\"@context\":\"https:\/\/schema.org\",\"@graph\":[{\"@type\":\"WebPage\",\"@id\":\"https:\/\/www.transtoyou.com\/pt\/product\/antabuse\/\",\"url\":\"https:\/\/www.transtoyou.com\/pt\/product\/antabuse\/\",\"name\":\"Antabuse | Apoie a Sobriedade de Forma Eficaz - Transtoyou\",\"isPartOf\":{\"@id\":\"https:\/\/www.transtoyou.com\/pt\/#website\"},\"primaryImageOfPage\":{\"@id\":\"https:\/\/www.transtoyou.com\/pt\/product\/antabuse\/#primaryimage\"},\"image\":{\"@id\":\"https:\/\/www.transtoyou.com\/pt\/product\/antabuse\/#primaryimage\"},\"thumbnailUrl\":\"https:\/\/www.transtoyou.com\/pt\/wp-content\/uploads\/sites\/12\/2026\/01\/tty-no-product-image-155.webp\",\"datePublished\":\"2026-01-25T18:25:25+00:00\",\"dateModified\":\"2026-01-25T18:26:23+00:00\",\"description\":\"Descubra o Antabuse, um medicamento prescrito para depend\u00eancia de \u00e1lcool, dispon\u00edvel na Transtoyou. Apoia a sobriedade com supervis\u00e3o m\u00e9dica. Saiba mais hoje.\",\"breadcrumb\":{\"@id\":\"https:\/\/www.transtoyou.com\/pt\/product\/antabuse\/#breadcrumb\"},\"inLanguage\":\"pt-PT\",\"potentialAction\":[{\"@type\":\"ReadAction\",\"target\":[\"https:\/\/www.transtoyou.com\/pt\/product\/antabuse\/\"]}]},{\"@type\":\"ImageObject\",\"inLanguage\":\"pt-PT\",\"@id\":\"https:\/\/www.transtoyou.com\/pt\/product\/antabuse\/#primaryimage\",\"url\":\"https:\/\/www.transtoyou.com\/pt\/wp-content\/uploads\/sites\/12\/2026\/01\/tty-no-product-image-155.webp\",\"contentUrl\":\"https:\/\/www.transtoyou.com\/pt\/wp-content\/uploads\/sites\/12\/2026\/01\/tty-no-product-image-155.webp\",\"width\":1000,\"height\":1000,\"caption\":\"Imagem padr\u00e3o do produto\"},{\"@type\":\"WebSite\",\"@id\":\"https:\/\/www.transtoyou.com\/pt\/#website\",\"url\":\"https:\/\/www.transtoyou.com\/pt\/\",\"name\":\"Transtoyou - PT\",\"description\":\"\",\"publisher\":{\"@id\":\"https:\/\/www.transtoyou.com\/pt\/#organization\"},\"potentialAction\":[{\"@type\":\"SearchAction\",\"target\":{\"@type\":\"EntryPoint\",\"urlTemplate\":\"https:\/\/www.transtoyou.com\/pt\/?s={search_term_string}\"},\"query-input\":{\"@type\":\"PropertyValueSpecification\",\"valueRequired\":true,\"valueName\":\"search_term_string\"}}],\"inLanguage\":\"pt-PT\"},{\"@type\":\"Organization\",\"@id\":\"https:\/\/www.transtoyou.com\/pt\/#organization\",\"name\":\"Transtoyou - PT\",\"url\":\"https:\/\/www.transtoyou.com\/pt\/\",\"logo\":{\"@type\":\"ImageObject\",\"inLanguage\":\"pt-PT\",\"@id\":\"https:\/\/www.transtoyou.com\/pt\/#\/schema\/logo\/image\/\",\"url\":\"https:\/\/www.transtoyou.com\/pt\/wp-content\/uploads\/sites\/12\/2026\/01\/logo-tty-menu-bar-300x87-1.webp\",\"contentUrl\":\"https:\/\/www.transtoyou.com\/pt\/wp-content\/uploads\/sites\/12\/2026\/01\/logo-tty-menu-bar-300x87-1.webp\",\"width\":300,\"height\":87,\"caption\":\"Transtoyou - PT\"},\"image\":{\"@id\":\"https:\/\/www.transtoyou.com\/pt\/#\/schema\/logo\/image\/\"}}]}<\/script>\n<!-- \/ Yoast SEO plugin. -->","yoast_head_json":{"title":"Antabuse | Apoie a Sobriedade de Forma Eficaz - Transtoyou","description":"Descubra o Antabuse, um medicamento prescrito para depend\u00eancia de \u00e1lcool, dispon\u00edvel na Transtoyou. Apoia a sobriedade com supervis\u00e3o m\u00e9dica. Saiba mais hoje.","robots":{"index":"noindex","follow":"follow","max-snippet":"max-snippet:-1","max-image-preview":"max-image-preview:large","max-video-preview":"max-video-preview:-1"},"og_locale":"pt_PT","og_type":"article","og_title":"Antabuse | Apoie a Sobriedade de Forma Eficaz - Transtoyou","og_description":"Descubra o Antabuse, um medicamento prescrito para depend\u00eancia de \u00e1lcool, dispon\u00edvel na Transtoyou. Apoia a sobriedade com supervis\u00e3o m\u00e9dica. Saiba mais hoje.","og_url":"https:\/\/www.transtoyou.com\/pt\/product\/antabuse\/","og_site_name":"Transtoyou - PT","article_modified_time":"2026-01-25T18:26:23+00:00","twitter_card":"summary_large_image","twitter_misc":{"Tempo estimado de leitura":"1 minuto"},"schema":{"@context":"https:\/\/schema.org","@graph":[{"@type":"WebPage","@id":"https:\/\/www.transtoyou.com\/pt\/product\/antabuse\/","url":"https:\/\/www.transtoyou.com\/pt\/product\/antabuse\/","name":"Antabuse | Apoie a Sobriedade de Forma Eficaz - Transtoyou","isPartOf":{"@id":"https:\/\/www.transtoyou.com\/pt\/#website"},"primaryImageOfPage":{"@id":"https:\/\/www.transtoyou.com\/pt\/product\/antabuse\/#primaryimage"},"image":{"@id":"https:\/\/www.transtoyou.com\/pt\/product\/antabuse\/#primaryimage"},"thumbnailUrl":"https:\/\/www.transtoyou.com\/pt\/wp-content\/uploads\/sites\/12\/2026\/01\/tty-no-product-image-155.webp","datePublished":"2026-01-25T18:25:25+00:00","dateModified":"2026-01-25T18:26:23+00:00","description":"Descubra o Antabuse, um medicamento prescrito para depend\u00eancia de \u00e1lcool, dispon\u00edvel na Transtoyou. Apoia a sobriedade com supervis\u00e3o m\u00e9dica. Saiba mais hoje.","breadcrumb":{"@id":"https:\/\/www.transtoyou.com\/pt\/product\/antabuse\/#breadcrumb"},"inLanguage":"pt-PT","potentialAction":[{"@type":"ReadAction","target":["https:\/\/www.transtoyou.com\/pt\/product\/antabuse\/"]}]},{"@type":"ImageObject","inLanguage":"pt-PT","@id":"https:\/\/www.transtoyou.com\/pt\/product\/antabuse\/#primaryimage","url":"https:\/\/www.transtoyou.com\/pt\/wp-content\/uploads\/sites\/12\/2026\/01\/tty-no-product-image-155.webp","contentUrl":"https:\/\/www.transtoyou.com\/pt\/wp-content\/uploads\/sites\/12\/2026\/01\/tty-no-product-image-155.webp","width":1000,"height":1000,"caption":"Imagem padr\u00e3o do produto"},{"@type":"WebSite","@id":"https:\/\/www.transtoyou.com\/pt\/#website","url":"https:\/\/www.transtoyou.com\/pt\/","name":"Transtoyou - PT","description":"","publisher":{"@id":"https:\/\/www.transtoyou.com\/pt\/#organization"},"potentialAction":[{"@type":"SearchAction","target":{"@type":"EntryPoint","urlTemplate":"https:\/\/www.transtoyou.com\/pt\/?s={search_term_string}"},"query-input":{"@type":"PropertyValueSpecification","valueRequired":true,"valueName":"search_term_string"}}],"inLanguage":"pt-PT"},{"@type":"Organization","@id":"https:\/\/www.transtoyou.com\/pt\/#organization","name":"Transtoyou - PT","url":"https:\/\/www.transtoyou.com\/pt\/","logo":{"@type":"ImageObject","inLanguage":"pt-PT","@id":"https:\/\/www.transtoyou.com\/pt\/#\/schema\/logo\/image\/","url":"https:\/\/www.transtoyou.com\/pt\/wp-content\/uploads\/sites\/12\/2026\/01\/logo-tty-menu-bar-300x87-1.webp","contentUrl":"https:\/\/www.transtoyou.com\/pt\/wp-content\/uploads\/sites\/12\/2026\/01\/logo-tty-menu-bar-300x87-1.webp","width":300,"height":87,"caption":"Transtoyou - PT"},"image":{"@id":"https:\/\/www.transtoyou.com\/pt\/#\/schema\/logo\/image\/"}}]}},"_links":{"self":[{"href":"https:\/\/www.transtoyou.com\/pt\/wp-json\/wp\/v2\/product\/1162","targetHints":{"allow":["GET"]}}],"collection":[{"href":"https:\/\/www.transtoyou.com\/pt\/wp-json\/wp\/v2\/product"}],"about":[{"href":"https:\/\/www.transtoyou.com\/pt\/wp-json\/wp\/v2\/types\/product"}],"replies":[{"embeddable":true,"href":"https:\/\/www.transtoyou.com\/pt\/wp-json\/wp\/v2\/comments?post=1162"}],"wp:featuredmedia":[{"embeddable":true,"href":"https:\/\/www.transtoyou.com\/pt\/wp-json\/wp\/v2\/media\/1164"}],"wp:attachment":[{"href":"https:\/\/www.transtoyou.com\/pt\/wp-json\/wp\/v2\/media?parent=1162"}],"wp:term":[{"taxonomy":"product_brand","embeddable":true,"href":"https:\/\/www.transtoyou.com\/pt\/wp-json\/wp\/v2\/product_brand?post=1162"},{"taxonomy":"product_cat","embeddable":true,"href":"https:\/\/www.transtoyou.com\/pt\/wp-json\/wp\/v2\/product_cat?post=1162"},{"taxonomy":"product_tag","embeddable":true,"href":"https:\/\/www.transtoyou.com\/pt\/wp-json\/wp\/v2\/product_tag?post=1162"},{"taxonomy":"expert","embeddable":true,"href":"https:\/\/www.transtoyou.com\/pt\/wp-json\/wp\/v2\/expert?post=1162"}],"curies":[{"name":"wp","href":"https:\/\/api.w.org\/{rel}","templated":true}]}}