{"id":1168,"date":"2026-01-25T21:00:27","date_gmt":"2026-01-25T19:00:27","guid":{"rendered":"https:\/\/www.transtoyou.com\/pt\/product\/promethazine\/"},"modified":"2026-03-01T16:21:46","modified_gmt":"2026-03-01T14:21:46","slug":"prometazina","status":"publish","type":"product","link":"https:\/\/www.transtoyou.com\/pt\/product\/prometazina\/","title":{"rendered":"Prometazina"},"content":{"rendered":"<p>Prometazina \u00e9 um antihistam\u00ednico de primeira gera\u00e7\u00e3o usado para ajudar a controlar os sintomas de alergias e rinite al\u00e9rgica, incluindo espirros, nariz escorrendo, olhos co\u00e7ando ou lacrimejando, e rea\u00e7\u00f5es na pele, como urtic\u00e1ria ou coceira. Ele atua bloqueando os efeitos da histamina, uma subst\u00e2ncia qu\u00edmica liberada durante as respostas al\u00e9rgicas, que causa inflama\u00e7\u00e3o e irrita\u00e7\u00e3o no corpo.<\/p>\n<p>Este medicamento \u00e9 particularmente \u00fatil para indiv\u00edduos que apresentam rea\u00e7\u00f5es al\u00e9rgicas moderadas a severas que afetam sua qualidade de vida ou sono. Ao contr\u00e1rio de antihistam\u00ednicos mais novos, a prometazina tem um efeito sedativo, o que a torna uma op\u00e7\u00e3o \u00fatil para aqueles cujos sintomas al\u00e9rgicos interferem no sono. Tamb\u00e9m \u00e9 frequentemente prescrita quando as alergias s\u00e3o acompanhadas de problemas de pele, como erup\u00e7\u00f5es cut\u00e2neas ou coceira intensa.<\/p>\n<p>A prometazina \u00e9 geralmente tomada em forma de comprimido uma ou duas vezes ao dia, dependendo da gravidade dos sintomas. Devido ao seu efeito calmante, \u00e9 frequentemente tomada \u00e0 noite ou antes de dormir. O efeito sedativo n\u00e3o apenas alivia os sintomas al\u00e9rgicos, mas tamb\u00e9m ajuda o corpo a descansar, tornando-a especialmente adequada para uso noturno.<\/p>\n<p>Os efeitos geralmente come\u00e7am dentro de 20 a 60 minutos ap\u00f3s a ingest\u00e3o de uma dose e podem durar v\u00e1rias horas. Algumas pessoas podem sentir sonol\u00eancia, tontura ou boca seca, especialmente durante os primeiros dias de uso. Esses efeitos colaterais costumam diminuir \u00e0 medida que o corpo se ajusta. \u00c9 importante n\u00e3o dirigir ou operar m\u00e1quinas ap\u00f3s tomar prometazina at\u00e9 saber como ela te afeta.<\/p>\n","protected":false},"excerpt":{"rendered":"<ul>\n<li>Proporciona al\u00edvio de alergias e n\u00e1useas<\/li>\n<li>Ajuda a controlar o enjoo de movimento<\/li>\n<li>Pode ajudar com problemas de sono a curto prazo<\/li>\n<\/ul>\n","protected":false},"featured_media":1170,"comment_status":"open","ping_status":"closed","template":"","meta":[],"product_brand":[],"product_cat":[56],"product_tag":[],"expert":[19],"class_list":{"0":"post-1168","1":"product","2":"type-product","3":"status-publish","4":"has-post-thumbnail","6":"product_cat-alivio-para-alergias-e-rinite","7":"expert-dr-j-vazquez","9":"first","10":"instock","11":"shipping-taxable","12":"product-type-variable"},"yoast_head":"<!-- This site is optimized with the Yoast SEO plugin v27.0 - https:\/\/yoast.com\/product\/yoast-seo-wordpress\/ -->\n<title>Prometazina | Alivie os Sintomas de Alergia Rapidamente - Transtoyou<\/title>\n<meta name=\"description\" content=\"Prometazina, um antihistam\u00ednico de primeira gera\u00e7\u00e3o para al\u00edvio de alergias e sono melhor. Compre agora na Transtoyou. Seguro e eficaz.\" \/>\n<meta name=\"robots\" content=\"noindex, follow, max-snippet:-1, max-image-preview:large, max-video-preview:-1\" \/>\n<meta property=\"og:locale\" content=\"pt_PT\" \/>\n<meta property=\"og:type\" content=\"article\" \/>\n<meta property=\"og:title\" content=\"Prometazina | Alivie os Sintomas de Alergia Rapidamente - Transtoyou\" \/>\n<meta property=\"og:description\" content=\"Prometazina, um antihistam\u00ednico de primeira gera\u00e7\u00e3o para al\u00edvio de alergias e sono melhor. Compre agora na Transtoyou. Seguro e eficaz.\" \/>\n<meta property=\"og:url\" content=\"https:\/\/www.transtoyou.com\/pt\/product\/promethazine\/\" \/>\n<meta property=\"og:site_name\" content=\"Transtoyou - PT\" \/>\n<meta property=\"article:modified_time\" content=\"2026-03-01T14:21:46+00:00\" \/>\n<meta name=\"twitter:card\" content=\"summary_large_image\" \/>\n<meta name=\"twitter:label1\" content=\"Tempo estimado de leitura\" \/>\n\t<meta name=\"twitter:data1\" content=\"1 minuto\" \/>\n<script type=\"application\/ld+json\" class=\"yoast-schema-graph\">{\"@context\":\"https:\/\/schema.org\",\"@graph\":[{\"@type\":\"WebPage\",\"@id\":\"https:\/\/www.transtoyou.com\/pt\/product\/promethazine\/\",\"url\":\"https:\/\/www.transtoyou.com\/pt\/product\/promethazine\/\",\"name\":\"Prometazina | Alivie os Sintomas de Alergia Rapidamente - Transtoyou\",\"isPartOf\":{\"@id\":\"https:\/\/www.transtoyou.com\/pt\/#website\"},\"primaryImageOfPage\":{\"@id\":\"https:\/\/www.transtoyou.com\/pt\/product\/promethazine\/#primaryimage\"},\"image\":{\"@id\":\"https:\/\/www.transtoyou.com\/pt\/product\/promethazine\/#primaryimage\"},\"thumbnailUrl\":\"https:\/\/www.transtoyou.com\/pt\/wp-content\/uploads\/sites\/12\/2026\/01\/tty-no-product-image-157.webp\",\"datePublished\":\"2026-01-25T19:00:27+00:00\",\"dateModified\":\"2026-03-01T14:21:46+00:00\",\"description\":\"Prometazina, um antihistam\u00ednico de primeira gera\u00e7\u00e3o para al\u00edvio de alergias e sono melhor. Compre agora na Transtoyou. Seguro e eficaz.\",\"breadcrumb\":{\"@id\":\"https:\/\/www.transtoyou.com\/pt\/product\/promethazine\/#breadcrumb\"},\"inLanguage\":\"pt-PT\",\"potentialAction\":[{\"@type\":\"ReadAction\",\"target\":[\"https:\/\/www.transtoyou.com\/pt\/product\/promethazine\/\"]}]},{\"@type\":\"ImageObject\",\"inLanguage\":\"pt-PT\",\"@id\":\"https:\/\/www.transtoyou.com\/pt\/product\/promethazine\/#primaryimage\",\"url\":\"https:\/\/www.transtoyou.com\/pt\/wp-content\/uploads\/sites\/12\/2026\/01\/tty-no-product-image-157.webp\",\"contentUrl\":\"https:\/\/www.transtoyou.com\/pt\/wp-content\/uploads\/sites\/12\/2026\/01\/tty-no-product-image-157.webp\",\"width\":1000,\"height\":1000,\"caption\":\"Imagem padr\u00e3o do produto\"},{\"@type\":\"WebSite\",\"@id\":\"https:\/\/www.transtoyou.com\/pt\/#website\",\"url\":\"https:\/\/www.transtoyou.com\/pt\/\",\"name\":\"Transtoyou - PT\",\"description\":\"\",\"publisher\":{\"@id\":\"https:\/\/www.transtoyou.com\/pt\/#organization\"},\"potentialAction\":[{\"@type\":\"SearchAction\",\"target\":{\"@type\":\"EntryPoint\",\"urlTemplate\":\"https:\/\/www.transtoyou.com\/pt\/?s={search_term_string}\"},\"query-input\":{\"@type\":\"PropertyValueSpecification\",\"valueRequired\":true,\"valueName\":\"search_term_string\"}}],\"inLanguage\":\"pt-PT\"},{\"@type\":\"Organization\",\"@id\":\"https:\/\/www.transtoyou.com\/pt\/#organization\",\"name\":\"Transtoyou - PT\",\"url\":\"https:\/\/www.transtoyou.com\/pt\/\",\"logo\":{\"@type\":\"ImageObject\",\"inLanguage\":\"pt-PT\",\"@id\":\"https:\/\/www.transtoyou.com\/pt\/#\/schema\/logo\/image\/\",\"url\":\"https:\/\/www.transtoyou.com\/pt\/wp-content\/uploads\/sites\/12\/2026\/01\/logo-tty-menu-bar-300x87-1.webp\",\"contentUrl\":\"https:\/\/www.transtoyou.com\/pt\/wp-content\/uploads\/sites\/12\/2026\/01\/logo-tty-menu-bar-300x87-1.webp\",\"width\":300,\"height\":87,\"caption\":\"Transtoyou - PT\"},\"image\":{\"@id\":\"https:\/\/www.transtoyou.com\/pt\/#\/schema\/logo\/image\/\"}}]}<\/script>\n<!-- \/ Yoast SEO plugin. -->","yoast_head_json":{"title":"Prometazina | Alivie os Sintomas de Alergia Rapidamente - Transtoyou","description":"Prometazina, um antihistam\u00ednico de primeira gera\u00e7\u00e3o para al\u00edvio de alergias e sono melhor. Compre agora na Transtoyou. Seguro e eficaz.","robots":{"index":"noindex","follow":"follow","max-snippet":"max-snippet:-1","max-image-preview":"max-image-preview:large","max-video-preview":"max-video-preview:-1"},"og_locale":"pt_PT","og_type":"article","og_title":"Prometazina | Alivie os Sintomas de Alergia Rapidamente - Transtoyou","og_description":"Prometazina, um antihistam\u00ednico de primeira gera\u00e7\u00e3o para al\u00edvio de alergias e sono melhor. Compre agora na Transtoyou. Seguro e eficaz.","og_url":"https:\/\/www.transtoyou.com\/pt\/product\/promethazine\/","og_site_name":"Transtoyou - PT","article_modified_time":"2026-03-01T14:21:46+00:00","twitter_card":"summary_large_image","twitter_misc":{"Tempo estimado de leitura":"1 minuto"},"schema":{"@context":"https:\/\/schema.org","@graph":[{"@type":"WebPage","@id":"https:\/\/www.transtoyou.com\/pt\/product\/promethazine\/","url":"https:\/\/www.transtoyou.com\/pt\/product\/promethazine\/","name":"Prometazina | Alivie os Sintomas de Alergia Rapidamente - Transtoyou","isPartOf":{"@id":"https:\/\/www.transtoyou.com\/pt\/#website"},"primaryImageOfPage":{"@id":"https:\/\/www.transtoyou.com\/pt\/product\/promethazine\/#primaryimage"},"image":{"@id":"https:\/\/www.transtoyou.com\/pt\/product\/promethazine\/#primaryimage"},"thumbnailUrl":"https:\/\/www.transtoyou.com\/pt\/wp-content\/uploads\/sites\/12\/2026\/01\/tty-no-product-image-157.webp","datePublished":"2026-01-25T19:00:27+00:00","dateModified":"2026-03-01T14:21:46+00:00","description":"Prometazina, um antihistam\u00ednico de primeira gera\u00e7\u00e3o para al\u00edvio de alergias e sono melhor. Compre agora na Transtoyou. Seguro e eficaz.","breadcrumb":{"@id":"https:\/\/www.transtoyou.com\/pt\/product\/promethazine\/#breadcrumb"},"inLanguage":"pt-PT","potentialAction":[{"@type":"ReadAction","target":["https:\/\/www.transtoyou.com\/pt\/product\/promethazine\/"]}]},{"@type":"ImageObject","inLanguage":"pt-PT","@id":"https:\/\/www.transtoyou.com\/pt\/product\/promethazine\/#primaryimage","url":"https:\/\/www.transtoyou.com\/pt\/wp-content\/uploads\/sites\/12\/2026\/01\/tty-no-product-image-157.webp","contentUrl":"https:\/\/www.transtoyou.com\/pt\/wp-content\/uploads\/sites\/12\/2026\/01\/tty-no-product-image-157.webp","width":1000,"height":1000,"caption":"Imagem padr\u00e3o do produto"},{"@type":"WebSite","@id":"https:\/\/www.transtoyou.com\/pt\/#website","url":"https:\/\/www.transtoyou.com\/pt\/","name":"Transtoyou - PT","description":"","publisher":{"@id":"https:\/\/www.transtoyou.com\/pt\/#organization"},"potentialAction":[{"@type":"SearchAction","target":{"@type":"EntryPoint","urlTemplate":"https:\/\/www.transtoyou.com\/pt\/?s={search_term_string}"},"query-input":{"@type":"PropertyValueSpecification","valueRequired":true,"valueName":"search_term_string"}}],"inLanguage":"pt-PT"},{"@type":"Organization","@id":"https:\/\/www.transtoyou.com\/pt\/#organization","name":"Transtoyou - PT","url":"https:\/\/www.transtoyou.com\/pt\/","logo":{"@type":"ImageObject","inLanguage":"pt-PT","@id":"https:\/\/www.transtoyou.com\/pt\/#\/schema\/logo\/image\/","url":"https:\/\/www.transtoyou.com\/pt\/wp-content\/uploads\/sites\/12\/2026\/01\/logo-tty-menu-bar-300x87-1.webp","contentUrl":"https:\/\/www.transtoyou.com\/pt\/wp-content\/uploads\/sites\/12\/2026\/01\/logo-tty-menu-bar-300x87-1.webp","width":300,"height":87,"caption":"Transtoyou - PT"},"image":{"@id":"https:\/\/www.transtoyou.com\/pt\/#\/schema\/logo\/image\/"}}]}},"_links":{"self":[{"href":"https:\/\/www.transtoyou.com\/pt\/wp-json\/wp\/v2\/product\/1168","targetHints":{"allow":["GET"]}}],"collection":[{"href":"https:\/\/www.transtoyou.com\/pt\/wp-json\/wp\/v2\/product"}],"about":[{"href":"https:\/\/www.transtoyou.com\/pt\/wp-json\/wp\/v2\/types\/product"}],"replies":[{"embeddable":true,"href":"https:\/\/www.transtoyou.com\/pt\/wp-json\/wp\/v2\/comments?post=1168"}],"wp:featuredmedia":[{"embeddable":true,"href":"https:\/\/www.transtoyou.com\/pt\/wp-json\/wp\/v2\/media\/1170"}],"wp:attachment":[{"href":"https:\/\/www.transtoyou.com\/pt\/wp-json\/wp\/v2\/media?parent=1168"}],"wp:term":[{"taxonomy":"product_brand","embeddable":true,"href":"https:\/\/www.transtoyou.com\/pt\/wp-json\/wp\/v2\/product_brand?post=1168"},{"taxonomy":"product_cat","embeddable":true,"href":"https:\/\/www.transtoyou.com\/pt\/wp-json\/wp\/v2\/product_cat?post=1168"},{"taxonomy":"product_tag","embeddable":true,"href":"https:\/\/www.transtoyou.com\/pt\/wp-json\/wp\/v2\/product_tag?post=1168"},{"taxonomy":"expert","embeddable":true,"href":"https:\/\/www.transtoyou.com\/pt\/wp-json\/wp\/v2\/expert?post=1168"}],"curies":[{"name":"wp","href":"https:\/\/api.w.org\/{rel}","templated":true}]}}