{"id":1186,"date":"2026-01-25T20:47:40","date_gmt":"2026-01-25T20:47:40","guid":{"rendered":"https:\/\/www.transtoyou.com\/pt\/product\/diane-35-dianette\/"},"modified":"2026-01-25T20:48:33","modified_gmt":"2026-01-25T20:48:33","slug":"diane-35-dianette","status":"publish","type":"product","link":"https:\/\/www.transtoyou.com\/pt\/product\/diane-35-dianette\/","title":{"rendered":"Diane 35 (Dianette)"},"content":{"rendered":"<p>Diane 35 (tamb\u00e9m conhecido como Dianette) \u00e9 um contraceptivo oral combinado que cont\u00e9m tanto um estrog\u00eanio (etinilestradiol) quanto um progest\u00e1geno antiandrog\u00eanico (acetato de ciproterona). \u00c9 frequentemente prescrito n\u00e3o apenas para controle de natalidade, mas tamb\u00e9m para tratar condi\u00e7\u00f5es relacionadas a andr\u00f3genos, como acne, excesso de pelos faciais ou corporais (hirsutismo) e certos sinais de hiperandrogenismo. Ao suprimir as a\u00e7\u00f5es dos andr\u00f3genos, Diane 35 ajuda a reduzir a produ\u00e7\u00e3o de sebo e a mitigar manchas, enquanto ajuda a regular os ciclos menstruais.<\/p>\n<p>Usado corretamente, Diane 35 pode melhorar significativamente a apar\u00eancia da pele propensa a acne, tornando-se \u00e0s vezes um contraceptivo preferido para indiv\u00edduos que desejam tanto controle de natalidade quanto uma abordagem direcionada \u00e0 acne. A combina\u00e7\u00e3o de estrog\u00eanio e acetato de ciproterona atua em m\u00faltiplos pontos, incluindo a supress\u00e3o da ovula\u00e7\u00e3o, a altera\u00e7\u00e3o do revestimento uterino e o espessamento do muco cervical. Esses efeitos diminuem a probabilidade de gravidez, ao mesmo tempo em que reduzem os efeitos androg\u00eanicos que agravam a acne ou o crescimento indesejado de pelos.<\/p>\n<p>Diane 35 \u00e9 tomado uma vez ao dia por 21 dias, seguido por uma pausa de 7 dias durante a qual geralmente ocorre um sangramento de retirada. N\u00e3o \u00e9 recomendado para contracep\u00e7\u00e3o a longo prazo, a menos que seja especificamente prescrito para condi\u00e7\u00f5es como acne ou hirsutismo.<\/p>\n","protected":false},"excerpt":{"rendered":"<ul>\n<li>Contraceptivo com benef\u00edcios antiandrog\u00eanicos<\/li>\n<li>Reduz acne e pelos indesejados<\/li>\n<li>Combina estrog\u00eanio e acetato de ciproterona<\/li>\n<\/ul>\n","protected":false},"featured_media":1188,"comment_status":"open","ping_status":"closed","template":"","meta":[],"product_brand":[],"product_cat":[53,92,117,74],"product_tag":[],"expert":[21],"class_list":{"0":"post-1186","1":"product","2":"type-product","3":"status-publish","4":"has-post-thumbnail","6":"product_cat-acne","7":"product_cat-endometriose","8":"product_cat-hirsutismo-e-pelos-faciais","9":"product_cat-pilula-combinada","10":"expert-dr-m-sharoyko","12":"first","13":"instock","14":"shipping-taxable","15":"product-type-variable"},"yoast_head":"<!-- This site is optimized with the Yoast SEO plugin v27.0 - https:\/\/yoast.com\/product\/yoast-seo-wordpress\/ -->\n<title>Diane 35 (Dianette) | Ajuda para Acne e Controle de Natalidade - Transtoyou<\/title>\n<meta name=\"description\" content=\"Diane 35 (Dianette) dispon\u00edvel na Transtoyou, controla a acne e pelos indesejados, regula ciclos com benef\u00edcios contraceptivos combinados.\" \/>\n<meta name=\"robots\" content=\"noindex, follow, max-snippet:-1, max-image-preview:large, max-video-preview:-1\" \/>\n<meta property=\"og:locale\" content=\"pt_PT\" \/>\n<meta property=\"og:type\" content=\"article\" \/>\n<meta property=\"og:title\" content=\"Diane 35 (Dianette) | Ajuda para Acne e Controle de Natalidade - Transtoyou\" \/>\n<meta property=\"og:description\" content=\"Diane 35 (Dianette) dispon\u00edvel na Transtoyou, controla a acne e pelos indesejados, regula ciclos com benef\u00edcios contraceptivos combinados.\" \/>\n<meta property=\"og:url\" content=\"https:\/\/www.transtoyou.com\/pt\/product\/diane-35-dianette\/\" \/>\n<meta property=\"og:site_name\" content=\"Transtoyou - PT\" \/>\n<meta property=\"article:modified_time\" content=\"2026-01-25T20:48:33+00:00\" \/>\n<meta name=\"twitter:card\" content=\"summary_large_image\" \/>\n<meta name=\"twitter:label1\" content=\"Tempo estimado de leitura\" \/>\n\t<meta name=\"twitter:data1\" content=\"1 minuto\" \/>\n<script type=\"application\/ld+json\" class=\"yoast-schema-graph\">{\"@context\":\"https:\/\/schema.org\",\"@graph\":[{\"@type\":\"WebPage\",\"@id\":\"https:\/\/www.transtoyou.com\/pt\/product\/diane-35-dianette\/\",\"url\":\"https:\/\/www.transtoyou.com\/pt\/product\/diane-35-dianette\/\",\"name\":\"Diane 35 (Dianette) | Ajuda para Acne e Controle de Natalidade - Transtoyou\",\"isPartOf\":{\"@id\":\"https:\/\/www.transtoyou.com\/pt\/#website\"},\"primaryImageOfPage\":{\"@id\":\"https:\/\/www.transtoyou.com\/pt\/product\/diane-35-dianette\/#primaryimage\"},\"image\":{\"@id\":\"https:\/\/www.transtoyou.com\/pt\/product\/diane-35-dianette\/#primaryimage\"},\"thumbnailUrl\":\"https:\/\/www.transtoyou.com\/pt\/wp-content\/uploads\/sites\/12\/2026\/01\/tty-no-product-image-163.webp\",\"datePublished\":\"2026-01-25T20:47:40+00:00\",\"dateModified\":\"2026-01-25T20:48:33+00:00\",\"description\":\"Diane 35 (Dianette) dispon\u00edvel na Transtoyou, controla a acne e pelos indesejados, regula ciclos com benef\u00edcios contraceptivos combinados.\",\"breadcrumb\":{\"@id\":\"https:\/\/www.transtoyou.com\/pt\/product\/diane-35-dianette\/#breadcrumb\"},\"inLanguage\":\"pt-PT\",\"potentialAction\":[{\"@type\":\"ReadAction\",\"target\":[\"https:\/\/www.transtoyou.com\/pt\/product\/diane-35-dianette\/\"]}]},{\"@type\":\"ImageObject\",\"inLanguage\":\"pt-PT\",\"@id\":\"https:\/\/www.transtoyou.com\/pt\/product\/diane-35-dianette\/#primaryimage\",\"url\":\"https:\/\/www.transtoyou.com\/pt\/wp-content\/uploads\/sites\/12\/2026\/01\/tty-no-product-image-163.webp\",\"contentUrl\":\"https:\/\/www.transtoyou.com\/pt\/wp-content\/uploads\/sites\/12\/2026\/01\/tty-no-product-image-163.webp\",\"width\":1000,\"height\":1000,\"caption\":\"Imagem padr\u00e3o do produto\"},{\"@type\":\"WebSite\",\"@id\":\"https:\/\/www.transtoyou.com\/pt\/#website\",\"url\":\"https:\/\/www.transtoyou.com\/pt\/\",\"name\":\"Transtoyou - PT\",\"description\":\"\",\"publisher\":{\"@id\":\"https:\/\/www.transtoyou.com\/pt\/#organization\"},\"potentialAction\":[{\"@type\":\"SearchAction\",\"target\":{\"@type\":\"EntryPoint\",\"urlTemplate\":\"https:\/\/www.transtoyou.com\/pt\/?s={search_term_string}\"},\"query-input\":{\"@type\":\"PropertyValueSpecification\",\"valueRequired\":true,\"valueName\":\"search_term_string\"}}],\"inLanguage\":\"pt-PT\"},{\"@type\":\"Organization\",\"@id\":\"https:\/\/www.transtoyou.com\/pt\/#organization\",\"name\":\"Transtoyou - PT\",\"url\":\"https:\/\/www.transtoyou.com\/pt\/\",\"logo\":{\"@type\":\"ImageObject\",\"inLanguage\":\"pt-PT\",\"@id\":\"https:\/\/www.transtoyou.com\/pt\/#\/schema\/logo\/image\/\",\"url\":\"https:\/\/www.transtoyou.com\/pt\/wp-content\/uploads\/sites\/12\/2026\/01\/logo-tty-menu-bar-300x87-1.webp\",\"contentUrl\":\"https:\/\/www.transtoyou.com\/pt\/wp-content\/uploads\/sites\/12\/2026\/01\/logo-tty-menu-bar-300x87-1.webp\",\"width\":300,\"height\":87,\"caption\":\"Transtoyou - PT\"},\"image\":{\"@id\":\"https:\/\/www.transtoyou.com\/pt\/#\/schema\/logo\/image\/\"}}]}<\/script>\n<!-- \/ Yoast SEO plugin. -->","yoast_head_json":{"title":"Diane 35 (Dianette) | Ajuda para Acne e Controle de Natalidade - Transtoyou","description":"Diane 35 (Dianette) dispon\u00edvel na Transtoyou, controla a acne e pelos indesejados, regula ciclos com benef\u00edcios contraceptivos combinados.","robots":{"index":"noindex","follow":"follow","max-snippet":"max-snippet:-1","max-image-preview":"max-image-preview:large","max-video-preview":"max-video-preview:-1"},"og_locale":"pt_PT","og_type":"article","og_title":"Diane 35 (Dianette) | Ajuda para Acne e Controle de Natalidade - Transtoyou","og_description":"Diane 35 (Dianette) dispon\u00edvel na Transtoyou, controla a acne e pelos indesejados, regula ciclos com benef\u00edcios contraceptivos combinados.","og_url":"https:\/\/www.transtoyou.com\/pt\/product\/diane-35-dianette\/","og_site_name":"Transtoyou - PT","article_modified_time":"2026-01-25T20:48:33+00:00","twitter_card":"summary_large_image","twitter_misc":{"Tempo estimado de leitura":"1 minuto"},"schema":{"@context":"https:\/\/schema.org","@graph":[{"@type":"WebPage","@id":"https:\/\/www.transtoyou.com\/pt\/product\/diane-35-dianette\/","url":"https:\/\/www.transtoyou.com\/pt\/product\/diane-35-dianette\/","name":"Diane 35 (Dianette) | Ajuda para Acne e Controle de Natalidade - Transtoyou","isPartOf":{"@id":"https:\/\/www.transtoyou.com\/pt\/#website"},"primaryImageOfPage":{"@id":"https:\/\/www.transtoyou.com\/pt\/product\/diane-35-dianette\/#primaryimage"},"image":{"@id":"https:\/\/www.transtoyou.com\/pt\/product\/diane-35-dianette\/#primaryimage"},"thumbnailUrl":"https:\/\/www.transtoyou.com\/pt\/wp-content\/uploads\/sites\/12\/2026\/01\/tty-no-product-image-163.webp","datePublished":"2026-01-25T20:47:40+00:00","dateModified":"2026-01-25T20:48:33+00:00","description":"Diane 35 (Dianette) dispon\u00edvel na Transtoyou, controla a acne e pelos indesejados, regula ciclos com benef\u00edcios contraceptivos combinados.","breadcrumb":{"@id":"https:\/\/www.transtoyou.com\/pt\/product\/diane-35-dianette\/#breadcrumb"},"inLanguage":"pt-PT","potentialAction":[{"@type":"ReadAction","target":["https:\/\/www.transtoyou.com\/pt\/product\/diane-35-dianette\/"]}]},{"@type":"ImageObject","inLanguage":"pt-PT","@id":"https:\/\/www.transtoyou.com\/pt\/product\/diane-35-dianette\/#primaryimage","url":"https:\/\/www.transtoyou.com\/pt\/wp-content\/uploads\/sites\/12\/2026\/01\/tty-no-product-image-163.webp","contentUrl":"https:\/\/www.transtoyou.com\/pt\/wp-content\/uploads\/sites\/12\/2026\/01\/tty-no-product-image-163.webp","width":1000,"height":1000,"caption":"Imagem padr\u00e3o do produto"},{"@type":"WebSite","@id":"https:\/\/www.transtoyou.com\/pt\/#website","url":"https:\/\/www.transtoyou.com\/pt\/","name":"Transtoyou - PT","description":"","publisher":{"@id":"https:\/\/www.transtoyou.com\/pt\/#organization"},"potentialAction":[{"@type":"SearchAction","target":{"@type":"EntryPoint","urlTemplate":"https:\/\/www.transtoyou.com\/pt\/?s={search_term_string}"},"query-input":{"@type":"PropertyValueSpecification","valueRequired":true,"valueName":"search_term_string"}}],"inLanguage":"pt-PT"},{"@type":"Organization","@id":"https:\/\/www.transtoyou.com\/pt\/#organization","name":"Transtoyou - PT","url":"https:\/\/www.transtoyou.com\/pt\/","logo":{"@type":"ImageObject","inLanguage":"pt-PT","@id":"https:\/\/www.transtoyou.com\/pt\/#\/schema\/logo\/image\/","url":"https:\/\/www.transtoyou.com\/pt\/wp-content\/uploads\/sites\/12\/2026\/01\/logo-tty-menu-bar-300x87-1.webp","contentUrl":"https:\/\/www.transtoyou.com\/pt\/wp-content\/uploads\/sites\/12\/2026\/01\/logo-tty-menu-bar-300x87-1.webp","width":300,"height":87,"caption":"Transtoyou - PT"},"image":{"@id":"https:\/\/www.transtoyou.com\/pt\/#\/schema\/logo\/image\/"}}]}},"_links":{"self":[{"href":"https:\/\/www.transtoyou.com\/pt\/wp-json\/wp\/v2\/product\/1186","targetHints":{"allow":["GET"]}}],"collection":[{"href":"https:\/\/www.transtoyou.com\/pt\/wp-json\/wp\/v2\/product"}],"about":[{"href":"https:\/\/www.transtoyou.com\/pt\/wp-json\/wp\/v2\/types\/product"}],"replies":[{"embeddable":true,"href":"https:\/\/www.transtoyou.com\/pt\/wp-json\/wp\/v2\/comments?post=1186"}],"wp:featuredmedia":[{"embeddable":true,"href":"https:\/\/www.transtoyou.com\/pt\/wp-json\/wp\/v2\/media\/1188"}],"wp:attachment":[{"href":"https:\/\/www.transtoyou.com\/pt\/wp-json\/wp\/v2\/media?parent=1186"}],"wp:term":[{"taxonomy":"product_brand","embeddable":true,"href":"https:\/\/www.transtoyou.com\/pt\/wp-json\/wp\/v2\/product_brand?post=1186"},{"taxonomy":"product_cat","embeddable":true,"href":"https:\/\/www.transtoyou.com\/pt\/wp-json\/wp\/v2\/product_cat?post=1186"},{"taxonomy":"product_tag","embeddable":true,"href":"https:\/\/www.transtoyou.com\/pt\/wp-json\/wp\/v2\/product_tag?post=1186"},{"taxonomy":"expert","embeddable":true,"href":"https:\/\/www.transtoyou.com\/pt\/wp-json\/wp\/v2\/expert?post=1186"}],"curies":[{"name":"wp","href":"https:\/\/api.w.org\/{rel}","templated":true}]}}