{"id":1195,"date":"2026-01-25T21:40:45","date_gmt":"2026-01-25T21:40:45","guid":{"rendered":"https:\/\/www.transtoyou.com\/pt\/product\/bella-hexal-35\/"},"modified":"2026-01-25T21:41:52","modified_gmt":"2026-01-25T21:41:52","slug":"bella-hexal-35","status":"publish","type":"product","link":"https:\/\/www.transtoyou.com\/pt\/product\/bella-hexal-35\/","title":{"rendered":"Bella Hexal 35"},"content":{"rendered":"<p>Bella Hexal 35 \u00e9 uma medicamenta\u00e7\u00e3o prescrita usada principalmente por mulheres que precisam tanto de contracep\u00e7\u00e3o quanto de tratamento para certas condi\u00e7\u00f5es de pele relacionadas a horm\u00f4nios. \u00c9 um anticoncepcional oral combinado que cont\u00e9m dois ingredientes ativos: etinilestradiol (um estrog\u00eanio sint\u00e9tico) e acetato de ciproterona (um progest\u00f3geno com fortes propriedades antiandrog\u00eanicas).<\/p>\n<p>Bella Hexal 35 atua de v\u00e1rias maneiras. Como contraceptivo, previne a gravidez ao interromper a ovula\u00e7\u00e3o (a libera\u00e7\u00e3o de um \u00f3vulo do ov\u00e1rio), engrossando o muco no colo do \u00fatero (tornando mais dif\u00edcil para os espermatozoides alcan\u00e7arem o \u00f3vulo) e alterando o revestimento do \u00fatero para torn\u00e1-lo menos adequado para a implanta\u00e7\u00e3o de um \u00f3vulo fertilizado. O componente acetato de ciproterona tamb\u00e9m bloqueia os efeitos dos horm\u00f4nios masculinos (andr\u00f3genos) no corpo, o que ajuda a reduzir os sintomas causados pelo excesso de andr\u00f3genos, como acne e crescimento indesejado de pelos.<\/p>\n<p>Bella Hexal 35 n\u00e3o \u00e9 apenas uma p\u00edlula contraceptiva. \u00c9 especialmente prescrita para mulheres que sofrem de:<\/p>\n<ul>\n<li>Acne moderada a severa que n\u00e3o melhorou com outros tratamentos<\/li>\n<li>Pelos faciais ou corporais excessivos (hirsutismo)<\/li>\n<li>Pele oleosa (seborr\u00e9ia) devido a altos n\u00edveis de andr\u00f3genos<\/li>\n<\/ul>\n<p>O que torna Bella Hexal 35 especial \u00e9 seu forte efeito antiandrog\u00eanico. Isso significa que ajuda a reduzir o impacto dos horm\u00f4nios masculinos no corpo. Ao diminuir esses n\u00edveis hormonais, pode melhorar problemas de pele como acne e oleosidade, e tamb\u00e9m pode ajudar a reduzir o crescimento excessivo de pelos em \u00e1reas onde as mulheres normalmente n\u00e3o os desejam.<\/p>\n<p>Ao mesmo tempo, Bella Hexal 35 funciona como uma forma confi\u00e1vel de contracep\u00e7\u00e3o. Quando tomada corretamente, previne efetivamente a gravidez, proporcionando tranquilidade \u00e0s mulheres que s\u00e3o sexualmente ativas e desejam um controle de natalidade confi\u00e1vel.<\/p>\n<p>Muitas mulheres notam outros benef\u00edcios tamb\u00e9m. Sua pele se torna menos oleosa, os per\u00edodos se tornam mais regulares e menos dolorosos, e sintomas como incha\u00e7o e reten\u00e7\u00e3o de l\u00edquidos frequentemente melhoram. No total, \u00e9 um tratamento que n\u00e3o apenas protege contra a gravidez, mas tamb\u00e9m pode ajudar as mulheres a se sentirem mais confort\u00e1veis e confiantes em sua pele.<\/p>\n<p>&nbsp;<\/p>\n","protected":false},"excerpt":{"rendered":"<ul>\n<li>Contracep\u00e7\u00e3o confi\u00e1vel e equil\u00edbrio hormonal<\/li>\n<li>Trata acne e pelos indesejados<\/li>\n<li>Ajuda a regular os ciclos menstruais<\/li>\n<\/ul>\n","protected":false},"featured_media":1197,"comment_status":"open","ping_status":"closed","template":"","meta":[],"product_brand":[],"product_cat":[53,117,74],"product_tag":[],"expert":[18],"class_list":{"0":"post-1195","1":"product","2":"type-product","3":"status-publish","4":"has-post-thumbnail","6":"product_cat-acne","7":"product_cat-hirsutismo-e-pelos-faciais","8":"product_cat-pilula-combinada","9":"expert-dr-g-varbanov","11":"first","12":"instock","13":"shipping-taxable","14":"product-type-variable"},"yoast_head":"<!-- This site is optimized with the Yoast SEO plugin v27.0 - https:\/\/yoast.com\/product\/yoast-seo-wordpress\/ -->\n<title>Bella Hexal 35 | Contracep\u00e7\u00e3o e Sa\u00fade da Pele - Transtoyou<\/title>\n<meta name=\"description\" content=\"Descubra Bella Hexal 35, um comprimido prescrito para contracep\u00e7\u00e3o e problemas de pele relacionados a horm\u00f4nios. Dispon\u00edvel na Transtoyou, obtenha orienta\u00e7\u00e3o profissional hoje.\" \/>\n<meta name=\"robots\" content=\"noindex, follow, max-snippet:-1, max-image-preview:large, max-video-preview:-1\" \/>\n<meta property=\"og:locale\" content=\"pt_PT\" \/>\n<meta property=\"og:type\" content=\"article\" \/>\n<meta property=\"og:title\" content=\"Bella Hexal 35 | Contracep\u00e7\u00e3o e Sa\u00fade da Pele - Transtoyou\" \/>\n<meta property=\"og:description\" content=\"Descubra Bella Hexal 35, um comprimido prescrito para contracep\u00e7\u00e3o e problemas de pele relacionados a horm\u00f4nios. Dispon\u00edvel na Transtoyou, obtenha orienta\u00e7\u00e3o profissional hoje.\" \/>\n<meta property=\"og:url\" content=\"https:\/\/www.transtoyou.com\/pt\/product\/bella-hexal-35\/\" \/>\n<meta property=\"og:site_name\" content=\"Transtoyou - PT\" \/>\n<meta property=\"article:modified_time\" content=\"2026-01-25T21:41:52+00:00\" \/>\n<meta name=\"twitter:card\" content=\"summary_large_image\" \/>\n<meta name=\"twitter:label1\" content=\"Tempo estimado de leitura\" \/>\n\t<meta name=\"twitter:data1\" content=\"2 minutos\" \/>\n<script type=\"application\/ld+json\" class=\"yoast-schema-graph\">{\"@context\":\"https:\/\/schema.org\",\"@graph\":[{\"@type\":\"WebPage\",\"@id\":\"https:\/\/www.transtoyou.com\/pt\/product\/bella-hexal-35\/\",\"url\":\"https:\/\/www.transtoyou.com\/pt\/product\/bella-hexal-35\/\",\"name\":\"Bella Hexal 35 | Contracep\u00e7\u00e3o e Sa\u00fade da Pele - Transtoyou\",\"isPartOf\":{\"@id\":\"https:\/\/www.transtoyou.com\/pt\/#website\"},\"primaryImageOfPage\":{\"@id\":\"https:\/\/www.transtoyou.com\/pt\/product\/bella-hexal-35\/#primaryimage\"},\"image\":{\"@id\":\"https:\/\/www.transtoyou.com\/pt\/product\/bella-hexal-35\/#primaryimage\"},\"thumbnailUrl\":\"https:\/\/www.transtoyou.com\/pt\/wp-content\/uploads\/sites\/12\/2026\/01\/tty-no-product-image-166.webp\",\"datePublished\":\"2026-01-25T21:40:45+00:00\",\"dateModified\":\"2026-01-25T21:41:52+00:00\",\"description\":\"Descubra Bella Hexal 35, um comprimido prescrito para contracep\u00e7\u00e3o e problemas de pele relacionados a horm\u00f4nios. Dispon\u00edvel na Transtoyou, obtenha orienta\u00e7\u00e3o profissional hoje.\",\"breadcrumb\":{\"@id\":\"https:\/\/www.transtoyou.com\/pt\/product\/bella-hexal-35\/#breadcrumb\"},\"inLanguage\":\"pt-PT\",\"potentialAction\":[{\"@type\":\"ReadAction\",\"target\":[\"https:\/\/www.transtoyou.com\/pt\/product\/bella-hexal-35\/\"]}]},{\"@type\":\"ImageObject\",\"inLanguage\":\"pt-PT\",\"@id\":\"https:\/\/www.transtoyou.com\/pt\/product\/bella-hexal-35\/#primaryimage\",\"url\":\"https:\/\/www.transtoyou.com\/pt\/wp-content\/uploads\/sites\/12\/2026\/01\/tty-no-product-image-166.webp\",\"contentUrl\":\"https:\/\/www.transtoyou.com\/pt\/wp-content\/uploads\/sites\/12\/2026\/01\/tty-no-product-image-166.webp\",\"width\":1000,\"height\":1000,\"caption\":\"Imagem padr\u00e3o do produto\"},{\"@type\":\"WebSite\",\"@id\":\"https:\/\/www.transtoyou.com\/pt\/#website\",\"url\":\"https:\/\/www.transtoyou.com\/pt\/\",\"name\":\"Transtoyou - PT\",\"description\":\"\",\"publisher\":{\"@id\":\"https:\/\/www.transtoyou.com\/pt\/#organization\"},\"potentialAction\":[{\"@type\":\"SearchAction\",\"target\":{\"@type\":\"EntryPoint\",\"urlTemplate\":\"https:\/\/www.transtoyou.com\/pt\/?s={search_term_string}\"},\"query-input\":{\"@type\":\"PropertyValueSpecification\",\"valueRequired\":true,\"valueName\":\"search_term_string\"}}],\"inLanguage\":\"pt-PT\"},{\"@type\":\"Organization\",\"@id\":\"https:\/\/www.transtoyou.com\/pt\/#organization\",\"name\":\"Transtoyou - PT\",\"url\":\"https:\/\/www.transtoyou.com\/pt\/\",\"logo\":{\"@type\":\"ImageObject\",\"inLanguage\":\"pt-PT\",\"@id\":\"https:\/\/www.transtoyou.com\/pt\/#\/schema\/logo\/image\/\",\"url\":\"https:\/\/www.transtoyou.com\/pt\/wp-content\/uploads\/sites\/12\/2026\/01\/logo-tty-menu-bar-300x87-1.webp\",\"contentUrl\":\"https:\/\/www.transtoyou.com\/pt\/wp-content\/uploads\/sites\/12\/2026\/01\/logo-tty-menu-bar-300x87-1.webp\",\"width\":300,\"height\":87,\"caption\":\"Transtoyou - PT\"},\"image\":{\"@id\":\"https:\/\/www.transtoyou.com\/pt\/#\/schema\/logo\/image\/\"}}]}<\/script>\n<!-- \/ Yoast SEO plugin. -->","yoast_head_json":{"title":"Bella Hexal 35 | Contracep\u00e7\u00e3o e Sa\u00fade da Pele - Transtoyou","description":"Descubra Bella Hexal 35, um comprimido prescrito para contracep\u00e7\u00e3o e problemas de pele relacionados a horm\u00f4nios. Dispon\u00edvel na Transtoyou, obtenha orienta\u00e7\u00e3o profissional hoje.","robots":{"index":"noindex","follow":"follow","max-snippet":"max-snippet:-1","max-image-preview":"max-image-preview:large","max-video-preview":"max-video-preview:-1"},"og_locale":"pt_PT","og_type":"article","og_title":"Bella Hexal 35 | Contracep\u00e7\u00e3o e Sa\u00fade da Pele - Transtoyou","og_description":"Descubra Bella Hexal 35, um comprimido prescrito para contracep\u00e7\u00e3o e problemas de pele relacionados a horm\u00f4nios. Dispon\u00edvel na Transtoyou, obtenha orienta\u00e7\u00e3o profissional hoje.","og_url":"https:\/\/www.transtoyou.com\/pt\/product\/bella-hexal-35\/","og_site_name":"Transtoyou - PT","article_modified_time":"2026-01-25T21:41:52+00:00","twitter_card":"summary_large_image","twitter_misc":{"Tempo estimado de leitura":"2 minutos"},"schema":{"@context":"https:\/\/schema.org","@graph":[{"@type":"WebPage","@id":"https:\/\/www.transtoyou.com\/pt\/product\/bella-hexal-35\/","url":"https:\/\/www.transtoyou.com\/pt\/product\/bella-hexal-35\/","name":"Bella Hexal 35 | Contracep\u00e7\u00e3o e Sa\u00fade da Pele - Transtoyou","isPartOf":{"@id":"https:\/\/www.transtoyou.com\/pt\/#website"},"primaryImageOfPage":{"@id":"https:\/\/www.transtoyou.com\/pt\/product\/bella-hexal-35\/#primaryimage"},"image":{"@id":"https:\/\/www.transtoyou.com\/pt\/product\/bella-hexal-35\/#primaryimage"},"thumbnailUrl":"https:\/\/www.transtoyou.com\/pt\/wp-content\/uploads\/sites\/12\/2026\/01\/tty-no-product-image-166.webp","datePublished":"2026-01-25T21:40:45+00:00","dateModified":"2026-01-25T21:41:52+00:00","description":"Descubra Bella Hexal 35, um comprimido prescrito para contracep\u00e7\u00e3o e problemas de pele relacionados a horm\u00f4nios. Dispon\u00edvel na Transtoyou, obtenha orienta\u00e7\u00e3o profissional hoje.","breadcrumb":{"@id":"https:\/\/www.transtoyou.com\/pt\/product\/bella-hexal-35\/#breadcrumb"},"inLanguage":"pt-PT","potentialAction":[{"@type":"ReadAction","target":["https:\/\/www.transtoyou.com\/pt\/product\/bella-hexal-35\/"]}]},{"@type":"ImageObject","inLanguage":"pt-PT","@id":"https:\/\/www.transtoyou.com\/pt\/product\/bella-hexal-35\/#primaryimage","url":"https:\/\/www.transtoyou.com\/pt\/wp-content\/uploads\/sites\/12\/2026\/01\/tty-no-product-image-166.webp","contentUrl":"https:\/\/www.transtoyou.com\/pt\/wp-content\/uploads\/sites\/12\/2026\/01\/tty-no-product-image-166.webp","width":1000,"height":1000,"caption":"Imagem padr\u00e3o do produto"},{"@type":"WebSite","@id":"https:\/\/www.transtoyou.com\/pt\/#website","url":"https:\/\/www.transtoyou.com\/pt\/","name":"Transtoyou - PT","description":"","publisher":{"@id":"https:\/\/www.transtoyou.com\/pt\/#organization"},"potentialAction":[{"@type":"SearchAction","target":{"@type":"EntryPoint","urlTemplate":"https:\/\/www.transtoyou.com\/pt\/?s={search_term_string}"},"query-input":{"@type":"PropertyValueSpecification","valueRequired":true,"valueName":"search_term_string"}}],"inLanguage":"pt-PT"},{"@type":"Organization","@id":"https:\/\/www.transtoyou.com\/pt\/#organization","name":"Transtoyou - PT","url":"https:\/\/www.transtoyou.com\/pt\/","logo":{"@type":"ImageObject","inLanguage":"pt-PT","@id":"https:\/\/www.transtoyou.com\/pt\/#\/schema\/logo\/image\/","url":"https:\/\/www.transtoyou.com\/pt\/wp-content\/uploads\/sites\/12\/2026\/01\/logo-tty-menu-bar-300x87-1.webp","contentUrl":"https:\/\/www.transtoyou.com\/pt\/wp-content\/uploads\/sites\/12\/2026\/01\/logo-tty-menu-bar-300x87-1.webp","width":300,"height":87,"caption":"Transtoyou - PT"},"image":{"@id":"https:\/\/www.transtoyou.com\/pt\/#\/schema\/logo\/image\/"}}]}},"_links":{"self":[{"href":"https:\/\/www.transtoyou.com\/pt\/wp-json\/wp\/v2\/product\/1195","targetHints":{"allow":["GET"]}}],"collection":[{"href":"https:\/\/www.transtoyou.com\/pt\/wp-json\/wp\/v2\/product"}],"about":[{"href":"https:\/\/www.transtoyou.com\/pt\/wp-json\/wp\/v2\/types\/product"}],"replies":[{"embeddable":true,"href":"https:\/\/www.transtoyou.com\/pt\/wp-json\/wp\/v2\/comments?post=1195"}],"wp:featuredmedia":[{"embeddable":true,"href":"https:\/\/www.transtoyou.com\/pt\/wp-json\/wp\/v2\/media\/1197"}],"wp:attachment":[{"href":"https:\/\/www.transtoyou.com\/pt\/wp-json\/wp\/v2\/media?parent=1195"}],"wp:term":[{"taxonomy":"product_brand","embeddable":true,"href":"https:\/\/www.transtoyou.com\/pt\/wp-json\/wp\/v2\/product_brand?post=1195"},{"taxonomy":"product_cat","embeddable":true,"href":"https:\/\/www.transtoyou.com\/pt\/wp-json\/wp\/v2\/product_cat?post=1195"},{"taxonomy":"product_tag","embeddable":true,"href":"https:\/\/www.transtoyou.com\/pt\/wp-json\/wp\/v2\/product_tag?post=1195"},{"taxonomy":"expert","embeddable":true,"href":"https:\/\/www.transtoyou.com\/pt\/wp-json\/wp\/v2\/expert?post=1195"}],"curies":[{"name":"wp","href":"https:\/\/api.w.org\/{rel}","templated":true}]}}