{"id":1201,"date":"2026-01-25T22:15:26","date_gmt":"2026-01-25T22:15:26","guid":{"rendered":"https:\/\/www.transtoyou.com\/pt\/product\/propecia\/"},"modified":"2026-03-01T16:31:19","modified_gmt":"2026-03-01T14:31:19","slug":"propecia","status":"publish","type":"product","link":"https:\/\/www.transtoyou.com\/pt\/product\/propecia\/","title":{"rendered":"Propecia"},"content":{"rendered":"<p>Propecia \u00e9 um medicamento utilizado para tratar a calv\u00edcie androgen\u00e9tica, tamb\u00e9m conhecida como alopecia androgen\u00e9tica, em homens adultos. Cont\u00e9m o ingrediente ativo finasterida, que pertence a um grupo de medicamentos chamados inibidores da 5\u03b1-redutase.<\/p>\n<p>Propecia atua direcionando uma enzima espec\u00edfica no corpo chamada 5\u03b1-redutase tipo II. Essa enzima \u00e9 respons\u00e1vel por converter a testosterona em dihidrotestosterona (DHT), um horm\u00f4nio ligado \u00e0 perda de cabelo em homens geneticamente suscet\u00edveis. Ao bloquear essa enzima, Propecia reduz os n\u00edveis de DHT no couro cabeludo e no sangue, o que ajuda a desacelerar a perda de cabelo e pode at\u00e9 estimular o crescimento de novos fios em alguns homens.<\/p>\n<p>Propecia \u00e9 especificamente utilizada para tratar a calv\u00edcie masculina, particularmente na coroa (topo) e na parte frontal m\u00e9dia do couro cabeludo. N\u00e3o \u00e9 destinada ao uso em mulheres ou crian\u00e7as e n\u00e3o \u00e9 eficaz para outros tipos de perda de cabelo.<\/p>\n<p>Ao reduzir os n\u00edveis de DHT, Propecia ajuda a prevenir o encolhimento (miniaturiza\u00e7\u00e3o) dos fol\u00edculos capilares, que \u00e9 a principal causa do afinamento dos fios e da calv\u00edcie na calv\u00edcie masculina. Essa a\u00e7\u00e3o permite que os fol\u00edculos capilares permane\u00e7am saud\u00e1veis por mais tempo, mantendo a densidade capilar e, \u00e0s vezes, promovendo o crescimento de cabelo que foi recentemente perdido.<\/p>\n<p>O principal benef\u00edcio de Propecia \u00e9 sua capacidade de desacelerar ou interromper a perda de cabelo em homens com calv\u00edcie androgen\u00e9tica. Muitos homens notam que a perda de cabelo diminui ap\u00f3s cerca de tr\u00eas meses de uso consistente, com alguns experimentando fios mais grossos ou crescimento, especialmente na coroa da cabe\u00e7a. Os efeitos duram enquanto o medicamento for tomado regularmente. Propecia \u00e9 administrada em forma de comprimido uma vez ao dia, tornando seu uso conveniente. Geralmente \u00e9 bem tolerada, com a maioria dos homens apresentando poucos efeitos colaterais. No entanto, se o medicamento for interrompido, qualquer cabelo ganho ou mantido geralmente \u00e9 perdido dentro de um ano.<\/p>\n","protected":false},"excerpt":{"rendered":"<ul>\n<li>Retarda e previne a queda de cabelo<\/li>\n<li>Promove o crescimento capilar em homens<\/li>\n<li>Comprimido pr\u00e1tico uma vez ao dia<\/li>\n<\/ul>\n","protected":false},"featured_media":1203,"comment_status":"open","ping_status":"closed","template":"","meta":[],"product_brand":[],"product_cat":[108],"product_tag":[],"expert":[18],"class_list":{"0":"post-1201","1":"product","2":"type-product","3":"status-publish","4":"has-post-thumbnail","6":"product_cat-solucoes-para-queda-de-cabelo","7":"expert-dr-g-varbanov","9":"first","10":"instock","11":"shipping-taxable","12":"product-type-variable"},"yoast_head":"<!-- This site is optimized with the Yoast SEO plugin v27.0 - https:\/\/yoast.com\/product\/yoast-seo-wordpress\/ -->\n<title>Propecia | Solu\u00e7\u00e3o Eficaz para Queda de Cabelo - Transtoyou<\/title>\n<meta name=\"description\" content=\"Descubra o Propecia para tratar a calv\u00edcie masculina na Transtoyou. Pe\u00e7a online hoje e tenha acesso a solu\u00e7\u00f5es aprovadas por especialistas.\" \/>\n<meta name=\"robots\" content=\"noindex, follow, max-snippet:-1, max-image-preview:large, max-video-preview:-1\" \/>\n<meta property=\"og:locale\" content=\"pt_PT\" \/>\n<meta property=\"og:type\" content=\"article\" \/>\n<meta property=\"og:title\" content=\"Propecia | Solu\u00e7\u00e3o Eficaz para Queda de Cabelo - Transtoyou\" \/>\n<meta property=\"og:description\" content=\"Descubra o Propecia para tratar a calv\u00edcie masculina na Transtoyou. Pe\u00e7a online hoje e tenha acesso a solu\u00e7\u00f5es aprovadas por especialistas.\" \/>\n<meta property=\"og:url\" content=\"https:\/\/www.transtoyou.com\/pt\/product\/propecia\/\" \/>\n<meta property=\"og:site_name\" content=\"Transtoyou - PT\" \/>\n<meta property=\"article:modified_time\" content=\"2026-03-01T14:31:19+00:00\" \/>\n<meta name=\"twitter:card\" content=\"summary_large_image\" \/>\n<meta name=\"twitter:label1\" content=\"Tempo estimado de leitura\" \/>\n\t<meta name=\"twitter:data1\" content=\"2 minutos\" \/>\n<script type=\"application\/ld+json\" class=\"yoast-schema-graph\">{\"@context\":\"https:\/\/schema.org\",\"@graph\":[{\"@type\":\"WebPage\",\"@id\":\"https:\/\/www.transtoyou.com\/pt\/product\/propecia\/\",\"url\":\"https:\/\/www.transtoyou.com\/pt\/product\/propecia\/\",\"name\":\"Propecia | Solu\u00e7\u00e3o Eficaz para Queda de Cabelo - Transtoyou\",\"isPartOf\":{\"@id\":\"https:\/\/www.transtoyou.com\/pt\/#website\"},\"primaryImageOfPage\":{\"@id\":\"https:\/\/www.transtoyou.com\/pt\/product\/propecia\/#primaryimage\"},\"image\":{\"@id\":\"https:\/\/www.transtoyou.com\/pt\/product\/propecia\/#primaryimage\"},\"thumbnailUrl\":\"https:\/\/www.transtoyou.com\/pt\/wp-content\/uploads\/sites\/12\/2026\/01\/tty-no-product-image-168.webp\",\"datePublished\":\"2026-01-25T22:15:26+00:00\",\"dateModified\":\"2026-03-01T14:31:19+00:00\",\"description\":\"Descubra o Propecia para tratar a calv\u00edcie masculina na Transtoyou. Pe\u00e7a online hoje e tenha acesso a solu\u00e7\u00f5es aprovadas por especialistas.\",\"breadcrumb\":{\"@id\":\"https:\/\/www.transtoyou.com\/pt\/product\/propecia\/#breadcrumb\"},\"inLanguage\":\"pt-PT\",\"potentialAction\":[{\"@type\":\"ReadAction\",\"target\":[\"https:\/\/www.transtoyou.com\/pt\/product\/propecia\/\"]}]},{\"@type\":\"ImageObject\",\"inLanguage\":\"pt-PT\",\"@id\":\"https:\/\/www.transtoyou.com\/pt\/product\/propecia\/#primaryimage\",\"url\":\"https:\/\/www.transtoyou.com\/pt\/wp-content\/uploads\/sites\/12\/2026\/01\/tty-no-product-image-168.webp\",\"contentUrl\":\"https:\/\/www.transtoyou.com\/pt\/wp-content\/uploads\/sites\/12\/2026\/01\/tty-no-product-image-168.webp\",\"width\":1000,\"height\":1000,\"caption\":\"Imagem padr\u00e3o do produto\"},{\"@type\":\"WebSite\",\"@id\":\"https:\/\/www.transtoyou.com\/pt\/#website\",\"url\":\"https:\/\/www.transtoyou.com\/pt\/\",\"name\":\"Transtoyou - PT\",\"description\":\"\",\"publisher\":{\"@id\":\"https:\/\/www.transtoyou.com\/pt\/#organization\"},\"potentialAction\":[{\"@type\":\"SearchAction\",\"target\":{\"@type\":\"EntryPoint\",\"urlTemplate\":\"https:\/\/www.transtoyou.com\/pt\/?s={search_term_string}\"},\"query-input\":{\"@type\":\"PropertyValueSpecification\",\"valueRequired\":true,\"valueName\":\"search_term_string\"}}],\"inLanguage\":\"pt-PT\"},{\"@type\":\"Organization\",\"@id\":\"https:\/\/www.transtoyou.com\/pt\/#organization\",\"name\":\"Transtoyou - PT\",\"url\":\"https:\/\/www.transtoyou.com\/pt\/\",\"logo\":{\"@type\":\"ImageObject\",\"inLanguage\":\"pt-PT\",\"@id\":\"https:\/\/www.transtoyou.com\/pt\/#\/schema\/logo\/image\/\",\"url\":\"https:\/\/www.transtoyou.com\/pt\/wp-content\/uploads\/sites\/12\/2026\/01\/logo-tty-menu-bar-300x87-1.webp\",\"contentUrl\":\"https:\/\/www.transtoyou.com\/pt\/wp-content\/uploads\/sites\/12\/2026\/01\/logo-tty-menu-bar-300x87-1.webp\",\"width\":300,\"height\":87,\"caption\":\"Transtoyou - PT\"},\"image\":{\"@id\":\"https:\/\/www.transtoyou.com\/pt\/#\/schema\/logo\/image\/\"}}]}<\/script>\n<!-- \/ Yoast SEO plugin. -->","yoast_head_json":{"title":"Propecia | Solu\u00e7\u00e3o Eficaz para Queda de Cabelo - Transtoyou","description":"Descubra o Propecia para tratar a calv\u00edcie masculina na Transtoyou. Pe\u00e7a online hoje e tenha acesso a solu\u00e7\u00f5es aprovadas por especialistas.","robots":{"index":"noindex","follow":"follow","max-snippet":"max-snippet:-1","max-image-preview":"max-image-preview:large","max-video-preview":"max-video-preview:-1"},"og_locale":"pt_PT","og_type":"article","og_title":"Propecia | Solu\u00e7\u00e3o Eficaz para Queda de Cabelo - Transtoyou","og_description":"Descubra o Propecia para tratar a calv\u00edcie masculina na Transtoyou. Pe\u00e7a online hoje e tenha acesso a solu\u00e7\u00f5es aprovadas por especialistas.","og_url":"https:\/\/www.transtoyou.com\/pt\/product\/propecia\/","og_site_name":"Transtoyou - PT","article_modified_time":"2026-03-01T14:31:19+00:00","twitter_card":"summary_large_image","twitter_misc":{"Tempo estimado de leitura":"2 minutos"},"schema":{"@context":"https:\/\/schema.org","@graph":[{"@type":"WebPage","@id":"https:\/\/www.transtoyou.com\/pt\/product\/propecia\/","url":"https:\/\/www.transtoyou.com\/pt\/product\/propecia\/","name":"Propecia | Solu\u00e7\u00e3o Eficaz para Queda de Cabelo - Transtoyou","isPartOf":{"@id":"https:\/\/www.transtoyou.com\/pt\/#website"},"primaryImageOfPage":{"@id":"https:\/\/www.transtoyou.com\/pt\/product\/propecia\/#primaryimage"},"image":{"@id":"https:\/\/www.transtoyou.com\/pt\/product\/propecia\/#primaryimage"},"thumbnailUrl":"https:\/\/www.transtoyou.com\/pt\/wp-content\/uploads\/sites\/12\/2026\/01\/tty-no-product-image-168.webp","datePublished":"2026-01-25T22:15:26+00:00","dateModified":"2026-03-01T14:31:19+00:00","description":"Descubra o Propecia para tratar a calv\u00edcie masculina na Transtoyou. Pe\u00e7a online hoje e tenha acesso a solu\u00e7\u00f5es aprovadas por especialistas.","breadcrumb":{"@id":"https:\/\/www.transtoyou.com\/pt\/product\/propecia\/#breadcrumb"},"inLanguage":"pt-PT","potentialAction":[{"@type":"ReadAction","target":["https:\/\/www.transtoyou.com\/pt\/product\/propecia\/"]}]},{"@type":"ImageObject","inLanguage":"pt-PT","@id":"https:\/\/www.transtoyou.com\/pt\/product\/propecia\/#primaryimage","url":"https:\/\/www.transtoyou.com\/pt\/wp-content\/uploads\/sites\/12\/2026\/01\/tty-no-product-image-168.webp","contentUrl":"https:\/\/www.transtoyou.com\/pt\/wp-content\/uploads\/sites\/12\/2026\/01\/tty-no-product-image-168.webp","width":1000,"height":1000,"caption":"Imagem padr\u00e3o do produto"},{"@type":"WebSite","@id":"https:\/\/www.transtoyou.com\/pt\/#website","url":"https:\/\/www.transtoyou.com\/pt\/","name":"Transtoyou - PT","description":"","publisher":{"@id":"https:\/\/www.transtoyou.com\/pt\/#organization"},"potentialAction":[{"@type":"SearchAction","target":{"@type":"EntryPoint","urlTemplate":"https:\/\/www.transtoyou.com\/pt\/?s={search_term_string}"},"query-input":{"@type":"PropertyValueSpecification","valueRequired":true,"valueName":"search_term_string"}}],"inLanguage":"pt-PT"},{"@type":"Organization","@id":"https:\/\/www.transtoyou.com\/pt\/#organization","name":"Transtoyou - PT","url":"https:\/\/www.transtoyou.com\/pt\/","logo":{"@type":"ImageObject","inLanguage":"pt-PT","@id":"https:\/\/www.transtoyou.com\/pt\/#\/schema\/logo\/image\/","url":"https:\/\/www.transtoyou.com\/pt\/wp-content\/uploads\/sites\/12\/2026\/01\/logo-tty-menu-bar-300x87-1.webp","contentUrl":"https:\/\/www.transtoyou.com\/pt\/wp-content\/uploads\/sites\/12\/2026\/01\/logo-tty-menu-bar-300x87-1.webp","width":300,"height":87,"caption":"Transtoyou - PT"},"image":{"@id":"https:\/\/www.transtoyou.com\/pt\/#\/schema\/logo\/image\/"}}]}},"_links":{"self":[{"href":"https:\/\/www.transtoyou.com\/pt\/wp-json\/wp\/v2\/product\/1201","targetHints":{"allow":["GET"]}}],"collection":[{"href":"https:\/\/www.transtoyou.com\/pt\/wp-json\/wp\/v2\/product"}],"about":[{"href":"https:\/\/www.transtoyou.com\/pt\/wp-json\/wp\/v2\/types\/product"}],"replies":[{"embeddable":true,"href":"https:\/\/www.transtoyou.com\/pt\/wp-json\/wp\/v2\/comments?post=1201"}],"wp:featuredmedia":[{"embeddable":true,"href":"https:\/\/www.transtoyou.com\/pt\/wp-json\/wp\/v2\/media\/1203"}],"wp:attachment":[{"href":"https:\/\/www.transtoyou.com\/pt\/wp-json\/wp\/v2\/media?parent=1201"}],"wp:term":[{"taxonomy":"product_brand","embeddable":true,"href":"https:\/\/www.transtoyou.com\/pt\/wp-json\/wp\/v2\/product_brand?post=1201"},{"taxonomy":"product_cat","embeddable":true,"href":"https:\/\/www.transtoyou.com\/pt\/wp-json\/wp\/v2\/product_cat?post=1201"},{"taxonomy":"product_tag","embeddable":true,"href":"https:\/\/www.transtoyou.com\/pt\/wp-json\/wp\/v2\/product_tag?post=1201"},{"taxonomy":"expert","embeddable":true,"href":"https:\/\/www.transtoyou.com\/pt\/wp-json\/wp\/v2\/expert?post=1201"}],"curies":[{"name":"wp","href":"https:\/\/api.w.org\/{rel}","templated":true}]}}