{"id":1204,"date":"2026-01-25T22:30:44","date_gmt":"2026-01-25T22:30:44","guid":{"rendered":"https:\/\/www.transtoyou.com\/pt\/product\/condyline-condylox\/"},"modified":"2026-01-25T22:31:32","modified_gmt":"2026-01-25T22:31:32","slug":"condilina-condilox","status":"publish","type":"product","link":"https:\/\/www.transtoyou.com\/pt\/product\/condilina-condilox\/","title":{"rendered":"Condyline (Condylox)"},"content":{"rendered":"<p>Condyline cont\u00e9m podofilina, um composto derivado de plantas que atua como um agente citot\u00f3xico (mata c\u00e9lulas indesejadas). Ele funciona inibindo a divis\u00e3o celular e a s\u00edntese de DNA (impede que as c\u00e9lulas das verrugas cres\u00e7am e se multipliquem). A podofilina se liga a uma prote\u00edna chamada tubulina, impedindo a forma\u00e7\u00e3o de microt\u00fabulos, o que faz com que as c\u00e9lulas das verrugas morram.<\/p>\n<p>Este medicamento \u00e9 usado para tratar verrugas genitais nos genitais externos. Ele ajuda o corpo a se livrar das verrugas ao longo do tempo, atacando apenas a pele anormal, e n\u00e3o a pele saud\u00e1vel ao redor.<\/p>\n<p>Condyline \u00e9 aplicado diretamente nas verrugas, geralmente duas vezes ao dia durante tr\u00eas dias, seguido por um intervalo de quatro dias. Este ciclo de uma semana pode ser repetido por at\u00e9 quatro semanas, dependendo de como as verrugas respondem.<\/p>\n<p>O principal benef\u00edcio do Condyline \u00e9 que \u00e9 um tratamento n\u00e3o invasivo (sem necessidade de cirurgia ou congelamento). \u00c9 simples de usar em casa, mas deve ser aplicado com muito cuidado, pois pode causar irrita\u00e7\u00e3o na pele ou \u00falceras se usado em excesso ou se aplicado na pele saud\u00e1vel.<\/p>\n<p>Ao impedir que as c\u00e9lulas das verrugas cres\u00e7am e ajudando-as a se desintegrar, Condyline apoia seu corpo na elimina\u00e7\u00e3o de les\u00f5es cut\u00e2neas relacionadas ao HPV.<\/p>\n","protected":false},"excerpt":{"rendered":"<ul>\n<li>Alvo do tecido de verrugas genitais<\/li>\n<li>Interrompe o crescimento celular das verrugas<\/li>\n<li>Para tratamento t\u00f3pico de curto prazo<\/li>\n<\/ul>\n","protected":false},"featured_media":1205,"comment_status":"open","ping_status":"closed","template":"","meta":[],"product_brand":[],"product_cat":[156,104],"product_tag":[],"expert":[17],"class_list":{"0":"post-1204","1":"product","2":"type-product","3":"status-publish","4":"has-post-thumbnail","6":"product_cat-verrugas","7":"product_cat-verrugas-genitais","8":"expert-dr-c-munoz-parada","10":"first","11":"instock","12":"shipping-taxable","13":"product-type-simple"},"yoast_head":"<!-- This site is optimized with the Yoast SEO plugin v27.0 - https:\/\/yoast.com\/product\/yoast-seo-wordpress\/ -->\n<title>Condyline (Condylox) - Tratamento Eficaz para Verrugas | Transtoyou<\/title>\n<meta name=\"description\" content=\"Condyline (Condylox) para verrugas genitais. Pe\u00e7a online na Transtoyou. Eficaz e f\u00e1cil de usar em casa. Comece o tratamento hoje, dispon\u00edvel agora.\" \/>\n<meta name=\"robots\" content=\"noindex, follow, max-snippet:-1, max-image-preview:large, max-video-preview:-1\" \/>\n<meta property=\"og:locale\" content=\"pt_PT\" \/>\n<meta property=\"og:type\" content=\"article\" \/>\n<meta property=\"og:title\" content=\"Condyline (Condylox) - Tratamento Eficaz para Verrugas | Transtoyou\" \/>\n<meta property=\"og:description\" content=\"Condyline (Condylox) para verrugas genitais. Pe\u00e7a online na Transtoyou. Eficaz e f\u00e1cil de usar em casa. Comece o tratamento hoje, dispon\u00edvel agora.\" \/>\n<meta property=\"og:url\" content=\"https:\/\/www.transtoyou.com\/pt\/product\/condyline-condylox\/\" \/>\n<meta property=\"og:site_name\" content=\"Transtoyou - PT\" \/>\n<meta property=\"article:modified_time\" content=\"2026-01-25T22:31:32+00:00\" \/>\n<meta name=\"twitter:card\" content=\"summary_large_image\" \/>\n<meta name=\"twitter:label1\" content=\"Tempo estimado de leitura\" \/>\n\t<meta name=\"twitter:data1\" content=\"1 minuto\" \/>\n<script type=\"application\/ld+json\" class=\"yoast-schema-graph\">{\"@context\":\"https:\/\/schema.org\",\"@graph\":[{\"@type\":\"WebPage\",\"@id\":\"https:\/\/www.transtoyou.com\/pt\/product\/condyline-condylox\/\",\"url\":\"https:\/\/www.transtoyou.com\/pt\/product\/condyline-condylox\/\",\"name\":\"Condyline (Condylox) - Tratamento Eficaz para Verrugas | Transtoyou\",\"isPartOf\":{\"@id\":\"https:\/\/www.transtoyou.com\/pt\/#website\"},\"primaryImageOfPage\":{\"@id\":\"https:\/\/www.transtoyou.com\/pt\/product\/condyline-condylox\/#primaryimage\"},\"image\":{\"@id\":\"https:\/\/www.transtoyou.com\/pt\/product\/condyline-condylox\/#primaryimage\"},\"thumbnailUrl\":\"https:\/\/www.transtoyou.com\/pt\/wp-content\/uploads\/sites\/12\/2026\/01\/tty-no-product-image-169.webp\",\"datePublished\":\"2026-01-25T22:30:44+00:00\",\"dateModified\":\"2026-01-25T22:31:32+00:00\",\"description\":\"Condyline (Condylox) para verrugas genitais. Pe\u00e7a online na Transtoyou. Eficaz e f\u00e1cil de usar em casa. Comece o tratamento hoje, dispon\u00edvel agora.\",\"breadcrumb\":{\"@id\":\"https:\/\/www.transtoyou.com\/pt\/product\/condyline-condylox\/#breadcrumb\"},\"inLanguage\":\"pt-PT\",\"potentialAction\":[{\"@type\":\"ReadAction\",\"target\":[\"https:\/\/www.transtoyou.com\/pt\/product\/condyline-condylox\/\"]}]},{\"@type\":\"ImageObject\",\"inLanguage\":\"pt-PT\",\"@id\":\"https:\/\/www.transtoyou.com\/pt\/product\/condyline-condylox\/#primaryimage\",\"url\":\"https:\/\/www.transtoyou.com\/pt\/wp-content\/uploads\/sites\/12\/2026\/01\/tty-no-product-image-169.webp\",\"contentUrl\":\"https:\/\/www.transtoyou.com\/pt\/wp-content\/uploads\/sites\/12\/2026\/01\/tty-no-product-image-169.webp\",\"width\":1000,\"height\":1000,\"caption\":\"Imagem padr\u00e3o do produto\"},{\"@type\":\"WebSite\",\"@id\":\"https:\/\/www.transtoyou.com\/pt\/#website\",\"url\":\"https:\/\/www.transtoyou.com\/pt\/\",\"name\":\"Transtoyou - PT\",\"description\":\"\",\"publisher\":{\"@id\":\"https:\/\/www.transtoyou.com\/pt\/#organization\"},\"potentialAction\":[{\"@type\":\"SearchAction\",\"target\":{\"@type\":\"EntryPoint\",\"urlTemplate\":\"https:\/\/www.transtoyou.com\/pt\/?s={search_term_string}\"},\"query-input\":{\"@type\":\"PropertyValueSpecification\",\"valueRequired\":true,\"valueName\":\"search_term_string\"}}],\"inLanguage\":\"pt-PT\"},{\"@type\":\"Organization\",\"@id\":\"https:\/\/www.transtoyou.com\/pt\/#organization\",\"name\":\"Transtoyou - PT\",\"url\":\"https:\/\/www.transtoyou.com\/pt\/\",\"logo\":{\"@type\":\"ImageObject\",\"inLanguage\":\"pt-PT\",\"@id\":\"https:\/\/www.transtoyou.com\/pt\/#\/schema\/logo\/image\/\",\"url\":\"https:\/\/www.transtoyou.com\/pt\/wp-content\/uploads\/sites\/12\/2026\/01\/logo-tty-menu-bar-300x87-1.webp\",\"contentUrl\":\"https:\/\/www.transtoyou.com\/pt\/wp-content\/uploads\/sites\/12\/2026\/01\/logo-tty-menu-bar-300x87-1.webp\",\"width\":300,\"height\":87,\"caption\":\"Transtoyou - PT\"},\"image\":{\"@id\":\"https:\/\/www.transtoyou.com\/pt\/#\/schema\/logo\/image\/\"}}]}<\/script>\n<!-- \/ Yoast SEO plugin. -->","yoast_head_json":{"title":"Condyline (Condylox) - Tratamento Eficaz para Verrugas | Transtoyou","description":"Condyline (Condylox) para verrugas genitais. Pe\u00e7a online na Transtoyou. Eficaz e f\u00e1cil de usar em casa. Comece o tratamento hoje, dispon\u00edvel agora.","robots":{"index":"noindex","follow":"follow","max-snippet":"max-snippet:-1","max-image-preview":"max-image-preview:large","max-video-preview":"max-video-preview:-1"},"og_locale":"pt_PT","og_type":"article","og_title":"Condyline (Condylox) - Tratamento Eficaz para Verrugas | Transtoyou","og_description":"Condyline (Condylox) para verrugas genitais. Pe\u00e7a online na Transtoyou. Eficaz e f\u00e1cil de usar em casa. Comece o tratamento hoje, dispon\u00edvel agora.","og_url":"https:\/\/www.transtoyou.com\/pt\/product\/condyline-condylox\/","og_site_name":"Transtoyou - PT","article_modified_time":"2026-01-25T22:31:32+00:00","twitter_card":"summary_large_image","twitter_misc":{"Tempo estimado de leitura":"1 minuto"},"schema":{"@context":"https:\/\/schema.org","@graph":[{"@type":"WebPage","@id":"https:\/\/www.transtoyou.com\/pt\/product\/condyline-condylox\/","url":"https:\/\/www.transtoyou.com\/pt\/product\/condyline-condylox\/","name":"Condyline (Condylox) - Tratamento Eficaz para Verrugas | Transtoyou","isPartOf":{"@id":"https:\/\/www.transtoyou.com\/pt\/#website"},"primaryImageOfPage":{"@id":"https:\/\/www.transtoyou.com\/pt\/product\/condyline-condylox\/#primaryimage"},"image":{"@id":"https:\/\/www.transtoyou.com\/pt\/product\/condyline-condylox\/#primaryimage"},"thumbnailUrl":"https:\/\/www.transtoyou.com\/pt\/wp-content\/uploads\/sites\/12\/2026\/01\/tty-no-product-image-169.webp","datePublished":"2026-01-25T22:30:44+00:00","dateModified":"2026-01-25T22:31:32+00:00","description":"Condyline (Condylox) para verrugas genitais. Pe\u00e7a online na Transtoyou. Eficaz e f\u00e1cil de usar em casa. Comece o tratamento hoje, dispon\u00edvel agora.","breadcrumb":{"@id":"https:\/\/www.transtoyou.com\/pt\/product\/condyline-condylox\/#breadcrumb"},"inLanguage":"pt-PT","potentialAction":[{"@type":"ReadAction","target":["https:\/\/www.transtoyou.com\/pt\/product\/condyline-condylox\/"]}]},{"@type":"ImageObject","inLanguage":"pt-PT","@id":"https:\/\/www.transtoyou.com\/pt\/product\/condyline-condylox\/#primaryimage","url":"https:\/\/www.transtoyou.com\/pt\/wp-content\/uploads\/sites\/12\/2026\/01\/tty-no-product-image-169.webp","contentUrl":"https:\/\/www.transtoyou.com\/pt\/wp-content\/uploads\/sites\/12\/2026\/01\/tty-no-product-image-169.webp","width":1000,"height":1000,"caption":"Imagem padr\u00e3o do produto"},{"@type":"WebSite","@id":"https:\/\/www.transtoyou.com\/pt\/#website","url":"https:\/\/www.transtoyou.com\/pt\/","name":"Transtoyou - PT","description":"","publisher":{"@id":"https:\/\/www.transtoyou.com\/pt\/#organization"},"potentialAction":[{"@type":"SearchAction","target":{"@type":"EntryPoint","urlTemplate":"https:\/\/www.transtoyou.com\/pt\/?s={search_term_string}"},"query-input":{"@type":"PropertyValueSpecification","valueRequired":true,"valueName":"search_term_string"}}],"inLanguage":"pt-PT"},{"@type":"Organization","@id":"https:\/\/www.transtoyou.com\/pt\/#organization","name":"Transtoyou - PT","url":"https:\/\/www.transtoyou.com\/pt\/","logo":{"@type":"ImageObject","inLanguage":"pt-PT","@id":"https:\/\/www.transtoyou.com\/pt\/#\/schema\/logo\/image\/","url":"https:\/\/www.transtoyou.com\/pt\/wp-content\/uploads\/sites\/12\/2026\/01\/logo-tty-menu-bar-300x87-1.webp","contentUrl":"https:\/\/www.transtoyou.com\/pt\/wp-content\/uploads\/sites\/12\/2026\/01\/logo-tty-menu-bar-300x87-1.webp","width":300,"height":87,"caption":"Transtoyou - PT"},"image":{"@id":"https:\/\/www.transtoyou.com\/pt\/#\/schema\/logo\/image\/"}}]}},"_links":{"self":[{"href":"https:\/\/www.transtoyou.com\/pt\/wp-json\/wp\/v2\/product\/1204","targetHints":{"allow":["GET"]}}],"collection":[{"href":"https:\/\/www.transtoyou.com\/pt\/wp-json\/wp\/v2\/product"}],"about":[{"href":"https:\/\/www.transtoyou.com\/pt\/wp-json\/wp\/v2\/types\/product"}],"replies":[{"embeddable":true,"href":"https:\/\/www.transtoyou.com\/pt\/wp-json\/wp\/v2\/comments?post=1204"}],"wp:featuredmedia":[{"embeddable":true,"href":"https:\/\/www.transtoyou.com\/pt\/wp-json\/wp\/v2\/media\/1205"}],"wp:attachment":[{"href":"https:\/\/www.transtoyou.com\/pt\/wp-json\/wp\/v2\/media?parent=1204"}],"wp:term":[{"taxonomy":"product_brand","embeddable":true,"href":"https:\/\/www.transtoyou.com\/pt\/wp-json\/wp\/v2\/product_brand?post=1204"},{"taxonomy":"product_cat","embeddable":true,"href":"https:\/\/www.transtoyou.com\/pt\/wp-json\/wp\/v2\/product_cat?post=1204"},{"taxonomy":"product_tag","embeddable":true,"href":"https:\/\/www.transtoyou.com\/pt\/wp-json\/wp\/v2\/product_tag?post=1204"},{"taxonomy":"expert","embeddable":true,"href":"https:\/\/www.transtoyou.com\/pt\/wp-json\/wp\/v2\/expert?post=1204"}],"curies":[{"name":"wp","href":"https:\/\/api.w.org\/{rel}","templated":true}]}}