{"id":1220,"date":"2026-01-26T00:15:51","date_gmt":"2026-01-26T00:15:51","guid":{"rendered":"https:\/\/www.transtoyou.com\/pt\/product\/campral\/"},"modified":"2026-01-26T00:17:08","modified_gmt":"2026-01-26T00:17:08","slug":"campral","status":"publish","type":"product","link":"https:\/\/www.transtoyou.com\/pt\/product\/campral\/","title":{"rendered":"Campral"},"content":{"rendered":"<p>Campral (Acamprosato) \u00e9 um medicamento projetado para apoiar indiv\u00edduos em recupera\u00e7\u00e3o da depend\u00eancia de \u00e1lcool. Ele ajuda a reduzir os desejos e apoia a abstin\u00eancia a longo prazo, estabilizando a atividade dos neurotransmissores no c\u00e9rebro. O consumo cr\u00f4nico de \u00e1lcool interrompe o equil\u00edbrio entre neurotransmissores excitat\u00f3rios e inibit\u00f3rios, levando \u00e0 depend\u00eancia e sintomas de abstin\u00eancia. Campral atua modulando a atividade do glutamato e do GABA, ajudando o c\u00e9rebro a recuperar seu equil\u00edbrio natural.<\/p>\n<p>Ao contr\u00e1rio de medicamentos que causam efeitos adversos quando o \u00e1lcool \u00e9 consumido, Campral n\u00e3o torna a bebida desagrad\u00e1vel. Em vez disso, ele reduz o desejo psicol\u00f3gico de beber, facilitando para os indiv\u00edduos manterem a sobriedade. \u00c9 mais eficaz quando utilizado em conjunto com aconselhamento ou terapia como parte de um programa de tratamento abrangente.<\/p>\n<p>Ao diminuir os desejos por \u00e1lcool, Campral ajuda a prevenir reca\u00eddas e apoia a recupera\u00e7\u00e3o a longo prazo. N\u00e3o \u00e9 viciante e n\u00e3o produz sintomas de abstin\u00eancia quando interrompido. O medicamento \u00e9 geralmente bem tolerado, com os efeitos colaterais mais comuns sendo problemas gastrointestinais leves, como diarreia, n\u00e1usea ou desconforto abdominal. Esses sintomas geralmente diminuem com o tempo \u00e0 medida que o corpo se ajusta.<\/p>\n<p>Campral \u00e9 particularmente ben\u00e9fico para indiv\u00edduos que j\u00e1 completaram a fase inicial de desintoxica\u00e7\u00e3o e est\u00e3o comprometidos em manter a abstin\u00eancia. Estudos mostraram que ele aumenta as chances de sobriedade a longo prazo quando tomado conforme prescrito. Embora n\u00e3o funcione para todos, aqueles que seguem seu plano de tratamento e recebem apoio psicol\u00f3gico t\u00eam mais chances de se beneficiar.<\/p>\n","protected":false},"excerpt":{"rendered":"<ul>\n<li>Reduz os desejos e apoia a sobriedade a longo prazo<\/li>\n<li>Restaura o equil\u00edbrio cerebral ap\u00f3s o uso de \u00e1lcool<\/li>\n<li>N\u00e3o \u00e9 viciante e geralmente bem tolerado<\/li>\n<\/ul>\n","protected":false},"featured_media":1222,"comment_status":"open","ping_status":"closed","template":"","meta":[],"product_brand":[],"product_cat":[54],"product_tag":[],"expert":[16],"class_list":{"0":"post-1220","1":"product","2":"type-product","3":"status-publish","4":"has-post-thumbnail","6":"product_cat-auxilios-para-recuperacao-de-alcool","7":"expert-dr-c-alexandru","9":"first","10":"instock","11":"shipping-taxable","12":"product-type-variable"},"yoast_head":"<!-- This site is optimized with the Yoast SEO plugin v27.0 - https:\/\/yoast.com\/product\/yoast-seo-wordpress\/ -->\n<title>Campral | Apoio para Permanecer Livre de \u00c1lcool - Transtoyou - PT<\/title>\n<meta name=\"description\" content=\"Campral reduz os desejos por \u00e1lcool, apoiando a recupera\u00e7\u00e3o. N\u00e3o \u00e9 viciante e bem tolerado, ajuda na sobriedade a longo prazo. Dispon\u00edvel na Transtoyou.\" \/>\n<meta name=\"robots\" content=\"noindex, follow, max-snippet:-1, max-image-preview:large, max-video-preview:-1\" \/>\n<meta property=\"og:locale\" content=\"pt_PT\" \/>\n<meta property=\"og:type\" content=\"article\" \/>\n<meta property=\"og:title\" content=\"Campral | Apoio para Permanecer Livre de \u00c1lcool - Transtoyou - PT\" \/>\n<meta property=\"og:description\" content=\"Campral reduz os desejos por \u00e1lcool, apoiando a recupera\u00e7\u00e3o. N\u00e3o \u00e9 viciante e bem tolerado, ajuda na sobriedade a longo prazo. Dispon\u00edvel na Transtoyou.\" \/>\n<meta property=\"og:url\" content=\"https:\/\/www.transtoyou.com\/pt\/product\/campral\/\" \/>\n<meta property=\"og:site_name\" content=\"Transtoyou - PT\" \/>\n<meta property=\"article:modified_time\" content=\"2026-01-26T00:17:08+00:00\" \/>\n<meta name=\"twitter:card\" content=\"summary_large_image\" \/>\n<meta name=\"twitter:label1\" content=\"Tempo estimado de leitura\" \/>\n\t<meta name=\"twitter:data1\" content=\"1 minuto\" \/>\n<script type=\"application\/ld+json\" class=\"yoast-schema-graph\">{\"@context\":\"https:\/\/schema.org\",\"@graph\":[{\"@type\":\"WebPage\",\"@id\":\"https:\/\/www.transtoyou.com\/pt\/product\/campral\/\",\"url\":\"https:\/\/www.transtoyou.com\/pt\/product\/campral\/\",\"name\":\"Campral | Apoio para Permanecer Livre de \u00c1lcool - Transtoyou - PT\",\"isPartOf\":{\"@id\":\"https:\/\/www.transtoyou.com\/pt\/#website\"},\"primaryImageOfPage\":{\"@id\":\"https:\/\/www.transtoyou.com\/pt\/product\/campral\/#primaryimage\"},\"image\":{\"@id\":\"https:\/\/www.transtoyou.com\/pt\/product\/campral\/#primaryimage\"},\"thumbnailUrl\":\"https:\/\/www.transtoyou.com\/pt\/wp-content\/uploads\/sites\/12\/2026\/01\/tty-no-product-image-175.webp\",\"datePublished\":\"2026-01-26T00:15:51+00:00\",\"dateModified\":\"2026-01-26T00:17:08+00:00\",\"description\":\"Campral reduz os desejos por \u00e1lcool, apoiando a recupera\u00e7\u00e3o. N\u00e3o \u00e9 viciante e bem tolerado, ajuda na sobriedade a longo prazo. Dispon\u00edvel na Transtoyou.\",\"breadcrumb\":{\"@id\":\"https:\/\/www.transtoyou.com\/pt\/product\/campral\/#breadcrumb\"},\"inLanguage\":\"pt-PT\",\"potentialAction\":[{\"@type\":\"ReadAction\",\"target\":[\"https:\/\/www.transtoyou.com\/pt\/product\/campral\/\"]}]},{\"@type\":\"ImageObject\",\"inLanguage\":\"pt-PT\",\"@id\":\"https:\/\/www.transtoyou.com\/pt\/product\/campral\/#primaryimage\",\"url\":\"https:\/\/www.transtoyou.com\/pt\/wp-content\/uploads\/sites\/12\/2026\/01\/tty-no-product-image-175.webp\",\"contentUrl\":\"https:\/\/www.transtoyou.com\/pt\/wp-content\/uploads\/sites\/12\/2026\/01\/tty-no-product-image-175.webp\",\"width\":1000,\"height\":1000,\"caption\":\"Imagem padr\u00e3o do produto\"},{\"@type\":\"WebSite\",\"@id\":\"https:\/\/www.transtoyou.com\/pt\/#website\",\"url\":\"https:\/\/www.transtoyou.com\/pt\/\",\"name\":\"Transtoyou - PT\",\"description\":\"\",\"publisher\":{\"@id\":\"https:\/\/www.transtoyou.com\/pt\/#organization\"},\"potentialAction\":[{\"@type\":\"SearchAction\",\"target\":{\"@type\":\"EntryPoint\",\"urlTemplate\":\"https:\/\/www.transtoyou.com\/pt\/?s={search_term_string}\"},\"query-input\":{\"@type\":\"PropertyValueSpecification\",\"valueRequired\":true,\"valueName\":\"search_term_string\"}}],\"inLanguage\":\"pt-PT\"},{\"@type\":\"Organization\",\"@id\":\"https:\/\/www.transtoyou.com\/pt\/#organization\",\"name\":\"Transtoyou - PT\",\"url\":\"https:\/\/www.transtoyou.com\/pt\/\",\"logo\":{\"@type\":\"ImageObject\",\"inLanguage\":\"pt-PT\",\"@id\":\"https:\/\/www.transtoyou.com\/pt\/#\/schema\/logo\/image\/\",\"url\":\"https:\/\/www.transtoyou.com\/pt\/wp-content\/uploads\/sites\/12\/2026\/01\/logo-tty-menu-bar-300x87-1.webp\",\"contentUrl\":\"https:\/\/www.transtoyou.com\/pt\/wp-content\/uploads\/sites\/12\/2026\/01\/logo-tty-menu-bar-300x87-1.webp\",\"width\":300,\"height\":87,\"caption\":\"Transtoyou - PT\"},\"image\":{\"@id\":\"https:\/\/www.transtoyou.com\/pt\/#\/schema\/logo\/image\/\"}}]}<\/script>\n<!-- \/ Yoast SEO plugin. -->","yoast_head_json":{"title":"Campral | Apoio para Permanecer Livre de \u00c1lcool - Transtoyou - PT","description":"Campral reduz os desejos por \u00e1lcool, apoiando a recupera\u00e7\u00e3o. N\u00e3o \u00e9 viciante e bem tolerado, ajuda na sobriedade a longo prazo. Dispon\u00edvel na Transtoyou.","robots":{"index":"noindex","follow":"follow","max-snippet":"max-snippet:-1","max-image-preview":"max-image-preview:large","max-video-preview":"max-video-preview:-1"},"og_locale":"pt_PT","og_type":"article","og_title":"Campral | Apoio para Permanecer Livre de \u00c1lcool - Transtoyou - PT","og_description":"Campral reduz os desejos por \u00e1lcool, apoiando a recupera\u00e7\u00e3o. N\u00e3o \u00e9 viciante e bem tolerado, ajuda na sobriedade a longo prazo. Dispon\u00edvel na Transtoyou.","og_url":"https:\/\/www.transtoyou.com\/pt\/product\/campral\/","og_site_name":"Transtoyou - PT","article_modified_time":"2026-01-26T00:17:08+00:00","twitter_card":"summary_large_image","twitter_misc":{"Tempo estimado de leitura":"1 minuto"},"schema":{"@context":"https:\/\/schema.org","@graph":[{"@type":"WebPage","@id":"https:\/\/www.transtoyou.com\/pt\/product\/campral\/","url":"https:\/\/www.transtoyou.com\/pt\/product\/campral\/","name":"Campral | Apoio para Permanecer Livre de \u00c1lcool - Transtoyou - PT","isPartOf":{"@id":"https:\/\/www.transtoyou.com\/pt\/#website"},"primaryImageOfPage":{"@id":"https:\/\/www.transtoyou.com\/pt\/product\/campral\/#primaryimage"},"image":{"@id":"https:\/\/www.transtoyou.com\/pt\/product\/campral\/#primaryimage"},"thumbnailUrl":"https:\/\/www.transtoyou.com\/pt\/wp-content\/uploads\/sites\/12\/2026\/01\/tty-no-product-image-175.webp","datePublished":"2026-01-26T00:15:51+00:00","dateModified":"2026-01-26T00:17:08+00:00","description":"Campral reduz os desejos por \u00e1lcool, apoiando a recupera\u00e7\u00e3o. N\u00e3o \u00e9 viciante e bem tolerado, ajuda na sobriedade a longo prazo. Dispon\u00edvel na Transtoyou.","breadcrumb":{"@id":"https:\/\/www.transtoyou.com\/pt\/product\/campral\/#breadcrumb"},"inLanguage":"pt-PT","potentialAction":[{"@type":"ReadAction","target":["https:\/\/www.transtoyou.com\/pt\/product\/campral\/"]}]},{"@type":"ImageObject","inLanguage":"pt-PT","@id":"https:\/\/www.transtoyou.com\/pt\/product\/campral\/#primaryimage","url":"https:\/\/www.transtoyou.com\/pt\/wp-content\/uploads\/sites\/12\/2026\/01\/tty-no-product-image-175.webp","contentUrl":"https:\/\/www.transtoyou.com\/pt\/wp-content\/uploads\/sites\/12\/2026\/01\/tty-no-product-image-175.webp","width":1000,"height":1000,"caption":"Imagem padr\u00e3o do produto"},{"@type":"WebSite","@id":"https:\/\/www.transtoyou.com\/pt\/#website","url":"https:\/\/www.transtoyou.com\/pt\/","name":"Transtoyou - PT","description":"","publisher":{"@id":"https:\/\/www.transtoyou.com\/pt\/#organization"},"potentialAction":[{"@type":"SearchAction","target":{"@type":"EntryPoint","urlTemplate":"https:\/\/www.transtoyou.com\/pt\/?s={search_term_string}"},"query-input":{"@type":"PropertyValueSpecification","valueRequired":true,"valueName":"search_term_string"}}],"inLanguage":"pt-PT"},{"@type":"Organization","@id":"https:\/\/www.transtoyou.com\/pt\/#organization","name":"Transtoyou - PT","url":"https:\/\/www.transtoyou.com\/pt\/","logo":{"@type":"ImageObject","inLanguage":"pt-PT","@id":"https:\/\/www.transtoyou.com\/pt\/#\/schema\/logo\/image\/","url":"https:\/\/www.transtoyou.com\/pt\/wp-content\/uploads\/sites\/12\/2026\/01\/logo-tty-menu-bar-300x87-1.webp","contentUrl":"https:\/\/www.transtoyou.com\/pt\/wp-content\/uploads\/sites\/12\/2026\/01\/logo-tty-menu-bar-300x87-1.webp","width":300,"height":87,"caption":"Transtoyou - PT"},"image":{"@id":"https:\/\/www.transtoyou.com\/pt\/#\/schema\/logo\/image\/"}}]}},"_links":{"self":[{"href":"https:\/\/www.transtoyou.com\/pt\/wp-json\/wp\/v2\/product\/1220","targetHints":{"allow":["GET"]}}],"collection":[{"href":"https:\/\/www.transtoyou.com\/pt\/wp-json\/wp\/v2\/product"}],"about":[{"href":"https:\/\/www.transtoyou.com\/pt\/wp-json\/wp\/v2\/types\/product"}],"replies":[{"embeddable":true,"href":"https:\/\/www.transtoyou.com\/pt\/wp-json\/wp\/v2\/comments?post=1220"}],"wp:featuredmedia":[{"embeddable":true,"href":"https:\/\/www.transtoyou.com\/pt\/wp-json\/wp\/v2\/media\/1222"}],"wp:attachment":[{"href":"https:\/\/www.transtoyou.com\/pt\/wp-json\/wp\/v2\/media?parent=1220"}],"wp:term":[{"taxonomy":"product_brand","embeddable":true,"href":"https:\/\/www.transtoyou.com\/pt\/wp-json\/wp\/v2\/product_brand?post=1220"},{"taxonomy":"product_cat","embeddable":true,"href":"https:\/\/www.transtoyou.com\/pt\/wp-json\/wp\/v2\/product_cat?post=1220"},{"taxonomy":"product_tag","embeddable":true,"href":"https:\/\/www.transtoyou.com\/pt\/wp-json\/wp\/v2\/product_tag?post=1220"},{"taxonomy":"expert","embeddable":true,"href":"https:\/\/www.transtoyou.com\/pt\/wp-json\/wp\/v2\/expert?post=1220"}],"curies":[{"name":"wp","href":"https:\/\/api.w.org\/{rel}","templated":true}]}}