{"id":1652,"date":"2026-02-25T15:16:27","date_gmt":"2026-02-25T13:16:27","guid":{"rendered":"https:\/\/www.transtoyou.com\/pt\/product\/evorel-sequi\/"},"modified":"2026-02-25T15:44:23","modified_gmt":"2026-02-25T13:44:23","slug":"evorel-sequi","status":"publish","type":"product","link":"https:\/\/www.transtoyou.com\/pt\/product\/evorel-sequi\/","title":{"rendered":"Evorel Sequi"},"content":{"rendered":"<h2>O que \u00e9 Evorel Sequi?<\/h2>\n<p>Evorel Sequi \u00e9 uma terapia de reposi\u00e7\u00e3o hormonal (TRH) combinada sequencial que vem na forma de adesivos para a pele. Cont\u00e9m dois horm\u00f4nios: estradiol, uma forma de estrog\u00eanio, e acetato de norethisterona, um tipo de progesterona (tamb\u00e9m chamado de progest\u00e1geno).<\/p>\n<p>Evorel Sequi \u00e9 projetado para aliviar os sintomas causados pelas mudan\u00e7as hormonais da menopausa. Geralmente \u00e9 prescrito se voc\u00ea est\u00e1 na perimenopausa (seus ciclos menstruais s\u00e3o irregulares, mas n\u00e3o pararam completamente) ou se voc\u00ea est\u00e1 nos est\u00e1gios iniciais ap\u00f3s a menopausa e ainda tem seu \u00fatero.<\/p>\n<p>Como Evorel Sequi segue um ciclo de tratamento sequencial, voc\u00ea usa primeiro adesivos apenas de estrog\u00eanio, seguidos por adesivos combinados de estrog\u00eanio e progesterona. Esse padr\u00e3o geralmente resulta em um sangramento de retirada mensal, semelhante a uma menstrua\u00e7\u00e3o leve.<\/p>\n<p>Evorel Sequi \u00e9 uma TRH transd\u00e9rmica, o que significa que os horm\u00f4nios s\u00e3o entregues atrav\u00e9s da sua pele diretamente na corrente sangu\u00ednea. Isso proporciona n\u00edveis hormonais constantes e evita a passagem pelo sistema digestivo.<\/p>\n<h2>Para que \u00e9 utilizado Evorel Sequi?<\/h2>\n<p>Evorel Sequi \u00e9 utilizado para <a href=\"\/pt\/treatment\/menopause-pms-relief\/\">tratar os sintomas da menopausa<\/a> causados por baixos n\u00edveis de estrog\u00eanio.<\/p>\n<p>Durante a menopausa, seu corpo produz menos estrog\u00eanio. Essa mudan\u00e7a natural pode causar sintomas como:<\/p>\n<ul>\n<li>Ondas de calor<\/li>\n<li>Suar \u00e0 noite<\/li>\n<li>Dist\u00farbios do sono<\/li>\n<li>Altera\u00e7\u00f5es de humor<\/li>\n<li>Secura vaginal<\/li>\n<li>Libido reduzida<\/li>\n<li>Fadiga<\/li>\n<li>Confus\u00e3o mental<\/li>\n<\/ul>\n<p>Ondas de calor e suores noturnos s\u00e3o conhecidos como sintomas vasomotores, o que significa que o controle da temperatura interna do seu corpo \u00e9 interrompido por mudan\u00e7as hormonais.<\/p>\n<p>Evorel Sequi tamb\u00e9m pode ajudar a manter a densidade \u00f3ssea. Ap\u00f3s a menopausa, n\u00edveis mais baixos de estrog\u00eanio aumentam o risco de osteoporose, uma condi\u00e7\u00e3o em que os ossos se tornam mais finos e fr\u00e1geis. A terapia de reposi\u00e7\u00e3o hormonal pode ajudar a retardar a perda \u00f3ssea em mulheres com risco aumentado de fraturas.<\/p>\n<p>Evorel Sequi \u00e9 particularmente adequado se voc\u00ea ainda tiver sangramentos naturais ocasionais ou estiver dentro do primeiro ano ap\u00f3s sua \u00faltima menstrua\u00e7\u00e3o.<\/p>\n<h2>Como funciona Evorel Sequi?<\/h2>\n<p>Evorel Sequi funciona substituindo os horm\u00f4nios que diminuem durante a menopausa.<\/p>\n<h4>Estradiol (Estrog\u00eanio)<\/h4>\n<p>Estradiol \u00e9 quimicamente semelhante ao estrog\u00eanio que seu corpo produz naturalmente. Ele ajuda a:<\/p>\n<ul>\n<li>Reduzir ondas de calor e suores noturnos<\/li>\n<li>Melhorar a secura vaginal<\/li>\n<li>Suportar o humor e o sono<\/li>\n<li>Manter a for\u00e7a \u00f3ssea<\/li>\n<\/ul>\n<p>Ao restaurar os n\u00edveis de estrog\u00eanio, Evorel Sequi ajuda a estabilizar os sistemas do seu corpo afetados pela menopausa.<\/p>\n<h4>Norethisterona (Progest\u00e1geno)<\/h4>\n<p>Se voc\u00ea ainda tem seu \u00fatero, o estrog\u00eanio sozinho pode fazer com que o revestimento do seu \u00fatero (chamado de endom\u00e9trio) engrosse demais. Com o tempo, isso aumenta o risco de c\u00e2ncer endometrial.<\/p>\n<p>A norethisterona protege o revestimento do seu \u00fatero, prevenindo o espessamento excessivo. Na TRH sequencial como Evorel Sequi, a progesterona \u00e9 adicionada durante parte do ciclo, o que pode causar um sangramento mensal previs\u00edvel.<\/p>\n<p>Como Evorel Sequi \u00e9 entregue atrav\u00e9s da pele, proporciona uma absor\u00e7\u00e3o hormonal constante e pode reduzir certos riscos em compara\u00e7\u00e3o com comprimidos hormonais orais.<\/p>\n<h2>Quem n\u00e3o deve usar Evorel Sequi?<\/h2>\n<p>Voc\u00ea n\u00e3o deve usar Evorel Sequi se:<\/p>\n<ul>\n<li>Voc\u00ea tem ou j\u00e1 teve c\u00e2ncer de mama<\/li>\n<li>Voc\u00ea tem c\u00e2ncer dependente de estrog\u00eanio (como c\u00e2ncer do revestimento do \u00fatero)<\/li>\n<li>Voc\u00ea tem sangramento vaginal inexplic\u00e1vel<\/li>\n<li>Voc\u00ea tem hiperplasia endometrial n\u00e3o tratada<\/li>\n<li>Voc\u00ea tem ou j\u00e1 teve co\u00e1gulos sangu\u00edneos (trombose venosa profunda ou embolia pulmonar)<\/li>\n<li>Voc\u00ea tem um dist\u00farbio de coagula\u00e7\u00e3o conhecido<\/li>\n<li>Voc\u00ea teve recentemente um ataque card\u00edaco ou derrame<\/li>\n<li>Voc\u00ea tem doen\u00e7a hep\u00e1tica grave<\/li>\n<li>Voc\u00ea \u00e9 al\u00e9rgico a estradiol ou norethisterona<\/li>\n<\/ul>\n<p>Sempre informe seu m\u00e9dico sobre seu hist\u00f3rico m\u00e9dico completo antes de iniciar a terapia de reposi\u00e7\u00e3o hormonal.<\/p>\n<h3>Gravidez e amamenta\u00e7\u00e3o<\/h3>\n<p>Evorel Sequi n\u00e3o \u00e9 um contraceptivo.<\/p>\n<p>Voc\u00ea n\u00e3o deve usar Evorel Sequi se estiver gr\u00e1vida ou achar que pode estar gr\u00e1vida. A gravidez ainda \u00e9 poss\u00edvel durante a perimenopausa.<\/p>\n<p>Evorel Sequi n\u00e3o deve ser usado durante a amamenta\u00e7\u00e3o.<\/p>\n<p>Se voc\u00ea suspeitar de gravidez enquanto estiver usando o adesivo, remova-o e entre em contato com seu m\u00e9dico imediatamente.<\/p>\n<h2>Como usar Evorel Sequi e dosagem<\/h2>\n<p>Sempre use Evorel Sequi exatamente como prescrito.<\/p>\n<p>Evorel Sequi cont\u00e9m dois tipos de adesivos que s\u00e3o usados em sequ\u00eancia:<\/p>\n<ul>\n<li>Adesivos apenas de estrog\u00eanio (primeira parte do ciclo)<\/li>\n<li>Adesivos combinados de estrog\u00eanio e progesterona (segunda parte do ciclo)<\/li>\n<\/ul>\n<p>Normalmente, voc\u00ea troca o adesivo duas vezes por semana, seguindo o cronograma fornecido pelo seu m\u00e9dico.<\/p>\n<p>Como aplicar:<\/p>\n<ul>\n<li>Aplique em pele limpa, seca e n\u00e3o lesionada<\/li>\n<li>Coloque na parte inferior do abd\u00f4men ou nas n\u00e1degas<\/li>\n<li>N\u00e3o aplique nos seios<\/li>\n<li>Pressione firmemente por pelo menos 10 segundos<\/li>\n<li>Rotacione os locais de aplica\u00e7\u00e3o para evitar irrita\u00e7\u00e3o<\/li>\n<\/ul>\n<p>Voc\u00ea pode experimentar um sangramento mensal previs\u00edvel durante a fase de progesterona. Isso \u00e9 esperado com a TRH sequencial.<\/p>\n<p>Seu m\u00e9dico prescrever\u00e1 a menor dose eficaz e revisar\u00e1 seu tratamento regularmente.<\/p>\n<h2>Efeitos colaterais poss\u00edveis<\/h2>\n<p>Como todos os medicamentos, Evorel Sequi pode causar efeitos colaterais, embora nem todos os pacientes os experimentem.<\/p>\n<p>Os efeitos colaterais comuns incluem:<\/p>\n<ul>\n<li>Sensibilidade nos seios<\/li>\n<li>Dor de cabe\u00e7a<\/li>\n<li>N\u00e1usea<\/li>\n<li>Altera\u00e7\u00f5es de humor<\/li>\n<li>Irrita\u00e7\u00e3o da pele no local de aplica\u00e7\u00e3o<\/li>\n<li>Sangramento mensal programado<\/li>\n<li>Sangramento entre ciclos<\/li>\n<\/ul>\n<p>Riscos menos comuns, mas graves, associados \u00e0 TRH incluem:<\/p>\n<ul>\n<li>Co\u00e1gulos sangu\u00edneos<\/li>\n<li>Derrame<\/li>\n<li>C\u00e2ncer de mama<\/li>\n<li>C\u00e2ncer de ov\u00e1rio<\/li>\n<li>Doen\u00e7a card\u00edaca<\/li>\n<\/ul>\n<p>Seu risco pessoal depende da sua idade, hist\u00f3rico m\u00e9dico, hist\u00f3rico familiar e de quanto tempo voc\u00ea usa a terapia de reposi\u00e7\u00e3o hormonal.<\/p>\n<p>Consultas de acompanhamento regulares s\u00e3o importantes.<\/p>\n<h2>Informa\u00e7\u00f5es importantes de seguran\u00e7a<\/h2>\n<p>Antes de iniciar Evorel Sequi, voc\u00ea deve ter uma consulta m\u00e9dica.<\/p>\n<p>Informe seu m\u00e9dico se voc\u00ea j\u00e1 teve:<\/p>\n<ul>\n<li><a href=\"\/pt\/treatment\/high-blood-pressure\">Press\u00e3o alta<\/a><\/li>\n<li><a href=\"\/pt\/treatment\/diabetes\">Diabetes<\/a><\/li>\n<li><a href=\"\/pt\/treatment\/headache-and-migraines\/\">Enxaqueca<\/a><\/li>\n<li>C\u00e1lculos biliares<\/li>\n<li>Problemas hep\u00e1ticos<\/li>\n<li>Miomas<\/li>\n<li><a href=\"\/pt\/treatment\/endometriosis\/\">Endometriose<\/a><\/li>\n<li>Triglicer\u00eddeos altos<\/li>\n<li>Hist\u00f3rico familiar de c\u00e2ncer de mama<\/li>\n<\/ul>\n<p>Enquanto estiver usando Evorel Sequi:<\/p>\n<ul>\n<li>Compare\u00e7a a consultas regulares<\/li>\n<li>Continue a triagem rotineira dos seios<\/li>\n<li>Realize autoexames das mamas<\/li>\n<li>Relate sangramentos vaginais incomuns<\/li>\n<\/ul>\n<p>A terapia de reposi\u00e7\u00e3o hormonal deve ser revisada pelo menos uma vez por ano para avaliar benef\u00edcios e riscos.<\/p>\n<h2>Quando procurar ajuda m\u00e9dica<\/h2>\n<p>Interrompa o uso de Evorel Sequi e procure atendimento m\u00e9dico urgente se voc\u00ea experimentar:<\/p>\n<ul>\n<li>Incha\u00e7o doloroso em uma perna<\/li>\n<li>Dor no peito s\u00fabita<\/li>\n<li>Dificuldade para respirar<\/li>\n<li>Dor de cabe\u00e7a severa e s\u00fabita<\/li>\n<li>Problemas de vis\u00e3o ou fala<\/li>\n<li>Fraqueza em um lado do corpo<\/li>\n<li>Amarelamento da pele ou olhos<\/li>\n<li>Sinais de uma rea\u00e7\u00e3o al\u00e9rgica grave<\/li>\n<\/ul>\n<p>Entre em contato com seu m\u00e9dico rapidamente se voc\u00ea notar:<\/p>\n<ul>\n<li>Sangramento intenso inesperado<\/li>\n<li>Um novo n\u00f3dulo na mama<\/li>\n<li>Dor abdominal persistente<\/li>\n<li>Mudan\u00e7as significativas e s\u00fabitas na sua sa\u00fade<\/li>\n<\/ul>\n<p>Se voc\u00ea n\u00e3o tiver certeza se seus sintomas est\u00e3o relacionados \u00e0 terapia de reposi\u00e7\u00e3o hormonal, pode agendar facilmente uma consulta por v\u00eddeo segura com um de nossos m\u00e9dicos licenciados atrav\u00e9s do Transtoyou. Eles avaliar\u00e3o seus sintomas e aconselhar\u00e3o sobre os pr\u00f3ximos passos mais seguros. Se voc\u00ea experimentar sintomas graves ou s\u00fabitos, procure atendimento m\u00e9dico urgente imediatamente.<\/p>\n","protected":false},"excerpt":{"rendered":"<ul>\n<li>Evorel Sequi: Adesivos combinados sequenciais de TRH para aliviar os sintomas da menopausa enquanto protegem o seu \u00fatero.<\/li>\n<li>Ingrediente ativo: Estradiol (estrog\u00eanio) e Acetato de Noretisterona (progest\u00e1geno)<\/li>\n<li>Usado para: Terapia de reposi\u00e7\u00e3o hormonal (TRH)<\/li>\n<\/ul>\n","protected":false},"featured_media":1654,"comment_status":"open","ping_status":"closed","template":"","meta":[],"product_brand":[],"product_cat":[125,119],"product_tag":[],"expert":[16],"class_list":{"0":"post-1652","1":"product","2":"type-product","3":"status-publish","4":"has-post-thumbnail","6":"product_cat-alivio-da-menopausa-e-tpm","7":"product_cat-terapia-de-reposicao-hormonal-trh","8":"expert-dr-c-alexandru","10":"first","11":"instock","12":"shipping-taxable","13":"product-type-variable"},"yoast_head":"<!-- This site is optimized with the Yoast SEO plugin v27.0 - https:\/\/yoast.com\/product\/yoast-seo-wordpress\/ -->\n<title>Evorel Sequi | Adesivos de TRH para Menopausa - Transtoyou<\/title>\n<meta name=\"description\" content=\"Patches de HRT Evorel Sequi na Transtoyou, aliviando os sintomas da menopausa com suporte sequencial de estrog\u00eanio e progest\u00e1geno.\" \/>\n<meta name=\"robots\" content=\"noindex, follow, max-snippet:-1, max-image-preview:large, max-video-preview:-1\" \/>\n<meta property=\"og:locale\" content=\"pt_PT\" \/>\n<meta property=\"og:type\" content=\"article\" \/>\n<meta property=\"og:title\" content=\"Evorel Sequi | Adesivos de TRH para Menopausa - Transtoyou\" \/>\n<meta property=\"og:description\" content=\"Patches de HRT Evorel Sequi na Transtoyou, aliviando os sintomas da menopausa com suporte sequencial de estrog\u00eanio e progest\u00e1geno.\" \/>\n<meta property=\"og:url\" content=\"https:\/\/www.transtoyou.com\/pt\/product\/evorel-sequi\/\" \/>\n<meta property=\"og:site_name\" content=\"Transtoyou - PT\" \/>\n<meta property=\"article:modified_time\" content=\"2026-02-25T13:44:23+00:00\" \/>\n<meta name=\"twitter:card\" content=\"summary_large_image\" \/>\n<meta name=\"twitter:label1\" content=\"Tempo estimado de leitura\" \/>\n\t<meta name=\"twitter:data1\" content=\"6 minutos\" \/>\n<script type=\"application\/ld+json\" class=\"yoast-schema-graph\">{\"@context\":\"https:\/\/schema.org\",\"@graph\":[{\"@type\":\"WebPage\",\"@id\":\"https:\/\/www.transtoyou.com\/pt\/product\/evorel-sequi\/\",\"url\":\"https:\/\/www.transtoyou.com\/pt\/product\/evorel-sequi\/\",\"name\":\"Evorel Sequi | Adesivos de TRH para Menopausa - Transtoyou\",\"isPartOf\":{\"@id\":\"https:\/\/www.transtoyou.com\/pt\/#website\"},\"primaryImageOfPage\":{\"@id\":\"https:\/\/www.transtoyou.com\/pt\/product\/evorel-sequi\/#primaryimage\"},\"image\":{\"@id\":\"https:\/\/www.transtoyou.com\/pt\/product\/evorel-sequi\/#primaryimage\"},\"thumbnailUrl\":\"https:\/\/www.transtoyou.com\/pt\/wp-content\/uploads\/sites\/12\/2026\/02\/tty-no-product-image-10.webp\",\"datePublished\":\"2026-02-25T13:16:27+00:00\",\"dateModified\":\"2026-02-25T13:44:23+00:00\",\"description\":\"Patches de HRT Evorel Sequi na Transtoyou, aliviando os sintomas da menopausa com suporte sequencial de estrog\u00eanio e progest\u00e1geno.\",\"breadcrumb\":{\"@id\":\"https:\/\/www.transtoyou.com\/pt\/product\/evorel-sequi\/#breadcrumb\"},\"inLanguage\":\"pt-PT\",\"potentialAction\":[{\"@type\":\"ReadAction\",\"target\":[\"https:\/\/www.transtoyou.com\/pt\/product\/evorel-sequi\/\"]}]},{\"@type\":\"ImageObject\",\"inLanguage\":\"pt-PT\",\"@id\":\"https:\/\/www.transtoyou.com\/pt\/product\/evorel-sequi\/#primaryimage\",\"url\":\"https:\/\/www.transtoyou.com\/pt\/wp-content\/uploads\/sites\/12\/2026\/02\/tty-no-product-image-10.webp\",\"contentUrl\":\"https:\/\/www.transtoyou.com\/pt\/wp-content\/uploads\/sites\/12\/2026\/02\/tty-no-product-image-10.webp\",\"width\":1000,\"height\":1000,\"caption\":\"Imagem padr\u00e3o do produto\"},{\"@type\":\"WebSite\",\"@id\":\"https:\/\/www.transtoyou.com\/pt\/#website\",\"url\":\"https:\/\/www.transtoyou.com\/pt\/\",\"name\":\"Transtoyou - PT\",\"description\":\"\",\"publisher\":{\"@id\":\"https:\/\/www.transtoyou.com\/pt\/#organization\"},\"potentialAction\":[{\"@type\":\"SearchAction\",\"target\":{\"@type\":\"EntryPoint\",\"urlTemplate\":\"https:\/\/www.transtoyou.com\/pt\/?s={search_term_string}\"},\"query-input\":{\"@type\":\"PropertyValueSpecification\",\"valueRequired\":true,\"valueName\":\"search_term_string\"}}],\"inLanguage\":\"pt-PT\"},{\"@type\":\"Organization\",\"@id\":\"https:\/\/www.transtoyou.com\/pt\/#organization\",\"name\":\"Transtoyou - PT\",\"url\":\"https:\/\/www.transtoyou.com\/pt\/\",\"logo\":{\"@type\":\"ImageObject\",\"inLanguage\":\"pt-PT\",\"@id\":\"https:\/\/www.transtoyou.com\/pt\/#\/schema\/logo\/image\/\",\"url\":\"https:\/\/www.transtoyou.com\/pt\/wp-content\/uploads\/sites\/12\/2026\/01\/logo-tty-menu-bar-300x87-1.webp\",\"contentUrl\":\"https:\/\/www.transtoyou.com\/pt\/wp-content\/uploads\/sites\/12\/2026\/01\/logo-tty-menu-bar-300x87-1.webp\",\"width\":300,\"height\":87,\"caption\":\"Transtoyou - PT\"},\"image\":{\"@id\":\"https:\/\/www.transtoyou.com\/pt\/#\/schema\/logo\/image\/\"}}]}<\/script>\n<!-- \/ Yoast SEO plugin. -->","yoast_head_json":{"title":"Evorel Sequi | Adesivos de TRH para Menopausa - Transtoyou","description":"Patches de HRT Evorel Sequi na Transtoyou, aliviando os sintomas da menopausa com suporte sequencial de estrog\u00eanio e progest\u00e1geno.","robots":{"index":"noindex","follow":"follow","max-snippet":"max-snippet:-1","max-image-preview":"max-image-preview:large","max-video-preview":"max-video-preview:-1"},"og_locale":"pt_PT","og_type":"article","og_title":"Evorel Sequi | Adesivos de TRH para Menopausa - Transtoyou","og_description":"Patches de HRT Evorel Sequi na Transtoyou, aliviando os sintomas da menopausa com suporte sequencial de estrog\u00eanio e progest\u00e1geno.","og_url":"https:\/\/www.transtoyou.com\/pt\/product\/evorel-sequi\/","og_site_name":"Transtoyou - PT","article_modified_time":"2026-02-25T13:44:23+00:00","twitter_card":"summary_large_image","twitter_misc":{"Tempo estimado de leitura":"6 minutos"},"schema":{"@context":"https:\/\/schema.org","@graph":[{"@type":"WebPage","@id":"https:\/\/www.transtoyou.com\/pt\/product\/evorel-sequi\/","url":"https:\/\/www.transtoyou.com\/pt\/product\/evorel-sequi\/","name":"Evorel Sequi | Adesivos de TRH para Menopausa - Transtoyou","isPartOf":{"@id":"https:\/\/www.transtoyou.com\/pt\/#website"},"primaryImageOfPage":{"@id":"https:\/\/www.transtoyou.com\/pt\/product\/evorel-sequi\/#primaryimage"},"image":{"@id":"https:\/\/www.transtoyou.com\/pt\/product\/evorel-sequi\/#primaryimage"},"thumbnailUrl":"https:\/\/www.transtoyou.com\/pt\/wp-content\/uploads\/sites\/12\/2026\/02\/tty-no-product-image-10.webp","datePublished":"2026-02-25T13:16:27+00:00","dateModified":"2026-02-25T13:44:23+00:00","description":"Patches de HRT Evorel Sequi na Transtoyou, aliviando os sintomas da menopausa com suporte sequencial de estrog\u00eanio e progest\u00e1geno.","breadcrumb":{"@id":"https:\/\/www.transtoyou.com\/pt\/product\/evorel-sequi\/#breadcrumb"},"inLanguage":"pt-PT","potentialAction":[{"@type":"ReadAction","target":["https:\/\/www.transtoyou.com\/pt\/product\/evorel-sequi\/"]}]},{"@type":"ImageObject","inLanguage":"pt-PT","@id":"https:\/\/www.transtoyou.com\/pt\/product\/evorel-sequi\/#primaryimage","url":"https:\/\/www.transtoyou.com\/pt\/wp-content\/uploads\/sites\/12\/2026\/02\/tty-no-product-image-10.webp","contentUrl":"https:\/\/www.transtoyou.com\/pt\/wp-content\/uploads\/sites\/12\/2026\/02\/tty-no-product-image-10.webp","width":1000,"height":1000,"caption":"Imagem padr\u00e3o do produto"},{"@type":"WebSite","@id":"https:\/\/www.transtoyou.com\/pt\/#website","url":"https:\/\/www.transtoyou.com\/pt\/","name":"Transtoyou - PT","description":"","publisher":{"@id":"https:\/\/www.transtoyou.com\/pt\/#organization"},"potentialAction":[{"@type":"SearchAction","target":{"@type":"EntryPoint","urlTemplate":"https:\/\/www.transtoyou.com\/pt\/?s={search_term_string}"},"query-input":{"@type":"PropertyValueSpecification","valueRequired":true,"valueName":"search_term_string"}}],"inLanguage":"pt-PT"},{"@type":"Organization","@id":"https:\/\/www.transtoyou.com\/pt\/#organization","name":"Transtoyou - PT","url":"https:\/\/www.transtoyou.com\/pt\/","logo":{"@type":"ImageObject","inLanguage":"pt-PT","@id":"https:\/\/www.transtoyou.com\/pt\/#\/schema\/logo\/image\/","url":"https:\/\/www.transtoyou.com\/pt\/wp-content\/uploads\/sites\/12\/2026\/01\/logo-tty-menu-bar-300x87-1.webp","contentUrl":"https:\/\/www.transtoyou.com\/pt\/wp-content\/uploads\/sites\/12\/2026\/01\/logo-tty-menu-bar-300x87-1.webp","width":300,"height":87,"caption":"Transtoyou - PT"},"image":{"@id":"https:\/\/www.transtoyou.com\/pt\/#\/schema\/logo\/image\/"}}]}},"_links":{"self":[{"href":"https:\/\/www.transtoyou.com\/pt\/wp-json\/wp\/v2\/product\/1652","targetHints":{"allow":["GET"]}}],"collection":[{"href":"https:\/\/www.transtoyou.com\/pt\/wp-json\/wp\/v2\/product"}],"about":[{"href":"https:\/\/www.transtoyou.com\/pt\/wp-json\/wp\/v2\/types\/product"}],"replies":[{"embeddable":true,"href":"https:\/\/www.transtoyou.com\/pt\/wp-json\/wp\/v2\/comments?post=1652"}],"wp:featuredmedia":[{"embeddable":true,"href":"https:\/\/www.transtoyou.com\/pt\/wp-json\/wp\/v2\/media\/1654"}],"wp:attachment":[{"href":"https:\/\/www.transtoyou.com\/pt\/wp-json\/wp\/v2\/media?parent=1652"}],"wp:term":[{"taxonomy":"product_brand","embeddable":true,"href":"https:\/\/www.transtoyou.com\/pt\/wp-json\/wp\/v2\/product_brand?post=1652"},{"taxonomy":"product_cat","embeddable":true,"href":"https:\/\/www.transtoyou.com\/pt\/wp-json\/wp\/v2\/product_cat?post=1652"},{"taxonomy":"product_tag","embeddable":true,"href":"https:\/\/www.transtoyou.com\/pt\/wp-json\/wp\/v2\/product_tag?post=1652"},{"taxonomy":"expert","embeddable":true,"href":"https:\/\/www.transtoyou.com\/pt\/wp-json\/wp\/v2\/expert?post=1652"}],"curies":[{"name":"wp","href":"https:\/\/api.w.org\/{rel}","templated":true}]}}