{"id":1686,"date":"2026-02-28T12:02:30","date_gmt":"2026-02-28T10:02:30","guid":{"rendered":"https:\/\/www.transtoyou.com\/pt\/product\/maxim\/"},"modified":"2026-02-28T12:16:55","modified_gmt":"2026-02-28T10:16:55","slug":"maxima","status":"publish","type":"product","link":"https:\/\/www.transtoyou.com\/pt\/product\/maxima\/","title":{"rendered":"Maxim"},"content":{"rendered":"<h2>O que \u00e9 o Maxim?<\/h2>\n<p>Maxim \u00e9 um anticoncepcional oral combinado, frequentemente chamado simplesmente de \u201ca p\u00edlula\u201d. Cont\u00e9m dois horm\u00f4nios femininos: etinilestradiol, uma forma sint\u00e9tica de estrog\u00eanio, e dienogeste, um tipo de progest\u00e1geno (um horm\u00f4nio semelhante \u00e0 progesterona).<\/p>\n<p>Maxim \u00e9 tomado diariamente para prevenir a gravidez. Como cont\u00e9m dois horm\u00f4nios, \u00e9 conhecido como um <a href=\"\/pt\/treatment\/combination-pill\/\">anticoncepcional hormonal combinado<\/a>.<\/p>\n<p>Al\u00e9m de prevenir a gravidez, o Maxim tamb\u00e9m pode ajudar a regular seu ciclo menstrual, reduzir sangramentos intensos e <a href=\"\/pt\/treatment\/menstrual-discomfort\/\">melhorar o desconforto relacionado ao per\u00edodo<\/a>.<\/p>\n<h2>Para que \u00e9 utilizado?<\/h2>\n<p>Maxim \u00e9 utilizado principalmente para contracep\u00e7\u00e3o, ou seja, previne a gravidez.<\/p>\n<p>Funciona quando tomado corretamente e de forma consistente todos os dias.<\/p>\n<p>Em algumas mulheres, o Maxim tamb\u00e9m pode:<\/p>\n<ul>\n<li>Deixar os per\u00edodos mais regulares<\/li>\n<li>Reduzir o sangramento menstrual intenso<\/li>\n<li>Diminui as c\u00f3licas menstruais<\/li>\n<li>Melhorar a acne em certos casos<\/li>\n<li>Reduzir os sintomas da s\u00edndrome pr\u00e9-menstrual (TPM)<\/li>\n<\/ul>\n<p>Maxim n\u00e3o protege contra <a href=\"\/pt\/treatment\/std-testing-treatments\/\">infec\u00e7\u00f5es sexualmente transmiss\u00edveis (ISTs)<\/a>. Se for necess\u00e1ria prote\u00e7\u00e3o contra IST, preservativos devem ser usados.<\/p>\n<h2>Como o produto funciona?<\/h2>\n<p>Maxim previne a gravidez de tr\u00eas maneiras principais:<\/p>\n<p>1. Impede a ovula\u00e7\u00e3o<\/p>\n<p>A ovula\u00e7\u00e3o \u00e9 a libera\u00e7\u00e3o de um \u00f3vulo do seu ov\u00e1rio. Sem ovula\u00e7\u00e3o, a gravidez n\u00e3o pode ocorrer.<\/p>\n<p>2. Engrossa o muco cervical<\/p>\n<p>A p\u00edlula torna o muco na entrada do seu \u00fatero mais espesso. Isso dificulta a entrada dos espermatozoides.<\/p>\n<p>3. Altera o revestimento do \u00fatero<\/p>\n<p>Ela torna o revestimento do seu \u00fatero mais fino, o que reduz a probabilidade de um \u00f3vulo fertilizado se implantar.<\/p>\n<p>Como o Maxim cont\u00e9m tanto estrog\u00eanio quanto progest\u00e1geno, oferece uma contracep\u00e7\u00e3o confi\u00e1vel quando tomado corretamente.<\/p>\n<h2>Quem n\u00e3o deve usar o produto?<\/h2>\n<p>Voc\u00ea n\u00e3o deve usar o Maxim se:<\/p>\n<ul>\n<li>Voc\u00ea tem ou j\u00e1 teve um co\u00e1gulo sangu\u00edneo (trombose venosa profunda ou embolia pulmonar)<\/li>\n<li>Voc\u00ea tem um dist\u00farbio de coagula\u00e7\u00e3o<\/li>\n<li>Voc\u00ea teve um derrame ou infarto<\/li>\n<li>Voc\u00ea tem doen\u00e7a hep\u00e1tica severa<\/li>\n<li>Voc\u00ea tem c\u00e2ncer sens\u00edvel a horm\u00f4nios (como c\u00e2ncer de mama)<\/li>\n<li>Voc\u00ea tem sangramento vaginal inexplic\u00e1vel<\/li>\n<li>Voc\u00ea \u00e9 al\u00e9rgico a qualquer um de seus ingredientes<\/li>\n<li>Voc\u00ea tem enxaqueca com aura<\/li>\n<li>Voc\u00ea tem hipertens\u00e3o arterial n\u00e3o controlada<\/li>\n<\/ul>\n<p>P\u00edlulas anticoncepcionais combinadas aumentam ligeiramente o risco de co\u00e1gulos sangu\u00edneos. Seu m\u00e9dico avaliar\u00e1 seus fatores de risco pessoais antes de prescrever.<\/p>\n<h3>Gravidez e amamenta\u00e7\u00e3o<\/h3>\n<p>Maxim n\u00e3o deve ser usado se voc\u00ea estiver gr\u00e1vida.<\/p>\n<p>Se voc\u00ea acha que pode estar gr\u00e1vida, pare de tomar a p\u00edlula e entre em contato com um m\u00e9dico.<\/p>\n<p>Maxim geralmente n\u00e3o \u00e9 recomendado durante a amamenta\u00e7\u00e3o, especialmente nas primeiras semanas ap\u00f3s o parto, pois o estrog\u00eanio pode reduzir a produ\u00e7\u00e3o de leite.<\/p>\n<h2>Como usar e dosagem<\/h2>\n<p>Sempre tome o Maxim exatamente como prescrito.<\/p>\n<ul>\n<li>Tome um comprimido diariamente<\/li>\n<li>Tome-o no mesmo hor\u00e1rio todos os dias<\/li>\n<li>Siga a ordem mostrada na embalagem<\/li>\n<\/ul>\n<p>A maioria das embalagens cont\u00e9m 21 comprimidos ativos seguidos por uma pausa de 7 dias, durante os quais voc\u00ea geralmente ter\u00e1 um sangramento de retirada semelhante a um per\u00edodo.<\/p>\n<p>Comece sua pr\u00f3xima embalagem ap\u00f3s a pausa de 7 dias, mesmo que o sangramento n\u00e3o tenha parado completamente.<\/p>\n<p>Se voc\u00ea esquecer uma p\u00edlula:<\/p>\n<ul>\n<li>Se estiver atrasada por menos de 12 horas, tome-a assim que lembrar<\/li>\n<li>Se estiver atrasada por mais de 12 horas, a prote\u00e7\u00e3o contraceptiva pode estar reduzida<\/li>\n<\/ul>\n<p>Siga as instru\u00e7\u00f5es na bula e considere contracep\u00e7\u00e3o adicional, se necess\u00e1rio.<\/p>\n<p>Tomar o Maxim corretamente todos os dias \u00e9 essencial para a preven\u00e7\u00e3o eficaz da gravidez.<\/p>\n<h2>Efeitos colaterais poss\u00edveis<\/h2>\n<p>Como todos os medicamentos, o Maxim pode causar efeitos colaterais, embora nem todos os usu\u00e1rios os experimentem.<\/p>\n<p>Os efeitos colaterais comuns incluem:<\/p>\n<ul>\n<li>N\u00e1usea<\/li>\n<li>Sensibilidade nos seios<\/li>\n<li>Dor de cabe\u00e7a<\/li>\n<li>Mudan\u00e7as de humor<\/li>\n<li>Sangramento de escape<\/li>\n<li>Mudan\u00e7as na libido<\/li>\n<\/ul>\n<p>Os riscos menos comuns, mas mais s\u00e9rios, incluem:<\/p>\n<ul>\n<li>Co\u00e1gulos sangu\u00edneos<\/li>\n<li>Derrame<\/li>\n<li>Infarto<\/li>\n<li>Aumento da press\u00e3o arterial<\/li>\n<\/ul>\n<p>O risco de co\u00e1gulos sangu\u00edneos \u00e9 maior se voc\u00ea fuma, est\u00e1 acima do peso, tem mais de 35 anos ou tem hist\u00f3rico familiar de dist\u00farbios de coagula\u00e7\u00e3o.<\/p>\n<p>Procure atendimento m\u00e9dico urgente se voc\u00ea experimentar:<\/p>\n<ul>\n<li>Incha\u00e7o ou dor nas pernas<\/li>\n<li>Dor no peito s\u00fabita<\/li>\n<li>Dificuldade para respirar<\/li>\n<li>Dor de cabe\u00e7a severa<\/li>\n<li>Problemas de vis\u00e3o<\/li>\n<\/ul>\n<h2>Informa\u00e7\u00f5es importantes de seguran\u00e7a<\/h2>\n<p>Antes de come\u00e7ar a usar o Maxim, voc\u00ea deve ter uma consulta m\u00e9dica.<\/p>\n<p>Informe seu m\u00e9dico se voc\u00ea:<\/p>\n<ul>\n<li>Fuma<\/li>\n<li>Tem <a href=\"\/pt\/treatment\/diabetes\">diabetes<\/a><\/li>\n<li>Tem <a href=\"\/pt\/treatment\/high-blood-pressure\">hipertens\u00e3o arterial<\/a><\/li>\n<li>Tem <a href=\"\/pt\/treatment\/cholesterol-control\">colesterol alto<\/a><\/li>\n<li>Tem <a href=\"\/pt\/treatment\/headache-and-migraines\/\">enxaqueca<\/a> (especialmente com aura)<\/li>\n<li>Tem hist\u00f3rico familiar de co\u00e1gulos sangu\u00edneos<\/li>\n<li>Est\u00e1 acima do peso<\/li>\n<\/ul>\n<p>Maxim n\u00e3o protege contra ISTs.<\/p>\n<p>Certos medicamentos, como alguns antibi\u00f3ticos, medicamentos para epilepsia e rem\u00e9dios fitoter\u00e1picos como o Erva de S\u00e3o Jo\u00e3o, podem reduzir sua efic\u00e1cia.<\/p>\n<p>Consultas regulares s\u00e3o recomendadas enquanto voc\u00ea estiver usando contracep\u00e7\u00e3o hormonal.<\/p>\n<h2>Quando procurar ajuda m\u00e9dica<\/h2>\n<p>Procure atendimento m\u00e9dico urgente se voc\u00ea experimentar:<\/p>\n<ul>\n<li>Dor ou incha\u00e7o s\u00fabito nas pernas<\/li>\n<li>Dor no peito s\u00fabita<\/li>\n<li>Dificuldade para respirar<\/li>\n<li>Enxaqueca severa<\/li>\n<li>Dist\u00farbios visuais<\/li>\n<li>Amarelamento da pele ou dos olhos<\/li>\n<\/ul>\n<p>Entre em contato com um m\u00e9dico se:<\/p>\n<ul>\n<li>Voc\u00ea esquecer v\u00e1rias p\u00edlulas<\/li>\n<li>Voc\u00ea tiver sangramento intenso persistente<\/li>\n<li>Voc\u00ea desenvolver nova enxaqueca com aura<\/li>\n<li>Voc\u00ea suspeitar de gravidez<\/li>\n<\/ul>\n<p>Se voc\u00ea n\u00e3o tiver certeza se seus sintomas est\u00e3o relacionados \u00e0 contracep\u00e7\u00e3o hormonal, pode agendar uma consulta por v\u00eddeo segura com um m\u00e9dico licenciado atrav\u00e9s do Transtoyou para obter conselhos personalizados. Se os sintomas forem severos ou s\u00fabitos, procure atendimento m\u00e9dico urgente imediatamente.<\/p>\n","protected":false},"excerpt":{"rendered":"<ul>\n<li>Maxim: P\u00edlula contraceptiva combinada que previne a gravidez e pode ajudar a regular o seu ciclo menstrual.<\/li>\n<li>Ingrediente ativo: Etinilestradiol (estrog\u00eanio) e Dienogeste (progest\u00e1geno)<\/li>\n<li>Usado para: Controle de natalidade<\/li>\n<\/ul>\n","protected":false},"featured_media":1689,"comment_status":"open","ping_status":"closed","template":"","meta":[],"product_brand":[],"product_cat":[127,74],"product_tag":[],"expert":[18],"class_list":{"0":"post-1686","1":"product","2":"type-product","3":"status-publish","4":"has-post-thumbnail","6":"product_cat-desconforto-menstrual","7":"product_cat-pilula-combinada","8":"expert-dr-g-varbanov","10":"first","11":"instock","12":"shipping-taxable","13":"product-type-variable"},"yoast_head":"<!-- This site is optimized with the Yoast SEO plugin v27.0 - https:\/\/yoast.com\/product\/yoast-seo-wordpress\/ -->\n<title>Maxim | P\u00edlula Contraceptiva para Controle de Ciclo Confi\u00e1vel - Transtoyou<\/title>\n<meta name=\"description\" content=\"P\u00edlula contraceptiva combinada Maxime, previne a gravidez e regula o ciclo. Compre agora com seguran\u00e7a na Transtoyou!\" \/>\n<meta name=\"robots\" content=\"noindex, follow, max-snippet:-1, max-image-preview:large, max-video-preview:-1\" \/>\n<meta property=\"og:locale\" content=\"pt_PT\" \/>\n<meta property=\"og:type\" content=\"article\" \/>\n<meta property=\"og:title\" content=\"Maxim | P\u00edlula Contraceptiva para Controle de Ciclo Confi\u00e1vel - Transtoyou\" \/>\n<meta property=\"og:description\" content=\"P\u00edlula contraceptiva combinada Maxime, previne a gravidez e regula o ciclo. Compre agora com seguran\u00e7a na Transtoyou!\" \/>\n<meta property=\"og:url\" content=\"https:\/\/www.transtoyou.com\/pt\/product\/maxim\/\" \/>\n<meta property=\"og:site_name\" content=\"Transtoyou - PT\" \/>\n<meta property=\"article:modified_time\" content=\"2026-02-28T10:16:55+00:00\" \/>\n<meta name=\"twitter:card\" content=\"summary_large_image\" \/>\n<meta name=\"twitter:label1\" content=\"Tempo estimado de leitura\" \/>\n\t<meta name=\"twitter:data1\" content=\"5 minutos\" \/>\n<script type=\"application\/ld+json\" class=\"yoast-schema-graph\">{\"@context\":\"https:\/\/schema.org\",\"@graph\":[{\"@type\":\"WebPage\",\"@id\":\"https:\/\/www.transtoyou.com\/pt\/product\/maxim\/\",\"url\":\"https:\/\/www.transtoyou.com\/pt\/product\/maxim\/\",\"name\":\"Maxim | P\u00edlula Contraceptiva para Controle de Ciclo Confi\u00e1vel - Transtoyou\",\"isPartOf\":{\"@id\":\"https:\/\/www.transtoyou.com\/pt\/#website\"},\"primaryImageOfPage\":{\"@id\":\"https:\/\/www.transtoyou.com\/pt\/product\/maxim\/#primaryimage\"},\"image\":{\"@id\":\"https:\/\/www.transtoyou.com\/pt\/product\/maxim\/#primaryimage\"},\"thumbnailUrl\":\"https:\/\/www.transtoyou.com\/pt\/wp-content\/uploads\/sites\/12\/2026\/02\/tty-no-product-image-13.webp\",\"datePublished\":\"2026-02-28T10:02:30+00:00\",\"dateModified\":\"2026-02-28T10:16:55+00:00\",\"description\":\"P\u00edlula contraceptiva combinada Maxime, previne a gravidez e regula o ciclo. Compre agora com seguran\u00e7a na Transtoyou!\",\"breadcrumb\":{\"@id\":\"https:\/\/www.transtoyou.com\/pt\/product\/maxim\/#breadcrumb\"},\"inLanguage\":\"pt-PT\",\"potentialAction\":[{\"@type\":\"ReadAction\",\"target\":[\"https:\/\/www.transtoyou.com\/pt\/product\/maxim\/\"]}]},{\"@type\":\"ImageObject\",\"inLanguage\":\"pt-PT\",\"@id\":\"https:\/\/www.transtoyou.com\/pt\/product\/maxim\/#primaryimage\",\"url\":\"https:\/\/www.transtoyou.com\/pt\/wp-content\/uploads\/sites\/12\/2026\/02\/tty-no-product-image-13.webp\",\"contentUrl\":\"https:\/\/www.transtoyou.com\/pt\/wp-content\/uploads\/sites\/12\/2026\/02\/tty-no-product-image-13.webp\",\"width\":1000,\"height\":1000,\"caption\":\"Imagem padr\u00e3o do produto\"},{\"@type\":\"WebSite\",\"@id\":\"https:\/\/www.transtoyou.com\/pt\/#website\",\"url\":\"https:\/\/www.transtoyou.com\/pt\/\",\"name\":\"Transtoyou - PT\",\"description\":\"\",\"publisher\":{\"@id\":\"https:\/\/www.transtoyou.com\/pt\/#organization\"},\"potentialAction\":[{\"@type\":\"SearchAction\",\"target\":{\"@type\":\"EntryPoint\",\"urlTemplate\":\"https:\/\/www.transtoyou.com\/pt\/?s={search_term_string}\"},\"query-input\":{\"@type\":\"PropertyValueSpecification\",\"valueRequired\":true,\"valueName\":\"search_term_string\"}}],\"inLanguage\":\"pt-PT\"},{\"@type\":\"Organization\",\"@id\":\"https:\/\/www.transtoyou.com\/pt\/#organization\",\"name\":\"Transtoyou - PT\",\"url\":\"https:\/\/www.transtoyou.com\/pt\/\",\"logo\":{\"@type\":\"ImageObject\",\"inLanguage\":\"pt-PT\",\"@id\":\"https:\/\/www.transtoyou.com\/pt\/#\/schema\/logo\/image\/\",\"url\":\"https:\/\/www.transtoyou.com\/pt\/wp-content\/uploads\/sites\/12\/2026\/01\/logo-tty-menu-bar-300x87-1.webp\",\"contentUrl\":\"https:\/\/www.transtoyou.com\/pt\/wp-content\/uploads\/sites\/12\/2026\/01\/logo-tty-menu-bar-300x87-1.webp\",\"width\":300,\"height\":87,\"caption\":\"Transtoyou - PT\"},\"image\":{\"@id\":\"https:\/\/www.transtoyou.com\/pt\/#\/schema\/logo\/image\/\"}}]}<\/script>\n<!-- \/ Yoast SEO plugin. -->","yoast_head_json":{"title":"Maxim | P\u00edlula Contraceptiva para Controle de Ciclo Confi\u00e1vel - Transtoyou","description":"P\u00edlula contraceptiva combinada Maxime, previne a gravidez e regula o ciclo. Compre agora com seguran\u00e7a na Transtoyou!","robots":{"index":"noindex","follow":"follow","max-snippet":"max-snippet:-1","max-image-preview":"max-image-preview:large","max-video-preview":"max-video-preview:-1"},"og_locale":"pt_PT","og_type":"article","og_title":"Maxim | P\u00edlula Contraceptiva para Controle de Ciclo Confi\u00e1vel - Transtoyou","og_description":"P\u00edlula contraceptiva combinada Maxime, previne a gravidez e regula o ciclo. Compre agora com seguran\u00e7a na Transtoyou!","og_url":"https:\/\/www.transtoyou.com\/pt\/product\/maxim\/","og_site_name":"Transtoyou - PT","article_modified_time":"2026-02-28T10:16:55+00:00","twitter_card":"summary_large_image","twitter_misc":{"Tempo estimado de leitura":"5 minutos"},"schema":{"@context":"https:\/\/schema.org","@graph":[{"@type":"WebPage","@id":"https:\/\/www.transtoyou.com\/pt\/product\/maxim\/","url":"https:\/\/www.transtoyou.com\/pt\/product\/maxim\/","name":"Maxim | P\u00edlula Contraceptiva para Controle de Ciclo Confi\u00e1vel - Transtoyou","isPartOf":{"@id":"https:\/\/www.transtoyou.com\/pt\/#website"},"primaryImageOfPage":{"@id":"https:\/\/www.transtoyou.com\/pt\/product\/maxim\/#primaryimage"},"image":{"@id":"https:\/\/www.transtoyou.com\/pt\/product\/maxim\/#primaryimage"},"thumbnailUrl":"https:\/\/www.transtoyou.com\/pt\/wp-content\/uploads\/sites\/12\/2026\/02\/tty-no-product-image-13.webp","datePublished":"2026-02-28T10:02:30+00:00","dateModified":"2026-02-28T10:16:55+00:00","description":"P\u00edlula contraceptiva combinada Maxime, previne a gravidez e regula o ciclo. Compre agora com seguran\u00e7a na Transtoyou!","breadcrumb":{"@id":"https:\/\/www.transtoyou.com\/pt\/product\/maxim\/#breadcrumb"},"inLanguage":"pt-PT","potentialAction":[{"@type":"ReadAction","target":["https:\/\/www.transtoyou.com\/pt\/product\/maxim\/"]}]},{"@type":"ImageObject","inLanguage":"pt-PT","@id":"https:\/\/www.transtoyou.com\/pt\/product\/maxim\/#primaryimage","url":"https:\/\/www.transtoyou.com\/pt\/wp-content\/uploads\/sites\/12\/2026\/02\/tty-no-product-image-13.webp","contentUrl":"https:\/\/www.transtoyou.com\/pt\/wp-content\/uploads\/sites\/12\/2026\/02\/tty-no-product-image-13.webp","width":1000,"height":1000,"caption":"Imagem padr\u00e3o do produto"},{"@type":"WebSite","@id":"https:\/\/www.transtoyou.com\/pt\/#website","url":"https:\/\/www.transtoyou.com\/pt\/","name":"Transtoyou - PT","description":"","publisher":{"@id":"https:\/\/www.transtoyou.com\/pt\/#organization"},"potentialAction":[{"@type":"SearchAction","target":{"@type":"EntryPoint","urlTemplate":"https:\/\/www.transtoyou.com\/pt\/?s={search_term_string}"},"query-input":{"@type":"PropertyValueSpecification","valueRequired":true,"valueName":"search_term_string"}}],"inLanguage":"pt-PT"},{"@type":"Organization","@id":"https:\/\/www.transtoyou.com\/pt\/#organization","name":"Transtoyou - PT","url":"https:\/\/www.transtoyou.com\/pt\/","logo":{"@type":"ImageObject","inLanguage":"pt-PT","@id":"https:\/\/www.transtoyou.com\/pt\/#\/schema\/logo\/image\/","url":"https:\/\/www.transtoyou.com\/pt\/wp-content\/uploads\/sites\/12\/2026\/01\/logo-tty-menu-bar-300x87-1.webp","contentUrl":"https:\/\/www.transtoyou.com\/pt\/wp-content\/uploads\/sites\/12\/2026\/01\/logo-tty-menu-bar-300x87-1.webp","width":300,"height":87,"caption":"Transtoyou - PT"},"image":{"@id":"https:\/\/www.transtoyou.com\/pt\/#\/schema\/logo\/image\/"}}]}},"_links":{"self":[{"href":"https:\/\/www.transtoyou.com\/pt\/wp-json\/wp\/v2\/product\/1686","targetHints":{"allow":["GET"]}}],"collection":[{"href":"https:\/\/www.transtoyou.com\/pt\/wp-json\/wp\/v2\/product"}],"about":[{"href":"https:\/\/www.transtoyou.com\/pt\/wp-json\/wp\/v2\/types\/product"}],"replies":[{"embeddable":true,"href":"https:\/\/www.transtoyou.com\/pt\/wp-json\/wp\/v2\/comments?post=1686"}],"wp:featuredmedia":[{"embeddable":true,"href":"https:\/\/www.transtoyou.com\/pt\/wp-json\/wp\/v2\/media\/1689"}],"wp:attachment":[{"href":"https:\/\/www.transtoyou.com\/pt\/wp-json\/wp\/v2\/media?parent=1686"}],"wp:term":[{"taxonomy":"product_brand","embeddable":true,"href":"https:\/\/www.transtoyou.com\/pt\/wp-json\/wp\/v2\/product_brand?post=1686"},{"taxonomy":"product_cat","embeddable":true,"href":"https:\/\/www.transtoyou.com\/pt\/wp-json\/wp\/v2\/product_cat?post=1686"},{"taxonomy":"product_tag","embeddable":true,"href":"https:\/\/www.transtoyou.com\/pt\/wp-json\/wp\/v2\/product_tag?post=1686"},{"taxonomy":"expert","embeddable":true,"href":"https:\/\/www.transtoyou.com\/pt\/wp-json\/wp\/v2\/expert?post=1686"}],"curies":[{"name":"wp","href":"https:\/\/api.w.org\/{rel}","templated":true}]}}