{"id":1796,"date":"2026-03-02T16:30:10","date_gmt":"2026-03-02T14:30:10","guid":{"rendered":"https:\/\/www.transtoyou.com\/pt\/product\/ramipril\/"},"modified":"2026-03-11T09:34:26","modified_gmt":"2026-03-11T07:34:26","slug":"ramipril","status":"publish","type":"product","link":"https:\/\/www.transtoyou.com\/pt\/product\/ramipril\/","title":{"rendered":"Ramipril"},"content":{"rendered":"<h2>O que \u00e9 Ramipril?<\/h2>\n<p>Ramipril \u00e9 um medicamento de prescri\u00e7\u00e3o que pertence a um grupo de medicamentos chamados inibidores da ECA (inibidores da enzima conversora de angiotensina).<\/p>\n<p>\u00c9 comumente usado para <a href=\"\/pt\/treatment\/high-blood-pressure\">tratar a hipertens\u00e3o<\/a> e certas condi\u00e7\u00f5es card\u00edacas. Ramipril ajuda a relaxar os vasos sangu\u00edneos para que o sangue possa fluir mais facilmente. Isso reduz a carga de trabalho do seu cora\u00e7\u00e3o e diminui o risco de complica\u00e7\u00f5es graves.<\/p>\n<p>A hipertens\u00e3o muitas vezes n\u00e3o apresenta sintomas, mas, com o tempo, pode danificar seu cora\u00e7\u00e3o, c\u00e9rebro, rins e art\u00e9rias. Ao controlar a press\u00e3o arterial, Ramipril ajuda a proteger esses \u00f3rg\u00e3os.<\/p>\n<p>Ramipril tamb\u00e9m pode ser prescrito ap\u00f3s um infarto, em pessoas com insufici\u00eancia card\u00edaca ou em pacientes com alto risco de doen\u00e7as cardiovasculares.<\/p>\n<h2>Para que \u00e9 usado?<\/h2>\n<p>Ramipril \u00e9 usado para tratar:<\/p>\n<ul>\n<li>Hipertens\u00e3o (press\u00e3o alta)<\/li>\n<li>Insufici\u00eancia card\u00edaca<\/li>\n<li>Para reduzir o risco de infarto e acidente vascular cerebral<\/li>\n<li>Para proteger os rins em certos pacientes de alto risco, incluindo pessoas com diabetes<\/li>\n<\/ul>\n<h2>Hipertens\u00e3o<\/h2>\n<p>Hipertens\u00e3o significa que sua press\u00e3o arterial permanece consistentemente muito alta. Isso aumenta seu risco de doen\u00e7as card\u00edacas e acidentes vasculares cerebrais. Ramipril reduz a press\u00e3o arterial e diminui os riscos \u00e0 sa\u00fade a longo prazo.<\/p>\n<h2>Insufici\u00eancia card\u00edaca<\/h2>\n<p>Insufici\u00eancia card\u00edaca significa que seu cora\u00e7\u00e3o n\u00e3o bombeia sangue t\u00e3o efetivamente quanto deveria. Ramipril reduz a press\u00e3o sobre o cora\u00e7\u00e3o e pode melhorar sintomas como falta de ar e incha\u00e7o.<\/p>\n<h2>Prote\u00e7\u00e3o cardiovascular<\/h2>\n<p>Se voc\u00ea tem <a href=\"\/pt\/treatment\/diabetes\">diabetes<\/a>, problemas de circula\u00e7\u00e3o ou doen\u00e7as card\u00edacas anteriores, Ramipril pode ser prescrito para reduzir a chance de futuros eventos cardiovasculares.<\/p>\n<h2>Como o produto funciona?<\/h2>\n<p>Ramipril atua bloqueando a a\u00e7\u00e3o de uma enzima chamada enzima conversora de angiotensina (ECA).<\/p>\n<p>Normalmente, a ECA ajuda a produzir uma subst\u00e2ncia chamada angiotensina II, que faz com que os vasos sangu\u00edneos se estreitem e se contraiam. Quando os vasos sangu\u00edneos se estreitam, a press\u00e3o arterial aumenta.<\/p>\n<p>Ao bloquear esse processo, Ramipril:<\/p>\n<ul>\n<li>Relaxa e dilata os vasos sangu\u00edneos<\/li>\n<li>Reduz a press\u00e3o arterial<\/li>\n<li>Diminui a carga sobre o seu cora\u00e7\u00e3o<\/li>\n<li>Melhora a circula\u00e7\u00e3o<\/li>\n<li>Ajuda a proteger a fun\u00e7\u00e3o renal<\/li>\n<\/ul>\n<p>Como melhora o fluxo sangu\u00edneo e reduz a press\u00e3o em suas art\u00e9rias, Ramipril ajuda a prevenir danos a longo prazo aos \u00f3rg\u00e3os vitais.<\/p>\n<h2>Quem n\u00e3o deve usar o produto?<\/h2>\n<p>Voc\u00ea n\u00e3o deve usar Ramipril se:<\/p>\n<ul>\n<li>For al\u00e9rgico ao ramipril ou a outros inibidores da ECA<\/li>\n<li>Tiver tido angioedema (incha\u00e7o grave do rosto, l\u00e1bios ou garganta)<\/li>\n<li>Estiver gr\u00e1vida de mais de tr\u00eas meses<\/li>\n<li>Tiver estreitamento severo das art\u00e9rias renais<\/li>\n<li>Tiver certos dist\u00farbios heredit\u00e1rios de incha\u00e7o<\/li>\n<\/ul>\n<p>Ramipril pode n\u00e3o ser adequado se voc\u00ea:<\/p>\n<ul>\n<li>Tiver comprometimento renal severo<\/li>\n<li>Tiver doen\u00e7a hep\u00e1tica severa<\/li>\n<li>Tiver press\u00e3o arterial muito baixa<\/li>\n<li>Estiver tomando aliskiren e tiver diabetes<\/li>\n<\/ul>\n<p>Sempre informe seu m\u00e9dico sobre seu hist\u00f3rico m\u00e9dico antes de iniciar o tratamento.<\/p>\n<h3>Gravidez e amamenta\u00e7\u00e3o<\/h3>\n<p>Ramipril n\u00e3o deve ser usado durante o segundo ou terceiro trimestre da gravidez, pois pode prejudicar seriamente um beb\u00ea n\u00e3o nascido.<\/p>\n<p>Se voc\u00ea est\u00e1 planejando engravidar ou engravidar enquanto estiver tomando Ramipril, pare de tom\u00e1-lo e entre em contato com um m\u00e9dico imediatamente.<\/p>\n<p>Ramipril geralmente n\u00e3o \u00e9 recomendado durante a amamenta\u00e7\u00e3o. Tratamentos alternativos podem ser considerados.<\/p>\n<h2>Como usar e dosagem<\/h2>\n<p>Sempre tome Ramipril exatamente como prescrito.<\/p>\n<p>A dosagem depende da sua condi\u00e7\u00e3o.<\/p>\n<p>Para hipertens\u00e3o:<\/p>\n<ul>\n<li>O tratamento geralmente come\u00e7a com uma dose baixa.<\/li>\n<li>A dose pode ser aumentada gradualmente dependendo da sua resposta.<\/li>\n<\/ul>\n<p>Para insufici\u00eancia card\u00edaca ou prote\u00e7\u00e3o cardiovascular:<\/p>\n<ul>\n<li>Doses iniciais mais baixas s\u00e3o frequentemente usadas.<\/li>\n<li>A dose \u00e9 ajustada cuidadosamente sob supervis\u00e3o m\u00e9dica.<\/li>\n<\/ul>\n<p>Tome Ramipril:<\/p>\n<ul>\n<li>Uma vez ao dia (\u00e0s vezes duas vezes ao dia, dependendo da prescri\u00e7\u00e3o)<\/li>\n<li>No mesmo hor\u00e1rio todos os dias<\/li>\n<li>Com \u00e1gua<\/li>\n<li>Com ou sem alimentos<\/li>\n<\/ul>\n<p>N\u00e3o pare de tomar Ramipril repentinamente sem orienta\u00e7\u00e3o m\u00e9dica.<\/p>\n<p>Seu m\u00e9dico pode monitorar seu:<\/p>\n<ul>\n<li>Press\u00e3o arterial<\/li>\n<li>Fun\u00e7\u00e3o renal<\/li>\n<li>N\u00edveis de pot\u00e1ssio<\/li>\n<\/ul>\n<p>O acompanhamento regular \u00e9 importante.<\/p>\n<h2>Efeitos colaterais poss\u00edveis<\/h2>\n<p>Como todos os medicamentos, Ramipril pode causar efeitos colaterais, embora nem todos os pacientes os experimentem.<\/p>\n<p>Os efeitos colaterais comuns incluem:<\/p>\n<ul>\n<li>Tosse seca persistente<\/li>\n<li>Tontura<\/li>\n<li>Dores de cabe\u00e7a<\/li>\n<li>Fadiga<\/li>\n<li>Press\u00e3o arterial baixa<\/li>\n<li>N\u00e1usea<\/li>\n<\/ul>\n<p>Uma tosse seca \u00e9 um efeito colateral comum dos inibidores da ECA e pode exigir a troca para outro tipo de medicamento se se tornar inc\u00f4moda.<\/p>\n<p>Efeitos colaterais menos comuns, mas graves, incluem:<\/p>\n<ul>\n<li>Angioedema (incha\u00e7o do rosto, l\u00e1bios, l\u00edngua ou garganta)<\/li>\n<li>Queda severa da press\u00e3o arterial<\/li>\n<li>Problemas renais<\/li>\n<li>N\u00edveis elevados de pot\u00e1ssio<\/li>\n<\/ul>\n<p>Procure atendimento m\u00e9dico urgente se voc\u00ea experimentar incha\u00e7o do rosto ou garganta ou dificuldade para respirar.<\/p>\n<h2>Informa\u00e7\u00f5es importantes de seguran\u00e7a<\/h2>\n<p>Antes de iniciar o Ramipril, informe seu m\u00e9dico se voc\u00ea:<\/p>\n<ul>\n<li>Tiver doen\u00e7a renal<\/li>\n<li>Tiver doen\u00e7a hep\u00e1tica<\/li>\n<li>Tiver diabetes<\/li>\n<li>Estiver em uma dieta com baixo teor de s\u00f3dio<\/li>\n<li>Estiver tomando diur\u00e9ticos (comprimidos de \u00e1gua)<\/li>\n<li>Estiver tomando suplementos de pot\u00e1ssio<\/li>\n<li>Tiver recentemente experimentado v\u00f4mitos ou diarreia severos<\/li>\n<\/ul>\n<p>Ramipril pode aumentar os n\u00edveis de pot\u00e1ssio, portanto, exames de sangue podem ser necess\u00e1rios durante o tratamento.<\/p>\n<p>Se voc\u00ea se sentir tonto ao iniciar o Ramipril, especialmente ao se levantar, isso pode ser devido \u00e0 press\u00e3o arterial baixa.<\/p>\n<h2>Quando procurar ajuda m\u00e9dica<\/h2>\n<p>Procure atendimento m\u00e9dico urgente se voc\u00ea experimentar:<\/p>\n<ul>\n<li>Incha\u00e7o do rosto, l\u00e1bios, l\u00edngua ou garganta<\/li>\n<li>Tontura severa ou desmaio<\/li>\n<li>Dor no peito<\/li>\n<li>Dificuldade para respirar<\/li>\n<\/ul>\n<p>Entre em contato com seu m\u00e9dico se:<\/p>\n<ul>\n<li>Desenvolver uma tosse persistente<\/li>\n<li>Experienciar efeitos colaterais cont\u00ednuos<\/li>\n<li>Sua press\u00e3o arterial permanecer descontrolada<\/li>\n<li>Se sentir incomumente fraco<\/li>\n<\/ul>\n<p>Se voc\u00ea n\u00e3o tiver certeza se seus sintomas est\u00e3o relacionados ao seu medicamento para press\u00e3o arterial, voc\u00ea pode <a href=\"\/pt\/product\/video-consult\/\">agendar uma consulta por v\u00eddeo segura<\/a> com um m\u00e9dico licenciado atrav\u00e9s do Transtoyou para obter conselhos personalizados. Se os sintomas forem graves ou s\u00fabitos, procure atendimento m\u00e9dico urgente imediatamente.<\/p>\n","protected":false},"excerpt":{"rendered":"<ul>\n<li>Ramipril: Inibidor da ECA usado para reduzir a press\u00e3o arterial elevada e diminuir o risco de ataque card\u00edaco e acidente vascular cerebral.<\/li>\n<li>Ingrediente ativo: Ramipril<\/li>\n<li>Usado para: Tratamento da press\u00e3o arterial elevada (hipertens\u00e3o)<\/li>\n<\/ul>\n","protected":false},"featured_media":1798,"comment_status":"open","ping_status":"closed","template":"","meta":[],"product_brand":[],"product_cat":[116],"product_tag":[],"expert":[21],"class_list":{"0":"post-1796","1":"product","2":"type-product","3":"status-publish","4":"has-post-thumbnail","6":"product_cat-pressao-alta","7":"expert-dr-m-sharoyko","9":"first","10":"instock","11":"shipping-taxable","12":"product-type-variable"},"yoast_head":"<!-- This site is optimized with the Yoast SEO plugin v27.0 - https:\/\/yoast.com\/product\/yoast-seo-wordpress\/ -->\n<title>Ramipril | Tratamento de Press\u00e3o Arterial com Receita - Transtoyou<\/title>\n<meta name=\"description\" content=\"Tratamento com receita de Ramipril para hipertens\u00e3o na Transtoyou, revisado por m\u00e9dicos registrados, servi\u00e7o seguro, farm\u00e1cias parceiras na UE e Reino Unido.\" \/>\n<meta name=\"robots\" content=\"noindex, follow, max-snippet:-1, max-image-preview:large, max-video-preview:-1\" \/>\n<meta property=\"og:locale\" content=\"pt_PT\" \/>\n<meta property=\"og:type\" content=\"article\" \/>\n<meta property=\"og:title\" content=\"Ramipril | Tratamento de Press\u00e3o Arterial com Receita - Transtoyou\" \/>\n<meta property=\"og:description\" content=\"Tratamento com receita de Ramipril para hipertens\u00e3o na Transtoyou, revisado por m\u00e9dicos registrados, servi\u00e7o seguro, farm\u00e1cias parceiras na UE e Reino Unido.\" \/>\n<meta property=\"og:url\" content=\"https:\/\/www.transtoyou.com\/pt\/product\/ramipril\/\" \/>\n<meta property=\"og:site_name\" content=\"Transtoyou - PT\" \/>\n<meta property=\"article:modified_time\" content=\"2026-03-11T07:34:26+00:00\" \/>\n<meta name=\"twitter:card\" content=\"summary_large_image\" \/>\n<meta name=\"twitter:label1\" content=\"Tempo estimado de leitura\" \/>\n\t<meta name=\"twitter:data1\" content=\"5 minutos\" \/>\n<script type=\"application\/ld+json\" class=\"yoast-schema-graph\">{\"@context\":\"https:\/\/schema.org\",\"@graph\":[{\"@type\":\"WebPage\",\"@id\":\"https:\/\/www.transtoyou.com\/pt\/product\/ramipril\/\",\"url\":\"https:\/\/www.transtoyou.com\/pt\/product\/ramipril\/\",\"name\":\"Ramipril | Tratamento de Press\u00e3o Arterial com Receita - Transtoyou\",\"isPartOf\":{\"@id\":\"https:\/\/www.transtoyou.com\/pt\/#website\"},\"primaryImageOfPage\":{\"@id\":\"https:\/\/www.transtoyou.com\/pt\/product\/ramipril\/#primaryimage\"},\"image\":{\"@id\":\"https:\/\/www.transtoyou.com\/pt\/product\/ramipril\/#primaryimage\"},\"thumbnailUrl\":\"https:\/\/www.transtoyou.com\/pt\/wp-content\/uploads\/sites\/12\/2026\/03\/tty-no-product-image-4.webp\",\"datePublished\":\"2026-03-02T14:30:10+00:00\",\"dateModified\":\"2026-03-11T07:34:26+00:00\",\"description\":\"Tratamento com receita de Ramipril para hipertens\u00e3o na Transtoyou, revisado por m\u00e9dicos registrados, servi\u00e7o seguro, farm\u00e1cias parceiras na UE e Reino Unido.\",\"breadcrumb\":{\"@id\":\"https:\/\/www.transtoyou.com\/pt\/product\/ramipril\/#breadcrumb\"},\"inLanguage\":\"pt-PT\",\"potentialAction\":[{\"@type\":\"ReadAction\",\"target\":[\"https:\/\/www.transtoyou.com\/pt\/product\/ramipril\/\"]}]},{\"@type\":\"ImageObject\",\"inLanguage\":\"pt-PT\",\"@id\":\"https:\/\/www.transtoyou.com\/pt\/product\/ramipril\/#primaryimage\",\"url\":\"https:\/\/www.transtoyou.com\/pt\/wp-content\/uploads\/sites\/12\/2026\/03\/tty-no-product-image-4.webp\",\"contentUrl\":\"https:\/\/www.transtoyou.com\/pt\/wp-content\/uploads\/sites\/12\/2026\/03\/tty-no-product-image-4.webp\",\"width\":1000,\"height\":1000,\"caption\":\"Imagem padr\u00e3o do produto\"},{\"@type\":\"WebSite\",\"@id\":\"https:\/\/www.transtoyou.com\/pt\/#website\",\"url\":\"https:\/\/www.transtoyou.com\/pt\/\",\"name\":\"Transtoyou - PT\",\"description\":\"\",\"publisher\":{\"@id\":\"https:\/\/www.transtoyou.com\/pt\/#organization\"},\"potentialAction\":[{\"@type\":\"SearchAction\",\"target\":{\"@type\":\"EntryPoint\",\"urlTemplate\":\"https:\/\/www.transtoyou.com\/pt\/?s={search_term_string}\"},\"query-input\":{\"@type\":\"PropertyValueSpecification\",\"valueRequired\":true,\"valueName\":\"search_term_string\"}}],\"inLanguage\":\"pt-PT\"},{\"@type\":\"Organization\",\"@id\":\"https:\/\/www.transtoyou.com\/pt\/#organization\",\"name\":\"Transtoyou - PT\",\"url\":\"https:\/\/www.transtoyou.com\/pt\/\",\"logo\":{\"@type\":\"ImageObject\",\"inLanguage\":\"pt-PT\",\"@id\":\"https:\/\/www.transtoyou.com\/pt\/#\/schema\/logo\/image\/\",\"url\":\"https:\/\/www.transtoyou.com\/pt\/wp-content\/uploads\/sites\/12\/2026\/01\/logo-tty-menu-bar-300x87-1.webp\",\"contentUrl\":\"https:\/\/www.transtoyou.com\/pt\/wp-content\/uploads\/sites\/12\/2026\/01\/logo-tty-menu-bar-300x87-1.webp\",\"width\":300,\"height\":87,\"caption\":\"Transtoyou - PT\"},\"image\":{\"@id\":\"https:\/\/www.transtoyou.com\/pt\/#\/schema\/logo\/image\/\"}}]}<\/script>\n<!-- \/ Yoast SEO plugin. -->","yoast_head_json":{"title":"Ramipril | Tratamento de Press\u00e3o Arterial com Receita - Transtoyou","description":"Tratamento com receita de Ramipril para hipertens\u00e3o na Transtoyou, revisado por m\u00e9dicos registrados, servi\u00e7o seguro, farm\u00e1cias parceiras na UE e Reino Unido.","robots":{"index":"noindex","follow":"follow","max-snippet":"max-snippet:-1","max-image-preview":"max-image-preview:large","max-video-preview":"max-video-preview:-1"},"og_locale":"pt_PT","og_type":"article","og_title":"Ramipril | Tratamento de Press\u00e3o Arterial com Receita - Transtoyou","og_description":"Tratamento com receita de Ramipril para hipertens\u00e3o na Transtoyou, revisado por m\u00e9dicos registrados, servi\u00e7o seguro, farm\u00e1cias parceiras na UE e Reino Unido.","og_url":"https:\/\/www.transtoyou.com\/pt\/product\/ramipril\/","og_site_name":"Transtoyou - PT","article_modified_time":"2026-03-11T07:34:26+00:00","twitter_card":"summary_large_image","twitter_misc":{"Tempo estimado de leitura":"5 minutos"},"schema":{"@context":"https:\/\/schema.org","@graph":[{"@type":"WebPage","@id":"https:\/\/www.transtoyou.com\/pt\/product\/ramipril\/","url":"https:\/\/www.transtoyou.com\/pt\/product\/ramipril\/","name":"Ramipril | Tratamento de Press\u00e3o Arterial com Receita - Transtoyou","isPartOf":{"@id":"https:\/\/www.transtoyou.com\/pt\/#website"},"primaryImageOfPage":{"@id":"https:\/\/www.transtoyou.com\/pt\/product\/ramipril\/#primaryimage"},"image":{"@id":"https:\/\/www.transtoyou.com\/pt\/product\/ramipril\/#primaryimage"},"thumbnailUrl":"https:\/\/www.transtoyou.com\/pt\/wp-content\/uploads\/sites\/12\/2026\/03\/tty-no-product-image-4.webp","datePublished":"2026-03-02T14:30:10+00:00","dateModified":"2026-03-11T07:34:26+00:00","description":"Tratamento com receita de Ramipril para hipertens\u00e3o na Transtoyou, revisado por m\u00e9dicos registrados, servi\u00e7o seguro, farm\u00e1cias parceiras na UE e Reino Unido.","breadcrumb":{"@id":"https:\/\/www.transtoyou.com\/pt\/product\/ramipril\/#breadcrumb"},"inLanguage":"pt-PT","potentialAction":[{"@type":"ReadAction","target":["https:\/\/www.transtoyou.com\/pt\/product\/ramipril\/"]}]},{"@type":"ImageObject","inLanguage":"pt-PT","@id":"https:\/\/www.transtoyou.com\/pt\/product\/ramipril\/#primaryimage","url":"https:\/\/www.transtoyou.com\/pt\/wp-content\/uploads\/sites\/12\/2026\/03\/tty-no-product-image-4.webp","contentUrl":"https:\/\/www.transtoyou.com\/pt\/wp-content\/uploads\/sites\/12\/2026\/03\/tty-no-product-image-4.webp","width":1000,"height":1000,"caption":"Imagem padr\u00e3o do produto"},{"@type":"WebSite","@id":"https:\/\/www.transtoyou.com\/pt\/#website","url":"https:\/\/www.transtoyou.com\/pt\/","name":"Transtoyou - PT","description":"","publisher":{"@id":"https:\/\/www.transtoyou.com\/pt\/#organization"},"potentialAction":[{"@type":"SearchAction","target":{"@type":"EntryPoint","urlTemplate":"https:\/\/www.transtoyou.com\/pt\/?s={search_term_string}"},"query-input":{"@type":"PropertyValueSpecification","valueRequired":true,"valueName":"search_term_string"}}],"inLanguage":"pt-PT"},{"@type":"Organization","@id":"https:\/\/www.transtoyou.com\/pt\/#organization","name":"Transtoyou - PT","url":"https:\/\/www.transtoyou.com\/pt\/","logo":{"@type":"ImageObject","inLanguage":"pt-PT","@id":"https:\/\/www.transtoyou.com\/pt\/#\/schema\/logo\/image\/","url":"https:\/\/www.transtoyou.com\/pt\/wp-content\/uploads\/sites\/12\/2026\/01\/logo-tty-menu-bar-300x87-1.webp","contentUrl":"https:\/\/www.transtoyou.com\/pt\/wp-content\/uploads\/sites\/12\/2026\/01\/logo-tty-menu-bar-300x87-1.webp","width":300,"height":87,"caption":"Transtoyou - PT"},"image":{"@id":"https:\/\/www.transtoyou.com\/pt\/#\/schema\/logo\/image\/"}}]}},"_links":{"self":[{"href":"https:\/\/www.transtoyou.com\/pt\/wp-json\/wp\/v2\/product\/1796","targetHints":{"allow":["GET"]}}],"collection":[{"href":"https:\/\/www.transtoyou.com\/pt\/wp-json\/wp\/v2\/product"}],"about":[{"href":"https:\/\/www.transtoyou.com\/pt\/wp-json\/wp\/v2\/types\/product"}],"replies":[{"embeddable":true,"href":"https:\/\/www.transtoyou.com\/pt\/wp-json\/wp\/v2\/comments?post=1796"}],"wp:featuredmedia":[{"embeddable":true,"href":"https:\/\/www.transtoyou.com\/pt\/wp-json\/wp\/v2\/media\/1798"}],"wp:attachment":[{"href":"https:\/\/www.transtoyou.com\/pt\/wp-json\/wp\/v2\/media?parent=1796"}],"wp:term":[{"taxonomy":"product_brand","embeddable":true,"href":"https:\/\/www.transtoyou.com\/pt\/wp-json\/wp\/v2\/product_brand?post=1796"},{"taxonomy":"product_cat","embeddable":true,"href":"https:\/\/www.transtoyou.com\/pt\/wp-json\/wp\/v2\/product_cat?post=1796"},{"taxonomy":"product_tag","embeddable":true,"href":"https:\/\/www.transtoyou.com\/pt\/wp-json\/wp\/v2\/product_tag?post=1796"},{"taxonomy":"expert","embeddable":true,"href":"https:\/\/www.transtoyou.com\/pt\/wp-json\/wp\/v2\/expert?post=1796"}],"curies":[{"name":"wp","href":"https:\/\/api.w.org\/{rel}","templated":true}]}}