{"id":451,"date":"2026-01-22T13:40:46","date_gmt":"2026-01-22T13:40:46","guid":{"rendered":"https:\/\/www.transtoyou.com\/pt\/product\/vermox\/"},"modified":"2026-03-07T16:05:02","modified_gmt":"2026-03-07T14:05:02","slug":"vermox","status":"publish","type":"product","link":"https:\/\/www.transtoyou.com\/pt\/product\/vermox\/","title":{"rendered":"Vermox"},"content":{"rendered":"<p>Vermox \u00e9 um tratamento amplamente utilizado para infec\u00e7\u00f5es por vermes intestinais, particularmente eficaz contra oxi\u00faros, lombrigas, tricoc\u00e9falos e ancilostom\u00eddeos. Cont\u00e9m o ingrediente ativo mebendazol, que interfere na capacidade dos vermes de absorver glicose, sua principal fonte de energia. Como resultado, os parasitas perdem energia, morrem e s\u00e3o expelidos naturalmente do corpo atrav\u00e9s do sistema digestivo.<\/p>\n<p>As infec\u00e7\u00f5es por vermes podem causar sintomas como coceira anal, inquieta\u00e7\u00e3o, c\u00f3licas abdominais e defici\u00eancias nutricionais. Vermox oferece uma maneira simples e eficiente de aliviar esses sintomas e eliminar a infec\u00e7\u00e3o. Geralmente \u00e9 administrado como um tratamento de dose \u00fanica, e em alguns casos, uma segunda dose \u00e9 recomendada duas semanas depois para prevenir reinfec\u00e7\u00e3o.<\/p>\n<p>Este medicamento \u00e9 geralmente bem tolerado, com efeitos colaterais sendo infrequentes e geralmente leves. Quando ocorrem, podem incluir desconforto gastrointestinal tempor\u00e1rio. Vermox permanece no trato digestivo e \u00e9 minimamente absorvido na corrente sangu\u00ednea, o que reduz o risco de efeitos colaterais sist\u00eamicos.<\/p>\n<p>Para prevenir a propaga\u00e7\u00e3o de vermes, s\u00e3o recomendadas medidas de higiene, como lavar as m\u00e3os regularmente, manter as unhas curtas e lavar frequentemente a roupa de cama e as roupas. Tratar todos os membros da casa ao mesmo tempo pode ajudar a evitar que a infec\u00e7\u00e3o volte a ocorrer.<\/p>\n","protected":false},"excerpt":{"rendered":"<ul>\n<li>Eficaz contra m\u00faltiplos tipos de vermes<\/li>\n<li>Tratamento de dose \u00fanica ou em duas doses<\/li>\n<li>Op\u00e7\u00f5es para toda a fam\u00edlia<\/li>\n<\/ul>\n","protected":false},"featured_media":453,"comment_status":"open","ping_status":"closed","template":"","meta":[],"product_brand":[],"product_cat":[160],"product_tag":[],"expert":[],"class_list":{"0":"post-451","1":"product","2":"type-product","3":"status-publish","4":"has-post-thumbnail","6":"product_cat-verme","8":"first","9":"instock","10":"shipping-taxable","11":"product-type-variable"},"yoast_head":"<!-- This site is optimized with the Yoast SEO plugin v27.0 - https:\/\/yoast.com\/product\/yoast-seo-wordpress\/ -->\n<title>Vermox | Tratamento Eficaz de Parasitas - Transtoyou<\/title>\n<meta name=\"description\" content=\"Vermox dispon\u00edvel na Transtoyou, uma plataforma de sa\u00fade confi\u00e1vel. Compre agora para um tratamento eficaz de infec\u00e7\u00f5es parasit\u00e1rias. Acesso conveniente e seguro.\" \/>\n<meta name=\"robots\" content=\"noindex, follow, max-snippet:-1, max-image-preview:large, max-video-preview:-1\" \/>\n<meta property=\"og:locale\" content=\"pt_PT\" \/>\n<meta property=\"og:type\" content=\"article\" \/>\n<meta property=\"og:title\" content=\"Vermox | Tratamento Eficaz de Parasitas - Transtoyou\" \/>\n<meta property=\"og:description\" content=\"Vermox dispon\u00edvel na Transtoyou, uma plataforma de sa\u00fade confi\u00e1vel. Compre agora para um tratamento eficaz de infec\u00e7\u00f5es parasit\u00e1rias. Acesso conveniente e seguro.\" \/>\n<meta property=\"og:url\" content=\"https:\/\/www.transtoyou.com\/pt\/product\/vermox\/\" \/>\n<meta property=\"og:site_name\" content=\"Transtoyou - PT\" \/>\n<meta property=\"article:modified_time\" content=\"2026-03-07T14:05:02+00:00\" \/>\n<meta name=\"twitter:card\" content=\"summary_large_image\" \/>\n<meta name=\"twitter:label1\" content=\"Tempo estimado de leitura\" \/>\n\t<meta name=\"twitter:data1\" content=\"1 minuto\" \/>\n<script type=\"application\/ld+json\" class=\"yoast-schema-graph\">{\"@context\":\"https:\/\/schema.org\",\"@graph\":[{\"@type\":\"WebPage\",\"@id\":\"https:\/\/www.transtoyou.com\/pt\/product\/vermox\/\",\"url\":\"https:\/\/www.transtoyou.com\/pt\/product\/vermox\/\",\"name\":\"Vermox | Tratamento Eficaz de Parasitas - Transtoyou\",\"isPartOf\":{\"@id\":\"https:\/\/www.transtoyou.com\/pt\/#website\"},\"primaryImageOfPage\":{\"@id\":\"https:\/\/www.transtoyou.com\/pt\/product\/vermox\/#primaryimage\"},\"image\":{\"@id\":\"https:\/\/www.transtoyou.com\/pt\/product\/vermox\/#primaryimage\"},\"thumbnailUrl\":\"https:\/\/www.transtoyou.com\/pt\/wp-content\/uploads\/sites\/12\/2026\/01\/tty-no-product-image-5.webp\",\"datePublished\":\"2026-01-22T13:40:46+00:00\",\"dateModified\":\"2026-03-07T14:05:02+00:00\",\"description\":\"Vermox dispon\u00edvel na Transtoyou, uma plataforma de sa\u00fade confi\u00e1vel. Compre agora para um tratamento eficaz de infec\u00e7\u00f5es parasit\u00e1rias. Acesso conveniente e seguro.\",\"breadcrumb\":{\"@id\":\"https:\/\/www.transtoyou.com\/pt\/product\/vermox\/#breadcrumb\"},\"inLanguage\":\"pt-PT\",\"potentialAction\":[{\"@type\":\"ReadAction\",\"target\":[\"https:\/\/www.transtoyou.com\/pt\/product\/vermox\/\"]}]},{\"@type\":\"ImageObject\",\"inLanguage\":\"pt-PT\",\"@id\":\"https:\/\/www.transtoyou.com\/pt\/product\/vermox\/#primaryimage\",\"url\":\"https:\/\/www.transtoyou.com\/pt\/wp-content\/uploads\/sites\/12\/2026\/01\/tty-no-product-image-5.webp\",\"contentUrl\":\"https:\/\/www.transtoyou.com\/pt\/wp-content\/uploads\/sites\/12\/2026\/01\/tty-no-product-image-5.webp\",\"width\":1000,\"height\":1000,\"caption\":\"Imagem padr\u00e3o do produto\"},{\"@type\":\"WebSite\",\"@id\":\"https:\/\/www.transtoyou.com\/pt\/#website\",\"url\":\"https:\/\/www.transtoyou.com\/pt\/\",\"name\":\"Transtoyou - PT\",\"description\":\"\",\"publisher\":{\"@id\":\"https:\/\/www.transtoyou.com\/pt\/#organization\"},\"potentialAction\":[{\"@type\":\"SearchAction\",\"target\":{\"@type\":\"EntryPoint\",\"urlTemplate\":\"https:\/\/www.transtoyou.com\/pt\/?s={search_term_string}\"},\"query-input\":{\"@type\":\"PropertyValueSpecification\",\"valueRequired\":true,\"valueName\":\"search_term_string\"}}],\"inLanguage\":\"pt-PT\"},{\"@type\":\"Organization\",\"@id\":\"https:\/\/www.transtoyou.com\/pt\/#organization\",\"name\":\"Transtoyou - PT\",\"url\":\"https:\/\/www.transtoyou.com\/pt\/\",\"logo\":{\"@type\":\"ImageObject\",\"inLanguage\":\"pt-PT\",\"@id\":\"https:\/\/www.transtoyou.com\/pt\/#\/schema\/logo\/image\/\",\"url\":\"https:\/\/www.transtoyou.com\/pt\/wp-content\/uploads\/sites\/12\/2026\/01\/logo-tty-menu-bar-300x87-1.webp\",\"contentUrl\":\"https:\/\/www.transtoyou.com\/pt\/wp-content\/uploads\/sites\/12\/2026\/01\/logo-tty-menu-bar-300x87-1.webp\",\"width\":300,\"height\":87,\"caption\":\"Transtoyou - PT\"},\"image\":{\"@id\":\"https:\/\/www.transtoyou.com\/pt\/#\/schema\/logo\/image\/\"}}]}<\/script>\n<!-- \/ Yoast SEO plugin. -->","yoast_head_json":{"title":"Vermox | Tratamento Eficaz de Parasitas - Transtoyou","description":"Vermox dispon\u00edvel na Transtoyou, uma plataforma de sa\u00fade confi\u00e1vel. Compre agora para um tratamento eficaz de infec\u00e7\u00f5es parasit\u00e1rias. Acesso conveniente e seguro.","robots":{"index":"noindex","follow":"follow","max-snippet":"max-snippet:-1","max-image-preview":"max-image-preview:large","max-video-preview":"max-video-preview:-1"},"og_locale":"pt_PT","og_type":"article","og_title":"Vermox | Tratamento Eficaz de Parasitas - Transtoyou","og_description":"Vermox dispon\u00edvel na Transtoyou, uma plataforma de sa\u00fade confi\u00e1vel. Compre agora para um tratamento eficaz de infec\u00e7\u00f5es parasit\u00e1rias. Acesso conveniente e seguro.","og_url":"https:\/\/www.transtoyou.com\/pt\/product\/vermox\/","og_site_name":"Transtoyou - PT","article_modified_time":"2026-03-07T14:05:02+00:00","twitter_card":"summary_large_image","twitter_misc":{"Tempo estimado de leitura":"1 minuto"},"schema":{"@context":"https:\/\/schema.org","@graph":[{"@type":"WebPage","@id":"https:\/\/www.transtoyou.com\/pt\/product\/vermox\/","url":"https:\/\/www.transtoyou.com\/pt\/product\/vermox\/","name":"Vermox | Tratamento Eficaz de Parasitas - Transtoyou","isPartOf":{"@id":"https:\/\/www.transtoyou.com\/pt\/#website"},"primaryImageOfPage":{"@id":"https:\/\/www.transtoyou.com\/pt\/product\/vermox\/#primaryimage"},"image":{"@id":"https:\/\/www.transtoyou.com\/pt\/product\/vermox\/#primaryimage"},"thumbnailUrl":"https:\/\/www.transtoyou.com\/pt\/wp-content\/uploads\/sites\/12\/2026\/01\/tty-no-product-image-5.webp","datePublished":"2026-01-22T13:40:46+00:00","dateModified":"2026-03-07T14:05:02+00:00","description":"Vermox dispon\u00edvel na Transtoyou, uma plataforma de sa\u00fade confi\u00e1vel. Compre agora para um tratamento eficaz de infec\u00e7\u00f5es parasit\u00e1rias. Acesso conveniente e seguro.","breadcrumb":{"@id":"https:\/\/www.transtoyou.com\/pt\/product\/vermox\/#breadcrumb"},"inLanguage":"pt-PT","potentialAction":[{"@type":"ReadAction","target":["https:\/\/www.transtoyou.com\/pt\/product\/vermox\/"]}]},{"@type":"ImageObject","inLanguage":"pt-PT","@id":"https:\/\/www.transtoyou.com\/pt\/product\/vermox\/#primaryimage","url":"https:\/\/www.transtoyou.com\/pt\/wp-content\/uploads\/sites\/12\/2026\/01\/tty-no-product-image-5.webp","contentUrl":"https:\/\/www.transtoyou.com\/pt\/wp-content\/uploads\/sites\/12\/2026\/01\/tty-no-product-image-5.webp","width":1000,"height":1000,"caption":"Imagem padr\u00e3o do produto"},{"@type":"WebSite","@id":"https:\/\/www.transtoyou.com\/pt\/#website","url":"https:\/\/www.transtoyou.com\/pt\/","name":"Transtoyou - PT","description":"","publisher":{"@id":"https:\/\/www.transtoyou.com\/pt\/#organization"},"potentialAction":[{"@type":"SearchAction","target":{"@type":"EntryPoint","urlTemplate":"https:\/\/www.transtoyou.com\/pt\/?s={search_term_string}"},"query-input":{"@type":"PropertyValueSpecification","valueRequired":true,"valueName":"search_term_string"}}],"inLanguage":"pt-PT"},{"@type":"Organization","@id":"https:\/\/www.transtoyou.com\/pt\/#organization","name":"Transtoyou - PT","url":"https:\/\/www.transtoyou.com\/pt\/","logo":{"@type":"ImageObject","inLanguage":"pt-PT","@id":"https:\/\/www.transtoyou.com\/pt\/#\/schema\/logo\/image\/","url":"https:\/\/www.transtoyou.com\/pt\/wp-content\/uploads\/sites\/12\/2026\/01\/logo-tty-menu-bar-300x87-1.webp","contentUrl":"https:\/\/www.transtoyou.com\/pt\/wp-content\/uploads\/sites\/12\/2026\/01\/logo-tty-menu-bar-300x87-1.webp","width":300,"height":87,"caption":"Transtoyou - PT"},"image":{"@id":"https:\/\/www.transtoyou.com\/pt\/#\/schema\/logo\/image\/"}}]}},"_links":{"self":[{"href":"https:\/\/www.transtoyou.com\/pt\/wp-json\/wp\/v2\/product\/451","targetHints":{"allow":["GET"]}}],"collection":[{"href":"https:\/\/www.transtoyou.com\/pt\/wp-json\/wp\/v2\/product"}],"about":[{"href":"https:\/\/www.transtoyou.com\/pt\/wp-json\/wp\/v2\/types\/product"}],"replies":[{"embeddable":true,"href":"https:\/\/www.transtoyou.com\/pt\/wp-json\/wp\/v2\/comments?post=451"}],"wp:featuredmedia":[{"embeddable":true,"href":"https:\/\/www.transtoyou.com\/pt\/wp-json\/wp\/v2\/media\/453"}],"wp:attachment":[{"href":"https:\/\/www.transtoyou.com\/pt\/wp-json\/wp\/v2\/media?parent=451"}],"wp:term":[{"taxonomy":"product_brand","embeddable":true,"href":"https:\/\/www.transtoyou.com\/pt\/wp-json\/wp\/v2\/product_brand?post=451"},{"taxonomy":"product_cat","embeddable":true,"href":"https:\/\/www.transtoyou.com\/pt\/wp-json\/wp\/v2\/product_cat?post=451"},{"taxonomy":"product_tag","embeddable":true,"href":"https:\/\/www.transtoyou.com\/pt\/wp-json\/wp\/v2\/product_tag?post=451"},{"taxonomy":"expert","embeddable":true,"href":"https:\/\/www.transtoyou.com\/pt\/wp-json\/wp\/v2\/expert?post=451"}],"curies":[{"name":"wp","href":"https:\/\/api.w.org\/{rel}","templated":true}]}}